{"id":8388,"date":"2020-12-23T19:57:56","date_gmt":"2020-12-23T19:57:56","guid":{"rendered":"http:\/\/paristouristinformation.fr\/es\/?page_id=331"},"modified":"2023-08-02T10:07:12","modified_gmt":"2023-08-02T10:07:12","slug":"taxi","status":"publish","type":"page","link":"https:\/\/www.paristouristinformation.fr\/es\/plan\/transporte-publico\/taxi\/","title":{"rendered":"Los taxis en Par\u00eds: C\u00f3mo encontrar y reservar, tarifas y consejos"},"content":{"rendered":"<p>Hay 18 000 taxis regulados por la ciudad de Par\u00eds que prestan servicio en toda el \u00e1rea metropolitana de Par\u00eds.Los reconocer\u00e1 porque suelen ser lujosos coches negros con el cartel blanco \u00abTAXI PARISIEN\u00bb que se pone verde cuando est\u00e1 libre y rojo cuando est\u00e1 ocupado en su techo. En este art\u00edculo, <strong>le describiremos la mejor manera de conseguir un taxi y los consejos sobre c\u00f3mo viajar en Par\u00eds <\/strong>con los taxis f\u00e1cilmente.<\/p>\n<p>[tcb-script async=\u00bb\u00bb src=\u00bbhttps:\/\/pagead2.googlesyndication.com\/pagead\/js\/adsbygoogle.js?client=ca-pub-9068959505092710&#8243; crossorigin=\u00bbanonymous\u00bb][\/tcb-script][tcb-script]     (adsbygoogle = window.adsbygoogle || []).push({});[\/tcb-script]<\/p>\n<h2 id=\"t-1612430763404\">Tarifas de Taxi en Par\u00eds<\/h2>\n<p>Las tarifas de los taxis oficiales de Par\u00eds est\u00e1n fijadas y el precio m\u00e1ximo parte de 4,18 euros (alrededor de 7 euros si se reserva con antelaci\u00f3n). El pago se realiza con tax\u00edmetro y las tarifas no se pueden modificar ni reducir. Las horas de espera se cobran a 37 euros por hora.Es mejor que tenga dinero en efectivo, porque los servicios de tarjeta de cr\u00e9dito o d\u00e9bito no son un requisito para los taxis en Par\u00eds. Si un taxi es apto para el uso de tarjetas, podr\u00e1 ver las correspondientes pegatinas en el cristal delantero o trasero.<\/p>\n<ul>\n<li><strong>Tarifa b\u00e1sica: <\/strong>Seg\u00fan las tarifas de taxi actualmente vigentes, la tarifa b\u00e1sica es de 7,10 euros, el precio del kilometraje es de 1,12 euros por los primeros siete kil\u00f3metros y de 1,65 euros por cada kil\u00f3metro adicional. Los tiempos de espera se cobran a 37 \u20ac por hora.<\/li>\n<li><strong>Turno de noche:<\/strong> En el turno de noche puede haber un aumento de hasta el 50% de la tarifa b\u00e1sica. Sin embargo, la tarifa inicial sigue siendo de 7,10 \u20ac, pero el precio por kil\u00f3metro es de 1,35 \u20ac por cada kil\u00f3metro adicional. Los tiempos de espera se cobran a 38 \u20ac por hora.<\/li>\n<\/ul>\n<p>[tcb-script async=\u00bb\u00bb src=\u00bbhttps:\/\/pagead2.googlesyndication.com\/pagead\/js\/adsbygoogle.js?client=ca-pub-9068959505092710&#8243; crossorigin=\u00bbanonymous\u00bb][\/tcb-script][tcb-script]     (adsbygoogle = window.adsbygoogle || []).push({});[\/tcb-script]<span><img decoding=\"async\" alt=\"taxi in paris in france\" data-id=\"4577\" width=\"702\" data-init-width=\"1000\" height=\"465\" data-init-height=\"662\" title=\"taxi in paris in france\" src=\"https:\/\/paristouristinformation.fr\/es\/wp-content\/uploads\/2020\/12\/taxi-in-paris-in-france.jpg\" data-width=\"702\" data-height=\"465\" data-pinpro-key=\"jpots9phk\" loading=\"lazy\" style=\"aspect-ratio: auto 1000 \/ 662;\"><\/span><\/p>\n<h2 id=\"t-1612430763405\">Viajes a los aeropuertos de Par\u00eds en taxi<\/h2>\n<ul>\n<li><strong><em>Aeropuerto Charles de Gaulle<\/em>:&nbsp;<\/strong>53 \u20ac para la orilla derecha del r\u00edo y 58 \u20ac desde la orilla izquierda del r\u00edo. Estos precios son fijos para un viaje desde el Charles de Gaulle a Par\u00eds.<\/li>\n<li><strong>Aeropuerto de Orly: <\/strong>37 \u20ac para la orilla derecha del r\u00edo y 32 \u20ac desde la orilla izquierda del r\u00edo. M\u00e1s cerca del centro de la ciudad y m\u00e1s peque\u00f1o que el Charles de Gaulle, pero utilizado regularmente por muchas compa\u00f1\u00edas a\u00e9reas internacionales.<strong> <\/strong><\/li>\n<li><strong>Aeropuerto de Beauvais:<\/strong> Es el m\u00e1s alejado y menos utilizado con diferencia de Par\u00eds. Por eso cuesta mucho m\u00e1s que los otros dos. Puede llegar a costar 170 \u20ac de d\u00eda y 210 \u20ac de noche.<\/li>\n<\/ul>\n<h2 style=\"\" id=\"t-1685434211678\">Opciones populares de traslado desde los aeropuertos de Par\u00eds<\/h2>\n<p>[tcb-script async=\u00bb\u00bb src=\u00bbhttps:\/\/www.viator.com\/orion\/partner\/widget.js\u00bb][\/tcb-script]<\/p>\n<h2 id=\"t-1612430763406\" data-alt-text=\"Taxi Companies with Apps\">Compa\u00f1\u00edas de taxis en Par\u00eds con aplicaciones<\/h2>\n<p>Hay tres grandes aplicaciones de taxis gestionadas por empresas privadas disponibles para reservar un taxi oficial en Par\u00eds. Puede descargar G7, Taxis Bleus y Alpha Taxis para pedirlo inmediatamente o reservarlo para m\u00e1s adelante. La m\u00e1s utilizada por los parisinos es G7 con una muy buena tarifa. Aqu\u00ed est\u00e1n sus n\u00fameros oficiales :<\/p>\n<ul>\n<li><span style=\"text-decoration: underline;\">Taxis G7<\/span> : 01 47 39 47 39<\/li>\n<li><span style=\"text-decoration: underline;\">Taxis Bleus<\/span> : 08 91 70 10 10<\/li>\n<li><span style=\"text-decoration: underline;\">Alpha Taxis<\/span> : 01 45 85 85 85<\/li>\n<\/ul>\n<p>Sin embargo, la ciudad de Par\u00eds recomienda utilizar la aplicaci\u00f3n oficial de taxis creada por la ciudad llamada \u00abParis Taxis\u00bb. No recomendamos necesariamente esta opci\u00f3n porque las otras aplicaciones son mucho m\u00e1s eficientes y f\u00e1ciles de usar.Si reserva un taxi en Par\u00eds con antelaci\u00f3n, habr\u00e1 un coste b\u00e1sico adicional por la recogida.<\/p>\n<ul>\n<li><span style=\"\">\u00bfNecesita m\u00e1s informaci\u00f3n sobre las aplicaciones en Par\u00eds? Consulte nuestros consejos <a href=\"https:\/\/paristouristinformation.fr\/es\/faq\/aplicaciones\/\" target=\"_blank\" rel=\"noopener\"><strong>sobre las aplicaciones<\/strong> <\/a>m\u00f3viles que debe descargar en Par\u00eds para facilitar su viaje.<\/span><\/li>\n<\/ul>\n<h2 data-alt-text=\"Uber drivers in Paris\" id=\"t-1612430763411\">\u00bfPar\u00eds tiene Uber?<\/h2>\n<p>S\u00ed, Uber est\u00e1 activo y es bastante popular en Par\u00eds, as\u00ed como las aplicaciones Bolt y Lift. Son una forma f\u00e1cil de conseguir un conductor y un viaje en la ciudad.Uber, UberX, UberGreen, UberVan, Berline son todas clases disponibles activas en las calles de Par\u00eds. Los precios son un poco m\u00e1s altos (alrededor del 10-15 %) para los viajes b\u00e1sicos de Uber.<\/p>\n<p>[tcb-script async=\u00bb\u00bb src=\u00bbhttps:\/\/pagead2.googlesyndication.com\/pagead\/js\/adsbygoogle.js?client=ca-pub-9068959505092710&#8243; crossorigin=\u00bbanonymous\u00bb][\/tcb-script][tcb-script]     (adsbygoogle = window.adsbygoogle || []).push({});[\/tcb-script]<span><img decoding=\"async\" alt=\"\" data-id=\"4630\" width=\"702\" data-init-width=\"1000\" height=\"468\" data-init-height=\"667\" title=\"terminal taxi traveler in paris in france\" src=\"https:\/\/paristouristinformation.fr\/es\/wp-content\/uploads\/2020\/12\/terminal-taxi-traveler-in-paris-in-france.jpg\" data-width=\"702\" data-height=\"468\" data-pinpro-key=\"nwejeen4j\" loading=\"lazy\" style=\"aspect-ratio: auto 1000 \/ 667;\"><\/span><\/p>\n<h2 id=\"t-1612430763407\" data-alt-text=\"Taxi Call Stations System\">Estaciones de llamada de taxis<\/h2>\n<p>La ciudad ofrece terminales de llamada para los taxis parisinos en toda la ciudad. Son visibles en las calles de Par\u00eds, parecen farolas con el letrero \u00abTaxi\u00bb escrito en ellas. Hoy, tras importantes inversiones en 2020, hay cerca de 60 nuevas estaciones a disposici\u00f3n de los usuarios. Gracias a estas terminales, podr\u00e1 llamar a un taxi desde la calle con total seguridad y esperar a que llegue el m\u00e1s cercano.<\/p>\n<h2 id=\"t-1612430763408\">Taxis sin licencia en Par\u00eds<\/h2>\n<p>Tambi\u00e9n hay taxis y conductores sin licencia en Par\u00eds que suelen buscar a los turistas en los puntos estrat\u00e9gicos de llegada. Cobran a la gente bastante m\u00e1s que el precio normal. La mejor manera de reconocer un taxi autorizado y oficial es buscar los carteles en el techo, como se muestra en la foto. Otros dos detalles f\u00e1ciles son una placa con el n\u00famero y, por supuesto, un tax\u00edmetro que muestre la tarifa calculada.<\/p>\n<h2 id=\"t-1685434211679\">Mejore su aventura parisina con un Paris City Pass<\/h2>\n<p style=\"\">Embarcarse en un viaje por las bulliciosas calles de Par\u00eds puede resultar a veces abrumador. Sin embargo, existe una <strong>soluci\u00f3n que promete comodidad y ventajas econ\u00f3micas: un city pass para <strong>Par\u00eds<\/strong>.<\/strong> Desde la concesi\u00f3n de acceso a atracciones emblem\u00e1ticas y privilegios para saltarse la cola hasta la oferta de opciones de transporte y descuentos exclusivos, estas tarjetas urbanas son la forma perfecta de mejorar su aventura parisina.<\/p>\n<ul>\n<li><span>Consulte nuestro art\u00edculo \u00ab<a href=\"https:\/\/www.paristouristinformation.fr\/es\/mejor-city-pass-para-paris\/\" style=\"outline: none;\">Mejor City Pass para Par\u00eds | Comparar precios y actividades incluidas<\/a>\u00bb para obtener una descripci\u00f3n detallada de las opciones de pase urbano disponibles para Par\u00eds.<\/span><\/li>\n<\/ul>\n<h2 id=\"t-1612430763410\">Preguntas frecuentes<\/h2>\n<p>Only some cabs (which have the stickers of the card network such as Visa, Master, etc&#8230;) can be paid with cards.<\/p>\n<p>__CONFIG_colors_palette__{\u00abactive_palette\u00bb:0,\u00bbconfig\u00bb:{\u00abcolors\u00bb:{\u00abf8570\u00bb:{\u00abname\u00bb:\u00bbMain Accent\u00bb,\u00bbparent\u00bb:-1}},\u00bbgradients\u00bb:[]},\u00bbpalettes\u00bb:[{\u00abname\u00bb:\u00bbDefault Palette\u00bb,\u00bbvalue\u00bb:{\u00abcolors\u00bb:{\u00abf8570\u00bb:{\u00abval\u00bb:\u00bbvar(&#8211;tcb-skin-color-0)\u00bb}},\u00bbgradients\u00bb:[]},\u00bboriginal\u00bb:{\u00abcolors\u00bb:{\u00abf8570\u00bb:{\u00abval\u00bb:\u00bbrgb(19, 114, 211)\u00bb,\u00bbhsl\u00bb:{\u00abh\u00bb:210,\u00bbs\u00bb:0.83,\u00bbl\u00bb:0.45}}},\u00bbgradients\u00bb:[]}}]}__CONFIG_colors_palette__ <a href=\"http:\/\/paristouristinformation.fr\/es\/plan\/\"> <span><span>Planifique su viaje a Par\u00eds<\/span><\/span> <\/a> __CONFIG_colors_palette__{\u00abactive_palette\u00bb:0,\u00bbconfig\u00bb:{\u00abcolors\u00bb:{\u00abf8570\u00bb:{\u00abname\u00bb:\u00bbMain Accent\u00bb,\u00bbparent\u00bb:-1}},\u00bbgradients\u00bb:[]},\u00bbpalettes\u00bb:[{\u00abname\u00bb:\u00bbDefault Palette\u00bb,\u00bbvalue\u00bb:{\u00abcolors\u00bb:{\u00abf8570\u00bb:{\u00abval\u00bb:\u00bbvar(&#8211;tcb-skin-color-0)\u00bb}},\u00bbgradients\u00bb:[]},\u00bboriginal\u00bb:{\u00abcolors\u00bb:{\u00abf8570\u00bb:{\u00abval\u00bb:\u00bbrgb(19, 114, 211)\u00bb,\u00bbhsl\u00bb:{\u00abh\u00bb:210,\u00bbs\u00bb:0.83,\u00bbl\u00bb:0.45}}},\u00bbgradients\u00bb:[]}}]}__CONFIG_colors_palette__ <a href=\"http:\/\/paristouristinformation.fr\/es\/hotel\/\"> <span><span>Reserve su estancia en Par\u00eds<\/span><\/span> <\/a> [tcb-script async=\u00bb\u00bb src=\u00bbhttps:\/\/pagead2.googlesyndication.com\/pagead\/js\/adsbygoogle.js?client=ca-pub-9068959505092710&#8243; crossorigin=\u00bbanonymous\u00bb][\/tcb-script][tcb-script]     (adsbygoogle = window.adsbygoogle || []).push({});[\/tcb-script]<\/p>\n<h2 style=\"\" id=\"t-1642514601794\">Art\u00edculos relacionados:<\/h2>\n<p><a href=\"https:\/\/www.paristouristinformation.fr\/es\/plan\/charles-de-gaulle\/\" dynamic-postlink=\"tcb_post_the_permalink\" data-shortcode-id=\"8378\"><\/a><\/p>\n<h3 style=\"text-align: center; padding-top: 0px !important; margin-top: 0px !important;\"><span data-attr-link=\"1\" data-attr-rel=\"0\" data-attr-target=\"0\" data-extra_key=\"\" data-option-inline=\"1\" data-shortcode=\"tcb_post_title\" data-shortcode-name=\"Post title\" data-attr-css=\"\" data-attr-static-link=\"{&quot;className&quot;:&quot;&quot;,&quot;href&quot;:&quot;https:\/\/www.paristouristinformation.fr\/es\/plan\/charles-de-gaulle\/&quot;,&quot;title&quot;:&quot;Gu\u00eda del aeropuerto Charles de Gaulle ((CDG)): Tiendas, vuelos, traslados&quot;,&quot;class&quot;:&quot;&quot;}\" style=\"\"><a href=\"https:\/\/www.paristouristinformation.fr\/es\/plan\/charles-de-gaulle\/\" title=\"Gu\u00eda del aeropuerto Charles de Gaulle [CDG]: Tiendas, vuelos, traslados\" data-css=\"\">Gu\u00eda del aeropuerto Charles de Gaulle [CDG]: Tiendas, vuelos, traslados<\/a><\/span><\/h3>\n<p><a href=\"https:\/\/www.paristouristinformation.fr\/es\/plan\/aeropuertos\/beauvais-tille\/\" dynamic-postlink=\"tcb_post_the_permalink\" data-shortcode-id=\"8378\"><\/a><\/p>\n<h3 style=\"text-align: center; padding-top: 0px !important; margin-top: 0px !important;\"><span data-attr-link=\"1\" data-attr-rel=\"0\" data-attr-target=\"0\" data-extra_key=\"\" data-option-inline=\"1\" data-shortcode=\"tcb_post_title\" data-shortcode-name=\"Post title\" data-attr-css=\"\" data-attr-static-link=\"{&quot;className&quot;:&quot;&quot;,&quot;href&quot;:&quot;https:\/\/www.paristouristinformation.fr\/es\/plan\/charles-de-gaulle\/&quot;,&quot;title&quot;:&quot;Gu\u00eda del aeropuerto Charles de Gaulle ((CDG)): Tiendas, vuelos, traslados&quot;,&quot;class&quot;:&quot;&quot;}\" style=\"\"><a href=\"https:\/\/www.paristouristinformation.fr\/es\/plan\/aeropuertos\/beauvais-tille\/\" title=\"Gu\u00eda del aeropuerto de Par\u00eds Beauvais-Till\u00e9 [BVA]: Tiendas, vuelos, traslados\" data-css=\"\">Gu\u00eda del aeropuerto de Par\u00eds Beauvais-Till\u00e9 [BVA]: Tiendas, vuelos, traslados<\/a><\/span><\/h3>\n<p><a href=\"https:\/\/www.paristouristinformation.fr\/es\/plan\/transporte-publico\/metro\/\" dynamic-postlink=\"tcb_post_the_permalink\" data-shortcode-id=\"8378\"><\/a><\/p>\n<h3 style=\"text-align: center; padding-top: 0px !important; margin-top: 0px !important;\"><span data-attr-link=\"1\" data-attr-rel=\"0\" data-attr-target=\"0\" data-extra_key=\"\" data-option-inline=\"1\" data-shortcode=\"tcb_post_title\" data-shortcode-name=\"Post title\" data-attr-css=\"\" data-attr-static-link=\"{&quot;className&quot;:&quot;&quot;,&quot;href&quot;:&quot;https:\/\/www.paristouristinformation.fr\/es\/plan\/charles-de-gaulle\/&quot;,&quot;title&quot;:&quot;Gu\u00eda del aeropuerto Charles de Gaulle ((CDG)): Tiendas, vuelos, traslados&quot;,&quot;class&quot;:&quot;&quot;}\" style=\"\"><a href=\"https:\/\/www.paristouristinformation.fr\/es\/plan\/transporte-publico\/metro\/\" title=\"C\u00f3mo utilizar el metro en Par\u00eds: Una gu\u00eda completa\" data-css=\"\">C\u00f3mo utilizar el metro en Par\u00eds: Una gu\u00eda completa<\/a><\/span><\/h3>\n<p><a href=\"https:\/\/www.paristouristinformation.fr\/es\/alquiler-de-bicicletas-en-paris\/\" dynamic-postlink=\"tcb_post_the_permalink\" data-shortcode-id=\"8378\"><\/a><\/p>\n<h3 style=\"text-align: center; padding-top: 0px !important; margin-top: 0px !important;\"><span data-attr-link=\"1\" data-attr-rel=\"0\" data-attr-target=\"0\" data-extra_key=\"\" data-option-inline=\"1\" data-shortcode=\"tcb_post_title\" data-shortcode-name=\"Post title\" data-attr-css=\"\" data-attr-static-link=\"{&quot;className&quot;:&quot;&quot;,&quot;href&quot;:&quot;https:\/\/www.paristouristinformation.fr\/es\/plan\/charles-de-gaulle\/&quot;,&quot;title&quot;:&quot;Gu\u00eda del aeropuerto Charles de Gaulle ((CDG)): Tiendas, vuelos, traslados&quot;,&quot;class&quot;:&quot;&quot;}\" style=\"\"><a href=\"https:\/\/www.paristouristinformation.fr\/es\/alquiler-de-bicicletas-en-paris\/\" title=\"Alquilar una bicicleta en Par\u00eds: \u00bfC\u00f3mo funciona?\" data-css=\"\">Alquilar una bicicleta en Par\u00eds: \u00bfC\u00f3mo funciona?<\/a><\/span><\/h3>\n","protected":false},"excerpt":{"rendered":"<p>Hay 18 000 taxis regulados por la ciudad de Par\u00eds que prestan servicio en toda el \u00e1rea metropolitana de Par\u00eds.Los reconocer\u00e1 porque suelen ser lujosos coches negros con el cartel blanco \u00abTAXI PARISIEN\u00bb que se pone verde cuando est\u00e1 libre y rojo cuando est\u00e1 ocupado en su techo. En este art\u00edculo, le describiremos la mejor [&hellip;]<\/p>\n","protected":false},"author":10,"featured_media":6965,"parent":3806,"menu_order":0,"comment_status":"closed","ping_status":"closed","template":"","meta":{"footnotes":""},"tags":[],"class_list":["post-8388","page","type-page","status-publish","has-post-thumbnail","hentry","post-wrapper","thrv_wrapper"],"wp-worthy-pixel":{"ignored":false,"public":null,"server":null,"url":null},"wp-worthy-type":"normal","_links":{"self":[{"href":"https:\/\/www.paristouristinformation.fr\/es\/wp-json\/wp\/v2\/pages\/8388","targetHints":{"allow":["GET"]}}],"collection":[{"href":"https:\/\/www.paristouristinformation.fr\/es\/wp-json\/wp\/v2\/pages"}],"about":[{"href":"https:\/\/www.paristouristinformation.fr\/es\/wp-json\/wp\/v2\/types\/page"}],"author":[{"embeddable":true,"href":"https:\/\/www.paristouristinformation.fr\/es\/wp-json\/wp\/v2\/users\/10"}],"replies":[{"embeddable":true,"href":"https:\/\/www.paristouristinformation.fr\/es\/wp-json\/wp\/v2\/comments?post=8388"}],"version-history":[{"count":0,"href":"https:\/\/www.paristouristinformation.fr\/es\/wp-json\/wp\/v2\/pages\/8388\/revisions"}],"up":[{"embeddable":true,"href":"https:\/\/www.paristouristinformation.fr\/es\/wp-json\/wp\/v2\/pages\/3806"}],"wp:featuredmedia":[{"embeddable":true,"href":"https:\/\/www.paristouristinformation.fr\/es\/wp-json\/wp\/v2\/media\/6965"}],"wp:attachment":[{"href":"https:\/\/www.paristouristinformation.fr\/es\/wp-json\/wp\/v2\/media?parent=8388"}],"wp:term":[{"taxonomy":"post_tag","embeddable":true,"href":"https:\/\/www.paristouristinformation.fr\/es\/wp-json\/wp\/v2\/tags?post=8388"}],"curies":[{"name":"wp","href":"https:\/\/api.w.org\/{rel}","templated":true}]}}