{"id":8395,"date":"2021-01-15T12:47:49","date_gmt":"2021-01-15T12:47:49","guid":{"rendered":"http:\/\/paristouristinformation.fr\/es\/?page_id=6032"},"modified":"2023-05-11T12:25:06","modified_gmt":"2023-05-11T12:25:06","slug":"parc-asterix","status":"publish","type":"page","link":"https:\/\/www.paristouristinformation.fr\/es\/cosas-que-hacer\/atracciones\/parc-asterix\/","title":{"rendered":"Parque tem\u00e1tico Ast\u00e9rix en Par\u00eds: Entradas, atracciones e informaci\u00f3n"},"content":{"rendered":"<p>El Parque Ast\u00e9rix es el segundo parque tem\u00e1tico m\u00e1s grande de Par\u00eds, despu\u00e9s de <a href=\"https:\/\/paristouristinformation.fr\/es\/cosas-que-hacer\/disneyland\/\" target=\"_blank\" style=\"outline: none;\" rel=\"noopener\"><strong>Disneyland Par\u00eds<\/strong><\/a>. Est\u00e1 situado a unos 40 kil\u00f3metros al noreste de Par\u00eds y es el lugar favorito de los ni\u00f1os para pasar un d\u00eda entero de diversi\u00f3n en primavera y verano.Con una superficie enorme, el Parque Ast\u00e9rix espera a sus visitantes de todas las edades para que se trasladen a la \u00e9poca romana, paseen por la aldea de los galos y conozcan a los populares personajes de c\u00f3mic del mismo nombre que el parque. Aunque el tema del parque es muy com\u00fan para los franceses, podr\u00e1 descubrir todo un mundo nuevo que personifica a los antepasados de los franceses, con un toque de humor.La ventaja de este parque es que es muy divertido tanto para los j\u00f3venes como para los padres y tiene muchos juegos de agua y atractivos espect\u00e1culos que ning\u00fan otro parque tiene en Par\u00eds. Definitivamente, merece la pena visitar Ast\u00e9rix durante un d\u00eda c\u00e1lido. Aqu\u00ed tiene toda la informaci\u00f3n \u00fatil que necesita saber sobre el lugar.<\/p>\n<p><span><img decoding=\"async\" alt=\"\" data-id=\"7496\" width=\"702\" data-init-width=\"1000\" height=\"470\" data-init-height=\"670\" title=\"Parc D'Asterix in Paris in France\" src=\"https:\/\/paristouristinformation.fr\/es\/wp-content\/uploads\/2021\/02\/Parc-DAsterix-in-Paris-in-France.jpg\" data-width=\"702\" data-height=\"470\" style=\"\" data-pin-media=\"https:\/\/paristouristinformation.fr\/es\/wp-content\/uploads\/2021\/03\/prag_50_sehenswuerdigkeiten_pinterest-14.jpg\" data-pin-description=\"Visit the theme amusement and water park Asterix in Paris and enjoy a full day of fun with your children. Learn about tickets, information and attractions.\" data-pin-url=\"https:\/\/paristouristinformation.fr\/es\/things-to-do\/attractions\/parc-asterix\/?tve=true&amp;tcbf=dae1f43835\" loading=\"lazy\"><\/span><\/p>\n<ul>\n<li><a rel=\"noreferrer noopener nofollow\" href=\"https:\/\/pinterest.com\/pin\/create\/button\/?url=https:\/\/paristouristinformation.fr\/es\/cosas-que-hacer\/atracciones\/parc-asterix\/?tve=true&amp;tcbf=7d178fa517&amp;is_video=false&amp;media=https:\/\/paristouristinformation.fr\/es\/wp-content\/uploads\/2021\/03\/prag_50_sehenswuerdigkeiten_pinterest-14.jpg&amp;description=Visit%20the%20theme%20amusement%20and%20water%20park%20Asterix%20in%20Paris%20and%20enjoy%20a%20full%20day%20of%20fun%20with%20your%20children.%20Learn%20about%20tickets%2C%20information%20and%20attractions.\" onclick=\"essb.window('https:\/\/pinterest.com\/pin\/create\/button\/?url=https:\/\/paristouristinformation.fr\/es\/cosas-que-hacer\/atracciones\/parc-asterix\/?tve=true&amp;tcbf=7d178fa517&amp;is_video=false&amp;media=https:\/\/paristouristinformation.fr\/es\/wp-content\/uploads\/2021\/03\/prag_50_sehenswuerdigkeiten_pinterest-14.jpg&amp;description=Visit%20the%20theme%20amusement%20and%20water%20park%20Asterix%20in%20Paris%20and%20enjoy%20a%20full%20day%20of%20fun%20with%20your%20children.%20Learn%20about%20tickets%2C%20information%20and%20attractions.','pinpro','kyu7xyxb'); return false;\" target=\"_blank\"><span><\/span><span>Pin<\/span><\/a><\/li>\n<\/ul>\n<h2 id=\"t-1610539832044\" style=\"\">\u00bfQu\u00e9 puedo hacer en el Parque Ast\u00e9rix?<\/h2>\n<p>Parc Ast\u00e9rix es un parque dise\u00f1ado en un concepto en el que se pueden ver todos los personajes de Ast\u00e9rix, incluidos Ast\u00e9rix, Ob\u00e9lix, Panoramix, Cacophonix, Mimina y el resto de su compa\u00f1\u00eda. Un d\u00eda m\u00e1gico en el parque espera a los visitantes con su concepto \u00fanico como viajar en la aldea de los galos en los a\u00f1os del Imperio Romano.El parque se compone de varios parques de atracciones, zonas de juego y pistas. El Parque Ast\u00e9rix cuenta con un total de 39 atracciones diferentes. Es posible ver a muchos adultos, ya que el parque tiene muchas atracciones emocionantes, monta\u00f1as rusas impresionantes para ellos. Una de ellas es la mayor monta\u00f1a rusa de madera de Europa, la Tonnerre de Zeus. Por ello, ser\u00eda una idea equivocada tomar el Parc Asterix exclusivamente para ni\u00f1os.Los visitantes pueden pasear por la aldea gala, disfrutar de los espect\u00e1culos y hacerse las mejores fotograf\u00edas con los populares personajes del c\u00f3mic.<\/p>\n<p style=\"\"><strong>Hay diferentes mundos en el parque, <\/strong>cada uno tiene su propia decoraci\u00f3n especial y muchas atracciones :<strong><\/strong><\/p>\n<ul>\n<li>Galatia, la famosa aldea de Ast\u00e9rix y Ob\u00e9lix<\/li>\n<li>El Imperio Romano<\/li>\n<li>La antigua Grecia<\/li>\n<li>Egipto<\/li>\n<li>El pueblo de los vikingos<\/li>\n<li>Viaje en el tiempo<\/li>\n<\/ul>\n<p>El Pass Rapidus es un pase sin colas muy \u00fatil si quiere probar todas las atracciones principales en un solo d\u00eda. De lo contrario, podr\u00eda esperar en la larga cola para cada una de ellas y tener problemas para montar en todas, especialmente durante la temporada alta. Tenga en cuenta que si compra el pase por Internet, obtendr\u00e1 un precio especial.<\/p>\n<div class=\"tcb-post-list tve-content-list empty-list thrv_wrapper\" data-type=\"grid\" data-pagination-type=\"none\" data-pages_near_current=\"2\" data-css=\"tve-u-1778c1aa8dc\" data-total_post_count=\"0\" data-total_sticky_count=\"0\" data-no_posts_text=\"There are no posts to display.\"><article id=\"post-8395\" class=\"post-8395 page type-page status-publish has-post-thumbnail hentry post-wrapper thrv_wrapper thrive-animated-item \" tcb_hover_state_parent=\"\" shortcode=\"tcb_post_list\" data-id=\"8395\" data-selector=\".post-wrapper\"><style class=\"tcb-post-list-dynamic-style\" type=\"text\/css\"><\/style><\/p>\n<h3 style=\"\"><span data-attr-link=\"1\" data-attr-rel=\"0\" data-attr-target=\"0\" data-extra_key=\"\" data-option-inline=\"1\" data-shortcode=\"tcb_post_title\" data-shortcode-name=\"Post title\" data-attr-css=\"\" style=\"\" data-attr-static-link=\"{&quot;className&quot;:&quot;tve-froala fr-basic&quot;,&quot;href&quot;:&quot;#&quot;,&quot;title&quot;:&quot;Parque tem\u00e1tico Ast\u00e9rix en Par\u00eds: Entradas, atracciones e informaci\u00f3n&quot;,&quot;class&quot;:&quot;tve-froala fr-basic&quot;}\"><a href=\"https:\/\/www.paristouristinformation.fr\/es\/cosas-que-hacer\/atracciones\/parc-asterix\/\" title=\"Parque tem\u00e1tico Ast\u00e9rix en Par\u00eds: Entradas, atracciones e informaci\u00f3n\" data-css=\"\" class=\"tve-froala fr-basic\">Parque tem\u00e1tico Ast\u00e9rix en Par\u00eds: Entradas, atracciones e informaci\u00f3n<\/a><\/span><\/h3>\n<p><\/article><\/div>\n<h2 id=\"t-1610539832045\" style=\"\">Entrada, billetes y visitas<\/h2>\n<p><strong>Importante: <\/strong>En los billetes se indica que \u00abel acceso no est\u00e1 garantizado en las horas punta\u00bb. Esto es algo con lo que hay que tener mucho cuidado durante la temporada alta. En caso de cierre debido a un gran n\u00famero de visitantes, ning\u00fan billete tiene prioridad. Aunque los cierres son poco frecuentes, suelen producirse los domingos. Por ello, se recomienda llegar al parque antes de las 10 de la ma\u00f1ana.<\/p>\n<ul>\n<li><span style=\"\"><strong>Entrada :<\/strong> Un d\u00eda t\u00edpico va de 10 a 18 horas, excepto los d\u00edas con horario ampliado.<\/span><\/li>\n<li style=\"\"><span style=\"\"><strong>Entradas : <\/strong>Hay precios reducidos para los mayores de 6 a\u00f1os. Adem\u00e1s, un ni\u00f1o menor de 12 a\u00f1os va gratis con cada adulto que pague el precio completo.<\/span><\/li>\n<li><span>Obtenga su<em>&nbsp;<\/em><strong><em>entrada en l\u00ednea para el Parque Ast\u00e9rix<\/em>&nbsp;<\/strong>con antelaci\u00f3n<\/span><\/li>\n<\/ul>\n<h2 id=\"t-1610539832046\">\u00bfC\u00f3mo llegar al Parque Ast\u00e9rix?<\/h2>\n<p><strong>Lanzaderas : <\/strong>Lamentablemente, no es posible llegar al parque directamente en RER o en tren de cercan\u00edas como se hace con Disneylandia, pero puede tomar una de estas opciones de lanzadera. Hay una lanzadera que sale del centro de Par\u00eds y otra del aeropuerto Charles de Gaulle. El viaje en lanzadera cuesta 16 euros por persona. Consulte los detalles sobre las opciones de <a href=\"https:\/\/www.navettes-parcasterix.com\/en\" target=\"_blank\" style=\"outline: none;\" rel=\"noopener nofollow\">transporte a Ast\u00e9rix aqu\u00ed.<\/a><strong><\/strong><\/p>\n<p><strong>Indicaciones para los veh\u00edculos privados :<\/strong> Al avanzar en direcci\u00f3n a Lille, pasar\u00e1 primero por el aeropuerto Charles de Gaulle, luego entrar\u00e1 en la autopista de peaje y tomar\u00e1 la salida Parc Ast\u00e9rix. La autopista entre Par\u00eds y Parc Ast\u00e9rix es gratuita. Hay una tarifa de aparcamiento de 15 euros.<\/p>\n<h2 id=\"t-1610539832050\" style=\"\">Preguntas frecuentes<\/h2>\n<h2 id=\"t-1610539832048\" style=\"\">Historia del Parque Ast\u00e9rix<\/h2>\n<p style=\"\">El Parque Ast\u00e9rix est\u00e1 situado a s\u00f3lo 30 kil\u00f3metros al norte de Par\u00eds, en el bosque de Plailly, en Oise.Ast\u00e9rix y Ob\u00e9lix son los protagonistas de las novelas gr\u00e1ficas m\u00e1s famosas de Europa, escritas por Albert Uderzo y Ren\u00e9 Goscinny en 1959. Los c\u00f3mics de Ast\u00e9rix est\u00e1n traducidos a 15 idiomas y han vendido m\u00e1s de 350 millones de ejemplares. Albert Uderzo fue la primera persona que tuvo la idea de construir un parque tem\u00e1tico sobre el tema de Ast\u00e9rix a principios de 1981. Debido a los problemas econ\u00f3micos tras las elecciones presidenciales, el proyecto se retras\u00f3.El parque abri\u00f3 sus puertas por primera vez el 30 de abril de 1989 y en la actualidad cuenta con 39 atracciones diferentes, adem\u00e1s de otras instalaciones. El parque fue dise\u00f1ado en seis a\u00f1os por dos arquitectos, Michel Kalt y Jean-Michel Ruols, junto con seis dise\u00f1adores y los colaboradores del d\u00fao Goscinny-Uderzo.Es uno de los parques tem\u00e1ticos de Europa que ha recibido el premio Thea de la Asociaci\u00f3n de Entretenimiento Tem\u00e1tico.El parque est\u00e1 dise\u00f1ado para acoger a 15 000 personas al d\u00eda, y se esperan dos millones de visitantes en el a\u00f1o de su inauguraci\u00f3n. En la actualidad, el Parque Ast\u00e9rix recibe una media de 1,8 millones de visitantes al a\u00f1o, lo que lo sit\u00faa en la segunda posici\u00f3n de los mejores parques tem\u00e1ticos de Par\u00eds despu\u00e9s de <a href=\"https:\/\/paristouristinformation.fr\/es\/cosas-que-hacer\/disneyland\/\" target=\"_blank\" rel=\"noopener\"><strong>Disneyland Par\u00eds.<\/strong><\/a><\/p>\n<h2 id=\"t-1610539832049\" style=\"\" data-alt-text=\"Contact\">Contacto y mapa<\/h2>\n<ul>\n<li><span style=\"\"><strong>Direcci\u00f3n: <\/strong>60128 Plailly, Par\u00eds<\/span><\/li>\n<li><span style=\"\"><strong>Horario de apertura:&nbsp;<\/strong><a href=\"https:\/\/www.parcasterix.fr\/en\" target=\"_blank\" style=\"outline: none;\" rel=\"noopener nofollow\">www.parcasterix.fr\/en<\/a><\/span><\/li>\n<li><span style=\"\"><strong>Transporte p\u00fablico: <\/strong>Lanzaderas desde el aeropuerto Charles de Gaulle y el centro de Par\u00eds<\/span><\/li>\n<li style=\"\"><span style=\"\"><strong>P\u00e1gina web:&nbsp;<\/strong><a href=\"https:\/\/www.parcasterix.fr\/en\" target=\"_blank\" style=\"outline: none;\" rel=\"noopener nofollow\">www.parcasterix.fr\/en<\/a><\/span><\/li>\n<\/ul>\n<p>Si est\u00e1 planeando su viaje a Par\u00eds ahora mismo, puede beneficiarse de nuestras ofertas en nuestra tienda oficial de <em><strong>entradas de Par\u00eds.<\/strong><\/em> Tenemos grandes y pr\u00e1cticas ofertas con entradas sin cola para todos los parques y <a href=\"https:\/\/paristouristinformation.fr\/es\/cosas-que-hacer\/museo\/\" target=\"_blank\" rel=\"noopener\"><strong>museos importantes de Par\u00eds<\/strong>. <\/a>Disfrute de un viaje f\u00e1cil a Par\u00eds.<\/p>\n<h2 style=\"\" id=\"t-1640007877469\">Visitas y entradas a Par\u00eds<\/h2>\n<p style=\"text-align: left;\">Descubra Par\u00eds hoy mismo con las visitas y entradas m\u00e1s preferidas sin tener que hacer cola.<\/p>\n<h2 style=\"\" id=\"t-1640007877468\">Art\u00edculos relacionados:<\/h2>\n<div class=\"tcb-post-list tve-content-list thrv_wrapper\" data-type=\"grid\" data-pagination-type=\"none\" data-pages_near_current=\"2\" data-css=\"tve-u-17dd8272369\" data-total_post_count=\"4\" data-total_sticky_count=\"0\" data-no_posts_text=\"There are no posts to display.\"><article id=\"post-8370\" class=\"post-8370 page type-page status-publish has-post-thumbnail hentry post-wrapper thrv_wrapper thrive-animated-item  tve_evt_manager_listen tve_ea_thrive_animation tve_et_mouseover tve_anim_grow\" tcb_hover_state_parent=\"\" class=\"tve_evt_manager_listen tve_ea_thrive_animation tve_et_mouseover tve_anim_grow\" data-id=\"8370\" data-selector=\".post-wrapper\"><style class=\"tcb-post-list-dynamic-style\" type=\"text\/css\">@media (min-width: 300px){[].tcb-post-list #post-8370 []{background-image: url(\u00abhttps:\/\/www.paristouristinformation.fr\/es\/wp-content\/uploads\/2021\/01\/Parkings-in-Paris-in-France-1024x538.jpg\u00ab) !important;}[].tcb-post-list #post-8370 []:hover []{background-image: url(\u00abhttps:\/\/www.paristouristinformation.fr\/es\/wp-content\/uploads\/2021\/01\/Parkings-in-Paris-in-France-1024x538.jpg\u00ab) !important;}}<\/style><a href=\"https:\/\/www.paristouristinformation.fr\/es\/plan\/transporte-publico\/aparcamiento\/\" dynamic-postlink=\"tcb_post_the_permalink\" data-shortcode-id=\"8370\"><\/a><\/p>\n<h3 style=\"text-align: center; padding-top: 0px !important; margin-top: 0px !important;\"><span data-attr-link=\"1\" data-attr-rel=\"0\" data-attr-target=\"0\" data-extra_key=\"\" data-option-inline=\"1\" data-shortcode=\"tcb_post_title\" data-shortcode-name=\"Post title\" data-attr-css=\"\" data-attr-static-link=\"{&quot;className&quot;:&quot;tve-froala fr-basic&quot;,&quot;href&quot;:&quot;https:\/\/paristouristinformation.fr\/es\/plan\/transporte-publico\/aparcamiento\/&quot;,&quot;title&quot;:&quot;Aparcamiento en Par\u00eds: \u00bfD\u00f3nde aparcar y cu\u00e1nto cuesta?&quot;,&quot;class&quot;:&quot;tve-froala fr-basic&quot;}\" style=\"\"><a href=\"https:\/\/www.paristouristinformation.fr\/es\/plan\/transporte-publico\/aparcamiento\/\" title=\"Aparcamiento en Par\u00eds: \u00bfD\u00f3nde aparcar y cu\u00e1nto cuesta?\" data-css=\"\" class=\"tve-froala fr-basic\">Aparcamiento en Par\u00eds: \u00bfD\u00f3nde aparcar y cu\u00e1nto cuesta?<\/a><\/span><\/h3>\n<p><\/article><article id=\"post-4347\" class=\"post-4347 page type-page status-publish has-post-thumbnail hentry post-wrapper thrv_wrapper thrive-animated-item  tve_evt_manager_listen tve_ea_thrive_animation tve_et_mouseover tve_anim_grow\" tcb_hover_state_parent=\"\" class=\"tve_evt_manager_listen tve_ea_thrive_animation tve_et_mouseover tve_anim_grow\" data-id=\"4347\" data-selector=\".post-wrapper\"><style class=\"tcb-post-list-dynamic-style\" type=\"text\/css\">@media (min-width: 300px){[].tcb-post-list #post-4347 []{background-image: url(\u00abhttps:\/\/www.paristouristinformation.fr\/es\/wp-content\/uploads\/2020\/12\/Tuiliers-Garden-in-Paris-in-France-1024x538.jpg\u00ab) !important;}[].tcb-post-list #post-4347 []:hover []{background-image: url(\u00abhttps:\/\/www.paristouristinformation.fr\/es\/wp-content\/uploads\/2020\/12\/Tuiliers-Garden-in-Paris-in-France-1024x538.jpg\u00ab) !important;}}<\/style><a href=\"https:\/\/www.paristouristinformation.fr\/es\/cosas-que-hacer\/parques\/\" dynamic-postlink=\"tcb_post_the_permalink\" data-shortcode-id=\"8370\"><\/a><\/p>\n<h3 style=\"text-align: center; padding-top: 0px !important; margin-top: 0px !important;\"><span data-attr-link=\"1\" data-attr-rel=\"0\" data-attr-target=\"0\" data-extra_key=\"\" data-option-inline=\"1\" data-shortcode=\"tcb_post_title\" data-shortcode-name=\"Post title\" data-attr-css=\"\" data-attr-static-link=\"{&quot;className&quot;:&quot;tve-froala fr-basic&quot;,&quot;href&quot;:&quot;https:\/\/paristouristinformation.fr\/es\/plan\/transporte-publico\/aparcamiento\/&quot;,&quot;title&quot;:&quot;Aparcamiento en Par\u00eds: \u00bfD\u00f3nde aparcar y cu\u00e1nto cuesta?&quot;,&quot;class&quot;:&quot;tve-froala fr-basic&quot;}\" style=\"\"><a href=\"https:\/\/www.paristouristinformation.fr\/es\/cosas-que-hacer\/parques\/\" title=\"10 Mejores parques y jardines de Par\u00eds\" data-css=\"\" class=\"tve-froala fr-basic\">10 Mejores parques y jardines de Par\u00eds<\/a><\/span><\/h3>\n<p><\/article><article id=\"post-6225\" class=\"post-6225 page type-page status-publish has-post-thumbnail hentry post-wrapper thrv_wrapper thrive-animated-item  tve_evt_manager_listen tve_ea_thrive_animation tve_et_mouseover tve_anim_grow\" tcb_hover_state_parent=\"\" class=\"tve_evt_manager_listen tve_ea_thrive_animation tve_et_mouseover tve_anim_grow\" data-id=\"6225\" data-selector=\".post-wrapper\"><style class=\"tcb-post-list-dynamic-style\" type=\"text\/css\">@media (min-width: 300px){[].tcb-post-list #post-6225 []{background-image: url(\u00abhttps:\/\/www.paristouristinformation.fr\/es\/wp-content\/uploads\/2021\/03\/Visit-Cite-des-Sciences-et-de-lIndustrie-Museum-in-Paris-1024x538.jpg\u00ab) !important;}[].tcb-post-list #post-6225 []:hover []{background-image: url(\u00abhttps:\/\/www.paristouristinformation.fr\/es\/wp-content\/uploads\/2021\/03\/Visit-Cite-des-Sciences-et-de-lIndustrie-Museum-in-Paris-1024x538.jpg\u00ab) !important;}}<\/style><a href=\"https:\/\/www.paristouristinformation.fr\/es\/cosas-que-hacer\/museo\/cite-des-sciences-et-de-lindustrie\/\" dynamic-postlink=\"tcb_post_the_permalink\" data-shortcode-id=\"8370\"><\/a><\/p>\n<h3 style=\"text-align: center; padding-top: 0px !important; margin-top: 0px !important;\"><span data-attr-link=\"1\" data-attr-rel=\"0\" data-attr-target=\"0\" data-extra_key=\"\" data-option-inline=\"1\" data-shortcode=\"tcb_post_title\" data-shortcode-name=\"Post title\" data-attr-css=\"\" data-attr-static-link=\"{&quot;className&quot;:&quot;tve-froala fr-basic&quot;,&quot;href&quot;:&quot;https:\/\/paristouristinformation.fr\/es\/plan\/transporte-publico\/aparcamiento\/&quot;,&quot;title&quot;:&quot;Aparcamiento en Par\u00eds: \u00bfD\u00f3nde aparcar y cu\u00e1nto cuesta?&quot;,&quot;class&quot;:&quot;tve-froala fr-basic&quot;}\" style=\"\"><a href=\"https:\/\/www.paristouristinformation.fr\/es\/cosas-que-hacer\/museo\/cite-des-sciences-et-de-lindustrie\/\" title=\"Visitar el Museo de la Ciudad de las Ciencias y de la Industria en Par\u00eds: Entradas &amp; Consejos\" data-css=\"\" class=\"tve-froala fr-basic\">Visitar el Museo de la Ciudad de las Ciencias y de la Industria en Par\u00eds: Entradas &amp; Consejos<\/a><\/span><\/h3>\n<p><\/article><article id=\"post-6886\" class=\"post-6886 page type-page status-publish has-post-thumbnail hentry post-wrapper thrv_wrapper thrive-animated-item  tve_evt_manager_listen tve_ea_thrive_animation tve_et_mouseover tve_anim_grow\" tcb_hover_state_parent=\"\" class=\"tve_evt_manager_listen tve_ea_thrive_animation tve_et_mouseover tve_anim_grow\" data-id=\"6886\" data-selector=\".post-wrapper\"><style class=\"tcb-post-list-dynamic-style\" type=\"text\/css\">@media (min-width: 300px){[].tcb-post-list #post-6886 []{background-image: url(\u00abhttps:\/\/www.paristouristinformation.fr\/es\/wp-content\/uploads\/2021\/02\/Tour-de-Montparnasse-in-Paris-in-France-1024x538.jpg\u00ab) !important;}[].tcb-post-list #post-6886 []:hover []{background-image: url(\u00abhttps:\/\/www.paristouristinformation.fr\/es\/wp-content\/uploads\/2021\/02\/Tour-de-Montparnasse-in-Paris-in-France-1024x538.jpg\u00ab) !important;}}<\/style><a href=\"https:\/\/www.paristouristinformation.fr\/es\/cosas-que-hacer\/atracciones\/torre-montparnasse\/\" dynamic-postlink=\"tcb_post_the_permalink\" data-shortcode-id=\"8370\"><\/a><\/p>\n<h3 style=\"text-align: center; padding-top: 0px !important; margin-top: 0px !important;\"><span data-attr-link=\"1\" data-attr-rel=\"0\" data-attr-target=\"0\" data-extra_key=\"\" data-option-inline=\"1\" data-shortcode=\"tcb_post_title\" data-shortcode-name=\"Post title\" data-attr-css=\"\" data-attr-static-link=\"{&quot;className&quot;:&quot;tve-froala fr-basic&quot;,&quot;href&quot;:&quot;https:\/\/paristouristinformation.fr\/es\/plan\/transporte-publico\/aparcamiento\/&quot;,&quot;title&quot;:&quot;Aparcamiento en Par\u00eds: \u00bfD\u00f3nde aparcar y cu\u00e1nto cuesta?&quot;,&quot;class&quot;:&quot;tve-froala fr-basic&quot;}\" style=\"\"><a href=\"https:\/\/www.paristouristinformation.fr\/es\/cosas-que-hacer\/atracciones\/torre-montparnasse\/\" title=\"Torre de Montparnasse en Par\u00eds: historia, datos y entradas a la cima\" data-css=\"\" class=\"tve-froala fr-basic\">Torre de Montparnasse en Par\u00eds: historia, datos y entradas a la cima<\/a><\/span><\/h3>\n<p><\/article><\/div>\n","protected":false},"excerpt":{"rendered":"<p>El Parque Ast\u00e9rix es el segundo parque tem\u00e1tico m\u00e1s grande de Par\u00eds, despu\u00e9s de Disneyland Par\u00eds. Est\u00e1 situado a unos 40 kil\u00f3metros al noreste de Par\u00eds y es el lugar favorito de los ni\u00f1os para pasar un d\u00eda entero de diversi\u00f3n en primavera y verano.Con una superficie enorme, el Parque Ast\u00e9rix espera a sus visitantes [&hellip;]<\/p>\n","protected":false},"author":10,"featured_media":10346,"parent":2930,"menu_order":0,"comment_status":"closed","ping_status":"closed","template":"","meta":{"footnotes":""},"tags":[],"class_list":{"0":"post-8395","1":"page","2":"type-page","3":"status-publish","4":"has-post-thumbnail","5":"hentry","6":"post-wrapper","7":"thrv_wrapper","10":"thrive-animated-item"},"wp-worthy-pixel":{"ignored":false,"public":null,"server":null,"url":null},"wp-worthy-type":"normal","_links":{"self":[{"href":"https:\/\/www.paristouristinformation.fr\/es\/wp-json\/wp\/v2\/pages\/8395","targetHints":{"allow":["GET"]}}],"collection":[{"href":"https:\/\/www.paristouristinformation.fr\/es\/wp-json\/wp\/v2\/pages"}],"about":[{"href":"https:\/\/www.paristouristinformation.fr\/es\/wp-json\/wp\/v2\/types\/page"}],"author":[{"embeddable":true,"href":"https:\/\/www.paristouristinformation.fr\/es\/wp-json\/wp\/v2\/users\/10"}],"replies":[{"embeddable":true,"href":"https:\/\/www.paristouristinformation.fr\/es\/wp-json\/wp\/v2\/comments?post=8395"}],"version-history":[{"count":0,"href":"https:\/\/www.paristouristinformation.fr\/es\/wp-json\/wp\/v2\/pages\/8395\/revisions"}],"up":[{"embeddable":true,"href":"https:\/\/www.paristouristinformation.fr\/es\/wp-json\/wp\/v2\/pages\/2930"}],"wp:featuredmedia":[{"embeddable":true,"href":"https:\/\/www.paristouristinformation.fr\/es\/wp-json\/wp\/v2\/media\/10346"}],"wp:attachment":[{"href":"https:\/\/www.paristouristinformation.fr\/es\/wp-json\/wp\/v2\/media?parent=8395"}],"wp:term":[{"taxonomy":"post_tag","embeddable":true,"href":"https:\/\/www.paristouristinformation.fr\/es\/wp-json\/wp\/v2\/tags?post=8395"}],"curies":[{"name":"wp","href":"https:\/\/api.w.org\/{rel}","templated":true}]}}