{"id":8399,"date":"2021-01-29T12:06:21","date_gmt":"2021-01-29T12:06:21","guid":{"rendered":"http:\/\/paristouristinformation.fr\/es\/?page_id=6888"},"modified":"2023-10-05T08:26:01","modified_gmt":"2023-10-05T08:26:01","slug":"aplicaciones","status":"publish","type":"page","link":"https:\/\/www.paristouristinformation.fr\/es\/faq\/aplicaciones\/","title":{"rendered":"Las 12 mejores aplicaciones de viaje para visitar Par\u00eds: Transporte, descubrimiento, consejos"},"content":{"rendered":"<p>Si viaja una o varias veces al a\u00f1o, ya sabe que los mejores amigos de los viajeros son ahora su tel\u00e9fono. Este peque\u00f1o aparato resulta tan pr\u00e1ctico en un pa\u00eds extranjero, casi imprescindible. Su primera utilidad es ayudarte a localizar y dirigirte como un local, en lugares en los que nunca has estado. Pero eso no es todo. Hoy en d\u00eda, hay miles de aplicaciones dedicadas a ayudarte a viajar m\u00e1s f\u00e1cilmente de diferentes maneras: localizar restaurantes o caminos para caminar, encontrar WIFI o ba\u00f1os gratuitos, pedir comida, ponerse en contacto con amigos locales, organizar el transporte&#8230; Incluso las propias ciudades desarrollan apps para ayudar a los visitantes en su experiencia.En este art\u00edculo, hemos recopilado algunas de las 10 mejores aplicaciones para m\u00f3viles que ser\u00eda \u00fatil descargar antes de su viaje a Par\u00eds. \u00c9cheles un vistazo y d\u00edganos cu\u00e1les le parecen vitales para tener en su tel\u00e9fono.<\/p>\n<h2 id=\"t-1610539832044\" style=\"\">1. RATP&nbsp;<\/h2>\n<p><span><img decoding=\"async\" alt=\"How to Use the Metro in Paris\" data-id=\"6704\" width=\"702\" data-init-width=\"1200\" height=\"369\" data-init-height=\"630\" title=\"How to Use the Metro in Paris\" src=\"https:\/\/paristouristinformation.fr\/es\/wp-content\/uploads\/2021\/01\/How-to-Use-the-Metro-in-Paris.jpg\" data-width=\"702\" data-height=\"369\" style=\"aspect-ratio: auto 1200 \/ 630;\" data-pin-media=\"https:\/\/paristouristinformation.fr\/es\/wp-content\/uploads\/2021\/03\/prag_50_sehenswuerdigkeiten_pinterest-33-1.jpg\" data-pin-description=\"Apps are your best friends during your travel to Paris. Discover the best apps to help you during your visit to Paris : Discovery, location, tips, audioguide...\" data-pin-url=\"https:\/\/paristouristinformation.fr\/es\/faq\/apps\/?tve=true&amp;tcbf=e43db02853\" loading=\"lazy\"><\/span><\/p>\n<p style=\"\">La RATP es la aplicaci\u00f3n de transporte de la principal empresa de transporte de Par\u00eds. Ayuda a comprobar los horarios y las pr\u00f3ximas salidas en su entorno cuando est\u00e1 en Par\u00eds. Le permite planificar su ruta, ver los tiempos de tr\u00e1nsito en tiempo real, recibir alertas en caso de interrupci\u00f3n de sus l\u00edneas (lo que ocurre m\u00e1s a menudo de lo que pensamos) y ver todos los mapas de la red RATP. Puede encontrar toda la informaci\u00f3n sobre sus modos de transporte RER, Metro, Autob\u00fas, Tranv\u00eda, Transilien. Le da la informaci\u00f3n sobre la densidad de los viajes en su ruta.<\/p>\n<ul>\n<li><a href=\"https:\/\/www.ratp.fr\/en\/apps\/ratp-app\" target=\"_blank\" style=\"outline: none;\" rel=\"noopener nofollow\">Descargar la RATP<\/a><\/li>\n<\/ul>\n<h2 id=\"t-1612952994009\" style=\"\"><b>2. City Mapper<\/b><\/h2>\n<p style=\"\">City mapper es una magn\u00edfica aplicaci\u00f3n gratuita que le proporciona la comodidad de deambular por la ciudad como si no fuera un forastero, sino un lugare\u00f1o. Esta aplicaci\u00f3n le evitar\u00e1 confusiones cuando tenga que llegar a alg\u00fan lugar de Par\u00eds, ya sea en veh\u00edculo o a pie. Le gu\u00eda hasta la estaci\u00f3n a la que tiene que subir y le indica al cabo de cu\u00e1ntos minutos llegar\u00e1 el veh\u00edculo, en qu\u00e9 parada se encuentra y cu\u00e1ntas paradas le quedan. Es una de las aplicaciones m\u00e1s utilizadas en el mundo para viajar.<\/p>\n<ul>\n<li><a href=\"https:\/\/citymapper.com\/paris?lang=en\" target=\"_blank\" style=\"outline: none;\" rel=\"noopener nofollow\">Descargar City Mapper<\/a><\/li>\n<\/ul>\n<h2 id=\"t-1612952994010\" style=\"\"><b>3.&nbsp;<b>Your Mobile Guide<\/b><\/b><\/h2>\n<p><span><img decoding=\"async\" alt=\"Your Mobile App Website Visual - AudioGuide Paris\" data-id=\"7582\" width=\"702\" data-init-width=\"1053\" height=\"401\" data-init-height=\"602\" title=\"Your Mobile App Website Visual - AudioGuide Paris\" src=\"https:\/\/paristouristinformation.fr\/es\/wp-content\/uploads\/2021\/02\/Your-Mobile-App-Website-Visual-AudioGuide-Paris.png\" data-width=\"702\" data-height=\"401\" style=\"aspect-ratio: auto 1053 \/ 602;\" data-pin-media=\"https:\/\/paristouristinformation.fr\/es\/wp-content\/uploads\/2021\/03\/prag_50_sehenswuerdigkeiten_pinterest-33-1.jpg\" data-pin-description=\"Apps are your best friends during your travel to Paris. Discover the best apps to help you during your visit to Paris : Discovery, location, tips, audioguide...\" data-pin-url=\"https:\/\/paristouristinformation.fr\/es\/faq\/apps\/?tve=true&amp;tcbf=e43db02853\" loading=\"lazy\"><\/span><\/p>\n<p style=\"\">Es bonito visitar un lugar tan bonito como Par\u00eds, las calles son como museos y cada esquina esconde un nuevo descubrimiento de edificio, monumento o iglesia. Pero si no sabe nada de ellos, puede aburrirse f\u00e1cilmente o incluso frustrarse. La soluci\u00f3n ideal ser\u00eda tener una gu\u00eda local en el bolsillo&#8230; Pues bien, aunque no lo crea, es posible gracias a <a href=\"https:\/\/yourmobileguide.com\/en\" target=\"_blank\" style=\"outline: none;\" rel=\"noopener nofollow\">YourMobileGuide App<\/a>, una aplicaci\u00f3n de audiogu\u00eda. Esta app es la \u00fanica que ofrece audiogu\u00edas de gente local, profesionales en su mayor\u00eda, que te hacen descubrir la ciudad por unos pocos euros. Este concepto es nuevo y revolucionario. \u00a1Que lo disfrutes!<\/p>\n<ul>\n<li><a href=\"https:\/\/web.yourmobileguide.com\/tours\/france\/paris\" target=\"_blank\" style=\"outline: none;\" rel=\"noopener nofollow\">Descargar Paris Audioguide Apps<\/a><\/li>\n<\/ul>\n<h2 id=\"t-1612952994019\" style=\"\"><b>4. <b>Secrets de Paris<\/b>&nbsp;<\/b><\/h2>\n<p style=\"\">Secretos de Par\u00eds es una aplicaci\u00f3n gratuita que te ofrece mucha informaci\u00f3n \u00fatil sobre los lugares desconocidos que merece la pena ver, como azoteas con vistas, pasajes secretos, calles interesantes menos conocidas o restaurantes originales. Puedes marcar lo que te interese, crear tu propia lista de favoritos y encontrar ese lugar m\u00e1s tarde. Descubra los secretos a trav\u00e9s de los mapas interactivos de Secrets de Paris.<\/p>\n<ul>\n<li><strong><a href=\"https:\/\/www.secrets-of-cities.com\" style=\"outline: none;\" target=\"_blank\" rel=\"noopener nofollow\">Descargar Secrets de Paris<\/a><\/strong><\/li>\n<\/ul>\n<h2 id=\"t-1612952994011\" style=\"\"><b>5. <b><b>WIFI Finder<\/b>&nbsp;<\/b><\/b><\/h2>\n<p style=\"\">Para ver los puntos de acceso WiFi m\u00e1s cercanos, esta es una aplicaci\u00f3n imprescindible. Sin duda, es m\u00e1s f\u00e1cil acceder a un buscador de Wi Fi y dejar que te dirija al lugar m\u00e1s cercano con un punto de acceso p\u00fablico que buscar una red por casualidad.&nbsp;<\/p>\n<ul>\n<li><a href=\"https:\/\/www.wifimap.io\/1109-paris-free-wifi\" target=\"_blank\" style=\"outline: none;\" rel=\"noopener nofollow\">Descargar WI FI Finder<\/a><\/li>\n<\/ul>\n<h2 id=\"t-1612952994012\" style=\"\"><b><b>6.&nbsp;<\/b><\/b><b style=\"color: var(--tcb-skin-color-4);\"><b><b>Disneyland Paris<\/b><\/b><\/b><\/h2>\n<p><span><img decoding=\"async\" alt=\"Disneyland Paris in France\" data-id=\"149\" width=\"702\" data-init-width=\"1000\" height=\"468\" data-init-height=\"667\" title=\"Disneyland Paris in France\" src=\"https:\/\/paristouristinformation.fr\/es\/wp-content\/uploads\/2020\/06\/Disneyland-Paris-in-France.jpg\" data-width=\"702\" data-height=\"468\" style=\"aspect-ratio: auto 1000 \/ 667;\" data-pin-media=\"https:\/\/paristouristinformation.fr\/es\/wp-content\/uploads\/2021\/03\/prag_50_sehenswuerdigkeiten_pinterest-33-1.jpg\" data-pin-description=\"Apps are your best friends during your travel to Paris. Discover the best apps to help you during your visit to Paris : Discovery, location, tips, audioguide...\" data-pin-url=\"https:\/\/paristouristinformation.fr\/es\/faq\/apps\/?tve=true&amp;tcbf=e43db02853\" loading=\"lazy\"><\/span><\/p>\n<p style=\"\">Se trata de una aplicaci\u00f3n imprescindible para orientarse en Disneyland Par\u00eds y aprovechar al m\u00e1ximo su visita. Despu\u00e9s de pasar por la entrada del parque, se pueden utilizar todas las instalaciones de forma ilimitada durante todo el d\u00eda sin coste adicional. Debe estar preparado para que pueda tener que esperar las largas colas que se producen de vez en cuando. Para controlar mejor su tiempo y disfrutar de la magia, esta aplicaci\u00f3n le guiar\u00e1. Los usuarios pueden consultar los tiempos de espera de las atracciones en tiempo real. Es posible consultar las opciones de restauraci\u00f3n, as\u00ed como los espect\u00e1culos y desfiles con los personajes del parque.<\/p>\n<ul>\n<li><a href=\"https:\/\/play.google.com\/store\/apps\/details?id=fr.disneylandparis.android&amp;hl=en_US&amp;gl=US\" style=\"font-family: inherit; outline: none;\" target=\"_blank\" rel=\"noopener nofollow\">Descargar Disneyland Paris App<\/a><\/li>\n<li>Saber m\u00e1s sobre <a href=\"https:\/\/paristouristinformation.fr\/es\/cosas-que-hacer\/disneyland\/\" target=\"_blank\" rel=\"noopener\"><strong>Acceso y atracciones de Disneyland Par\u00eds<\/strong><\/a><\/li>\n<li>Cons\u00edguelor <a href=\"https:\/\/www.tiqets.com\/en\/marne-la-vallee-attractions-c702\/tickets-for-disneyland-paris-skip-the-line-p975463\/?partner=checkfortrip\" target=\"_blank\" style=\"outline: none;\" rel=\"noopener nofollow\">Disneyland\u00ae Par\u00eds: Billete electr\u00f3nico con fecha<\/a> ahora!<\/li>\n<\/ul>\n<h2 id=\"t-1612952994013\" style=\"\"><b><b>7. Uber<\/b><\/b><\/h2>\n<p><span><img decoding=\"async\" alt=\"terminal taxi traveler in paris in france\" data-id=\"4630\" width=\"702\" data-init-width=\"1000\" height=\"468\" data-init-height=\"667\" title=\"terminal taxi traveler in paris in france\" src=\"https:\/\/paristouristinformation.fr\/es\/wp-content\/uploads\/2020\/12\/terminal-taxi-traveler-in-paris-in-france.jpg\" data-width=\"702\" data-height=\"468\" style=\"aspect-ratio: auto 1000 \/ 667;\" data-pin-media=\"https:\/\/paristouristinformation.fr\/es\/wp-content\/uploads\/2021\/03\/prag_50_sehenswuerdigkeiten_pinterest-33-1.jpg\" data-pin-description=\"Apps are your best friends during your travel to Paris. Discover the best apps to help you during your visit to Paris : Discovery, location, tips, audioguide...\" data-pin-url=\"https:\/\/paristouristinformation.fr\/es\/faq\/apps\/?tve=true&amp;tcbf=e43db02853\" loading=\"lazy\"><\/span><\/p>\n<p>Uber opera activamente en Par\u00eds. Destacando por su consistencia de precios, caracter\u00edsticas de retroalimentaci\u00f3n y facilidad de pago, Uber ser\u00eda una buena opci\u00f3n cuando hay necesidad de un viaje. UberPOOL es la opci\u00f3n m\u00e1s econ\u00f3mica ya que permite compartir el veh\u00edculo con otros pasajeros y compartir el precio. Uber X podr\u00eda ser una opci\u00f3n mejor y m\u00e1s econ\u00f3mica cuando vayas a viajar con 3 o 4 personas.&nbsp;<\/p>\n<ul>\n<li><a href=\"https:\/\/apps.apple.com\/fr\/app\/uber-request-a-ride\/id368677368?l=en\" target=\"_blank\" style=\"outline: none;\" rel=\"noopener nofollow\">Descargar Uber app<\/a><\/li>\n<li>Consigue &#8211; 5 \u20ac de descuento en tu pr\u00f3ximo viaje en Uber con este c\u00f3digo :&nbsp;<\/li>\n<li>M\u00e1s informaci\u00f3n<em><strong> <\/strong><\/em><a href=\"https:\/\/paristouristinformation.fr\/es\/plan\/transporte-publico\/taxi\/\" target=\"_blank\" style=\"outline: none;\" rel=\"noopener\"><strong><span style=\"text-decoration: underline;\">sobre los taxis y las aplicaciones de taxi en Par\u00eds<\/span><\/strong><\/a><\/li>\n<\/ul>\n<h2 id=\"t-1612952994014\" style=\"\"><b><b>8. The Fork<\/b><\/b><\/h2>\n<p style=\"\">El Tenedor es una aplicaci\u00f3n para realizar reservas de restaurantes de forma sencilla. Es posible consultar las rese\u00f1as reales de los clientes, as\u00ed como las fotos compartidas. En Francia se utiliza habitualmente y tambi\u00e9n se conoce como \u00abLa Fourchette\u00bb. La Fourchette permite a los usuarios consultar los restaurantes ordenados por distancia y les mantiene informados de las ofertas por hora de los restaurantes. Cada reserva realizada desde la aplicaci\u00f3n hace que los usuarios ganen puntos que pueden utilizar para reservas posteriores.&nbsp;<\/p>\n<ul>\n<li><a href=\"https:\/\/www.thefork.com\" target=\"_blank\" style=\"outline: none;\" rel=\"noopener nofollow\">Descargar The Fork<\/a><\/li>\n<\/ul>\n<h2 id=\"t-1612952994015\" style=\"\"><b><b>9.&nbsp;<\/b><\/b><b><b>Mister Good Beer<\/b>&nbsp;&nbsp;<\/b><\/h2>\n<p style=\"\">Mister Good Beer es una aplicaci\u00f3n muy popular en Par\u00eds que muestra la lista de bares de tu alrededor con buenas cervezas, junto con los precios. Se convierte en el mejor amigo de los cazadores de cerveza, indicando las mejores opciones econ\u00f3micas y sabrosas, adem\u00e1s de c\u00f3mo llegar a ellas. Como la aplicaci\u00f3n se actualiza regularmente, es posible estar informado de las \u00abhoras felices\u00bb de los bares cercanos. Es una aplicaci\u00f3n gratuita, muy \u00fatil para turistas y locales, disponible tanto para iOS como para Android.<\/p>\n<ul>\n<li><a href=\"https:\/\/www.mistergoodbeer.com\" style=\"outline: none;\" target=\"_blank\" rel=\"noopener nofollow\">Descargar Mister Good Beer<\/a><\/li>\n<\/ul>\n<h2 id=\"t-1612952994016\" style=\"\"><b><b>10. &nbsp;<b><b>Balades Paris Durable<\/b><\/b><\/b><\/b><\/h2>\n<p><span><img decoding=\"async\" alt=\"Belleville Park in Paris in France\" data-id=\"175\" width=\"702\" data-init-width=\"1000\" height=\"468\" data-init-height=\"667\" title=\"Belleville Park in Paris in France\" src=\"https:\/\/paristouristinformation.fr\/es\/wp-content\/uploads\/2020\/06\/Belleville-Park-in-Paris-in-France.jpg\" data-width=\"702\" data-height=\"468\" style=\"aspect-ratio: auto 1000 \/ 667;\" data-pin-media=\"https:\/\/paristouristinformation.fr\/es\/wp-content\/uploads\/2021\/03\/prag_50_sehenswuerdigkeiten_pinterest-33-1.jpg\" data-pin-description=\"Apps are your best friends during your travel to Paris. Discover the best apps to help you during your visit to Paris : Discovery, location, tips, audioguide...\" data-pin-url=\"https:\/\/paristouristinformation.fr\/es\/faq\/apps\/?tve=true&amp;tcbf=e43db02853\" loading=\"lazy\"><\/span><\/p>\n<p style=\"\">\u00abBalades Paris Durable\u00bb es una aplicaci\u00f3n m\u00f3vil gratuita para descubrir varias rutas urbanas a pie en Par\u00eds. Una idea innovadora para explorar un mont\u00f3n de paseos alternativos con datos poco conocidos sobre la ecolog\u00eda alrededor de la capital. Es una forma divertida de aprender mucho sobre la biodiversidad parisina en su camino para hacer sus propios descubrimientos con los detalles sobre las especies comunes, los nuevos conceptos de jardines y los desarrollos. Los usuarios pueden compartir las fotos de los recorridos que se encuentran en las galer\u00edas.<\/p>\n<ul>\n<li><a href=\"https:\/\/www.baladesparisdurable.fr\" target=\"_blank\" style=\"outline: none;\" rel=\"noopener nofollow\">Descargar Balades Paris Durable<\/a><\/li>\n<\/ul>\n<h2 id=\"t-1612952994017\" style=\"\"><b><b>11.<b><b><b>&nbsp;O\u00f9 sont les toilettes ?<\/b><\/b><\/b><\/b><\/b><\/h2>\n<p style=\"\">Cuando suene la campana de la emergencia, no tiene por qu\u00e9 sentirse m\u00e1s extra\u00f1o en las calles de Par\u00eds que acaba de descubrir. Una de las cosas m\u00e1s dif\u00edciles para un turista en Par\u00eds es encontrar un ba\u00f1o p\u00fablico en el momento adecuado. Pero es posible estar preparado teniendo esta aplicaci\u00f3n antes de las situaciones de extrema emergencia. \u00abO\u00f9 sont les toilettes ?\u00bb salvar\u00e1 la vida de muchos padres durante sus vacaciones en Par\u00eds. La utilizan tanto los viajeros como los parisinos.<\/p>\n<ul>\n<li><a href=\"https:\/\/play.google.com\/store\/apps\/details?id=com.bto.toilet&amp;hl=fr&amp;gl=US\" style=\"outline: none;\" target=\"_blank\" rel=\"noopener nofollow\">Descargar O\u00f9 sont les toilettes ?<\/a>&nbsp;(Android)<\/li>\n<li><a href=\"https:\/\/apps.apple.com\/fr\/app\/o\u00f9-sont-les-toilettes\/id311896604\" target=\"_blank\" style=\"outline: none;\" rel=\"noopener nofollow\">Descargar O\u00f9 sont les toilettes ?<\/a> (iOS)<\/li>\n<\/ul>\n<h2 id=\"t-1612952994020\" style=\"\"><b><b>12.<b><b><b>&nbsp;Guide Fooding<\/b><\/b><\/b><\/b><\/b><\/h2>\n<p><span><img decoding=\"async\" alt=\"\" data-id=\"4677\" width=\"702\" data-init-width=\"1000\" height=\"468\" data-init-height=\"667\" title=\"escargots snails traditional food in paris\" src=\"https:\/\/paristouristinformation.fr\/es\/wp-content\/uploads\/2020\/12\/escargots-snails-traditional-food-in-paris.jpg\" data-width=\"702\" data-height=\"468\" style=\"aspect-ratio: auto 1000 \/ 667;\" data-pin-media=\"https:\/\/paristouristinformation.fr\/es\/wp-content\/uploads\/2021\/03\/prag_50_sehenswuerdigkeiten_pinterest-33-1.jpg\" data-pin-description=\"Apps are your best friends during your travel to Paris. Discover the best apps to help you during your visit to Paris : Discovery, location, tips, audioguide...\" data-pin-url=\"https:\/\/paristouristinformation.fr\/es\/faq\/apps\/?tve=true&amp;tcbf=e43db02853\" loading=\"lazy\"><\/span><\/p>\n<p style=\"\">Por \u00faltimo, pero no por ello menos importante, si realmente quiere probar la cocina parisina como un local y conocer todos los restaurantes y bares secretos, Guide Fooding es su camino. Creada por un antiguo bloguero especializado en restaurantes de Par\u00eds, esta aplicaci\u00f3n tiene 20 a\u00f1os y es la referencia cuando se trata de comer en Par\u00eds. Poco conocida por los extranjeros, esta aplicaci\u00f3n es \u00fatil para los gastr\u00f3nomos locales a los que les gusta pasar el tiempo en los restaurantes. Tambi\u00e9n est\u00e1 disponible en ingl\u00e9s y se actualiza con frecuencia. \u00a1Pru\u00e9bela!<\/p>\n<ul>\n<li><a href=\"https:\/\/lefooding.com\/en\/guide\" target=\"_blank\" style=\"outline: none;\" rel=\"noopener nofollow\">Descargar Guide Fooding<\/a><\/li>\n<\/ul>\n<p>Ahora tienes todas las buenas aplicaciones en tu tel\u00e9fono para pasar el mejor tiempo en Par\u00eds. \u00bfCu\u00e1les vas a descargar? H\u00e1znoslo saber en los comentarios.<\/p>\n<ul>\n<li style=\"\"><span style=\"\"><strong>Si est\u00e1 planeando su viaje a Par\u00eds,<\/strong> le recomendamos que consulte nuestros consejos en estos art\u00edculos : le recomendamos que consulte nuestros consejos en estos art\u00edculos, <a href=\"https:\/\/paristouristinformation.fr\/es\/cosas-que-hacer\/museo\/\" target=\"_blank\" style=\"outline: none;\" rel=\"noopener\">TOP 30 Mejores Museos de Par\u00eds<\/a><em><strong>, <\/strong><\/em><a href=\"https:\/\/paristouristinformation.fr\/es\/cosas-que-hacer\/disneyland\/\" target=\"_blank\" rel=\"noopener\"><strong>Consejos y entradas para DisneyLand Par\u00eds<\/strong><\/a> o <a href=\"https:\/\/paristouristinformation.fr\/es\/cosas-que-hacer\/\" target=\"_blank\" rel=\"noopener\"><strong>100 cosas que hacer en Par\u00eds.<\/strong><\/a><\/span><\/li>\n<\/ul>\n","protected":false},"excerpt":{"rendered":"<p>Si viaja una o varias veces al a\u00f1o, ya sabe que los mejores amigos de los viajeros son ahora su tel\u00e9fono. Este peque\u00f1o aparato resulta tan pr\u00e1ctico en un pa\u00eds extranjero, casi imprescindible. Su primera utilidad es ayudarte a localizar y dirigirte como un local, en lugares en los que nunca has estado. Pero eso [&hellip;]<\/p>\n","protected":false},"author":10,"featured_media":8189,"parent":6992,"menu_order":0,"comment_status":"closed","ping_status":"closed","template":"","meta":{"footnotes":""},"tags":[],"class_list":["post-8399","page","type-page","status-publish","has-post-thumbnail","hentry","post-wrapper","thrv_wrapper"],"wp-worthy-pixel":{"ignored":false,"public":null,"server":null,"url":null},"wp-worthy-type":"normal","_links":{"self":[{"href":"https:\/\/www.paristouristinformation.fr\/es\/wp-json\/wp\/v2\/pages\/8399","targetHints":{"allow":["GET"]}}],"collection":[{"href":"https:\/\/www.paristouristinformation.fr\/es\/wp-json\/wp\/v2\/pages"}],"about":[{"href":"https:\/\/www.paristouristinformation.fr\/es\/wp-json\/wp\/v2\/types\/page"}],"author":[{"embeddable":true,"href":"https:\/\/www.paristouristinformation.fr\/es\/wp-json\/wp\/v2\/users\/10"}],"replies":[{"embeddable":true,"href":"https:\/\/www.paristouristinformation.fr\/es\/wp-json\/wp\/v2\/comments?post=8399"}],"version-history":[{"count":0,"href":"https:\/\/www.paristouristinformation.fr\/es\/wp-json\/wp\/v2\/pages\/8399\/revisions"}],"up":[{"embeddable":true,"href":"https:\/\/www.paristouristinformation.fr\/es\/wp-json\/wp\/v2\/pages\/6992"}],"wp:featuredmedia":[{"embeddable":true,"href":"https:\/\/www.paristouristinformation.fr\/es\/wp-json\/wp\/v2\/media\/8189"}],"wp:attachment":[{"href":"https:\/\/www.paristouristinformation.fr\/es\/wp-json\/wp\/v2\/media?parent=8399"}],"wp:term":[{"taxonomy":"post_tag","embeddable":true,"href":"https:\/\/www.paristouristinformation.fr\/es\/wp-json\/wp\/v2\/tags?post=8399"}],"curies":[{"name":"wp","href":"https:\/\/api.w.org\/{rel}","templated":true}]}}