{"id":8635,"date":"2021-06-28T07:58:09","date_gmt":"2021-06-28T07:58:09","guid":{"rendered":"http:\/\/paristouristinformation.fr\/es\/things-to-do\/museum\/clone-of-guide-to-atelier-des-lumieres-in-paris-exhibitions-and-tickets\/"},"modified":"2023-05-12T07:23:27","modified_gmt":"2023-05-12T07:23:27","slug":"grevin","status":"publish","type":"page","link":"https:\/\/www.paristouristinformation.fr\/es\/cosas-que-hacer\/museo\/grevin\/","title":{"rendered":"Gu\u00eda del Museo Gr\u00e9vin de Par\u00eds: Exposiciones y entradas"},"content":{"rendered":"<p>El Museo Gr\u00e9vin es un museo de cera privado situado en Par\u00eds, en el distrito 9, en la orilla derecha del Sena.Prep\u00e1rese para ver uno de los museos de cera m\u00e1s antiguos del mundo. Ser\u00e1 un viaje divertido que atraer\u00e1 a personas de todas las edades.A continuaci\u00f3n encontrar\u00e1 toda la informaci\u00f3n \u00fatil sobre la entrada, las entradas y las exposiciones.<\/p>\n<h2 id=\"t-1610539832044\">\u00bfQu\u00e9 puedo hacer en el Museo Gr\u00e9vin?<\/h2>\n<p>Fundado por Arthur Meyer, el museo toma su nombre del famoso director Alfred Gr\u00e9vin, que realiz\u00f3 las primeras esculturas de cera.Los visitantes son conducidos al interior en grupo. Tras ser admitidos en esta sala como grupo, las puertas se cierran y comienza el espect\u00e1culo con luces y sonido sorprendentes.Hay m\u00e1s de 200 figuras de cera de tama\u00f1o natural de personajes populares de diferentes \u00e1mbitos, tanto del pasado como de la actualidad. Tendr\u00e1 la oportunidad de hacerse fotos con sus estrellas, cient\u00edficos o pol\u00edticos favoritos, como Albert Einstein, Michael Jackson, Mahatma Gandhi o el Papa. Tambi\u00e9n hay muchas escenas de la historia de Francia, como Luis XIV en Versalles, la captura y cautiverio de Luis XVI y la familia real o Juana de Lorena en llamas.<\/p>\n<p><span><img decoding=\"async\" alt=\"What can I do at Gr\u00e9vin Museum in Paris in France\" data-id=\"9270\" width=\"736\" data-init-width=\"1000\" height=\"493\" data-init-height=\"667\" title=\"What can I do at Gr\u00e9vin Museum in Paris in France\" src=\"http:\/\/paristouristinformation.fr\/es\/wp-content\/uploads\/2021\/07\/What-can-I-do-at-Grevin-Museum.jpg\" data-width=\"736\" data-height=\"493\" style=\"\" loading=\"lazy\" data-pin-media=\"http:\/\/paristouristinformation.fr\/es\/wp-content\/uploads\/2021\/03\/prag_50_sehenswuerdigkeiten_pinterest-18.jpg\" data-pin-description=\"Learn details about Atelier des Lumi\u00e8res museum in Paris : Exhibitions, Entrance, Tickets, History and useful information about the place.\" data-pin-url=\"http:\/\/paristouristinformation.fr\/es\/?page_id=8635&amp;tve=true&amp;tcbf=0ccb1d3258\"><\/span><\/p>\n<ul>\n<li><a rel=\"noreferrer noopener nofollow\" href=\"https:\/\/pinterest.com\/pin\/create\/button\/?url=https:\/\/paristouristinformation.fr\/es\/cosas-que-hacer\/museo\/grevin\/?tve=true&amp;tcbf=7ff50c9932&amp;is_video=false&amp;media=http:\/\/paristouristinformation.fr\/es\/wp-content\/uploads\/2021\/03\/prag_50_sehenswuerdigkeiten_pinterest-18.jpg&amp;description=Learn%20details%20about%20Atelier%20des%20Lumi%C3%A8res%20museum%20in%20Paris%20%3A%20Exhibitions%2C%20Entrance%2C%20Tickets%2C%20History%20and%20useful%20information%20about%20the%20place.\" onclick=\"essb.window('https:\/\/pinterest.com\/pin\/create\/button\/?url=https:\/\/paristouristinformation.fr\/es\/cosas-que-hacer\/museo\/grevin\/?tve=true&amp;tcbf=7ff50c9932&amp;is_video=false&amp;media=http:\/\/paristouristinformation.fr\/es\/wp-content\/uploads\/2021\/03\/prag_50_sehenswuerdigkeiten_pinterest-18.jpg&amp;description=Learn%20details%20about%20Atelier%20des%20Lumi%C3%A8res%20museum%20in%20Paris%20%3A%20Exhibitions%2C%20Entrance%2C%20Tickets%2C%20History%20and%20useful%20information%20about%20the%20place.','pinpro','kyislhv0'); return false;\" target=\"_blank\"><span><\/span><span>Pin<\/span><\/a><\/li>\n<\/ul>\n<h2 id=\"t-1610539832045\">Entrada, billetes y visitas<\/h2>\n<p>Se recomienda comprar las entradas con antelaci\u00f3n para ahorrar tiempo. El Museo Gr\u00e9vin es gratuito para los titulares del Paris Pass.El Museo Gr\u00e9vin est\u00e1 abierto todos los d\u00edas:<\/p>\n<ul>\n<li>De lunes a viernes: de 10 a 18.30 horas<\/li>\n<li>Fines de semana, d\u00edas festivos y vacaciones escolares: de 10 a 19 horas<\/li>\n<\/ul>\n<ul>\n<li><span><strong>Entradas: <a href=\"https:\/\/www.tiqets.com\/en\/paris-attractions-c66746\/tickets-for-grevin-wax-museum-p974024\/?partner=checkfortrip\" target=\"_blank\" style=\"outline: none;\" rel=\"noopener nofollow\"><strong>Entrada en l\u00ednea para el Museo Gr\u00e9vin<\/strong><\/a><\/strong>Puede presentar sus billetes con su smartphone en el lugar.<\/span><\/li>\n<\/ul>\n<ul>\n<li style=\"\"><span style=\"\"><strong>Consejo: <\/strong>Para ahorrar tiempo y dinero, y evitar complicaciones, puede preparar su viaje comprando por adelantado todos los billetes online que necesite en nuestra tienda <em><strong>oficial de billetes de Par\u00eds.<\/strong><\/em><\/span><\/li>\n<\/ul>\n<p>__CONFIG_colors_palette__{\u00abactive_palette\u00bb:0,\u00bbconfig\u00bb:{\u00abcolors\u00bb:{\u00abf8570\u00bb:{\u00abname\u00bb:\u00bbMain Accent\u00bb,\u00bbparent\u00bb:-1}},\u00bbgradients\u00bb:[]},\u00bbpalettes\u00bb:[{\u00abname\u00bb:\u00bbDefault Palette\u00bb,\u00bbvalue\u00bb:{\u00abcolors\u00bb:{\u00abf8570\u00bb:{\u00abval\u00bb:\u00bbvar(&#8211;tcb-skin-color-0)\u00bb}},\u00bbgradients\u00bb:[]},\u00bboriginal\u00bb:{\u00abcolors\u00bb:{\u00abf8570\u00bb:{\u00abval\u00bb:\u00bbrgb(19, 114, 211)\u00bb,\u00bbhsl\u00bb:{\u00abh\u00bb:210,\u00bbs\u00bb:0.83,\u00bbl\u00bb:0.45}}},\u00bbgradients\u00bb:[]}}]}__CONFIG_colors_palette__ <a href=\"http:\/\/paristouristinformation.fr\/es\/tours-and-tickets\/\"> <span><span style=\"\">Ir a la tienda de entradas de Par\u00eds<\/span><\/span> <\/a><\/p>\n<h2 id=\"t-1610539832046\">C\u00f3mo llegar al Museo Gr\u00e9vin<\/h2>\n<ul>\n<li><strong>Metro: <\/strong>estaci\u00f3n \u00abGrands Boulevards\u00bb de las l\u00edneas 8 y 9 del metro.<\/li>\n<li><strong>Autob\u00fas: <\/strong>L\u00edneas 20, 39, 48, 67, 74 y 85.<\/li>\n<\/ul>\n<div class=\"tcb-post-list tve-content-list empty-list thrv_wrapper\" data-type=\"grid\" data-pagination-type=\"none\" data-pages_near_current=\"2\" data-css=\"tve-u-60d981118d8cc2\" data-total_post_count=\"0\" data-total_sticky_count=\"0\" data-no_posts_text=\"There are no posts to display.\"><article id=\"post-8635\" class=\"post-8635 page type-page status-publish has-post-thumbnail hentry post-wrapper thrv_wrapper thrive-animated-item \" tcb_hover_state_parent=\"\" shortcode=\"tcb_post_list\" data-id=\"8635\" data-selector=\".post-wrapper\"><style class=\"tcb-post-list-dynamic-style\" type=\"text\/css\"><\/style><\/p>\n<h3 style=\"\"><span data-attr-link=\"1\" data-attr-rel=\"0\" data-attr-target=\"0\" data-extra_key=\"\" data-option-inline=\"1\" data-shortcode=\"tcb_post_title\" data-shortcode-name=\"Post title\" data-attr-css=\"\" style=\"\" data-attr-static-link=\"{&quot;className&quot;:&quot;tve-froala fr-basic&quot;,&quot;href&quot;:&quot;#&quot;,&quot;title&quot;:&quot;Gu\u00eda del Museo Gr\u00e9vin de Par\u00eds: Exposiciones y entradas&quot;,&quot;class&quot;:&quot;tve-froala fr-basic&quot;}\"><a href=\"https:\/\/www.paristouristinformation.fr\/es\/cosas-que-hacer\/museo\/grevin\/\" title=\"Gu\u00eda del Museo Gr\u00e9vin de Par\u00eds: Exposiciones y entradas\" data-css=\"\" class=\"tve-froala fr-basic\">Gu\u00eda del Museo Gr\u00e9vin de Par\u00eds: Exposiciones y entradas<\/a><\/span><\/h3>\n<p><\/article><\/div>\n<h2 id=\"t-1610539832048\">Historia del Museo Gr\u00e9vin<\/h2>\n<p><span><img decoding=\"async\" alt=\"History of the Gr\u00e9vin Museum in Paris in France\" data-id=\"9271\" width=\"736\" data-init-width=\"1000\" height=\"493\" data-init-height=\"667\" title=\"History of the Gr\u00e9vin Museum in Paris in France\" loading=\"lazy\" src=\"http:\/\/paristouristinformation.fr\/es\/wp-content\/uploads\/2021\/07\/History-of-the-Grevin-Museum.jpg\" data-width=\"736\" data-height=\"493\" style=\"\" data-pin-media=\"http:\/\/paristouristinformation.fr\/es\/wp-content\/uploads\/2021\/03\/prag_50_sehenswuerdigkeiten_pinterest-18.jpg\" data-pin-description=\"Learn details about Atelier des Lumi\u00e8res museum in Paris : Exhibitions, Entrance, Tickets, History and useful information about the place.\" data-pin-url=\"http:\/\/paristouristinformation.fr\/es\/?page_id=8635&amp;tve=true&amp;tcbf=0ccb1d3258\"><\/span><\/p>\n<ul>\n<li><a rel=\"noreferrer noopener nofollow\" href=\"https:\/\/pinterest.com\/pin\/create\/button\/?url=https:\/\/paristouristinformation.fr\/es\/cosas-que-hacer\/museo\/grevin\/?tve=true&amp;tcbf=7ff50c9932&amp;is_video=false&amp;media=http:\/\/paristouristinformation.fr\/es\/wp-content\/uploads\/2021\/03\/prag_50_sehenswuerdigkeiten_pinterest-18.jpg&amp;description=Learn%20details%20about%20Atelier%20des%20Lumi%C3%A8res%20museum%20in%20Paris%20%3A%20Exhibitions%2C%20Entrance%2C%20Tickets%2C%20History%20and%20useful%20information%20about%20the%20place.\" onclick=\"essb.window(&#039;https:\/\/pinterest.com\/pin\/create\/button\/?url=https:\/\/paristouristinformation.fr\/es\/cosas-que-hacer\/museo\/grevin\/?tve=true&amp;tcbf=7ff50c9932&amp;is_video=false&amp;media=http:\/\/paristouristinformation.fr\/es\/wp-content\/uploads\/2021\/03\/prag_50_sehenswuerdigkeiten_pinterest-18.jpg&amp;description=Learn%20details%20about%20Atelier%20des%20Lumi%C3%A8res%20museum%20in%20Paris%20%3A%20Exhibitions%2C%20Entrance%2C%20Tickets%2C%20History%20and%20useful%20information%20about%20the%20place.&#039;,&#039;pinpro&#039;,&#039;kyislhv2&#039;); return false;\" target=\"_blank\"><span><\/span><span>Pin<\/span><\/a><\/li>\n<\/ul>\n<p>El museo fue fundado en 1882 por el periodista Arthur Meyer como uno de los museos de cera m\u00e1s antiguos de Europa. Lleva el nombre de su primer director art\u00edstico, el caricaturista Alfred Gr\u00e9ven. El Museo Gr\u00e9vin tiene otras dos sedes en Montreal y Se\u00fal.<\/p>\n<h2 id=\"t-1610539832050\">Preguntas frecuentes<\/h2>\n<h2 id=\"t-1610539832049\" style=\"\" data-alt-text=\"Contact\">Contacto y mapa<\/h2>\n<ul>\n<li><span style=\"\"><strong>Direcci\u00f3n: <\/strong>10 Boulevard Montmartre, 75009 Par\u00eds<\/span><\/li>\n<li><span style=\"\"><strong>Horario de apertura: <\/strong>Puede consultar las \u00faltimas actualizaciones de los horarios de apertura en la p\u00e1gina web oficial del museo.<\/span><\/li>\n<li><span style=\"\"><strong>Transporte p\u00fablico:<\/strong> Metro: estaci\u00f3n \u00abGrands Boulevards\u00bb de las l\u00edneas 8 y 9 del metro.<\/span><\/li>\n<li style=\"\"><span style=\"\"><strong>P\u00e1gina web:&nbsp;<\/strong><a href=\"https:\/\/www.atelier-lumieres.com\" target=\"_blank\" style=\"outline: none;\" rel=\"noopener nofollow\">www.grevin-paris.com\/enom<\/a><\/span><\/li>\n<\/ul>\n<p>__CONFIG_colors_palette__{\u00abactive_palette\u00bb:0,\u00bbconfig\u00bb:{\u00abcolors\u00bb:{\u00ab50ce5\u00bb:{\u00abname\u00bb:\u00bbMain Accent\u00bb,\u00bbparent\u00bb:-1}},\u00bbgradients\u00bb:[]},\u00bbpalettes\u00bb:[{\u00abname\u00bb:\u00bbDefault Palette\u00bb,\u00bbvalue\u00bb:{\u00abcolors\u00bb:{\u00ab50ce5\u00bb:{\u00abval\u00bb:\u00bbvar(&#8211;tcb-skin-color-0)\u00bb}},\u00bbgradients\u00bb:[]},\u00bboriginal\u00bb:{\u00abcolors\u00bb:{\u00ab50ce5\u00bb:{\u00abval\u00bb:\u00bbrgb(19, 114, 211)\u00bb,\u00bbhsl\u00bb:{\u00abh\u00bb:210,\u00bbs\u00bb:0.83,\u00bbl\u00bb:0.45,\u00bba\u00bb:1}}},\u00bbgradients\u00bb:[]}}]}__CONFIG_colors_palette__ <a href=\"http:\/\/paristouristinformation.fr\/es\/things-to-do\/museum\/\"> <span><span>M\u00e1s museos que visitar en Par\u00eds<\/span><\/span> <\/a><\/p>\n<h2 style=\"\">Art\u00edculos relacionados:<\/h2>\n<div class=\"tcb-post-list tve-content-list thrv_wrapper\" data-type=\"grid\" data-pagination-type=\"none\" data-pages_near_current=\"2\" data-css=\"tve-u-17dddc08156\" data-total_post_count=\"3\" data-total_sticky_count=\"0\" data-no_posts_text=\"There are no posts to display.\"><article id=\"post-4282\" class=\"post-4282 page type-page status-publish has-post-thumbnail hentry post-wrapper thrv_wrapper thrive-animated-item  tve_evt_manager_listen tve_ea_thrive_animation tve_et_mouseover tve_anim_grow\" tcb_hover_state_parent=\"\" class=\"tve_evt_manager_listen tve_ea_thrive_animation tve_et_mouseover tve_anim_grow\" data-id=\"4282\" data-selector=\".post-wrapper\"><style class=\"tcb-post-list-dynamic-style\" type=\"text\/css\">@media (min-width: 300px){[].tcb-post-list #post-4282 []{background-image: url(\u00abhttps:\/\/www.paristouristinformation.fr\/es\/wp-content\/uploads\/2020\/12\/Rainy-day-in-Paris-in-France-1024x538.jpg\u00ab) !important;}[].tcb-post-list #post-4282 []:hover []{background-image: url(\u00abhttps:\/\/www.paristouristinformation.fr\/es\/wp-content\/uploads\/2020\/12\/Rainy-day-in-Paris-in-France-1024x538.jpg\u00ab) !important;}}<\/style><a href=\"https:\/\/www.paristouristinformation.fr\/es\/cosas-que-hacer\/iluvioso\/\" dynamic-postlink=\"tcb_post_the_permalink\" data-shortcode-id=\"56\"><\/a><\/p>\n<h3 style=\"text-align: center; padding-top: 0px !important; margin-top: 0px !important;\"><span data-attr-link=\"1\" data-attr-rel=\"0\" data-attr-target=\"0\" data-extra_key=\"\" data-option-inline=\"1\" data-shortcode=\"tcb_post_title\" data-shortcode-name=\"Post title\" data-attr-css=\"\" data-attr-static-link=\"{&quot;className&quot;:&quot;tve-froala fr-basic&quot;,&quot;href&quot;:&quot;https:\/\/paristouristinformation.fr\/es\/cosas-que-hacer\/&quot;,&quot;title&quot;:&quot;100 cosas que hacer en Par\u00eds&quot;,&quot;class&quot;:&quot;tve-froala fr-basic&quot;}\" style=\"\"><a href=\"https:\/\/www.paristouristinformation.fr\/es\/cosas-que-hacer\/iluvioso\/\" title=\"15 Cosas que hacer cuando llueve en Par\u00eds [con mapa]\" data-css=\"\" class=\"tve-froala fr-basic\">15 Cosas que hacer cuando llueve en Par\u00eds [con mapa]<\/a><\/span><\/h3>\n<p><\/article><article id=\"post-2930\" class=\"post-2930 page type-page status-publish has-post-thumbnail hentry post-wrapper thrv_wrapper thrive-animated-item  tve_evt_manager_listen tve_ea_thrive_animation tve_et_mouseover tve_anim_grow\" tcb_hover_state_parent=\"\" class=\"tve_evt_manager_listen tve_ea_thrive_animation tve_et_mouseover tve_anim_grow\" data-id=\"2930\" data-selector=\".post-wrapper\"><style class=\"tcb-post-list-dynamic-style\" type=\"text\/css\">@media (min-width: 300px){[].tcb-post-list #post-2930 []{background-image: url(\u00abhttps:\/\/www.paristouristinformation.fr\/es\/wp-content\/uploads\/2021\/01\/15-Best-Attractions-in-Paris-in-France-1024x538.jpg\u00ab) !important;}[].tcb-post-list #post-2930 []:hover []{background-image: url(\u00abhttps:\/\/www.paristouristinformation.fr\/es\/wp-content\/uploads\/2021\/01\/15-Best-Attractions-in-Paris-in-France-1024x538.jpg\u00ab) !important;}}<\/style><a href=\"https:\/\/www.paristouristinformation.fr\/es\/cosas-que-hacer\/atracciones\/\" dynamic-postlink=\"tcb_post_the_permalink\" data-shortcode-id=\"56\"><\/a><\/p>\n<h3 style=\"text-align: center; padding-top: 0px !important; margin-top: 0px !important;\"><span data-attr-link=\"1\" data-attr-rel=\"0\" data-attr-target=\"0\" data-extra_key=\"\" data-option-inline=\"1\" data-shortcode=\"tcb_post_title\" data-shortcode-name=\"Post title\" data-attr-css=\"\" data-attr-static-link=\"{&quot;className&quot;:&quot;tve-froala fr-basic&quot;,&quot;href&quot;:&quot;https:\/\/paristouristinformation.fr\/es\/cosas-que-hacer\/&quot;,&quot;title&quot;:&quot;100 cosas que hacer en Par\u00eds&quot;,&quot;class&quot;:&quot;tve-froala fr-basic&quot;}\" style=\"\"><a href=\"https:\/\/www.paristouristinformation.fr\/es\/cosas-que-hacer\/atracciones\/\" title=\"15 Atracciones mejor valoradas de Par\u00eds\" data-css=\"\" class=\"tve-froala fr-basic\">15 Atracciones mejor valoradas de Par\u00eds<\/a><\/span><\/h3>\n<p><\/article><article id=\"post-78\" class=\"post-78 page type-page status-publish has-post-thumbnail hentry post-wrapper thrv_wrapper thrive-animated-item  tve_evt_manager_listen tve_ea_thrive_animation tve_et_mouseover tve_anim_grow\" tcb_hover_state_parent=\"\" class=\"tve_evt_manager_listen tve_ea_thrive_animation tve_et_mouseover tve_anim_grow\" data-id=\"78\" data-selector=\".post-wrapper\"><style class=\"tcb-post-list-dynamic-style\" type=\"text\/css\">@media (min-width: 300px){[].tcb-post-list #post-78 []{background-image: url(\u00abhttps:\/\/www.paristouristinformation.fr\/es\/wp-content\/uploads\/2021\/01\/27-Things-to-do-with-Kids-in-Paris-in-France-1024x538.jpg\u00ab) !important;}[].tcb-post-list #post-78 []:hover []{background-image: url(\u00abhttps:\/\/www.paristouristinformation.fr\/es\/wp-content\/uploads\/2021\/01\/27-Things-to-do-with-Kids-in-Paris-in-France-1024x538.jpg\u00ab) !important;}}<\/style><a href=\"https:\/\/www.paristouristinformation.fr\/es\/cosas-que-hacer\/para-ninos\/\" dynamic-postlink=\"tcb_post_the_permalink\" data-shortcode-id=\"56\"><\/a><\/p>\n<h3 style=\"text-align: center; padding-top: 0px !important; margin-top: 0px !important;\"><span data-attr-link=\"1\" data-attr-rel=\"0\" data-attr-target=\"0\" data-extra_key=\"\" data-option-inline=\"1\" data-shortcode=\"tcb_post_title\" data-shortcode-name=\"Post title\" data-attr-css=\"\" data-attr-static-link=\"{&quot;className&quot;:&quot;tve-froala fr-basic&quot;,&quot;href&quot;:&quot;https:\/\/paristouristinformation.fr\/es\/cosas-que-hacer\/&quot;,&quot;title&quot;:&quot;100 cosas que hacer en Par\u00eds&quot;,&quot;class&quot;:&quot;tve-froala fr-basic&quot;}\" style=\"\"><a href=\"https:\/\/www.paristouristinformation.fr\/es\/cosas-que-hacer\/para-ninos\/\" title=\"27 Cosas que hacer con ni\u00f1os en Par\u00eds\" data-css=\"\" class=\"tve-froala fr-basic\">27 Cosas que hacer con ni\u00f1os en Par\u00eds<\/a><\/span><\/h3>\n<p><\/article><\/div>\n","protected":false},"excerpt":{"rendered":"<p>El Museo Gr\u00e9vin es un museo de cera privado situado en Par\u00eds, en el distrito 9, en la orilla derecha del Sena.Prep\u00e1rese para ver uno de los museos de cera m\u00e1s antiguos del mundo. Ser\u00e1 un viaje divertido que atraer\u00e1 a personas de todas las edades.A continuaci\u00f3n encontrar\u00e1 toda la informaci\u00f3n \u00fatil sobre la entrada, [&hellip;]<\/p>\n","protected":false},"author":10,"featured_media":9268,"parent":68,"menu_order":0,"comment_status":"closed","ping_status":"closed","template":"","meta":{"footnotes":""},"tags":[],"class_list":{"0":"post-8635","1":"page","2":"type-page","3":"status-publish","4":"has-post-thumbnail","5":"hentry","6":"post-wrapper","7":"thrv_wrapper","10":"thrive-animated-item"},"wp-worthy-pixel":{"ignored":false,"public":null,"server":null,"url":null},"wp-worthy-type":"normal","_links":{"self":[{"href":"https:\/\/www.paristouristinformation.fr\/es\/wp-json\/wp\/v2\/pages\/8635","targetHints":{"allow":["GET"]}}],"collection":[{"href":"https:\/\/www.paristouristinformation.fr\/es\/wp-json\/wp\/v2\/pages"}],"about":[{"href":"https:\/\/www.paristouristinformation.fr\/es\/wp-json\/wp\/v2\/types\/page"}],"author":[{"embeddable":true,"href":"https:\/\/www.paristouristinformation.fr\/es\/wp-json\/wp\/v2\/users\/10"}],"replies":[{"embeddable":true,"href":"https:\/\/www.paristouristinformation.fr\/es\/wp-json\/wp\/v2\/comments?post=8635"}],"version-history":[{"count":0,"href":"https:\/\/www.paristouristinformation.fr\/es\/wp-json\/wp\/v2\/pages\/8635\/revisions"}],"up":[{"embeddable":true,"href":"https:\/\/www.paristouristinformation.fr\/es\/wp-json\/wp\/v2\/pages\/68"}],"wp:featuredmedia":[{"embeddable":true,"href":"https:\/\/www.paristouristinformation.fr\/es\/wp-json\/wp\/v2\/media\/9268"}],"wp:attachment":[{"href":"https:\/\/www.paristouristinformation.fr\/es\/wp-json\/wp\/v2\/media?parent=8635"}],"wp:term":[{"taxonomy":"post_tag","embeddable":true,"href":"https:\/\/www.paristouristinformation.fr\/es\/wp-json\/wp\/v2\/tags?post=8635"}],"curies":[{"name":"wp","href":"https:\/\/api.w.org\/{rel}","templated":true}]}}