{"id":8641,"date":"2021-06-28T08:07:34","date_gmt":"2021-06-28T08:07:34","guid":{"rendered":"http:\/\/paristouristinformation.fr\/es\/things-to-do\/museum\/clone-of-guide-to-rodin-museum-in-paris\/"},"modified":"2023-05-12T06:33:32","modified_gmt":"2023-05-12T06:33:32","slug":"vincennes","status":"publish","type":"page","link":"https:\/\/www.paristouristinformation.fr\/es\/cosas-que-hacer\/museo\/vincennes\/","title":{"rendered":"Gu\u00eda del Castillo de Vincennes en Par\u00eds"},"content":{"rendered":"<p>El Castillo de Vincennes es un impresionante castillo medieval situado en la ciudad de Vincennes, al este de Par\u00eds. Fue utilizado como residencia real de Francia entre los siglos XIV y XVII.Puede sentirse en la Edad Media pasando un d\u00eda en el Castillo de Vincennes, al que se puede llegar f\u00e1cilmente en el metro de Par\u00eds.Descubramos lo que espera a los visitantes en el Ch\u00e2teau de Vincennes.<\/p>\n<ul>\n<li><span style=\"\">\u00bfEst\u00e1 planeando su viaje a Par\u00eds? Te hemos preparado una lista con <a href=\"https:\/\/paristouristinformation.fr\/es\/cosas-que-hacer\/museo\/\" target=\"_blank\" rel=\"noopener\"><strong>los 30 mejores museos que visitar en Par\u00eds.<\/strong><\/a><\/span><\/li>\n<\/ul>\n<p><span><img decoding=\"async\" alt=\"chateau des vincennes in Paris in France 2\" data-id=\"8710\" width=\"736\" data-init-width=\"1000\" height=\"493\" data-init-height=\"670\" title=\"chateau des vincennes in Paris in France 2\" src=\"http:\/\/paristouristinformation.fr\/es\/wp-content\/uploads\/2021\/07\/chateau-des-vincennes-in-Paris-in-France-2.jpg\" data-width=\"736\" data-height=\"493\" style=\"\" loading=\"lazy\"><\/span><\/p>\n<ul>\n<li><a rel=\"noreferrer noopener nofollow\" href=\"https:\/\/pinterest.com\/pin\/create\/button\/?url=https:\/\/paristouristinformation.fr\/es\/cosas-que-hacer\/museo\/vincennes\/?tve=true&amp;tcbf=bebaa9b15f&amp;is_video=false&amp;media=http:\/\/paristouristinformation.fr\/es\/wp-content\/uploads\/2021\/07\/chateau-des-vincennes-in-Paris-in-France-2.jpg&amp;description=Gu%C3%ADa%20del%20castillo%20de%20Vincennes%20%7C%20ParisTouristInformation.fr\" onclick=\"essb.window('https:\/\/pinterest.com\/pin\/create\/button\/?url=https:\/\/paristouristinformation.fr\/es\/cosas-que-hacer\/museo\/vincennes\/?tve=true&amp;tcbf=bebaa9b15f&amp;is_video=false&amp;media=http:\/\/paristouristinformation.fr\/es\/wp-content\/uploads\/2021\/07\/chateau-des-vincennes-in-Paris-in-France-2.jpg&amp;description=Gu%C3%ADa%20del%20castillo%20de%20Vincennes%20%7C%20ParisTouristInformation.fr','pinpro','kyy86kdt'); return false;\" target=\"_blank\"><span><\/span><span>Pin<\/span><\/a><\/li>\n<\/ul>\n<h2 id=\"t-1612277413546\" data-alt-text=\"What can I do at Rodin Museum ?\">\u00bfQu\u00e9 puedo hacer en el Ch\u00e2teau de Vincennes?<\/h2>\n<p>Se puede pasear por el bonito patio de forma gratuita o conseguir una entrada para ver el interior. Las murallas que rodean el castillo tienen unos 1.200 metros de longitud. El castillo de Vincennes permaneci\u00f3 como residencia real hasta el siglo XVII, cuando Luis XIV construy\u00f3 Versalles. El castillo consta de varios complejos de edificios. La torre del torre\u00f3n, de 52 metros de altura, es la estructura fortificada medieval m\u00e1s alta de Europa. En el torre\u00f3n se encuentra un museo del Servicio Hist\u00f3rico de Defensa de Francia.Hay seis torres y tres puertas rodeadas por un profundo foso revestido de piedra. El enorme foso estuvo en su d\u00eda lleno de agua. El primer y segundo piso eran los apartamentos reales. Los otros tres niveles superiores albergaban al personal y a los soldados.<\/p>\n<h3>Sainte-Chapelle de Vincennes<\/h3>\n<p>La Sainte-Chapelle de Vincennes es una capilla medieval de estilo g\u00f3tico fundada en el siglo XIV a petici\u00f3n del rey Carlos V en el recinto del castillo de Vincennes.La capilla alberga las tumbas de Bernardin Gigault y Louis Antoine, duque de Enghien.Si opta por asistir a una visita guiada, es posible visitar los niveles superiores del torre\u00f3n, donde podr\u00e1 tomar incre\u00edbles fotos del Chateau y observar el verde parque de Vincennes.<\/p>\n<p><span><img decoding=\"async\" alt=\"chateau des vincennes in Paris in France 3\" data-id=\"8708\" width=\"736\" data-init-width=\"1000\" height=\"493\" data-init-height=\"670\" title=\"chateau des vincennes in Paris in France 3\" src=\"http:\/\/paristouristinformation.fr\/es\/wp-content\/uploads\/2021\/07\/chateau-des-vincennes-in-Paris-in-France-3.jpg\" data-width=\"736\" data-height=\"493\" style=\"\" loading=\"lazy\"><\/span><\/p>\n<ul>\n<li><a rel=\"noreferrer noopener nofollow\" href=\"https:\/\/pinterest.com\/pin\/create\/button\/?url=https:\/\/paristouristinformation.fr\/es\/cosas-que-hacer\/museo\/vincennes\/?tve=true&amp;tcbf=bebaa9b15f&amp;is_video=false&amp;media=http:\/\/paristouristinformation.fr\/es\/wp-content\/uploads\/2021\/07\/chateau-des-vincennes-in-Paris-in-France-3.jpg&amp;description=Gu%C3%ADa%20del%20castillo%20de%20Vincennes%20%7C%20ParisTouristInformation.fr\" onclick=\"essb.window('https:\/\/pinterest.com\/pin\/create\/button\/?url=https:\/\/paristouristinformation.fr\/es\/cosas-que-hacer\/museo\/vincennes\/?tve=true&amp;tcbf=bebaa9b15f&amp;is_video=false&amp;media=http:\/\/paristouristinformation.fr\/es\/wp-content\/uploads\/2021\/07\/chateau-des-vincennes-in-Paris-in-France-3.jpg&amp;description=Gu%C3%ADa%20del%20castillo%20de%20Vincennes%20%7C%20ParisTouristInformation.fr','pinpro','kyy86kdv'); return false;\" target=\"_blank\"><span><\/span><span>Pin<\/span><\/a><\/li>\n<\/ul>\n<h2 id=\"t-1612277413547\" data-alt-text=\"Entrance, Tickets and Tours\">Entrada, billetes y visitas al castillo de Vincennes<\/h2>\n<ul>\n<li style=\"\"><span style=\"\"><strong>Entradas:<\/strong><a href=\"https:\/\/ticket.monuments-nationaux.fr\/Accueil.aspx?anchor=tarif\" target=\"_blank\" style=\"outline: none;\" rel=\"noopener nofollow\">Entrada en l\u00ednea al Castillo de Vincennes<\/a><\/span><\/li>\n<li><span>El castillo de Vincennes puede visitarse de 10 a 17 horas del 22 de septiembre al 20 de mayo y de 10 a 18 horas del 21 de mayo al 21 de septiembre.<\/span><\/li>\n<li><span>El castillo de Vincennes se puede visitar gratuitamente los primeros domingos de noviembre, diciembre, enero, febrero y marzo.<\/span><\/li>\n<li><span style=\"\"><strong>Visitas : <\/strong>Hay visitas autoguiadas con audio en varios idiomas. Las visitas guiadas se ofrecen actualmente s\u00f3lo en franc\u00e9s y duran aproximadamente una hora y media. (todos los d\u00edas: 10:30, 14:15 y 15:00 &#8211; no es necesario reservar)<\/span><\/li>\n<\/ul>\n<ul>\n<li><span style=\"\">Para ahorrar tiempo y dinero, y evitar complicaciones, puede preparar su viaje comprando el <em><strong>Paris Museum Pass<\/strong><\/em>. Permite acceder a m\u00e1s de 50 museos de Par\u00eds. Un producto imprescindible.<\/span><\/li>\n<\/ul>\n<p><span><img decoding=\"async\" alt=\"chateau des vincennes in Paris in France 1\" data-id=\"8709\" width=\"736\" data-init-width=\"1000\" height=\"493\" data-init-height=\"670\" title=\"chateau des vincennes in Paris in France 1\" src=\"http:\/\/paristouristinformation.fr\/es\/wp-content\/uploads\/2021\/07\/chateau-des-vincennes-in-Paris-in-France-1-1.jpg\" data-width=\"736\" data-height=\"493\" style=\"\" loading=\"lazy\"><\/span><\/p>\n<ul>\n<li><a rel=\"noreferrer noopener nofollow\" href=\"https:\/\/pinterest.com\/pin\/create\/button\/?url=https:\/\/paristouristinformation.fr\/es\/cosas-que-hacer\/museo\/vincennes\/?tve=true&amp;tcbf=bebaa9b15f&amp;is_video=false&amp;media=http:\/\/paristouristinformation.fr\/es\/wp-content\/uploads\/2021\/07\/chateau-des-vincennes-in-Paris-in-France-1-1.jpg&amp;description=Gu%C3%ADa%20del%20castillo%20de%20Vincennes%20%7C%20ParisTouristInformation.fr\" onclick=\"essb.window(&#039;https:\/\/pinterest.com\/pin\/create\/button\/?url=https:\/\/paristouristinformation.fr\/es\/cosas-que-hacer\/museo\/vincennes\/?tve=true&amp;tcbf=bebaa9b15f&amp;is_video=false&amp;media=http:\/\/paristouristinformation.fr\/es\/wp-content\/uploads\/2021\/07\/chateau-des-vincennes-in-Paris-in-France-1-1.jpg&amp;description=Gu%C3%ADa%20del%20castillo%20de%20Vincennes%20%7C%20ParisTouristInformation.fr&#039;,&#039;pinpro&#039;,&#039;kyy86kdx&#039;); return false;\" target=\"_blank\"><span><\/span><span>Pin<\/span><\/a><\/li>\n<\/ul>\n<h2 id=\"t-1612277413548\" data-alt-text=\"How to get there ?\">C\u00f3mo llegar al castillo de Vincennes&nbsp;<\/h2>\n<p><strong data-rich-text-format-boundary=\"true\">Metro : <\/strong>La estaci\u00f3n m\u00e1s cercana es \u00abCh\u00e2teau de Vincennes\u00bb de la l\u00ednea 1 del metro. Es la \u00faltima estaci\u00f3n del lado este de la l\u00ednea 1.<strong data-rich-text-format-boundary=\"true\">RER A:<\/strong> Puede tomar el RER en las estaciones de Chatelet-les-Halles o Nation para llegar a Vincennes.<strong data-rich-text-format-boundary=\"true\">Autob\u00fas: <\/strong>46, 56 y 86<\/p>\n<p><span><img decoding=\"async\" alt=\"chateau des vincennes in Paris in France\" data-id=\"8707\" width=\"736\" data-init-width=\"1000\" height=\"493\" data-init-height=\"670\" title=\"chateau des vincennes in Paris in France\" src=\"http:\/\/paristouristinformation.fr\/es\/wp-content\/uploads\/2021\/07\/chateau-des-vincennes-in-Paris-in-France.jpg\" data-width=\"736\" data-height=\"493\" style=\"\" loading=\"lazy\"><\/span><\/p>\n<ul>\n<li><a rel=\"noreferrer noopener nofollow\" href=\"https:\/\/pinterest.com\/pin\/create\/button\/?url=https:\/\/paristouristinformation.fr\/es\/cosas-que-hacer\/museo\/vincennes\/?tve=true&amp;tcbf=bebaa9b15f&amp;is_video=false&amp;media=http:\/\/paristouristinformation.fr\/es\/wp-content\/uploads\/2021\/07\/chateau-des-vincennes-in-Paris-in-France.jpg&amp;description=Gu%C3%ADa%20del%20castillo%20de%20Vincennes%20%7C%20ParisTouristInformation.fr\" onclick=\"essb.window(&#039;https:\/\/pinterest.com\/pin\/create\/button\/?url=https:\/\/paristouristinformation.fr\/es\/cosas-que-hacer\/museo\/vincennes\/?tve=true&amp;tcbf=bebaa9b15f&amp;is_video=false&amp;media=http:\/\/paristouristinformation.fr\/es\/wp-content\/uploads\/2021\/07\/chateau-des-vincennes-in-Paris-in-France.jpg&amp;description=Gu%C3%ADa%20del%20castillo%20de%20Vincennes%20%7C%20ParisTouristInformation.fr&#039;,&#039;pinpro&#039;,&#039;kyy86kdy&#039;); return false;\" target=\"_blank\"><span><\/span><span>Pin<\/span><\/a><\/li>\n<\/ul>\n<h2 id=\"t-1612277413549\" data-alt-text=\"History of the Rodin Museum\">Historia del castillo de Vincennes<\/h2>\n<p>El castillo de Vincennes est\u00e1 considerado como un s\u00edmbolo de la Francia contempor\u00e1nea. Sirvi\u00f3 de residencia a los reyes de Francia durante las guerras napole\u00f3nicas y la Segunda Guerra Mundial. El castillo de Vincennes era m\u00e1s bien una ciudad fortificada en la \u00e9poca medieval en la que viv\u00edan varios miles de personas dentro de sus muros.La funci\u00f3n principal del castillo era proporcionar protecci\u00f3n al rey. Acogi\u00f3 muchos acontecimientos importantes, como matrimonios y nacimientos de varios monarcas.El castillo est\u00e1 catalogado como \u00abMonumento Nacional de Francia\u00bb.<\/p>\n<div class=\"tcb-post-list tve-content-list thrv_wrapper\" data-type=\"grid\" data-pagination-type=\"none\" data-pages_near_current=\"2\" data-css=\"tve-u-60d98346054f57\" data-total_post_count=\"3\" data-total_sticky_count=\"0\" data-no_posts_text=\"There are no posts to display.\"><article id=\"post-3461\" class=\"post-3461 page type-page status-publish has-post-thumbnail hentry post-wrapper thrv_wrapper thrive-animated-item \" tcb_hover_state_parent=\"\" shortcode=\"tcb_post_list\" data-id=\"3461\" data-selector=\".post-wrapper\"><style class=\"tcb-post-list-dynamic-style\" type=\"text\/css\"><\/style><\/p>\n<h3 style=\"\"><span data-attr-link=\"1\" data-attr-rel=\"0\" data-attr-target=\"0\" data-extra_key=\"\" data-option-inline=\"1\" data-shortcode=\"tcb_post_title\" data-shortcode-name=\"Post title\" data-attr-css=\"\" style=\"\" data-attr-static-link=\"{&quot;className&quot;:&quot;tve-froala fr-basic&quot;,&quot;href&quot;:&quot;https:\/\/paristouristinformation.fr\/es\/cosas-que-hacer\/museo\/musee-du-quai-branly\/&quot;,&quot;title&quot;:&quot;Gu\u00eda del Museo Quai Branly de Par\u00eds&quot;,&quot;class&quot;:&quot;tve-froala fr-basic&quot;}\"><a href=\"https:\/\/www.paristouristinformation.fr\/es\/cosas-que-hacer\/museo\/musee-du-quai-branly\/\" title=\"Gu\u00eda del Museo Quai Branly de Par\u00eds\" data-css=\"\" class=\"tve-froala fr-basic\">Gu\u00eda del Museo Quai Branly de Par\u00eds<\/a><\/span><\/h3>\n<p><\/article><article id=\"post-4004\" class=\"post-4004 page type-page status-publish has-post-thumbnail hentry post-wrapper thrv_wrapper thrive-animated-item \" tcb_hover_state_parent=\"\" shortcode=\"tcb_post_list\" data-id=\"4004\" data-selector=\".post-wrapper\"><style class=\"tcb-post-list-dynamic-style\" type=\"text\/css\"><\/style><\/p>\n<h3 style=\"\"><span data-attr-link=\"1\" data-attr-rel=\"0\" data-attr-target=\"0\" data-extra_key=\"\" data-option-inline=\"1\" data-shortcode=\"tcb_post_title\" data-shortcode-name=\"Post title\" data-attr-css=\"\" style=\"\" data-attr-static-link=\"{&quot;className&quot;:&quot;tve-froala fr-basic&quot;,&quot;href&quot;:&quot;https:\/\/paristouristinformation.fr\/es\/cosas-que-hacer\/museo\/musee-du-quai-branly\/&quot;,&quot;title&quot;:&quot;Gu\u00eda del Museo Quai Branly de Par\u00eds&quot;,&quot;class&quot;:&quot;tve-froala fr-basic&quot;}\"><a href=\"https:\/\/www.paristouristinformation.fr\/es\/cosas-que-hacer\/museo\/musee-picasso\/\" title=\"Gu\u00eda del Museo Picasso de Par\u00eds: Consejos &amp; Entradas\" data-css=\"\" class=\"tve-froala fr-basic\">Gu\u00eda del Museo Picasso de Par\u00eds: Consejos &amp; Entradas<\/a><\/span><\/h3>\n<p><\/article><article id=\"post-3690\" class=\"post-3690 page type-page status-publish has-post-thumbnail hentry post-wrapper thrv_wrapper thrive-animated-item \" tcb_hover_state_parent=\"\" shortcode=\"tcb_post_list\" data-id=\"3690\" data-selector=\".post-wrapper\"><style class=\"tcb-post-list-dynamic-style\" type=\"text\/css\"><\/style><\/p>\n<h3 style=\"\"><span data-attr-link=\"1\" data-attr-rel=\"0\" data-attr-target=\"0\" data-extra_key=\"\" data-option-inline=\"1\" data-shortcode=\"tcb_post_title\" data-shortcode-name=\"Post title\" data-attr-css=\"\" style=\"\" data-attr-static-link=\"{&quot;className&quot;:&quot;tve-froala fr-basic&quot;,&quot;href&quot;:&quot;https:\/\/paristouristinformation.fr\/es\/cosas-que-hacer\/museo\/musee-du-quai-branly\/&quot;,&quot;title&quot;:&quot;Gu\u00eda del Museo Quai Branly de Par\u00eds&quot;,&quot;class&quot;:&quot;tve-froala fr-basic&quot;}\"><a href=\"https:\/\/www.paristouristinformation.fr\/es\/cosas-que-hacer\/iglesia\/sacre-coeur-basilica\/\" title=\"Gu\u00eda de la Bas\u00edlica del Sacr\u00e9-C\u0153ur de Par\u00eds: \u00bfNecesita una entrada?\" data-css=\"\" class=\"tve-froala fr-basic\">Gu\u00eda de la Bas\u00edlica del Sacr\u00e9-C\u0153ur de Par\u00eds: \u00bfNecesita una entrada?<\/a><\/span><\/h3>\n<p><\/article><\/div>\n<h2 id=\"t-1612277413550\" data-alt-text=\"Contact\">Contacte con<\/h2>\n<ul>\n<li><span style=\"\"><strong>Direcci\u00f3n: <\/strong>Avenue de Paris, 94300 Vincennes, Francia<\/span><\/li>\n<li><span style=\"\"><strong>Horario de apertura:&nbsp;<\/strong><a data-id=\"http:\/\/www.musee-rodin.fr\/en\/musee-rodin\" data-rich-text-format-boundary=\"true\" data-type=\"URL\" href=\"http:\/\/www.chateau-de-vincennes.fr\" style=\"outline: none;\" target=\"_blank\" rel=\"noopener nofollow\"> http:\/\/www.chateau-de-vincennes.fr<\/a><\/span><\/li>\n<li><span style=\"\"><strong>Transporte p\u00fablico: <\/strong>Estaci\u00f3n \u00abCh\u00e2teau de Vincennes\u00bb de la l\u00ednea 1 del metro<\/span><\/li>\n<li style=\"\"><span style=\"\"><strong>P\u00e1gina web:&nbsp;<\/strong><a data-id=\"http:\/\/www.musee-rodin.fr\/en\/musee-rodin\" data-rich-text-format-boundary=\"true\" data-type=\"URL\" href=\"http:\/\/www.chateau-de-vincennes.fr\" style=\"outline: none;\" target=\"_blank\" rel=\"noopener nofollow\">http:\/\/www.chateau-de-vincennes.fr <\/a><\/span><\/li>\n<\/ul>\n<h2 style=\"\" id=\"t-1642434468282\">Art\u00edculos relacionados:<\/h2>\n<div class=\"tcb-post-list tve-content-list thrv_wrapper\" data-type=\"grid\" data-pagination-type=\"none\" data-pages_near_current=\"2\" data-css=\"tve-u-17dddb4b1c6\" data-total_post_count=\"3\" data-total_sticky_count=\"0\" data-no_posts_text=\"There are no posts to display.\"><article id=\"post-2930\" class=\"post-2930 page type-page status-publish has-post-thumbnail hentry post-wrapper thrv_wrapper thrive-animated-item  tve_evt_manager_listen tve_ea_thrive_animation tve_et_mouseover tve_anim_grow\" tcb_hover_state_parent=\"\" class=\"tve_evt_manager_listen tve_ea_thrive_animation tve_et_mouseover tve_anim_grow\" data-id=\"2930\" data-selector=\".post-wrapper\"><style class=\"tcb-post-list-dynamic-style\" type=\"text\/css\">@media (min-width: 300px){[].tcb-post-list #post-2930 []{background-image: url(\u00abhttps:\/\/www.paristouristinformation.fr\/es\/wp-content\/uploads\/2021\/01\/15-Best-Attractions-in-Paris-in-France-1024x538.jpg\u00ab) !important;}[].tcb-post-list #post-2930 []:hover []{background-image: url(\u00abhttps:\/\/www.paristouristinformation.fr\/es\/wp-content\/uploads\/2021\/01\/15-Best-Attractions-in-Paris-in-France-1024x538.jpg\u00ab) !important;}}<\/style><a href=\"https:\/\/www.paristouristinformation.fr\/es\/cosas-que-hacer\/atracciones\/\" dynamic-postlink=\"tcb_post_the_permalink\" data-shortcode-id=\"56\"><\/a><\/p>\n<h3 style=\"text-align: center; padding-top: 0px !important; margin-top: 0px !important;\"><span data-attr-link=\"1\" data-attr-rel=\"0\" data-attr-target=\"0\" data-extra_key=\"\" data-option-inline=\"1\" data-shortcode=\"tcb_post_title\" data-shortcode-name=\"Post title\" data-attr-css=\"\" data-attr-static-link=\"{&quot;className&quot;:&quot;tve-froala fr-basic&quot;,&quot;href&quot;:&quot;https:\/\/paristouristinformation.fr\/es\/cosas-que-hacer\/&quot;,&quot;title&quot;:&quot;100 cosas que hacer en Par\u00eds&quot;,&quot;class&quot;:&quot;tve-froala fr-basic&quot;}\" style=\"\"><a href=\"https:\/\/www.paristouristinformation.fr\/es\/cosas-que-hacer\/atracciones\/\" title=\"15 Atracciones mejor valoradas de Par\u00eds\" data-css=\"\" class=\"tve-froala fr-basic\">15 Atracciones mejor valoradas de Par\u00eds<\/a><\/span><\/h3>\n<p><\/article><article id=\"post-78\" class=\"post-78 page type-page status-publish has-post-thumbnail hentry post-wrapper thrv_wrapper thrive-animated-item  tve_evt_manager_listen tve_ea_thrive_animation tve_et_mouseover tve_anim_grow\" tcb_hover_state_parent=\"\" class=\"tve_evt_manager_listen tve_ea_thrive_animation tve_et_mouseover tve_anim_grow\" data-id=\"78\" data-selector=\".post-wrapper\"><style class=\"tcb-post-list-dynamic-style\" type=\"text\/css\">@media (min-width: 300px){[].tcb-post-list #post-78 []{background-image: url(\u00abhttps:\/\/www.paristouristinformation.fr\/es\/wp-content\/uploads\/2021\/01\/27-Things-to-do-with-Kids-in-Paris-in-France-1024x538.jpg\u00ab) !important;}[].tcb-post-list #post-78 []:hover []{background-image: url(\u00abhttps:\/\/www.paristouristinformation.fr\/es\/wp-content\/uploads\/2021\/01\/27-Things-to-do-with-Kids-in-Paris-in-France-1024x538.jpg\u00ab) !important;}}<\/style><a href=\"https:\/\/www.paristouristinformation.fr\/es\/cosas-que-hacer\/para-ninos\/\" dynamic-postlink=\"tcb_post_the_permalink\" data-shortcode-id=\"56\"><\/a><\/p>\n<h3 style=\"text-align: center; padding-top: 0px !important; margin-top: 0px !important;\"><span data-attr-link=\"1\" data-attr-rel=\"0\" data-attr-target=\"0\" data-extra_key=\"\" data-option-inline=\"1\" data-shortcode=\"tcb_post_title\" data-shortcode-name=\"Post title\" data-attr-css=\"\" data-attr-static-link=\"{&quot;className&quot;:&quot;tve-froala fr-basic&quot;,&quot;href&quot;:&quot;https:\/\/paristouristinformation.fr\/es\/cosas-que-hacer\/&quot;,&quot;title&quot;:&quot;100 cosas que hacer en Par\u00eds&quot;,&quot;class&quot;:&quot;tve-froala fr-basic&quot;}\" style=\"\"><a href=\"https:\/\/www.paristouristinformation.fr\/es\/cosas-que-hacer\/para-ninos\/\" title=\"27 Cosas que hacer con ni\u00f1os en Par\u00eds\" data-css=\"\" class=\"tve-froala fr-basic\">27 Cosas que hacer con ni\u00f1os en Par\u00eds<\/a><\/span><\/h3>\n<p><\/article><article id=\"post-73\" class=\"post-73 page type-page status-publish has-post-thumbnail hentry post-wrapper thrv_wrapper thrive-animated-item  tve_evt_manager_listen tve_ea_thrive_animation tve_et_mouseover tve_anim_grow\" tcb_hover_state_parent=\"\" class=\"tve_evt_manager_listen tve_ea_thrive_animation tve_et_mouseover tve_anim_grow\" data-id=\"73\" data-selector=\".post-wrapper\"><style class=\"tcb-post-list-dynamic-style\" type=\"text\/css\">@media (min-width: 300px){[].tcb-post-list #post-73 []{background-image: url(\u00abhttps:\/\/www.paristouristinformation.fr\/es\/wp-content\/uploads\/2021\/01\/10-Best-Free-Things-To-Do-in-Paris-1024x538.jpg\u00ab) !important;}[].tcb-post-list #post-73 []:hover []{background-image: url(\u00abhttps:\/\/www.paristouristinformation.fr\/es\/wp-content\/uploads\/2021\/01\/10-Best-Free-Things-To-Do-in-Paris-1024x538.jpg\u00ab) !important;}}<\/style><a href=\"https:\/\/www.paristouristinformation.fr\/es\/cosas-que-hacer\/gratis\/\" dynamic-postlink=\"tcb_post_the_permalink\" data-shortcode-id=\"56\"><\/a><\/p>\n<h3 style=\"text-align: center; padding-top: 0px !important; margin-top: 0px !important;\"><span data-attr-link=\"1\" data-attr-rel=\"0\" data-attr-target=\"0\" data-extra_key=\"\" data-option-inline=\"1\" data-shortcode=\"tcb_post_title\" data-shortcode-name=\"Post title\" data-attr-css=\"\" data-attr-static-link=\"{&quot;className&quot;:&quot;tve-froala fr-basic&quot;,&quot;href&quot;:&quot;https:\/\/paristouristinformation.fr\/es\/cosas-que-hacer\/&quot;,&quot;title&quot;:&quot;100 cosas que hacer en Par\u00eds&quot;,&quot;class&quot;:&quot;tve-froala fr-basic&quot;}\" style=\"\"><a href=\"https:\/\/www.paristouristinformation.fr\/es\/cosas-que-hacer\/gratis\/\" title=\"10 Mejores cosas que hacer gratis en Par\u00eds\" data-css=\"\" class=\"tve-froala fr-basic\">10 Mejores cosas que hacer gratis en Par\u00eds<\/a><\/span><\/h3>\n<p><\/article><\/div>\n","protected":false},"excerpt":{"rendered":"<p>El Castillo de Vincennes es un impresionante castillo medieval situado en la ciudad de Vincennes, al este de Par\u00eds. Fue utilizado como residencia real de Francia entre los siglos XIV y XVII.Puede sentirse en la Edad Media pasando un d\u00eda en el Castillo de Vincennes, al que se puede llegar f\u00e1cilmente en el metro de [&hellip;]<\/p>\n","protected":false},"author":10,"featured_media":8695,"parent":68,"menu_order":0,"comment_status":"closed","ping_status":"closed","template":"","meta":{"footnotes":""},"tags":[],"class_list":{"0":"post-8641","1":"page","2":"type-page","3":"status-publish","4":"has-post-thumbnail","5":"hentry","6":"post-wrapper","7":"thrv_wrapper","10":"thrive-animated-item"},"wp-worthy-pixel":{"ignored":false,"public":null,"server":null,"url":null},"wp-worthy-type":"normal","_links":{"self":[{"href":"https:\/\/www.paristouristinformation.fr\/es\/wp-json\/wp\/v2\/pages\/8641","targetHints":{"allow":["GET"]}}],"collection":[{"href":"https:\/\/www.paristouristinformation.fr\/es\/wp-json\/wp\/v2\/pages"}],"about":[{"href":"https:\/\/www.paristouristinformation.fr\/es\/wp-json\/wp\/v2\/types\/page"}],"author":[{"embeddable":true,"href":"https:\/\/www.paristouristinformation.fr\/es\/wp-json\/wp\/v2\/users\/10"}],"replies":[{"embeddable":true,"href":"https:\/\/www.paristouristinformation.fr\/es\/wp-json\/wp\/v2\/comments?post=8641"}],"version-history":[{"count":0,"href":"https:\/\/www.paristouristinformation.fr\/es\/wp-json\/wp\/v2\/pages\/8641\/revisions"}],"up":[{"embeddable":true,"href":"https:\/\/www.paristouristinformation.fr\/es\/wp-json\/wp\/v2\/pages\/68"}],"wp:featuredmedia":[{"embeddable":true,"href":"https:\/\/www.paristouristinformation.fr\/es\/wp-json\/wp\/v2\/media\/8695"}],"wp:attachment":[{"href":"https:\/\/www.paristouristinformation.fr\/es\/wp-json\/wp\/v2\/media?parent=8641"}],"wp:term":[{"taxonomy":"post_tag","embeddable":true,"href":"https:\/\/www.paristouristinformation.fr\/es\/wp-json\/wp\/v2\/tags?post=8641"}],"curies":[{"name":"wp","href":"https:\/\/api.w.org\/{rel}","templated":true}]}}