{"id":8889,"date":"2021-12-09T13:53:53","date_gmt":"2021-12-09T13:53:53","guid":{"rendered":"http:\/\/paristouristinformation.fr\/es\/?page_id=8889"},"modified":"2023-05-12T08:26:45","modified_gmt":"2023-05-12T08:26:45","slug":"evitar-carteristas-paris","status":"publish","type":"page","link":"https:\/\/www.paristouristinformation.fr\/es\/faq\/evitar-carteristas-paris\/","title":{"rendered":"\u00bfC\u00f3mo evitar a los carteristas en Par\u00eds? Consejos sencillos pero \u00fatiles"},"content":{"rendered":"<p>Nadie quiere que le roben en medio de las vacaciones en un momento de distracci\u00f3n. Los carteristas son dif\u00edciles de evitar en muchos casos. Hacen todo lo posible por mezclarse con su entorno y pasar desapercibidos.En este art\u00edculo le damos algunos consejos sencillos para evitar a los carteristas en Par\u00eds.<\/p>\n<h2 id=\"t-1610539832044\" style=\"\">\u00bfQu\u00e9 puedo hacer para evitar los carteristas?<\/h2>\n<p>La polic\u00eda de Par\u00eds advierte a los extranjeros sobre las estrechas calles de Monmarte y Pigalle, alrededor de la Torre Eiffel y de la estaci\u00f3n Gar du Nord. Dicen que hay ladrones por aqu\u00ed. Hay que estar siempre alerta en lugares concurridos como los transportes p\u00fablicos. Por ejemplo, la Torre Eiffel de Par\u00eds recibe decenas de miles de turistas cada d\u00eda. La l\u00ednea 6 del metro, que pasa por la torre, es una l\u00ednea de alto riesgo para este tipo de delitos.Algunos desconocidos pueden intentar entablar una conversaci\u00f3n y mostrarse muy habladores para enga\u00f1ar a los turistas.<\/p>\n<p><span><img decoding=\"async\" alt=\"pickpockets in Paris in France.j.pg\" data-id=\"9029\" width=\"736\" data-init-width=\"1000\" height=\"493\" data-init-height=\"670\" title=\"pickpockets in Paris in France.j.pg\" loading=\"lazy\" src=\"http:\/\/paristouristinformation.fr\/es\/wp-content\/uploads\/2021\/07\/pickpockets-in-Paris-in-France.j.pg_.jpg\" data-width=\"736\" data-height=\"493\" style=\"\"><\/span><\/p>\n<ul>\n<li><a rel=\"noreferrer noopener nofollow\" href=\"https:\/\/pinterest.com\/pin\/create\/button\/?url=https:\/\/paristouristinformation.fr\/es\/faq\/evitar-carteristas-paris\/?tve=true&amp;tcbf=1e01c82c1b&amp;is_video=false&amp;media=http:\/\/paristouristinformation.fr\/es\/wp-content\/uploads\/2021\/07\/pickpockets-in-Paris-in-France.j.pg_.jpg&amp;description=%C2%BFC%C3%B3mo%20evitar%20a%20los%20carteristas%20en%20Par%C3%ADs%3F%20Consejos%20sencillos%20pero%20%C3%BAtiles%20%7C%20ParisTouristInformation.fr\" onclick=\"essb.window('https:\/\/pinterest.com\/pin\/create\/button\/?url=https:\/\/paristouristinformation.fr\/es\/faq\/evitar-carteristas-paris\/?tve=true&amp;tcbf=1e01c82c1b&amp;is_video=false&amp;media=http:\/\/paristouristinformation.fr\/es\/wp-content\/uploads\/2021\/07\/pickpockets-in-Paris-in-France.j.pg_.jpg&amp;description=%C2%BFC%C3%B3mo%20evitar%20a%20los%20carteristas%20en%20Par%C3%ADs%3F%20Consejos%20sencillos%20pero%20%C3%BAtiles%20%7C%20ParisTouristInformation.fr','pinpro','kymqv9mn'); return false;\" target=\"_blank\"><span><\/span><span>Pin<\/span><\/a><\/li>\n<\/ul>\n<h3 style=\"\">C\u00f3mo llevar la bolsa<\/h3>\n<ul>\n<li><span style=\"\">Vemos que las bolsas de cintur\u00f3n vuelven a estar de moda en los \u00faltimos a\u00f1os. Aunque es un buen art\u00edculo para llevar de forma segura los objetos importantes en tus viajes, es \u00fatil elegir modelos antirrobo en lugar de los de pl\u00e1stico con cierre. Son ideales para excursiones cortas en las que no se necesita algo m\u00e1s grande.<\/span><\/li>\n<li style=\"\"><span style=\"\">Cuanto m\u00e1s peque\u00f1as sean las bolsas, mejor. Debes mantener la bolsa sobre tu regazo, especialmente cuando est\u00e9s sentado durante los descansos, en lugar de colgarla o ponerla en el suelo.<\/span><\/li>\n<li><span style=\"\">Puedes utilizar una bolsa de viaje segura que se pueda abrochar en forma de cruz y que dificulte el agarre y la huida. Es la forma m\u00e1s segura de llevar siempre encima tus objetos personales.<\/span><\/li>\n<\/ul>\n<h3 style=\"\">C\u00f3mo llevar la cartera<\/h3>\n<ul>\n<li><span style=\"\">Si tiene una prenda con un bolsillo oculto, guarde all\u00ed su cartera. Los carteristas tienden a buscar objetos de valor y dinero en lugares visibles y no saben d\u00f3nde mirar si la cartera est\u00e1 dentro de la chaqueta, en un bolsillo invisible o cerca de un bolsillo del pecho.<\/span><\/li>\n<li style=\"\"><span style=\"\">Una forma inteligente de enga\u00f1ar a los ladrones es llevar una cartera falsa llena de tarjetas y recibos en blanco. Esto puede servir de cebo cuando alguien intente rozarte, simplemente tira tu cartera falsa al suelo y corre. Pero no animes a los carteristas a acercarse a ti llevando tu cartera falsa a la vista.<\/span><\/li>\n<li><span style=\"\">Lleva siempre la cartera en el bolsillo delantero. Usar una cartera de velcro o de tela en lugar de una de cuero liso es mucho mejor, ya que son dif\u00edciles de quitar sin que se note.<\/span><\/li>\n<\/ul>\n<p><span><img decoding=\"async\" alt=\"pickpockets in Paris in France-\" data-id=\"9030\" width=\"736\" data-init-width=\"1000\" height=\"493\" data-init-height=\"670\" title=\"pickpockets in Paris in France-\" loading=\"lazy\" src=\"http:\/\/paristouristinformation.fr\/es\/wp-content\/uploads\/2021\/07\/pickpockets-in-Paris-in-France-.jpg\" data-width=\"736\" data-height=\"493\" style=\"\"><\/span><\/p>\n<ul>\n<li><a rel=\"noreferrer noopener nofollow\" href=\"https:\/\/pinterest.com\/pin\/create\/button\/?url=https:\/\/paristouristinformation.fr\/es\/faq\/evitar-carteristas-paris\/?tve=true&amp;tcbf=1e01c82c1b&amp;is_video=false&amp;media=http:\/\/paristouristinformation.fr\/es\/wp-content\/uploads\/2021\/07\/pickpockets-in-Paris-in-France-.jpg&amp;description=%C2%BFC%C3%B3mo%20evitar%20a%20los%20carteristas%20en%20Par%C3%ADs%3F%20Consejos%20sencillos%20pero%20%C3%BAtiles%20%7C%20ParisTouristInformation.fr\" onclick=\"essb.window('https:\/\/pinterest.com\/pin\/create\/button\/?url=https:\/\/paristouristinformation.fr\/es\/faq\/evitar-carteristas-paris\/?tve=true&amp;tcbf=1e01c82c1b&amp;is_video=false&amp;media=http:\/\/paristouristinformation.fr\/es\/wp-content\/uploads\/2021\/07\/pickpockets-in-Paris-in-France-.jpg&amp;description=%C2%BFC%C3%B3mo%20evitar%20a%20los%20carteristas%20en%20Par%C3%ADs%3F%20Consejos%20sencillos%20pero%20%C3%BAtiles%20%7C%20ParisTouristInformation.fr','pinpro','kymqv9mr'); return false;\" target=\"_blank\"><span><\/span><span>Pin<\/span><\/a><\/li>\n<\/ul>\n<h3 style=\"\"><strong>Estar alerta ante algunos m\u00e9todos conocidos<\/strong><\/h3>\n<ul>\n<li><span style=\"\">Coge lo que necesites y deja el resto en la caja fuerte del hotel. Antes de salir, mete el pasaporte, las llaves de casa, el exceso de dinero y las joyas caras en la caja fuerte y ci\u00e9rrala.<\/span><\/li>\n<li style=\"\"><span style=\"\">Como viajeros, a menudo sentimos la necesidad de utilizar el tel\u00e9fono m\u00f3vil de forma natural para encontrar direcciones o hacer fotos. Aunque no dejes que tu tel\u00e9fono te distraiga durante mucho tiempo. Si tienes que sacar el tel\u00e9fono, suj\u00e9talo firmemente con ambas manos y no lo mires m\u00e1s de 5-10 segundos seguidos.<\/span><\/li>\n<li><span style=\"\">Para sacar dinero, prefiera lugares m\u00e1s tranquilos, como restaurantes y hoteles poco concurridos.<\/span><\/li>\n<\/ul>\n<p><span><img decoding=\"async\" alt=\"pickpockets in Paris in France\" data-id=\"9031\" width=\"736\" data-init-width=\"1000\" height=\"493\" data-init-height=\"670\" title=\"pickpockets in Paris in France\" loading=\"lazy\" src=\"http:\/\/paristouristinformation.fr\/es\/wp-content\/uploads\/2021\/07\/pickpockets-in-Paris-in-France-1-1.jpg\" data-width=\"736\" data-height=\"493\" style=\"\"><\/span><\/p>\n<ul>\n<li><a rel=\"noreferrer noopener nofollow\" href=\"https:\/\/pinterest.com\/pin\/create\/button\/?url=https:\/\/paristouristinformation.fr\/es\/faq\/evitar-carteristas-paris\/?tve=true&amp;tcbf=1e01c82c1b&amp;is_video=false&amp;media=http:\/\/paristouristinformation.fr\/es\/wp-content\/uploads\/2021\/07\/pickpockets-in-Paris-in-France-1-1.jpg&amp;description=%C2%BFC%C3%B3mo%20evitar%20a%20los%20carteristas%20en%20Par%C3%ADs%3F%20Consejos%20sencillos%20pero%20%C3%BAtiles%20%7C%20ParisTouristInformation.fr\" onclick=\"essb.window('https:\/\/pinterest.com\/pin\/create\/button\/?url=https:\/\/paristouristinformation.fr\/es\/faq\/evitar-carteristas-paris\/?tve=true&amp;tcbf=1e01c82c1b&amp;is_video=false&amp;media=http:\/\/paristouristinformation.fr\/es\/wp-content\/uploads\/2021\/07\/pickpockets-in-Paris-in-France-1-1.jpg&amp;description=%C2%BFC%C3%B3mo%20evitar%20a%20los%20carteristas%20en%20Par%C3%ADs%3F%20Consejos%20sencillos%20pero%20%C3%BAtiles%20%7C%20ParisTouristInformation.fr','pinpro','kymqv9ms'); return false;\" target=\"_blank\"><span><\/span><span>Pin<\/span><\/a><\/li>\n<\/ul>\n<h2 style=\"\">Preguntas frecuentes<\/h2>\n<h2 style=\"\">Art\u00edculos relacionados:<\/h2>\n<div class=\"tcb-post-list tve-content-list thrv_wrapper\" data-type=\"grid\" data-pagination-type=\"none\" data-pages_near_current=\"2\" data-css=\"tve-u-17de259edd8\" data-total_post_count=\"2\" data-total_sticky_count=\"0\" data-no_posts_text=\"There are no posts to display.\"><article id=\"post-8399\" class=\"post-8399 page type-page status-publish has-post-thumbnail hentry post-wrapper thrv_wrapper thrive-animated-item  tve_evt_manager_listen tve_ea_thrive_animation tve_et_mouseover tve_anim_grow\" tcb_hover_state_parent=\"\" class=\"tve_evt_manager_listen tve_ea_thrive_animation tve_et_mouseover tve_anim_grow\" data-id=\"8399\" data-selector=\".post-wrapper\"><style class=\"tcb-post-list-dynamic-style\" type=\"text\/css\">@media (min-width: 300px){[].tcb-post-list #post-8399 []{background-image: url(\u00abhttps:\/\/www.paristouristinformation.fr\/es\/wp-content\/uploads\/2021\/03\/TOP-12-Best-Apps-to-Visit-Paris-Transport-Discovery-Tips-1024x538.jpg\u00ab) !important;}[].tcb-post-list #post-8399 []:hover []{background-image: url(\u00abhttps:\/\/www.paristouristinformation.fr\/es\/wp-content\/uploads\/2021\/03\/TOP-12-Best-Apps-to-Visit-Paris-Transport-Discovery-Tips-1024x538.jpg\u00ab) !important;}}<\/style><a href=\"https:\/\/www.paristouristinformation.fr\/es\/faq\/aplicaciones\/\" dynamic-postlink=\"tcb_post_the_permalink\" data-shortcode-id=\"8399\"><\/a><\/p>\n<h3 style=\"text-align: center; padding-top: 0px !important; margin-top: 0px !important;\"><span data-attr-link=\"1\" data-attr-rel=\"0\" data-attr-target=\"0\" data-extra_key=\"\" data-option-inline=\"1\" data-shortcode=\"tcb_post_title\" data-shortcode-name=\"Post title\" data-attr-css=\"\" data-attr-static-link=\"{&quot;className&quot;:&quot;tve-froala fr-basic&quot;,&quot;href&quot;:&quot;https:\/\/paristouristinformation.fr\/es\/faq\/aplicaciones\/&quot;,&quot;title&quot;:&quot;TOP 12 de las mejores aplicaciones para visitar Par\u00eds: Transporte, descubrimiento, consejos&quot;,&quot;class&quot;:&quot;tve-froala fr-basic&quot;}\" style=\"\"><a href=\"https:\/\/www.paristouristinformation.fr\/es\/faq\/aplicaciones\/\" title=\"Las 12 mejores aplicaciones de viaje para visitar Par\u00eds: Transporte, descubrimiento, consejos\" data-css=\"\" class=\"tve-froala fr-basic\">Las 12 mejores aplicaciones de viaje para visitar Par\u00eds: Transporte, descubrimiento, consejos<\/a><\/span><\/h3>\n<p><\/article><article id=\"post-8115\" class=\"post-8115 page type-page status-publish has-post-thumbnail hentry post-wrapper thrv_wrapper thrive-animated-item  tve_evt_manager_listen tve_ea_thrive_animation tve_et_mouseover tve_anim_grow\" tcb_hover_state_parent=\"\" class=\"tve_evt_manager_listen tve_ea_thrive_animation tve_et_mouseover tve_anim_grow\" data-id=\"8115\" data-selector=\".post-wrapper\"><style class=\"tcb-post-list-dynamic-style\" type=\"text\/css\">@media (min-width: 300px){[].tcb-post-list #post-8115 []{background-image: url(\u00abhttps:\/\/www.paristouristinformation.fr\/es\/wp-content\/uploads\/2021\/12\/Simple-Guide-to-Paris-Airbnb-Rentals-1024x538.jpg\u00ab) !important;}[].tcb-post-list #post-8115 []:hover []{background-image: url(\u00abhttps:\/\/www.paristouristinformation.fr\/es\/wp-content\/uploads\/2021\/12\/Simple-Guide-to-Paris-Airbnb-Rentals-1024x538.jpg\u00ab) !important;}}<\/style><a href=\"https:\/\/www.paristouristinformation.fr\/es\/alquileres-airbnb-paris\/\" dynamic-postlink=\"tcb_post_the_permalink\" data-shortcode-id=\"8399\"><\/a><\/p>\n<h3 style=\"text-align: center; padding-top: 0px !important; margin-top: 0px !important;\"><span data-attr-link=\"1\" data-attr-rel=\"0\" data-attr-target=\"0\" data-extra_key=\"\" data-option-inline=\"1\" data-shortcode=\"tcb_post_title\" data-shortcode-name=\"Post title\" data-attr-css=\"\" data-attr-static-link=\"{&quot;className&quot;:&quot;tve-froala fr-basic&quot;,&quot;href&quot;:&quot;https:\/\/paristouristinformation.fr\/es\/faq\/aplicaciones\/&quot;,&quot;title&quot;:&quot;TOP 12 de las mejores aplicaciones para visitar Par\u00eds: Transporte, descubrimiento, consejos&quot;,&quot;class&quot;:&quot;tve-froala fr-basic&quot;}\" style=\"\"><a href=\"https:\/\/www.paristouristinformation.fr\/es\/alquileres-airbnb-paris\/\" title=\"Gu\u00eda sencilla de alquileres Airbnb en Par\u00eds\" data-css=\"\" class=\"tve-froala fr-basic\">Gu\u00eda sencilla de alquileres Airbnb en Par\u00eds<\/a><\/span><\/h3>\n<p><\/article><\/div>\n","protected":false},"excerpt":{"rendered":"<p>Nadie quiere que le roben en medio de las vacaciones en un momento de distracci\u00f3n. Los carteristas son dif\u00edciles de evitar en muchos casos. Hacen todo lo posible por mezclarse con su entorno y pasar desapercibidos.En este art\u00edculo le damos algunos consejos sencillos para evitar a los carteristas en Par\u00eds. \u00bfQu\u00e9 puedo hacer para evitar [&hellip;]<\/p>\n","protected":false},"author":10,"featured_media":9027,"parent":6992,"menu_order":0,"comment_status":"closed","ping_status":"closed","template":"","meta":{"footnotes":""},"tags":[],"class_list":{"0":"post-8889","1":"page","2":"type-page","3":"status-publish","4":"has-post-thumbnail","5":"hentry","6":"post-wrapper","7":"thrv_wrapper","10":"thrive-animated-item"},"wp-worthy-pixel":{"ignored":false,"public":null,"server":null,"url":null},"wp-worthy-type":"normal","_links":{"self":[{"href":"https:\/\/www.paristouristinformation.fr\/es\/wp-json\/wp\/v2\/pages\/8889","targetHints":{"allow":["GET"]}}],"collection":[{"href":"https:\/\/www.paristouristinformation.fr\/es\/wp-json\/wp\/v2\/pages"}],"about":[{"href":"https:\/\/www.paristouristinformation.fr\/es\/wp-json\/wp\/v2\/types\/page"}],"author":[{"embeddable":true,"href":"https:\/\/www.paristouristinformation.fr\/es\/wp-json\/wp\/v2\/users\/10"}],"replies":[{"embeddable":true,"href":"https:\/\/www.paristouristinformation.fr\/es\/wp-json\/wp\/v2\/comments?post=8889"}],"version-history":[{"count":0,"href":"https:\/\/www.paristouristinformation.fr\/es\/wp-json\/wp\/v2\/pages\/8889\/revisions"}],"up":[{"embeddable":true,"href":"https:\/\/www.paristouristinformation.fr\/es\/wp-json\/wp\/v2\/pages\/6992"}],"wp:featuredmedia":[{"embeddable":true,"href":"https:\/\/www.paristouristinformation.fr\/es\/wp-json\/wp\/v2\/media\/9027"}],"wp:attachment":[{"href":"https:\/\/www.paristouristinformation.fr\/es\/wp-json\/wp\/v2\/media?parent=8889"}],"wp:term":[{"taxonomy":"post_tag","embeddable":true,"href":"https:\/\/www.paristouristinformation.fr\/es\/wp-json\/wp\/v2\/tags?post=8889"}],"curies":[{"name":"wp","href":"https:\/\/api.w.org\/{rel}","templated":true}]}}