{"id":9808,"date":"2021-09-20T07:37:05","date_gmt":"2021-09-20T07:37:05","guid":{"rendered":"http:\/\/paristouristinformation.fr\/es\/?page_id=9808"},"modified":"2023-10-05T08:31:51","modified_gmt":"2023-10-05T08:31:51","slug":"la-mejor-audioguia-de-paris","status":"publish","type":"page","link":"https:\/\/www.paristouristinformation.fr\/es\/la-mejor-audioguia-de-paris\/","title":{"rendered":"Mejor audiogu\u00eda de Par\u00eds"},"content":{"rendered":"<h1><span style=\"font-weight: normal;\">Rese\u00f1a de nuestras mejores audiogu\u00edas de Par\u00eds<\/span><\/h1>\n<p>Descubra Par\u00eds a su ritmo con nuestro sistema de audiogu\u00eda, f\u00e1cil de usar y muy pr\u00e1ctico.<\/p>\n<p><span><img decoding=\"async\" alt=\"\" data-id=\"9833\" width=\"600\" height=\"270\" title=\"yourmobileguide red logo\" src=\"http:\/\/paristouristinformation.fr\/es\/wp-content\/uploads\/2021\/09\/yourmobileguide-red-logo.png\" data-width=\"600\" data-height=\"270\" data-init-width=\"1132\" data-init-height=\"510\" style=\"aspect-ratio: auto 1132 \/ 510;\" loading=\"lazy\"><\/span><\/p>\n<h2 style=\"text-align: center;\" id=\"t-1632128500415\">Lista de las mejores visitas con audiogu\u00eda de Par\u00eds<\/h2>\n<p>Aqu\u00ed tiene nuestra lista de las mejores audiogu\u00edas de Par\u00eds, con breves res\u00famenes y muestras de audio.\u00bfDesea descubrir la Ciudad del Amor por su cuenta, pero tambi\u00e9n disfrutar de una visita guiada profesional? Entonces apreciar\u00e1 nuestras audiogu\u00edas autoguiadas. Con la aplicaci\u00f3n de audiogu\u00eda de YourMobileGuide, que puede realizarse a pie, en bicicleta, en coche y en transporte p\u00fablico, siempre tendr\u00e1 su gu\u00eda personal en su propio smartphone.Otras funciones estupendas son las entradas con descuento, as\u00ed como una gu\u00eda gratuita de la ciudad con funci\u00f3n GPS y filtros como Top Sights, Lugares Rom\u00e1nticos, Restaurantes y Bares, Cosas que hacer cuando llueve y muchas m\u00e1s.<\/p>\n<h4 style=\"\">1. Exploraci\u00f3n de la zona de Notre Dame<\/h4>\n<p>Emb\u00e1rquese en un viaje por el coraz\u00f3n hist\u00f3rico de Par\u00eds con una entretenida informaci\u00f3n de fondo sobre la rica historia de Par\u00eds. La audiogu\u00eda le llevar\u00e1 por el barrio de Notre Dame hasta los lugares y monumentos m\u00e1s bellos, como la Catedral de Notre Dame y el Museo del Louvre.<\/p>\n<h4 style=\"\">2. Recorrido a pie por Montmartre<\/h4>\n<p>Sum\u00e9rjase en el encantador barrio bohemio de Montmartre y descubra un lado completamente diferente de Par\u00eds. Desde las joyas ocultas hasta los lugares m\u00e1s destacados, la audiogu\u00eda le acompa\u00f1ar\u00e1 con emocionantes an\u00e9cdotas sobre lo m\u00e1s destacado del antiguo pueblo.<\/p>\n<h4 style=\"\">3. Recorrido por el Barrio Latino: El Par\u00eds intelectual<\/h4>\n<p>Conozca el lugar de encuentro de artistas e intelectuales en esta visita autoguiada por el Barrio Latino. Conozca la Edad de Oro de Par\u00eds, sienta el incomparable ambiente del barrio estudiantil y descubra sus lugares m\u00e1s bellos.<\/p>\n<h2 style=\"text-align: center;\" id=\"t-1632128500411\">La aplicaci\u00f3n que le proporciona una gu\u00eda local en su bolsillo<\/h2>\n<p><span><img decoding=\"async\" alt=\"\" data-id=\"9833\" width=\"450\" data-init-width=\"1132\" height=\"203\" data-init-height=\"510\" title=\"yourmobileguide red logo\" src=\"http:\/\/paristouristinformation.fr\/es\/wp-content\/uploads\/2021\/09\/yourmobileguide-red-logo.png\" data-width=\"450\" data-height=\"203\" loading=\"lazy\" style=\"aspect-ratio: auto 1132 \/ 510;\"><\/span><\/p>\n<p>Como ParisTouristInformation, nuestra misi\u00f3n es mostrar a los turistas la singularidad y belleza de la capital francesa. Por ello, siempre buscamos las mejores formas de transmitir la riqueza de nuestra ciudad de una manera aut\u00e9ntica y a la vez progresista.As\u00ed fue como conocimos el sistema de audiogu\u00edas de YourMobileGuide. La aplicaci\u00f3n Audio Guide, que permite a los viajeros utilizar su propio smartphone para explorar la ciudad en bicicleta, en coche, a pie, en barco o en transporte p\u00fablico, nos sorprendi\u00f3 absolutamente como una aplicaci\u00f3n innovadora y f\u00e1cil de usar.Para usted, hemos creado unas cuantas audiogu\u00edas originales sobre diferentes temas, barrios y museos de Par\u00eds, presentando nuestra ciudad a personas de todo el mundo y proporcionando al mismo tiempo consejos de primera mano y experiencias especiales.<\/p>\n<p>Para nosotros, lo m\u00e1s destacado es la gu\u00eda <a href=\"https:\/\/web.yourmobileguide.com\/tours\/france\/paris\/freemap\/paris-free-city-guide\" target=\"_blank\" style=\"outline: none;\" rel=\"noopener nofollow\"><strong>gratuita de la ciudad con funci\u00f3n GPS<\/strong><\/a>, que permite a nuestros visitantes encontrar lugares especiales en Par\u00eds incluso sin conexi\u00f3n. Gracias a la opci\u00f3n de crear filtros, podr\u00e1 encontrar grandes categor\u00edas para descubrir la fant\u00e1stica ciudad de Par\u00eds a su manera. Algunos filtros disponibles: lugares de inter\u00e9s tur\u00edstico, lugares rom\u00e1nticos o ins\u00f3litos, atracciones para ni\u00f1os o actividades en caso de lluvia.<\/p>\n<p style=\"text-align: center;\"><strong>No espere, descargue ahora mismo la aplicaci\u00f3n YourMobileGuide de forma gratuita.<\/strong><\/p>\n<h2 id=\"t-1632128500412\" data-alt-text=\"Download The App for Free\">YourMobileGuide le permite descubrir Par\u00eds a su ritmo, con una gu\u00eda local en su tel\u00e9fono, siempre disponible.<\/h2>\n<p>Descargue gratuitamente nuestra aplicaci\u00f3n de gu\u00eda de la ciudad y conozca todos los secretos de Par\u00eds para los gu\u00edas locales.<\/p>\n<p style=\"\">+95<\/p>\n<p>Gu\u00edas de ciudades disponibles<\/p>\n<p style=\"\">+50<\/p>\n<p>Ciudades principales<\/p>\n<p style=\"\">+350<\/p>\n<p>Gu\u00edas locales a su servicio<\/p>\n<h2 style=\"text-align: center;\" id=\"t-1632128500413\" data-alt-text=\"YourMobileGuide: How does it work ?\">YourMobileGuide: \u00bfC\u00f3mo funciona?<\/h2>\n<p><strong>Paso 1:<\/strong> En primer lugar, <a href=\"https:\/\/apps.apple.com\/us\/app\/your-mobile-guide\/id1557458035\" target=\"_blank\" style=\"outline: none;\" rel=\"noopener nofollow\">descargue la aplicaci\u00f3n YourMobileGuide<\/a> de forma gratuita en su tel\u00e9fono iOS o Android o simplemente utilice la versi\u00f3n web. La aplicaci\u00f3n le dar\u00e1 acceso a contenidos gratuitos que podr\u00e1 disfrutar, as\u00ed como a Audiogu\u00edas de Par\u00eds u otras ciudades de primer orden.<\/p>\n<p><strong>Paso 2: <\/strong>Abre el acceso de geolocalizaci\u00f3n y la aplicaci\u00f3n averiguar\u00e1 d\u00f3nde est\u00e1s y todas las mejores Audiogu\u00edas disponibles a tu alrededor.<\/p>\n<p><strong>Paso 3: <\/strong>Compre una audiogu\u00eda original de su elecci\u00f3n por s\u00f3lo un par de euros y empiece a escucharla y siga la trayectoria o utilice la gu\u00eda de la ciudad de forma gratuita.<\/p>\n<p><strong>Escuchar en casa: <\/strong>Si lo desea, tambi\u00e9n puede escoger la audiogu\u00eda que desee desde su casa, \u00a1y escuchar los secretos de Par\u00eds desde su sof\u00e1!<\/p>\n<p><strong>S\u00f3lo descargando la aplicaci\u00f3n YourMobileGuide<\/strong>, obtendr\u00e1 un acceso gratuito a:<\/p>\n<ul>\n<li>Mapas de la ciudad para recorrerla m\u00e1s f\u00e1cilmente<\/li>\n<li>Descuentos en las entradas de las principales atracciones<\/li>\n<li>Gu\u00edas escritas de m\u00e1s de 100 lugares, museos, parques, monumentos&#8230;<\/li>\n<\/ul>\n<h4>Mapas gratuitos de la ciudad<\/h4>\n<h4>Descuentos en las entradas<\/h4>\n<h4>Gu\u00edas escritas gratuitas<\/h4>\n<h2 style=\"text-align: center;\" id=\"t-1632128500414\" data-alt-text=\"Try the App with a Free Sample\">\u00bfQuieres probarlo?<\/h2>\n<p style=\"text-align: center;\">Escuche su primera Audiogu\u00eda haciendo clic aqu\u00ed :<\/p>\n","protected":false},"excerpt":{"rendered":"<p>Rese\u00f1a de nuestras mejores audiogu\u00edas de Par\u00eds Descubra Par\u00eds a su ritmo con nuestro sistema de audiogu\u00eda, f\u00e1cil de usar y muy pr\u00e1ctico. Lista de las mejores visitas con audiogu\u00eda de Par\u00eds Aqu\u00ed tiene nuestra lista de las mejores audiogu\u00edas de Par\u00eds, con breves res\u00famenes y muestras de audio.\u00bfDesea descubrir la Ciudad del Amor por [&hellip;]<\/p>\n","protected":false},"author":10,"featured_media":9753,"parent":0,"menu_order":0,"comment_status":"closed","ping_status":"closed","template":"","meta":{"footnotes":""},"tags":[],"class_list":["post-9808","page","type-page","status-publish","has-post-thumbnail","hentry","post-wrapper","thrv_wrapper"],"wp-worthy-pixel":{"ignored":false,"public":null,"server":null,"url":null},"wp-worthy-type":"normal","_links":{"self":[{"href":"https:\/\/www.paristouristinformation.fr\/es\/wp-json\/wp\/v2\/pages\/9808","targetHints":{"allow":["GET"]}}],"collection":[{"href":"https:\/\/www.paristouristinformation.fr\/es\/wp-json\/wp\/v2\/pages"}],"about":[{"href":"https:\/\/www.paristouristinformation.fr\/es\/wp-json\/wp\/v2\/types\/page"}],"author":[{"embeddable":true,"href":"https:\/\/www.paristouristinformation.fr\/es\/wp-json\/wp\/v2\/users\/10"}],"replies":[{"embeddable":true,"href":"https:\/\/www.paristouristinformation.fr\/es\/wp-json\/wp\/v2\/comments?post=9808"}],"version-history":[{"count":0,"href":"https:\/\/www.paristouristinformation.fr\/es\/wp-json\/wp\/v2\/pages\/9808\/revisions"}],"wp:featuredmedia":[{"embeddable":true,"href":"https:\/\/www.paristouristinformation.fr\/es\/wp-json\/wp\/v2\/media\/9753"}],"wp:attachment":[{"href":"https:\/\/www.paristouristinformation.fr\/es\/wp-json\/wp\/v2\/media?parent=9808"}],"wp:term":[{"taxonomy":"post_tag","embeddable":true,"href":"https:\/\/www.paristouristinformation.fr\/es\/wp-json\/wp\/v2\/tags?post=9808"}],"curies":[{"name":"wp","href":"https:\/\/api.w.org\/{rel}","templated":true}]}}