{"id":12018,"date":"2024-12-11T17:00:07","date_gmt":"2024-12-11T17:00:07","guid":{"rendered":"https:\/\/www.paristouristinformation.fr\/fr\/?page_id=12018"},"modified":"2024-12-11T17:00:09","modified_gmt":"2024-12-11T17:00:09","slug":"liens-daffiliation","status":"publish","type":"page","link":"https:\/\/www.paristouristinformation.fr\/fr\/liens-daffiliation\/","title":{"rendered":"Liens d&rsquo;affiliation"},"content":{"rendered":"<p>Notre objectif \u00e0 ParisTouristInformation.fr est de fournir un contenu de voyage de qualit\u00e9 qui vous aide \u00e0 planifier et \u00e0 profiter de vos voyages. Afin de soutenir nos efforts pour maintenir et d\u00e9velopper ce site, nous utilisons des liens d&rsquo;affiliation dans notre contenu. Cela signifie que nous pouvons recevoir une petite commission si vous achetez quelque chose via certains des liens de notre site. Cela se fait sans frais suppl\u00e9mentaires pour vous et nous aide \u00e0 maintenir le contenu gratuit et \u00e0 jour.<\/p>\n<p>Pourquoi nous utilisons des liens d&rsquo;affiliation<\/p>\n<p>L&rsquo;exploitation d&rsquo;un site web demande du temps et des ressources, et les partenariats nous permettent de financer le travail que nous effectuons. Il est important de savoir que nous ne recommandons que des produits, des circuits et des services dont nous pensons r\u00e9ellement qu&rsquo;ils apportent une valeur ajout\u00e9e \u00e0 votre exp\u00e9rience de voyage. Nous s\u00e9lectionnons soigneusement nos partenaires et les passons en revue pour nous assurer qu&rsquo;ils correspondent aux normes et aux int\u00e9r\u00eats de nos lecteurs.<\/p>\n<p>Partenaires affili\u00e9s<\/p>\n<p>Voici quelques-uns de nos partenaires affili\u00e9s de confiance :<\/p>\n<ul>\n<li>GetYourGuide<\/li>\n<li>Tiqets<\/li>\n<li>Headout<\/li>\n<li>Viator<\/li>\n<li>Holafly<\/li>\n<li>Booking . com<\/li>\n<li>Megapass<\/li>\n<li>Musement<\/li>\n<\/ul>\n<p>Veuillez noter que nous pouvons mettre \u00e0 jour cette liste au fur et \u00e0 mesure que nous travaillons avec de nouvelles entreprises en qui nous avons confiance et que nous recommandons.<\/p>\n<p><strong>Engagement d&rsquo;honn\u00eatet\u00e9<\/strong><\/p>\n<p>Nous voulons que vous puissiez faire confiance aux recommandations que nous faisons. Bien que nous touchions une commission pour soutenir notre travail, elle n&rsquo;a aucune influence sur le contenu, les sujets ou les produits que nous recommandons. Notre objectif principal est de fournir des informations utiles, honn\u00eates et pr\u00e9cises pour vos voyages. Chaque produit ou service que nous recommandons est quelque chose que nous utiliserions personnellement ou que nous recommanderions \u00e0 nos amis et \u00e0 notre famille.<\/p>\n<p><strong>Votre soutien est important pour nous<\/strong><\/p>\n<p>En utilisant nos liens d&rsquo;affiliation, vous soutenez le contenu et les ressources que nous proposons ici sur ParisTouristInformation.fr, et nous vous sommes tr\u00e8s reconnaissants de votre confiance et de votre soutien. Cela nous permet de continuer \u00e0 fournir des conseils, des guides et des recommandations qui, nous l&rsquo;esp\u00e9rons, enrichiront votre exp\u00e9rience de voyage.<\/p>\n<p>Si vous avez des questions ou des inqui\u00e9tudes concernant nos partenariats ou nos contenus, n&rsquo;h\u00e9sitez pas \u00e0 nous contacter.<\/p>\n","protected":false},"excerpt":{"rendered":"<p>Notre objectif \u00e0 ParisTouristInformation.fr est de fournir un contenu de voyage de qualit\u00e9 qui vous aide \u00e0 planifier et \u00e0 profiter de vos voyages. Afin de soutenir nos efforts pour maintenir et d\u00e9velopper ce site, nous utilisons des liens d&rsquo;affiliation dans notre contenu. Cela signifie que nous pouvons recevoir une petite commission si vous achetez [&hellip;]<\/p>\n","protected":false},"author":13,"featured_media":0,"parent":0,"menu_order":0,"comment_status":"closed","ping_status":"closed","template":"","meta":{"footnotes":""},"tags":[],"class_list":["post-12018","page","type-page","status-publish","hentry","post-wrapper","thrv_wrapper"],"_links":{"self":[{"href":"https:\/\/www.paristouristinformation.fr\/fr\/wp-json\/wp\/v2\/pages\/12018","targetHints":{"allow":["GET"]}}],"collection":[{"href":"https:\/\/www.paristouristinformation.fr\/fr\/wp-json\/wp\/v2\/pages"}],"about":[{"href":"https:\/\/www.paristouristinformation.fr\/fr\/wp-json\/wp\/v2\/types\/page"}],"author":[{"embeddable":true,"href":"https:\/\/www.paristouristinformation.fr\/fr\/wp-json\/wp\/v2\/users\/13"}],"replies":[{"embeddable":true,"href":"https:\/\/www.paristouristinformation.fr\/fr\/wp-json\/wp\/v2\/comments?post=12018"}],"version-history":[{"count":4,"href":"https:\/\/www.paristouristinformation.fr\/fr\/wp-json\/wp\/v2\/pages\/12018\/revisions"}],"predecessor-version":[{"id":12022,"href":"https:\/\/www.paristouristinformation.fr\/fr\/wp-json\/wp\/v2\/pages\/12018\/revisions\/12022"}],"wp:attachment":[{"href":"https:\/\/www.paristouristinformation.fr\/fr\/wp-json\/wp\/v2\/media?parent=12018"}],"wp:term":[{"taxonomy":"post_tag","embeddable":true,"href":"https:\/\/www.paristouristinformation.fr\/fr\/wp-json\/wp\/v2\/tags?post=12018"}],"curies":[{"name":"wp","href":"https:\/\/api.w.org\/{rel}","templated":true}]}}