{"id":1206,"date":"2020-12-08T08:27:31","date_gmt":"2020-12-08T08:27:31","guid":{"rendered":"http:\/\/paristouristinformation.fr\/fr\/?page_id=1206"},"modified":"2023-05-16T08:21:34","modified_gmt":"2023-05-16T08:21:34","slug":"pont-neuf","status":"publish","type":"page","link":"https:\/\/www.paristouristinformation.fr\/fr\/choses-a-faire\/ponts\/pont-neuf\/","title":{"rendered":"Histoire du Pont Neuf \u00e0 Paris"},"content":{"rendered":"<p>Il existe un idiome fran\u00e7ais \u00ab\u00a0solide comme le Pont-Neuf\u00a0\u00bb qui signifie \u00ab\u00a0aussi solide que le Pont Neuf\u00a0\u00bb pour souligner la robustesse de quelque chose.En vous promenant sur le fleuve, prenez le temps de voir de tous les c\u00f4t\u00e9s le plus ancien pont sur la Seine qui a r\u00e9ussi \u00e0 survivre parfaitement du 17\u00e8me si\u00e8cle jusqu&rsquo;\u00e0 aujourd&rsquo;hui !Le Pont Neuf relie les deux rives de la Seine en passant par <a href=\"https:\/\/paristouristinformation.fr\/fr\/choses-a-faire\/quartiers\/ile-de-la-cite\/\">l&rsquo;\u00cele de la Cit\u00e9 <\/a>&#8211; appel\u00e9e le berceau de la ville. Son bras long compte sept arches depuis la droite et son bras court compte cinq arches depuis la rive gauche.<\/p>\n<h2 id=\"t-1612271939663\" data-alt-text=\"What can I do at Pont Neuf bridge?\" style=\"\">Que puis-je faire au Pont Neuf de Paris ?<\/h2>\n<p>C&rsquo;est une excellente id\u00e9e de regarder le coucher de soleil sur la Seine apr\u00e8s une journ\u00e9e bien remplie \u00e0 Paris. <strong>Tenez-vous sur le pont, regardez les bateaux monter et descendre, attendez que la nuit tombe et voyez les reflets des lumi\u00e8res des b\u00e2timents historiques sur l&rsquo;eau.<\/strong> Il est impossible de ne pas \u00eatre captiv\u00e9 par les paysages illumin\u00e9s de Notre Dame et du Louvre.<\/p>\n<p>N&rsquo;oubliez pas de voir les <strong>12 corniches en arc arrondi avec des mascarons <\/strong>(masque en italien) sculpt\u00e9s dans la pierre. Ce type d&rsquo;ornementation utilis\u00e9 dans les anciens b\u00e2timents romains est appel\u00e9 \u00ab\u00a0grotesque\u00a0\u00bb en architecture. Il y a 384 visages au total avec des traits \u00e9tranges combinant des motifs humains, animaux et floraux.<\/p>\n<p><span><img decoding=\"async\" alt=\"\" data-id=\"6182\" width=\"680\" data-init-width=\"1000\" height=\"454\" data-init-height=\"667\" title=\"grotesque masks pont neuf\" src=\"http:\/\/paristouristinformation.fr\/fr\/wp-content\/uploads\/2021\/01\/grotesque-masks-pont-neuf.jpg\" data-width=\"680\" data-height=\"454\" data-pin-media=\"http:\/\/paristouristinformation.fr\/fr\/wp-content\/uploads\/2021\/03\/prag_50_sehenswuerdigkeiten_pinterest-33.jpg\" data-pin-description=\"Know everything about the Pont Neuf Bridge in Paris : History, Pictures and Facts about the most famous bridge of Paris in France.\" data-pin-url=\"http:\/\/paristouristinformation.fr\/fr\/things-to-do\/bridge\/pont-neuf\/?tve=true&amp;tcbf=e9aa5eae8a\" data-pinpro-key=\"zwtvwy0yv\" loading=\"lazy\"><\/span><\/p>\n<p>Si vous regardez du c\u00f4t\u00e9 oppos\u00e9 \u00e0 ce pont, vous verrez le<strong> Pont des Art<\/strong>s, autrement dit, le Pont des Amoureux, o\u00f9 des \u00e9cluses \u00e9taient reli\u00e9es dans le pass\u00e9. Il est aujourd&rsquo;hui prot\u00e9g\u00e9 par des vitres pour \u00e9viter les dommages caus\u00e9s par les \u00e9cluses.<\/p>\n<div class=\"tcb-post-list tve-content-list thrv_wrapper\" data-type=\"grid\" data-pagination-type=\"none\" data-pages_near_current=\"2\" data-css=\"tve-u-17726df0d7c\" data-total_post_count=\"2\" data-total_sticky_count=\"0\" data-no_posts_text=\"There are no posts to display.\"><article id=\"post-73\" class=\"post-73 page type-page status-publish has-post-thumbnail hentry post-wrapper thrv_wrapper thrive-animated-item \" tcb_hover_state_parent=\"\" shortcode=\"tcb_post_list\" data-id=\"73\" data-selector=\".post-wrapper\"><style class=\"tcb-post-list-dynamic-style\" type=\"text\/css\"><\/style><\/p>\n<h3 style=\"\"><span data-attr-link=\"1\" data-attr-rel=\"0\" data-attr-target=\"0\" data-extra_key=\"\" data-option-inline=\"1\" data-shortcode=\"tcb_post_title\" data-shortcode-name=\"Post title\" data-attr-css=\"\" style=\"\" data-attr-static-link=\"{&quot;className&quot;:&quot;tve-froala fr-basic&quot;,&quot;href&quot;:&quot;https:\/\/paristouristinformation.fr\/fr\/choses-a-faire\/attractions\/&quot;,&quot;title&quot;:&quot;15 Attractions les mieux cot\u00e9es de Paris&quot;,&quot;class&quot;:&quot;tve-froala fr-basic&quot;}\"><a href=\"https:\/\/www.paristouristinformation.fr\/fr\/choses-a-faire\/gratuit\/\" title=\"10 Meilleures Choses \u00e0 Faire \u00e0 Paris\" data-css=\"\" class=\"tve-froala fr-basic\">10 Meilleures Choses \u00e0 Faire \u00e0 Paris<\/a><\/span><\/h3>\n<p><\/article><article id=\"post-2930\" class=\"post-2930 page type-page status-publish has-post-thumbnail hentry post-wrapper thrv_wrapper thrive-animated-item \" tcb_hover_state_parent=\"\" shortcode=\"tcb_post_list\" data-id=\"2930\" data-selector=\".post-wrapper\"><style class=\"tcb-post-list-dynamic-style\" type=\"text\/css\"><\/style><\/p>\n<h3 style=\"\"><span data-attr-link=\"1\" data-attr-rel=\"0\" data-attr-target=\"0\" data-extra_key=\"\" data-option-inline=\"1\" data-shortcode=\"tcb_post_title\" data-shortcode-name=\"Post title\" data-attr-css=\"\" style=\"\" data-attr-static-link=\"{&quot;className&quot;:&quot;tve-froala fr-basic&quot;,&quot;href&quot;:&quot;https:\/\/paristouristinformation.fr\/fr\/choses-a-faire\/attractions\/&quot;,&quot;title&quot;:&quot;15 Attractions les mieux cot\u00e9es de Paris&quot;,&quot;class&quot;:&quot;tve-froala fr-basic&quot;}\"><a href=\"https:\/\/www.paristouristinformation.fr\/fr\/choses-a-faire\/attractions\/\" title=\"15 Attractions les mieux cot\u00e9es de Paris\" data-css=\"\" class=\"tve-froala fr-basic\">15 Attractions les mieux cot\u00e9es de Paris<\/a><\/span><\/h3>\n<p><\/article><\/div>\n<h3 style=\"\">Vedettes du Pont Neuf<\/h3>\n<p>L&rsquo;une des<a href=\"https:\/\/paristouristinformation.fr\/fr\/choses-a-faire\/attractions\/\" style=\"outline: none;\"> principales attractions de Paris<\/a> est une <a href=\"https:\/\/paristouristinformation.fr\/fr\/choses-a-faire\/croisiere-sur-la-seine\/\" style=\"outline: none;\">promenade en bateau sur la Seine<\/a>. Il est possible d&#8217;embarquer sur les Vedettes du Pont Neuf juste en dessous du pont. Il s&rsquo;agit d&rsquo;un tour de plus d&rsquo;une heure au cours duquel vous pouvez voir les principaux monuments embl\u00e9matiques de la ville.Il passe par les structures les plus importantes de Paris, telles que la Tour Eiffel et le Louvre, dont la plupart sont situ\u00e9es sur les rives de la Seine. La croisi\u00e8re d&rsquo;une heure commence et se termine au Pont Neuf. L&rsquo;audioguide partage les d\u00e9tails historiques en fran\u00e7ais et en anglais pendant la visite.<\/p>\n<ul>\n<li><span style=\"\">Achetez votre billet pour une <a href=\"https:\/\/www.tiqets.com\/en\/paris-attractions-c66746\/tickets-for-seine-river-cruise-by-bateaux-mouches-p982823\/?partner=checkfortrip\" target=\"_blank\" rel=\"noopener nofollow\">croisi\u00e8re Hop on Hop off sur la Seine <\/a>et profitez d&rsquo;un moment unique \u00e0 Paris. Il n&rsquo;y a rien de tel !<\/span><\/li>\n<li><span style=\"\">Obtenez un <a href=\"https:\/\/yourmobileguide.com\/en\/audioguides\/france\/paris\" target=\"_blank\" rel=\"noopener nofollow\">billet pour une croisi\u00e8re sur la Seine avec audioguide gratuit <\/a>sur notre boutique officielle.<\/span><\/li>\n<\/ul>\n<h3 style=\"\">Bouquinistes au Pont Neuf<\/h3>\n<p><span><img decoding=\"async\" alt=\"\" data-id=\"6186\" width=\"680\" data-init-width=\"1000\" height=\"454\" data-init-height=\"667\" title=\"Pont Neuf Booksellers\" src=\"http:\/\/paristouristinformation.fr\/fr\/wp-content\/uploads\/2021\/01\/Pont-Neuf-Booksellers.jpg\" data-width=\"680\" data-height=\"454\" data-pin-media=\"http:\/\/paristouristinformation.fr\/fr\/wp-content\/uploads\/2021\/03\/prag_50_sehenswuerdigkeiten_pinterest-33.jpg\" data-pin-description=\"Know everything about the Pont Neuf Bridge in Paris : History, Pictures and Facts about the most famous bridge of Paris in France.\" data-pin-url=\"http:\/\/paristouristinformation.fr\/fr\/things-to-do\/bridge\/pont-neuf\/?tve=true&amp;tcbf=e9aa5eae8a\" data-pinpro-key=\"qoxc4omvm\" loading=\"lazy\"><\/span><\/p>\n<p>La Seine est d\u00e9crite <strong>comme le seul fleuve au monde qui coule entre deux \u00e9tag\u00e8res de livres.<\/strong> En vous promenant sur la rive gauche, vous verrez de nombreuses librairies ainsi que des stands de livres en plein air. Saviez-vous que cette route avec toutes les bo\u00eetes vertes vendant des livres sont sur la liste du patrimoine mondial depuis 1992.<\/p>\n<p>Il y a plus de <strong>200 stands de livres au bord de la rivi\u00e8re,<\/strong> vendant des livres neufs et anciens, des timbres anciens, des magazines et bien d&rsquo;autres choses encore.<\/p>\n<p><strong>Cette profession remonte \u00e0 la seconde moiti\u00e9 du XVIIe si\u00e8cle. <\/strong>Au XIXe si\u00e8cle surtout, la demande de livres a augment\u00e9 en raison de l&rsquo;accroissement du taux de lecture dans la population. En 1859, les bouquinistes ont \u00e9t\u00e9 autoris\u00e9s \u00e0 vendre des livres \u00e0 des points fixes.<strong><\/strong><\/p>\n<ul>\n<li><span style=\"\">Vous pr\u00e9parez votre voyage \u00e0 Paris ? Nous vous avons pr\u00e9par\u00e9 une liste de <a href=\"https:\/\/paristouristinformation.fr\/fr\/choses-a-faire\/\">100 choses \u00e0 faire \u00e0 Paris.<\/a> Choisissez vos activit\u00e9s pr\u00e9f\u00e9r\u00e9es et cr\u00e9ez votre propre exp\u00e9rience unique de Paris.<\/span><\/li>\n<\/ul>\n<h2 id=\"t-1612271939664\" style=\"\">Histoire du Pont Neuf \u00e0 Paris<\/h2>\n<p><span><img decoding=\"async\" alt=\"Pont Neuf in Paris in France\" data-id=\"102\" width=\"680\" data-init-width=\"1000\" height=\"454\" data-init-height=\"667\" title=\"Pont Neuf in Paris in France\" src=\"http:\/\/paristouristinformation.fr\/fr\/wp-content\/uploads\/2020\/06\/Pont-Neuf-in-Paris-in-France.jpg\" data-width=\"680\" data-height=\"454\" data-pin-media=\"http:\/\/paristouristinformation.fr\/fr\/wp-content\/uploads\/2021\/03\/prag_50_sehenswuerdigkeiten_pinterest-33.jpg\" data-pin-description=\"Know everything about the Pont Neuf Bridge in Paris : History, Pictures and Facts about the most famous bridge of Paris in France.\" data-pin-url=\"http:\/\/paristouristinformation.fr\/fr\/things-to-do\/bridge\/pont-neuf\/?tve=true&amp;tcbf=e9aa5eae8a\" data-pinpro-key=\"pnu9zuw18\" loading=\"lazy\"><\/span><\/p>\n<p>La construction de ponts pour relier les deux rives de la Seine remonte \u00e0 environ 2000 ans. La construction d&rsquo;un nouveau pont a commenc\u00e9 en 1578, sous Henri III, en raison des dommages subis par les ponts pr\u00e9c\u00e9dents pour diverses raisons au fil du temps.<\/p>\n<p>Elle a \u00e9t\u00e9 con\u00e7ue par Baptiste Du Cerceau et Pierre des Illes. Bien que les travaux aient commenc\u00e9 en 1578, ils ont \u00e9t\u00e9 interrompus entre 1562 et 1598 \u00e0 cause des guerres de religion, un conflit entre catholiques et protestants.<strong> La construction s&rsquo;est finalement termin\u00e9e en 1604.<\/strong><\/p>\n<p>Sous le r\u00e8gne de Napol\u00e9on III, qui fut le premier pr\u00e9sident \u00e9lu de France, les fondations du pont ont \u00e9t\u00e9 reconstruites et r\u00e9nov\u00e9es. <strong>L&rsquo;absence de maisons sur celui-ci a rendu le Pont Neuf unique et premier. <\/strong>Tous les ponts pr\u00e9c\u00e9dents avaient des maisons construites sur eux \u00e0 cette \u00e9poque.&nbsp;<\/p>\n<p>Le nouveau pont servait aux pi\u00e9tons avec son trottoir qui \u00e9tait une innovation pour la ville. Les gens rencontraient le trottoir qui les prot\u00e9geait des sols boueux et des voitures \u00e0 chevaux. Les maisons sur les ponts sont rest\u00e9es debout jusqu&rsquo;\u00e0 il y a cent ans, ce qui n&rsquo;est pas si vieux. Ensuite, ils ont tous \u00e9t\u00e9 r\u00e9glement\u00e9s pour les pi\u00e9tons et la circulation.<\/p>\n<p style=\"\">Actuellement, il y a<strong> 37 ponts tout au long de la Seine<\/strong> qui divise la ville en deux. Seuls 4 d&rsquo;entre eux sont destin\u00e9s aux pi\u00e9tons ; tous rivalisent de beaut\u00e9 avec leurs caract\u00e9ristiques originales. Deux d&rsquo;entre eux fonctionnent comme des ponts ferroviaires.<\/p>\n<ul>\n<li><span style=\"\">Vous pr\u00e9parez votre voyage \u00e0 Paris ? Nous vous avons pr\u00e9par\u00e9 une liste des <a href=\"https:\/\/paristouristinformation.fr\/fr\/choses-a-faire\/musees\/\">30 meilleurs mus\u00e9es \u00e0 visiter \u00e0 Paris<\/a>. Choisissez vos pr\u00e9f\u00e9r\u00e9s et visitez le meilleur de Paris !<\/span><\/li>\n<\/ul>\n<h2 id=\"t-1612271939665\" style=\"\">Comment s&rsquo;y rendre ?<\/h2>\n<p style=\"\">La station de m\u00e9tro la plus proche est \u00ab\u00a0Pont Neuf\u00a0\u00bb sur la ligne 7.<\/p>\n<p style=\"\">Le pont Neuf est situ\u00e9 dans le 1er arrondissement de Paris. Un endroit parfait pour commencer vos d\u00e9couvertes des <a href=\"https:\/\/paristouristinformation.fr\/fr\/choses-a-faire\/\">choses \u00e0 faire \u00e0 Paris. <\/a>Son emplacement au c\u0153ur de la ville en fait un point d&rsquo;int\u00e9r\u00eat pour chaque visiteur, ainsi qu&rsquo;un des points de rencontre les plus importants pour la population.<\/p>\n<ul>\n<li><span style=\"\"><strong>Conseil : <\/strong>Pour gagner du temps, \u00e9conomiser de l&rsquo;argent et \u00e9viter les tracas, vous pouvez pr\u00e9parer votre voyage en achetant \u00e0 l&rsquo;avance tous les billets en ligne dont vous avez besoin dans notre <a href=\"https:\/\/paristouristinformation.fr\/fr\/visites-guidees-et-billets\/\">Paris Tickets Shop<\/a> officiel.<strong><\/strong><\/span><\/li>\n<\/ul>\n<h2 id=\"t-1612271939666\">Adresse et plan d&rsquo;acc\u00e8s<\/h2>\n<ul>\n<li><strong>Adresse :<\/strong> Pont Neuf, 1st arrondissement of Paris &#8211; 75001<\/li>\n<\/ul>\n<h2 style=\"\" id=\"t-1640081226720\">Tours et billets de Paris<\/h2>\n<p style=\"text-align: left;\">D\u00e9couvrez Paris aujourd&rsquo;hui avec les visites et les billets les plus pr\u00e9f\u00e9r\u00e9s, sans faire la queue.<\/p>\n<h2 style=\"\" id=\"t-1640081226719\">Articles connexes :<\/h2>\n<div class=\"tcb-post-list tve-content-list thrv_wrapper\" data-type=\"grid\" data-pagination-type=\"none\" data-pages_near_current=\"2\" data-css=\"tve-u-17ddc7a332d\" data-total_post_count=\"4\" data-total_sticky_count=\"0\" data-no_posts_text=\"There are no posts to display.\"><article id=\"post-8389\" class=\"post-8389 page type-page status-publish has-post-thumbnail hentry post-wrapper thrv_wrapper thrive-animated-item  tve_evt_manager_listen tve_ea_thrive_animation tve_et_mouseover tve_anim_grow\" tcb_hover_state_parent=\"\" class=\"tve_evt_manager_listen tve_ea_thrive_animation tve_et_mouseover tve_anim_grow\" data-id=\"8389\" data-selector=\".post-wrapper\"><style class=\"tcb-post-list-dynamic-style\" type=\"text\/css\">@media (min-width: 300px){[].tcb-post-list #post-8389 []{background-image: url(\u00ab\u00a0https:\/\/www.paristouristinformation.fr\/fr\/wp-content\/uploads\/2021\/01\/10-Rooftop-Bars-and-Restaurants-with-a-view-in-Paris-1024x538.jpg\u00ab\u00a0) !important;}[].tcb-post-list #post-8389 []:hover []{background-image: url(\u00ab\u00a0https:\/\/www.paristouristinformation.fr\/fr\/wp-content\/uploads\/2021\/01\/10-Rooftop-Bars-and-Restaurants-with-a-view-in-Paris-1024x538.jpg\u00ab\u00a0) !important;}}<\/style><a href=\"https:\/\/www.paristouristinformation.fr\/fr\/restaurants\/rooftop\/\" dynamic-postlink=\"tcb_post_the_permalink\" data-shortcode-id=\"8389\"><\/a><\/p>\n<h3 style=\"text-align: center; padding-top: 0px !important; margin-top: 0px !important;\"><span data-attr-link=\"1\" data-attr-rel=\"0\" data-attr-target=\"0\" data-extra_key=\"\" data-option-inline=\"1\" data-shortcode=\"tcb_post_title\" data-shortcode-name=\"Post title\" data-attr-css=\"\" data-attr-static-link=\"{&quot;className&quot;:&quot;tve-froala fr-basic&quot;,&quot;href&quot;:&quot;https:\/\/paristouristinformation.fr\/fr\/restaurants\/rooftop\/&quot;,&quot;title&quot;:&quot;10 Bars et Restaurants Rooftop avec Vue \u00e0 Paris&quot;,&quot;class&quot;:&quot;tve-froala fr-basic&quot;}\" style=\"\"><a href=\"https:\/\/www.paristouristinformation.fr\/fr\/restaurants\/rooftop\/\" title=\"10 Bars et Restaurants Rooftop avec Vue \u00e0 Paris\" data-css=\"\" class=\"tve-froala fr-basic\">10 Bars et Restaurants Rooftop avec Vue \u00e0 Paris<\/a><\/span><\/h3>\n<p><\/article><article id=\"post-5160\" class=\"post-5160 page type-page status-publish has-post-thumbnail hentry post-wrapper thrv_wrapper thrive-animated-item  tve_evt_manager_listen tve_ea_thrive_animation tve_et_mouseover tve_anim_grow\" tcb_hover_state_parent=\"\" class=\"tve_evt_manager_listen tve_ea_thrive_animation tve_et_mouseover tve_anim_grow\" data-id=\"5160\" data-selector=\".post-wrapper\"><style class=\"tcb-post-list-dynamic-style\" type=\"text\/css\">@media (min-width: 300px){[].tcb-post-list #post-5160 []{background-image: url(\u00ab\u00a0https:\/\/www.paristouristinformation.fr\/fr\/wp-content\/uploads\/2021\/01\/pont-alexandre-in-Paris-in-France-1024x538.jpg\u00ab\u00a0) !important;}[].tcb-post-list #post-5160 []:hover []{background-image: url(\u00ab\u00a0https:\/\/www.paristouristinformation.fr\/fr\/wp-content\/uploads\/2021\/01\/pont-alexandre-in-Paris-in-France-1024x538.jpg\u00ab\u00a0) !important;}}<\/style><a href=\"https:\/\/www.paristouristinformation.fr\/fr\/choses-a-faire\/ponts\/\" dynamic-postlink=\"tcb_post_the_permalink\" data-shortcode-id=\"8389\"><\/a><\/p>\n<h3 style=\"text-align: center; padding-top: 0px !important; margin-top: 0px !important;\"><span data-attr-link=\"1\" data-attr-rel=\"0\" data-attr-target=\"0\" data-extra_key=\"\" data-option-inline=\"1\" data-shortcode=\"tcb_post_title\" data-shortcode-name=\"Post title\" data-attr-css=\"\" data-attr-static-link=\"{&quot;className&quot;:&quot;tve-froala fr-basic&quot;,&quot;href&quot;:&quot;https:\/\/paristouristinformation.fr\/fr\/restaurants\/rooftop\/&quot;,&quot;title&quot;:&quot;10 Bars et Restaurants Rooftop avec Vue \u00e0 Paris&quot;,&quot;class&quot;:&quot;tve-froala fr-basic&quot;}\" style=\"\"><a href=\"https:\/\/www.paristouristinformation.fr\/fr\/choses-a-faire\/ponts\/\" title=\"5 Ponts les plus c\u00e9l\u00e8bres de Paris : Localisation &amp; Conseils\" data-css=\"\" class=\"tve-froala fr-basic\">5 Ponts les plus c\u00e9l\u00e8bres de Paris : Localisation &amp; Conseils<\/a><\/span><\/h3>\n<p><\/article><article id=\"post-5193\" class=\"post-5193 page type-page status-publish has-post-thumbnail hentry post-wrapper thrv_wrapper thrive-animated-item  tve_evt_manager_listen tve_ea_thrive_animation tve_et_mouseover tve_anim_grow\" tcb_hover_state_parent=\"\" class=\"tve_evt_manager_listen tve_ea_thrive_animation tve_et_mouseover tve_anim_grow\" data-id=\"5193\" data-selector=\".post-wrapper\"><style class=\"tcb-post-list-dynamic-style\" type=\"text\/css\">@media (min-width: 300px){[].tcb-post-list #post-5193 []{background-image: url(\u00ab\u00a0https:\/\/www.paristouristinformation.fr\/fr\/wp-content\/uploads\/2021\/01\/Les-Ombres-Paris-France.jpg\u00ab\u00a0) !important;}[].tcb-post-list #post-5193 []:hover []{background-image: url(\u00ab\u00a0https:\/\/www.paristouristinformation.fr\/fr\/wp-content\/uploads\/2021\/01\/Les-Ombres-Paris-France.jpg\u00ab\u00a0) !important;}}<\/style><a href=\"https:\/\/www.paristouristinformation.fr\/fr\/culture\/\" dynamic-postlink=\"tcb_post_the_permalink\" data-shortcode-id=\"8389\"><\/a><\/p>\n<h3 style=\"text-align: center; padding-top: 0px !important; margin-top: 0px !important;\"><span data-attr-link=\"1\" data-attr-rel=\"0\" data-attr-target=\"0\" data-extra_key=\"\" data-option-inline=\"1\" data-shortcode=\"tcb_post_title\" data-shortcode-name=\"Post title\" data-attr-css=\"\" data-attr-static-link=\"{&quot;className&quot;:&quot;tve-froala fr-basic&quot;,&quot;href&quot;:&quot;https:\/\/paristouristinformation.fr\/fr\/restaurants\/rooftop\/&quot;,&quot;title&quot;:&quot;10 Bars et Restaurants Rooftop avec Vue \u00e0 Paris&quot;,&quot;class&quot;:&quot;tve-froala fr-basic&quot;}\" style=\"\"><a href=\"https:\/\/www.paristouristinformation.fr\/fr\/culture\/\" title=\"Guide de la Culture Fran\u00e7aise : Conseils sur l\u2019Art, la Cuisine, la Mode\" data-css=\"\" class=\"tve-froala fr-basic\">Guide de la Culture Fran\u00e7aise : Conseils sur l\u2019Art, la Cuisine, la Mode<\/a><\/span><\/h3>\n<p><\/article><article id=\"post-7650\" class=\"post-7650 page type-page status-publish has-post-thumbnail hentry post-wrapper thrv_wrapper thrive-animated-item  tve_evt_manager_listen tve_ea_thrive_animation tve_et_mouseover tve_anim_grow\" tcb_hover_state_parent=\"\" class=\"tve_evt_manager_listen tve_ea_thrive_animation tve_et_mouseover tve_anim_grow\" data-id=\"7650\" data-selector=\".post-wrapper\"><style class=\"tcb-post-list-dynamic-style\" type=\"text\/css\">@media (min-width: 300px){[].tcb-post-list #post-7650 []{background-image: url(\u00ab\u00a0https:\/\/www.paristouristinformation.fr\/fr\/wp-content\/uploads\/2020\/12\/Notre-Dame-Cruise-Seine-in-Paris-in-France.jpg\u00ab\u00a0) !important;}[].tcb-post-list #post-7650 []:hover []{background-image: url(\u00ab\u00a0https:\/\/www.paristouristinformation.fr\/fr\/wp-content\/uploads\/2020\/12\/Notre-Dame-Cruise-Seine-in-Paris-in-France.jpg\u00ab\u00a0) !important;}}<\/style><a href=\"https:\/\/www.paristouristinformation.fr\/fr\/choses-a-faire\/croisiere-sur-la-seine\/\" dynamic-postlink=\"tcb_post_the_permalink\" data-shortcode-id=\"8389\"><\/a><\/p>\n<h3 style=\"text-align: center; padding-top: 0px !important; margin-top: 0px !important;\"><span data-attr-link=\"1\" data-attr-rel=\"0\" data-attr-target=\"0\" data-extra_key=\"\" data-option-inline=\"1\" data-shortcode=\"tcb_post_title\" data-shortcode-name=\"Post title\" data-attr-css=\"\" data-attr-static-link=\"{&quot;className&quot;:&quot;tve-froala fr-basic&quot;,&quot;href&quot;:&quot;https:\/\/paristouristinformation.fr\/fr\/restaurants\/rooftop\/&quot;,&quot;title&quot;:&quot;10 Bars et Restaurants Rooftop avec Vue \u00e0 Paris&quot;,&quot;class&quot;:&quot;tve-froala fr-basic&quot;}\" style=\"\"><a href=\"https:\/\/www.paristouristinformation.fr\/fr\/choses-a-faire\/croisiere-sur-la-seine\/\" title=\"Croisi\u00e8re sur la Seine \u00e0 Paris : R\u00e9servation &amp; Conseils\" data-css=\"\" class=\"tve-froala fr-basic\">Croisi\u00e8re sur la Seine \u00e0 Paris : R\u00e9servation &amp; Conseils<\/a><\/span><\/h3>\n<p><\/article><\/div>\n","protected":false},"excerpt":{"rendered":"<p>Il existe un idiome fran\u00e7ais \u00ab\u00a0solide comme le Pont-Neuf\u00a0\u00bb qui signifie \u00ab\u00a0aussi solide que le Pont Neuf\u00a0\u00bb pour souligner la robustesse de quelque chose.En vous promenant sur le fleuve, prenez le temps de voir de tous les c\u00f4t\u00e9s le plus ancien pont sur la Seine qui a r\u00e9ussi \u00e0 survivre parfaitement du 17\u00e8me si\u00e8cle jusqu&rsquo;\u00e0 [&hellip;]<\/p>\n","protected":false},"author":11,"featured_media":4148,"parent":5160,"menu_order":0,"comment_status":"closed","ping_status":"closed","template":"","meta":{"footnotes":""},"tags":[],"class_list":{"0":"post-1206","1":"page","2":"type-page","3":"status-publish","4":"has-post-thumbnail","5":"hentry","6":"post-wrapper","7":"thrv_wrapper","10":"thrive-animated-item"},"_links":{"self":[{"href":"https:\/\/www.paristouristinformation.fr\/fr\/wp-json\/wp\/v2\/pages\/1206","targetHints":{"allow":["GET"]}}],"collection":[{"href":"https:\/\/www.paristouristinformation.fr\/fr\/wp-json\/wp\/v2\/pages"}],"about":[{"href":"https:\/\/www.paristouristinformation.fr\/fr\/wp-json\/wp\/v2\/types\/page"}],"author":[{"embeddable":true,"href":"https:\/\/www.paristouristinformation.fr\/fr\/wp-json\/wp\/v2\/users\/11"}],"replies":[{"embeddable":true,"href":"https:\/\/www.paristouristinformation.fr\/fr\/wp-json\/wp\/v2\/comments?post=1206"}],"version-history":[{"count":0,"href":"https:\/\/www.paristouristinformation.fr\/fr\/wp-json\/wp\/v2\/pages\/1206\/revisions"}],"up":[{"embeddable":true,"href":"https:\/\/www.paristouristinformation.fr\/fr\/wp-json\/wp\/v2\/pages\/5160"}],"wp:featuredmedia":[{"embeddable":true,"href":"https:\/\/www.paristouristinformation.fr\/fr\/wp-json\/wp\/v2\/media\/4148"}],"wp:attachment":[{"href":"https:\/\/www.paristouristinformation.fr\/fr\/wp-json\/wp\/v2\/media?parent=1206"}],"wp:term":[{"taxonomy":"post_tag","embeddable":true,"href":"https:\/\/www.paristouristinformation.fr\/fr\/wp-json\/wp\/v2\/tags?post=1206"}],"curies":[{"name":"wp","href":"https:\/\/api.w.org\/{rel}","templated":true}]}}