{"id":2996,"date":"2020-12-20T20:34:27","date_gmt":"2020-12-20T20:34:27","guid":{"rendered":"http:\/\/paristouristinformation.fr\/fr\/?page_id=2996"},"modified":"2023-05-16T08:19:59","modified_gmt":"2023-05-16T08:19:59","slug":"cinematheque-francaise-cinema","status":"publish","type":"page","link":"https:\/\/www.paristouristinformation.fr\/fr\/choses-a-faire\/musees\/cinematheque-francaise-cinema\/","title":{"rendered":"Visitez la Cin\u00e9math\u00e8que Fran\u00e7aise de Paris"},"content":{"rendered":"<p>Tous les cin\u00e9philes savent d\u00e9j\u00e0 que le cin\u00e9ma fran\u00e7ais est consid\u00e9r\u00e9 comme l&rsquo;une des <strong>productions les plus sophistiqu\u00e9es au monde.<\/strong>En France, le cin\u00e9ma, appel\u00e9 le septi\u00e8me art, fait partie de l&rsquo;art de vivre et occupe une grande place dans la vie des Fran\u00e7ais. Toute cette grandeur peut \u00eatre observ\u00e9e dans le lieu d\u00e9di\u00e9 \u00e0 cet art, la Cin\u00e9math\u00e8que fran\u00e7aise, situ\u00e9e \u00e0 Bercy, dans le 12e arrondissement. La Cin\u00e9math\u00e8que Fran\u00e7aise abrite une exposition unique et se compose de deux mus\u00e9es, d&rsquo;une biblioth\u00e8que, d&rsquo;une salle de projection et de 2 studios.A travers cet article, nous vous donnerons toutes les informations sur les expositions, l&rsquo;histoire, les billets et les visites guid\u00e9es ainsi que des informations utiles pour vous y rendre.<\/p>\n<ul>\n<li><span style=\"\">Vous pr\u00e9parez votre voyage \u00e0 Paris ? Consultez notre liste des <a href=\"https:\/\/paristouristinformation.fr\/fr\/choses-a-faire\/\">100 choses \u00e0 faire \u00e0 Paris.<\/a> Choisissez vos activit\u00e9s pr\u00e9f\u00e9r\u00e9es et profitez d&rsquo;une visite unique de Paris.<\/span><\/li>\n<\/ul>\n<h2 id=\"t-1612279207652\" data-alt-text=\"What can I do at the Cin\u00e9math\u00e8que ?\" style=\"\">Que puis-je faire \u00e0 la Cin\u00e9math\u00e8que fran\u00e7aise ?<\/h2>\n<p><span><img decoding=\"async\" alt=\"\" data-id=\"4611\" width=\"603\" data-init-width=\"1000\" height=\"402\" data-init-height=\"667\" title=\"EDITORIAL COVER cinematheque in paris in france\" src=\"http:\/\/paristouristinformation.fr\/fr\/wp-content\/uploads\/2020\/12\/EDITORIAL-COVER-cinematheque-in-paris-in-france.jpg\" data-width=\"603\" data-height=\"402\" data-pinpro-key=\"ujx4cucxw\" loading=\"lazy\"><\/span><\/p>\n<p>Enti\u00e8rement r\u00e9nov\u00e9e \u00e0 l&rsquo;\u00e9t\u00e9 2020, la Cin\u00e9math\u00e8que fran\u00e7aise s&rsquo;occupe de la <strong>distribution et de la pr\u00e9servation des films<\/strong> en tant que bien culturel.Avec des expositions extraordinaires sur l&rsquo;histoire du cin\u00e9ma, elle offre aux visiteurs un aper\u00e7u du monde du cin\u00e9ma en France.Le mus\u00e9e principal poss\u00e8de une vaste collection qui comprend des <strong>objets uniques sur le th\u00e8me du film et du cin\u00e9ma.<\/strong>On peut y voir des films, des vid\u00e9os, des DVD, mais aussi des objets cultes, des critiques de films, des affiches, des photos, des costumes et des accessoires qui proviennent de diff\u00e9rentes parties du monde. Parmi les pi\u00e8ces ma\u00eetresses de la collection figurent des costumes de stars hollywoodiennes telles que Charlie Chaplin, Greta Garbo et Elisabeth Taylor.<\/p>\n<p>Un tout nouveau mus\u00e9e appel\u00e9 le<strong> Mus\u00e9e M\u00e9li\u00e8s<\/strong> a \u00e9t\u00e9 inaugur\u00e9 \u00e0 l&rsquo;\u00e9t\u00e9 2020 \u00e0 la Cin\u00e9math\u00e8que fran\u00e7aise.Ce mus\u00e9e remonte aux origines du cin\u00e9ma. Il pr\u00e9sente des objets d&rsquo;art trompeur, des costumes, des appareils et engins importants, des dessins, des objets insolites&#8230;.En octobre 2020, la Cin\u00e9math\u00e8que a m\u00eame cr\u00e9\u00e9 un <strong>nouvel espace de tournage p\u00e9dagogique pour r\u00e9aliser des films.<\/strong>Dans ces deux nouveaux studios, seuls les \u00e9l\u00e8ves seront invit\u00e9s \u00e0 manipuler, cadrer, \u00e9clairer, construire des d\u00e9cors, inventer des histoires, jouer et regarder.Le b\u00e2timent postmoderne lui-m\u00eame est \u00e9galement int\u00e9ressant. Il a \u00e9t\u00e9 con\u00e7u par l&rsquo;architecte vedette canado-am\u00e9ricain Frank Gehry &#8211; une raison de plus pour laquelle la Cin\u00e9math\u00e8que fran\u00e7aise se distingue parmi les<a href=\"https:\/\/paristouristinformation.fr\/fr\/choses-a-faire\/musees\/\"> mus\u00e9es de Paris<\/a>.<\/p>\n<h3>Expositions et \u00e9v\u00e9nements sp\u00e9ciaux&nbsp;<\/h3>\n<p>En outre, le mus\u00e9e accueille r\u00e9guli\u00e8rement des <strong>expositions et des \u00e9v\u00e9nements ax\u00e9s sur des p\u00e9riodes, des acteurs et des r\u00e9alisateurs sp\u00e9cifiques. <\/strong>En outre, environ 1300 films sont projet\u00e9s chaque ann\u00e9e dans la salle de cin\u00e9ma interne mise \u00e0 la disposition des visiteurs d\u00e9sireux de les regarder.Vous pouvez trouver un aper\u00e7u actuel sur le <a href=\"https:\/\/www.cinematheque.fr\/\" target=\"_blank\" rel=\"noopener nofollow\">site officiel de la Cinameth\u00e8que Fran\u00e7aise.<\/a><\/p>\n<h2 id=\"t-1612279207653\" data-alt-text=\"Entrance, Tickets and Tours\">Entr\u00e9e, Billets et Visites \u00e0 la Cin\u00e9math\u00e8que Fran\u00e7aise<\/h2>\n<ul>\n<li><span style=\"\">Billets : Le prix d&rsquo;entr\u00e9e normal est de 5 \u20ac pour le Mus\u00e9e principal, 8 \u20ac pour le Mus\u00e9e M\u00e9li\u00e8s, 7 \u20ac pour les projections et 3,5 \u20ac pour la biblioth\u00e8que. Gratuit pour les enfants de moins de 6 ans. Consultez le site officiel pour conna\u00eetre les derniers prix.<\/span><\/li>\n<li><span style=\"\"><strong>Visites guid\u00e9es :<\/strong> La Cin\u00e9math\u00e8que propose aux groupes des visites guid\u00e9es des expositions en cours. Uniquement pour les adultes, sur r\u00e9servation. D&rsquo;autres activit\u00e9s priv\u00e9es sont disponibles pour les enfants et les jeunes.<\/span><\/li>\n<\/ul>\n<ul>\n<li><span style=\"\">Pour gagner du temps, de l&rsquo;argent et \u00e9viter les tracas, vous pouvez pr\u00e9parer votre voyage en achetant le <a href=\"https:\/\/paristouristinformation.fr\/fr\/visites-guidees-et-billets\/\">Paris Museum Pass<\/a>. Il donne acc\u00e8s \u00e0<span style=\"text-decoration: underline;\"> plus de 50 mus\u00e9es parisiens<\/span> dont la Cin\u00e9math\u00e8que fran\u00e7aise. A ne pas manquer !<\/span><\/li>\n<\/ul>\n<p>__CONFIG_colors_palette__{\u00ab\u00a0active_palette\u00a0\u00bb:0,\u00a0\u00bbconfig\u00a0\u00bb:{\u00ab\u00a0colors\u00a0\u00bb:{\u00ab\u00a0f8570\u00a0\u00bb:{\u00ab\u00a0name\u00a0\u00bb:\u00a0\u00bbMain Accent\u00a0\u00bb,\u00a0\u00bbparent\u00a0\u00bb:-1}},\u00a0\u00bbgradients\u00a0\u00bb:[]},\u00a0\u00bbpalettes\u00a0\u00bb:[{\u00ab\u00a0name\u00a0\u00bb:\u00a0\u00bbDefault Palette\u00a0\u00bb,\u00a0\u00bbvalue\u00a0\u00bb:{\u00ab\u00a0colors\u00a0\u00bb:{\u00ab\u00a0f8570\u00a0\u00bb:{\u00ab\u00a0val\u00a0\u00bb:\u00a0\u00bbvar(&#8211;tcb-skin-color-0)\u00a0\u00bb}},\u00a0\u00bbgradients\u00a0\u00bb:[]},\u00a0\u00bboriginal\u00a0\u00bb:{\u00ab\u00a0colors\u00a0\u00bb:{\u00ab\u00a0f8570\u00a0\u00bb:{\u00ab\u00a0val\u00a0\u00bb:\u00a0\u00bbrgb(19, 114, 211)\u00a0\u00bb,\u00a0\u00bbhsl\u00a0\u00bb:{\u00ab\u00a0h\u00a0\u00bb:210,\u00a0\u00bbs\u00a0\u00bb:0.83,\u00a0\u00bbl\u00a0\u00bb:0.45}}},\u00a0\u00bbgradients\u00a0\u00bb:[]}}]}__CONFIG_colors_palette__ <a href=\"https:\/\/paristouristinformation.fr\/fr\/visites-guidees-et-billets\/\"> <span><span style=\"\">Acc\u00e9der au Paris Tickets Shop<\/span><\/span> <\/a><\/p>\n<h2 id=\"t-1612279207654\" data-alt-text=\"How to get there ?\">Comment se rendre \u00e0 la Cin\u00e9math\u00e8que Fran\u00e7aise ?<\/h2>\n<p>Le mus\u00e9e est situ\u00e9 dans le quartier de Bercy, dans le 12e arrondissement.<\/p>\n<ul>\n<li><strong>Le moyen le plus simple<\/strong> d&rsquo;y acc\u00e9der est de prendre le <strong>m\u00e9tro ligne 6 ou 14<\/strong>, station \u00ab\u00a0Bercy\u00a0\u00bb.<\/li>\n<li>Vous pouvez \u00e9galement prendre le <strong>bus ligne 24 ou N32<\/strong> et descendre \u00e0 la station \u00ab\u00a0Bercy-Arena\u00a0\u00bb.<\/li>\n<\/ul>\n<h2 id=\"t-1612279207655\">FAQ (Foire aux questions)<\/h2>\n<h2 id=\"t-1612279207656\" data-alt-text=\"History of the Cin\u00e9math\u00e8que Fran\u00e7aise\" style=\"\">Histoire de la Cin\u00e9math\u00e8que Fran\u00e7aise<\/h2>\n<p><span><img decoding=\"async\" alt=\"\" data-id=\"4614\" width=\"680\" data-init-width=\"1000\" height=\"455\" data-init-height=\"669\" title=\"cinema culture in paris in france\" src=\"http:\/\/paristouristinformation.fr\/fr\/wp-content\/uploads\/2020\/12\/cinema-culture-in-paris-in-france.jpg\" data-width=\"680\" data-height=\"455\" style=\"\" data-pinpro-key=\"qmq4goca5\" loading=\"lazy\"><\/span><\/p>\n<p>L&rsquo;histoire de la Cin\u00e9math\u00e8que fran\u00e7aise avec le Mus\u00e9e du Cin\u00e9ma remonte \u00e0 Henri Langlois et Georges Franju, qui ont fond\u00e9 l&rsquo;institut du cin\u00e9ma en 1935 sous le nom de <em>Cercle du cin\u00e9ma.<\/em>En 1936, les deux fondateurs, qui s&rsquo;\u00e9taient d\u00e9j\u00e0 consacr\u00e9s dans le pass\u00e9 au sauvetage et <strong>\u00e0 la conservation de copies de films, commencent \u00e0 collectionner<\/strong> avec Paul-Auguste Harl\u00e9 des objets li\u00e9s au cin\u00e9ma et aux films. En tant que Cin\u00e9math\u00e8que fran\u00e7aise, ils ont \u00e9galement fait de la pr\u00e9servation et de la diffusion des films en tant que bien culturel leur mission.En particulier pendant la <strong>Seconde Guerre mondiale<\/strong>, la Cin\u00e9math\u00e8que a r\u00e9ussi \u00e0 sauver de nombreux films des national-socialistes.<\/p>\n<p>Avec sa collection, la Cin\u00e9math\u00e8que fran\u00e7aise a \u00e9galement eu une influence importante sur les r\u00e9alisateurs de la <strong>Nouvelle Vague<\/strong>, un style de cin\u00e9ma fran\u00e7ais.En 1968, le ministre de la culture et cin\u00e9aste de l&rsquo;\u00e9poque, Andr\u00e9 Malraux, a annul\u00e9 des fonds afin de forcer le licenciement du cofondateur Henri Langlois. Cela a conduit \u00e0 la fermeture temporaire de la Cin\u00e9math\u00e8que fran\u00e7aise.Ce n&rsquo;est qu&rsquo;apr\u00e8s d&rsquo;intenses manifestations, auxquelles ont particip\u00e9 les grands noms du cin\u00e9ma fran\u00e7ais, que Malraux est revenu sur sa d\u00e9cision et que la Cin\u00e9math\u00e8que a pu rouvrir ses portes.Apr\u00e8s plusieurs d\u00e9m\u00e9nagements, la Cin\u00e9math\u00e8que fran\u00e7aise est install\u00e9e depuis 2005 dans ses locaux actuels, au 51 rue de Bercy, o\u00f9 elle g\u00e8re le Mus\u00e9e de la Cin\u00e9math\u00e8que &#8211; anciennement Mus\u00e9e du Cin\u00e9ma.<\/p>\n<h2 id=\"t-1612279207657\" data-alt-text=\"Contact \" style=\"\">Contact et plan d&rsquo;acc\u00e8s<\/h2>\n<ul>\n<li><span style=\"\"><strong>Adresse :&nbsp;<\/strong>Cin\u00e9math\u00e8que Fran\u00e7aise, 51 Rue de Bercy, 75012 Paris<\/span><\/li>\n<li><span style=\"\"><strong>Heures d&rsquo;ouverture :<\/strong> Consultez le site web pour conna\u00eetre les heures d&rsquo;ouverture actuelles.<\/span><\/li>\n<li><span style=\"\"><strong>Transports en commun : <\/strong>M\u00e9tro ligne 6 ou 14 jusqu&rsquo;\u00e0 \u00ab\u00a0Bercy\u00a0\u00bb.<\/span><\/li>\n<li style=\"\"><span style=\"\"><strong>Site web :&nbsp;<\/strong><a href=\"https:\/\/www.cinematheque.fr\/\" style=\"outline: none;\" target=\"_blank\" rel=\"noopener nofollow\">www.cinematheque.fr<\/a><\/span><\/li>\n<\/ul>\n<p>__CONFIG_colors_palette__{\u00ab\u00a0active_palette\u00a0\u00bb:0,\u00a0\u00bbconfig\u00a0\u00bb:{\u00ab\u00a0colors\u00a0\u00bb:{\u00ab\u00a050ce5\u00a0\u00bb:{\u00ab\u00a0name\u00a0\u00bb:\u00a0\u00bbMain Accent\u00a0\u00bb,\u00a0\u00bbparent\u00a0\u00bb:-1}},\u00a0\u00bbgradients\u00a0\u00bb:[]},\u00a0\u00bbpalettes\u00a0\u00bb:[{\u00ab\u00a0name\u00a0\u00bb:\u00a0\u00bbDefault Palette\u00a0\u00bb,\u00a0\u00bbvalue\u00a0\u00bb:{\u00ab\u00a0colors\u00a0\u00bb:{\u00ab\u00a050ce5\u00a0\u00bb:{\u00ab\u00a0val\u00a0\u00bb:\u00a0\u00bbvar(&#8211;tcb-skin-color-0)\u00a0\u00bb}},\u00a0\u00bbgradients\u00a0\u00bb:[]},\u00a0\u00bboriginal\u00a0\u00bb:{\u00ab\u00a0colors\u00a0\u00bb:{\u00ab\u00a050ce5\u00a0\u00bb:{\u00ab\u00a0val\u00a0\u00bb:\u00a0\u00bbrgb(19, 114, 211)\u00a0\u00bb,\u00a0\u00bbhsl\u00a0\u00bb:{\u00ab\u00a0h\u00a0\u00bb:210,\u00a0\u00bbs\u00a0\u00bb:0.83,\u00a0\u00bbl\u00a0\u00bb:0.45,\u00a0\u00bba\u00a0\u00bb:1}}},\u00a0\u00bbgradients\u00a0\u00bb:[]}}]}__CONFIG_colors_palette__ <a href=\"https:\/\/paristouristinformation.fr\/fr\/choses-a-faire\/musees\/\"> <span><span>Autres mus\u00e9es \u00e0 visiter \u00e0 Paris<\/span><\/span> <\/a><\/p>\n<h2 style=\"\" id=\"t-1645901156184\">Articles connexes :<\/h2>\n<div class=\"tcb-post-list tve-content-list thrv_wrapper\" data-type=\"grid\" data-pagination-type=\"none\" data-pages_near_current=\"2\" data-css=\"tve-u-17de17832ca\" data-total_post_count=\"4\" data-total_sticky_count=\"0\" data-no_posts_text=\"There are no posts to display.\"><article id=\"post-4332\" class=\"post-4332 page type-page status-publish has-post-thumbnail hentry post-wrapper thrv_wrapper thrive-animated-item  tve_evt_manager_listen tve_ea_thrive_animation tve_et_mouseover tve_anim_grow\" tcb_hover_state_parent=\"\" class=\"tve_evt_manager_listen tve_ea_thrive_animation tve_et_mouseover tve_anim_grow\" data-id=\"4332\" data-selector=\".post-wrapper\"><style class=\"tcb-post-list-dynamic-style\" type=\"text\/css\">@media (min-width: 300px){[].tcb-post-list #post-4332 []{background-image: url(\u00ab\u00a0https:\/\/www.paristouristinformation.fr\/fr\/wp-content\/uploads\/2020\/12\/Centre-Pompidou-in-Paris-in-France-1024x538.jpg\u00ab\u00a0) !important;}[].tcb-post-list #post-4332 []:hover []{background-image: url(\u00ab\u00a0https:\/\/www.paristouristinformation.fr\/fr\/wp-content\/uploads\/2020\/12\/Centre-Pompidou-in-Paris-in-France-1024x538.jpg\u00ab\u00a0) !important;}}<\/style><a href=\"https:\/\/www.paristouristinformation.fr\/fr\/choses-a-faire\/musees\/centre-pompidou\/\" dynamic-postlink=\"tcb_post_the_permalink\" data-shortcode-id=\"4332\"><\/a><\/p>\n<h3 style=\"text-align: center; padding-top: 0px !important; margin-top: 0px !important;\"><span data-attr-link=\"1\" data-attr-rel=\"0\" data-attr-target=\"0\" data-extra_key=\"\" data-option-inline=\"1\" data-shortcode=\"tcb_post_title\" data-shortcode-name=\"Post title\" data-attr-css=\"\" data-attr-static-link=\"{&quot;className&quot;:&quot;tve-froala fr-basic&quot;,&quot;href&quot;:&quot;https:\/\/www.paristouristinformation.fr\/fr\/choses-a-faire\/musees\/centre-pompidou\/&quot;,&quot;title&quot;:&quot;Guide du Centre Pompidou \u00e0 Paris : Billets et expositions&quot;,&quot;class&quot;:&quot;tve-froala fr-basic&quot;}\" style=\"\"><a href=\"https:\/\/www.paristouristinformation.fr\/fr\/choses-a-faire\/musees\/centre-pompidou\/\" title=\"Guide du Centre Pompidou \u00e0 Paris : Billets et expositions\" data-css=\"\" class=\"tve-froala fr-basic\">Guide du Centre Pompidou \u00e0 Paris : Billets et expositions<\/a><\/span><\/h3>\n<p><\/article><article id=\"post-3461\" class=\"post-3461 page type-page status-publish has-post-thumbnail hentry post-wrapper thrv_wrapper thrive-animated-item  tve_evt_manager_listen tve_ea_thrive_animation tve_et_mouseover tve_anim_grow\" tcb_hover_state_parent=\"\" class=\"tve_evt_manager_listen tve_ea_thrive_animation tve_et_mouseover tve_anim_grow\" data-id=\"3461\" data-selector=\".post-wrapper\"><style class=\"tcb-post-list-dynamic-style\" type=\"text\/css\">@media (min-width: 300px){[].tcb-post-list #post-3461 []{background-image: url(\u00ab\u00a0https:\/\/www.paristouristinformation.fr\/fr\/wp-content\/uploads\/2021\/01\/A-Guide-to-Quai-Branly-Museum-in-Paris-in-France-1024x538.jpg\u00ab\u00a0) !important;}[].tcb-post-list #post-3461 []:hover []{background-image: url(\u00ab\u00a0https:\/\/www.paristouristinformation.fr\/fr\/wp-content\/uploads\/2021\/01\/A-Guide-to-Quai-Branly-Museum-in-Paris-in-France-1024x538.jpg\u00ab\u00a0) !important;}}<\/style><a href=\"https:\/\/www.paristouristinformation.fr\/fr\/choses-a-faire\/musees\/du-quai-branly\/\" dynamic-postlink=\"tcb_post_the_permalink\" data-shortcode-id=\"4332\"><\/a><\/p>\n<h3 style=\"text-align: center; padding-top: 0px !important; margin-top: 0px !important;\"><span data-attr-link=\"1\" data-attr-rel=\"0\" data-attr-target=\"0\" data-extra_key=\"\" data-option-inline=\"1\" data-shortcode=\"tcb_post_title\" data-shortcode-name=\"Post title\" data-attr-css=\"\" data-attr-static-link=\"{&quot;className&quot;:&quot;tve-froala fr-basic&quot;,&quot;href&quot;:&quot;https:\/\/www.paristouristinformation.fr\/fr\/choses-a-faire\/musees\/centre-pompidou\/&quot;,&quot;title&quot;:&quot;Guide du Centre Pompidou \u00e0 Paris : Billets et expositions&quot;,&quot;class&quot;:&quot;tve-froala fr-basic&quot;}\" style=\"\"><a href=\"https:\/\/www.paristouristinformation.fr\/fr\/choses-a-faire\/musees\/du-quai-branly\/\" title=\"Guide du mus\u00e9e du Quai Branly \u00e0 Paris\" data-css=\"\" class=\"tve-froala fr-basic\">Guide du mus\u00e9e du Quai Branly \u00e0 Paris<\/a><\/span><\/h3>\n<p><\/article><article id=\"post-7552\" class=\"post-7552 page type-page status-publish has-post-thumbnail hentry post-wrapper thrv_wrapper thrive-animated-item  tve_evt_manager_listen tve_ea_thrive_animation tve_et_mouseover tve_anim_grow\" tcb_hover_state_parent=\"\" class=\"tve_evt_manager_listen tve_ea_thrive_animation tve_et_mouseover tve_anim_grow\" data-id=\"7552\" data-selector=\".post-wrapper\"><style class=\"tcb-post-list-dynamic-style\" type=\"text\/css\">@media (min-width: 300px){[].tcb-post-list #post-7552 []{background-image: url(\u00ab\u00a0https:\/\/www.paristouristinformation.fr\/fr\/wp-content\/uploads\/2021\/03\/Guide-to-Atelier-des-Lumieres-in-Paris-1024x538.jpg\u00ab\u00a0) !important;}[].tcb-post-list #post-7552 []:hover []{background-image: url(\u00ab\u00a0https:\/\/www.paristouristinformation.fr\/fr\/wp-content\/uploads\/2021\/03\/Guide-to-Atelier-des-Lumieres-in-Paris-1024x538.jpg\u00ab\u00a0) !important;}}<\/style><a href=\"https:\/\/www.paristouristinformation.fr\/fr\/choses-a-faire\/musees\/atelier-des-lumieres\/\" dynamic-postlink=\"tcb_post_the_permalink\" data-shortcode-id=\"4332\"><\/a><\/p>\n<h3 style=\"text-align: center; padding-top: 0px !important; margin-top: 0px !important;\"><span data-attr-link=\"1\" data-attr-rel=\"0\" data-attr-target=\"0\" data-extra_key=\"\" data-option-inline=\"1\" data-shortcode=\"tcb_post_title\" data-shortcode-name=\"Post title\" data-attr-css=\"\" data-attr-static-link=\"{&quot;className&quot;:&quot;tve-froala fr-basic&quot;,&quot;href&quot;:&quot;https:\/\/www.paristouristinformation.fr\/fr\/choses-a-faire\/musees\/centre-pompidou\/&quot;,&quot;title&quot;:&quot;Guide du Centre Pompidou \u00e0 Paris : Billets et expositions&quot;,&quot;class&quot;:&quot;tve-froala fr-basic&quot;}\" style=\"\"><a href=\"https:\/\/www.paristouristinformation.fr\/fr\/choses-a-faire\/musees\/atelier-des-lumieres\/\" title=\"Guide de L\u2019Atelier des Lumi\u00e8res \u00e0 Paris :  Expositions et billets\" data-css=\"\" class=\"tve-froala fr-basic\">Guide de L\u2019Atelier des Lumi\u00e8res \u00e0 Paris :  Expositions et billets<\/a><\/span><\/h3>\n<p><\/article><article id=\"post-7624\" class=\"post-7624 page type-page status-publish has-post-thumbnail hentry post-wrapper thrv_wrapper thrive-animated-item  tve_evt_manager_listen tve_ea_thrive_animation tve_et_mouseover tve_anim_grow\" tcb_hover_state_parent=\"\" class=\"tve_evt_manager_listen tve_ea_thrive_animation tve_et_mouseover tve_anim_grow\" data-id=\"7624\" data-selector=\".post-wrapper\"><style class=\"tcb-post-list-dynamic-style\" type=\"text\/css\">@media (min-width: 300px){[].tcb-post-list #post-7624 []{background-image: url(\u00ab\u00a0https:\/\/www.paristouristinformation.fr\/fr\/wp-content\/uploads\/2021\/02\/Musee-Jacquemart-Andre-in-Paris-in-France-1024x538.jpg\u00ab\u00a0) !important;}[].tcb-post-list #post-7624 []:hover []{background-image: url(\u00ab\u00a0https:\/\/www.paristouristinformation.fr\/fr\/wp-content\/uploads\/2021\/02\/Musee-Jacquemart-Andre-in-Paris-in-France-1024x538.jpg\u00ab\u00a0) !important;}}<\/style><a href=\"https:\/\/www.paristouristinformation.fr\/fr\/choses-a-faire\/musees\/musee-jacquemart-andre\/\" dynamic-postlink=\"tcb_post_the_permalink\" data-shortcode-id=\"4332\"><\/a><\/p>\n<h3 style=\"text-align: center; padding-top: 0px !important; margin-top: 0px !important;\"><span data-attr-link=\"1\" data-attr-rel=\"0\" data-attr-target=\"0\" data-extra_key=\"\" data-option-inline=\"1\" data-shortcode=\"tcb_post_title\" data-shortcode-name=\"Post title\" data-attr-css=\"\" data-attr-static-link=\"{&quot;className&quot;:&quot;tve-froala fr-basic&quot;,&quot;href&quot;:&quot;https:\/\/www.paristouristinformation.fr\/fr\/choses-a-faire\/musees\/centre-pompidou\/&quot;,&quot;title&quot;:&quot;Guide du Centre Pompidou \u00e0 Paris : Billets et expositions&quot;,&quot;class&quot;:&quot;tve-froala fr-basic&quot;}\" style=\"\"><a href=\"https:\/\/www.paristouristinformation.fr\/fr\/choses-a-faire\/musees\/musee-jacquemart-andre\/\" title=\"Guide du mus\u00e9e Jacquemart Andr\u00e9 \u00e0 Paris : Exposition &amp; Billets\" data-css=\"\" class=\"tve-froala fr-basic\">Guide du mus\u00e9e Jacquemart Andr\u00e9 \u00e0 Paris : Exposition &amp; Billets<\/a><\/span><\/h3>\n<p><\/article><\/div>\n","protected":false},"excerpt":{"rendered":"<p>Tous les cin\u00e9philes savent d\u00e9j\u00e0 que le cin\u00e9ma fran\u00e7ais est consid\u00e9r\u00e9 comme l&rsquo;une des productions les plus sophistiqu\u00e9es au monde.En France, le cin\u00e9ma, appel\u00e9 le septi\u00e8me art, fait partie de l&rsquo;art de vivre et occupe une grande place dans la vie des Fran\u00e7ais. Toute cette grandeur peut \u00eatre observ\u00e9e dans le lieu d\u00e9di\u00e9 \u00e0 cet [&hellip;]<\/p>\n","protected":false},"author":9,"featured_media":6702,"parent":68,"menu_order":0,"comment_status":"closed","ping_status":"closed","template":"","meta":{"footnotes":""},"tags":[],"class_list":{"0":"post-2996","1":"page","2":"type-page","3":"status-publish","4":"has-post-thumbnail","5":"hentry","6":"post-wrapper","7":"thrv_wrapper","10":"thrive-animated-item"},"_links":{"self":[{"href":"https:\/\/www.paristouristinformation.fr\/fr\/wp-json\/wp\/v2\/pages\/2996","targetHints":{"allow":["GET"]}}],"collection":[{"href":"https:\/\/www.paristouristinformation.fr\/fr\/wp-json\/wp\/v2\/pages"}],"about":[{"href":"https:\/\/www.paristouristinformation.fr\/fr\/wp-json\/wp\/v2\/types\/page"}],"author":[{"embeddable":true,"href":"https:\/\/www.paristouristinformation.fr\/fr\/wp-json\/wp\/v2\/users\/9"}],"replies":[{"embeddable":true,"href":"https:\/\/www.paristouristinformation.fr\/fr\/wp-json\/wp\/v2\/comments?post=2996"}],"version-history":[{"count":0,"href":"https:\/\/www.paristouristinformation.fr\/fr\/wp-json\/wp\/v2\/pages\/2996\/revisions"}],"up":[{"embeddable":true,"href":"https:\/\/www.paristouristinformation.fr\/fr\/wp-json\/wp\/v2\/pages\/68"}],"wp:featuredmedia":[{"embeddable":true,"href":"https:\/\/www.paristouristinformation.fr\/fr\/wp-json\/wp\/v2\/media\/6702"}],"wp:attachment":[{"href":"https:\/\/www.paristouristinformation.fr\/fr\/wp-json\/wp\/v2\/media?parent=2996"}],"wp:term":[{"taxonomy":"post_tag","embeddable":true,"href":"https:\/\/www.paristouristinformation.fr\/fr\/wp-json\/wp\/v2\/tags?post=2996"}],"curies":[{"name":"wp","href":"https:\/\/api.w.org\/{rel}","templated":true}]}}