{"id":3028,"date":"2020-12-21T19:17:53","date_gmt":"2020-12-21T19:17:53","guid":{"rendered":"http:\/\/paristouristinformation.fr\/fr\/?page_id=3028"},"modified":"2023-05-16T06:37:50","modified_gmt":"2023-05-16T06:37:50","slug":"crypte-archeologique","status":"publish","type":"page","link":"https:\/\/www.paristouristinformation.fr\/fr\/choses-a-faire\/musees\/crypte-archeologique\/","title":{"rendered":"Guide de la crypte arch\u00e9ologique de Paris : Conseils touristiques"},"content":{"rendered":"<p>La Crypte Arch\u00e9ologique de Notre Dame est une crypte dans laquelle sont <strong>expos\u00e9es des d\u00e9couvertes arch\u00e9ologiques du Paris antique, <\/strong>allant de l&rsquo;Antiquit\u00e9 au 19\u00e8me si\u00e8cle.Cette activit\u00e9 peut sembler effrayante mais elle est bien meilleure qu&rsquo;il n&rsquo;y para\u00eet. Si vous avez aim\u00e9 les <a href=\"https:\/\/paristouristinformation.fr\/fr\/choses-a-faire\/attractions\/catacombes\/\">Catacombes de Paris<\/a>, vous adorerez \u00e9galement cette activit\u00e9. C&rsquo;est comme d\u00e9couvrir des tr\u00e9sors cach\u00e9s dans des endroits myst\u00e9rieux.Dans ce guide de la Crypte Arch\u00e9ologique de Paris, vous trouverez tout sur l&rsquo;exposition, l&rsquo;histoire, les billets, les visites ainsi que des informations utiles pour vous y rendre.<\/p>\n<h2 id=\"t-1612206127890\" data-alt-text=\"What can I do ?\">Que puis-je faire \u00e0 la Crypte Arch\u00e9ologique Paris ?<\/h2>\n<p>La Crypte Arch\u00e9ologique Paris est situ\u00e9e \u00e0 80 m\u00e8tres sous le parvis de la cath\u00e9drale Notre-Dame de Paris. Les visiteurs peuvent d\u00e9couvrir <strong>plus de 2000 ans d&rsquo;histoire de Paris <\/strong>dans la crypte, qui s&rsquo;\u00e9tend sur environ 200 m\u00e8tres. De nombreuses pi\u00e8ces d\u00e9couvertes accidentellement lors de fouilles entre 1965 et 1972 y sont expos\u00e9es.<\/p>\n<p>Parmi les d\u00e9couvertes, on trouve des vestiges arch\u00e9ologiques uniques qui illustrent le d\u00e9veloppement architectural et urbain de <a href=\"https:\/\/paristouristinformation.fr\/fr\/choses-a-faire\/quartiers\/ile-de-la-cite\/\">l&rsquo;\u00eele de la Cit\u00e9<\/a>, le centre historique de Paris.Vous pouvez voir des <strong>ruines de l&rsquo;ancienne ville de Paris<\/strong>, des objets gallo-romains et des b\u00e2timents de diff\u00e9rentes \u00e9poques : de l&rsquo;Antiquit\u00e9 au XIXe si\u00e8cle en passant par le Moyen \u00c2ge.Les points forts sont les vestiges des murs de la ville romaine, un bain gallo-romain et les ruines de l&rsquo;ancien port de Lut\u00e8ce, la ville gallo-romaine \u00e0 partir de laquelle le Paris d&rsquo;aujourd&rsquo;hui s&rsquo;est d\u00e9velopp\u00e9.<\/p>\n<h3>Expositions temporaires \u00e0 la Crypte&nbsp;<\/h3>\n<p>Des expositions temporaires sont r\u00e9guli\u00e8rement organis\u00e9es dans la crypte.&nbsp;<\/p>\n<h3>Activit\u00e9s \u00e0 la Crypte<\/h3>\n<p>Diverses activit\u00e9s, sp\u00e9cialement adapt\u00e9es aux adultes, aux visiteurs handicap\u00e9s, aux familles et aux enfants, sont \u00e9galement organis\u00e9es dans la crypte. Par exemple, les visiteurs peuvent d\u00e9couvrir les vestiges antiques dans le cadre d&rsquo;une visite guid\u00e9e ou visiter l&rsquo;exposition actuelle. Des concerts et des animations 3D sont \u00e9galement organis\u00e9s.Vous trouverez de plus amples informations sur le site web de la crypte, dont le lien figure ci-dessous.<\/p>\n<p><span style=\"\"><img decoding=\"async\" alt=\"the entrance of the Crypte marked from the tower of Notre Dame Cathedral\" data-id=\"4694\" width=\"840\" data-init-width=\"1200\" height=\"630\" data-init-height=\"900\" title=\"Crypte from Notre Dame Tower in Paris\" src=\"http:\/\/paristouristinformation.fr\/fr\/wp-content\/uploads\/2020\/12\/Crypte-from-Notre-Dame-Tower-in-Paris.jpeg\" data-width=\"840\" data-height=\"630\" style=\"\" ml-d=\"-1\" mt-d=\"0\" center-h-d=\"false\" data-pinpro-key=\"rv71rg8et\" loading=\"lazy\"><\/span><\/p>\n<h2 id=\"t-1612206127891\" style=\"\">Entr\u00e9es, billets et visites<\/h2>\n<ul>\n<li style=\"\"><span style=\"\"><strong>Entr\u00e9e :<\/strong> Les visiteurs de moins de 18 ans, les personnes handicap\u00e9es et les d\u00e9tenteurs du Paris Museum Pass b\u00e9n\u00e9ficient d&rsquo;une entr\u00e9e gratuite.<\/span><\/li>\n<li style=\"\"><span style=\"\"><strong>Billets :<\/strong> Le billet donne acc\u00e8s \u00e0 la crypte et \u00e0 l&rsquo;exposition. Pour obtenir les derni\u00e8res informations sur les prix actuels des billets, veuillez consulter<a href=\"https:\/\/www.crypte.paris.fr\/en\/visit\/access-opening-times-accessibility\/museum-admission\" target=\"_blank\" rel=\"noopener nofollow\"> le site officiel du mus\u00e9e.<\/a><\/span><\/li>\n<li style=\"\"><span style=\"\"><strong>Audioguide :<\/strong> La crypte fournit des audioguides en anglais, espagnol et fran\u00e7ais.<\/span><\/li>\n<li style=\"\"><span style=\"\"><strong>Visites guid\u00e9es :<\/strong> Les personnes int\u00e9ress\u00e9es peuvent avoir un aper\u00e7u plus approfondi de la crypte lors d&rsquo;une visite guid\u00e9e d&rsquo;une heure et demie.<\/span><\/li>\n<\/ul>\n<p>__CONFIG_colors_palette__{\u00ab\u00a0active_palette\u00a0\u00bb:0,\u00a0\u00bbconfig\u00a0\u00bb:{\u00ab\u00a0colors\u00a0\u00bb:{\u00ab\u00a0f8570\u00a0\u00bb:{\u00ab\u00a0name\u00a0\u00bb:\u00a0\u00bbMain Accent\u00a0\u00bb,\u00a0\u00bbparent\u00a0\u00bb:-1}},\u00a0\u00bbgradients\u00a0\u00bb:[]},\u00a0\u00bbpalettes\u00a0\u00bb:[{\u00ab\u00a0name\u00a0\u00bb:\u00a0\u00bbDefault Palette\u00a0\u00bb,\u00a0\u00bbvalue\u00a0\u00bb:{\u00ab\u00a0colors\u00a0\u00bb:{\u00ab\u00a0f8570\u00a0\u00bb:{\u00ab\u00a0val\u00a0\u00bb:\u00a0\u00bbvar(&#8211;tcb-skin-color-0)\u00a0\u00bb}},\u00a0\u00bbgradients\u00a0\u00bb:[]},\u00a0\u00bboriginal\u00a0\u00bb:{\u00ab\u00a0colors\u00a0\u00bb:{\u00ab\u00a0f8570\u00a0\u00bb:{\u00ab\u00a0val\u00a0\u00bb:\u00a0\u00bbrgb(19, 114, 211)\u00a0\u00bb,\u00a0\u00bbhsl\u00a0\u00bb:{\u00ab\u00a0h\u00a0\u00bb:210,\u00a0\u00bbs\u00a0\u00bb:0.83,\u00a0\u00bbl\u00a0\u00bb:0.45}}},\u00a0\u00bbgradients\u00a0\u00bb:[]}}]}__CONFIG_colors_palette__ <a href=\"https:\/\/paristouristinformation.fr\/fr\/visites-guidees-et-billets\/\"> <span><span style=\"\">Acc\u00e9der au Paris Tickets Shop<\/span><\/span> <\/a><\/p>\n<h2 id=\"t-1612206127892\" data-alt-text=\"How to get there ?\" style=\"\">Comment se rendre \u00e0 la Crypte Arch\u00e9ologique de Paris ?<\/h2>\n<p>La Crypte Arch\u00e9ologique de Notre Dame est situ\u00e9e dans le 4\u00e8me arrondissement, dans le quartier Notre-Dame. L&rsquo;entr\u00e9e de la crypte se trouve sur <strong>le parvis<\/strong> de la <a href=\"https:\/\/paristouristinformation.fr\/fr\/choses-a-faire\/eglise\/notre-dame\/\" style=\"outline: none;\">cath\u00e9drale Notre-Dame.<\/a><\/p>\n<p>Le moyen le plus simple de se rendre \u00e0 la crypte est de prendre le m\u00e9tro ligne 4 jusqu&rsquo;\u00e0 la station \u00ab\u00a0Cit\u00e9\u00a0\u00bb ou \u00ab\u00a0Saint-Michel\u00a0\u00bb. Vous pouvez \u00e9galement prendre les bus des lignes 21, 24, 27, 38, 47, 85 ou 96.<\/p>\n<p>Plus d&rsquo;informations sur les <a href=\"https:\/\/paristouristinformation.fr\/fr\/organisez-votre-voyage-a-paris\/transports-en-commun\/\">transports publics \u00e0 Paris.<\/a><\/p>\n<h2 id=\"t-1612206127893\" style=\"\">FAQ (Foire aux questions)<\/h2>\n<h2 id=\"t-1612206127894\" data-alt-text=\"History of the Crypte \" style=\"\">Histoire de la Crypte Arch\u00e9ologique de Paris<\/h2>\n<p><span><img decoding=\"async\" alt=\"\" data-id=\"4695\" width=\"702\" data-init-width=\"1000\" height=\"445\" data-init-height=\"634\" title=\"ancient paris map for crypte\" src=\"http:\/\/paristouristinformation.fr\/fr\/wp-content\/uploads\/2020\/12\/ancient-paris-map-for-crypte.jpg\" data-width=\"702\" data-height=\"445\" data-pinpro-key=\"1jufingim\" loading=\"lazy\"><\/span><\/p>\n<p>La Crypte Arch\u00e9ologique de l&rsquo;\u00eele de la Cit\u00e9 (\u00e9galement Crypte Arch\u00e9ologique de Notre-Dame ou Crypte Arch\u00e9ologique Paris), situ\u00e9e sous le parvis de la cath\u00e9drale Notre-Dame, date des premiers si\u00e8cles apr\u00e8s J\u00e9sus-Christ.Elle a \u00e9t\u00e9 d\u00e9couverte entre 1965 et 1972 lors de fouilles pour la construction d&rsquo;un parking.Afin de pr\u00e9senter les pi\u00e8ces arch\u00e9ologiques d\u00e9couvertes lors des fouilles, la crypte a \u00e9t\u00e9 reconstruite en 1980. En tant que l&rsquo;une des plus anciennes cryptes de l&rsquo;humanit\u00e9, la Crypte Arch\u00e9ologique Paris est aujourd&rsquo;hui l&rsquo;un des <a href=\"https:\/\/paristouristinformation.fr\/fr\/choses-a-faire\/musees\/\">mus\u00e9es les plus int\u00e9ressants de Paris.<\/a><\/p>\n<h2 id=\"t-1612206127895\" data-alt-text=\"Contact \" style=\"\">Contact et plan d&rsquo;acc\u00e8s<\/h2>\n<ul>\n<li><span style=\"\"><strong>Adresse :&nbsp;<\/strong>Crypte arch\u00e9ologique de l&rsquo;\u00eele de la Cit\u00e9, 7, place Jean-Paul IIParvis Notre-Dame, 75 004 Paris<\/span><\/li>\n<li><span style=\"\"><strong>Heures d&rsquo;ouverture :<\/strong> Pour obtenir les derni\u00e8res informations sur les heures d&rsquo;ouverture, veuillez consulter le site officiel de la crypte.<\/span><\/li>\n<li><span style=\"\"><strong>Transports en commun :<\/strong> M\u00e9tro ligne 4 \u00e0 \u00ab\u00a0Cit\u00e9\u00a0\u00bb ou \u00ab\u00a0Saint-Michel\u00a0\u00bb.<\/span><\/li>\n<li style=\"\"><span style=\"\"><strong>Site web :&nbsp;<\/strong>&nbsp;<a href=\"https:\/\/www.crypte.paris.fr\/en\/homepage\" style=\"outline: none;\" rel=\"nofollow noopener\" target=\"_blank\">www.crypte.paris.fr\/en\/homepage<\/a><\/span><\/li>\n<\/ul>\n<ul>\n<li><span style=\"\">Vous pr\u00e9parez votre voyage \u00e0 Paris ? Nous vous avons pr\u00e9par\u00e9 une liste des <a href=\"https:\/\/paristouristinformation.fr\/fr\/choses-a-faire\/musees\/\">30 meilleurs mus\u00e9es \u00e0 visiter \u00e0 Paris.<\/a><\/span><\/li>\n<\/ul>\n<p>__CONFIG_colors_palette__{\u00ab\u00a0active_palette\u00a0\u00bb:0,\u00a0\u00bbconfig\u00a0\u00bb:{\u00ab\u00a0colors\u00a0\u00bb:{\u00ab\u00a050ce5\u00a0\u00bb:{\u00ab\u00a0name\u00a0\u00bb:\u00a0\u00bbMain Accent\u00a0\u00bb,\u00a0\u00bbparent\u00a0\u00bb:-1}},\u00a0\u00bbgradients\u00a0\u00bb:[]},\u00a0\u00bbpalettes\u00a0\u00bb:[{\u00ab\u00a0name\u00a0\u00bb:\u00a0\u00bbDefault Palette\u00a0\u00bb,\u00a0\u00bbvalue\u00a0\u00bb:{\u00ab\u00a0colors\u00a0\u00bb:{\u00ab\u00a050ce5\u00a0\u00bb:{\u00ab\u00a0val\u00a0\u00bb:\u00a0\u00bbvar(&#8211;tcb-skin-color-0)\u00a0\u00bb}},\u00a0\u00bbgradients\u00a0\u00bb:[]},\u00a0\u00bboriginal\u00a0\u00bb:{\u00ab\u00a0colors\u00a0\u00bb:{\u00ab\u00a050ce5\u00a0\u00bb:{\u00ab\u00a0val\u00a0\u00bb:\u00a0\u00bbrgb(19, 114, 211)\u00a0\u00bb,\u00a0\u00bbhsl\u00a0\u00bb:{\u00ab\u00a0h\u00a0\u00bb:210,\u00a0\u00bbs\u00a0\u00bb:0.83,\u00a0\u00bbl\u00a0\u00bb:0.45,\u00a0\u00bba\u00a0\u00bb:1}}},\u00a0\u00bbgradients\u00a0\u00bb:[]}}]}__CONFIG_colors_palette__ <a href=\"https:\/\/paristouristinformation.fr\/fr\/choses-a-faire\/musees\/\"> <span><span>Autres mus\u00e9es \u00e0 visiter \u00e0 Paris<\/span><\/span> <\/a><\/p>\n<h2 style=\"\">Articles connexes :<\/h2>\n<div class=\"tcb-post-list tve-content-list thrv_wrapper\" data-type=\"grid\" data-pagination-type=\"none\" data-pages_near_current=\"2\" data-css=\"tve-u-17de134d52c\" data-total_post_count=\"4\" data-total_sticky_count=\"0\" data-no_posts_text=\"There are no posts to display.\"><article id=\"post-68\" class=\"post-68 page type-page status-publish has-post-thumbnail hentry post-wrapper thrv_wrapper thrive-animated-item  tve_evt_manager_listen tve_ea_thrive_animation tve_et_mouseover tve_anim_grow\" tcb_hover_state_parent=\"\" class=\"tve_evt_manager_listen tve_ea_thrive_animation tve_et_mouseover tve_anim_grow\" data-id=\"68\" data-selector=\".post-wrapper\"><style class=\"tcb-post-list-dynamic-style\" type=\"text\/css\">@media (min-width: 300px){[].tcb-post-list #post-68 []{background-image: url(\u00ab\u00a0https:\/\/www.paristouristinformation.fr\/fr\/wp-content\/uploads\/2021\/02\/Top-30-Best-Museums-to-Visit-in-Paris-1024x538.jpg\u00ab\u00a0) !important;}[].tcb-post-list #post-68 []:hover []{background-image: url(\u00ab\u00a0https:\/\/www.paristouristinformation.fr\/fr\/wp-content\/uploads\/2021\/02\/Top-30-Best-Museums-to-Visit-in-Paris-1024x538.jpg\u00ab\u00a0) !important;}}<\/style><a href=\"https:\/\/www.paristouristinformation.fr\/fr\/choses-a-faire\/musees\/\" dynamic-postlink=\"tcb_post_the_permalink\" data-shortcode-id=\"68\"><\/a><\/p>\n<h3 style=\"text-align: center; padding-top: 0px !important; margin-top: 0px !important;\"><span data-attr-link=\"1\" data-attr-rel=\"0\" data-attr-target=\"0\" data-extra_key=\"\" data-option-inline=\"1\" data-shortcode=\"tcb_post_title\" data-shortcode-name=\"Post title\" data-attr-css=\"\" data-attr-static-link=\"{&quot;className&quot;:&quot;tve-froala fr-basic&quot;,&quot;href&quot;:&quot;https:\/\/www.paristouristinformation.fr\/fr\/choses-a-faire\/musees\/&quot;,&quot;title&quot;:&quot;Les 30 meilleurs mus\u00e9es \u00e0 visiter \u00e0 Paris : Billets, emplacement &amp; Conseils&quot;,&quot;class&quot;:&quot;tve-froala fr-basic&quot;}\" style=\"\"><a href=\"https:\/\/www.paristouristinformation.fr\/fr\/choses-a-faire\/musees\/\" title=\"30 Meilleurs mus\u00e9es \u00e0 visiter \u00e0 Paris : Billets, emplacement &amp; Conseils\" data-css=\"\" class=\"tve-froala fr-basic\">30 Meilleurs mus\u00e9es \u00e0 visiter \u00e0 Paris : Billets, emplacement &amp; Conseils<\/a><\/span><\/h3>\n<p><\/article><article id=\"post-1633\" class=\"post-1633 page type-page status-publish has-post-thumbnail hentry post-wrapper thrv_wrapper thrive-animated-item  tve_evt_manager_listen tve_ea_thrive_animation tve_et_mouseover tve_anim_grow\" tcb_hover_state_parent=\"\" class=\"tve_evt_manager_listen tve_ea_thrive_animation tve_et_mouseover tve_anim_grow\" data-id=\"1633\" data-selector=\".post-wrapper\"><style class=\"tcb-post-list-dynamic-style\" type=\"text\/css\">@media (min-width: 300px){[].tcb-post-list #post-1633 []{background-image: url(\u00ab\u00a0https:\/\/www.paristouristinformation.fr\/fr\/wp-content\/uploads\/2021\/01\/Latin-Quarters-top-attractions-in-Paris-1024x538.jpg\u00ab\u00a0) !important;}[].tcb-post-list #post-1633 []:hover []{background-image: url(\u00ab\u00a0https:\/\/www.paristouristinformation.fr\/fr\/wp-content\/uploads\/2021\/01\/Latin-Quarters-top-attractions-in-Paris-1024x538.jpg\u00ab\u00a0) !important;}}<\/style><a href=\"https:\/\/www.paristouristinformation.fr\/fr\/choses-a-faire\/quartiers\/quartier-latin\/\" dynamic-postlink=\"tcb_post_the_permalink\" data-shortcode-id=\"68\"><\/a><\/p>\n<h3 style=\"text-align: center; padding-top: 0px !important; margin-top: 0px !important;\"><span data-attr-link=\"1\" data-attr-rel=\"0\" data-attr-target=\"0\" data-extra_key=\"\" data-option-inline=\"1\" data-shortcode=\"tcb_post_title\" data-shortcode-name=\"Post title\" data-attr-css=\"\" data-attr-static-link=\"{&quot;className&quot;:&quot;tve-froala fr-basic&quot;,&quot;href&quot;:&quot;https:\/\/www.paristouristinformation.fr\/fr\/choses-a-faire\/musees\/&quot;,&quot;title&quot;:&quot;Les 30 meilleurs mus\u00e9es \u00e0 visiter \u00e0 Paris : Billets, emplacement &amp; Conseils&quot;,&quot;class&quot;:&quot;tve-froala fr-basic&quot;}\" style=\"\"><a href=\"https:\/\/www.paristouristinformation.fr\/fr\/choses-a-faire\/quartiers\/quartier-latin\/\" title=\"Quartier Latin \u00e0 Paris : Meilleures Choses \u00e0 Faire\" data-css=\"\" class=\"tve-froala fr-basic\">Quartier Latin \u00e0 Paris : Meilleures Choses \u00e0 Faire<\/a><\/span><\/h3>\n<p><\/article><article id=\"post-8387\" class=\"post-8387 page type-page status-publish has-post-thumbnail hentry post-wrapper thrv_wrapper thrive-animated-item  tve_evt_manager_listen tve_ea_thrive_animation tve_et_mouseover tve_anim_grow\" tcb_hover_state_parent=\"\" class=\"tve_evt_manager_listen tve_ea_thrive_animation tve_et_mouseover tve_anim_grow\" data-id=\"8387\" data-selector=\".post-wrapper\"><style class=\"tcb-post-list-dynamic-style\" type=\"text\/css\">@media (min-width: 300px){[].tcb-post-list #post-8387 []{background-image: url(\u00ab\u00a0https:\/\/www.paristouristinformation.fr\/fr\/wp-content\/uploads\/2021\/01\/Ile-de-la-Cite-of-Pariss-top-attractions-1024x538.jpg\u00ab\u00a0) !important;}[].tcb-post-list #post-8387 []:hover []{background-image: url(\u00ab\u00a0https:\/\/www.paristouristinformation.fr\/fr\/wp-content\/uploads\/2021\/01\/Ile-de-la-Cite-of-Pariss-top-attractions-1024x538.jpg\u00ab\u00a0) !important;}}<\/style><a href=\"https:\/\/www.paristouristinformation.fr\/fr\/choses-a-faire\/quartiers\/ile-de-la-cite\/\" dynamic-postlink=\"tcb_post_the_permalink\" data-shortcode-id=\"68\"><\/a><\/p>\n<h3 style=\"text-align: center; padding-top: 0px !important; margin-top: 0px !important;\"><span data-attr-link=\"1\" data-attr-rel=\"0\" data-attr-target=\"0\" data-extra_key=\"\" data-option-inline=\"1\" data-shortcode=\"tcb_post_title\" data-shortcode-name=\"Post title\" data-attr-css=\"\" data-attr-static-link=\"{&quot;className&quot;:&quot;tve-froala fr-basic&quot;,&quot;href&quot;:&quot;https:\/\/www.paristouristinformation.fr\/fr\/choses-a-faire\/musees\/&quot;,&quot;title&quot;:&quot;Les 30 meilleurs mus\u00e9es \u00e0 visiter \u00e0 Paris : Billets, emplacement &amp; Conseils&quot;,&quot;class&quot;:&quot;tve-froala fr-basic&quot;}\" style=\"\"><a href=\"https:\/\/www.paristouristinformation.fr\/fr\/choses-a-faire\/quartiers\/ile-de-la-cite\/\" title=\"Quartier de l\u2019\u00cele de la Cit\u00e9 \u00e0 Paris : Meilleures Choses \u00e0 Faire\" data-css=\"\" class=\"tve-froala fr-basic\">Quartier de l\u2019\u00cele de la Cit\u00e9 \u00e0 Paris : Meilleures Choses \u00e0 Faire<\/a><\/span><\/h3>\n<p><\/article><article id=\"post-1521\" class=\"post-1521 page type-page status-publish has-post-thumbnail hentry post-wrapper thrv_wrapper thrive-animated-item  tve_evt_manager_listen tve_ea_thrive_animation tve_et_mouseover tve_anim_grow\" tcb_hover_state_parent=\"\" class=\"tve_evt_manager_listen tve_ea_thrive_animation tve_et_mouseover tve_anim_grow\" data-id=\"1521\" data-selector=\".post-wrapper\"><style class=\"tcb-post-list-dynamic-style\" type=\"text\/css\">@media (min-width: 300px){[].tcb-post-list #post-1521 []{background-image: url(\u00ab\u00a0https:\/\/www.paristouristinformation.fr\/fr\/wp-content\/uploads\/2020\/07\/Paris-Landscape-Notre-Dame-Bridge-Sihouette-1024x684.jpg\u00ab\u00a0) !important;}[].tcb-post-list #post-1521 []:hover []{background-image: url(\u00ab\u00a0https:\/\/www.paristouristinformation.fr\/fr\/wp-content\/uploads\/2020\/07\/Paris-Landscape-Notre-Dame-Bridge-Sihouette-1024x684.jpg\u00ab\u00a0) !important;}}<\/style><a href=\"https:\/\/www.paristouristinformation.fr\/fr\/choses-a-faire\/eglise\/notre-dame\/\" dynamic-postlink=\"tcb_post_the_permalink\" data-shortcode-id=\"68\"><\/a><\/p>\n<h3 style=\"text-align: center; padding-top: 0px !important; margin-top: 0px !important;\"><span data-attr-link=\"1\" data-attr-rel=\"0\" data-attr-target=\"0\" data-extra_key=\"\" data-option-inline=\"1\" data-shortcode=\"tcb_post_title\" data-shortcode-name=\"Post title\" data-attr-css=\"\" data-attr-static-link=\"{&quot;className&quot;:&quot;tve-froala fr-basic&quot;,&quot;href&quot;:&quot;https:\/\/www.paristouristinformation.fr\/fr\/choses-a-faire\/musees\/&quot;,&quot;title&quot;:&quot;Les 30 meilleurs mus\u00e9es \u00e0 visiter \u00e0 Paris : Billets, emplacement &amp; Conseils&quot;,&quot;class&quot;:&quot;tve-froala fr-basic&quot;}\" style=\"\"><a href=\"https:\/\/www.paristouristinformation.fr\/fr\/choses-a-faire\/eglise\/notre-dame\/\" title=\"A propos de la Cath\u00e9drale Notre-Dame de Paris : Feu, r\u00e9ouverture, billets, histoire, faits\" data-css=\"\" class=\"tve-froala fr-basic\">A propos de la Cath\u00e9drale Notre-Dame de Paris : Feu, r\u00e9ouverture, billets, histoire, faits<\/a><\/span><\/h3>\n<p><\/article><\/div>\n","protected":false},"excerpt":{"rendered":"<p>La Crypte Arch\u00e9ologique de Notre Dame est une crypte dans laquelle sont expos\u00e9es des d\u00e9couvertes arch\u00e9ologiques du Paris antique, allant de l&rsquo;Antiquit\u00e9 au 19\u00e8me si\u00e8cle.Cette activit\u00e9 peut sembler effrayante mais elle est bien meilleure qu&rsquo;il n&rsquo;y para\u00eet. Si vous avez aim\u00e9 les Catacombes de Paris, vous adorerez \u00e9galement cette activit\u00e9. C&rsquo;est comme d\u00e9couvrir des tr\u00e9sors [&hellip;]<\/p>\n","protected":false},"author":9,"featured_media":6860,"parent":68,"menu_order":0,"comment_status":"closed","ping_status":"closed","template":"","meta":{"footnotes":""},"tags":[],"class_list":{"0":"post-3028","1":"page","2":"type-page","3":"status-publish","4":"has-post-thumbnail","5":"hentry","6":"post-wrapper","7":"thrv_wrapper","10":"thrive-animated-item"},"_links":{"self":[{"href":"https:\/\/www.paristouristinformation.fr\/fr\/wp-json\/wp\/v2\/pages\/3028","targetHints":{"allow":["GET"]}}],"collection":[{"href":"https:\/\/www.paristouristinformation.fr\/fr\/wp-json\/wp\/v2\/pages"}],"about":[{"href":"https:\/\/www.paristouristinformation.fr\/fr\/wp-json\/wp\/v2\/types\/page"}],"author":[{"embeddable":true,"href":"https:\/\/www.paristouristinformation.fr\/fr\/wp-json\/wp\/v2\/users\/9"}],"replies":[{"embeddable":true,"href":"https:\/\/www.paristouristinformation.fr\/fr\/wp-json\/wp\/v2\/comments?post=3028"}],"version-history":[{"count":0,"href":"https:\/\/www.paristouristinformation.fr\/fr\/wp-json\/wp\/v2\/pages\/3028\/revisions"}],"up":[{"embeddable":true,"href":"https:\/\/www.paristouristinformation.fr\/fr\/wp-json\/wp\/v2\/pages\/68"}],"wp:featuredmedia":[{"embeddable":true,"href":"https:\/\/www.paristouristinformation.fr\/fr\/wp-json\/wp\/v2\/media\/6860"}],"wp:attachment":[{"href":"https:\/\/www.paristouristinformation.fr\/fr\/wp-json\/wp\/v2\/media?parent=3028"}],"wp:term":[{"taxonomy":"post_tag","embeddable":true,"href":"https:\/\/www.paristouristinformation.fr\/fr\/wp-json\/wp\/v2\/tags?post=3028"}],"curies":[{"name":"wp","href":"https:\/\/api.w.org\/{rel}","templated":true}]}}