{"id":3264,"date":"2020-11-30T09:45:27","date_gmt":"2020-11-30T09:45:27","guid":{"rendered":"http:\/\/paristouristinformation.fr\/fr\/?page_id=3264"},"modified":"2023-05-16T06:39:54","modified_gmt":"2023-05-16T06:39:54","slug":"carnavalet","status":"publish","type":"page","link":"https:\/\/www.paristouristinformation.fr\/fr\/choses-a-faire\/musees\/carnavalet\/","title":{"rendered":"Guide du mus\u00e9e Carnavalet \u00e0 Paris : Histoire et astuces"},"content":{"rendered":"<p>Le mus\u00e9e Carnavalet est situ\u00e9 dans le quartier branch\u00e9 du <a href=\"https:\/\/paristouristinformation.fr\/fr\/choses-a-faire\/quartiers\/le-marais\/\">Marais \u00e0 Paris.<\/a> Si vous voulez en savoir plus sur la ville que vous allez visiter, vous devez absolument visiter cet endroit. <strong>Le mus\u00e9e traite de l&rsquo;histoire de Paris, de ses origines \u00e0 nos jours.<\/strong>Nous vous avons pr\u00e9par\u00e9 un guide complet d&rsquo;informations \u00e0 conna\u00eetre sur le mus\u00e9e Carnavalet \u00e0 Paris, y compris les points forts de l&rsquo;exposition, l&rsquo;histoire, les billets, les visites et des informations utiles sur la fa\u00e7on de s&rsquo;y rendre.<\/p>\n<h2 id=\"t-1612260711761\" data-alt-text=\"What can I do ?\">Que puis-je faire au mus\u00e9e Carnavalet \u00e0 Paris ?<\/h2>\n<p>Au mus\u00e9e Carnavalet, les visiteurs peuvent vivre de pr\u00e8s l&rsquo;histoire de la capitale fran\u00e7aise et de ses habitants.Cela est d\u00fb non seulement au fait que le mus\u00e9e pr\u00e9sente des <strong>expositions exceptionnelles,<\/strong> mais aussi au fait que le mus\u00e9e Carnavalet est situ\u00e9 dans deux h\u00f4tels particuliers historiques.Dans les locaux historiques et magnifiques des h\u00f4tels particuliers, les visiteurs peuvent jeter un coup d&rsquo;\u0153il \u00e0 la vaste collection qui illustre le d\u00e9veloppement de la ville de Paris, de la colonie celtique de Lut\u00e8ce \u00e0 nos jours.Au total,<strong> plus de 60 000 objets sont pr\u00e9sent\u00e9s dans 100 salles.<\/strong><\/p>\n<p>On y trouve des vestiges arch\u00e9ologiques, des objets d&rsquo;art, des sculptures, des maquettes \u00e0 l&rsquo;\u00e9chelle des monuments anciens, mais aussi des objets anciens, du mobilier, des portraits de r\u00e9sidents c\u00e9l\u00e8bres ainsi que des anecdotes historiques et des t\u00e9moignages contemporains.L&rsquo;exposition sur <strong>la R\u00e9volution fran\u00e7aise, avec de nombreuses reliques originales<\/strong>, vaut particuli\u00e8rement le d\u00e9tour.Tout aussi int\u00e9ressante est la collection d&rsquo;horloges anciennes et les effets personnels de Fran\u00e7ais c\u00e9l\u00e8bres, dont Napol\u00e9on Ier, Jean-Jacques Rousseau et Marie-Antoinette.<\/p>\n<h3 style=\"\">Le b\u00e2timent du mus\u00e9e<\/h3>\n<p><span><img decoding=\"async\" alt=\"Carnavalet Museum in Paris in France\" data-id=\"179\" width=\"702\" data-init-width=\"1200\" height=\"468\" data-init-height=\"800\" title=\"Carnavalet Museum in Paris in France\" src=\"http:\/\/paristouristinformation.fr\/fr\/wp-content\/uploads\/2020\/06\/Carnavalet-Museum-in-Paris-in-France.jpg\" data-width=\"702\" data-height=\"468\" data-pinpro-key=\"j4ha0sae7\" loading=\"lazy\"><\/span><\/p>\n<p>Le mus\u00e9e est install\u00e9 dans deux h\u00f4tels particuliers historiques,<em> l&rsquo;H\u00f4tel de Carnavalet <\/em>et <em>l&rsquo;H\u00f4tel Le Peletier<\/em> de Saint-Fargeau. Les deux b\u00e2timents sont reli\u00e9s par une galerie.Les magnifiques salles d&rsquo;exposition sont caract\u00e9ris\u00e9es par un d\u00e9cor grandiose, qui se laisse admirer tout comme la collection. L&rsquo;H\u00f4tel de Carnavalet, datant du XVIe si\u00e8cle, avec son impressionnante fa\u00e7ade, est consid\u00e9r\u00e9 comme l&rsquo;un des plus beaux h\u00f4tels particuliers de style Renaissance. C&rsquo;est le plus ancien h\u00f4tel particulier encore conserv\u00e9 de la ville.Le cadre historique contribue de mani\u00e8re d\u00e9cisive au voyage de d\u00e9couverte de l&rsquo;histoire de Paris &#8211; une raison de plus pour laquelle le mus\u00e9e Carnavalet se distingue parmi les <a href=\"https:\/\/paristouristinformation.fr\/fr\/choses-a-faire\/musees\/\">mus\u00e9es de Paris.<\/a><\/p>\n<h3>Jardin<\/h3>\n<p>Le jardin du mus\u00e9e est \u00e9galement tr\u00e8s impressionnant. De magnifiques fleurs, des rosiers et des haies luxuriantes invitent le visiteur \u00e0 s&rsquo;attarder.<\/p>\n<p><span><img decoding=\"async\" alt=\"A Guide to Carnavalet Museum in Paris in France\" data-id=\"6562\" width=\"736\" data-init-width=\"1200\" height=\"386\" data-init-height=\"630\" title=\"A Guide to Carnavalet Museum in Paris in France\" src=\"http:\/\/paristouristinformation.fr\/fr\/wp-content\/uploads\/2021\/01\/A-Guide-to-Carnavalet-Museum-in-Paris-in-France.jpg\" data-width=\"736\" data-height=\"386\" style=\"\" loading=\"lazy\"><\/span><\/p>\n<ul>\n<li><a rel=\"noreferrer noopener nofollow\" href=\"https:\/\/pinterest.com\/pin\/create\/button\/?url=https:\/\/www.paristouristinformation.fr\/fr\/choses-a-faire\/musees\/carnavalet\/?tve=true&amp;tcbf=490b98843b&amp;is_video=false&amp;media=http:\/\/paristouristinformation.fr\/fr\/wp-content\/uploads\/2021\/01\/A-Guide-to-Carnavalet-Museum-in-Paris-in-France.jpg&amp;description=Guide%20du%20mus%C3%A9e%20Carnavalet%20%7C%20ParisTouristInformation.fr\" onclick=\"essb.window('https:\/\/pinterest.com\/pin\/create\/button\/?url=https:\/\/www.paristouristinformation.fr\/fr\/choses-a-faire\/musees\/carnavalet\/?tve=true&amp;tcbf=490b98843b&amp;is_video=false&amp;media=http:\/\/paristouristinformation.fr\/fr\/wp-content\/uploads\/2021\/01\/A-Guide-to-Carnavalet-Museum-in-Paris-in-France.jpg&amp;description=Guide%20du%20mus%C3%A9e%20Carnavalet%20%7C%20ParisTouristInformation.fr','pinpro','l02wt3ns'); return false;\" target=\"_blank\"><span><\/span><span>Pin<\/span><\/a><\/li>\n<\/ul>\n<h3>Expositions temporaires et \u00e9v\u00e9nements<\/h3>\n<p>Le mus\u00e9e Carnavalet organise deux grandes expositions temporaires par an. Pour un aper\u00e7u actualis\u00e9 des expositions temporaires, veuillez consulter le<a href=\"https:\/\/www.carnavalet.paris.fr\/\" target=\"_blank\" rel=\"noopener nofollow\"> site officiel du mus\u00e9e Carnavalet.<\/a>Le programme du mus\u00e9e est r\u00e9guli\u00e8rement enrichi de concerts, pi\u00e8ces de th\u00e9\u00e2tre, \u00e9v\u00e9nements, conf\u00e9rences et ateliers.<\/p>\n<h3>Librairie<\/h3>\n<p>\u00c0 l&rsquo;int\u00e9rieur du mus\u00e9e se trouve une librairie ainsi qu&rsquo;une boutique du mus\u00e9e proposant une gamme de livres, de souvenirs, de cadeaux, etc.<\/p>\n<h2 id=\"t-1612260711762\" data-alt-text=\"Entrance, Tickets and Tours\">Entr\u00e9es, billets et visites<\/h2>\n<ul>\n<li><span style=\"\"><strong>Billets :<\/strong> L&rsquo;entr\u00e9e \u00e0 l&rsquo;exposition permanente est gratuite toute l&rsquo;ann\u00e9e.<\/span><\/li>\n<li style=\"\"><span style=\"\"><strong>Billets pour les expositions temporaires :<\/strong> Les prix des billets pour les expositions temporaires varient. Vous trouverez de plus amples informations sur le site officiel du mus\u00e9e.<\/span><\/li>\n<li><span style=\"\"><strong>Audioguide :<\/strong> Un audioguide est disponible au mus\u00e9e en fran\u00e7ais, anglais et espagnol. Un audioguide pour les enfants est disponible en fran\u00e7ais et en anglais.<\/span><\/li>\n<\/ul>\n<ul>\n<li><span style=\"\">Conseil : pour gagner du temps, de l&rsquo;argent et \u00e9viter les tracas, vous pouvez pr\u00e9parer votre voyage en achetant le <a href=\"https:\/\/paristouristinformation.fr\/fr\/visites-guidees-et-billets\/\" style=\"outline: none;\">Paris Museum Pass<\/a>. Il donne acc\u00e8s \u00e0<span style=\"text-decoration: underline;\"> plus de 50 mus\u00e9es parisiens<\/span>. A ne pas manquer !<\/span><\/li>\n<\/ul>\n<h2 id=\"t-1612260711763\" data-alt-text=\"How to get there ?\">Comment se rendre au mus\u00e9e Carnavalet \u00e0 Paris ?<\/h2>\n<p>Le mus\u00e9e Carnavalet est situ\u00e9 dans le quartier historique du Marais, dans le 3e arrondissement de Paris, pr\u00e8s de la place des Vosges.Il est facilement accessible avec le<strong> m\u00e9tro 1<\/strong> jusqu&rsquo;\u00e0 la station \u00ab\u00a0Saint-Paul\u00a0\u00bb ou avec le <strong>bus 29<\/strong> jusqu&rsquo;\u00e0 \u00ab\u00a0Payenne\u00a0\u00bb. Les lignes de bus 69, 76 et 96 s&rsquo;arr\u00eatent \u00e9galement \u00e0 proximit\u00e9 du mus\u00e9e Carnavalet.<\/p>\n<h2 id=\"t-1612260711765\">FAQ (Foire aux questions)<\/h2>\n<h2 id=\"t-1612260711764\" style=\"\">Histoire du mus\u00e9e Carnavalet<\/h2>\n<p><span><img decoding=\"async\" alt=\"Carnavalet museum in Paris\" data-id=\"6563\" width=\"680\" data-init-width=\"1000\" height=\"454\" data-init-height=\"667\" title=\"Carnavalet museum in Paris\" src=\"http:\/\/paristouristinformation.fr\/fr\/wp-content\/uploads\/2021\/01\/Carnavalet-museum-in-Paris.jpg\" data-width=\"680\" data-height=\"454\" style=\"\" data-pinpro-key=\"qor0f1xqk\" loading=\"lazy\"><\/span><\/p>\n<p>Le mus\u00e9e Carnavalet a \u00e9t\u00e9 fond\u00e9 en 1880. \u00c0 cette \u00e9poque, il se trouvait exclusivement dans l&rsquo;h\u00f4tel de Carnavalet, construit entre 1548 et 1560 par l&rsquo;architecte Pierre Lescot comme r\u00e9sidence urbaine pour la noblesse.L&rsquo;agrandissement de la biblioth\u00e8que a rendu n\u00e9cessaire la construction de nouvelles ailes, qui ont \u00e9t\u00e9 \u00e9rig\u00e9es dans le jardin. En raison de l&rsquo;augmentation continue des expositions, les nouvelles ailes \u00e9taient insuffisantes.Les travaux de construction ont commenc\u00e9 en 1907, qui comprenaient le doublement du b\u00e2timent du mus\u00e9e. Avec l&rsquo;\u00e9clatement de la Premi\u00e8re Guerre mondiale, les travaux ont \u00e9t\u00e9 retard\u00e9s et n&rsquo;ont pu \u00eatre achev\u00e9s qu&rsquo;en 1920.Afin de rendre justice aux collections en constante augmentation, l&rsquo;h\u00f4tel particulier voisin, l&rsquo;H\u00f4tel Le Peletier de Saint-Fargeau, est acquis en 1989 et fait partie du mus\u00e9e Carnavalet.Des travaux de r\u00e9novation sont actuellement en cours, c&rsquo;est pourquoi le mus\u00e9e devrait rester ferm\u00e9 jusqu&rsquo;en 2021.<\/p>\n<div class=\"tcb-post-list tve-content-list thrv_wrapper\" data-type=\"grid\" data-pagination-type=\"none\" data-pages_near_current=\"2\" data-css=\"tve-u-177623ec250\" data-total_post_count=\"3\" data-total_sticky_count=\"0\" data-no_posts_text=\"There are no posts to display.\"><article id=\"post-3352\" class=\"post-3352 page type-page status-publish has-post-thumbnail hentry post-wrapper thrv_wrapper thrive-animated-item \" tcb_hover_state_parent=\"\" shortcode=\"tcb_post_list\" data-id=\"3352\" data-selector=\".post-wrapper\"><style class=\"tcb-post-list-dynamic-style\" type=\"text\/css\"><\/style><\/p>\n<h3 style=\"\"><span data-attr-link=\"1\" data-attr-rel=\"0\" data-attr-target=\"0\" data-extra_key=\"\" data-option-inline=\"1\" data-shortcode=\"tcb_post_title\" data-shortcode-name=\"Post title\" data-attr-css=\"\" style=\"\" data-attr-static-link=\"{&quot;className&quot;:&quot;tve-froala fr-basic&quot;,&quot;href&quot;:&quot;https:\/\/www.paristouristinformation.fr\/fr\/choses-a-faire\/musees\/musee-de-cluny\/&quot;,&quot;title&quot;:&quot;Guide du mus\u00e9e de Cluny \u00e0 Paris : Billets &amp; Conseil&quot;,&quot;class&quot;:&quot;tve-froala fr-basic&quot;}\"><a href=\"https:\/\/www.paristouristinformation.fr\/fr\/choses-a-faire\/musees\/musee-de-cluny\/\" title=\"Guide du mus\u00e9e de Cluny \u00e0 Paris : Billets &amp; Conseil\" data-css=\"\" class=\"tve-froala fr-basic\">Guide du mus\u00e9e de Cluny \u00e0 Paris : Billets &amp; Conseil<\/a><\/span><\/h3>\n<p><\/article><article id=\"post-3028\" class=\"post-3028 page type-page status-publish has-post-thumbnail hentry post-wrapper thrv_wrapper thrive-animated-item \" tcb_hover_state_parent=\"\" shortcode=\"tcb_post_list\" data-id=\"3028\" data-selector=\".post-wrapper\"><style class=\"tcb-post-list-dynamic-style\" type=\"text\/css\"><\/style><\/p>\n<h3 style=\"\"><span data-attr-link=\"1\" data-attr-rel=\"0\" data-attr-target=\"0\" data-extra_key=\"\" data-option-inline=\"1\" data-shortcode=\"tcb_post_title\" data-shortcode-name=\"Post title\" data-attr-css=\"\" style=\"\" data-attr-static-link=\"{&quot;className&quot;:&quot;tve-froala fr-basic&quot;,&quot;href&quot;:&quot;https:\/\/www.paristouristinformation.fr\/fr\/choses-a-faire\/musees\/musee-de-cluny\/&quot;,&quot;title&quot;:&quot;Guide du mus\u00e9e de Cluny \u00e0 Paris : Billets &amp; Conseil&quot;,&quot;class&quot;:&quot;tve-froala fr-basic&quot;}\"><a href=\"https:\/\/www.paristouristinformation.fr\/fr\/choses-a-faire\/musees\/crypte-archeologique\/\" title=\"Guide de la crypte arch\u00e9ologique de Paris : Conseils touristiques\" data-css=\"\" class=\"tve-froala fr-basic\">Guide de la crypte arch\u00e9ologique de Paris : Conseils touristiques<\/a><\/span><\/h3>\n<p><\/article><article id=\"post-4004\" class=\"post-4004 page type-page status-publish has-post-thumbnail hentry post-wrapper thrv_wrapper thrive-animated-item \" tcb_hover_state_parent=\"\" shortcode=\"tcb_post_list\" data-id=\"4004\" data-selector=\".post-wrapper\"><style class=\"tcb-post-list-dynamic-style\" type=\"text\/css\"><\/style><\/p>\n<h3 style=\"\"><span data-attr-link=\"1\" data-attr-rel=\"0\" data-attr-target=\"0\" data-extra_key=\"\" data-option-inline=\"1\" data-shortcode=\"tcb_post_title\" data-shortcode-name=\"Post title\" data-attr-css=\"\" style=\"\" data-attr-static-link=\"{&quot;className&quot;:&quot;tve-froala fr-basic&quot;,&quot;href&quot;:&quot;https:\/\/www.paristouristinformation.fr\/fr\/choses-a-faire\/musees\/musee-de-cluny\/&quot;,&quot;title&quot;:&quot;Guide du mus\u00e9e de Cluny \u00e0 Paris : Billets &amp; Conseil&quot;,&quot;class&quot;:&quot;tve-froala fr-basic&quot;}\"><a href=\"https:\/\/www.paristouristinformation.fr\/fr\/choses-a-faire\/musees\/picasso\/\" title=\"Guide du mus\u00e9e Picasso \u00e0 Paris : Conseils &amp; Billets\" data-css=\"\" class=\"tve-froala fr-basic\">Guide du mus\u00e9e Picasso \u00e0 Paris : Conseils &amp; Billets<\/a><\/span><\/h3>\n<p><\/article><\/div>\n<h2 id=\"t-1612260711766\" style=\"\">Contact et plan d&rsquo;acc\u00e8s<\/h2>\n<ul>\n<li><span style=\"\"><strong>Adresse:&nbsp;<\/strong>Mus\u00e9e Carnavalet, 16 rue des Francs-Bourgeois 75003 Paris<\/span><\/li>\n<li><span style=\"\"><strong>Heures d&rsquo;ouverture :<\/strong> Pour obtenir les derni\u00e8res informations sur les heures d&rsquo;ouverture, veuillez consulter le site web officiel.<\/span><\/li>\n<li><span style=\"\"><strong>Transports en commun :<\/strong> M\u00e9tro 1 jusqu&rsquo;\u00e0 \u00ab\u00a0Saint-Paul\u00a0\u00bb.<\/span><\/li>\n<li style=\"\"><span style=\"\"><strong>Site web:&nbsp;<\/strong><a href=\"https:\/\/www.carnavalet.paris.fr\/en\/homepage\" style=\"outline: none;\" target=\"_blank\" rel=\"noopener nofollow\">www.carnavalet.paris.fr<\/a><\/span><\/li>\n<\/ul>\n<ul>\n<li><span style=\"\"><strong>Conseil :<\/strong> Vous pr\u00e9parez votre voyage \u00e0 Paris ? Nous vous avons pr\u00e9par\u00e9 une \u200b<a href=\"https:\/\/paristouristinformation.fr\/fr\/choses-a-faire\/musees\/\">liste des 30 meilleurs mus\u00e9es \u00e0 visiter \u00e0 Paris. <\/a><\/span><\/li>\n<\/ul>\n<p>__CONFIG_colors_palette__{\u00ab\u00a0active_palette\u00a0\u00bb:0,\u00a0\u00bbconfig\u00a0\u00bb:{\u00ab\u00a0colors\u00a0\u00bb:{\u00ab\u00a050ce5\u00a0\u00bb:{\u00ab\u00a0name\u00a0\u00bb:\u00a0\u00bbMain Accent\u00a0\u00bb,\u00a0\u00bbparent\u00a0\u00bb:-1}},\u00a0\u00bbgradients\u00a0\u00bb:[]},\u00a0\u00bbpalettes\u00a0\u00bb:[{\u00ab\u00a0name\u00a0\u00bb:\u00a0\u00bbDefault Palette\u00a0\u00bb,\u00a0\u00bbvalue\u00a0\u00bb:{\u00ab\u00a0colors\u00a0\u00bb:{\u00ab\u00a050ce5\u00a0\u00bb:{\u00ab\u00a0val\u00a0\u00bb:\u00a0\u00bbvar(&#8211;tcb-skin-color-0)\u00a0\u00bb}},\u00a0\u00bbgradients\u00a0\u00bb:[]},\u00a0\u00bboriginal\u00a0\u00bb:{\u00ab\u00a0colors\u00a0\u00bb:{\u00ab\u00a050ce5\u00a0\u00bb:{\u00ab\u00a0val\u00a0\u00bb:\u00a0\u00bbrgb(19, 114, 211)\u00a0\u00bb,\u00a0\u00bbhsl\u00a0\u00bb:{\u00ab\u00a0h\u00a0\u00bb:210,\u00a0\u00bbs\u00a0\u00bb:0.83,\u00a0\u00bbl\u00a0\u00bb:0.45,\u00a0\u00bba\u00a0\u00bb:1}}},\u00a0\u00bbgradients\u00a0\u00bb:[]}}]}__CONFIG_colors_palette__ <a href=\"https:\/\/paristouristinformation.fr\/fr\/choses-a-faire\/musees\/\"> <span><span>Autres mus\u00e9es \u00e0 visiter \u00e0 Paris<\/span><\/span> <\/a><\/p>\n<h2 style=\"\" id=\"t-1645823469868\">Articles connexes :<\/h2>\n<div class=\"tcb-post-list tve-content-list thrv_wrapper\" data-type=\"grid\" data-pagination-type=\"none\" data-pages_near_current=\"2\" data-css=\"tve-u-17de13e44eb\" data-total_post_count=\"4\" data-total_sticky_count=\"0\" data-no_posts_text=\"There are no posts to display.\"><article id=\"post-68\" class=\"post-68 page type-page status-publish has-post-thumbnail hentry post-wrapper thrv_wrapper thrive-animated-item  tve_evt_manager_listen tve_ea_thrive_animation tve_et_mouseover tve_anim_grow\" tcb_hover_state_parent=\"\" class=\"tve_evt_manager_listen tve_ea_thrive_animation tve_et_mouseover tve_anim_grow\" data-id=\"68\" data-selector=\".post-wrapper\"><style class=\"tcb-post-list-dynamic-style\" type=\"text\/css\">@media (min-width: 300px){[].tcb-post-list #post-68 []{background-image: url(\u00ab\u00a0https:\/\/www.paristouristinformation.fr\/fr\/wp-content\/uploads\/2021\/02\/Top-30-Best-Museums-to-Visit-in-Paris-1024x538.jpg\u00ab\u00a0) !important;}[].tcb-post-list #post-68 []:hover []{background-image: url(\u00ab\u00a0https:\/\/www.paristouristinformation.fr\/fr\/wp-content\/uploads\/2021\/02\/Top-30-Best-Museums-to-Visit-in-Paris-1024x538.jpg\u00ab\u00a0) !important;}}<\/style><a href=\"https:\/\/www.paristouristinformation.fr\/fr\/choses-a-faire\/musees\/\" dynamic-postlink=\"tcb_post_the_permalink\" data-shortcode-id=\"68\"><\/a><\/p>\n<h3 style=\"text-align: center; padding-top: 0px !important; margin-top: 0px !important;\"><span data-attr-link=\"1\" data-attr-rel=\"0\" data-attr-target=\"0\" data-extra_key=\"\" data-option-inline=\"1\" data-shortcode=\"tcb_post_title\" data-shortcode-name=\"Post title\" data-attr-css=\"\" data-attr-static-link=\"{&quot;className&quot;:&quot;tve-froala fr-basic&quot;,&quot;href&quot;:&quot;https:\/\/www.paristouristinformation.fr\/fr\/choses-a-faire\/musees\/&quot;,&quot;title&quot;:&quot;Les 30 meilleurs mus\u00e9es \u00e0 visiter \u00e0 Paris : Billets, emplacement &amp; Conseils&quot;,&quot;class&quot;:&quot;tve-froala fr-basic&quot;}\" style=\"\"><a href=\"https:\/\/www.paristouristinformation.fr\/fr\/choses-a-faire\/musees\/\" title=\"30 Meilleurs mus\u00e9es \u00e0 visiter \u00e0 Paris : Billets, emplacement &amp; Conseils\" data-css=\"\" class=\"tve-froala fr-basic\">30 Meilleurs mus\u00e9es \u00e0 visiter \u00e0 Paris : Billets, emplacement &amp; Conseils<\/a><\/span><\/h3>\n<p><\/article><article id=\"post-4254\" class=\"post-4254 page type-page status-publish has-post-thumbnail hentry post-wrapper thrv_wrapper thrive-animated-item  tve_evt_manager_listen tve_ea_thrive_animation tve_et_mouseover tve_anim_grow\" tcb_hover_state_parent=\"\" class=\"tve_evt_manager_listen tve_ea_thrive_animation tve_et_mouseover tve_anim_grow\" data-id=\"4254\" data-selector=\".post-wrapper\"><style class=\"tcb-post-list-dynamic-style\" type=\"text\/css\">@media (min-width: 300px){[].tcb-post-list #post-4254 []{background-image: url(\u00ab\u00a0https:\/\/www.paristouristinformation.fr\/fr\/wp-content\/uploads\/2020\/12\/Concorde-Square-at-Sunrise-in-Paris-in-France-cover-1024x538.jpg\u00ab\u00a0) !important;}[].tcb-post-list #post-4254 []:hover []{background-image: url(\u00ab\u00a0https:\/\/www.paristouristinformation.fr\/fr\/wp-content\/uploads\/2020\/12\/Concorde-Square-at-Sunrise-in-Paris-in-France-cover-1024x538.jpg\u00ab\u00a0) !important;}}<\/style><a href=\"https:\/\/www.paristouristinformation.fr\/fr\/choses-a-faire\/places\/\" dynamic-postlink=\"tcb_post_the_permalink\" data-shortcode-id=\"68\"><\/a><\/p>\n<h3 style=\"text-align: center; padding-top: 0px !important; margin-top: 0px !important;\"><span data-attr-link=\"1\" data-attr-rel=\"0\" data-attr-target=\"0\" data-extra_key=\"\" data-option-inline=\"1\" data-shortcode=\"tcb_post_title\" data-shortcode-name=\"Post title\" data-attr-css=\"\" data-attr-static-link=\"{&quot;className&quot;:&quot;tve-froala fr-basic&quot;,&quot;href&quot;:&quot;https:\/\/www.paristouristinformation.fr\/fr\/choses-a-faire\/musees\/&quot;,&quot;title&quot;:&quot;Les 30 meilleurs mus\u00e9es \u00e0 visiter \u00e0 Paris : Billets, emplacement &amp; Conseils&quot;,&quot;class&quot;:&quot;tve-froala fr-basic&quot;}\" style=\"\"><a href=\"https:\/\/www.paristouristinformation.fr\/fr\/choses-a-faire\/places\/\" title=\"7 Meilleures places \u00e0 voir \u00e0 Paris\" data-css=\"\" class=\"tve-froala fr-basic\">7 Meilleures places \u00e0 voir \u00e0 Paris<\/a><\/span><\/h3>\n<p><\/article><article id=\"post-73\" class=\"post-73 page type-page status-publish has-post-thumbnail hentry post-wrapper thrv_wrapper thrive-animated-item  tve_evt_manager_listen tve_ea_thrive_animation tve_et_mouseover tve_anim_grow\" tcb_hover_state_parent=\"\" class=\"tve_evt_manager_listen tve_ea_thrive_animation tve_et_mouseover tve_anim_grow\" data-id=\"73\" data-selector=\".post-wrapper\"><style class=\"tcb-post-list-dynamic-style\" type=\"text\/css\">@media (min-width: 300px){[].tcb-post-list #post-73 []{background-image: url(\u00ab\u00a0https:\/\/www.paristouristinformation.fr\/fr\/wp-content\/uploads\/2021\/01\/10-Best-Free-Things-To-Do-in-Paris-1024x538.jpg\u00ab\u00a0) !important;}[].tcb-post-list #post-73 []:hover []{background-image: url(\u00ab\u00a0https:\/\/www.paristouristinformation.fr\/fr\/wp-content\/uploads\/2021\/01\/10-Best-Free-Things-To-Do-in-Paris-1024x538.jpg\u00ab\u00a0) !important;}}<\/style><a href=\"https:\/\/www.paristouristinformation.fr\/fr\/choses-a-faire\/gratuit\/\" dynamic-postlink=\"tcb_post_the_permalink\" data-shortcode-id=\"68\"><\/a><\/p>\n<h3 style=\"text-align: center; padding-top: 0px !important; margin-top: 0px !important;\"><span data-attr-link=\"1\" data-attr-rel=\"0\" data-attr-target=\"0\" data-extra_key=\"\" data-option-inline=\"1\" data-shortcode=\"tcb_post_title\" data-shortcode-name=\"Post title\" data-attr-css=\"\" data-attr-static-link=\"{&quot;className&quot;:&quot;tve-froala fr-basic&quot;,&quot;href&quot;:&quot;https:\/\/www.paristouristinformation.fr\/fr\/choses-a-faire\/musees\/&quot;,&quot;title&quot;:&quot;Les 30 meilleurs mus\u00e9es \u00e0 visiter \u00e0 Paris : Billets, emplacement &amp; Conseils&quot;,&quot;class&quot;:&quot;tve-froala fr-basic&quot;}\" style=\"\"><a href=\"https:\/\/www.paristouristinformation.fr\/fr\/choses-a-faire\/gratuit\/\" title=\"10 Meilleures Choses \u00e0 Faire \u00e0 Paris\" data-css=\"\" class=\"tve-froala fr-basic\">10 Meilleures Choses \u00e0 Faire \u00e0 Paris<\/a><\/span><\/h3>\n<p><\/article><article id=\"post-5579\" class=\"post-5579 page type-page status-publish has-post-thumbnail hentry post-wrapper thrv_wrapper thrive-animated-item  tve_evt_manager_listen tve_ea_thrive_animation tve_et_mouseover tve_anim_grow\" tcb_hover_state_parent=\"\" class=\"tve_evt_manager_listen tve_ea_thrive_animation tve_et_mouseover tve_anim_grow\" data-id=\"5579\" data-selector=\".post-wrapper\"><style class=\"tcb-post-list-dynamic-style\" type=\"text\/css\">@media (min-width: 300px){[].tcb-post-list #post-5579 []{background-image: url(\u00ab\u00a0https:\/\/www.paristouristinformation.fr\/fr\/wp-content\/uploads\/2023\/04\/Le-Marais-Paris-Tourist-Information-1024x538.jpg\u00ab\u00a0) !important;}[].tcb-post-list #post-5579 []:hover []{background-image: url(\u00ab\u00a0https:\/\/www.paristouristinformation.fr\/fr\/wp-content\/uploads\/2023\/04\/Le-Marais-Paris-Tourist-Information-1024x538.jpg\u00ab\u00a0) !important;}}<\/style><a href=\"https:\/\/www.paristouristinformation.fr\/fr\/choses-a-faire\/quartiers\/le-marais\/\" dynamic-postlink=\"tcb_post_the_permalink\" data-shortcode-id=\"68\"><\/a><\/p>\n<h3 style=\"text-align: center; padding-top: 0px !important; margin-top: 0px !important;\"><span data-attr-link=\"1\" data-attr-rel=\"0\" data-attr-target=\"0\" data-extra_key=\"\" data-option-inline=\"1\" data-shortcode=\"tcb_post_title\" data-shortcode-name=\"Post title\" data-attr-css=\"\" data-attr-static-link=\"{&quot;className&quot;:&quot;tve-froala fr-basic&quot;,&quot;href&quot;:&quot;https:\/\/www.paristouristinformation.fr\/fr\/choses-a-faire\/musees\/&quot;,&quot;title&quot;:&quot;Les 30 meilleurs mus\u00e9es \u00e0 visiter \u00e0 Paris : Billets, emplacement &amp; Conseils&quot;,&quot;class&quot;:&quot;tve-froala fr-basic&quot;}\" style=\"\"><a href=\"https:\/\/www.paristouristinformation.fr\/fr\/choses-a-faire\/quartiers\/le-marais\/\" title=\"Quartier du Marais \u00e0 Paris : Meilleures Choses \u00e0 Faire\" data-css=\"\" class=\"tve-froala fr-basic\">Quartier du Marais \u00e0 Paris : Meilleures Choses \u00e0 Faire<\/a><\/span><\/h3>\n<p><\/article><\/div>\n","protected":false},"excerpt":{"rendered":"<p>Le mus\u00e9e Carnavalet est situ\u00e9 dans le quartier branch\u00e9 du Marais \u00e0 Paris. Si vous voulez en savoir plus sur la ville que vous allez visiter, vous devez absolument visiter cet endroit. Le mus\u00e9e traite de l&rsquo;histoire de Paris, de ses origines \u00e0 nos jours.Nous vous avons pr\u00e9par\u00e9 un guide complet d&rsquo;informations \u00e0 conna\u00eetre sur [&hellip;]<\/p>\n","protected":false},"author":9,"featured_media":6562,"parent":68,"menu_order":0,"comment_status":"closed","ping_status":"closed","template":"","meta":{"footnotes":""},"tags":[],"class_list":{"0":"post-3264","1":"page","2":"type-page","3":"status-publish","4":"has-post-thumbnail","5":"hentry","6":"post-wrapper","7":"thrv_wrapper","10":"thrive-animated-item"},"_links":{"self":[{"href":"https:\/\/www.paristouristinformation.fr\/fr\/wp-json\/wp\/v2\/pages\/3264","targetHints":{"allow":["GET"]}}],"collection":[{"href":"https:\/\/www.paristouristinformation.fr\/fr\/wp-json\/wp\/v2\/pages"}],"about":[{"href":"https:\/\/www.paristouristinformation.fr\/fr\/wp-json\/wp\/v2\/types\/page"}],"author":[{"embeddable":true,"href":"https:\/\/www.paristouristinformation.fr\/fr\/wp-json\/wp\/v2\/users\/9"}],"replies":[{"embeddable":true,"href":"https:\/\/www.paristouristinformation.fr\/fr\/wp-json\/wp\/v2\/comments?post=3264"}],"version-history":[{"count":0,"href":"https:\/\/www.paristouristinformation.fr\/fr\/wp-json\/wp\/v2\/pages\/3264\/revisions"}],"up":[{"embeddable":true,"href":"https:\/\/www.paristouristinformation.fr\/fr\/wp-json\/wp\/v2\/pages\/68"}],"wp:featuredmedia":[{"embeddable":true,"href":"https:\/\/www.paristouristinformation.fr\/fr\/wp-json\/wp\/v2\/media\/6562"}],"wp:attachment":[{"href":"https:\/\/www.paristouristinformation.fr\/fr\/wp-json\/wp\/v2\/media?parent=3264"}],"wp:term":[{"taxonomy":"post_tag","embeddable":true,"href":"https:\/\/www.paristouristinformation.fr\/fr\/wp-json\/wp\/v2\/tags?post=3264"}],"curies":[{"name":"wp","href":"https:\/\/api.w.org\/{rel}","templated":true}]}}