{"id":3311,"date":"2020-11-30T08:43:12","date_gmt":"2020-11-30T08:43:12","guid":{"rendered":"http:\/\/paristouristinformation.fr\/fr\/clone-of-paris-paris-beauvais-tille-flughafen\/"},"modified":"2023-05-24T12:04:58","modified_gmt":"2023-05-24T12:04:58","slug":"beauvais-tille","status":"publish","type":"page","link":"https:\/\/www.paristouristinformation.fr\/fr\/organisez-votre-voyage-a-paris\/aeroports\/beauvais-tille\/","title":{"rendered":"Guide de l&#8217;a\u00e9roport de Paris Beauvais-Till\u00e9 [BVA] : Magasins, Vols, Transfert"},"content":{"rendered":"<h1>Guide de l&rsquo;a\u00e9roport de Paris Beauvais-Till\u00e9 [BVA].<\/h1>\n<p>Lisez notre guide complet sur l&rsquo;a\u00e9roport de Beauvais-Till\u00e9 \u00e0 Paris : Terminaux, transferts, vols, magasins, localisation et informations utiles&#8230;. Apprenez tout sur ce petit a\u00e9roport proche de Paris.<\/p>\n<h2 style=\"text-align: center;\" id=\"t-1613598795268\">Description de l&rsquo;a\u00e9roport de Beauvais-Till\u00e9<\/h2>\n<p>Beauvais-Till\u00e9 a \u00e9t\u00e9 ouvert en 1954 pour l&rsquo;aviation civile. Aujourd&rsquo;hui, il est devenu un a\u00e9roport commercial qui accueille plus de 30 000 passagers par an et pr\u00e9voit d&rsquo;en accueillir davantage dans les ann\u00e9es \u00e0 venir.Paris Beauvais-Till\u00e9 est situ\u00e9 \u00e0 84 kilom\u00e8tres au nord de Paris et n&rsquo;est pas r\u00e9ellement un a\u00e9roport parisien. Il est principalement desservi par des compagnies a\u00e9riennes \u00e0 bas prix, avec Ryanair et Wizzair qui dominent, mais Blue Air ainsi qu&rsquo;Air Moldava utilisent \u00e9galement cet a\u00e9roport. Au total, environ 6 compagnies a\u00e9riennes desservent 60 destinations \u00e0 partir de deux terminaux, l&rsquo;une des principales destinations \u00e9tant Bucarest.Il existe des liaisons vers Paris par bus, par navette ou par autoroute. Consultez nos <a href=\"https:\/\/paristouristinformation.fr\/fr\/voyage-de-groupe-paris\/transfert-executif\/\" style=\"outline: none;\">offres de transfert premium pour les a\u00e9roports de Paris.<\/a><\/p>\n<h3>Terminaux de l&rsquo;a\u00e9roport :<\/h3>\n<ul>\n<li><span style=\"\"><strong>Terminal 1 :<\/strong> Le terminal 1 est principalement utilis\u00e9 par Ryan Air et Wizz Air.<\/span><\/li>\n<li><span><strong>Terminal 2 :<\/strong> Le terminal est utilis\u00e9 par Blue Air et d&rsquo;autres transporteurs \u00e0 bas prix.<\/span><\/li>\n<\/ul>\n<p><span style=\"color: var(--tcb-skin-color-3);\"><span><strong>Arriv\u00e9e : <\/strong>Veuillez consulter la <\/span><\/span><a href=\"https:\/\/www.aeroportparisbeauvais.com\/vols\/etat-des-vols\/vols-du-jour\" target=\"_blank\" style=\"outline: none;\" data-lt-tmp-id=\"lt-695172\" spellcheck=\"false\" rel=\"noopener nofollow\"><strong><span style=\"color: var(--tcb-skin-color-3);\"><span>page d&rsquo;accueil <\/span><\/span><\/strong><\/a><span style=\"color: var(--tcb-skin-color-3);\"><span>pour conna\u00eetre les heures d&rsquo;arriv\u00e9e actuelles.<\/span><\/span><\/p>\n<\/p>\n<p><span style=\"color: var(--tcb-skin-color-3);\"><span><strong>D\u00e9part :<\/strong> Les heures d&rsquo;arriv\u00e9e et de d\u00e9part actuelles sont indiqu\u00e9es sur la page d&rsquo;accueil de <\/span><\/span><a href=\"https:\/\/www.aeroportparisbeauvais.com\/vols\/etat-des-vols\/vols-du-jour\" target=\"_blank\" style=\"outline: none;\" data-lt-tmp-id=\"lt-863717\" spellcheck=\"false\" rel=\"noopener nofollow\"><strong><span style=\"color: var(--tcb-skin-color-3);\"><span>l&rsquo;a\u00e9roport de Paris Beauvais-Till\u00e9.<\/span><\/span><\/strong><\/a><\/p>\n<h2 style=\"text-align: center;\" id=\"t-1613598795280\">Transfert de et vers l&rsquo;a\u00e9roport de Beauvais-Till\u00e9<\/h2>\n<p style=\"text-align: center;\">Quelles sont les options disponibles ?<\/p>\n<p><a href=\"javascript:void(0)\"><span style=\"\"><span style=\"\">Load More<\/span><\/span><\/a><\/p>\n<ul>\n<li style=\"\"><span style=\"\"><strong>Service de navettes :<\/strong> Le bus Navette part environ 20 minutes apr\u00e8s l&rsquo;atterrissage d&rsquo;un avion de ligne et 3 heures et 15 minutes avant le d\u00e9part d&rsquo;un avion. L&rsquo;arr\u00eat \u00e0 Paris est situ\u00e9 pr\u00e8s de l&rsquo;Arc de Triomphe \u00e0 la station de m\u00e9tro Porte Maillot et \u00e0 la station de train Neuilly &#8211; Porte Maillot. Le trajet dure au moins 1 heure et 20 minutes et peut varier consid\u00e9rablement en fonction du trafic. L&rsquo;aller simple co\u00fbte 15,90 \u20ac.<\/span><\/li>\n<li><span><strong>Bus :<\/strong> Il y a 16 bus r\u00e9guliers par jour au d\u00e9part de l&rsquo;a\u00e9roport de Beauvais-Till\u00e9 vers Paris. Le trajet dure au moins 1 heure et 20 minutes selon les conditions de circulation.<\/span><\/li>\n<li><span><strong>Train r\u00e9gional (TER) : <\/strong>L&rsquo;a\u00e9roport de Beauvais ne dispose pas de sa propre gare. Des taxis emm\u00e8nent les passagers \u00e0 la gare de Beauvais pour environ 15 euros. De l\u00e0, le train r\u00e9gional TER va jusqu&rsquo;\u00e0 la Gare du Nord \u00e0 Paris.<\/span><\/li>\n<li><span><strong>En voiture :<\/strong> L&rsquo;a\u00e9roport Paris Beauvais- Till\u00e9 est situ\u00e9 au nord de Paris. Il est facilement accessible par l&rsquo;autoroute A16 (sortie 15) et les routes D901 et D1001. Des parkings sont disponibles sur le site de l&rsquo;a\u00e9roport.<\/span><\/li>\n<li><span><strong>Transfert priv\u00e9 :<\/strong> Des soci\u00e9t\u00e9s priv\u00e9es mettent \u00e0 disposition des voitures et des chauffeurs priv\u00e9s pour emmener les passagers \u00e0 l&rsquo;a\u00e9roport de Beauvais. C&rsquo;est le moyen le plus simple et le plus rapide de rejoindre l&rsquo;a\u00e9roport, mais aussi le plus co\u00fbteux. Pour de bonnes affaires, consultez nos options de transfert dans notre boutique officielle \u00e0 Paris.<\/span><\/li>\n<\/ul>\n<h2 id=\"t-1613598795269\" style=\"text-align: center;\">Stationnement \u00e0 l&rsquo;a\u00e9roport<\/h2>\n<p>Il y a trois parkings \u00e0 l&rsquo;a\u00e9roport de Paris Beauvais-Till\u00e9. Les parkings P1 et P2 sont situ\u00e9s \u00e0 proximit\u00e9 des terminaux, le parking 4 est \u00e0 10 minutes de marche. Au total, 4 500 places de stationnement sont disponibles.Il est plus \u00e9conomique de r\u00e9server des places de stationnement en ligne \u00e0 l&rsquo;avance. Des informations d\u00e9taill\u00e9es sur <a href=\"https:\/\/paristouristinformation.fr\/fr\/organisez-votre-voyage-a-paris\/transports-en-commun\/stationnement\/\">les parkings \u00e0 Paris<\/a> dans nos articles d\u00e9di\u00e9s.<\/p>\n<p><span><img decoding=\"async\" alt=\"terminal taxi traveler in paris in france\" data-id=\"4630\" width=\"1000\" data-init-width=\"1000\" height=\"667\" data-init-height=\"667\" title=\"terminal taxi traveler in paris in france\" src=\"http:\/\/paristouristinformation.fr\/fr\/wp-content\/uploads\/2020\/12\/terminal-taxi-traveler-in-paris-in-france.jpg\" data-width=\"1000\" data-height=\"667\" loading=\"lazy\"><\/span><\/p>\n<h2 id=\"t-1613598795270\" style=\"text-align: center;\">Taxi, Uber et Bolt<\/h2>\n<p>Les taxis facturent environ 180 euros pour le trajet entre l&rsquo;a\u00e9roport de Paris Beauvais-Beauvais-Till\u00e9 et le centre de Paris. Le prix varie en fonction du trafic et de l&rsquo;heure de la journ\u00e9e.Selon les tarifs actuellement en vigueur, le tarif de base d&rsquo;un taxi \u00e0 Paris est de 7,10 euros, le prix au kilom\u00e8tre est de 1,07 euros pour les sept premiers kilom\u00e8tres et de 1,65 euros pour chaque kilom\u00e8tre suppl\u00e9mentaire. Les temps d&rsquo;arr\u00eat et d&rsquo;attente sont factur\u00e9s \u00e0 33,00 euros par heure.Vous pouvez vous d\u00e9placer avec Uber et Bolt depuis et vers l&rsquo;a\u00e9roport de Beauvais-Beauvais-Till\u00e9. Le co\u00fbt du trajet d\u00e9pend de la charge des v\u00e9hicules et du temps de conduite.<\/p>\n<ul>\n<li><span style=\"\">Vous avez besoin de plus d&rsquo;informations sur la fa\u00e7on de vous d\u00e9placer \u00e0 Paris ? Consultez nos articles sur<a href=\"https:\/\/paristouristinformation.fr\/fr\/organisez-votre-voyage-a-paris\/transports-en-commun\/taxi\/\" style=\"outline: none;\"> Comment prendre un taxi \u00e0 Paris<\/a> et<a href=\"https:\/\/paristouristinformation.fr\/fr\/faq\/apps\/\"> Quelles applications mobiles t\u00e9l\u00e9charger \u00e0 Paris<\/a> pour un voyage facile !<\/span><\/li>\n<\/ul>\n<h3>Tarif de nuit :<\/h3>\n<p>Le tarif de nuit est valable du lundi au samedi pour la p\u00e9riode comprise entre 17h00 du soir et 10h00 du matin et le dimanche toute la journ\u00e9e. Pendant la nuit, le tarif de base est de 7,10 euros, le prix par kilom\u00e8tre est de 1,35 euro, pour les temps d&rsquo;arr\u00eat et d&rsquo;attente, 38 euros sont factur\u00e9s.<\/p>\n<p><span style=\"color: var(--tcb-skin-color-16);\"><strong>Transfert \u00e0 l&rsquo;int\u00e9rieur de l&rsquo;a\u00e9roport :<\/strong> L&rsquo;a\u00e9roport se compose de deux terminaux, avec la gare routi\u00e8re de l&rsquo;a\u00e9roport au milieu. Il n&rsquo;y a pas de transport s\u00e9par\u00e9 d&rsquo;un terminal \u00e0 l&rsquo;autre.<\/span><\/p>\n<h2 id=\"t-1613598795271\">Bus pour les transferts de groupes<\/h2>\n<p>Mise \u00e0 disposition de bus pour les transferts a\u00e9roportuaires depuis ou vers l&rsquo;a\u00e9roport de Paris Beauvais-Beauvais-Till\u00e9 pour les groupes de 12 personnes ou plus.<\/p>\n<h2 id=\"t-1613598795272\" style=\"text-align: center;\">Train r\u00e9gional vers Beauvais-Till\u00e9<\/h2>\n<p>L&rsquo;a\u00e9roport de Beauvais-Beauvais-Till\u00e9 ne dispose pas de sa propre gare. Les voyageurs peuvent prendre un taxi pour se rendre \u00e0 la gare de Beauvais. La course co\u00fbte environ 15 euros. De l\u00e0, le train r\u00e9gional TER circule jusqu&rsquo;\u00e0 la gare du Nord \u00e0 Paris, o\u00f9 des correspondances avec les transports publics parisiens sont disponibles. Prenez un <a href=\"https:\/\/paristouristinformation.fr\/fr\/organisez-votre-voyage-a-paris\/transports-en-commun\/taxi\/\">taxi \u00e0 Paris.<\/a><\/p>\n<p><span><img decoding=\"async\" alt=\"\" data-id=\"4623\" width=\"730\" data-init-width=\"1000\" height=\"488\" data-init-height=\"669\" title=\"CDG airport inside in paris france\" src=\"http:\/\/paristouristinformation.fr\/fr\/wp-content\/uploads\/2020\/12\/CDG-airport-inside-in-paris-france.jpg\" data-width=\"730\" data-height=\"488\" loading=\"lazy\"><\/span><\/p>\n<h2 id=\"t-1613598795273\" style=\"text-align: center;\">Salon \u00e0 l&rsquo;a\u00e9roport<\/h2>\n<p>Il n&rsquo;y a actuellement aucun salon \u00e0 l&rsquo;a\u00e9roport de Beauvais-Beauvais-Till\u00e9.<\/p>\n<p><span><img decoding=\"async\" alt=\"\" data-id=\"4629\" width=\"730\" data-init-width=\"1000\" height=\"411\" data-init-height=\"563\" title=\"traveler works at airport CDG terminal in paris\" src=\"http:\/\/paristouristinformation.fr\/fr\/wp-content\/uploads\/2020\/12\/traveler-works-at-airport-CDG-terminal-in-paris.jpg\" data-width=\"730\" data-height=\"411\" loading=\"lazy\"><\/span><\/p>\n<h2 id=\"t-1613598795274\">Shopping, magasins et boutiques hors taxes<\/h2>\n<p>L&rsquo;a\u00e9roport de Beauvais-Beauvais-Till\u00e9 est un petit a\u00e9roport et les commerces sont limit\u00e9s. Les heures d&rsquo;ouverture des magasins sont en partie bas\u00e9es sur les heures d&rsquo;arriv\u00e9e et de d\u00e9part des vols.Il existe un magasin relais dans les deux terminaux, le terminal 1 et le terminal 2.<\/p>\n<h3>Hors taxes<\/h3>\n<p>Le choix est relativement clair &#8211; en fonction de la taille de l&rsquo;a\u00e9roport. Les articles hors taxes courants tels que les parfums, le chocolat et les sucreries ainsi que les boissons alcoolis\u00e9es sont vendus dans le magasin Arelia situ\u00e9 dans les terminaux de d\u00e9part apr\u00e8s les contr\u00f4les de passeport et de s\u00e9curit\u00e9.<\/p>\n<p><span style=\"color: var(--tcb-skin-color-3);\"><strong>Restauration :<\/strong> L&rsquo;offre gastronomique est adapt\u00e9e \u00e0 la taille de l&rsquo;a\u00e9roport et se compose d&rsquo;une pizzeria et de nombreuses offres de restauration rapide. Le bar propose des petites collations.<\/span><\/p>\n<p><span><img decoding=\"async\" alt=\"\" data-id=\"4632\" width=\"730\" data-init-width=\"1000\" height=\"487\" data-init-height=\"667\" title=\"airport duty free photo for paris in france\" src=\"http:\/\/paristouristinformation.fr\/fr\/wp-content\/uploads\/2020\/12\/airport-duty-free-photo-for-paris-in-france.jpg\" data-width=\"730\" data-height=\"487\" loading=\"lazy\"><\/span><\/p>\n<h2 id=\"t-1613598795275\" style=\"text-align: center;\">Louer une voiture \u00e0 l&rsquo;a\u00e9roport<\/h2>\n<p>Six soci\u00e9t\u00e9s de location de voitures sont bas\u00e9es \u00e0 l&rsquo;a\u00e9roport de Paris Beauvais-Beauvais-Till\u00e9, avec de petits bureaux entre le Terminal 1 et le Terminal 2.Bien s\u00fbr, vous pouvez louer une voiture en ligne \u00e0 l&rsquo;avance afin que la voiture soit disponible directement \u00e0 votre arriv\u00e9e. Consultez notre section consacr\u00e9e \u00e0 la <a href=\"https:\/\/paristouristinformation.fr\/fr\/organisez-votre-voyage-a-paris\/location-de-voiture\/\" style=\"outline: none;\">location de voitures \u00e0 Paris.<\/a><\/p>\n<h2 id=\"t-1613598795276\" style=\"text-align: center;\">H\u00f4tels d&rsquo;a\u00e9roport<\/h2>\n<p>Il n&rsquo;y a pas d&rsquo;h\u00f4tel \u00e0 l&rsquo;a\u00e9roport Paris Beauvais &#8211; Till\u00e9, mais il existe de nombreux h\u00e9bergements dans les environs imm\u00e9diats de l&rsquo;a\u00e9roport. Consultez notre article sur les <a href=\"https:\/\/paristouristinformation.fr\/fr\/hotel\/3-etoiles\/\">25 meilleurs h\u00f4tels 3 \u00e9toiles abordables de Paris.<\/a><\/p>\n<h2 id=\"t-1613598795277\">Conf\u00e9rence sur l&rsquo;a\u00e9roport et l&rsquo;environnement<\/h2>\n<p>Nous vous aidons \u00e0 louer des salles pour des \u00e9v\u00e9nements, des h\u00f4tels de conf\u00e9rence et le programme social complet.<\/p>\n<h2 id=\"t-1613598795278\">Contact<\/h2>\n<ul>\n<li><span style=\"\"><strong>Adresse :<\/strong> Airport Paris Beauvais &#8211; Till\u00e9, Pont de Paris, BP 60250, &nbsp;60002 Beauvais Cedex<\/span><\/li>\n<li><span style=\"\"><strong>T\u00e9l\u00e9phone :<\/strong> +33 892 68 20-66<\/span><\/li>\n<li><span style=\"\"><strong>Code IATA :<\/strong> BVA<\/span><\/li>\n<li><span style=\"\"><strong>ICAO:&nbsp;<\/strong>LFOB<\/span><\/li>\n<li><span style=\"\"><strong>Page web:&nbsp;<\/strong><a href=\"http:\/\/www.aeroportbeauvais.com\" target=\"_blank\" style=\"outline: none;\" rel=\"noopener nofollow\">Paris Beauvais &#8211; Till\u00e9<\/a><\/span><\/li>\n<\/ul>\n<h2 id=\"t-1613598795279\">FAQ (Foire aux questions)<\/h2>\n<p style=\"text-align: center;\">Postes connexes<\/p>\n<p><a href=\"https:\/\/www.paristouristinformation.fr\/fr\/organisez-votre-voyage-a-paris\/aeroports\/\" dynamic-postlink=\"tcb_post_the_permalink\" data-shortcode-id=\"5111\"><\/a><\/p>\n<h3 style=\"text-align: center; padding-top: 0px !important; margin-top: 0px !important;\"><span data-attr-link=\"1\" data-attr-rel=\"0\" data-attr-target=\"0\" data-extra_key=\"\" data-option-inline=\"1\" data-shortcode=\"tcb_post_title\" data-shortcode-name=\"Post title\" data-attr-css=\"\" data-attr-static-link=\"{&quot;className&quot;:&quot;&quot;,&quot;href&quot;:&quot;https:\/\/www.paristouristinformation.fr\/fr\/organisez-votre-voyage-a-paris\/aeroports\/&quot;,&quot;title&quot;:&quot;Informations sur les a\u00e9roports de Paris : Transfert, vol, terminaux&quot;,&quot;class&quot;:&quot;&quot;}\"><a href=\"https:\/\/www.paristouristinformation.fr\/fr\/organisez-votre-voyage-a-paris\/aeroports\/\" title=\"Informations sur les a\u00e9roports de Paris : Transfert, vol, terminaux\" data-css=\"\">Informations sur les a\u00e9roports de Paris : Transfert, vol, terminaux<\/a><\/span><\/h3>\n<p><a href=\"https:\/\/www.paristouristinformation.fr\/fr\/organisez-votre-voyage-a-paris\/aeroports\/\"><span style=\"\"><span style=\"\">LIRE PLUS<\/span><\/span><\/a><a href=\"https:\/\/www.paristouristinformation.fr\/fr\/organisez-votre-voyage-a-paris\/3-jours\/\" dynamic-postlink=\"tcb_post_the_permalink\" data-shortcode-id=\"5111\"><\/a><\/p>\n<h3 style=\"text-align: center; padding-top: 0px !important; margin-top: 0px !important;\"><span data-attr-link=\"1\" data-attr-rel=\"0\" data-attr-target=\"0\" data-extra_key=\"\" data-option-inline=\"1\" data-shortcode=\"tcb_post_title\" data-shortcode-name=\"Post title\" data-attr-css=\"\" data-attr-static-link=\"{&quot;className&quot;:&quot;&quot;,&quot;href&quot;:&quot;https:\/\/www.paristouristinformation.fr\/fr\/organisez-votre-voyage-a-paris\/aeroports\/&quot;,&quot;title&quot;:&quot;Informations sur les a\u00e9roports de Paris : Transfert, vol, terminaux&quot;,&quot;class&quot;:&quot;&quot;}\"><a href=\"https:\/\/www.paristouristinformation.fr\/fr\/organisez-votre-voyage-a-paris\/3-jours\/\" title=\"Meilleur Itin\u00e9raire de 3 Jours pour D\u00e9butants \u00e0 Paris\" data-css=\"\">Meilleur Itin\u00e9raire de 3 Jours pour D\u00e9butants \u00e0 Paris<\/a><\/span><\/h3>\n<p><a href=\"https:\/\/www.paristouristinformation.fr\/fr\/organisez-votre-voyage-a-paris\/3-jours\/\"><span style=\"\"><span style=\"\">LIRE PLUS<\/span><\/span><\/a><a href=\"https:\/\/www.paristouristinformation.fr\/fr\/organisez-votre-voyage-a-paris\/orly\/\" dynamic-postlink=\"tcb_post_the_permalink\" data-shortcode-id=\"5111\"><\/a><\/p>\n<h3 style=\"text-align: center; padding-top: 0px !important; margin-top: 0px !important;\"><span data-attr-link=\"1\" data-attr-rel=\"0\" data-attr-target=\"0\" data-extra_key=\"\" data-option-inline=\"1\" data-shortcode=\"tcb_post_title\" data-shortcode-name=\"Post title\" data-attr-css=\"\" data-attr-static-link=\"{&quot;className&quot;:&quot;&quot;,&quot;href&quot;:&quot;https:\/\/www.paristouristinformation.fr\/fr\/organisez-votre-voyage-a-paris\/aeroports\/&quot;,&quot;title&quot;:&quot;Informations sur les a\u00e9roports de Paris : Transfert, vol, terminaux&quot;,&quot;class&quot;:&quot;&quot;}\"><a href=\"https:\/\/www.paristouristinformation.fr\/fr\/organisez-votre-voyage-a-paris\/orly\/\" title=\"Guide de l\u2019a\u00e9roport d\u2019Orly [ORY] : Magasins, Vols, Transfert\" data-css=\"\">Guide de l\u2019a\u00e9roport d\u2019Orly [ORY] : Magasins, Vols, Transfert<\/a><\/span><\/h3>\n<p><a href=\"https:\/\/www.paristouristinformation.fr\/fr\/organisez-votre-voyage-a-paris\/orly\/\"><span style=\"\"><span style=\"\">LIRE PLUS<\/span><\/span><\/a><a href=\"https:\/\/www.paristouristinformation.fr\/fr\/organisez-votre-voyage-a-paris\/charles-de-gaulle\/\" dynamic-postlink=\"tcb_post_the_permalink\" data-shortcode-id=\"5111\"><\/a><\/p>\n<h3 style=\"text-align: center; padding-top: 0px !important; margin-top: 0px !important;\"><span data-attr-link=\"1\" data-attr-rel=\"0\" data-attr-target=\"0\" data-extra_key=\"\" data-option-inline=\"1\" data-shortcode=\"tcb_post_title\" data-shortcode-name=\"Post title\" data-attr-css=\"\" data-attr-static-link=\"{&quot;className&quot;:&quot;&quot;,&quot;href&quot;:&quot;https:\/\/www.paristouristinformation.fr\/fr\/organisez-votre-voyage-a-paris\/aeroports\/&quot;,&quot;title&quot;:&quot;Informations sur les a\u00e9roports de Paris : Transfert, vol, terminaux&quot;,&quot;class&quot;:&quot;&quot;}\"><a href=\"https:\/\/www.paristouristinformation.fr\/fr\/organisez-votre-voyage-a-paris\/charles-de-gaulle\/\" title=\"Guide de l\u2019a\u00e9roport Charles de Gaulle [CDG] : Magasins, Vols, Transferts\" data-css=\"\">Guide de l\u2019a\u00e9roport Charles de Gaulle [CDG] : Magasins, Vols, Transferts<\/a><\/span><\/h3>\n<p><a href=\"https:\/\/www.paristouristinformation.fr\/fr\/organisez-votre-voyage-a-paris\/charles-de-gaulle\/\"><span style=\"\"><span style=\"\">LIRE PLUS<\/span><\/span><\/a><a href=\"https:\/\/www.paristouristinformation.fr\/fr\/choses-a-faire\/disneyland\/\" dynamic-postlink=\"tcb_post_the_permalink\" data-shortcode-id=\"5111\"><\/a><\/p>\n<h3 style=\"text-align: center; padding-top: 0px !important; margin-top: 0px !important;\"><span data-attr-link=\"1\" data-attr-rel=\"0\" data-attr-target=\"0\" data-extra_key=\"\" data-option-inline=\"1\" data-shortcode=\"tcb_post_title\" data-shortcode-name=\"Post title\" data-attr-css=\"\" data-attr-static-link=\"{&quot;className&quot;:&quot;&quot;,&quot;href&quot;:&quot;https:\/\/www.paristouristinformation.fr\/fr\/organisez-votre-voyage-a-paris\/aeroports\/&quot;,&quot;title&quot;:&quot;Informations sur les a\u00e9roports de Paris : Transfert, vol, terminaux&quot;,&quot;class&quot;:&quot;&quot;}\"><a href=\"https:\/\/www.paristouristinformation.fr\/fr\/choses-a-faire\/disneyland\/\" title=\"Disneyland Paris : Billets, man\u00e8ges, h\u00f4tels et offres sp\u00e9ciales\" data-css=\"\">Disneyland Paris : Billets, man\u00e8ges, h\u00f4tels et offres sp\u00e9ciales<\/a><\/span><\/h3>\n<p><a href=\"https:\/\/www.paristouristinformation.fr\/fr\/choses-a-faire\/disneyland\/\"><span style=\"\"><span style=\"\">LIRE PLUS<\/span><\/span><\/a><a href=\"https:\/\/www.paristouristinformation.fr\/fr\/choses-a-faire\/\" dynamic-postlink=\"tcb_post_the_permalink\" data-shortcode-id=\"5111\"><\/a><\/p>\n<h3 style=\"text-align: center; padding-top: 0px !important; margin-top: 0px !important;\"><span data-attr-link=\"1\" data-attr-rel=\"0\" data-attr-target=\"0\" data-extra_key=\"\" data-option-inline=\"1\" data-shortcode=\"tcb_post_title\" data-shortcode-name=\"Post title\" data-attr-css=\"\" data-attr-static-link=\"{&quot;className&quot;:&quot;&quot;,&quot;href&quot;:&quot;https:\/\/www.paristouristinformation.fr\/fr\/organisez-votre-voyage-a-paris\/aeroports\/&quot;,&quot;title&quot;:&quot;Informations sur les a\u00e9roports de Paris : Transfert, vol, terminaux&quot;,&quot;class&quot;:&quot;&quot;}\"><a href=\"https:\/\/www.paristouristinformation.fr\/fr\/choses-a-faire\/\" title=\"100 Choses \u00e0 Faire \u00e0 Paris\" data-css=\"\">100 Choses \u00e0 Faire \u00e0 Paris<\/a><\/span><\/h3>\n<p><a href=\"https:\/\/www.paristouristinformation.fr\/fr\/choses-a-faire\/\"><span style=\"\"><span style=\"\">LIRE PLUS<\/span><\/span><\/a><a href=\"javascript:void(0)\"><span style=\"\"><span style=\"\">Load More<\/span><\/span><\/a><\/p>\n","protected":false},"excerpt":{"rendered":"<p>Guide de l&rsquo;a\u00e9roport de Paris Beauvais-Till\u00e9 [BVA]. Lisez notre guide complet sur l&rsquo;a\u00e9roport de Beauvais-Till\u00e9 \u00e0 Paris : Terminaux, transferts, vols, magasins, localisation et informations utiles&#8230;. Apprenez tout sur ce petit a\u00e9roport proche de Paris. Description de l&rsquo;a\u00e9roport de Beauvais-Till\u00e9 Beauvais-Till\u00e9 a \u00e9t\u00e9 ouvert en 1954 pour l&rsquo;aviation civile. Aujourd&rsquo;hui, il est devenu un a\u00e9roport [&hellip;]<\/p>\n","protected":false},"author":11,"featured_media":4624,"parent":5111,"menu_order":0,"comment_status":"closed","ping_status":"closed","template":"","meta":{"footnotes":""},"tags":[],"class_list":["post-3311","page","type-page","status-publish","has-post-thumbnail","hentry","post-wrapper","thrv_wrapper"],"_links":{"self":[{"href":"https:\/\/www.paristouristinformation.fr\/fr\/wp-json\/wp\/v2\/pages\/3311","targetHints":{"allow":["GET"]}}],"collection":[{"href":"https:\/\/www.paristouristinformation.fr\/fr\/wp-json\/wp\/v2\/pages"}],"about":[{"href":"https:\/\/www.paristouristinformation.fr\/fr\/wp-json\/wp\/v2\/types\/page"}],"author":[{"embeddable":true,"href":"https:\/\/www.paristouristinformation.fr\/fr\/wp-json\/wp\/v2\/users\/11"}],"replies":[{"embeddable":true,"href":"https:\/\/www.paristouristinformation.fr\/fr\/wp-json\/wp\/v2\/comments?post=3311"}],"version-history":[{"count":0,"href":"https:\/\/www.paristouristinformation.fr\/fr\/wp-json\/wp\/v2\/pages\/3311\/revisions"}],"up":[{"embeddable":true,"href":"https:\/\/www.paristouristinformation.fr\/fr\/wp-json\/wp\/v2\/pages\/5111"}],"wp:featuredmedia":[{"embeddable":true,"href":"https:\/\/www.paristouristinformation.fr\/fr\/wp-json\/wp\/v2\/media\/4624"}],"wp:attachment":[{"href":"https:\/\/www.paristouristinformation.fr\/fr\/wp-json\/wp\/v2\/media?parent=3311"}],"wp:term":[{"taxonomy":"post_tag","embeddable":true,"href":"https:\/\/www.paristouristinformation.fr\/fr\/wp-json\/wp\/v2\/tags?post=3311"}],"curies":[{"name":"wp","href":"https:\/\/api.w.org\/{rel}","templated":true}]}}