{"id":3352,"date":"2020-12-21T19:43:05","date_gmt":"2020-12-21T19:43:05","guid":{"rendered":"http:\/\/paristouristinformation.fr\/fr\/?page_id=3352"},"modified":"2023-05-16T06:44:20","modified_gmt":"2023-05-16T06:44:20","slug":"musee-de-cluny","status":"publish","type":"page","link":"https:\/\/www.paristouristinformation.fr\/fr\/choses-a-faire\/musees\/musee-de-cluny\/","title":{"rendered":"Guide du mus\u00e9e de Cluny \u00e0 Paris : Billets &#038; Conseil"},"content":{"rendered":"<p>Le Mus\u00e9e de Cluny, \u00e9galement appel\u00e9 Mus\u00e9e national du Moyen \u00c2ge, est un mus\u00e9e m\u00e9di\u00e9val situ\u00e9 en plein c\u0153ur de Paris, dans l<a href=\"https:\/\/paristouristinformation.fr\/fr\/choses-a-faire\/quartiers\/quartier-latin\/\">e Quartier latin<\/a>. Si vous \u00eates curieux de l&rsquo;\u00e9poque m\u00e9di\u00e9vale, des habitudes des gens du Moyen \u00c2ge, de leur culture, de leur mode de vie et de leur art, ce mus\u00e9e est l&rsquo;endroit id\u00e9al pour apprendre.Dans cet article, nous vous aiderons \u00e0 trouver toutes les informations importantes pour les visiteurs du Mus\u00e9e de Cluny \u00e0 Paris, y compris les points forts des expositions, l&rsquo;histoire, les billets, les visites et des informations utiles sur la fa\u00e7on de s&rsquo;y rendre.<\/p>\n<h2 id=\"t-1612272189680\" data-alt-text=\"What can I do at the Museum ?\">Que puis-je faire au Mus\u00e9e de Cluny ?<\/h2>\n<p>Avec sa riche collection, le Mus\u00e9e de Cluny plonge les visiteurs dans le monde du Moyen \u00c2ge.<strong>De nombreuses \u0153uvres d&rsquo;art et ustensiles du Moyen-\u00c2ge <\/strong>fournissent des informations sur la vie quotidienne et l&rsquo;art de cette \u00e9poque.Il s&rsquo;agit d&rsquo;objets du quotidien, mais aussi de vitraux, de peintures, de sculptures, de statues et d&rsquo;\u0153uvres d&rsquo;orf\u00e8vres m\u00e9di\u00e9vaux. La vaste collection de fen\u00eatres en verre plomb\u00e9 vaut \u00e9galement le d\u00e9tour.Le c\u0153ur de la collection est la tapisserie<em> La Dame \u00e0 la licorne<\/em>. Cette s\u00e9rie de six tapisseries date du 14e si\u00e8cle.<\/p>\n<p><strong>Les cinq premi\u00e8res parties repr\u00e9sentent les cinq sens, <\/strong>tandis que la sixi\u00e8me partie avec l&rsquo;inscription \u00ab\u00a0Mon seul d\u00e9sir\u00a0\u00bb (en anglais : My only desire) symbolise le d\u00e9passement des joies.D&rsquo;autres pi\u00e8ces remarquables sont le pilier des<em> Nautae Parisiaci <\/em>du 1er si\u00e8cle apr\u00e8s J.-C., qui montre divers dieux de la mythologie romaine et gauloise, le v\u00eatement d&rsquo;autel de 120 cm de haut de <em>l&rsquo;Antependium de B\u00e2le,<\/em> qui a \u00e9t\u00e9 donn\u00e9 par l&#8217;empereur Heinrich II, et les t\u00eates de la galerie royale, qui \u00e9taient suspendues au-dessus des portes de Notre-Dame jusqu&rsquo;\u00e0 la R\u00e9volution fran\u00e7aise.<\/p>\n<ul>\n<li><span style=\"\"><strong>Conseil :<\/strong> Vous pr\u00e9parez votre voyage \u00e0 Paris ? D\u00e9couvrez tous les autres<a href=\"https:\/\/paristouristinformation.fr\/fr\/choses-a-faire\/quartiers\/quartier-latin\/\"> incontournables du Quartier Latin<\/a>, l&rsquo;un des quartiers les plus visit\u00e9s de Paris !<\/span><\/li>\n<\/ul>\n<h3>Le b\u00e2timent du mus\u00e9e de Cluny<\/h3>\n<p><span><img decoding=\"async\" alt=\"\" data-id=\"4700\" width=\"702\" data-init-width=\"1000\" height=\"534\" data-init-height=\"760\" title=\"hotel cluny museum tower in paris in france\" src=\"http:\/\/paristouristinformation.fr\/fr\/wp-content\/uploads\/2020\/12\/hotel-cluny-museum-tower-in-paris-in-france.jpg\" data-width=\"702\" data-height=\"534\" style=\"\" data-pinpro-key=\"gsxmzou9x\" loading=\"lazy\"><\/span><\/p>\n<p>L&rsquo;imposant b\u00e2timent du Mus\u00e9e de Cluny lui-m\u00eame est \u00e9galement tr\u00e8s important et m\u00e9rite une visite.Il se compose de trois b\u00e2timents de diff\u00e9rentes \u00e9poques. Il s&rsquo;agit des <em>Thermes de Cluny <\/em>(ruines de thermes gallo-romains de l&rsquo;ancienne Lut\u00e8ce), de <em>l&rsquo;H\u00f4tel de Cluny <\/em>(un h\u00f4tel particulier de style gothique tardif des abb\u00e9s de Cluny du 15e si\u00e8cle) et du nouveau b\u00e2timent d&rsquo;accueil de l&rsquo;architecte Bernard Desmoulin de 2018.<\/p>\n<h3>Le jardin du mus\u00e9e de Cluny<\/h3>\n<p>Le jardin m\u00e9di\u00e9val d&rsquo;une superficie d&rsquo;environ 5 000 m\u00e8tres carr\u00e9s invite les visiteurs \u00e0 se promener. Il y a un jardin d&rsquo;herbes m\u00e9dicinales, une zone de l\u00e9gumes et un jardin idyllique avec des fleurs color\u00e9es.<\/p>\n<h3>Expositions temporaires du Mus\u00e9e de Cluny<\/h3>\n<p>Des expositions temporaires sont organis\u00e9es r\u00e9guli\u00e8rement dans le mus\u00e9e. Pour un aper\u00e7u actualis\u00e9 des expositions temporaires, consultez le <a href=\"https:\/\/www.musee-moyenage.fr\/\" target=\"_blank\" rel=\"noopener nofollow\">site officiel du mus\u00e9e de Cluny.<\/a><\/p>\n<h3>\u00c9v\u00e9nements au Mus\u00e9e de Cluny<\/h3>\n<p>Le portefeuille du Mus\u00e9e de Cluny est enrichi par des \u00e9v\u00e9nements sp\u00e9ciaux, des conf\u00e9rences, des pr\u00e9sentations et des concerts de musique m\u00e9di\u00e9vale.<\/p>\n<h3>Librairie et boutique du mus\u00e9e de Cluny<\/h3>\n<p>Le mus\u00e9e dispose d&rsquo;une librairie et d&rsquo;une boutique de mus\u00e9e proposant divers articles.<\/p>\n<div class=\"tcb-post-list tve-content-list thrv_wrapper\" data-type=\"grid\" data-pagination-type=\"none\" data-pages_near_current=\"2\" data-css=\"tve-u-177111da12b\" data-total_post_count=\"2\" data-total_sticky_count=\"0\" data-no_posts_text=\"There are no posts to display.\"><article id=\"post-998\" class=\"post-998 page type-page status-publish has-post-thumbnail hentry post-wrapper thrv_wrapper thrive-animated-item \" tcb_hover_state_parent=\"\" shortcode=\"tcb_post_list\" data-id=\"998\" data-selector=\".post-wrapper\"><style class=\"tcb-post-list-dynamic-style\" type=\"text\/css\"><\/style><\/p>\n<h3 style=\"\"><span data-attr-link=\"1\" data-attr-rel=\"0\" data-attr-target=\"0\" data-extra_key=\"\" data-option-inline=\"1\" data-shortcode=\"tcb_post_title\" data-shortcode-name=\"Post title\" data-attr-css=\"\" style=\"\" data-attr-static-link=\"{&quot;className&quot;:&quot;tve-froala fr-basic&quot;,&quot;href&quot;:&quot;https:\/\/www.paristouristinformation.fr\/fr\/choses-a-faire\/eglise\/&quot;,&quot;title&quot;:&quot;Les 12 \u00e9glises les plus visit\u00e9es de Paris ((avec billets)).&quot;,&quot;class&quot;:&quot;tve-froala fr-basic&quot;}\"><a href=\"https:\/\/www.paristouristinformation.fr\/fr\/choses-a-faire\/musees\/musee-du-louvre\/\" title=\"Guide du mus\u00e9e du Louvre \u00e0 Paris : Conseils, histoire et billets\" data-css=\"\" class=\"tve-froala fr-basic\">Guide du mus\u00e9e du Louvre \u00e0 Paris : Conseils, histoire et billets<\/a><\/span><\/h3>\n<p><\/article><article id=\"post-5137\" class=\"post-5137 page type-page status-publish has-post-thumbnail hentry post-wrapper thrv_wrapper thrive-animated-item \" tcb_hover_state_parent=\"\" shortcode=\"tcb_post_list\" data-id=\"5137\" data-selector=\".post-wrapper\"><style class=\"tcb-post-list-dynamic-style\" type=\"text\/css\"><\/style><\/p>\n<h3 style=\"\"><span data-attr-link=\"1\" data-attr-rel=\"0\" data-attr-target=\"0\" data-extra_key=\"\" data-option-inline=\"1\" data-shortcode=\"tcb_post_title\" data-shortcode-name=\"Post title\" data-attr-css=\"\" style=\"\" data-attr-static-link=\"{&quot;className&quot;:&quot;tve-froala fr-basic&quot;,&quot;href&quot;:&quot;https:\/\/www.paristouristinformation.fr\/fr\/choses-a-faire\/eglise\/&quot;,&quot;title&quot;:&quot;Les 12 \u00e9glises les plus visit\u00e9es de Paris ((avec billets)).&quot;,&quot;class&quot;:&quot;tve-froala fr-basic&quot;}\"><a href=\"https:\/\/www.paristouristinformation.fr\/fr\/choses-a-faire\/eglise\/\" title=\"12 \u00c9glises les plus visit\u00e9es de Paris [avec billets].\" data-css=\"\" class=\"tve-froala fr-basic\">12 \u00c9glises les plus visit\u00e9es de Paris [avec billets].<\/a><\/span><\/h3>\n<p><\/article><\/div>\n<h2 id=\"t-1612272189681\" data-alt-text=\"Entrance, Tickets and Tours \">Entr\u00e9es, billets et visites au Mus\u00e9e de Cluny<\/h2>\n<p><span><img decoding=\"async\" alt=\"\" data-id=\"750\" width=\"730\" data-init-width=\"1000\" height=\"487\" data-init-height=\"667\" title=\"Medieval Museum Cluny in Paris in France\" src=\"http:\/\/paristouristinformation.fr\/fr\/wp-content\/uploads\/2020\/06\/Medieval-Museum-Cluny-in-Paris-in-France.jpg\" data-width=\"730\" data-height=\"487\" data-pinpro-key=\"jmzjfnlgr\" loading=\"lazy\"><\/span><\/p>\n<ul>\n<li><span style=\"\"><strong>Entr\u00e9e :<\/strong> Les visiteurs de moins de 18 ans et les citoyens de l&rsquo;UE de moins de 26 ans peuvent acc\u00e9der gratuitement \u00e0 l&rsquo;exposition permanente. Pour un aper\u00e7u complet, veuillez consulter le site officiel du mus\u00e9e.<\/span><\/li>\n<li style=\"\"><span style=\"\"><strong>Billets : <\/strong>Le Mus\u00e9e de Cluny propose deux types de billets : un billet en dehors des expositions temporaires et un billet pendant les expositions temporaires.<\/span><\/li>\n<li><span style=\"\"><strong>Conseil <\/strong>: L&rsquo;entr\u00e9e au mus\u00e9e de Cluny est gratuite pour tous les visiteurs le premier dimanche de chaque mois.<\/span><\/li>\n<\/ul>\n<ul>\n<li><span style=\"\">Pour gagner du temps et de l&rsquo;argent et \u00e9viter les tracas, vous pouvez pr\u00e9parer votre voyage en achetant \u00e0 l&rsquo;avance tous les billets en ligne dont vous avez besoin dans notre boutique officielle <a href=\"https:\/\/paristouristinformation.fr\/fr\/visites-guidees-et-billets\/\">Paris Tickets Shop.<\/a><\/span><\/li>\n<\/ul>\n<p>__CONFIG_colors_palette__{\u00ab\u00a0active_palette\u00a0\u00bb:0,\u00a0\u00bbconfig\u00a0\u00bb:{\u00ab\u00a0colors\u00a0\u00bb:{\u00ab\u00a0f8570\u00a0\u00bb:{\u00ab\u00a0name\u00a0\u00bb:\u00a0\u00bbMain Accent\u00a0\u00bb,\u00a0\u00bbparent\u00a0\u00bb:-1}},\u00a0\u00bbgradients\u00a0\u00bb:[]},\u00a0\u00bbpalettes\u00a0\u00bb:[{\u00ab\u00a0name\u00a0\u00bb:\u00a0\u00bbDefault Palette\u00a0\u00bb,\u00a0\u00bbvalue\u00a0\u00bb:{\u00ab\u00a0colors\u00a0\u00bb:{\u00ab\u00a0f8570\u00a0\u00bb:{\u00ab\u00a0val\u00a0\u00bb:\u00a0\u00bbvar(&#8211;tcb-skin-color-0)\u00a0\u00bb}},\u00a0\u00bbgradients\u00a0\u00bb:[]},\u00a0\u00bboriginal\u00a0\u00bb:{\u00ab\u00a0colors\u00a0\u00bb:{\u00ab\u00a0f8570\u00a0\u00bb:{\u00ab\u00a0val\u00a0\u00bb:\u00a0\u00bbrgb(19, 114, 211)\u00a0\u00bb,\u00a0\u00bbhsl\u00a0\u00bb:{\u00ab\u00a0h\u00a0\u00bb:210,\u00a0\u00bbs\u00a0\u00bb:0.83,\u00a0\u00bbl\u00a0\u00bb:0.45}}},\u00a0\u00bbgradients\u00a0\u00bb:[]}}]}__CONFIG_colors_palette__ <a href=\"https:\/\/paristouristinformation.fr\/fr\/visites-guidees-et-billets\/\"> <span><span style=\"\">Acc\u00e9der au Paris Tickets Shop<\/span><\/span> <\/a><\/p>\n<h2 id=\"t-1612272189682\" data-alt-text=\"How to get there ?\">Comment se rendre au Mus\u00e9e de Cluny ?<\/h2>\n<p style=\"\">Le mus\u00e9e de Cluny est situ\u00e9 dans le<a href=\"https:\/\/paristouristinformation.fr\/fr\/choses-a-faire\/quartiers\/quartier-latin\/\"> quartier latin<\/a>, dans le 5e arrondissement de Paris, et b\u00e9n\u00e9ficie d&rsquo;une situation centrale.<\/p>\n<p>Le moyen le plus simple d&rsquo;y acc\u00e9der est de prendre le m\u00e9tro ligne 10 jusqu&rsquo;\u00e0 \u00ab\u00a0Cluny-La Sorbonne\u00a0\u00bb ou ligne 4 jusqu&rsquo;\u00e0 \u00ab\u00a0Saint-Michel\u00a0\u00bb ou \u00ab\u00a0Od\u00e9on\u00a0\u00bb.Vous pouvez \u00e9galement prendre le RER C (direction Saint-Michel) ou B (direction Cluny-La Sorbonne). De nombreux bus, dont les lignes 21, 27, 38, 63, 85, 86 et 87, circulent \u00e9galement \u00e0 proximit\u00e9 du mus\u00e9e.<\/p>\n<h2 id=\"t-1612272189683\" data-alt-text=\"FAQ (Frequently Asked Questions)\">FAQ (Foire aux questions)<\/h2>\n<p><span><img decoding=\"async\" alt=\"\" data-id=\"4701\" width=\"730\" data-init-width=\"1000\" height=\"493\" data-init-height=\"675\" title=\"cluny museum old picture in paris\" src=\"http:\/\/paristouristinformation.fr\/fr\/wp-content\/uploads\/2020\/12\/cluny-museum-old-picture-in-paris.jpg\" data-width=\"730\" data-height=\"493\" style=\"\" data-pinpro-key=\"n2rvmw412\" loading=\"lazy\"><\/span><\/p>\n<h2 id=\"t-1612272189684\">Histoire du Mus\u00e9e de Cluny<\/h2>\n<p>La collection de l&rsquo;arch\u00e9ologue et collectionneur d&rsquo;art Alexandre Du Sommerard a donn\u00e9 l&rsquo;impulsion \u00e0 la fondation du Mus\u00e9e de Cluny.Lorsqu&rsquo;il habitait l&rsquo;h\u00f4tel de Cluny, une r\u00e9sidence de l&rsquo;abbaye de Cluny en Bourgogne, il a <strong>constitu\u00e9 une vaste collection d&rsquo;\u0153uvres et d&rsquo;objets d&rsquo;art m\u00e9di\u00e9vaux.<\/strong>Apr\u00e8s la mort de Du Sommerard en 1842, l&rsquo;\u00c9tat a acquis cette collection ainsi que le b\u00e2timent, ce qui a conduit \u00e0 la fondation du mus\u00e9e en 1843.C&rsquo;est pourquoi l&rsquo;H\u00f4tel de Cluny, acquis par l&rsquo;abbaye b\u00e9n\u00e9dictine de Cluny en 1330, a \u00e9t\u00e9 transform\u00e9 en mus\u00e9e.L&rsquo;H\u00f4tel de Cluny ayant \u00e9t\u00e9 construit sur les vestiges d&rsquo;un bain gallo-romain du deuxi\u00e8me si\u00e8cle (Thermes de Cluny), le b\u00e2timent du mus\u00e9e actuel couvre une p\u00e9riode qui s&rsquo;\u00e9tend de l&rsquo;Antiquit\u00e9 \u00e0 l&rsquo;\u00e9poque moderne en passant par le Moyen \u00c2ge.Un jardin m\u00e9di\u00e9val fait partie du mus\u00e9e depuis 2000. Aujourd&rsquo;hui, le mus\u00e9e de Cluny est consid\u00e9r\u00e9 comme l&rsquo;un des sites touristiques les plus importants de Paris.En raison d&rsquo;importantes r\u00e9novations, le mus\u00e9e sera ferm\u00e9 de septembre 2020 \u00e0 probablement l&rsquo;automne 2022.<\/p>\n<ul>\n<li><span style=\"\">Vous cherchez des id\u00e9es d&rsquo;activit\u00e9s \u00e0 faire \u00e0 Paris ? Consultez notre liste des <a href=\"https:\/\/paristouristinformation.fr\/fr\/choses-a-faire\/attractions\/\">15 meilleures attractions de Paris<\/a> ! C&rsquo;est <em>la cr\u00e8me de la cr\u00e8me<\/em> de Paris&#8230;<\/span><\/li>\n<\/ul>\n<h2 id=\"t-1612272189685\" data-alt-text=\"Contact\">Contact et plan d&rsquo;acc\u00e8s<\/h2>\n<ul>\n<li><span style=\"\"><strong>Adresse :&nbsp;<\/strong>Mus\u00e9e national du Moyen \u00c2ge, 28 rue Du Sommerard 75005 Paris<\/span><\/li>\n<li><span style=\"\"><strong>Heures d&rsquo;ouverture : <\/strong>Pour obtenir les derni\u00e8res informations sur les heures d&rsquo;ouverture, veuillez consulter le site officiel du mus\u00e9e.<\/span><\/li>\n<li><span style=\"\"><strong>Transports en commun : <\/strong>M\u00e9tro ligne 10 direction \u00ab\u00a0Cluny-La Sorbonne\u00a0\u00bb ou ligne 4 direction \u00ab\u00a0Saint-Michel\u00a0\u00bb ou \u00ab\u00a0Od\u00e9on\u00a0\u00bb.<\/span><\/li>\n<li style=\"\"><span style=\"\"><strong>Site web:&nbsp;<\/strong><a href=\"https:\/\/www.musee-moyenage.fr\/en\/home.html\" style=\"outline: none;\" rel=\"nofollow noopener\" target=\"_blank\">www.musee-moyenage.fr<\/a><\/span><\/li>\n<\/ul>\n<p>__CONFIG_colors_palette__{\u00ab\u00a0active_palette\u00a0\u00bb:0,\u00a0\u00bbconfig\u00a0\u00bb:{\u00ab\u00a0colors\u00a0\u00bb:{\u00ab\u00a050ce5\u00a0\u00bb:{\u00ab\u00a0name\u00a0\u00bb:\u00a0\u00bbMain Accent\u00a0\u00bb,\u00a0\u00bbparent\u00a0\u00bb:-1}},\u00a0\u00bbgradients\u00a0\u00bb:[]},\u00a0\u00bbpalettes\u00a0\u00bb:[{\u00ab\u00a0name\u00a0\u00bb:\u00a0\u00bbDefault Palette\u00a0\u00bb,\u00a0\u00bbvalue\u00a0\u00bb:{\u00ab\u00a0colors\u00a0\u00bb:{\u00ab\u00a050ce5\u00a0\u00bb:{\u00ab\u00a0val\u00a0\u00bb:\u00a0\u00bbvar(&#8211;tcb-skin-color-0)\u00a0\u00bb,\u00a0\u00bbhsl\u00a0\u00bb:{\u00ab\u00a0h\u00a0\u00bb:350,\u00a0\u00bbs\u00a0\u00bb:0.94,\u00a0\u00bbl\u00a0\u00bb:0.47,\u00a0\u00bba\u00a0\u00bb:1}}},\u00a0\u00bbgradients\u00a0\u00bb:[]},\u00a0\u00bboriginal\u00a0\u00bb:{\u00ab\u00a0colors\u00a0\u00bb:{\u00ab\u00a050ce5\u00a0\u00bb:{\u00ab\u00a0val\u00a0\u00bb:\u00a0\u00bbrgb(19, 114, 211)\u00a0\u00bb,\u00a0\u00bbhsl\u00a0\u00bb:{\u00ab\u00a0h\u00a0\u00bb:210,\u00a0\u00bbs\u00a0\u00bb:0.83,\u00a0\u00bbl\u00a0\u00bb:0.45,\u00a0\u00bba\u00a0\u00bb:1}}},\u00a0\u00bbgradients\u00a0\u00bb:[]}}]}__CONFIG_colors_palette__ <a href=\"https:\/\/paristouristinformation.fr\/fr\/choses-a-faire\/\" style=\"\"> <span><span style=\"\">Plus de choses \u00e0 faire \u00e0 Paris<\/span><\/span> <\/a><\/p>\n<h2 style=\"\" id=\"t-1645825118099\">Articles connexes :<\/h2>\n<div class=\"tcb-post-list tve-content-list thrv_wrapper\" data-type=\"grid\" data-pagination-type=\"none\" data-pages_near_current=\"2\" data-css=\"tve-u-17dddb83d31\" data-total_post_count=\"4\" data-total_sticky_count=\"0\" data-no_posts_text=\"There are no posts to display.\"><article id=\"post-68\" class=\"post-68 page type-page status-publish has-post-thumbnail hentry post-wrapper thrv_wrapper thrive-animated-item  tve_evt_manager_listen tve_ea_thrive_animation tve_et_mouseover tve_anim_grow\" tcb_hover_state_parent=\"\" class=\"tve_evt_manager_listen tve_ea_thrive_animation tve_et_mouseover tve_anim_grow\" data-id=\"68\" data-selector=\".post-wrapper\"><style class=\"tcb-post-list-dynamic-style\" type=\"text\/css\">@media (min-width: 300px){[].tcb-post-list #post-68 []{background-image: url(\u00ab\u00a0https:\/\/www.paristouristinformation.fr\/fr\/wp-content\/uploads\/2021\/02\/Top-30-Best-Museums-to-Visit-in-Paris-1024x538.jpg\u00ab\u00a0) !important;}[].tcb-post-list #post-68 []:hover []{background-image: url(\u00ab\u00a0https:\/\/www.paristouristinformation.fr\/fr\/wp-content\/uploads\/2021\/02\/Top-30-Best-Museums-to-Visit-in-Paris-1024x538.jpg\u00ab\u00a0) !important;}}<\/style><a href=\"https:\/\/www.paristouristinformation.fr\/fr\/choses-a-faire\/musees\/\" dynamic-postlink=\"tcb_post_the_permalink\" data-shortcode-id=\"68\"><\/a><\/p>\n<h3 style=\"text-align: center; padding-top: 0px !important; margin-top: 0px !important;\"><span data-attr-link=\"1\" data-attr-rel=\"0\" data-attr-target=\"0\" data-extra_key=\"\" data-option-inline=\"1\" data-shortcode=\"tcb_post_title\" data-shortcode-name=\"Post title\" data-attr-css=\"\" data-attr-static-link=\"{&quot;className&quot;:&quot;tve-froala fr-basic&quot;,&quot;href&quot;:&quot;https:\/\/www.paristouristinformation.fr\/fr\/choses-a-faire\/musees\/&quot;,&quot;title&quot;:&quot;Les 30 meilleurs mus\u00e9es \u00e0 visiter \u00e0 Paris : Billets, emplacement &amp; Conseils&quot;,&quot;class&quot;:&quot;tve-froala fr-basic&quot;}\" style=\"\"><a href=\"https:\/\/www.paristouristinformation.fr\/fr\/choses-a-faire\/musees\/\" title=\"30 Meilleurs mus\u00e9es \u00e0 visiter \u00e0 Paris : Billets, emplacement &amp; Conseils\" data-css=\"\" class=\"tve-froala fr-basic\">30 Meilleurs mus\u00e9es \u00e0 visiter \u00e0 Paris : Billets, emplacement &amp; Conseils<\/a><\/span><\/h3>\n<p><\/article><article id=\"post-1633\" class=\"post-1633 page type-page status-publish has-post-thumbnail hentry post-wrapper thrv_wrapper thrive-animated-item  tve_evt_manager_listen tve_ea_thrive_animation tve_et_mouseover tve_anim_grow\" tcb_hover_state_parent=\"\" class=\"tve_evt_manager_listen tve_ea_thrive_animation tve_et_mouseover tve_anim_grow\" data-id=\"1633\" data-selector=\".post-wrapper\"><style class=\"tcb-post-list-dynamic-style\" type=\"text\/css\">@media (min-width: 300px){[].tcb-post-list #post-1633 []{background-image: url(\u00ab\u00a0https:\/\/www.paristouristinformation.fr\/fr\/wp-content\/uploads\/2021\/01\/Latin-Quarters-top-attractions-in-Paris-1024x538.jpg\u00ab\u00a0) !important;}[].tcb-post-list #post-1633 []:hover []{background-image: url(\u00ab\u00a0https:\/\/www.paristouristinformation.fr\/fr\/wp-content\/uploads\/2021\/01\/Latin-Quarters-top-attractions-in-Paris-1024x538.jpg\u00ab\u00a0) !important;}}<\/style><a href=\"https:\/\/www.paristouristinformation.fr\/fr\/choses-a-faire\/quartiers\/quartier-latin\/\" dynamic-postlink=\"tcb_post_the_permalink\" data-shortcode-id=\"68\"><\/a><\/p>\n<h3 style=\"text-align: center; padding-top: 0px !important; margin-top: 0px !important;\"><span data-attr-link=\"1\" data-attr-rel=\"0\" data-attr-target=\"0\" data-extra_key=\"\" data-option-inline=\"1\" data-shortcode=\"tcb_post_title\" data-shortcode-name=\"Post title\" data-attr-css=\"\" data-attr-static-link=\"{&quot;className&quot;:&quot;tve-froala fr-basic&quot;,&quot;href&quot;:&quot;https:\/\/www.paristouristinformation.fr\/fr\/choses-a-faire\/musees\/&quot;,&quot;title&quot;:&quot;Les 30 meilleurs mus\u00e9es \u00e0 visiter \u00e0 Paris : Billets, emplacement &amp; Conseils&quot;,&quot;class&quot;:&quot;tve-froala fr-basic&quot;}\" style=\"\"><a href=\"https:\/\/www.paristouristinformation.fr\/fr\/choses-a-faire\/quartiers\/quartier-latin\/\" title=\"Quartier Latin \u00e0 Paris : Meilleures Choses \u00e0 Faire\" data-css=\"\" class=\"tve-froala fr-basic\">Quartier Latin \u00e0 Paris : Meilleures Choses \u00e0 Faire<\/a><\/span><\/h3>\n<p><\/article><article id=\"post-3264\" class=\"post-3264 page type-page status-publish has-post-thumbnail hentry post-wrapper thrv_wrapper thrive-animated-item  tve_evt_manager_listen tve_ea_thrive_animation tve_et_mouseover tve_anim_grow\" tcb_hover_state_parent=\"\" class=\"tve_evt_manager_listen tve_ea_thrive_animation tve_et_mouseover tve_anim_grow\" data-id=\"3264\" data-selector=\".post-wrapper\"><style class=\"tcb-post-list-dynamic-style\" type=\"text\/css\">@media (min-width: 300px){[].tcb-post-list #post-3264 []{background-image: url(\u00ab\u00a0https:\/\/www.paristouristinformation.fr\/fr\/wp-content\/uploads\/2021\/01\/A-Guide-to-Carnavalet-Museum-in-Paris-in-France-1024x538.jpg\u00ab\u00a0) !important;}[].tcb-post-list #post-3264 []:hover []{background-image: url(\u00ab\u00a0https:\/\/www.paristouristinformation.fr\/fr\/wp-content\/uploads\/2021\/01\/A-Guide-to-Carnavalet-Museum-in-Paris-in-France-1024x538.jpg\u00ab\u00a0) !important;}}<\/style><a href=\"https:\/\/www.paristouristinformation.fr\/fr\/choses-a-faire\/musees\/carnavalet\/\" dynamic-postlink=\"tcb_post_the_permalink\" data-shortcode-id=\"68\"><\/a><\/p>\n<h3 style=\"text-align: center; padding-top: 0px !important; margin-top: 0px !important;\"><span data-attr-link=\"1\" data-attr-rel=\"0\" data-attr-target=\"0\" data-extra_key=\"\" data-option-inline=\"1\" data-shortcode=\"tcb_post_title\" data-shortcode-name=\"Post title\" data-attr-css=\"\" data-attr-static-link=\"{&quot;className&quot;:&quot;tve-froala fr-basic&quot;,&quot;href&quot;:&quot;https:\/\/www.paristouristinformation.fr\/fr\/choses-a-faire\/musees\/&quot;,&quot;title&quot;:&quot;Les 30 meilleurs mus\u00e9es \u00e0 visiter \u00e0 Paris : Billets, emplacement &amp; Conseils&quot;,&quot;class&quot;:&quot;tve-froala fr-basic&quot;}\" style=\"\"><a href=\"https:\/\/www.paristouristinformation.fr\/fr\/choses-a-faire\/musees\/carnavalet\/\" title=\"Guide du mus\u00e9e Carnavalet \u00e0 Paris : Histoire et astuces\" data-css=\"\" class=\"tve-froala fr-basic\">Guide du mus\u00e9e Carnavalet \u00e0 Paris : Histoire et astuces<\/a><\/span><\/h3>\n<p><\/article><article id=\"post-1521\" class=\"post-1521 page type-page status-publish has-post-thumbnail hentry post-wrapper thrv_wrapper thrive-animated-item  tve_evt_manager_listen tve_ea_thrive_animation tve_et_mouseover tve_anim_grow\" tcb_hover_state_parent=\"\" class=\"tve_evt_manager_listen tve_ea_thrive_animation tve_et_mouseover tve_anim_grow\" data-id=\"1521\" data-selector=\".post-wrapper\"><style class=\"tcb-post-list-dynamic-style\" type=\"text\/css\">@media (min-width: 300px){[].tcb-post-list #post-1521 []{background-image: url(\u00ab\u00a0https:\/\/www.paristouristinformation.fr\/fr\/wp-content\/uploads\/2020\/07\/Paris-Landscape-Notre-Dame-Bridge-Sihouette-1024x684.jpg\u00ab\u00a0) !important;}[].tcb-post-list #post-1521 []:hover []{background-image: url(\u00ab\u00a0https:\/\/www.paristouristinformation.fr\/fr\/wp-content\/uploads\/2020\/07\/Paris-Landscape-Notre-Dame-Bridge-Sihouette-1024x684.jpg\u00ab\u00a0) !important;}}<\/style><a href=\"https:\/\/www.paristouristinformation.fr\/fr\/choses-a-faire\/eglise\/notre-dame\/\" dynamic-postlink=\"tcb_post_the_permalink\" data-shortcode-id=\"68\"><\/a><\/p>\n<h3 style=\"text-align: center; padding-top: 0px !important; margin-top: 0px !important;\"><span data-attr-link=\"1\" data-attr-rel=\"0\" data-attr-target=\"0\" data-extra_key=\"\" data-option-inline=\"1\" data-shortcode=\"tcb_post_title\" data-shortcode-name=\"Post title\" data-attr-css=\"\" data-attr-static-link=\"{&quot;className&quot;:&quot;tve-froala fr-basic&quot;,&quot;href&quot;:&quot;https:\/\/www.paristouristinformation.fr\/fr\/choses-a-faire\/musees\/&quot;,&quot;title&quot;:&quot;Les 30 meilleurs mus\u00e9es \u00e0 visiter \u00e0 Paris : Billets, emplacement &amp; Conseils&quot;,&quot;class&quot;:&quot;tve-froala fr-basic&quot;}\" style=\"\"><a href=\"https:\/\/www.paristouristinformation.fr\/fr\/choses-a-faire\/eglise\/notre-dame\/\" title=\"A propos de la Cath\u00e9drale Notre-Dame de Paris : Feu, r\u00e9ouverture, billets, histoire, faits\" data-css=\"\" class=\"tve-froala fr-basic\">A propos de la Cath\u00e9drale Notre-Dame de Paris : Feu, r\u00e9ouverture, billets, histoire, faits<\/a><\/span><\/h3>\n<p><\/article><\/div>\n","protected":false},"excerpt":{"rendered":"<p>Le Mus\u00e9e de Cluny, \u00e9galement appel\u00e9 Mus\u00e9e national du Moyen \u00c2ge, est un mus\u00e9e m\u00e9di\u00e9val situ\u00e9 en plein c\u0153ur de Paris, dans le Quartier latin. Si vous \u00eates curieux de l&rsquo;\u00e9poque m\u00e9di\u00e9vale, des habitudes des gens du Moyen \u00c2ge, de leur culture, de leur mode de vie et de leur art, ce mus\u00e9e est l&rsquo;endroit [&hellip;]<\/p>\n","protected":false},"author":9,"featured_media":6649,"parent":68,"menu_order":0,"comment_status":"closed","ping_status":"closed","template":"","meta":{"footnotes":""},"tags":[],"class_list":{"0":"post-3352","1":"page","2":"type-page","3":"status-publish","4":"has-post-thumbnail","5":"hentry","6":"post-wrapper","7":"thrv_wrapper","10":"thrive-animated-item"},"_links":{"self":[{"href":"https:\/\/www.paristouristinformation.fr\/fr\/wp-json\/wp\/v2\/pages\/3352","targetHints":{"allow":["GET"]}}],"collection":[{"href":"https:\/\/www.paristouristinformation.fr\/fr\/wp-json\/wp\/v2\/pages"}],"about":[{"href":"https:\/\/www.paristouristinformation.fr\/fr\/wp-json\/wp\/v2\/types\/page"}],"author":[{"embeddable":true,"href":"https:\/\/www.paristouristinformation.fr\/fr\/wp-json\/wp\/v2\/users\/9"}],"replies":[{"embeddable":true,"href":"https:\/\/www.paristouristinformation.fr\/fr\/wp-json\/wp\/v2\/comments?post=3352"}],"version-history":[{"count":0,"href":"https:\/\/www.paristouristinformation.fr\/fr\/wp-json\/wp\/v2\/pages\/3352\/revisions"}],"up":[{"embeddable":true,"href":"https:\/\/www.paristouristinformation.fr\/fr\/wp-json\/wp\/v2\/pages\/68"}],"wp:featuredmedia":[{"embeddable":true,"href":"https:\/\/www.paristouristinformation.fr\/fr\/wp-json\/wp\/v2\/media\/6649"}],"wp:attachment":[{"href":"https:\/\/www.paristouristinformation.fr\/fr\/wp-json\/wp\/v2\/media?parent=3352"}],"wp:term":[{"taxonomy":"post_tag","embeddable":true,"href":"https:\/\/www.paristouristinformation.fr\/fr\/wp-json\/wp\/v2\/tags?post=3352"}],"curies":[{"name":"wp","href":"https:\/\/api.w.org\/{rel}","templated":true}]}}