{"id":3384,"date":"2020-12-23T00:20:51","date_gmt":"2020-12-23T00:20:51","guid":{"rendered":"http:\/\/paristouristinformation.fr\/fr\/?page_id=3384"},"modified":"2023-05-16T06:45:50","modified_gmt":"2023-05-16T06:45:50","slug":"musee-de-larmee","status":"publish","type":"page","link":"https:\/\/www.paristouristinformation.fr\/fr\/choses-a-faire\/musees\/musee-de-larmee\/","title":{"rendered":"Guide du mus\u00e9e de l&#8217;Arm\u00e9e \u00e0 Paris : Exposition &#038; Histoire"},"content":{"rendered":"<p>Le mus\u00e9e de l&rsquo;Arm\u00e9e est <strong>le mus\u00e9e militaire national de la France.<\/strong> Il est situ\u00e9 dans le magnifique H\u00f4tel national des Invalides et abrite l&rsquo;une des plus grandes <strong>collections d&rsquo;histoire et d&rsquo;art militaires<\/strong> du monde. C&rsquo;est un mus\u00e9e important parmi les mus\u00e9es parisiens.<\/p>\n<p>La France a une histoire importante et a rassembl\u00e9 de nombreux <strong>uniformes, armes, dessins, peintures, objets du quotidien, qui l&rsquo;illustrent, de la pr\u00e9histoire \u00e0 nos jours.<\/strong>D\u00e9couvrons toutes les informations compl\u00e8tes pour les visiteurs du mus\u00e9e de l&rsquo;Arm\u00e9e \u00e0 Paris, y compris les points forts de l&rsquo;exposition, l&rsquo;histoire, les billets, les visites et des informations utiles pour s&rsquo;y rendre.<\/p>\n<h2 id=\"t-1612273150004\" data-alt-text=\"What can I do at the Army Museum ?\">Que puis-je faire au Mus\u00e9e de l&rsquo;Arm\u00e9e \u00e0 Paris ?<\/h2>\n<p><span><img decoding=\"async\" alt=\"\" data-id=\"4858\" width=\"702\" data-init-width=\"1000\" height=\"469\" data-init-height=\"668\" title=\"alexandre III bridge &amp; military museum in paris france\" src=\"http:\/\/paristouristinformation.fr\/fr\/wp-content\/uploads\/2020\/12\/alexandre-III-bridge-military-museum-in-paris-france.jpg\" data-width=\"702\" data-height=\"469\" data-pinpro-key=\"5okrgpilh\" loading=\"lazy\"><\/span><\/p>\n<p>Le mus\u00e9e de l&rsquo;Arm\u00e9e, l&rsquo;un des <strong>plus grands mus\u00e9es d&rsquo;armes au monde<\/strong>, abrite une vaste collection sur l&rsquo;histoire militaire de la France.Le fonds du mus\u00e9e comprend plus de 500 000 objets qui couvrent une p\u00e9riode allant de la Pr\u00e9histoire \u00e0 nos jours.<\/p>\n<p>Sur une surface d&rsquo;environ 8000 m\u00e8tres carr\u00e9s, les visiteurs peuvent explorer les salles d&rsquo;exposition structur\u00e9es par th\u00e8mes et voir des objets militaires tels que des armes,<strong> des armures, des uniformes, des photographies, des peintures et des objets personnels de personnalit\u00e9s<\/strong> importantes telles que Louis XIV et Charles de Gaulle.<\/p>\n<p>Le point fort du mus\u00e9e est la <strong>collection d&rsquo;armes et d&rsquo;armures anciennes<\/strong>, qui est la troisi\u00e8me plus grande collection au monde, ainsi que des mod\u00e8les d&rsquo;artillerie uniques. Le \u00ab\u00a0Monument Charles de Gaulle\u00a0\u00bb, une salle multim\u00e9dia interactive consacr\u00e9e au pr\u00e9sident fran\u00e7ais Charles de Gaulle, vaut \u00e9galement le d\u00e9tour.<\/p>\n<p>La pi\u00e8ce ma\u00eetresse, cependant, est le D\u00f4me des Invalides avec le tombeau de Napol\u00e9on Ier. Avec le mus\u00e9e, il fait partie du complexe immobilier <em>des Invalides<\/em> et constitue l&rsquo;une des attractions les <a href=\"https:\/\/paristouristinformation.fr\/fr\/choses-a-faire\/attractions\/\">plus populaires de Paris.<\/a><\/p>\n<p><b>Le mus\u00e9e peut \u00eatre divis\u00e9 en plusieurs zones d&rsquo;exposition :<\/b><\/p>\n<ul>\n<li>Cour d&rsquo;honneur et les collections d&rsquo;artillerie<\/li>\n<li>D\u00e9partement ancien, armures et armes anciennes, 13e &#8211; 17e si\u00e8cles<\/li>\n<li>D\u00e9partement moderne, de Louis XIV \u00e0 Napol\u00e9on III, 1643 &#8211; 1870<\/li>\n<li>Salles d&rsquo;expositions sp\u00e9ciales<\/li>\n<li>D\u00f4me des Invalides, tombeau de Napol\u00e9on Ier.<\/li>\n<li>D\u00e9partement contemporain, les deux guerres mondiales, 1871-1945<\/li>\n<li>Le monument Charles de Gaulle<\/li>\n<li>Cath\u00e9drale de Saint-Louis des Invalides<\/li>\n<\/ul>\n<h3>Expositions temporaires<\/h3>\n<p>Deux fois par an, au printemps et en automne, le programme du mus\u00e9e s&rsquo;enrichit d&rsquo;une exposition historico-culturelle remarquable. Pour un aper\u00e7u actualis\u00e9 des expositions temporaires, veuillez consulter <a href=\"https:\/\/www.musee-armee.fr\/en\/programme.html\" target=\"_blank\" rel=\"noopener nofollow\">le site officiel du mus\u00e9e de l&rsquo;Arm\u00e9e.<\/a><\/p>\n<h3>Concerts<\/h3>\n<p>Le mus\u00e9e de l&rsquo;Arm\u00e9e accueille des concerts classiques plusieurs fois par an. Des ensembles c\u00e9l\u00e8bres comme l&rsquo;Orchestre symphonique de la Garde r\u00e9publicaine, le Ch\u0153ur de l&rsquo;arm\u00e9e fran\u00e7aise, l&rsquo;Orchestre d&rsquo;harmonie de l&rsquo;arm\u00e9e de l&rsquo;air ou l&rsquo;orchestre du Conservatoire de Paris sont pr\u00e9sent\u00e9s en priorit\u00e9.&nbsp;<\/p>\n<h3>Le cin\u00e9ma au mus\u00e9e<\/h3>\n<p>Des s\u00e9ances de cin\u00e9ma gratuites sont r\u00e9guli\u00e8rement organis\u00e9es dans l&rsquo;auditorium du mus\u00e9e.&nbsp;<\/p>\n<h3>\u00c9v\u00e9nements et conf\u00e9rences<\/h3>\n<p>Dans le cadre du programme culturel, une vari\u00e9t\u00e9 d&rsquo;\u00e9v\u00e9nements et de conf\u00e9rences sont pr\u00e9sent\u00e9s au mus\u00e9e de l&rsquo;arm\u00e9e. L&rsquo;entr\u00e9e \u00e0 ces \u00e9v\u00e9nements est gratuite, mais les r\u00e9servations sont obligatoires.&nbsp;<\/p>\n<h3>Librairie<\/h3>\n<p>Une librairie, qui vend des souvenirs et des cartes postales ainsi qu&rsquo;un grand choix d&rsquo;ouvrages sur les collections du mus\u00e9e de l&rsquo;Arm\u00e9e, est situ\u00e9e dans l&rsquo;espace d&rsquo;accueil \u00e0 l&rsquo;entr\u00e9e sur la place Vauban.<\/p>\n<h3>Caf\u00e9 dans le mus\u00e9e<\/h3>\n<p>Le caf\u00e9-restaurant \u00ab\u00a0Le carr\u00e9 des Invalides\u00a0\u00bb situ\u00e9 \u00e0 l&rsquo;entr\u00e9e sur la place Vauban offre aux visiteurs la possibilit\u00e9 de se d\u00e9tendre et de se restaurer dans une atmosph\u00e8re agr\u00e9able.<\/p>\n<div class=\"tcb-post-list tve-content-list thrv_wrapper\" data-type=\"grid\" data-pagination-type=\"none\" data-pages_near_current=\"2\" data-css=\"tve-u-177202f6fa5\" data-total_post_count=\"2\" data-total_sticky_count=\"0\" data-no_posts_text=\"There are no posts to display.\"><article id=\"post-426\" class=\"post-426 page type-page status-publish has-post-thumbnail hentry post-wrapper thrv_wrapper thrive-animated-item \" tcb_hover_state_parent=\"\" shortcode=\"tcb_post_list\" data-id=\"426\" data-selector=\".post-wrapper\"><style class=\"tcb-post-list-dynamic-style\" type=\"text\/css\"><\/style><\/p>\n<h3 style=\"\"><span data-attr-link=\"1\" data-attr-rel=\"0\" data-attr-target=\"0\" data-extra_key=\"\" data-option-inline=\"1\" data-shortcode=\"tcb_post_title\" data-shortcode-name=\"Post title\" data-attr-css=\"\" style=\"\" data-attr-static-link=\"{&quot;className&quot;:&quot;tve-froala fr-basic&quot;,&quot;href&quot;:&quot;https:\/\/www.paristouristinformation.fr\/fr\/choses-a-faire\/gratuit\/&quot;,&quot;title&quot;:&quot;10 Meilleures Choses \u00e0 Faire \u00e0 Paris&quot;,&quot;class&quot;:&quot;tve-froala fr-basic&quot;}\"><a href=\"https:\/\/www.paristouristinformation.fr\/fr\/shopping\/centre-commerciaux\/\" title=\"10 Meilleurs centres commerciaux \u00e0 Paris\" data-css=\"\" class=\"tve-froala fr-basic\">10 Meilleurs centres commerciaux \u00e0 Paris<\/a><\/span><\/h3>\n<p><\/article><article id=\"post-73\" class=\"post-73 page type-page status-publish has-post-thumbnail hentry post-wrapper thrv_wrapper thrive-animated-item \" tcb_hover_state_parent=\"\" shortcode=\"tcb_post_list\" data-id=\"73\" data-selector=\".post-wrapper\"><style class=\"tcb-post-list-dynamic-style\" type=\"text\/css\"><\/style><\/p>\n<h3 style=\"\"><span data-attr-link=\"1\" data-attr-rel=\"0\" data-attr-target=\"0\" data-extra_key=\"\" data-option-inline=\"1\" data-shortcode=\"tcb_post_title\" data-shortcode-name=\"Post title\" data-attr-css=\"\" style=\"\" data-attr-static-link=\"{&quot;className&quot;:&quot;tve-froala fr-basic&quot;,&quot;href&quot;:&quot;https:\/\/www.paristouristinformation.fr\/fr\/choses-a-faire\/gratuit\/&quot;,&quot;title&quot;:&quot;10 Meilleures Choses \u00e0 Faire \u00e0 Paris&quot;,&quot;class&quot;:&quot;tve-froala fr-basic&quot;}\"><a href=\"https:\/\/www.paristouristinformation.fr\/fr\/choses-a-faire\/gratuit\/\" title=\"10 Meilleures Choses \u00e0 Faire \u00e0 Paris\" data-css=\"\" class=\"tve-froala fr-basic\">10 Meilleures Choses \u00e0 Faire \u00e0 Paris<\/a><\/span><\/h3>\n<p><\/article><\/div>\n<h2 id=\"t-1612273150005\">Entr\u00e9es, billets et visites<\/h2>\n<p><span><img decoding=\"async\" alt=\"\" data-id=\"4860\" width=\"702\" data-init-width=\"1000\" height=\"468\" data-init-height=\"667\" title=\"military museum interior in paris in france\" src=\"http:\/\/paristouristinformation.fr\/fr\/wp-content\/uploads\/2020\/12\/military-museum-interior-in-paris-in-france.jpg\" data-width=\"702\" data-height=\"468\" data-pinpro-key=\"fkqc7ofzc\" loading=\"lazy\"><\/span><\/p>\n<ul>\n<li><span style=\"\"><strong>Entr\u00e9e :<\/strong> L&rsquo;entr\u00e9e est gratuite pour les visiteurs de moins de 18 ans.<\/span><\/li>\n<li style=\"\"><span style=\"\"><strong>Billets de mus\u00e9e : <\/strong>Obtenez votre billet pour le Mus\u00e9e de l&rsquo;Arm\u00e9e \u00e0 Paris. Le billet du mus\u00e9e vous donne acc\u00e8s aux collections permanentes, \u00e0 l&rsquo;\u00e9glise du D\u00f4me, au tombeau de Napol\u00e9on Ier et \u00e0 l&rsquo;exposition temporaire, ainsi qu&rsquo;au mus\u00e9e de l&rsquo;Ordre de la Lib\u00e9ration et au mus\u00e9e des cartes en relief.&nbsp;<\/span><\/li>\n<li><span style=\"\"><strong>Billets de concert : <\/strong>Les visiteurs qui souhaitent assister \u00e0 un concert au mus\u00e9e doivent acheter un billet s\u00e9par\u00e9.<\/span><\/li>\n<li><span style=\"\"><strong>Visites guid\u00e9es : <\/strong>Les visiteurs d\u00e9sireux d&rsquo;en savoir plus sur les expositions du mus\u00e9e de l&rsquo;Arm\u00e9e et sur l&rsquo;histoire de France peuvent participer \u00e0 l&rsquo;une des diff\u00e9rentes visites \u00e0 th\u00e8me.&nbsp;<\/span><\/li>\n<\/ul>\n<ul>\n<li><span style=\"\">Pour gagner du temps et de l&rsquo;argent et \u00e9viter les tracas, vous pouvez pr\u00e9parer votre voyage en achetant \u00e0 l&rsquo;avance tous les billets en ligne dont vous avez besoin dans notre boutique officielle <a href=\"https:\/\/paristouristinformation.fr\/fr\/visites-guidees-et-billets\/\">Paris Tickets Shop.<\/a><\/span><\/li>\n<\/ul>\n<p>__CONFIG_colors_palette__{\u00ab\u00a0active_palette\u00a0\u00bb:0,\u00a0\u00bbconfig\u00a0\u00bb:{\u00ab\u00a0colors\u00a0\u00bb:{\u00ab\u00a0f8570\u00a0\u00bb:{\u00ab\u00a0name\u00a0\u00bb:\u00a0\u00bbMain Accent\u00a0\u00bb,\u00a0\u00bbparent\u00a0\u00bb:-1}},\u00a0\u00bbgradients\u00a0\u00bb:[]},\u00a0\u00bbpalettes\u00a0\u00bb:[{\u00ab\u00a0name\u00a0\u00bb:\u00a0\u00bbDefault Palette\u00a0\u00bb,\u00a0\u00bbvalue\u00a0\u00bb:{\u00ab\u00a0colors\u00a0\u00bb:{\u00ab\u00a0f8570\u00a0\u00bb:{\u00ab\u00a0val\u00a0\u00bb:\u00a0\u00bbvar(&#8211;tcb-skin-color-0)\u00a0\u00bb}},\u00a0\u00bbgradients\u00a0\u00bb:[]},\u00a0\u00bboriginal\u00a0\u00bb:{\u00ab\u00a0colors\u00a0\u00bb:{\u00ab\u00a0f8570\u00a0\u00bb:{\u00ab\u00a0val\u00a0\u00bb:\u00a0\u00bbrgb(19, 114, 211)\u00a0\u00bb,\u00a0\u00bbhsl\u00a0\u00bb:{\u00ab\u00a0h\u00a0\u00bb:210,\u00a0\u00bbs\u00a0\u00bb:0.83,\u00a0\u00bbl\u00a0\u00bb:0.45}}},\u00a0\u00bbgradients\u00a0\u00bb:[]}}]}__CONFIG_colors_palette__ <a href=\"https:\/\/paristouristinformation.fr\/fr\/visites-guidees-et-billets\/\"> <span><span style=\"\">Acc\u00e9der au Paris Tickets Shop<\/span><\/span> <\/a><\/p>\n<h2 id=\"t-1612273150006\" data-alt-text=\"How to get there ?\">Comment se rendre au mus\u00e9e de l&rsquo;Arm\u00e9e \u00e0 Paris ?<\/h2>\n<p><span><img decoding=\"async\" alt=\"\" data-id=\"4857\" width=\"702\" data-init-width=\"1000\" height=\"477\" data-init-height=\"680\" title=\"canons in military museum in paris in france\" src=\"http:\/\/paristouristinformation.fr\/fr\/wp-content\/uploads\/2020\/12\/canons-in-military-museum-in-paris-in-france.jpg\" data-width=\"702\" data-height=\"477\" data-pinpro-key=\"c42e0uhfj\" loading=\"lazy\"><\/span><\/p>\n<p>Le mus\u00e9e de l&rsquo;Arm\u00e9e de Paris est situ\u00e9 dans l&rsquo;ensemble des b\u00e2timents de <strong>l&rsquo;H\u00f4tel national des Invalides,<\/strong> dans le 7e arrondissement de Paris.Le moyen le plus simple d&rsquo;y acc\u00e9der est de <strong>prendre le bus <\/strong>82 ou 92 jusqu&rsquo;\u00e0 la station \u00ab\u00a0Vauban &#8211; H\u00f4tel des Invalides\u00a0\u00bb et d&rsquo;entrer par la place Vauban.Vous pouvez \u00e9galement <strong>prendre le m\u00e9tro <\/strong>8 jusqu&rsquo;\u00e0 la station \u00ab\u00a0La Tour-Maubourg\u00a0\u00bb et marcher 5 minutes jusqu&rsquo;\u00e0 l&rsquo;entr\u00e9e sur l&rsquo;Esplanade des Invalides.<\/p>\n<h2 id=\"t-1612273150007\" data-alt-text=\"FAQ (Frequently Asked Questions)\">FAQ (Foire aux questions)<\/h2>\n<h2 id=\"t-1612273150008\" data-alt-text=\"History of the Museum\">Histoire du mus\u00e9e de l&rsquo;Arm\u00e9e \u00e0 Paris<\/h2>\n<p><span><img decoding=\"async\" alt=\"\" data-id=\"4863\" width=\"702\" data-init-width=\"1000\" height=\"468\" data-init-height=\"667\" title=\"Napoleon Bonaparte at Military Museum in paris kopya\" src=\"http:\/\/paristouristinformation.fr\/fr\/wp-content\/uploads\/2020\/12\/Napoleon-Bonaparte-at-Military-Museum-in-paris-kopya.jpg\" data-width=\"702\" data-height=\"468\" style=\"\" data-pinpro-key=\"r0b48uoz9\" loading=\"lazy\"><\/span><\/p>\n<p>Le mus\u00e9e de l&rsquo;Arm\u00e9e a ouvert ses portes en 1905 dans l&rsquo;H\u00f4tel national des Invalides.La cr\u00e9ation du mus\u00e9e de l&rsquo;Arm\u00e9e remonte \u00e0 la fusion des deux mus\u00e9es d&rsquo;histoire militaire : <em>le mus\u00e9e d&rsquo;Artillerie <\/em>(fond\u00e9 en 1795) et <em>le mus\u00e9e historique de l&rsquo;Arm\u00e9e <\/em>(fond\u00e9 en 1897).Avec ses vastes collections et sa programmation culturelle vari\u00e9e, le mus\u00e9e de l&rsquo;Arm\u00e9e est aujourd&rsquo;hui l&rsquo;un des mus\u00e9es les plus visit\u00e9s de Paris.<\/p>\n<h2 id=\"t-1612273150009\" data-alt-text=\"Contact\">Contact et plan d&rsquo;acc\u00e8s<\/h2>\n<ul>\n<li><span style=\"\"><strong>Adresse :&nbsp;<\/strong>H\u00f4tel national des Invalides 129 rue de Grenelle, 75007 Paris<\/span><\/li>\n<li><span style=\"\"><strong>Heures d&rsquo;ouverture <\/strong>: De 10h00 \u00e0 18h00 tous les jours.<\/span><\/li>\n<li><span style=\"\"><strong>Transports en commun : <\/strong>Bus 82 ou 92 jusqu&rsquo;\u00e0 \u00ab\u00a0Vauban &#8211; H\u00f4tel des Invalides\u00a0\u00bb.<\/span><\/li>\n<li style=\"\"><span style=\"\"><strong>Site web : <a href=\"https:\/\/www.musee-armee.fr\/en\/english-version.html\" style=\"outline: none;\" rel=\"nofollow noopener\" target=\"_blank\">www.musee-armee.fr\/en<\/a>&nbsp;<\/strong><\/span><\/li>\n<\/ul>\n<ul>\n<li><span style=\"\">Vous pr\u00e9parez votre voyage \u00e0 Paris ? Nous vous avons pr\u00e9par\u00e9 une liste des <a href=\"https:\/\/paristouristinformation.fr\/fr\/choses-a-faire\/musees\/\">30 meilleurs mus\u00e9es \u00e0 visiter \u00e0 Paris.<\/a><\/span><\/li>\n<\/ul>\n<p>__CONFIG_colors_palette__{\u00ab\u00a0active_palette\u00a0\u00bb:0,\u00a0\u00bbconfig\u00a0\u00bb:{\u00ab\u00a0colors\u00a0\u00bb:{\u00ab\u00a050ce5\u00a0\u00bb:{\u00ab\u00a0name\u00a0\u00bb:\u00a0\u00bbMain Accent\u00a0\u00bb,\u00a0\u00bbparent\u00a0\u00bb:-1}},\u00a0\u00bbgradients\u00a0\u00bb:[]},\u00a0\u00bbpalettes\u00a0\u00bb:[{\u00ab\u00a0name\u00a0\u00bb:\u00a0\u00bbDefault Palette\u00a0\u00bb,\u00a0\u00bbvalue\u00a0\u00bb:{\u00ab\u00a0colors\u00a0\u00bb:{\u00ab\u00a050ce5\u00a0\u00bb:{\u00ab\u00a0val\u00a0\u00bb:\u00a0\u00bbvar(&#8211;tcb-skin-color-0)\u00a0\u00bb}},\u00a0\u00bbgradients\u00a0\u00bb:[]},\u00a0\u00bboriginal\u00a0\u00bb:{\u00ab\u00a0colors\u00a0\u00bb:{\u00ab\u00a050ce5\u00a0\u00bb:{\u00ab\u00a0val\u00a0\u00bb:\u00a0\u00bbrgb(19, 114, 211)\u00a0\u00bb,\u00a0\u00bbhsl\u00a0\u00bb:{\u00ab\u00a0h\u00a0\u00bb:210,\u00a0\u00bbs\u00a0\u00bb:0.83,\u00a0\u00bbl\u00a0\u00bb:0.45,\u00a0\u00bba\u00a0\u00bb:1}}},\u00a0\u00bbgradients\u00a0\u00bb:[]}}]}__CONFIG_colors_palette__ <a href=\"https:\/\/paristouristinformation.fr\/fr\/choses-a-faire\/musees\/\"> <span><span>Autres mus\u00e9es \u00e0 visiter \u00e0 Paris<\/span><\/span> <\/a><\/p>\n<h2 style=\"\" id=\"t-1645861704345\">Tours et billets de Paris<\/h2>\n<p style=\"text-align: left;\">D\u00e9couvrez Paris aujourd&rsquo;hui avec les visites et les billets les plus appr\u00e9ci\u00e9s, sans faire la queue.<\/p>\n<h2 style=\"\" id=\"t-1645861704346\">Articles connexes :<\/h2>\n<div class=\"tcb-post-list tve-content-list thrv_wrapper\" data-type=\"grid\" data-pagination-type=\"none\" data-pages_near_current=\"2\" data-css=\"tve-u-17dddb13fc8\" data-total_post_count=\"3\" data-total_sticky_count=\"0\" data-no_posts_text=\"There are no posts to display.\"><article id=\"post-68\" class=\"post-68 page type-page status-publish has-post-thumbnail hentry post-wrapper thrv_wrapper thrive-animated-item  tve_evt_manager_listen tve_ea_thrive_animation tve_et_mouseover tve_anim_grow\" tcb_hover_state_parent=\"\" class=\"tve_evt_manager_listen tve_ea_thrive_animation tve_et_mouseover tve_anim_grow\" data-id=\"68\" data-selector=\".post-wrapper\"><style class=\"tcb-post-list-dynamic-style\" type=\"text\/css\">@media (min-width: 300px){[].tcb-post-list #post-68 []{background-image: url(\u00ab\u00a0https:\/\/www.paristouristinformation.fr\/fr\/wp-content\/uploads\/2021\/02\/Top-30-Best-Museums-to-Visit-in-Paris-1024x538.jpg\u00ab\u00a0) !important;}[].tcb-post-list #post-68 []:hover []{background-image: url(\u00ab\u00a0https:\/\/www.paristouristinformation.fr\/fr\/wp-content\/uploads\/2021\/02\/Top-30-Best-Museums-to-Visit-in-Paris-1024x538.jpg\u00ab\u00a0) !important;}}<\/style><a href=\"https:\/\/www.paristouristinformation.fr\/fr\/choses-a-faire\/musees\/\" dynamic-postlink=\"tcb_post_the_permalink\" data-shortcode-id=\"56\"><\/a><\/p>\n<h3 style=\"text-align: center; padding-top: 0px !important; margin-top: 0px !important;\"><span data-attr-link=\"1\" data-attr-rel=\"0\" data-attr-target=\"0\" data-extra_key=\"\" data-option-inline=\"1\" data-shortcode=\"tcb_post_title\" data-shortcode-name=\"Post title\" data-attr-css=\"\" data-attr-static-link=\"{&quot;className&quot;:&quot;tve-froala fr-basic&quot;,&quot;href&quot;:&quot;https:\/\/www.paristouristinformation.fr\/fr\/choses-a-faire\/&quot;,&quot;title&quot;:&quot;100 Choses \u00e0 Faire \u00e0 Paris&quot;,&quot;class&quot;:&quot;tve-froala fr-basic&quot;}\" style=\"\"><a href=\"https:\/\/www.paristouristinformation.fr\/fr\/choses-a-faire\/musees\/\" title=\"30 Meilleurs mus\u00e9es \u00e0 visiter \u00e0 Paris : Billets, emplacement &amp; Conseils\" data-css=\"\" class=\"tve-froala fr-basic\">30 Meilleurs mus\u00e9es \u00e0 visiter \u00e0 Paris : Billets, emplacement &amp; Conseils<\/a><\/span><\/h3>\n<p><\/article><article id=\"post-4203\" class=\"post-4203 page type-page status-publish has-post-thumbnail hentry post-wrapper thrv_wrapper thrive-animated-item  tve_evt_manager_listen tve_ea_thrive_animation tve_et_mouseover tve_anim_grow\" tcb_hover_state_parent=\"\" class=\"tve_evt_manager_listen tve_ea_thrive_animation tve_et_mouseover tve_anim_grow\" data-id=\"4203\" data-selector=\".post-wrapper\"><style class=\"tcb-post-list-dynamic-style\" type=\"text\/css\">@media (min-width: 300px){[].tcb-post-list #post-4203 []{background-image: url(\u00ab\u00a0https:\/\/www.paristouristinformation.fr\/fr\/wp-content\/uploads\/2020\/12\/Arc-de-Triomphe-cover-1024x538.jpg\u00ab\u00a0) !important;}[].tcb-post-list #post-4203 []:hover []{background-image: url(\u00ab\u00a0https:\/\/www.paristouristinformation.fr\/fr\/wp-content\/uploads\/2020\/12\/Arc-de-Triomphe-cover-1024x538.jpg\u00ab\u00a0) !important;}}<\/style><a href=\"https:\/\/www.paristouristinformation.fr\/fr\/choses-a-faire\/attractions\/arc-de-triomphe\/\" dynamic-postlink=\"tcb_post_the_permalink\" data-shortcode-id=\"56\"><\/a><\/p>\n<h3 style=\"text-align: center; padding-top: 0px !important; margin-top: 0px !important;\"><span data-attr-link=\"1\" data-attr-rel=\"0\" data-attr-target=\"0\" data-extra_key=\"\" data-option-inline=\"1\" data-shortcode=\"tcb_post_title\" data-shortcode-name=\"Post title\" data-attr-css=\"\" data-attr-static-link=\"{&quot;className&quot;:&quot;tve-froala fr-basic&quot;,&quot;href&quot;:&quot;https:\/\/www.paristouristinformation.fr\/fr\/choses-a-faire\/&quot;,&quot;title&quot;:&quot;100 Choses \u00e0 Faire \u00e0 Paris&quot;,&quot;class&quot;:&quot;tve-froala fr-basic&quot;}\" style=\"\"><a href=\"https:\/\/www.paristouristinformation.fr\/fr\/choses-a-faire\/attractions\/arc-de-triomphe\/\" title=\"Visitez l\u2019Arc de Triomphe \u00e0 Paris : Conseils &amp; Billets\" data-css=\"\" class=\"tve-froala fr-basic\">Visitez l\u2019Arc de Triomphe \u00e0 Paris : Conseils &amp; Billets<\/a><\/span><\/h3>\n<p><\/article><article id=\"post-7624\" class=\"post-7624 page type-page status-publish has-post-thumbnail hentry post-wrapper thrv_wrapper thrive-animated-item  tve_evt_manager_listen tve_ea_thrive_animation tve_et_mouseover tve_anim_grow\" tcb_hover_state_parent=\"\" class=\"tve_evt_manager_listen tve_ea_thrive_animation tve_et_mouseover tve_anim_grow\" data-id=\"7624\" data-selector=\".post-wrapper\"><style class=\"tcb-post-list-dynamic-style\" type=\"text\/css\">@media (min-width: 300px){[].tcb-post-list #post-7624 []{background-image: url(\u00ab\u00a0https:\/\/www.paristouristinformation.fr\/fr\/wp-content\/uploads\/2021\/02\/Musee-Jacquemart-Andre-in-Paris-in-France-1024x538.jpg\u00ab\u00a0) !important;}[].tcb-post-list #post-7624 []:hover []{background-image: url(\u00ab\u00a0https:\/\/www.paristouristinformation.fr\/fr\/wp-content\/uploads\/2021\/02\/Musee-Jacquemart-Andre-in-Paris-in-France-1024x538.jpg\u00ab\u00a0) !important;}}<\/style><a href=\"https:\/\/www.paristouristinformation.fr\/fr\/choses-a-faire\/musees\/musee-jacquemart-andre\/\" dynamic-postlink=\"tcb_post_the_permalink\" data-shortcode-id=\"56\"><\/a><\/p>\n<h3 style=\"text-align: center; padding-top: 0px !important; margin-top: 0px !important;\"><span data-attr-link=\"1\" data-attr-rel=\"0\" data-attr-target=\"0\" data-extra_key=\"\" data-option-inline=\"1\" data-shortcode=\"tcb_post_title\" data-shortcode-name=\"Post title\" data-attr-css=\"\" data-attr-static-link=\"{&quot;className&quot;:&quot;tve-froala fr-basic&quot;,&quot;href&quot;:&quot;https:\/\/www.paristouristinformation.fr\/fr\/choses-a-faire\/&quot;,&quot;title&quot;:&quot;100 Choses \u00e0 Faire \u00e0 Paris&quot;,&quot;class&quot;:&quot;tve-froala fr-basic&quot;}\" style=\"\"><a href=\"https:\/\/www.paristouristinformation.fr\/fr\/choses-a-faire\/musees\/musee-jacquemart-andre\/\" title=\"Guide du mus\u00e9e Jacquemart Andr\u00e9 \u00e0 Paris : Exposition &amp; Billets\" data-css=\"\" class=\"tve-froala fr-basic\">Guide du mus\u00e9e Jacquemart Andr\u00e9 \u00e0 Paris : Exposition &amp; Billets<\/a><\/span><\/h3>\n<p><\/article><\/div>\n","protected":false},"excerpt":{"rendered":"<p>Le mus\u00e9e de l&rsquo;Arm\u00e9e est le mus\u00e9e militaire national de la France. Il est situ\u00e9 dans le magnifique H\u00f4tel national des Invalides et abrite l&rsquo;une des plus grandes collections d&rsquo;histoire et d&rsquo;art militaires du monde. C&rsquo;est un mus\u00e9e important parmi les mus\u00e9es parisiens. La France a une histoire importante et a rassembl\u00e9 de nombreux uniformes, [&hellip;]<\/p>\n","protected":false},"author":9,"featured_media":6676,"parent":68,"menu_order":0,"comment_status":"closed","ping_status":"closed","template":"","meta":{"footnotes":""},"tags":[],"class_list":{"0":"post-3384","1":"page","2":"type-page","3":"status-publish","4":"has-post-thumbnail","5":"hentry","6":"post-wrapper","7":"thrv_wrapper","10":"thrive-animated-item"},"_links":{"self":[{"href":"https:\/\/www.paristouristinformation.fr\/fr\/wp-json\/wp\/v2\/pages\/3384","targetHints":{"allow":["GET"]}}],"collection":[{"href":"https:\/\/www.paristouristinformation.fr\/fr\/wp-json\/wp\/v2\/pages"}],"about":[{"href":"https:\/\/www.paristouristinformation.fr\/fr\/wp-json\/wp\/v2\/types\/page"}],"author":[{"embeddable":true,"href":"https:\/\/www.paristouristinformation.fr\/fr\/wp-json\/wp\/v2\/users\/9"}],"replies":[{"embeddable":true,"href":"https:\/\/www.paristouristinformation.fr\/fr\/wp-json\/wp\/v2\/comments?post=3384"}],"version-history":[{"count":0,"href":"https:\/\/www.paristouristinformation.fr\/fr\/wp-json\/wp\/v2\/pages\/3384\/revisions"}],"up":[{"embeddable":true,"href":"https:\/\/www.paristouristinformation.fr\/fr\/wp-json\/wp\/v2\/pages\/68"}],"wp:featuredmedia":[{"embeddable":true,"href":"https:\/\/www.paristouristinformation.fr\/fr\/wp-json\/wp\/v2\/media\/6676"}],"wp:attachment":[{"href":"https:\/\/www.paristouristinformation.fr\/fr\/wp-json\/wp\/v2\/media?parent=3384"}],"wp:term":[{"taxonomy":"post_tag","embeddable":true,"href":"https:\/\/www.paristouristinformation.fr\/fr\/wp-json\/wp\/v2\/tags?post=3384"}],"curies":[{"name":"wp","href":"https:\/\/api.w.org\/{rel}","templated":true}]}}