{"id":3423,"date":"2020-12-23T01:41:33","date_gmt":"2020-12-23T01:41:33","guid":{"rendered":"http:\/\/paristouristinformation.fr\/fr\/?page_id=3423"},"modified":"2023-05-16T06:47:38","modified_gmt":"2023-05-16T06:47:38","slug":"musee-des-arts-et-metiers","status":"publish","type":"page","link":"https:\/\/www.paristouristinformation.fr\/fr\/choses-a-faire\/musees\/musee-des-arts-et-metiers\/","title":{"rendered":"Guide du Mus\u00e9e des Arts et M\u00e9tiers \u00e0 Paris"},"content":{"rendered":"<p>Paris est connue comme une ville o\u00f9 la ma\u00eetrise des techniques b\u00e9n\u00e9ficie d&rsquo;un espace sp\u00e9cial pour s&rsquo;exprimer ouvertement. C&rsquo;est pourquoi un mus\u00e9e qui rassemble toutes ces \u0153uvres incroyables a \u00e9t\u00e9 cr\u00e9\u00e9.<\/p>\n<p>Le Mus\u00e9e des Arts et M\u00e9tiers de Paris abrite une <strong>impressionnante collection d&rsquo;inventions scientifiques et d&rsquo;objets techniques <\/strong>dans sept domaines que vous allez d\u00e9couvrir dans cet article. C&rsquo;est d\u00e9finitivement l&rsquo;un des mus\u00e9es incontournables de Paris si vous vous int\u00e9ressez aux inventions, \u00e0 la science et \u00e0 l&rsquo;artisanat.<\/p>\n<p>Afin de vous faire appr\u00e9cier cette visite \u00e0 sa juste valeur, nous avons pr\u00e9par\u00e9 une <strong>revue compl\u00e8te des informations<\/strong> destin\u00e9es aux visiteurs du Mus\u00e9e des Arts et M\u00e9tiers de Paris, comprenant les points forts des expositions, l&rsquo;histoire, les billets, les visites et des informations utiles pour s&rsquo;y rendre. C&rsquo;est parti !<\/p>\n<h2 id=\"t-1612259928432\" data-alt-text=\"What can I do ?\">Que faire au Mus\u00e9e des Arts et M\u00e9tiers ?<\/h2>\n<p>Le Mus\u00e9e des Arts et M\u00e9tiers est install\u00e9 dans l&rsquo;ancien monast\u00e8re de Saint-Martin-des-Champs et les b\u00e2timents voisins. Le fonds du mus\u00e9e comprend environ 80 000 pi\u00e8ces.Les visiteurs peuvent d\u00e9couvrir un tr\u00e9sor d&rsquo;inventions int\u00e9ressantes r\u00e9parties sur trois \u00e9tages, dont la plupart datent des 18e, 19e et 20e si\u00e8cles.<\/p>\n<h3 style=\"\">Exposition permanente<\/h3>\n<p><span><img decoding=\"async\" alt=\"\" data-id=\"4879\" width=\"702\" data-init-width=\"1000\" height=\"527\" data-init-height=\"750\" title=\"a piece arts and metiers museum in paris\" src=\"http:\/\/paristouristinformation.fr\/fr\/wp-content\/uploads\/2020\/12\/a-piece-arts-and-metiers-museum-in-paris.jpg\" data-width=\"702\" data-height=\"527\" data-pinpro-key=\"66ac9p4ra\" loading=\"lazy\"><\/span><\/p>\n<p>Plus de <strong>2400 inventions et instruments<\/strong> d&rsquo;origine scientifique et technique sont pr\u00e9sent\u00e9s dans l&rsquo;exposition permanente. La collection, qui comprend de nombreux objets originaux ainsi que des r\u00e9pliques parfaites, est pr\u00e9sent\u00e9e par ordre chronologique.<\/p>\n<p>Les expositions les plus remarquables comprennent l&rsquo;original du pendule de Foucault, la calculatrice de Pascal du 18e si\u00e8cle, une version r\u00e9duite de la statue de la Libert\u00e9, l&rsquo;avion du pionnier de l&rsquo;aviation Bl\u00e9riot et le v\u00e9hicule \u00e0 turbine \u00e0 vapeur de Cugnot &#8211; le premier v\u00e9hicule motoris\u00e9.<\/p>\n<p style=\"\"><strong>L&rsquo;exposition permanente du mus\u00e9e est divis\u00e9e en 7 collections suivantes :<\/strong><\/p>\n<ul>\n<li>Instruments scientifiques<\/li>\n<li>Mat\u00e9riaux<\/li>\n<li>\u00c9nergie<\/li>\n<li>M\u00e9canique<\/li>\n<li>Construction<\/li>\n<li>Communication<\/li>\n<li>Transport<\/li>\n<\/ul>\n<h3>Expositions temporaires<\/h3>\n<p>La collection du mus\u00e9e est r\u00e9guli\u00e8rement enrichie par des expositions temporaires. Un aper\u00e7u actualis\u00e9 est disponible sur le <a href=\"https:\/\/www.arts-et-metiers.net\/\" target=\"_blank\" style=\"outline: none;\" rel=\"noopener nofollow\">site officiel du Mus\u00e9e des Arts et M\u00e9tiers.<\/a><\/p>\n<h3>Activit\u00e9s pour les enfants<\/h3>\n<p>Le Mus\u00e9e des Arts et M\u00e9tiers est id\u00e9al pour les familles avec enfants, car la collection ravira petits et grands. A l&rsquo;accueil, <strong>un quiz gratuit sur le mus\u00e9e <\/strong>est propos\u00e9 aux enfants ainsi qu&rsquo;un <strong>audioguide pour les visiteurs de 7 \u00e0 12 ans,<\/strong> qui pr\u00e9sentent de mani\u00e8re ludique l&rsquo;exposition permanente aux enfants.<\/p>\n<p>Le mus\u00e9e propose \u00e9galement des <strong>ateliers \u00e9ducatifs <\/strong>pour les familles et les enfants \u00e0 partir de 4 ans. Le r\u00e9pertoire du mus\u00e9e comprend \u00e9galement des visites familiales qui encouragent adultes et enfants \u00e0 faire des recherches sur des sujets tels que la photographie, les transports, les jouets optiques, les images anim\u00e9es et l&rsquo;\u00e9lectricit\u00e9.<\/p>\n<h3>Activit\u00e9s pour les visiteurs<\/h3>\n<p>Le mus\u00e9e propose une vari\u00e9t\u00e9 d&rsquo;activit\u00e9s \u00e0 ses visiteurs. Il s&rsquo;agit notamment d&rsquo;ateliers, de visites guid\u00e9es d&rsquo;expositions sp\u00e9ciales ou de d\u00e9monstrations par des interpr\u00e8tes scientifiques. Pour conna\u00eetre les derni\u00e8res activit\u00e9s, veuillez consulter le site officiel du mus\u00e9e.<\/p>\n<ul>\n<li><span style=\"\">\u200bVous pr\u00e9parez votre voyage \u00e0 Paris ? Nous vous avons pr\u00e9par\u00e9 une liste des <a href=\"https:\/\/paristouristinformation.fr\/fr\/choses-a-faire\/musees\/\">30 meilleurs mus\u00e9es \u00e0 visiter \u00e0 Paris.<\/a><a href=\"http:\/\/paristouristinformation.fr\/fr\/things-to-do\/museum\/\" target=\"_blank\" style=\"outline: none;\" rel=\"noopener\"> <\/a><\/span><\/li>\n<\/ul>\n<h2 id=\"t-1612259928433\" style=\"\">Entr\u00e9es, billets et visites&nbsp;<\/h2>\n<p><span><img decoding=\"async\" alt=\"\" data-id=\"4878\" width=\"680\" data-init-width=\"1000\" height=\"409\" data-init-height=\"602\" title=\"arts &amp; metiers entrance paris\" src=\"http:\/\/paristouristinformation.fr\/fr\/wp-content\/uploads\/2020\/12\/arts-metiers-entrance-paris.jpg\" data-width=\"680\" data-height=\"409\" data-pinpro-key=\"fzvvhicsm\" loading=\"lazy\"><\/span><\/p>\n<ul>\n<li><span style=\"\"><strong>Entr\u00e9e :<\/strong> Les visiteurs de moins de 18 ans, les citoyens de l&rsquo;UE de moins de 26 ans, les personnes handicap\u00e9es et les d\u00e9tenteurs d&rsquo;un Pass Mus\u00e9es de Paris peuvent acc\u00e9der gratuitement \u00e0 l&rsquo;exposition permanente.&nbsp;<\/span><\/li>\n<li style=\"\"><span style=\"\"><strong>Billets pour l&rsquo;exposition permanente :<\/strong> Les billets pour l&rsquo;exposition permanente et un aper\u00e7u actualis\u00e9 de tous les prix des billets sont disponibles sur le <a href=\"https:\/\/www.arts-et-metiers.net\/\" target=\"_blank\" rel=\"noopener nofollow\">site officiel.<\/a><\/span><\/li>\n<li style=\"\"><span style=\"\"><strong>Billets pour l&rsquo;exposition temporaire :<\/strong> Pour l&rsquo;exposition temporaire, les visiteurs ont besoin d&rsquo;un billet s\u00e9par\u00e9 ou d&rsquo;un billet combin\u00e9.<\/span><\/li>\n<li style=\"\"><span style=\"\"><strong>Billets combin\u00e9s :<\/strong> Le mus\u00e9e propose des billets combin\u00e9s qui donnent acc\u00e8s aux expositions permanentes et temporaires.<\/span><\/li>\n<li style=\"\"><span style=\"\"><strong>Visites guid\u00e9es <\/strong>: Les visites familiales ont lieu tous les dimanches \u00e0 11h00 (enfants de 7 \u00e0 12 ans et leurs parents). Elles sont comprises dans l&rsquo;entr\u00e9e. Toutefois, un rendez-vous pr\u00e9alable est n\u00e9cessaire.<\/span><\/li>\n<li style=\"\"><span style=\"\"><strong>Audioguide : <\/strong>Trois audioguides diff\u00e9rents en 8 langues sont disponibles moyennant un droit de location.<\/span><\/li>\n<li style=\"\"><span style=\"\"><strong>Conseil :<\/strong> L&rsquo;entr\u00e9e au Mus\u00e9e des Arts et M\u00e9tiers est gratuite pour tous les visiteurs le premier dimanche du mois et tous les jeudis entre 18h00 et 21h30.<\/span><\/li>\n<\/ul>\n<ul>\n<li><span style=\"\">Pour gagner du temps et de l&rsquo;argent et \u00e9viter les tracas, vous pouvez pr\u00e9parer votre voyage en achetant \u00e0 l&rsquo;avance tous les billets en ligne dont vous avez besoin dans notre boutique officielle <a href=\"https:\/\/paristouristinformation.fr\/fr\/visites-guidees-et-billets\/\">Paris Tickets Shop.<\/a><\/span><\/li>\n<\/ul>\n<p>__CONFIG_colors_palette__{\u00ab\u00a0active_palette\u00a0\u00bb:0,\u00a0\u00bbconfig\u00a0\u00bb:{\u00ab\u00a0colors\u00a0\u00bb:{\u00ab\u00a0f8570\u00a0\u00bb:{\u00ab\u00a0name\u00a0\u00bb:\u00a0\u00bbMain Accent\u00a0\u00bb,\u00a0\u00bbparent\u00a0\u00bb:-1}},\u00a0\u00bbgradients\u00a0\u00bb:[]},\u00a0\u00bbpalettes\u00a0\u00bb:[{\u00ab\u00a0name\u00a0\u00bb:\u00a0\u00bbDefault Palette\u00a0\u00bb,\u00a0\u00bbvalue\u00a0\u00bb:{\u00ab\u00a0colors\u00a0\u00bb:{\u00ab\u00a0f8570\u00a0\u00bb:{\u00ab\u00a0val\u00a0\u00bb:\u00a0\u00bbvar(&#8211;tcb-skin-color-0)\u00a0\u00bb}},\u00a0\u00bbgradients\u00a0\u00bb:[]},\u00a0\u00bboriginal\u00a0\u00bb:{\u00ab\u00a0colors\u00a0\u00bb:{\u00ab\u00a0f8570\u00a0\u00bb:{\u00ab\u00a0val\u00a0\u00bb:\u00a0\u00bbrgb(19, 114, 211)\u00a0\u00bb,\u00a0\u00bbhsl\u00a0\u00bb:{\u00ab\u00a0h\u00a0\u00bb:210,\u00a0\u00bbs\u00a0\u00bb:0.83,\u00a0\u00bbl\u00a0\u00bb:0.45}}},\u00a0\u00bbgradients\u00a0\u00bb:[]}}]}__CONFIG_colors_palette__ <a href=\"https:\/\/paristouristinformation.fr\/fr\/visites-guidees-et-billets\/\"> <span><span style=\"\">Acc\u00e9der au Paris Tickets Shop<\/span><\/span> <\/a><\/p>\n<h2 id=\"t-1612259928434\" data-alt-text=\"How to get there ?\" style=\"\">Comment se rendre au Mus\u00e9e des Arts et M\u00e9tiers ?<\/h2>\n<p><span><img decoding=\"async\" alt=\"\" data-id=\"4875\" width=\"680\" data-init-width=\"1000\" height=\"454\" data-init-height=\"668\" title=\"metro arts metiers museum in paris\" src=\"http:\/\/paristouristinformation.fr\/fr\/wp-content\/uploads\/2020\/12\/metro-arts-metiers-museum-in-paris.jpg\" data-width=\"680\" data-height=\"454\" data-pinpro-key=\"tnjmkga9j\" loading=\"lazy\"><\/span><\/p>\n<p>Le Mus\u00e9e des Arts et M\u00e9tiers est situ\u00e9 dans le 3\u00e8me <a href=\"https:\/\/paristouristinformation.fr\/fr\/choses-a-faire\/quartiers\/\">arrondissement de Paris,<\/a> dans le quartier des Arts-et-M\u00e9tiers.<\/p>\n<p>Nous vous recommandons de prendre le <strong>m\u00e9tro 3 ou 11 jusqu&rsquo;\u00e0 la station \u00ab\u00a0Arts-et-M\u00e9tiers\u00a0\u00bb.<\/strong> C&rsquo;est non seulement le moyen le plus facile de se rendre au mus\u00e9e, mais certaines expositions du mus\u00e9e se trouvent \u00e9galement \u00e0 cette station de m\u00e9tro. La station de m\u00e9tro \u00ab\u00a0Arts-et-M\u00e9tiers\u00a0\u00bb s&rsquo;inspire du sous-marin Nautilus du roman de Jules Verne \u00ab\u00a0Vingt mille lieues sous les mers\u00a0\u00bb. Les hublots et le rev\u00eatement en plaques de cuivre rendent la station de m\u00e9tro assez inhabituelle.<\/p>\n<p>Sinon, vous pouvez prendre <strong>les lignes de bus 38 et 39 jusqu&rsquo;au \u00ab\u00a0Boulevard S\u00e9bastopol\u00a0\u00bb<\/strong> ou les lignes de bus 20, 47 et 38 jusqu&rsquo;\u00e0 la \u00ab\u00a0Rue R\u00e9aumur\u00a0\u00bb.<\/p>\n<div class=\"tcb-post-list tve-content-list thrv_wrapper\" data-type=\"grid\" data-pagination-type=\"none\" data-pages_near_current=\"2\" data-css=\"tve-u-17706b860d3\" data-total_post_count=\"3\" data-total_sticky_count=\"0\" data-no_posts_text=\"There are no posts to display.\"><article id=\"post-4004\" class=\"post-4004 page type-page status-publish has-post-thumbnail hentry post-wrapper thrv_wrapper thrive-animated-item \" tcb_hover_state_parent=\"\" shortcode=\"tcb_post_list\" data-id=\"4004\" data-selector=\".post-wrapper\"><style class=\"tcb-post-list-dynamic-style\" type=\"text\/css\"><\/style><\/p>\n<h3 style=\"\"><span data-attr-link=\"1\" data-attr-rel=\"0\" data-attr-target=\"0\" data-extra_key=\"\" data-option-inline=\"1\" data-shortcode=\"tcb_post_title\" data-shortcode-name=\"Post title\" data-attr-css=\"\" style=\"\" data-attr-static-link=\"{&quot;className&quot;:&quot;tve-froala fr-basic&quot;,&quot;href&quot;:&quot;https:\/\/www.paristouristinformation.fr\/fr\/choses-a-faire\/musees\/picasso\/&quot;,&quot;title&quot;:&quot;Guide du mus\u00e9e Picasso \u00e0 Paris : Conseils &amp; Billets&quot;,&quot;class&quot;:&quot;tve-froala fr-basic&quot;}\"><a href=\"https:\/\/www.paristouristinformation.fr\/fr\/choses-a-faire\/musees\/picasso\/\" title=\"Guide du mus\u00e9e Picasso \u00e0 Paris : Conseils &amp; Billets\" data-css=\"\" class=\"tve-froala fr-basic\">Guide du mus\u00e9e Picasso \u00e0 Paris : Conseils &amp; Billets<\/a><\/span><\/h3>\n<p><\/article><article id=\"post-3461\" class=\"post-3461 page type-page status-publish has-post-thumbnail hentry post-wrapper thrv_wrapper thrive-animated-item \" tcb_hover_state_parent=\"\" shortcode=\"tcb_post_list\" data-id=\"3461\" data-selector=\".post-wrapper\"><style class=\"tcb-post-list-dynamic-style\" type=\"text\/css\"><\/style><\/p>\n<h3 style=\"\"><span data-attr-link=\"1\" data-attr-rel=\"0\" data-attr-target=\"0\" data-extra_key=\"\" data-option-inline=\"1\" data-shortcode=\"tcb_post_title\" data-shortcode-name=\"Post title\" data-attr-css=\"\" style=\"\" data-attr-static-link=\"{&quot;className&quot;:&quot;tve-froala fr-basic&quot;,&quot;href&quot;:&quot;https:\/\/www.paristouristinformation.fr\/fr\/choses-a-faire\/musees\/picasso\/&quot;,&quot;title&quot;:&quot;Guide du mus\u00e9e Picasso \u00e0 Paris : Conseils &amp; Billets&quot;,&quot;class&quot;:&quot;tve-froala fr-basic&quot;}\"><a href=\"https:\/\/www.paristouristinformation.fr\/fr\/choses-a-faire\/musees\/du-quai-branly\/\" title=\"Guide du mus\u00e9e du Quai Branly \u00e0 Paris\" data-css=\"\" class=\"tve-froala fr-basic\">Guide du mus\u00e9e du Quai Branly \u00e0 Paris<\/a><\/span><\/h3>\n<p><\/article><article id=\"post-4015\" class=\"post-4015 page type-page status-publish has-post-thumbnail hentry post-wrapper thrv_wrapper thrive-animated-item \" tcb_hover_state_parent=\"\" shortcode=\"tcb_post_list\" data-id=\"4015\" data-selector=\".post-wrapper\"><style class=\"tcb-post-list-dynamic-style\" type=\"text\/css\"><\/style><\/p>\n<h3 style=\"\"><span data-attr-link=\"1\" data-attr-rel=\"0\" data-attr-target=\"0\" data-extra_key=\"\" data-option-inline=\"1\" data-shortcode=\"tcb_post_title\" data-shortcode-name=\"Post title\" data-attr-css=\"\" style=\"\" data-attr-static-link=\"{&quot;className&quot;:&quot;tve-froala fr-basic&quot;,&quot;href&quot;:&quot;https:\/\/www.paristouristinformation.fr\/fr\/choses-a-faire\/musees\/picasso\/&quot;,&quot;title&quot;:&quot;Guide du mus\u00e9e Picasso \u00e0 Paris : Conseils &amp; Billets&quot;,&quot;class&quot;:&quot;tve-froala fr-basic&quot;}\"><a href=\"https:\/\/www.paristouristinformation.fr\/fr\/choses-a-faire\/musees\/orangerie\/\" title=\"Guide du mus\u00e9e de l\u2019Orangerie \u00e0 Paris : Billets &amp; Expositions\" data-css=\"\" class=\"tve-froala fr-basic\">Guide du mus\u00e9e de l\u2019Orangerie \u00e0 Paris : Billets &amp; Expositions<\/a><\/span><\/h3>\n<p><\/article><\/div>\n<h2 id=\"t-1612259928435\" style=\"\">FAQ (Foire aux questions)<\/h2>\n<h2 id=\"t-1612259928436\" data-alt-text=\"History of the Museum\" style=\"\">History of the Mus\u00e9e des Arts et M\u00e9tiers<\/h2>\n<p><span><img decoding=\"async\" alt=\"\" data-id=\"4877\" width=\"702\" data-init-width=\"1000\" height=\"388\" data-init-height=\"554\" title=\"the backdoor arts metiers museum paris kopya\" src=\"http:\/\/paristouristinformation.fr\/fr\/wp-content\/uploads\/2020\/12\/the-backdoor-arts-metiers-museum-paris-kopya.jpg\" data-width=\"702\" data-height=\"388\" data-pinpro-key=\"3k3bzcu5y\" loading=\"lazy\"><\/span><\/p>\n<p>The Mus\u00e9e des Arts et M\u00e9tiers is located in the historic premises of the former monastery of Saint-Martin-des-Champs and the adjoining buildings.<\/p>\n<p>Ses origines remontent au <strong>C<\/strong><strong>onservatoire national des arts et m\u00e9tiers<\/strong> fond\u00e9 par l&rsquo;abb\u00e9 Gr\u00e9goire en 1794. Cet \u00e9tablissement a \u00e9t\u00e9 construit pour servir de d\u00e9p\u00f4t d&rsquo;instruments et d&rsquo;inventions scientifiques.<\/p>\n<p>Depuis lors, la collection n&rsquo;a cess\u00e9 de s&rsquo;enrichir et compte aujourd&rsquo;hui 80 000 pi\u00e8ces et 15 000 dessins.Apr\u00e8s d&rsquo;importantes r\u00e9novations, le Mus\u00e9e des Arts et M\u00e9tiers est \u00e0 nouveau ouvert au public depuis 2000 et pr\u00e9sente plus de 2 400 inventions.Il est aujourd&rsquo;hui consid\u00e9r\u00e9 comme l&rsquo;un des plus anciens mus\u00e9es techniques et industriels du monde.<\/p>\n<h2 id=\"t-1612259928437\" data-alt-text=\"Contact \">Contact et plan d&rsquo;acc\u00e8s<\/h2>\n<ul>\n<li><span style=\"\"><strong>Adresse:&nbsp;<\/strong>Mus\u00e9e des Arts et M\u00e9tiers, 60 rue R\u00e9aumur, Paris<\/span><\/li>\n<li><span style=\"\"><strong>Heures d&rsquo;ouverture :<\/strong> De 10h00 \u00e0 18h00, jusqu&rsquo;\u00e0 21h00 le vendredi.<\/span><\/li>\n<li><span style=\"\"><strong>Transports en commun : <\/strong>M\u00e9tro 3 ou 11 jusqu&rsquo;\u00e0 \u00ab\u00a0Arts-et-M\u00e9tiers\u00a0\u00bb.<\/span><\/li>\n<li style=\"\"><span style=\"\"><strong>Site web:&nbsp;<\/strong><a href=\"https:\/\/www.arts-et-metiers.net\/musee\/visitor-information\" target=\"_blank\" style=\"outline: none;\" rel=\"noopener nofollow\">www.arts-et-metiers.net<\/a><\/span><\/li>\n<\/ul>\n<p>__CONFIG_colors_palette__{\u00ab\u00a0active_palette\u00a0\u00bb:0,\u00a0\u00bbconfig\u00a0\u00bb:{\u00ab\u00a0colors\u00a0\u00bb:{\u00ab\u00a050ce5\u00a0\u00bb:{\u00ab\u00a0name\u00a0\u00bb:\u00a0\u00bbMain Accent\u00a0\u00bb,\u00a0\u00bbparent\u00a0\u00bb:-1}},\u00a0\u00bbgradients\u00a0\u00bb:[]},\u00a0\u00bbpalettes\u00a0\u00bb:[{\u00ab\u00a0name\u00a0\u00bb:\u00a0\u00bbDefault Palette\u00a0\u00bb,\u00a0\u00bbvalue\u00a0\u00bb:{\u00ab\u00a0colors\u00a0\u00bb:{\u00ab\u00a050ce5\u00a0\u00bb:{\u00ab\u00a0val\u00a0\u00bb:\u00a0\u00bbvar(&#8211;tcb-skin-color-0)\u00a0\u00bb}},\u00a0\u00bbgradients\u00a0\u00bb:[]},\u00a0\u00bboriginal\u00a0\u00bb:{\u00ab\u00a0colors\u00a0\u00bb:{\u00ab\u00a050ce5\u00a0\u00bb:{\u00ab\u00a0val\u00a0\u00bb:\u00a0\u00bbrgb(19, 114, 211)\u00a0\u00bb,\u00a0\u00bbhsl\u00a0\u00bb:{\u00ab\u00a0h\u00a0\u00bb:210,\u00a0\u00bbs\u00a0\u00bb:0.83,\u00a0\u00bbl\u00a0\u00bb:0.45,\u00a0\u00bba\u00a0\u00bb:1}}},\u00a0\u00bbgradients\u00a0\u00bb:[]}}]}__CONFIG_colors_palette__ <a href=\"https:\/\/paristouristinformation.fr\/fr\/choses-a-faire\/musees\/\"> <span><span>Autres mus\u00e9es \u00e0 visiter \u00e0 Paris<\/span><\/span> <\/a><\/p>\n<h2 style=\"\" id=\"t-1645810725665\">Articles connexes :<\/h2>\n<div class=\"tcb-post-list tve-content-list thrv_wrapper\" data-type=\"grid\" data-pagination-type=\"none\" data-pages_near_current=\"2\" data-css=\"tve-u-17de0f86276\" data-total_post_count=\"3\" data-total_sticky_count=\"0\" data-no_posts_text=\"There are no posts to display.\"><article id=\"post-68\" class=\"post-68 page type-page status-publish has-post-thumbnail hentry post-wrapper thrv_wrapper thrive-animated-item  tve_evt_manager_listen tve_ea_thrive_animation tve_et_mouseover tve_anim_grow\" tcb_hover_state_parent=\"\" class=\"tve_evt_manager_listen tve_ea_thrive_animation tve_et_mouseover tve_anim_grow\" data-id=\"68\" data-selector=\".post-wrapper\"><style class=\"tcb-post-list-dynamic-style\" type=\"text\/css\">@media (min-width: 300px){[].tcb-post-list #post-68 []{background-image: url(\u00ab\u00a0https:\/\/www.paristouristinformation.fr\/fr\/wp-content\/uploads\/2021\/02\/Top-30-Best-Museums-to-Visit-in-Paris-1024x538.jpg\u00ab\u00a0) !important;}[].tcb-post-list #post-68 []:hover []{background-image: url(\u00ab\u00a0https:\/\/www.paristouristinformation.fr\/fr\/wp-content\/uploads\/2021\/02\/Top-30-Best-Museums-to-Visit-in-Paris-1024x538.jpg\u00ab\u00a0) !important;}}<\/style><a href=\"https:\/\/www.paristouristinformation.fr\/fr\/choses-a-faire\/musees\/\" dynamic-postlink=\"tcb_post_the_permalink\" data-shortcode-id=\"56\"><\/a><\/p>\n<h3 style=\"text-align: center; padding-top: 0px !important; margin-top: 0px !important;\"><span data-attr-link=\"1\" data-attr-rel=\"0\" data-attr-target=\"0\" data-extra_key=\"\" data-option-inline=\"1\" data-shortcode=\"tcb_post_title\" data-shortcode-name=\"Post title\" data-attr-css=\"\" data-attr-static-link=\"{&quot;className&quot;:&quot;tve-froala fr-basic&quot;,&quot;href&quot;:&quot;https:\/\/www.paristouristinformation.fr\/fr\/choses-a-faire\/&quot;,&quot;title&quot;:&quot;100 Choses \u00e0 Faire \u00e0 Paris&quot;,&quot;class&quot;:&quot;tve-froala fr-basic&quot;}\" style=\"\"><a href=\"https:\/\/www.paristouristinformation.fr\/fr\/choses-a-faire\/musees\/\" title=\"30 Meilleurs mus\u00e9es \u00e0 visiter \u00e0 Paris : Billets, emplacement &amp; Conseils\" data-css=\"\" class=\"tve-froala fr-basic\">30 Meilleurs mus\u00e9es \u00e0 visiter \u00e0 Paris : Billets, emplacement &amp; Conseils<\/a><\/span><\/h3>\n<p><\/article><article id=\"post-3938\" class=\"post-3938 page type-page status-publish has-post-thumbnail hentry post-wrapper thrv_wrapper thrive-animated-item  tve_evt_manager_listen tve_ea_thrive_animation tve_et_mouseover tve_anim_grow\" tcb_hover_state_parent=\"\" class=\"tve_evt_manager_listen tve_ea_thrive_animation tve_et_mouseover tve_anim_grow\" data-id=\"3938\" data-selector=\".post-wrapper\"><style class=\"tcb-post-list-dynamic-style\" type=\"text\/css\">@media (min-width: 300px){[].tcb-post-list #post-3938 []{background-image: url(\u00ab\u00a0https:\/\/www.paristouristinformation.fr\/fr\/wp-content\/uploads\/2020\/12\/pantheon-paris-cover-1024x538.jpg\u00ab\u00a0) !important;}[].tcb-post-list #post-3938 []:hover []{background-image: url(\u00ab\u00a0https:\/\/www.paristouristinformation.fr\/fr\/wp-content\/uploads\/2020\/12\/pantheon-paris-cover-1024x538.jpg\u00ab\u00a0) !important;}}<\/style><a href=\"https:\/\/www.paristouristinformation.fr\/fr\/choses-a-faire\/eglise\/pantheon\/\" dynamic-postlink=\"tcb_post_the_permalink\" data-shortcode-id=\"56\"><\/a><\/p>\n<h3 style=\"text-align: center; padding-top: 0px !important; margin-top: 0px !important;\"><span data-attr-link=\"1\" data-attr-rel=\"0\" data-attr-target=\"0\" data-extra_key=\"\" data-option-inline=\"1\" data-shortcode=\"tcb_post_title\" data-shortcode-name=\"Post title\" data-attr-css=\"\" data-attr-static-link=\"{&quot;className&quot;:&quot;tve-froala fr-basic&quot;,&quot;href&quot;:&quot;https:\/\/www.paristouristinformation.fr\/fr\/choses-a-faire\/&quot;,&quot;title&quot;:&quot;100 Choses \u00e0 Faire \u00e0 Paris&quot;,&quot;class&quot;:&quot;tve-froala fr-basic&quot;}\" style=\"\"><a href=\"https:\/\/www.paristouristinformation.fr\/fr\/choses-a-faire\/eglise\/pantheon\/\" title=\"Visite &amp; R\u00e9servation du Panth\u00e9on \u00e0 Paris\" data-css=\"\" class=\"tve-froala fr-basic\">Visite &amp; R\u00e9servation du Panth\u00e9on \u00e0 Paris<\/a><\/span><\/h3>\n<p><\/article><article id=\"post-73\" class=\"post-73 page type-page status-publish has-post-thumbnail hentry post-wrapper thrv_wrapper thrive-animated-item  tve_evt_manager_listen tve_ea_thrive_animation tve_et_mouseover tve_anim_grow\" tcb_hover_state_parent=\"\" class=\"tve_evt_manager_listen tve_ea_thrive_animation tve_et_mouseover tve_anim_grow\" data-id=\"73\" data-selector=\".post-wrapper\"><style class=\"tcb-post-list-dynamic-style\" type=\"text\/css\">@media (min-width: 300px){[].tcb-post-list #post-73 []{background-image: url(\u00ab\u00a0https:\/\/www.paristouristinformation.fr\/fr\/wp-content\/uploads\/2021\/01\/10-Best-Free-Things-To-Do-in-Paris-1024x538.jpg\u00ab\u00a0) !important;}[].tcb-post-list #post-73 []:hover []{background-image: url(\u00ab\u00a0https:\/\/www.paristouristinformation.fr\/fr\/wp-content\/uploads\/2021\/01\/10-Best-Free-Things-To-Do-in-Paris-1024x538.jpg\u00ab\u00a0) !important;}}<\/style><a href=\"https:\/\/www.paristouristinformation.fr\/fr\/choses-a-faire\/gratuit\/\" dynamic-postlink=\"tcb_post_the_permalink\" data-shortcode-id=\"56\"><\/a><\/p>\n<h3 style=\"text-align: center; padding-top: 0px !important; margin-top: 0px !important;\"><span data-attr-link=\"1\" data-attr-rel=\"0\" data-attr-target=\"0\" data-extra_key=\"\" data-option-inline=\"1\" data-shortcode=\"tcb_post_title\" data-shortcode-name=\"Post title\" data-attr-css=\"\" data-attr-static-link=\"{&quot;className&quot;:&quot;tve-froala fr-basic&quot;,&quot;href&quot;:&quot;https:\/\/www.paristouristinformation.fr\/fr\/choses-a-faire\/&quot;,&quot;title&quot;:&quot;100 Choses \u00e0 Faire \u00e0 Paris&quot;,&quot;class&quot;:&quot;tve-froala fr-basic&quot;}\" style=\"\"><a href=\"https:\/\/www.paristouristinformation.fr\/fr\/choses-a-faire\/gratuit\/\" title=\"10 Meilleures Choses \u00e0 Faire \u00e0 Paris\" data-css=\"\" class=\"tve-froala fr-basic\">10 Meilleures Choses \u00e0 Faire \u00e0 Paris<\/a><\/span><\/h3>\n<p><\/article><\/div>\n","protected":false},"excerpt":{"rendered":"<p>Paris est connue comme une ville o\u00f9 la ma\u00eetrise des techniques b\u00e9n\u00e9ficie d&rsquo;un espace sp\u00e9cial pour s&rsquo;exprimer ouvertement. C&rsquo;est pourquoi un mus\u00e9e qui rassemble toutes ces \u0153uvres incroyables a \u00e9t\u00e9 cr\u00e9\u00e9. Le Mus\u00e9e des Arts et M\u00e9tiers de Paris abrite une impressionnante collection d&rsquo;inventions scientifiques et d&rsquo;objets techniques dans sept domaines que vous allez d\u00e9couvrir [&hellip;]<\/p>\n","protected":false},"author":9,"featured_media":6573,"parent":68,"menu_order":0,"comment_status":"closed","ping_status":"closed","template":"","meta":{"footnotes":""},"tags":[],"class_list":{"0":"post-3423","1":"page","2":"type-page","3":"status-publish","4":"has-post-thumbnail","5":"hentry","6":"post-wrapper","7":"thrv_wrapper","10":"thrive-animated-item"},"_links":{"self":[{"href":"https:\/\/www.paristouristinformation.fr\/fr\/wp-json\/wp\/v2\/pages\/3423","targetHints":{"allow":["GET"]}}],"collection":[{"href":"https:\/\/www.paristouristinformation.fr\/fr\/wp-json\/wp\/v2\/pages"}],"about":[{"href":"https:\/\/www.paristouristinformation.fr\/fr\/wp-json\/wp\/v2\/types\/page"}],"author":[{"embeddable":true,"href":"https:\/\/www.paristouristinformation.fr\/fr\/wp-json\/wp\/v2\/users\/9"}],"replies":[{"embeddable":true,"href":"https:\/\/www.paristouristinformation.fr\/fr\/wp-json\/wp\/v2\/comments?post=3423"}],"version-history":[{"count":0,"href":"https:\/\/www.paristouristinformation.fr\/fr\/wp-json\/wp\/v2\/pages\/3423\/revisions"}],"up":[{"embeddable":true,"href":"https:\/\/www.paristouristinformation.fr\/fr\/wp-json\/wp\/v2\/pages\/68"}],"wp:featuredmedia":[{"embeddable":true,"href":"https:\/\/www.paristouristinformation.fr\/fr\/wp-json\/wp\/v2\/media\/6573"}],"wp:attachment":[{"href":"https:\/\/www.paristouristinformation.fr\/fr\/wp-json\/wp\/v2\/media?parent=3423"}],"wp:term":[{"taxonomy":"post_tag","embeddable":true,"href":"https:\/\/www.paristouristinformation.fr\/fr\/wp-json\/wp\/v2\/tags?post=3423"}],"curies":[{"name":"wp","href":"https:\/\/api.w.org\/{rel}","templated":true}]}}