{"id":3563,"date":"2020-12-02T16:36:41","date_gmt":"2020-12-02T16:36:41","guid":{"rendered":"http:\/\/paristouristinformation.fr\/fr\/clone-of-empfohlene-hotels\/"},"modified":"2023-05-16T09:14:30","modified_gmt":"2023-05-16T09:14:30","slug":"hotel","status":"publish","type":"page","link":"https:\/\/www.paristouristinformation.fr\/fr\/hotel\/","title":{"rendered":"Meilleurs H\u00f4tels de Paris par Cat\u00e9gorie : Luxe, Disneyland, Lune de Miel&#8230;"},"content":{"rendered":"<h1>O\u00f9 puis-je dormir \u00e0 Paris ?<\/h1>\n<p>Contactez nous et obtenez le meilleur prix pour un s\u00e9jour en h\u00f4tel au coeur de Paris. Service de r\u00e9servation fiable et assistance 24\/7.<\/p>\n<h4>R\u00e9servation de groupe<\/h4>\n<p style=\"\">Nous pouvons vous obtenir le meilleur prix pour une r\u00e9servation de groupe dans un h\u00f4tel confortable au centre de Paris.<\/p>\n<h4>Offres pour les couples<\/h4>\n<p style=\"\">Lune de miel ou escapade romantique \u00e0 Paris ? Demandez-nous un devis gratuit pour les meilleurs h\u00f4tels pour couples dans la capitale de l&rsquo;amour.<\/p>\n<h4>S\u00e9jour simple<\/h4>\n<p style=\"\">Nous vous trouverons l&#8217;emplacement id\u00e9al et le prix de l&rsquo;h\u00f4tel id\u00e9al en fonction de vos besoins et de vos envies.<\/p>\n<p style=\"text-align: center;\">H\u00f4tels recommand\u00e9s \u00e0 Paris<\/p>\n<p style=\"text-align: center;\">H\u00f4tels centraux de 3 \u00e0 5 \u00e9toiles<\/p>\n<p><a href=\"https:\/\/www.paristouristinformation.fr\/fr\/hotel\/4-etoiles\/\" dynamic-postlink=\"tcb_post_the_permalink\" data-shortcode-id=\"5610\"><\/a><\/p>\n<h3 style=\"text-align: center; padding-top: 0px !important; margin-top: 0px !important;\"><span data-attr-link=\"1\" data-attr-rel=\"0\" data-attr-target=\"0\" data-extra_key=\"\" data-option-inline=\"1\" data-shortcode=\"tcb_post_title\" data-shortcode-name=\"Post title\" data-attr-css=\"\" data-attr-static-link=\"{&quot;className&quot;:&quot;tve-froala fr-basic&quot;,&quot;href&quot;:&quot;https:\/\/www.paristouristinformation.fr\/fr\/hotel\/4-etoiles\/&quot;,&quot;title&quot;:&quot;Les 25 meilleurs h\u00f4tels 4 \u00e9toiles de Paris&quot;,&quot;class&quot;:&quot;tve-froala fr-basic&quot;}\"><a href=\"https:\/\/www.paristouristinformation.fr\/fr\/hotel\/4-etoiles\/\" title=\"Les 25 meilleurs h\u00f4tels 4 \u00e9toiles de Paris\" data-css=\"\">Les 25 meilleurs h\u00f4tels 4 \u00e9toiles de Paris<\/a><\/span><\/h3>\n<p>Sur cette page, vous trouverez les meilleurs h\u00f4tels <a href=\"https:\/\/www.paristouristinformation.fr\/fr\/hotel\/4-etoiles\/#more-5608\">&#8230;<\/a><\/p>\n<p><a href=\"https:\/\/www.paristouristinformation.fr\/fr\/hotel\/4-etoiles\/\"><span style=\"\"><span style=\"\">Lire la suite<\/span><\/span><\/a><a href=\"https:\/\/www.paristouristinformation.fr\/fr\/hotel\/5-etoiles\/\" dynamic-postlink=\"tcb_post_the_permalink\" data-shortcode-id=\"5610\"><\/a><\/p>\n<h3 style=\"text-align: center; padding-top: 0px !important; margin-top: 0px !important;\"><span data-attr-link=\"1\" data-attr-rel=\"0\" data-attr-target=\"0\" data-extra_key=\"\" data-option-inline=\"1\" data-shortcode=\"tcb_post_title\" data-shortcode-name=\"Post title\" data-attr-css=\"\" data-attr-static-link=\"{&quot;className&quot;:&quot;tve-froala fr-basic&quot;,&quot;href&quot;:&quot;https:\/\/www.paristouristinformation.fr\/fr\/hotel\/4-etoiles\/&quot;,&quot;title&quot;:&quot;Les 25 meilleurs h\u00f4tels 4 \u00e9toiles de Paris&quot;,&quot;class&quot;:&quot;tve-froala fr-basic&quot;}\"><a href=\"https:\/\/www.paristouristinformation.fr\/fr\/hotel\/5-etoiles\/\" title=\"Les 25 h\u00f4tels 5 \u00e9toiles les plus exclusifs de Paris\" data-css=\"\">Les 25 h\u00f4tels 5 \u00e9toiles les plus exclusifs de Paris<\/a><\/span><\/h3>\n<p>Sur cette page, vous trouverez les meilleurs h\u00f4tels <a href=\"https:\/\/www.paristouristinformation.fr\/fr\/hotel\/5-etoiles\/#more-5610\">&#8230;<\/a><\/p>\n<p><a href=\"https:\/\/www.paristouristinformation.fr\/fr\/hotel\/5-etoiles\/\"><span style=\"\"><span style=\"\">Lire la suite<\/span><\/span><\/a><a href=\"https:\/\/www.paristouristinformation.fr\/fr\/hotel\/3-etoiles\/\" dynamic-postlink=\"tcb_post_the_permalink\" data-shortcode-id=\"5610\"><\/a><\/p>\n<h3 style=\"text-align: center; padding-top: 0px !important; margin-top: 0px !important;\"><span data-attr-link=\"1\" data-attr-rel=\"0\" data-attr-target=\"0\" data-extra_key=\"\" data-option-inline=\"1\" data-shortcode=\"tcb_post_title\" data-shortcode-name=\"Post title\" data-attr-css=\"\" data-attr-static-link=\"{&quot;className&quot;:&quot;tve-froala fr-basic&quot;,&quot;href&quot;:&quot;https:\/\/www.paristouristinformation.fr\/fr\/hotel\/4-etoiles\/&quot;,&quot;title&quot;:&quot;Les 25 meilleurs h\u00f4tels 4 \u00e9toiles de Paris&quot;,&quot;class&quot;:&quot;tve-froala fr-basic&quot;}\"><a href=\"https:\/\/www.paristouristinformation.fr\/fr\/hotel\/3-etoiles\/\" title=\"25 h\u00f4tels 3 \u00e9toiles pas chers \u00e0 Paris\" data-css=\"\">25 h\u00f4tels 3 \u00e9toiles pas chers \u00e0 Paris<\/a><\/span><\/h3>\n<p>Sur cette page, vous trouverez les meilleurs h\u00f4tels <a href=\"https:\/\/www.paristouristinformation.fr\/fr\/hotel\/3-etoiles\/#more-5469\">&#8230;<\/a><\/p>\n<p><a href=\"https:\/\/www.paristouristinformation.fr\/fr\/hotel\/3-etoiles\/\"><span style=\"\"><span style=\"\">Lire la suite<\/span><\/span><\/a><a href=\"javascript:void(0)\"><span style=\"\"><span style=\"\">Load More<\/span><\/span><\/a><\/p>\n<p style=\"text-align: center;\">H\u00f4tels pour Disneyland<\/p>\n<p style=\"text-align: center;\">Les meilleures stations \u00e0 r\u00e9server avec nous<\/p>\n<p><a href=\"https:\/\/www.paristouristinformation.fr\/fr\/hotel\/disneyland\/\" dynamic-postlink=\"tcb_post_the_permalink\" data-shortcode-id=\"4999\"><\/a><\/p>\n<h3 style=\"text-align: center; padding-top: 0px !important; margin-top: 0px !important;\"><span data-attr-link=\"1\" data-attr-rel=\"0\" data-attr-target=\"0\" data-extra_key=\"\" data-option-inline=\"1\" data-shortcode=\"tcb_post_title\" data-shortcode-name=\"Post title\" data-attr-css=\"\" data-attr-static-link=\"{&quot;className&quot;:&quot;tve-froala fr-basic&quot;,&quot;href&quot;:&quot;https:\/\/www.paristouristinformation.fr\/fr\/hotel\/disneyland\/&quot;,&quot;title&quot;:&quot;15 meilleurs h\u00f4tels Disneyland \u00e0 Paris&quot;,&quot;class&quot;:&quot;tve-froala fr-basic&quot;}\"><a href=\"https:\/\/www.paristouristinformation.fr\/fr\/hotel\/disneyland\/\" title=\"15 meilleurs h\u00f4tels Disneyland \u00e0 Paris\" data-css=\"\">15 meilleurs h\u00f4tels Disneyland \u00e0 Paris<\/a><\/span><\/h3>\n<p>Vous allez recevoir des conseils d&rsquo;h\u00e9bergement concernant l&rsquo;attraction <a href=\"https:\/\/www.paristouristinformation.fr\/fr\/hotel\/disneyland\/#more-4999\">&#8230;<\/a><\/p>\n<p><a href=\"https:\/\/www.paristouristinformation.fr\/fr\/hotel\/disneyland\/\"><span style=\"\"><span style=\"\">Lire la suite<\/span><\/span><\/a><a href=\"javascript:void(0)\"><span style=\"\"><span style=\"\">Load More<\/span><\/span><\/a><\/p>\n<h2 style=\"text-align: center;\">Obtenez un devis gratuit pour les meilleurs h\u00f4tels de Paris<\/h2>\n<p style=\"text-align: center;\">Nous serons heureux de parler de vos attentes. Obtenez un devis de diff\u00e9rents h\u00f4tels de Paris selon vos besoins en 24 heures.<\/p>\n<p style=\"text-align: center;\">H\u00f4tels dans le centre de Paris<\/p>\n<p style=\"text-align: center;\">Quartiers pour une visite de la ville ?<\/p>\n<p><a href=\"https:\/\/www.paristouristinformation.fr\/fr\/choses-a-faire\/quartiers\/quartier-latin\/\" dynamic-postlink=\"tcb_post_the_permalink\" data-shortcode-id=\"1633\"><\/a><\/p>\n<h3 style=\"text-align: center; padding-top: 0px !important; margin-top: 0px !important;\"><span data-attr-link=\"1\" data-attr-rel=\"0\" data-attr-target=\"0\" data-extra_key=\"\" data-option-inline=\"1\" data-shortcode=\"tcb_post_title\" data-shortcode-name=\"Post title\" data-attr-css=\"\" data-attr-static-link=\"{&quot;className&quot;:&quot;tve-froala fr-basic&quot;,&quot;href&quot;:&quot;https:\/\/www.paristouristinformation.fr\/fr\/choses-a-faire\/quartiers\/quartier-latin\/&quot;,&quot;title&quot;:&quot;Quartier Latin \u00e0 Paris : Meilleures Choses \u00e0 Faire&quot;,&quot;class&quot;:&quot;tve-froala fr-basic&quot;}\"><a href=\"https:\/\/www.paristouristinformation.fr\/fr\/choses-a-faire\/quartiers\/quartier-latin\/\" title=\"Quartier Latin \u00e0 Paris : Meilleures Choses \u00e0 Faire\" data-css=\"\">Quartier Latin \u00e0 Paris : Meilleures Choses \u00e0 Faire<\/a><\/span><\/h3>\n<p><a href=\"https:\/\/www.paristouristinformation.fr\/fr\/choses-a-faire\/quartiers\/montmartre\/\" dynamic-postlink=\"tcb_post_the_permalink\" data-shortcode-id=\"1633\"><\/a><\/p>\n<h3 style=\"text-align: center; padding-top: 0px !important; margin-top: 0px !important;\"><span data-attr-link=\"1\" data-attr-rel=\"0\" data-attr-target=\"0\" data-extra_key=\"\" data-option-inline=\"1\" data-shortcode=\"tcb_post_title\" data-shortcode-name=\"Post title\" data-attr-css=\"\" data-attr-static-link=\"{&quot;className&quot;:&quot;tve-froala fr-basic&quot;,&quot;href&quot;:&quot;https:\/\/www.paristouristinformation.fr\/fr\/choses-a-faire\/quartiers\/quartier-latin\/&quot;,&quot;title&quot;:&quot;Quartier Latin \u00e0 Paris : Meilleures Choses \u00e0 Faire&quot;,&quot;class&quot;:&quot;tve-froala fr-basic&quot;}\"><a href=\"https:\/\/www.paristouristinformation.fr\/fr\/choses-a-faire\/quartiers\/montmartre\/\" title=\"Quartier Montmartre \u00e0 Paris : Meilleures Choses \u00e0 Faire\" data-css=\"\">Quartier Montmartre \u00e0 Paris : Meilleures Choses \u00e0 Faire<\/a><\/span><\/h3>\n<p><a href=\"https:\/\/www.paristouristinformation.fr\/fr\/choses-a-faire\/quartiers\/\" dynamic-postlink=\"tcb_post_the_permalink\" data-shortcode-id=\"1633\"><\/a><\/p>\n<h3 style=\"text-align: center; padding-top: 0px !important; margin-top: 0px !important;\"><span data-attr-link=\"1\" data-attr-rel=\"0\" data-attr-target=\"0\" data-extra_key=\"\" data-option-inline=\"1\" data-shortcode=\"tcb_post_title\" data-shortcode-name=\"Post title\" data-attr-css=\"\" data-attr-static-link=\"{&quot;className&quot;:&quot;tve-froala fr-basic&quot;,&quot;href&quot;:&quot;https:\/\/www.paristouristinformation.fr\/fr\/choses-a-faire\/quartiers\/quartier-latin\/&quot;,&quot;title&quot;:&quot;Quartier Latin \u00e0 Paris : Meilleures Choses \u00e0 Faire&quot;,&quot;class&quot;:&quot;tve-froala fr-basic&quot;}\"><a href=\"https:\/\/www.paristouristinformation.fr\/fr\/choses-a-faire\/quartiers\/\" title=\"Quartiers Parisiens : Guide des 20 Arrondissements\" data-css=\"\">Quartiers Parisiens : Guide des 20 Arrondissements<\/a><\/span><\/h3>\n<p><a href=\"https:\/\/www.paristouristinformation.fr\/fr\/choses-a-faire\/quartiers\/ile-de-la-cite\/\" dynamic-postlink=\"tcb_post_the_permalink\" data-shortcode-id=\"1633\"><\/a><\/p>\n<h3 style=\"text-align: center; padding-top: 0px !important; margin-top: 0px !important;\"><span data-attr-link=\"1\" data-attr-rel=\"0\" data-attr-target=\"0\" data-extra_key=\"\" data-option-inline=\"1\" data-shortcode=\"tcb_post_title\" data-shortcode-name=\"Post title\" data-attr-css=\"\" data-attr-static-link=\"{&quot;className&quot;:&quot;tve-froala fr-basic&quot;,&quot;href&quot;:&quot;https:\/\/www.paristouristinformation.fr\/fr\/choses-a-faire\/quartiers\/quartier-latin\/&quot;,&quot;title&quot;:&quot;Quartier Latin \u00e0 Paris : Meilleures Choses \u00e0 Faire&quot;,&quot;class&quot;:&quot;tve-froala fr-basic&quot;}\"><a href=\"https:\/\/www.paristouristinformation.fr\/fr\/choses-a-faire\/quartiers\/ile-de-la-cite\/\" title=\"Quartier de l\u2019\u00cele de la Cit\u00e9 \u00e0 Paris : Meilleures Choses \u00e0 Faire\" data-css=\"\">Quartier de l\u2019\u00cele de la Cit\u00e9 \u00e0 Paris : Meilleures Choses \u00e0 Faire<\/a><\/span><\/h3>\n<p><a href=\"https:\/\/www.paristouristinformation.fr\/fr\/organisez-votre-voyage-a-paris\/ou-sejourner-a-paris\/\" dynamic-postlink=\"tcb_post_the_permalink\" data-shortcode-id=\"1633\"><\/a><\/p>\n<h3 style=\"text-align: center; padding-top: 0px !important; margin-top: 0px !important;\"><span data-attr-link=\"1\" data-attr-rel=\"0\" data-attr-target=\"0\" data-extra_key=\"\" data-option-inline=\"1\" data-shortcode=\"tcb_post_title\" data-shortcode-name=\"Post title\" data-attr-css=\"\" data-attr-static-link=\"{&quot;className&quot;:&quot;tve-froala fr-basic&quot;,&quot;href&quot;:&quot;https:\/\/www.paristouristinformation.fr\/fr\/choses-a-faire\/quartiers\/quartier-latin\/&quot;,&quot;title&quot;:&quot;Quartier Latin \u00e0 Paris : Meilleures Choses \u00e0 Faire&quot;,&quot;class&quot;:&quot;tve-froala fr-basic&quot;}\"><a href=\"https:\/\/www.paristouristinformation.fr\/fr\/organisez-votre-voyage-a-paris\/ou-sejourner-a-paris\/\" title=\"O\u00f9 s\u00e9journer \u00e0 Paris et \u00e0 quoi s\u2019attendre ? Quartiers + Conseils\" data-css=\"\">O\u00f9 s\u00e9journer \u00e0 Paris et \u00e0 quoi s\u2019attendre ? Quartiers + Conseils<\/a><\/span><\/h3>\n<p><a href=\"https:\/\/www.paristouristinformation.fr\/fr\/choses-a-faire\/quartiers\/le-marais\/\" dynamic-postlink=\"tcb_post_the_permalink\" data-shortcode-id=\"1633\"><\/a><\/p>\n<h3 style=\"text-align: center; padding-top: 0px !important; margin-top: 0px !important;\"><span data-attr-link=\"1\" data-attr-rel=\"0\" data-attr-target=\"0\" data-extra_key=\"\" data-option-inline=\"1\" data-shortcode=\"tcb_post_title\" data-shortcode-name=\"Post title\" data-attr-css=\"\" data-attr-static-link=\"{&quot;className&quot;:&quot;tve-froala fr-basic&quot;,&quot;href&quot;:&quot;https:\/\/www.paristouristinformation.fr\/fr\/choses-a-faire\/quartiers\/quartier-latin\/&quot;,&quot;title&quot;:&quot;Quartier Latin \u00e0 Paris : Meilleures Choses \u00e0 Faire&quot;,&quot;class&quot;:&quot;tve-froala fr-basic&quot;}\"><a href=\"https:\/\/www.paristouristinformation.fr\/fr\/choses-a-faire\/quartiers\/le-marais\/\" title=\"Quartier du Marais \u00e0 Paris : Meilleures Choses \u00e0 Faire\" data-css=\"\">Quartier du Marais \u00e0 Paris : Meilleures Choses \u00e0 Faire<\/a><\/span><\/h3>\n<p><a href=\"javascript:void(0)\"><span style=\"\"><span style=\"\">Load More<\/span><\/span><\/a><\/p>\n<h3 style=\"\" id=\"t-1601911056464\">YourMobileGuide de Paris<\/h3>\n<p>T\u00e9l\u00e9chargez votre application mobile et \u00e9coutez les derniers guides des meilleurs quartiers de Paris. Il est temps de d\u00e9couvrir v\u00e9ritablement le c\u0153ur de Paris !<\/p>\n<h2 style=\"text-align: center;\">Parlez maintenant avec un agent de voyage<\/h2>\n<ul>\n<li style=\"\"><span style=\"\"><span><strong>Sur mesure : <\/strong>Planification de voyage sur mesure pour vos vacances id\u00e9ales en France !<\/span><\/span><\/li>\n<li><span><span><strong>Privil\u00e8ges en France : <\/strong>Transferts VIP gratuits pour les personnes voyageant \u00e0 forfait \u00e0 partir d&rsquo;un montant de r\u00e9servation de 350 \u20ac, avantages dans certains centres de vill\u00e9giature et sites \u00e0 Paris.<\/span><\/span><\/li>\n<li><span><span><strong>Avec une assistance WhatsApp 24\/7 : <\/strong>Nous sommes l\u00e0 pour nos voyageurs \u00e0 forfait 24 heures sur 24, 7 jours sur 7, tous les jours de l&rsquo;ann\u00e9e.<\/span><\/span><\/li>\n<\/ul>\n<h2 style=\"\">Service de r\u00e9servation<\/h2>\n<p>R\u00e9servez des h\u00f4tels avec l&rsquo;Office du Tourisme de Paris en ligne ou via le formulaire de contact.<\/p>\n","protected":false},"excerpt":{"rendered":"<p>O\u00f9 puis-je dormir \u00e0 Paris ? Contactez nous et obtenez le meilleur prix pour un s\u00e9jour en h\u00f4tel au coeur de Paris. Service de r\u00e9servation fiable et assistance 24\/7. R\u00e9servation de groupe Nous pouvons vous obtenir le meilleur prix pour une r\u00e9servation de groupe dans un h\u00f4tel confortable au centre de Paris. Offres pour les [&hellip;]<\/p>\n","protected":false},"author":11,"featured_media":9710,"parent":0,"menu_order":0,"comment_status":"closed","ping_status":"closed","template":"","meta":{"footnotes":""},"tags":[],"class_list":["post-3563","page","type-page","status-publish","has-post-thumbnail","hentry","post-wrapper","thrv_wrapper"],"_links":{"self":[{"href":"https:\/\/www.paristouristinformation.fr\/fr\/wp-json\/wp\/v2\/pages\/3563","targetHints":{"allow":["GET"]}}],"collection":[{"href":"https:\/\/www.paristouristinformation.fr\/fr\/wp-json\/wp\/v2\/pages"}],"about":[{"href":"https:\/\/www.paristouristinformation.fr\/fr\/wp-json\/wp\/v2\/types\/page"}],"author":[{"embeddable":true,"href":"https:\/\/www.paristouristinformation.fr\/fr\/wp-json\/wp\/v2\/users\/11"}],"replies":[{"embeddable":true,"href":"https:\/\/www.paristouristinformation.fr\/fr\/wp-json\/wp\/v2\/comments?post=3563"}],"version-history":[{"count":0,"href":"https:\/\/www.paristouristinformation.fr\/fr\/wp-json\/wp\/v2\/pages\/3563\/revisions"}],"wp:featuredmedia":[{"embeddable":true,"href":"https:\/\/www.paristouristinformation.fr\/fr\/wp-json\/wp\/v2\/media\/9710"}],"wp:attachment":[{"href":"https:\/\/www.paristouristinformation.fr\/fr\/wp-json\/wp\/v2\/media?parent=3563"}],"wp:term":[{"taxonomy":"post_tag","embeddable":true,"href":"https:\/\/www.paristouristinformation.fr\/fr\/wp-json\/wp\/v2\/tags?post=3563"}],"curies":[{"name":"wp","href":"https:\/\/api.w.org\/{rel}","templated":true}]}}