{"id":3753,"date":"2020-12-05T07:53:09","date_gmt":"2020-12-05T07:53:09","guid":{"rendered":"http:\/\/paristouristinformation.fr\/fr\/?page_id=3753"},"modified":"2023-05-16T07:01:08","modified_gmt":"2023-05-16T07:01:08","slug":"rodin","status":"publish","type":"page","link":"https:\/\/www.paristouristinformation.fr\/fr\/choses-a-faire\/musees\/rodin\/","title":{"rendered":"Guide du mus\u00e9e Rodin \u00e0 Paris : Billets &#038; Conseils"},"content":{"rendered":"<p>Le mus\u00e9e Rodin poss\u00e8de une <strong>\u00e9norme collection de sculptures, de dessins et de photographies.<\/strong> Pr\u00e8s de 300 \u0153uvres de Rodin sont expos\u00e9es dans le mus\u00e9e. Il y a \u00e9galement des \u0153uvres de quelques autres artistes.Le b\u00e2timent o\u00f9 se trouve le mus\u00e9e Rodin n&rsquo;est p<strong>as seulement un h\u00f4tel particulier refl\u00e9tant l&rsquo;architecture du d\u00e9but du 18\u00e8me si\u00e8cle,<\/strong> mais c&rsquo;est aussi un site du patrimoine fran\u00e7ais, vestige de l&rsquo;Ancien R\u00e9gime. Auguste Rodin avait l&rsquo;habitude de louer les pi\u00e8ces du rez-de-chauss\u00e9e de ce b\u00e2timent pour les utiliser comme atelier et r\u00e9sidence. D\u00e9couvrons ce que ce pr\u00e9cieux mus\u00e9e typique de Paris a \u00e0 offrir aux visiteurs. Trouvez ci-dessous toutes les informations importantes sur le Mus\u00e9e Rodin.<\/p>\n<h2 id=\"t-1612277413546\" data-alt-text=\"What can I do at Rodin Museum ?\" style=\"\">Que puis-je faire au mus\u00e9e Rodin \u00e0 Paris ?<\/h2>\n<p><span><img decoding=\"async\" alt=\"\" data-id=\"765\" width=\"736\" data-init-width=\"1000\" height=\"491\" data-init-height=\"667\" title=\"Rodin Museum in Paris in France\" src=\"http:\/\/paristouristinformation.fr\/fr\/wp-content\/uploads\/2020\/06\/Rodin-Museum-in-Paris-in-France.jpg\" data-width=\"736\" data-height=\"491\" data-pinpro-key=\"5eblx2x0z\" loading=\"lazy\"><\/span><\/p>\n<p>Les \u0153uvres de Rodin ont \u00e9t\u00e9 pionni\u00e8res en son temps avec un style r\u00e9aliste, qui a grandement influenc\u00e9 la sculpture moderne. Voici les points forts du lieu :<\/p>\n<h3><strong data-rich-text-format-boundary=\"true\">Jardin d&rsquo;Orph\u00e9e &amp; Jardin des Sources<\/strong><\/h3>\n<p>Les magnifiques jardins du mus\u00e9e sont parfaits pour trouver la paix. Vous pourrez y voir les c\u00e9l\u00e8bres sculptures de Rodin telles que \u00ab\u00a0Le Penseur\u00a0\u00bb, \u00ab\u00a0La Porte de l&rsquo;Enfer\u00a0\u00bb et \u00ab\u00a0Les Bourgeois de Calais\u00a0\u00bb.<\/p>\n<h3 style=\"\"><strong data-rich-text-format-boundary=\"true\">Le Penseur<\/strong><\/h3>\n<p><span><img decoding=\"async\" alt=\"The Thinker in Paris in France\" data-id=\"6680\" width=\"680\" data-init-width=\"1000\" height=\"454\" data-init-height=\"667\" title=\"The Thinker in Paris in France\" src=\"http:\/\/paristouristinformation.fr\/fr\/wp-content\/uploads\/2021\/01\/The-Thinker-in-Paris-in-France.jpg\" data-width=\"680\" data-height=\"454\" data-pinpro-key=\"htae5ev71\" loading=\"lazy\"><\/span><\/p>\n<p>Rodin a choisi cette \u0153uvre comme pierre tombale. La figure de bronze assise semble profond\u00e9ment concentr\u00e9e dans ses pens\u00e9es, repr\u00e9sentant Dante, l&rsquo;auteur de la Divine Com\u00e9die.&nbsp;<\/p>\n<h3><strong data-rich-text-format-boundary=\"true\">La Porte de l&rsquo;Enfer<\/strong><\/h3>\n<p>On dit que pour cr\u00e9er cette \u0153uvre, Rodin s&rsquo;est inspir\u00e9 de deux sources litt\u00e9raires : la Divine Com\u00e9die de Dante Alighieri et Les Fleurs du mal de Charles Baudelaire. Cette \u0153uvre compte 180 figures.<\/p>\n<h3><strong data-rich-text-format-boundary=\"true\">Portrait du P\u00e8re Tanguy (Vincent Van Gogh)<\/strong><\/h3>\n<p>Il a \u00e9t\u00e9 peint par Vincent Van Gogh en 1887. Il a r\u00e9alis\u00e9 trois portraits de Julien Tanguy. Ce portrait au mus\u00e9e Rodin est le dernier de la s\u00e9rie et le plus avanc\u00e9 dans la technique. Van Gogh a \u00e9t\u00e9 influenc\u00e9 par le mouvement japonais Ukiyo-e. Dans ce tableau, on peut voir \u00e0 l&rsquo;arri\u00e8re-plan un dessin Ukiyo-e.<\/p>\n<h3><strong data-rich-text-format-boundary=\"true\">Chambre Camille Claudel<\/strong><\/h3>\n<p>Rodin et Camille Claudel ont eu une relation passionn\u00e9e et orageuse qui a influenc\u00e9 leur art. Claudel \u00e9tait \u00e9galement un sculpteur de talent et un \u00e9l\u00e8ve de Rodin. Vous pouvez voir certaines de ses \u0153uvres dans la salle Camille Claudel.<\/p>\n<h2 id=\"t-1612277413547\" data-alt-text=\"Entrance, Tickets and Tours\" style=\"\">Entr\u00e9es, billets et visites&nbsp;<\/h2>\n<p><span><img decoding=\"async\" alt=\"Rodin Museum- The Thinker in Paris in France\" data-id=\"4122\" width=\"680\" data-init-width=\"1000\" height=\"454\" data-init-height=\"667\" title=\"Rodin Museum- The Thinker in Paris in France\" src=\"http:\/\/paristouristinformation.fr\/fr\/wp-content\/uploads\/2020\/12\/the-thinker-rodin.jpg\" data-width=\"680\" data-height=\"454\" data-pinpro-key=\"lmak05q7x\" loading=\"lazy\"><\/span><\/p>\n<ul>\n<li style=\"\"><span style=\"\"><strong>Billets : <\/strong>Ce billet est valable pour la collection permanente, les expositions temporaires et le jardin des sculptures.<\/span><\/li>\n<li><span>Achetez vos <a href=\"https:\/\/www.tiqets.com\/en\/paris-attractions-c66746\/tickets-for-musee-rodin-skip-the-line-p978005\/?partner=checkfortrip\" target=\"_blank\" style=\"outline: none;\" rel=\"noopener nofollow\">billets en ligne pour le mus\u00e9e Rodin <\/a>et \u00e9vitez la queue.<\/span><\/li>\n<li><span style=\"\"><strong>Visites guid\u00e9es <\/strong>: Les visites sont limit\u00e9es \u00e0 8 participants. Il est possible d&rsquo;apprendre les d\u00e9tails de certaines \u0153uvres de Rodin gr\u00e2ce \u00e0 un guide professionnel. Vous pouvez obtenir des informations sur le site officiel du mus\u00e9e.<\/span><\/li>\n<\/ul>\n<ul>\n<li><span style=\"\">Pour gagner du temps, de l&rsquo;argent et \u00e9viter les tracas, vous pouvez pr\u00e9parer votre voyage en achetant le <a href=\"https:\/\/paristouristinformation.fr\/fr\/visites-guidees-et-billets\/\">Paris Museum Pass.<\/a> Il donne acc\u00e8s \u00e0 <span style=\"text-decoration: underline;\">plus de 50 mus\u00e9es parisiens. <\/span>A ne pas manquer !<\/span><\/li>\n<\/ul>\n<h2 id=\"t-1612277413548\" data-alt-text=\"How to get there ?\" style=\"\">Comment se rendre au mus\u00e9e Rodin<\/h2>\n<p><strong>M\u00e9tro : <\/strong>La station la plus proche est \u00ab\u00a0Varenne\u00a0\u00bb sur la ligne 13 du m\u00e9tro. En sortant de la station, les sculptures de Rodin vous accueillent.<\/p>\n<h2 id=\"t-1627475006144\" style=\"\">FAQ (Foire aux questions)<\/h2>\n<h2 id=\"t-1612277413549\" data-alt-text=\"History of the Rodin Museum\" style=\"\">Histoire du mus\u00e9e Rodin \u00e0 Paris<\/h2>\n<p style=\"\">Auguste R\u00e8ne Rodin est consid\u00e9r\u00e9 comme <strong>l&rsquo;anc\u00eatre de la sculpture moderne<\/strong>. Il a cr\u00e9\u00e9 certaines des sculptures les plus connues de l&rsquo;histoire, comme Le Penseur, Le Baiser et La Porte de l&rsquo;enfer.Le b\u00e2timent du mus\u00e9e s&rsquo;appelait l&rsquo;h\u00f4tel Biron, o\u00f9 Rodin a <strong>r\u00e9sid\u00e9 de 1908 \u00e0 sa mort en 1917.<\/strong> Dans les ann\u00e9es 1900, de nombreux artistes de renom y ont r\u00e9sid\u00e9, notamment Henri Matisse, Jean Cocteau et Isadora Duncan.L&rsquo;artiste \u00e9tait tr\u00e8s int\u00e9ress\u00e9 par la collection d&rsquo;art. Un an avant sa mort, <strong>il a fait don de toute sa collection de sculptures<\/strong> et de nombreux tableaux importants de Van Gogh, Claude Mon\u00e9t et R\u00e9noir \u00e0 l&rsquo;\u00c9tat fran\u00e7ais afin de cr\u00e9er un mus\u00e9e. Il sert de mus\u00e9e depuis 1919.<\/p>\n<div class=\"tcb-post-list tve-content-list thrv_wrapper\" data-type=\"grid\" data-pagination-type=\"none\" data-pages_near_current=\"2\" data-css=\"tve-u-17720a6ec0c\" data-total_post_count=\"3\" data-total_sticky_count=\"0\" data-no_posts_text=\"There are no posts to display.\"><article id=\"post-3461\" class=\"post-3461 page type-page status-publish has-post-thumbnail hentry post-wrapper thrv_wrapper thrive-animated-item \" tcb_hover_state_parent=\"\" shortcode=\"tcb_post_list\" data-id=\"3461\" data-selector=\".post-wrapper\"><style class=\"tcb-post-list-dynamic-style\" type=\"text\/css\"><\/style><\/p>\n<h3 style=\"\"><span data-attr-link=\"1\" data-attr-rel=\"0\" data-attr-target=\"0\" data-extra_key=\"\" data-option-inline=\"1\" data-shortcode=\"tcb_post_title\" data-shortcode-name=\"Post title\" data-attr-css=\"\" style=\"\" data-attr-static-link=\"{&quot;className&quot;:&quot;tve-froala fr-basic&quot;,&quot;href&quot;:&quot;https:\/\/www.paristouristinformation.fr\/fr\/choses-a-faire\/musees\/du-quai-branly\/&quot;,&quot;title&quot;:&quot;Guide du mus\u00e9e du Quai Branly \u00e0 Paris&quot;,&quot;class&quot;:&quot;tve-froala fr-basic&quot;}\"><a href=\"https:\/\/www.paristouristinformation.fr\/fr\/choses-a-faire\/musees\/du-quai-branly\/\" title=\"Guide du mus\u00e9e du Quai Branly \u00e0 Paris\" data-css=\"\" class=\"tve-froala fr-basic\">Guide du mus\u00e9e du Quai Branly \u00e0 Paris<\/a><\/span><\/h3>\n<p><\/article><article id=\"post-3917\" class=\"post-3917 page type-page status-publish has-post-thumbnail hentry post-wrapper thrv_wrapper thrive-animated-item \" tcb_hover_state_parent=\"\" shortcode=\"tcb_post_list\" data-id=\"3917\" data-selector=\".post-wrapper\"><style class=\"tcb-post-list-dynamic-style\" type=\"text\/css\"><\/style><\/p>\n<h3 style=\"\"><span data-attr-link=\"1\" data-attr-rel=\"0\" data-attr-target=\"0\" data-extra_key=\"\" data-option-inline=\"1\" data-shortcode=\"tcb_post_title\" data-shortcode-name=\"Post title\" data-attr-css=\"\" style=\"\" data-attr-static-link=\"{&quot;className&quot;:&quot;tve-froala fr-basic&quot;,&quot;href&quot;:&quot;https:\/\/www.paristouristinformation.fr\/fr\/choses-a-faire\/musees\/du-quai-branly\/&quot;,&quot;title&quot;:&quot;Guide du mus\u00e9e du Quai Branly \u00e0 Paris&quot;,&quot;class&quot;:&quot;tve-froala fr-basic&quot;}\"><a href=\"https:\/\/www.paristouristinformation.fr\/fr\/choses-a-faire\/tour-eiffel\/\" title=\"Pr\u00e9parez votre visite de la Tour Eiffel : Billets, visites et conseils\" data-css=\"\" class=\"tve-froala fr-basic\">Pr\u00e9parez votre visite de la Tour Eiffel : Billets, visites et conseils<\/a><\/span><\/h3>\n<p><\/article><article id=\"post-3690\" class=\"post-3690 page type-page status-publish has-post-thumbnail hentry post-wrapper thrv_wrapper thrive-animated-item \" tcb_hover_state_parent=\"\" shortcode=\"tcb_post_list\" data-id=\"3690\" data-selector=\".post-wrapper\"><style class=\"tcb-post-list-dynamic-style\" type=\"text\/css\"><\/style><\/p>\n<h3 style=\"\"><span data-attr-link=\"1\" data-attr-rel=\"0\" data-attr-target=\"0\" data-extra_key=\"\" data-option-inline=\"1\" data-shortcode=\"tcb_post_title\" data-shortcode-name=\"Post title\" data-attr-css=\"\" style=\"\" data-attr-static-link=\"{&quot;className&quot;:&quot;tve-froala fr-basic&quot;,&quot;href&quot;:&quot;https:\/\/www.paristouristinformation.fr\/fr\/choses-a-faire\/musees\/du-quai-branly\/&quot;,&quot;title&quot;:&quot;Guide du mus\u00e9e du Quai Branly \u00e0 Paris&quot;,&quot;class&quot;:&quot;tve-froala fr-basic&quot;}\"><a href=\"https:\/\/www.paristouristinformation.fr\/fr\/choses-a-faire\/eglise\/sacre-coeur-basilica\/\" title=\"Guide de la basilique du Sacr\u00e9-C\u0153ur \u00e0 Paris : Faut-il un billet ?\" data-css=\"\" class=\"tve-froala fr-basic\">Guide de la basilique du Sacr\u00e9-C\u0153ur \u00e0 Paris : Faut-il un billet ?<\/a><\/span><\/h3>\n<p><\/article><\/div>\n<h2 id=\"t-1612277413550\" data-alt-text=\"Contact\" style=\"\">Contact<\/h2>\n<ul>\n<li><span style=\"\"><strong>Adresse :&nbsp;<\/strong>79 Rue de Varenne, 75007 Paris<\/span><\/li>\n<li><span style=\"\"><strong>Heures d&rsquo;ouverture :&nbsp;<\/strong><a data-id=\"http:\/\/www.musee-rodin.fr\/en\/musee-rodin\" data-rich-text-format-boundary=\"true\" data-type=\"URL\" href=\"http:\/\/www.musee-rodin.fr\/en\/musee-rodin\" style=\"outline: none;\" rel=\"nofollow noopener\" target=\"_blank\">&nbsp;www.musee-rodin.fr\/en<\/a><\/span><\/li>\n<li><span style=\"\"><strong>Transports en commun : <\/strong>\u00ab\u00a0Varenne\u00a0\u00bb sur la ligne 13 du m\u00e9tro.<\/span><\/li>\n<li style=\"\"><span style=\"\"><strong>Site web :&nbsp;<\/strong><a data-id=\"http:\/\/www.musee-rodin.fr\/en\/musee-rodin\" data-rich-text-format-boundary=\"true\" data-type=\"URL\" href=\"http:\/\/www.musee-rodin.fr\/en\/musee-rodin\" style=\"outline: none;\" rel=\"nofollow noopener\" target=\"_blank\">www.musee-rodin.fr\/en<\/a><\/span><\/li>\n<\/ul>\n<ul>\n<li><span style=\"\">Vous pr\u00e9parez votre voyage \u00e0 Paris ? Nous vous avons pr\u00e9par\u00e9 une <a href=\"https:\/\/paristouristinformation.fr\/fr\/choses-a-faire\/musees\/\">liste des 30 meilleurs mus\u00e9es \u00e0 visiter \u00e0 Paris.<\/a><\/span><\/li>\n<\/ul>\n<p>__CONFIG_colors_palette__{\u00ab\u00a0active_palette\u00a0\u00bb:0,\u00a0\u00bbconfig\u00a0\u00bb:{\u00ab\u00a0colors\u00a0\u00bb:{\u00ab\u00a050ce5\u00a0\u00bb:{\u00ab\u00a0name\u00a0\u00bb:\u00a0\u00bbMain Accent\u00a0\u00bb,\u00a0\u00bbparent\u00a0\u00bb:-1}},\u00a0\u00bbgradients\u00a0\u00bb:[]},\u00a0\u00bbpalettes\u00a0\u00bb:[{\u00ab\u00a0name\u00a0\u00bb:\u00a0\u00bbDefault Palette\u00a0\u00bb,\u00a0\u00bbvalue\u00a0\u00bb:{\u00ab\u00a0colors\u00a0\u00bb:{\u00ab\u00a050ce5\u00a0\u00bb:{\u00ab\u00a0val\u00a0\u00bb:\u00a0\u00bbvar(&#8211;tcb-skin-color-0)\u00a0\u00bb}},\u00a0\u00bbgradients\u00a0\u00bb:[]},\u00a0\u00bboriginal\u00a0\u00bb:{\u00ab\u00a0colors\u00a0\u00bb:{\u00ab\u00a050ce5\u00a0\u00bb:{\u00ab\u00a0val\u00a0\u00bb:\u00a0\u00bbrgb(19, 114, 211)\u00a0\u00bb,\u00a0\u00bbhsl\u00a0\u00bb:{\u00ab\u00a0h\u00a0\u00bb:210,\u00a0\u00bbs\u00a0\u00bb:0.83,\u00a0\u00bbl\u00a0\u00bb:0.45,\u00a0\u00bba\u00a0\u00bb:1}}},\u00a0\u00bbgradients\u00a0\u00bb:[]}}]}__CONFIG_colors_palette__ <a href=\"https:\/\/paristouristinformation.fr\/fr\/choses-a-faire\/musees\/\"> <span><span>Autres mus\u00e9es \u00e0 visiter \u00e0 Paris<\/span><\/span> <\/a><\/p>\n<h2 style=\"\">Articles connexes :<\/h2>\n<div class=\"tcb-post-list tve-content-list thrv_wrapper\" data-type=\"grid\" data-pagination-type=\"none\" data-pages_near_current=\"2\" data-css=\"tve-u-17de12ec9fc\" data-total_post_count=\"4\" data-total_sticky_count=\"0\" data-no_posts_text=\"There are no posts to display.\"><article id=\"post-68\" class=\"post-68 page type-page status-publish has-post-thumbnail hentry post-wrapper thrv_wrapper thrive-animated-item  tve_evt_manager_listen tve_ea_thrive_animation tve_et_mouseover tve_anim_grow\" tcb_hover_state_parent=\"\" class=\"tve_evt_manager_listen tve_ea_thrive_animation tve_et_mouseover tve_anim_grow\" data-id=\"68\" data-selector=\".post-wrapper\"><style class=\"tcb-post-list-dynamic-style\" type=\"text\/css\">@media (min-width: 300px){[].tcb-post-list #post-68 []{background-image: url(\u00ab\u00a0https:\/\/www.paristouristinformation.fr\/fr\/wp-content\/uploads\/2021\/02\/Top-30-Best-Museums-to-Visit-in-Paris-1024x538.jpg\u00ab\u00a0) !important;}[].tcb-post-list #post-68 []:hover []{background-image: url(\u00ab\u00a0https:\/\/www.paristouristinformation.fr\/fr\/wp-content\/uploads\/2021\/02\/Top-30-Best-Museums-to-Visit-in-Paris-1024x538.jpg\u00ab\u00a0) !important;}}<\/style><a href=\"https:\/\/www.paristouristinformation.fr\/fr\/choses-a-faire\/musees\/\" dynamic-postlink=\"tcb_post_the_permalink\" data-shortcode-id=\"68\"><\/a><\/p>\n<h3 style=\"text-align: center; padding-top: 0px !important; margin-top: 0px !important;\"><span data-attr-link=\"1\" data-attr-rel=\"0\" data-attr-target=\"0\" data-extra_key=\"\" data-option-inline=\"1\" data-shortcode=\"tcb_post_title\" data-shortcode-name=\"Post title\" data-attr-css=\"\" data-attr-static-link=\"{&quot;className&quot;:&quot;tve-froala fr-basic&quot;,&quot;href&quot;:&quot;https:\/\/www.paristouristinformation.fr\/fr\/choses-a-faire\/musees\/&quot;,&quot;title&quot;:&quot;Les 30 meilleurs mus\u00e9es \u00e0 visiter \u00e0 Paris : Billets, emplacement &amp; Conseils&quot;,&quot;class&quot;:&quot;tve-froala fr-basic&quot;}\" style=\"\"><a href=\"https:\/\/www.paristouristinformation.fr\/fr\/choses-a-faire\/musees\/\" title=\"30 Meilleurs mus\u00e9es \u00e0 visiter \u00e0 Paris : Billets, emplacement &amp; Conseils\" data-css=\"\" class=\"tve-froala fr-basic\">30 Meilleurs mus\u00e9es \u00e0 visiter \u00e0 Paris : Billets, emplacement &amp; Conseils<\/a><\/span><\/h3>\n<p><\/article><article id=\"post-4015\" class=\"post-4015 page type-page status-publish has-post-thumbnail hentry post-wrapper thrv_wrapper thrive-animated-item  tve_evt_manager_listen tve_ea_thrive_animation tve_et_mouseover tve_anim_grow\" tcb_hover_state_parent=\"\" class=\"tve_evt_manager_listen tve_ea_thrive_animation tve_et_mouseover tve_anim_grow\" data-id=\"4015\" data-selector=\".post-wrapper\"><style class=\"tcb-post-list-dynamic-style\" type=\"text\/css\">@media (min-width: 300px){[].tcb-post-list #post-4015 []{background-image: url(\u00ab\u00a0https:\/\/www.paristouristinformation.fr\/fr\/wp-content\/uploads\/2021\/01\/A-Guide-to-the-Orangerie-Museum-in-Paris-in-France-1024x538.jpg\u00ab\u00a0) !important;}[].tcb-post-list #post-4015 []:hover []{background-image: url(\u00ab\u00a0https:\/\/www.paristouristinformation.fr\/fr\/wp-content\/uploads\/2021\/01\/A-Guide-to-the-Orangerie-Museum-in-Paris-in-France-1024x538.jpg\u00ab\u00a0) !important;}}<\/style><a href=\"https:\/\/www.paristouristinformation.fr\/fr\/choses-a-faire\/musees\/orangerie\/\" dynamic-postlink=\"tcb_post_the_permalink\" data-shortcode-id=\"68\"><\/a><\/p>\n<h3 style=\"text-align: center; padding-top: 0px !important; margin-top: 0px !important;\"><span data-attr-link=\"1\" data-attr-rel=\"0\" data-attr-target=\"0\" data-extra_key=\"\" data-option-inline=\"1\" data-shortcode=\"tcb_post_title\" data-shortcode-name=\"Post title\" data-attr-css=\"\" data-attr-static-link=\"{&quot;className&quot;:&quot;tve-froala fr-basic&quot;,&quot;href&quot;:&quot;https:\/\/www.paristouristinformation.fr\/fr\/choses-a-faire\/musees\/&quot;,&quot;title&quot;:&quot;Les 30 meilleurs mus\u00e9es \u00e0 visiter \u00e0 Paris : Billets, emplacement &amp; Conseils&quot;,&quot;class&quot;:&quot;tve-froala fr-basic&quot;}\" style=\"\"><a href=\"https:\/\/www.paristouristinformation.fr\/fr\/choses-a-faire\/musees\/orangerie\/\" title=\"Guide du mus\u00e9e de l\u2019Orangerie \u00e0 Paris : Billets &amp; Expositions\" data-css=\"\" class=\"tve-froala fr-basic\">Guide du mus\u00e9e de l\u2019Orangerie \u00e0 Paris : Billets &amp; Expositions<\/a><\/span><\/h3>\n<p><\/article><article id=\"post-8391\" class=\"post-8391 page type-page status-publish has-post-thumbnail hentry post-wrapper thrv_wrapper thrive-animated-item  tve_evt_manager_listen tve_ea_thrive_animation tve_et_mouseover tve_anim_grow\" tcb_hover_state_parent=\"\" class=\"tve_evt_manager_listen tve_ea_thrive_animation tve_et_mouseover tve_anim_grow\" data-id=\"8391\" data-selector=\".post-wrapper\"><style class=\"tcb-post-list-dynamic-style\" type=\"text\/css\">@media (min-width: 300px){[].tcb-post-list #post-8391 []{background-image: url(\u00ab\u00a0https:\/\/www.paristouristinformation.fr\/fr\/wp-content\/uploads\/2021\/02\/Top-30-Best-Museums-to-Visit-in-Paris-1024x538.jpg\u00ab\u00a0) !important;}[].tcb-post-list #post-8391 []:hover []{background-image: url(\u00ab\u00a0https:\/\/www.paristouristinformation.fr\/fr\/wp-content\/uploads\/2021\/02\/Top-30-Best-Museums-to-Visit-in-Paris-1024x538.jpg\u00ab\u00a0) !important;}}<\/style><a href=\"https:\/\/www.paristouristinformation.fr\/fr\/choses-a-faire\/musees\/musee-d-orsay\/\" dynamic-postlink=\"tcb_post_the_permalink\" data-shortcode-id=\"68\"><\/a><\/p>\n<h3 style=\"text-align: center; padding-top: 0px !important; margin-top: 0px !important;\"><span data-attr-link=\"1\" data-attr-rel=\"0\" data-attr-target=\"0\" data-extra_key=\"\" data-option-inline=\"1\" data-shortcode=\"tcb_post_title\" data-shortcode-name=\"Post title\" data-attr-css=\"\" data-attr-static-link=\"{&quot;className&quot;:&quot;tve-froala fr-basic&quot;,&quot;href&quot;:&quot;https:\/\/www.paristouristinformation.fr\/fr\/choses-a-faire\/musees\/&quot;,&quot;title&quot;:&quot;Les 30 meilleurs mus\u00e9es \u00e0 visiter \u00e0 Paris : Billets, emplacement &amp; Conseils&quot;,&quot;class&quot;:&quot;tve-froala fr-basic&quot;}\" style=\"\"><a href=\"https:\/\/www.paristouristinformation.fr\/fr\/choses-a-faire\/musees\/musee-d-orsay\/\" title=\"Guide du mus\u00e9e d\u2019Orsay \u00e0 Paris : Conseils, histoire et billets\" data-css=\"\" class=\"tve-froala fr-basic\">Guide du mus\u00e9e d\u2019Orsay \u00e0 Paris : Conseils, histoire et billets<\/a><\/span><\/h3>\n<p><\/article><article id=\"post-8641\" class=\"post-8641 page type-page status-publish has-post-thumbnail hentry post-wrapper thrv_wrapper thrive-animated-item  tve_evt_manager_listen tve_ea_thrive_animation tve_et_mouseover tve_anim_grow\" tcb_hover_state_parent=\"\" class=\"tve_evt_manager_listen tve_ea_thrive_animation tve_et_mouseover tve_anim_grow\" data-id=\"8641\" data-selector=\".post-wrapper\"><style class=\"tcb-post-list-dynamic-style\" type=\"text\/css\">@media (min-width: 300px){[].tcb-post-list #post-8641 []{background-image: url(\u00ab\u00a0https:\/\/www.paristouristinformation.fr\/fr\/wp-content\/uploads\/2021\/07\/chateau-des-vincennes-in-Paris-in-France-4-1024x538.jpg\u00ab\u00a0) !important;}[].tcb-post-list #post-8641 []:hover []{background-image: url(\u00ab\u00a0https:\/\/www.paristouristinformation.fr\/fr\/wp-content\/uploads\/2021\/07\/chateau-des-vincennes-in-Paris-in-France-4-1024x538.jpg\u00ab\u00a0) !important;}}<\/style><a href=\"https:\/\/www.paristouristinformation.fr\/fr\/choses-a-faire\/musees\/vincennes\/\" dynamic-postlink=\"tcb_post_the_permalink\" data-shortcode-id=\"68\"><\/a><\/p>\n<h3 style=\"text-align: center; padding-top: 0px !important; margin-top: 0px !important;\"><span data-attr-link=\"1\" data-attr-rel=\"0\" data-attr-target=\"0\" data-extra_key=\"\" data-option-inline=\"1\" data-shortcode=\"tcb_post_title\" data-shortcode-name=\"Post title\" data-attr-css=\"\" data-attr-static-link=\"{&quot;className&quot;:&quot;tve-froala fr-basic&quot;,&quot;href&quot;:&quot;https:\/\/www.paristouristinformation.fr\/fr\/choses-a-faire\/musees\/&quot;,&quot;title&quot;:&quot;Les 30 meilleurs mus\u00e9es \u00e0 visiter \u00e0 Paris : Billets, emplacement &amp; Conseils&quot;,&quot;class&quot;:&quot;tve-froala fr-basic&quot;}\" style=\"\"><a href=\"https:\/\/www.paristouristinformation.fr\/fr\/choses-a-faire\/musees\/vincennes\/\" title=\"Guide du Ch\u00e2teau de Vincennes \u00e0 Paris\" data-css=\"\" class=\"tve-froala fr-basic\">Guide du Ch\u00e2teau de Vincennes \u00e0 Paris<\/a><\/span><\/h3>\n<p><\/article><\/div>\n","protected":false},"excerpt":{"rendered":"<p>Le mus\u00e9e Rodin poss\u00e8de une \u00e9norme collection de sculptures, de dessins et de photographies. Pr\u00e8s de 300 \u0153uvres de Rodin sont expos\u00e9es dans le mus\u00e9e. Il y a \u00e9galement des \u0153uvres de quelques autres artistes.Le b\u00e2timent o\u00f9 se trouve le mus\u00e9e Rodin n&rsquo;est pas seulement un h\u00f4tel particulier refl\u00e9tant l&rsquo;architecture du d\u00e9but du 18\u00e8me si\u00e8cle, [&hellip;]<\/p>\n","protected":false},"author":11,"featured_media":4119,"parent":68,"menu_order":0,"comment_status":"closed","ping_status":"closed","template":"","meta":{"footnotes":""},"tags":[],"class_list":{"0":"post-3753","1":"page","2":"type-page","3":"status-publish","4":"has-post-thumbnail","5":"hentry","6":"post-wrapper","7":"thrv_wrapper","10":"thrive-animated-item"},"_links":{"self":[{"href":"https:\/\/www.paristouristinformation.fr\/fr\/wp-json\/wp\/v2\/pages\/3753","targetHints":{"allow":["GET"]}}],"collection":[{"href":"https:\/\/www.paristouristinformation.fr\/fr\/wp-json\/wp\/v2\/pages"}],"about":[{"href":"https:\/\/www.paristouristinformation.fr\/fr\/wp-json\/wp\/v2\/types\/page"}],"author":[{"embeddable":true,"href":"https:\/\/www.paristouristinformation.fr\/fr\/wp-json\/wp\/v2\/users\/11"}],"replies":[{"embeddable":true,"href":"https:\/\/www.paristouristinformation.fr\/fr\/wp-json\/wp\/v2\/comments?post=3753"}],"version-history":[{"count":0,"href":"https:\/\/www.paristouristinformation.fr\/fr\/wp-json\/wp\/v2\/pages\/3753\/revisions"}],"up":[{"embeddable":true,"href":"https:\/\/www.paristouristinformation.fr\/fr\/wp-json\/wp\/v2\/pages\/68"}],"wp:featuredmedia":[{"embeddable":true,"href":"https:\/\/www.paristouristinformation.fr\/fr\/wp-json\/wp\/v2\/media\/4119"}],"wp:attachment":[{"href":"https:\/\/www.paristouristinformation.fr\/fr\/wp-json\/wp\/v2\/media?parent=3753"}],"wp:term":[{"taxonomy":"post_tag","embeddable":true,"href":"https:\/\/www.paristouristinformation.fr\/fr\/wp-json\/wp\/v2\/tags?post=3753"}],"curies":[{"name":"wp","href":"https:\/\/api.w.org\/{rel}","templated":true}]}}