{"id":3781,"date":"2020-12-05T11:09:43","date_gmt":"2020-12-05T11:09:43","guid":{"rendered":"http:\/\/paristouristinformation.fr\/fr\/clone-of-paris-shopping-guide\/"},"modified":"2023-05-16T09:07:22","modified_gmt":"2023-05-16T09:07:22","slug":"shopping","status":"publish","type":"page","link":"https:\/\/www.paristouristinformation.fr\/fr\/shopping\/","title":{"rendered":"Le Guide Complet du Shopping \u00e0 Paris : Boutiques, Marques, Centres Commerciaux"},"content":{"rendered":"<h1 style=\"\">Guide du shopping \u00e0 Paris<\/h1>\n<p style=\"\">Paris est c\u00e9l\u00e8bre pour ses boutiques de mode et ses tendances. O\u00f9 et qu&rsquo;est-ce que je peux acheter \u00e0 Paris ?Consultez notre liste des meilleures rues commer\u00e7antes, centres commerciaux, boutiques et march\u00e9s de Paris.<\/p>\n<h2 id=\"t-1594796653444\" style=\"text-align: center;\">Conseils d&rsquo;achat<\/h2>\n<p>Paris est la m\u00e9tropole du shopping en France. Ici, centres commerciaux, rues commer\u00e7antes, petites boutiques et march\u00e9s se c\u00f4toient pour le plaisir des accros du shopping et des amateurs de v\u00eatements qualitatifs. La mode est un \u00e9l\u00e9ment essentiel de la culture parisienne, elle est m\u00eame consid\u00e9r\u00e9e comme un art. Entre les id\u00e9es folles, la mode des cr\u00e9ateurs et les marques de luxe, tout est pr\u00e9sent.<\/p>\n<p>Notre premier conseil est sans aucun doute de <strong>pr\u00e9voir de bonnes chaussures<\/strong> si vous allez passer quelques heures \u00e0 faire du shopping \u00e0 Paris. En effet, Paris dispose d&rsquo;un <a href=\"https:\/\/paristouristinformation.fr\/fr\/organisez-votre-voyage-a-paris\/transports-en-commun\/metro\/\" style=\"outline: none;\">syst\u00e8me de m\u00e9tro <\/a>tr\u00e8s d\u00e9velopp\u00e9 mais d&rsquo;une certaine mani\u00e8re, marcher est tr\u00e8s agr\u00e9able. Les rues et m\u00eame les centres commerciaux sont tr\u00e8s bien con\u00e7us et peuvent vous fatiguer rapidement.<\/p>\n<p>Voici quelques endroits o\u00f9 vous risquez de marcher beaucoup en faisant du shopping :<\/p>\n<ul>\n<li><a href=\"https:\/\/paristouristinformation.fr\/fr\/choses-a-faire\/avenue-des-champs-elysees\/\">L&rsquo;avenue des Champs-\u00c9lys\u00e9es<\/a>, le centre commercial <em>Les Galeries LaFayette<\/em> et le march\u00e9 du <a href=\"https:\/\/paristouristinformation.fr\/fr\/choses-a-faire\/quartiers\/le-marais\/\">quartier du Marais<\/a> sont c\u00e9l\u00e8bres.<\/li>\n<li>Les marques de luxe se sont install\u00e9es dans le triangle d&rsquo;or, la zone comprise entre l&rsquo;avenue Montaigne, l&rsquo;avenue George V et la rue Fran\u00e7ois 1, qui est le lieu par excellence du shopping de luxe \u00e0 Paris.<\/li>\n<li>\u00c0 proximit\u00e9 du centre se trouvent le centre commercial Printemps et le Westfield Forum des Halles. La mode individuelle est principalement vendue dans les boutiques autour du boulevard Saint-Germain et dans le quartier du Marais.<\/li>\n<li>Le March\u00e9 des Enfants Rouges est c\u00e9l\u00e8bre pour ses stands, ses caf\u00e9s et ses restaurants.&nbsp;<\/li>\n<\/ul>\n<h2 style=\"\" id=\"t-1684142509990\">Tours de shopping \u00e0 Paris<\/h2>\n<p>[tcb-script async=\u00a0\u00bb\u00a0\u00bb src=\u00a0\u00bbhttps:\/\/www.viator.com\/orion\/partner\/widget.js\u00a0\u00bb][\/tcb-script]<\/p>\n<h3 id=\"t-1594796653445\">Heures d&rsquo;ouverture \u00e0 Paris<\/h3>\n<p>Les magasins \u00e0 Paris sont g\u00e9n\u00e9ralement ouverts du lundi au samedi de 9h00 \u00e0 20h00, le dimanche \u00e9tant un jour f\u00e9ri\u00e9. Les \u00e9piceries sont ouvertes le dimanche \u00e0 certaines heures selon les quartiers. Certains petits magasins ferment une ou deux heures \u00e0 l&rsquo;heure du d\u00e9jeuner. Cependant, les grands centres commerciaux sont g\u00e9n\u00e9ralement ouverts le dimanche.<\/p>\n<p><strong><span style=\"color: var(ca1c1);\">Fin de semaine :&nbsp;<\/span><\/strong>Depuis l&rsquo;assouplissement de la loi sur la fermeture des magasins, les magasins des zones touristiques peuvent \u00e9galement ouvrir le dimanche. Cela concerne environ 3 000 magasins \u00e0 Paris. Dans les rues commer\u00e7antes les plus connues, comme les Champs-\u00c9lys\u00e9es, la rue Saint-Honor\u00e9 ou le Marais, de nombreux magasins sont ouverts le dimanche. Tous les grands centres commerciaux, dont LaFayette, Les Halles et bien d&rsquo;autres, sont \u00e9galement ouverts le dimanche.<\/p>\n<p><span><img decoding=\"async\" alt=\"Shopping at Champs Elysees in Paris in France\" data-id=\"4249\" width=\"1080\" data-init-width=\"1000\" height=\"731\" data-init-height=\"677\" title=\"Shopping at Champs Elysees in Paris in France\" src=\"http:\/\/paristouristinformation.fr\/fr\/wp-content\/uploads\/2020\/12\/Shopping-at-Champs-Elysees-in-Paris-in-France.jpg\" data-width=\"1080\" data-height=\"731\" loading=\"lazy\"><\/span><\/p>\n<h2 style=\"text-align: center;\" id=\"t-1594796653446\">Lieux typiques pour le shopping<\/h2>\n<p style=\"text-align: center;\">Aper\u00e7u des rues commer\u00e7antes, des centres commerciaux et des march\u00e9s<\/p>\n<p style=\"text-align: left;\">Paris est rempli de bonnes boutiques dans toute la ville. Cependant, vous pouvez distinguer <strong>2 types de lieux de shopping<\/strong> : Les centres commerciaux et les rues commer\u00e7antes. Les deux ont des avantages et des inconv\u00e9nients et s&rsquo;adressent \u00e0 diff\u00e9rents types de personnes. Pr\u00e9f\u00e9rez-vous avoir tous les magasins disponibles dans un seul grand centre ? Ou pr\u00e9f\u00e9rez-vous \u00eatre au grand air et passer devant les magasins dans une rue ?&nbsp;<\/p>\n<p style=\"text-align: left;\">Dans un centre commercial, vous savez ce qu&rsquo;il y a \u00e0 l&rsquo;int\u00e9rieur gr\u00e2ce au plan du centre commercial \u00e0 l&rsquo;entr\u00e9e et cela peut \u00eatre pratique lors des <a href=\"https:\/\/paristouristinformation.fr\/fr\/choses-a-faire\/sous-la-pluie\/\" style=\"outline: none;\">jours de pluie \u00e0 Paris.<\/a> Les rues commer\u00e7antes sont plus ouvertes aux surprises et vous font d\u00e9couvrir la ville par la m\u00eame occasion. Pour avoir toutes les bonnes adresses, nous vous avons pr\u00e9par\u00e9 deux articles qui vous guideront dans les quartiers commer\u00e7ants de Paris :<\/p>\n<p><a href=\"https:\/\/www.paristouristinformation.fr\/fr\/shopping\/rues\/\" dynamic-postlink=\"tcb_post_the_permalink\" data-shortcode-id=\"424\"><\/a><\/p>\n<h3 style=\"text-align: center; padding-top: 0px !important; margin-top: 0px !important;\"><span data-attr-link=\"1\" data-attr-rel=\"0\" data-attr-target=\"0\" data-extra_key=\"\" data-option-inline=\"1\" data-shortcode=\"tcb_post_title\" data-shortcode-name=\"Post title\" data-attr-css=\"\" style=\"\" data-attr-static-link=\"{&quot;className&quot;:&quot;&quot;,&quot;href&quot;:&quot;https:\/\/www.paristouristinformation.fr\/fr\/shopping\/rues\/&quot;,&quot;title&quot;:&quot;Les 7 meilleures rues commer\u00e7antes de Paris&quot;,&quot;class&quot;:&quot;&quot;}\"><a href=\"https:\/\/www.paristouristinformation.fr\/fr\/shopping\/rues\/\" title=\"Les 7 meilleures rues commer\u00e7antes de Paris\" data-css=\"\">Les 7 meilleures rues commer\u00e7antes de Paris<\/a><\/span><\/h3>\n<p><a href=\"https:\/\/www.paristouristinformation.fr\/fr\/shopping\/rues\/\"><span style=\"\"><span style=\"\"><strong>Lire la suite<\/strong><\/span><\/span><\/a><a href=\"https:\/\/www.paristouristinformation.fr\/fr\/shopping\/centre-commerciaux\/\" dynamic-postlink=\"tcb_post_the_permalink\" data-shortcode-id=\"424\"><\/a><\/p>\n<h3 style=\"text-align: center; padding-top: 0px !important; margin-top: 0px !important;\"><span data-attr-link=\"1\" data-attr-rel=\"0\" data-attr-target=\"0\" data-extra_key=\"\" data-option-inline=\"1\" data-shortcode=\"tcb_post_title\" data-shortcode-name=\"Post title\" data-attr-css=\"\" style=\"\" data-attr-static-link=\"{&quot;className&quot;:&quot;&quot;,&quot;href&quot;:&quot;https:\/\/www.paristouristinformation.fr\/fr\/shopping\/rues\/&quot;,&quot;title&quot;:&quot;Les 7 meilleures rues commer\u00e7antes de Paris&quot;,&quot;class&quot;:&quot;&quot;}\"><a href=\"https:\/\/www.paristouristinformation.fr\/fr\/shopping\/centre-commerciaux\/\" title=\"10 meilleurs centres commerciaux \u00e0 Paris\" data-css=\"\">10 meilleurs centres commerciaux \u00e0 Paris<\/a><\/span><\/h3>\n<p><a href=\"https:\/\/www.paristouristinformation.fr\/fr\/shopping\/centre-commerciaux\/\"><span style=\"\"><span style=\"\"><strong>Lire la suite<\/strong><\/span><\/span><\/a><a href=\"javascript:void(0)\"><span style=\"\"><span style=\"\">Load More<\/span><\/span><\/a><\/p>\n<h2 style=\"text-align: center; font-size: 34px !important;\" id=\"t-1613647270426\">Souvenirs de Paris<\/h2>\n<p style=\"text-align: center;\">Qu&rsquo;est-ce que je peux rapporter de Paris ?<\/p>\n<p style=\"text-align: left;\">Il y a autant d&rsquo;id\u00e9es de cadeaux \u00e0 ramener de Paris qu&rsquo;il y a de magasins. Ici, nous avons pr\u00e9par\u00e9 une liste de 11 id\u00e9es de choses \u00e0 rapporter de Paris : Des v\u00eatements typiquement parisiens, de la nourriture, des objets parisiens sp\u00e9ciaux et bien d&rsquo;autres id\u00e9es qui feront votre bonheur et celui de vos proches !<\/p>\n<p><a href=\"https:\/\/www.paristouristinformation.fr\/fr\/shopping\/souvenirs\/\" dynamic-postlink=\"tcb_post_the_permalink\" data-shortcode-id=\"3406\"><\/a><\/p>\n<h3 style=\"text-align: center; padding-top: 0px !important; margin-top: 0px !important;\"><span data-attr-link=\"1\" data-attr-rel=\"0\" data-attr-target=\"0\" data-extra_key=\"\" data-option-inline=\"1\" data-shortcode=\"tcb_post_title\" data-shortcode-name=\"Post title\" data-attr-css=\"\" style=\"\" data-attr-static-link=\"{&quot;className&quot;:&quot;&quot;,&quot;href&quot;:&quot;https:\/\/www.paristouristinformation.fr\/fr\/shopping\/souvenirs\/&quot;,&quot;title&quot;:&quot;11 Souvenirs \u00e0 acheter \u00e0 Paris&quot;,&quot;class&quot;:&quot;&quot;}\"><a href=\"https:\/\/www.paristouristinformation.fr\/fr\/shopping\/souvenirs\/\" title=\"11 Souvenirs \u00e0 acheter \u00e0 Paris\" data-css=\"\">11 Souvenirs \u00e0 acheter \u00e0 Paris<\/a><\/span><\/h3>\n<p><a href=\"https:\/\/www.paristouristinformation.fr\/fr\/shopping\/souvenirs\/\"><span style=\"\"><span style=\"\"><strong>Lire la suite<\/strong><\/span><\/span><\/a><a href=\"javascript:void(0)\"><span style=\"\"><span style=\"\">Load More<\/span><\/span><\/a><span><img decoding=\"async\" alt=\"\" data-id=\"372\" width=\"1024\" data-init-width=\"1200\" height=\"683\" data-init-height=\"800\" title=\"Champs Elysees Avenue in Paris in France\" src=\"http:\/\/paristouristinformation.fr\/fr\/wp-content\/uploads\/2020\/07\/Champs-Elysees-from-Arc-X.jpg\" data-width=\"1024\" data-height=\"683\" loading=\"lazy\"><\/span><\/p>\n<h2 style=\"text-align: center; font-size: 34px !important;\" id=\"t-1626270649587\">Marques \u00e0 acheter<\/h2>\n<p style=\"text-align: center;\">Quelle marque acheter \u00e0 Paris ?<\/p>\n<p>Paris est un merveilleux paradis pour les marques fran\u00e7aises et internationales. Du luxe au prix moyen, vous pouvez trouver une boutique pour chaque demande et chaque budget dans la capitale de la France. Il y a quelques endroits \u00ab\u00a0incontournables\u00a0\u00bb que l&rsquo;on ne trouve qu&rsquo;\u00e0 Paris ou dans les grandes villes du monde. Laissez-nous vous les faire d\u00e9couvrir.<\/p>\n<h3><strong>Quelques boutiques \u00e0 visiter \u00e0 Paris :<\/strong><\/h3>\n<ul>\n<li><strong data-rich-text-format-boundary=\"true\">Marques de luxe :<\/strong> Chanel, Cartier, Louis Vuitton, Dior, Gucci, Herm\u00e8s, Versace, Balmain, C\u00e9line, YSL&#8230;<\/li>\n<li><strong>Cosm\u00e9tiques :&nbsp;<\/strong>Guerlain, Mac Cosmetics, Clarins, Esther Lauder, Chanel, Lanc\u00f4me, Bourgeois, Vichy, Nuxe&#8230;<\/li>\n<li><strong>V\u00eatements pour femmes :&nbsp;<\/strong>The Kooples, Sezane, Maje, Sandro, Comptoire des cotonniers, Isabel Marant&#8230;<\/li>\n<li><strong>V\u00eatements pour hommes :&nbsp;<\/strong>Celio, Kenzo, Ami Paris, Armand Thiery, Bexley, Calvin Klein, Chevignon, De Fursac, Hugo Boss&#8230;<\/li>\n<li><strong>Bijoux :<\/strong> Cartier, Chaumet, Tiffany&amp;Co, Myriades, Swarow, Mauboussin, Bulgari, Breguet&#8230;<\/li>\n<li><strong>Accessoires :<\/strong> Chlo\u00e9, Jaquemus, Chanel, Dior, Lancel, Longchamps, Louis Vuitton, Lanvin, Lancaster&#8230;<\/li>\n<li><strong>Sports :<\/strong> Adidas, Nike, Magasin Fifa&#8230;<\/li>\n<li><strong>Centres commerciaux :<\/strong> La Fayette, BHV, Le Bon March\u00e9, Le Printemps<\/li>\n<li><strong>Autres magasins :<\/strong> Disney Store, Apple Store, Marks&amp;Spencer, Banana Republic, Ferrari Store<\/li>\n<\/ul>\n<p><a href=\"javascript:void(0)\"><span style=\"\"><span style=\"\">Load More<\/span><\/span><\/a><\/p>\n<h2 style=\"text-align: center; font-size: 34px !important;\" id=\"t-1594796653442\">3 Lieux r\u00e9put\u00e9s pour le shopping<\/h2>\n<p style=\"text-align: center;\">3 lieux : La plus grande rue commer\u00e7ante. Le centre commercial le plus c\u00e9l\u00e8bre. Le march\u00e9 le plus important.<\/p>\n<h4 style=\"\">Avenue de Champs-\u00c9lys\u00e9es<\/h4>\n<p><strong>La rue commer\u00e7ante la plus c\u00e9l\u00e8bre de Paris<\/strong> et bien au-del\u00e0 est l&rsquo;avenue des Champs-\u00c9lys\u00e9es, avec ses boutiques de luxe, ses magasins de drapeaux, ses marques de cr\u00e9ateurs et ses petites boutiques dans les rues secondaires. Plus de 300 000 personnes se prom\u00e8nent chaque jour sur ce magnifique boulevard de pr\u00e8s de 2 kilom\u00e8tres de long. Une visite incontournable, m\u00eame si vous ne comptez pas acheter grand-chose, au moins pour voir <a href=\"https:\/\/paristouristinformation.fr\/fr\/choses-a-faire\/attractions\/arc-de-triomphe\/\" style=\"outline: none;\">l&rsquo;Arc de Triomphe.<\/a><\/p>\n<p>Consultez notre article sur les <a href=\"https:\/\/paristouristinformation.fr\/fr\/choses-a-faire\/avenue-des-champs-elysees\/\">choses \u00e0 faire sur l&rsquo;avenue des Champs-\u00c9lys\u00e9es \u00e0 Paris.<\/a><\/p>\n<p><span><img decoding=\"async\" alt=\"\" data-id=\"816\" width=\"690\" data-init-width=\"1200\" height=\"460\" data-init-height=\"800\" title=\"Champs Elysees Avenue in Paris in France\" src=\"http:\/\/paristouristinformation.fr\/fr\/wp-content\/uploads\/2020\/07\/Champs-Elysees-from-Arc-X.jpg\" data-width=\"690\" data-height=\"460\" loading=\"lazy\"><\/span><\/p>\n<h4 style=\"\">Centre commercial Les Galeries LaFayette<\/h4>\n<p>Le centre commercial Les Galeries LaFayette regroupe tous les types de magasins, des boutiques \u00e9conomiques aux marques de luxe haut de gamme, sur une surface totale de 70 000 m\u00b2. Le toit-terrasse des Galeries LaFayette est c\u00e9l\u00e8bre pour son bar \u00e0 champagne, le Ice Cube Bar, qui offre une vue magnifique sur Paris.<\/p>\n<p><span><img decoding=\"async\" alt=\"Galerie Lafayette in Paris in France\" data-id=\"157\" width=\"730\" data-init-width=\"1000\" height=\"487\" data-init-height=\"667\" title=\"Galerie Lafayette in Paris in France\" src=\"http:\/\/paristouristinformation.fr\/fr\/wp-content\/uploads\/2020\/06\/Galerie-Lafayette-in-Paris-in-France.jpg\" data-width=\"730\" data-height=\"487\" loading=\"lazy\"><\/span><\/p>\n<h4>March\u00e9 des Enfants Rouges<\/h4>\n<p>Le plus ancien march\u00e9 de Paris, le March\u00e9 des Enfants Rouges, date de 1615. Les enfants de l&rsquo;orphelinat voisin \u00e9taient habill\u00e9s en rouge, couleur de la charit\u00e9, ce qui a donn\u00e9 son nom au march\u00e9. L&rsquo;ambiance anim\u00e9e du march\u00e9 et les nombreuses offres gastronomiques attirent des visiteurs du monde entier. Le march\u00e9 est situ\u00e9 dans le <a href=\"https:\/\/paristouristinformation.fr\/fr\/choses-a-faire\/quartiers\/le-marais\/\">quartier du Marais<\/a> et il est facile de combiner une visite du march\u00e9 avec la visite d&rsquo;un site touristique.<\/p>\n<p><span><img decoding=\"async\" alt=\"\" data-id=\"4471\" data-init-width=\"1000\" data-init-height=\"678\" title=\"bercy village shopping in paris in france\" src=\"http:\/\/paristouristinformation.fr\/fr\/wp-content\/uploads\/2020\/12\/bercy-village-shopping-in-paris-in-france.jpg\" data-width=\"1080\" data-height=\"732\" width=\"1080\" height=\"732\" style=\"\" loading=\"lazy\"><\/span><\/p>\n<h2 style=\"text-align: center;\" id=\"t-1613647270427\">Que puis-je combiner avec le shopping ?<\/h2>\n<p>Paris est une capitale qui compte environ 12,5 millions de citoyens. C&rsquo;est pourquoi les rues, quartiers et centres commerciaux sont r\u00e9partis dans toute la ville et il existe de nombreuses zones pi\u00e9tonnes \u00e0 Paris. Il est donc facile de combiner une visite des principaux sites touristiques avec une courte pause shopping.<\/p>\n<p>On peut citer l&rsquo;avenue des Champs-\u00c9lys\u00e9es, qui s&rsquo;\u00e9tend de la place de la Concorde \u00e0 <a href=\"https:\/\/paristouristinformation.fr\/fr\/choses-a-faire\/attractions\/arc-de-triomphe\/\">l&rsquo;Arc de Triomphe<\/a>, ou la rue Saint-Honor\u00e9, qui s&rsquo;\u00e9tend jusqu&rsquo;au quartier du Marais avec le mus\u00e9e Picasso et le <a href=\"https:\/\/paristouristinformation.fr\/fr\/choses-a-faire\/musees\/centre-pompidou\/\">Centre Pompidou <\/a>et son <a href=\"https:\/\/paristouristinformation.fr\/fr\/choses-a-faire\/musees\/national-dart-moderne\/\">mus\u00e9e national d&rsquo;art moderne.<\/a>En outre, vous pouvez visiter les march\u00e9s hebdomadaires parisiens.&nbsp;<\/p>\n<h3>Lieux d&rsquo;achat \u00e0 proximit\u00e9 des sites touristiques<\/h3>\n<ul>\n<li style=\"\"><span style=\"\"><strong>Avenue des Champs-\u00c9lys\u00e9es : <\/strong>La plus c\u00e9l\u00e8bre rue commer\u00e7ante de Paris s&rsquo;\u00e9tend sur pr\u00e8s de 2 kilom\u00e8tres. Son emplacement au c\u0153ur du centre-ville fait de ce magnifique boulevard le lieu id\u00e9al pour une pause shopping lors d&rsquo;un city break. Si vous le souhaitez, vous pouvez vous promener depuis l&rsquo;Arc de Triomphe le long des Camps-\u00c9lys\u00e9es jusqu&rsquo;\u00e0 la place de la Concorde. Les rues secondaires offrent des alternatives aux magasins de marques internationales.<\/span><\/li>\n<li><span><strong>Le Bon March\u00e9 : <\/strong>Le Bon March\u00e9 des grands magasins est situ\u00e9 \u00e0 quelques minutes de marche du c\u00e9l\u00e8bre quartier de Saint-Germain. M\u00eame si son nom signifie \u00ab\u00a0bon march\u00e9\u00a0\u00bb, vous trouverez des boutiques dans le quartier haut de gamme. Saint-Germain, quant \u00e0 lui, avec ses boutiques et ses galeries d&rsquo;art, \u00e9tait un lieu de rencontre populaire pour les artistes, les \u00e9crivains et les politiciens au d\u00e9but du 20\u00e8me si\u00e8cle, c&rsquo;est pourquoi il est maintenant connu comme le quartier intellectuel de Paris.<\/span><\/li>\n<li><span><strong>Rue de Rivoli : <\/strong>Si vous voulez visiter toutes les boutiques, vous devez y passer au moins une journ\u00e9e enti\u00e8re. La rue de Rivoli s&rsquo;\u00e9tend entre le vieux quartier authentique du Marais et l&rsquo;ancien Palais, qui est aujourd&rsquo;hui le mus\u00e9e du Louvre. Une bonne alternative si vous voulez combiner shopping et visite touristique.<\/span><\/li>\n<\/ul>\n<p><span><img decoding=\"async\" alt=\"\" data-id=\"4714\" width=\"808\" data-init-width=\"1200\" height=\"539\" data-init-height=\"801\" title=\"style women walks in paris\" src=\"http:\/\/paristouristinformation.fr\/fr\/wp-content\/uploads\/2020\/12\/style-women-walks-in-paris.jpg\" data-width=\"808\" data-height=\"539\" loading=\"lazy\"><\/span><\/p>\n<h2 style=\"text-align: center;\" id=\"t-1613651616786\">FAQ (Foire aux questions)<\/h2>\n","protected":false},"excerpt":{"rendered":"<p>Guide du shopping \u00e0 Paris Paris est c\u00e9l\u00e8bre pour ses boutiques de mode et ses tendances. O\u00f9 et qu&rsquo;est-ce que je peux acheter \u00e0 Paris ?Consultez notre liste des meilleures rues commer\u00e7antes, centres commerciaux, boutiques et march\u00e9s de Paris. Conseils d&rsquo;achat Paris est la m\u00e9tropole du shopping en France. Ici, centres commerciaux, rues commer\u00e7antes, petites [&hellip;]<\/p>\n","protected":false},"author":11,"featured_media":4717,"parent":0,"menu_order":0,"comment_status":"closed","ping_status":"closed","template":"","meta":{"footnotes":""},"tags":[],"class_list":["post-3781","page","type-page","status-publish","has-post-thumbnail","hentry","post-wrapper","thrv_wrapper"],"_links":{"self":[{"href":"https:\/\/www.paristouristinformation.fr\/fr\/wp-json\/wp\/v2\/pages\/3781","targetHints":{"allow":["GET"]}}],"collection":[{"href":"https:\/\/www.paristouristinformation.fr\/fr\/wp-json\/wp\/v2\/pages"}],"about":[{"href":"https:\/\/www.paristouristinformation.fr\/fr\/wp-json\/wp\/v2\/types\/page"}],"author":[{"embeddable":true,"href":"https:\/\/www.paristouristinformation.fr\/fr\/wp-json\/wp\/v2\/users\/11"}],"replies":[{"embeddable":true,"href":"https:\/\/www.paristouristinformation.fr\/fr\/wp-json\/wp\/v2\/comments?post=3781"}],"version-history":[{"count":0,"href":"https:\/\/www.paristouristinformation.fr\/fr\/wp-json\/wp\/v2\/pages\/3781\/revisions"}],"wp:featuredmedia":[{"embeddable":true,"href":"https:\/\/www.paristouristinformation.fr\/fr\/wp-json\/wp\/v2\/media\/4717"}],"wp:attachment":[{"href":"https:\/\/www.paristouristinformation.fr\/fr\/wp-json\/wp\/v2\/media?parent=3781"}],"wp:term":[{"taxonomy":"post_tag","embeddable":true,"href":"https:\/\/www.paristouristinformation.fr\/fr\/wp-json\/wp\/v2\/tags?post=3781"}],"curies":[{"name":"wp","href":"https:\/\/api.w.org\/{rel}","templated":true}]}}