{"id":3938,"date":"2020-12-08T09:40:23","date_gmt":"2020-12-08T09:40:23","guid":{"rendered":"http:\/\/paristouristinformation.fr\/fr\/?page_id=3938"},"modified":"2023-05-24T09:20:28","modified_gmt":"2023-05-24T09:20:28","slug":"pantheon","status":"publish","type":"page","link":"https:\/\/www.paristouristinformation.fr\/fr\/choses-a-faire\/eglise\/pantheon\/","title":{"rendered":"Visite &#038; R\u00e9servation du Panth\u00e9on \u00e0 Paris"},"content":{"rendered":"<p>Cach\u00e9 derri\u00e8re les rues \u00e9troites du <a href=\"https:\/\/paristouristinformation.fr\/fr\/choses-a-faire\/quartiers\/quartier-latin\/\">Quartier latin de Paris<\/a>, le Panth\u00e9on est un monument cher \u00e0 la capitale fran\u00e7aise. Construit \u00e0 l&rsquo;origine au 15e si\u00e8cle comme une \u00e9glise, il est devenu, apr\u00e8s la R\u00e9volution fran\u00e7aise, le lieu<strong> d&rsquo;hommage aux fun\u00e9railles de nombreux artistes.<\/strong><\/p>\n<p>En effet, le Panth\u00e9on abrite aujourd&rsquo;hui les tombes de nombreux intellectuels et \u00e9crivains respect\u00e9s comme Voltaire, Rousseau, Alexandre Dumas ainsi qu&rsquo;une copie exacte du pendule de Foucault.Sa fa\u00e7ade rappelle celle du Panth\u00e9on de Rome et impressionne par son <strong>style n\u00e9oclassique.<\/strong>Dans cet article, nous vous en dirons plus sur l&rsquo;histoire du Panth\u00e9on de Paris et nous vous donnerons des informations sur la fa\u00e7on de visiter cette belle <a href=\"https:\/\/paristouristinformation.fr\/fr\/choses-a-faire\/eglise\/\">\u00e9glise de Paris.<\/a><\/p>\n<p><span><img decoding=\"async\" alt=\"Pantheon in Paris in France\" data-id=\"98\" width=\"702\" data-init-width=\"1000\" height=\"667\" data-init-height=\"667\" title=\"Pantheon in Paris in France\" src=\"http:\/\/paristouristinformation.fr\/fr\/wp-content\/uploads\/2020\/06\/Pantheon-in-Paris-in-France.jpg\" data-width=\"702\" data-pin-media=\"http:\/\/paristouristinformation.fr\/fr\/wp-content\/uploads\/2021\/03\/prag_50_sehenswuerdigkeiten_pinterest-28.jpg\" data-pin-description=\"Discover one of the most famous mausoleum of the world, Pantheon of Paris. Know all the history and visit information of the monument : Tickets, Tours..\" data-pin-url=\"http:\/\/paristouristinformation.fr\/fr\/things-to-do\/church\/pantheon\/?tve=true&amp;tcbf=332f412a3c\" data-pinpro-key=\"qdoj4d079\" loading=\"lazy\"><\/span><\/p>\n<h2 data-alt-text=\"Entr\u00e9es, billets et visites\" id=\"t-1612280786281\" style=\"\">Entr\u00e9es, billets et visites au Panth\u00e9on de Paris<\/h2>\n<ul>\n<li style=\"\"><span style=\"\"><strong>Billets : <\/strong>Vous pouvez gagner du temps en achetant votre billet \u00e0 l&rsquo;avance et en \u00e9vitant les files d&rsquo;attente. Ce billet ne couvre pas le d\u00f4me. Les billets pour le rooftop doivent \u00eatre achet\u00e9s sur place. Achetez votre billet <a href=\"https:\/\/www.tiqets.com\/en\/paris-attractions-c66746\/tickets-for-pantheon-priority-entrance-p974682\/?partner=checkfortrip\" target=\"_blank\" style=\"outline: none;\" rel=\"noopener nofollow\">d&rsquo;entr\u00e9e prioritaire au Panth\u00e9on<\/a> dans notre boutique officielle.<\/span><\/li>\n<li><span style=\"\"><strong>Excursions :<\/strong> Si vous souhaitez \u00eatre guid\u00e9, vous pouvez r\u00e9server une <a href=\"https:\/\/yourmobileguide.com\/en\/audioguides\/france\/paris\/montmartre-walking-tour\" target=\"_blank\" style=\"outline: none;\" rel=\"noopener nofollow\">visite guid\u00e9e \u00e0 pied du Quartier Latin et du Panth\u00e9on<\/a> avec un guide expert. Cela vous donnera une meilleure perspective de ce quartier de Paris.<\/span><\/li>\n<li><span style=\"\"><strong>Audioguide :<\/strong> Si vous pr\u00e9f\u00e9rez \u00eatre seul, vous pouvez obtenir votre <a href=\"https:\/\/web.yourmobileguide.com\/tabs\/tour-page\/464\" target=\"_blank\" rel=\"noopener nofollow\">Audioguide du Quartier Latin <\/a>dans notre boutique et apprendre les d\u00e9tails du lieu \u00e0 travers vos \u00e9couteurs !<\/span><\/li>\n<\/ul>\n<ul>\n<li><span style=\"\"><a href=\"https:\/\/paristouristinformation.fr\/fr\/visites-guidees-et-billets\/\">Le Paris Museum Pass<\/a> couvre la visite du Panth\u00e9on. Il donne \u00e9galement acc\u00e8s \u00e0 <span style=\"text-decoration: underline;\">plus de 50 mus\u00e9es parisiens.<\/span> Un must-have pour votre voyage \u00e0 Paris !<\/span><\/li>\n<\/ul>\n<p>__CONFIG_colors_palette__{\u00ab\u00a0active_palette\u00a0\u00bb:0,\u00a0\u00bbconfig\u00a0\u00bb:{\u00ab\u00a0colors\u00a0\u00bb:{\u00ab\u00a0f8570\u00a0\u00bb:{\u00ab\u00a0name\u00a0\u00bb:\u00a0\u00bbMain Accent\u00a0\u00bb,\u00a0\u00bbparent\u00a0\u00bb:-1}},\u00a0\u00bbgradients\u00a0\u00bb:[]},\u00a0\u00bbpalettes\u00a0\u00bb:[{\u00ab\u00a0name\u00a0\u00bb:\u00a0\u00bbDefault Palette\u00a0\u00bb,\u00a0\u00bbvalue\u00a0\u00bb:{\u00ab\u00a0colors\u00a0\u00bb:{\u00ab\u00a0f8570\u00a0\u00bb:{\u00ab\u00a0val\u00a0\u00bb:\u00a0\u00bbvar(&#8211;tcb-skin-color-0)\u00a0\u00bb}},\u00a0\u00bbgradients\u00a0\u00bb:[]},\u00a0\u00bboriginal\u00a0\u00bb:{\u00ab\u00a0colors\u00a0\u00bb:{\u00ab\u00a0f8570\u00a0\u00bb:{\u00ab\u00a0val\u00a0\u00bb:\u00a0\u00bbrgb(19, 114, 211)\u00a0\u00bb,\u00a0\u00bbhsl\u00a0\u00bb:{\u00ab\u00a0h\u00a0\u00bb:210,\u00a0\u00bbs\u00a0\u00bb:0.83,\u00a0\u00bbl\u00a0\u00bb:0.45}}},\u00a0\u00bbgradients\u00a0\u00bb:[]}}]}__CONFIG_colors_palette__ <a href=\"https:\/\/paristouristinformation.fr\/fr\/visites-guidees-et-billets\/\"> <span><span style=\"\">Acc\u00e9der au Paris Tickets Shop<\/span><\/span> <\/a> <\/p>\n<h2 id=\"t-1612280786279\" style=\"\">Que puis-je faire au Panth\u00e9on de Paris ?<\/h2>\n<p><span><img decoding=\"async\" alt=\"Pantheon Marie Curie tomb\" data-id=\"4177\" width=\"702\" data-init-width=\"1000\" height=\"667\" data-init-height=\"667\" title=\"Pantheon Marie Curie tomb\" src=\"http:\/\/paristouristinformation.fr\/fr\/wp-content\/uploads\/2020\/12\/Pantheon-Marie-Curie-tomb.jpg\" data-width=\"702\" data-pin-media=\"http:\/\/paristouristinformation.fr\/fr\/wp-content\/uploads\/2021\/03\/prag_50_sehenswuerdigkeiten_pinterest-28.jpg\" data-pin-description=\"Discover one of the most famous mausoleum of the world, Pantheon of Paris. Know all the history and visit information of the monument : Tickets, Tours..\" data-pin-url=\"http:\/\/paristouristinformation.fr\/fr\/things-to-do\/church\/pantheon\/?tve=true&amp;tcbf=332f412a3c\" data-pinpro-key=\"pqj9rtavn\" loading=\"lazy\"><\/span><\/p>\n<p>Le Panth\u00e9on est un b\u00e2timent historique qui a \u00e9t\u00e9 initialement <strong>construit comme un sanctuaire d\u00e9di\u00e9 \u00e0 Sainte-Genevi\u00e8ve, <\/strong>l&rsquo;une des saintes patronnes de Paris.&nbsp;<\/p>\n<p>Si sa d\u00e9coration int\u00e9rieure comprend des \u00e9l\u00e9ments gothiques, elle forme une croix grecque avec des colonnes corinthiennes et des sols en marbre d\u00e9taill\u00e9s. De <strong>splendides peintures murales<\/strong> ainsi que des sculptures font partie de son programme d\u00e9coratif.<\/p>\n<p>Le Panth\u00e9on abrite dans sa crypte les <strong>tombes de nombreux auteurs, scientifiques et penseurs <\/strong>qui ont marqu\u00e9 l&rsquo;histoire, tels que Victor Hugo, Jean-Jacques Rousseau, Emile Zola, Voltaire, Marie Curie et Alexandre Dumas.<\/p>\n<p>L&rsquo;ascension du d\u00f4me du Panth\u00e9on fait l&rsquo;objet d&rsquo;un billet s\u00e9par\u00e9. Le d\u00f4me est souvent appel\u00e9 le \u00ab\u00a0balcon de Paris\u00a0\u00bb avec sa vue \u00e0 360 degr\u00e9s sur Paris.<\/p>\n<h3 style=\"\">Le pendule de Foucault<\/h3>\n<p>Certaines personnes pensaient que la terre tournait autour de son axe, mais il n&rsquo;existait aucune preuve physique avant le 19e si\u00e8cle.La d\u00e9monstration du physicien L\u00e9on Foucault dans le b\u00e2timent du Panth\u00e9on a secou\u00e9 le monde en 1851. En construisant un pendule de 67 m\u00e8tres (220 pieds) sous le d\u00f4me du Panth\u00e9on, l&rsquo;exp\u00e9rience a prouv\u00e9 la rotation de la Terre sur son axe.Aujourd&rsquo;hui, il existe une copie exacte du pendule au Panth\u00e9on. Le pendule original peut \u00eatre vu au <a href=\"https:\/\/paristouristinformation.fr\/fr\/choses-a-faire\/musees\/musee-des-arts-et-metiers\/\" style=\"outline: none;\">Mus\u00e9e des Arts et M\u00e9tiers,<\/a> o\u00f9 il a \u00e9t\u00e9 d\u00e9plac\u00e9 en 1851.<\/p>\n<p><span><img decoding=\"async\" alt=\"Foucalult's Pendulum in Pantheon in Paris\" data-id=\"4179\" width=\"702\" data-init-width=\"1000\" height=\"468\" data-init-height=\"667\" title=\"Foucalult's Pendulum in Pantheon in Paris\" src=\"http:\/\/paristouristinformation.fr\/fr\/wp-content\/uploads\/2020\/12\/Foucalults-Pendulum-in-Pantheon-in-Paris.jpg\" data-width=\"702\" data-height=\"468\" data-pin-media=\"http:\/\/paristouristinformation.fr\/fr\/wp-content\/uploads\/2021\/03\/prag_50_sehenswuerdigkeiten_pinterest-28.jpg\" data-pin-description=\"Discover one of the most famous mausoleum of the world, Pantheon of Paris. Know all the history and visit information of the monument : Tickets, Tours..\" data-pin-url=\"http:\/\/paristouristinformation.fr\/fr\/things-to-do\/church\/pantheon\/?tve=true&amp;tcbf=332f412a3c\" data-pinpro-key=\"5txqj1c2z\" loading=\"lazy\"><\/span><\/p>\n<h2 id=\"t-1612280786280\" style=\"\">Faits concernant le Panth\u00e9on de Paris<\/h2>\n<ul>\n<li><span style=\"\">Le b\u00e2timent est consid\u00e9r\u00e9 comme l&rsquo;un des premiers exemples de n\u00e9oclassicisme.<\/span><\/li>\n<li style=\"\"><span style=\"\">L&rsquo;architecte du Panth\u00e9on est Jacques-Germain Soufflot, qui est mort avant l&rsquo;ach\u00e8vement de cette \u0153uvre. Soufflot avait l&rsquo;intention de combiner le style gothique avec une structure classique.<\/span><\/li>\n<li><span style=\"\">Sa fa\u00e7ade ressemble \u00e0 celle du Panth\u00e9on de Rome, avec un porche de colonnes corinthiennes et un grand fronton triangulaire.<\/span><\/li>\n<\/ul>\n<ul>\n<li><span style=\"\">L&rsquo;excellente statue d&rsquo;Auguste Rodin intitul\u00e9e \u00ab\u00a0Le Penseur\u00a0\u00bb \u00e9tait expos\u00e9e ici au d\u00e9but du XXe si\u00e8cle. Aujourd&rsquo;hui, la statue originale se trouve au Mus\u00e9e Rodin.<\/span><\/li>\n<li style=\"\"><span style=\"\">On soup\u00e7onnait que le corps de Voltaire avait \u00e9t\u00e9 vol\u00e9 au Panth\u00e9on par un groupe de fanatiques religieux. Ces rumeurs ont conduit les officiels \u00e0 ouvrir son cercueil en 1897 et il est ainsi devenu clair que les doutes n&rsquo;\u00e9taient pas fond\u00e9s.<\/span><\/li>\n<li><span style=\"\">La tombe de Marie Curie se trouve dans la crypte du Panth\u00e9on. Pour \u00e9viter tout risque de contamination par les radiations, son cercueil est prot\u00e9g\u00e9 par plusieurs couches de plomb.<\/span><\/li>\n<\/ul>\n<h2 id=\"t-1612280786282\" style=\"\">Comment se rendre au Panth\u00e9on de Paris ?<\/h2>\n<p>Le Panth\u00e9on est situ\u00e9 sur la rive droite de la Seine, dans le 5e arrondissement. La facult\u00e9 de droit de l&rsquo;universit\u00e9 Sorborne et la biblioth\u00e8que Sainte-Genevi\u00e8ve sont proches du Panth\u00e9on.La station de m\u00e9tro la plus proche est \u00ab\u00a0<strong>Cardinal Lemoine<\/strong>\u00ab\u00a0, sur la ligne 10. Depuis cette station, vous pouvez rejoindre le Panth\u00e9on en 6 \u00e0 10 minutes de marche.Si cela ne vous d\u00e9range pas de marcher un peu plus et de voir quelques galeries d&rsquo;art et de vieilles librairies, vous pouvez choisir une autre station de m\u00e9tro \u00ab\u00a0Od\u00e9on\u00a0\u00bb, sur les lignes 4 et 10.Vous pouvez vous rendre au Panth\u00e9on en bus, en m\u00e9tro, en train, en RER ou en train l\u00e9ger.<\/p>\n<ul>\n<li><strong data-rich-text-format-boundary=\"true\">Train :<\/strong> L, N, TER<\/li>\n<li><strong>RER :<\/strong> B<\/li>\n<li><strong>M\u00e9tro :<\/strong> 1, 4, 7, 10<\/li>\n<li><strong>Bus :<\/strong> 21, 27, 38, 82, 84, 85, 89<\/li>\n<\/ul>\n<h2 id=\"t-1627477971342\" style=\"\">FAQ (Foire aux questions)<\/h2>\n<p><span><img decoding=\"async\" alt=\"Pantheon of Paris - Inside the monument\" data-id=\"4175\" width=\"702\" data-init-width=\"1000\" height=\"468\" data-init-height=\"667\" title=\"Pantheon Paris inside\" src=\"http:\/\/paristouristinformation.fr\/fr\/wp-content\/uploads\/2020\/12\/Pantheon-Paris-inside.jpg\" data-width=\"702\" data-height=\"468\" data-pin-media=\"http:\/\/paristouristinformation.fr\/fr\/wp-content\/uploads\/2021\/03\/prag_50_sehenswuerdigkeiten_pinterest-28.jpg\" data-pin-description=\"Discover one of the most famous mausoleum of the world, Pantheon of Paris. Know all the history and visit information of the monument : Tickets, Tours..\" data-pin-url=\"http:\/\/paristouristinformation.fr\/fr\/things-to-do\/church\/pantheon\/?tve=true&amp;tcbf=332f412a3c\" data-pinpro-key=\"ploja2gxq\" loading=\"lazy\"><\/span><\/p>\n<h2 id=\"t-1612280786283\" style=\"\">Histoire du Panth\u00e9on<\/h2>\n<p>L&rsquo;histoire du Panth\u00e9on est bas\u00e9e sur la <strong>promesse du roi Louis XV<\/strong>, qui d\u00e9clara construire une \u00e9glise sur le site d&rsquo;une ancienne abbaye en ruine d\u00e9di\u00e9e \u00e0 Sainte Genevi\u00e8ve, s&rsquo;il pouvait se d\u00e9barrasser des souffrances de sa maladie.<\/p>\n<p>La construction a commenc\u00e9 sur l&rsquo;ordre du roi Louis XV en 1758. Son ach\u00e8vement a \u00e9t\u00e9 retard\u00e9 en raison des difficult\u00e9s \u00e9conomiques. Il a finalement \u00e9t\u00e9 inaugur\u00e9 en 1790. Apr\u00e8s la R\u00e9volution fran\u00e7aise, il <strong>est devenu le mausol\u00e9e d&rsquo;un certain nombre de h\u00e9ros illustres<\/strong>. Depuis lors, le Panth\u00e9on a \u00e9t\u00e9 transform\u00e9 en \u00e9glise \u00e0 deux reprises, mais il a \u00e9t\u00e9 restaur\u00e9 pour servir de mausol\u00e9e.<\/p>\n<h2 id=\"t-1612280786284\" data-alt-text=\"Contact\" style=\"\">Contact<\/h2>\n<ul>\n<li><span style=\"\"><strong>Adresse :&nbsp;<\/strong>Place du Panth\u00e9on, 75005 Paris<\/span><\/li>\n<li><span style=\"\"><strong>Heures d&rsquo;ouverture : <\/strong>10h30 \u00e0 18h00 tous les jours.<\/span><\/li>\n<li><span><strong>Transports publics : <\/strong>Train : L, N, TER RER : B M\u00e9tro : 1, 4, 7, 10 Bus : 21, 27, 38, 82, 84, 85, 89<\/span><\/li>\n<li style=\"\"><span style=\"\"><strong>Site web :&nbsp;<\/strong><a href=\"http:\/\/www.paris-pantheon.fr\/\" style=\"outline: none;\" data-lt-tmp-id=\"lt-646424\" spellcheck=\"false\" target=\"_blank\" rel=\"noopener nofollow\">Paris-pantheon.fr\/<\/a>&nbsp;<\/span><\/li>\n<\/ul>\n<ul>\n<li><span style=\"\">Vous pr\u00e9parez votre voyage \u00e0 Paris ? Nous vous avons pr\u00e9par\u00e9 une<a href=\"https:\/\/paristouristinformation.fr\/fr\/choses-a-faire\/musees\/\" style=\"outline: none;\"> liste des 30 meilleurs mus\u00e9es \u00e0 visiter \u00e0 Paris.<\/a> Choisissez vos pr\u00e9f\u00e9r\u00e9s et cr\u00e9ez votre voyage parfait dans l&rsquo;histoire et la culture fran\u00e7aises.<\/span><\/li>\n<\/ul>\n<p>__CONFIG_colors_palette__{\u00ab\u00a0active_palette\u00a0\u00bb:0,\u00a0\u00bbconfig\u00a0\u00bb:{\u00ab\u00a0colors\u00a0\u00bb:{\u00ab\u00a050ce5\u00a0\u00bb:{\u00ab\u00a0name\u00a0\u00bb:\u00a0\u00bbMain Accent\u00a0\u00bb,\u00a0\u00bbparent\u00a0\u00bb:-1}},\u00a0\u00bbgradients\u00a0\u00bb:[]},\u00a0\u00bbpalettes\u00a0\u00bb:[{\u00ab\u00a0name\u00a0\u00bb:\u00a0\u00bbDefault Palette\u00a0\u00bb,\u00a0\u00bbvalue\u00a0\u00bb:{\u00ab\u00a0colors\u00a0\u00bb:{\u00ab\u00a050ce5\u00a0\u00bb:{\u00ab\u00a0val\u00a0\u00bb:\u00a0\u00bbvar(&#8211;tcb-skin-color-0)\u00a0\u00bb,\u00a0\u00bbhsl\u00a0\u00bb:{\u00ab\u00a0h\u00a0\u00bb:350,\u00a0\u00bbs\u00a0\u00bb:0.94,\u00a0\u00bbl\u00a0\u00bb:0.47,\u00a0\u00bba\u00a0\u00bb:1}}},\u00a0\u00bbgradients\u00a0\u00bb:[]},\u00a0\u00bboriginal\u00a0\u00bb:{\u00ab\u00a0colors\u00a0\u00bb:{\u00ab\u00a050ce5\u00a0\u00bb:{\u00ab\u00a0val\u00a0\u00bb:\u00a0\u00bbrgb(19, 114, 211)\u00a0\u00bb,\u00a0\u00bbhsl\u00a0\u00bb:{\u00ab\u00a0h\u00a0\u00bb:210,\u00a0\u00bbs\u00a0\u00bb:0.83,\u00a0\u00bbl\u00a0\u00bb:0.45,\u00a0\u00bba\u00a0\u00bb:1}}},\u00a0\u00bbgradients\u00a0\u00bb:[]}}]}__CONFIG_colors_palette__ <a href=\"https:\/\/paristouristinformation.fr\/fr\/choses-a-faire\/\" style=\"\"> <span><span style=\"\">Plus de choses \u00e0 faire \u00e0 Paris<\/span><\/span> <\/a> <\/p>\n<h2 style=\"\" id=\"t-1684919878920\">Tours et billets de Paris<\/h2>\n<p style=\"text-align: left;\">D\u00e9couvrez Paris aujourd&rsquo;hui avec les visites et les billets les plus pr\u00e9f\u00e9r\u00e9s, sans faire la queue.<\/p>\n<h2 style=\"\" id=\"t-1684919878921\">Articles connexes :<\/h2>\n<p><a href=\"https:\/\/www.paristouristinformation.fr\/fr\/choses-a-faire\/sous-la-pluie\/\" dynamic-postlink=\"tcb_post_the_permalink\" data-shortcode-id=\"4282\"><\/a><\/p>\n<h3 style=\"text-align: center; padding-top: 0px !important; margin-top: 0px !important;\"><span data-attr-link=\"1\" data-attr-rel=\"0\" data-attr-target=\"0\" data-extra_key=\"\" data-option-inline=\"1\" data-shortcode=\"tcb_post_title\" data-shortcode-name=\"Post title\" data-attr-css=\"\" data-attr-static-link=\"{&quot;className&quot;:&quot;&quot;,&quot;href&quot;:&quot;https:\/\/www.paristouristinformation.fr\/fr\/choses-a-faire\/sous-la-pluie\/&quot;,&quot;title&quot;:&quot;15 Choses \u00e0 faire lorsqu\u2019il pleut \u00e0 Paris&quot;,&quot;class&quot;:&quot;&quot;}\" style=\"\"><a href=\"https:\/\/www.paristouristinformation.fr\/fr\/choses-a-faire\/sous-la-pluie\/\" title=\"15 Choses \u00e0 faire lorsqu\u2019il pleut \u00e0 Paris\" data-css=\"\">15 Choses \u00e0 faire lorsqu\u2019il pleut \u00e0 Paris<\/a><\/span><\/h3>\n<p><a href=\"https:\/\/www.paristouristinformation.fr\/fr\/organisez-votre-voyage-a-paris\/3-jours\/\" dynamic-postlink=\"tcb_post_the_permalink\" data-shortcode-id=\"4282\"><\/a><\/p>\n<h3 style=\"text-align: center; padding-top: 0px !important; margin-top: 0px !important;\"><span data-attr-link=\"1\" data-attr-rel=\"0\" data-attr-target=\"0\" data-extra_key=\"\" data-option-inline=\"1\" data-shortcode=\"tcb_post_title\" data-shortcode-name=\"Post title\" data-attr-css=\"\" data-attr-static-link=\"{&quot;className&quot;:&quot;&quot;,&quot;href&quot;:&quot;https:\/\/www.paristouristinformation.fr\/fr\/choses-a-faire\/sous-la-pluie\/&quot;,&quot;title&quot;:&quot;15 Choses \u00e0 faire lorsqu\u2019il pleut \u00e0 Paris&quot;,&quot;class&quot;:&quot;&quot;}\" style=\"\"><a href=\"https:\/\/www.paristouristinformation.fr\/fr\/organisez-votre-voyage-a-paris\/3-jours\/\" title=\"Meilleur Itin\u00e9raire de 3 Jours pour D\u00e9butants \u00e0 Paris\" data-css=\"\">Meilleur Itin\u00e9raire de 3 Jours pour D\u00e9butants \u00e0 Paris<\/a><\/span><\/h3>\n<p><a href=\"https:\/\/www.paristouristinformation.fr\/fr\/choses-a-faire\/quartiers\/\" dynamic-postlink=\"tcb_post_the_permalink\" data-shortcode-id=\"4282\"><\/a><\/p>\n<h3 style=\"text-align: center; padding-top: 0px !important; margin-top: 0px !important;\"><span data-attr-link=\"1\" data-attr-rel=\"0\" data-attr-target=\"0\" data-extra_key=\"\" data-option-inline=\"1\" data-shortcode=\"tcb_post_title\" data-shortcode-name=\"Post title\" data-attr-css=\"\" data-attr-static-link=\"{&quot;className&quot;:&quot;&quot;,&quot;href&quot;:&quot;https:\/\/www.paristouristinformation.fr\/fr\/choses-a-faire\/sous-la-pluie\/&quot;,&quot;title&quot;:&quot;15 Choses \u00e0 faire lorsqu\u2019il pleut \u00e0 Paris&quot;,&quot;class&quot;:&quot;&quot;}\" style=\"\"><a href=\"https:\/\/www.paristouristinformation.fr\/fr\/choses-a-faire\/quartiers\/\" title=\"Quartiers Parisiens : Guide des 20 Arrondissements\" data-css=\"\">Quartiers Parisiens : Guide des 20 Arrondissements<\/a><\/span><\/h3>\n<p><a href=\"https:\/\/www.paristouristinformation.fr\/fr\/choses-a-faire\/eglise\/notre-dame\/\" dynamic-postlink=\"tcb_post_the_permalink\" data-shortcode-id=\"4282\"><\/a><\/p>\n<h3 style=\"text-align: center; padding-top: 0px !important; margin-top: 0px !important;\"><span data-attr-link=\"1\" data-attr-rel=\"0\" data-attr-target=\"0\" data-extra_key=\"\" data-option-inline=\"1\" data-shortcode=\"tcb_post_title\" data-shortcode-name=\"Post title\" data-attr-css=\"\" data-attr-static-link=\"{&quot;className&quot;:&quot;&quot;,&quot;href&quot;:&quot;https:\/\/www.paristouristinformation.fr\/fr\/choses-a-faire\/sous-la-pluie\/&quot;,&quot;title&quot;:&quot;15 Choses \u00e0 faire lorsqu\u2019il pleut \u00e0 Paris&quot;,&quot;class&quot;:&quot;&quot;}\" style=\"\"><a href=\"https:\/\/www.paristouristinformation.fr\/fr\/choses-a-faire\/eglise\/notre-dame\/\" title=\"A propos de la Cath\u00e9drale Notre-Dame de Paris : Feu, billets, histoire, faits [2023]\" data-css=\"\">A propos de la Cath\u00e9drale Notre-Dame de Paris : Feu, billets, histoire, faits [2023]<\/a><\/span><\/h3>\n","protected":false},"excerpt":{"rendered":"<p>Cach\u00e9 derri\u00e8re les rues \u00e9troites du Quartier latin de Paris, le Panth\u00e9on est un monument cher \u00e0 la capitale fran\u00e7aise. Construit \u00e0 l&rsquo;origine au 15e si\u00e8cle comme une \u00e9glise, il est devenu, apr\u00e8s la R\u00e9volution fran\u00e7aise, le lieu d&rsquo;hommage aux fun\u00e9railles de nombreux artistes. En effet, le Panth\u00e9on abrite aujourd&rsquo;hui les tombes de nombreux intellectuels [&hellip;]<\/p>\n","protected":false},"author":11,"featured_media":4173,"parent":5137,"menu_order":0,"comment_status":"closed","ping_status":"closed","template":"","meta":{"footnotes":""},"tags":[],"class_list":["post-3938","page","type-page","status-publish","has-post-thumbnail","hentry","post-wrapper","thrv_wrapper"],"_links":{"self":[{"href":"https:\/\/www.paristouristinformation.fr\/fr\/wp-json\/wp\/v2\/pages\/3938","targetHints":{"allow":["GET"]}}],"collection":[{"href":"https:\/\/www.paristouristinformation.fr\/fr\/wp-json\/wp\/v2\/pages"}],"about":[{"href":"https:\/\/www.paristouristinformation.fr\/fr\/wp-json\/wp\/v2\/types\/page"}],"author":[{"embeddable":true,"href":"https:\/\/www.paristouristinformation.fr\/fr\/wp-json\/wp\/v2\/users\/11"}],"replies":[{"embeddable":true,"href":"https:\/\/www.paristouristinformation.fr\/fr\/wp-json\/wp\/v2\/comments?post=3938"}],"version-history":[{"count":0,"href":"https:\/\/www.paristouristinformation.fr\/fr\/wp-json\/wp\/v2\/pages\/3938\/revisions"}],"up":[{"embeddable":true,"href":"https:\/\/www.paristouristinformation.fr\/fr\/wp-json\/wp\/v2\/pages\/5137"}],"wp:featuredmedia":[{"embeddable":true,"href":"https:\/\/www.paristouristinformation.fr\/fr\/wp-json\/wp\/v2\/media\/4173"}],"wp:attachment":[{"href":"https:\/\/www.paristouristinformation.fr\/fr\/wp-json\/wp\/v2\/media?parent=3938"}],"wp:term":[{"taxonomy":"post_tag","embeddable":true,"href":"https:\/\/www.paristouristinformation.fr\/fr\/wp-json\/wp\/v2\/tags?post=3938"}],"curies":[{"name":"wp","href":"https:\/\/api.w.org\/{rel}","templated":true}]}}