{"id":4035,"date":"2020-12-11T13:13:08","date_gmt":"2020-12-11T13:13:08","guid":{"rendered":"http:\/\/paristouristinformation.fr\/fr\/gruppenreisen\/clone-of-executive-transfer-limousinen-vip-transfer\/"},"modified":"2023-05-16T09:23:53","modified_gmt":"2023-05-16T09:23:53","slug":"transfert-executif","status":"publish","type":"page","link":"https:\/\/www.paristouristinformation.fr\/fr\/voyage-de-groupe-paris\/transfert-executif\/","title":{"rendered":"Transferts d&#8217;entreprises, Limousines et transferts VIP"},"content":{"rendered":"<h1>Transfert ex\u00e9cutif depuis les a\u00e9roports de Paris<\/h1>\n<p>Service de limousine 24 heures sur 24 et 7 jours sur 7 avec des tarifs fixes \u00e0 partir des a\u00e9roports de Paris-Charles-de-Gaulle, Paris-Orly, Paris-Beauvais-Till\u00e9 et Le Bourget.<\/p>\n<h2>Vous \u00eates en de bonnes mains avec nous<\/h2>\n<p>C&rsquo;est la fa\u00e7on dont vous traitez vos employ\u00e9s qui distingue les entreprises.Nous serons heureux d&rsquo;organiser votre transfert depuis les a\u00e9roports Paris-Charles-de-Gaulle [CDG], Paris-Orly [ORY], Paris-Beauvais-Till\u00e9 [BVA], l&rsquo;a\u00e9roport priv\u00e9 du Bourget [LBG], la gare, une longue distance, un service d&rsquo;affaires ou un lieu choisi individuellement.Assurer un processus sans heurts est la priorit\u00e9 absolue de notre service de limousine \u00e0 Paris 24\/7.En tant qu&rsquo;agence de services complets, l&rsquo;Office du Tourisme de Paris s&rsquo;occupe de toutes les questions li\u00e9es aux voyages d&rsquo;affaires. Nous prenons en charge le transfert des cadres jusqu&rsquo;au programme d&rsquo;accompagnement en passant par l&rsquo;h\u00f4tel de la conf\u00e9rence.<\/p>\n<h3>Service personnalis\u00e9, Limousines exclusives<\/h3>\n<p>Nos chauffeurs fiables en costume vous accueilleront devant la sortie de l&rsquo;a\u00e9roport, munis d&rsquo;un panneau portant votre nom.Votre chauffeur apportera vos bagages dans nos limousines \u00e9quip\u00e9es du WIFI.<\/p>\n<ul>\n<li><span style=\"\"><strong><span style=\"\">Taux fixes<\/span><\/strong><\/span><\/li>\n<li style=\"\"><span style=\"\"><strong><span style=\"\">Assistance client\u00e8le 24\/7<\/span><\/strong><\/span><\/li>\n<li style=\"\"><span style=\"\"><strong><span style=\"\"><strong><span>Transfert fiable<\/span><\/strong><\/span><\/strong><\/span><\/li>\n<\/ul>\n<h2>Questions fr\u00e9quemment pos\u00e9es :<\/h2>\n<h2 style=\"text-align: center;\">Notre best-seller<\/h2>\n<p><a href=\"#\"><span><span>Instance 1<\/span><\/span><\/a><\/p>\n<h5 style=\"\">VAN D&rsquo;AFFAIRES<\/h5>\n<p>&nbsp;<span><img decoding=\"async\" alt=\"Business Van\" data-id=\"2919\" width=\"284\" data-init-width=\"1000\" height=\"189\" data-init-height=\"667\" title=\"Business Van\" src=\"http:\/\/paristouristinformation.fr\/fr\/wp-content\/uploads\/2020\/11\/Business-Van.jpg\" data-width=\"284\" data-height=\"189\" style=\"\" loading=\"lazy\"><\/span><\/p>\n<p><em>Groupe d&rsquo;entreprises<\/em><\/p>\n<p>\u00c0 partir de<\/p>\n<p>&nbsp;<\/p>\n<p>\u20ac 79.00<\/p>\n<ul>\n<li> <span>24 heures sur 24<\/span><\/li>\n<li> <span>max. 8 passagers<\/span><\/li>\n<li> <span>max. 10 pi\u00e8ces de bagage<\/span><\/li>\n<li> <span>fen\u00eatres teint\u00e9es<\/span><\/li>\n<li> <span>empattement extra long<\/span><\/li>\n<\/ul>\n<h5>MERCEDES E-CLASSE<\/h5>\n<p><span><img decoding=\"async\" alt=\"Mercedes E\" data-id=\"2921\" width=\"284\" data-init-width=\"1000\" height=\"189\" data-init-height=\"667\" title=\"Mercedes E\" src=\"http:\/\/paristouristinformation.fr\/fr\/wp-content\/uploads\/2020\/11\/Mercedes-E.jpg\" data-width=\"284\" data-height=\"189\" style=\"\" loading=\"lazy\"><\/span><\/p>\n<p><em>Classe Affaires<\/em><\/p>\n<p>\u00c0 partir de<\/p>\n<p>&nbsp;<\/p>\n<p>\u20ac 79.00<\/p>\n<ul>\n<li> <span>24 heures sur 24<\/span><\/li>\n<li> <span>max. 4 passagers<\/span><\/li>\n<li> <span>max. 3 pi\u00e8ces de bagage<\/span><\/li>\n<li> <span>fen\u00eatres teint\u00e9es<\/span><\/li>\n<li> <span>4-matic, empattement long<\/span><\/li>\n<li> <span>Climatronique<\/span><\/li>\n<\/ul>\n<h5 style=\"\">BMW S\u00c9RIE 7<\/h5>\n<p>&nbsp;<span><img decoding=\"async\" alt=\"7ER BMW\" data-id=\"2922\" width=\"284\" data-init-width=\"1000\" height=\"189\" data-init-height=\"667\" title=\"7ER BMW\" src=\"http:\/\/paristouristinformation.fr\/fr\/wp-content\/uploads\/2020\/11\/7ER-BMW.jpg\" data-width=\"284\" data-height=\"189\" style=\"\" loading=\"lazy\"><\/span><\/p>\n<p><em>Premi\u00e8re classe<\/em><\/p>\n<p>\u00c0 partir de<\/p>\n<p>\u20ac 99.00<\/p>\n<ul>\n<li> <span>24 heures sur 24<\/span><\/li>\n<li> <span>max. 4 passagers<\/span><\/li>\n<li> <span>max. 3 pi\u00e8ces de bagage<\/span><\/li>\n<li> <span>fen\u00eatres teint\u00e9es<\/span><\/li>\n<li> <span>Ex\u00e9cutif-Pilote-Pro<\/span><\/li>\n<\/ul>\n<h2 style=\"text-align: center;\">Quels types de transferts sont disponibles ?<\/h2>\n<p style=\"text-align: center;\">Qu&rsquo;il s&rsquo;agisse de limousines, de v\u00e9hicules blind\u00e9s ou d&rsquo;autobus pour groupes, nous vous proposons le v\u00e9hicule adapt\u00e9 \u00e0 vos besoins. En outre, beaucoup de nos chauffeurs travaillent comme gardes du corps.<\/p>\n<h3 style=\"\">1. Service de limousine<\/h3>\n<p style=\"\">Nous disposons de limousines exclusives, de la Mercedes-Benz Classe E \u00e0 la BMW S\u00e9rie 5 en passant par des v\u00e9hicules \u00e9cologiques \u00e0 moteur \u00e9lectrique.<\/p>\n<p style=\"\">Aucun des v\u00e9hicules n&rsquo;a plus de trois ans. Les v\u00e9hicules sont enti\u00e8rement \u00e9quip\u00e9s et de couleur sombre. Selon vos pr\u00e9f\u00e9rences, ils peuvent \u00eatre voyants ou conservateurs. Nous nous adaptons enti\u00e8rement \u00e0 vos besoins.<\/p>\n<h3 style=\"\">2. Les v\u00e9hicules blind\u00e9s<\/h3>\n<p style=\"\">Nous travaillons avec des chauffeurs qui font \u00e9galement office de gardes du corps \u00e0 Paris.<\/p>\n<p style=\"\">Sur demande, nous disposons de v\u00e9hicules conformes aux exigences de s\u00e9curit\u00e9 ainsi que de protections personnelles suppl\u00e9mentaires.<\/p>\n<h3 style=\"\">3. Autobus exclusifs ou fourgonnettes d&rsquo;affaires pour les groupes<\/h3>\n<p style=\"\">Pour les d\u00e9l\u00e9gations, nous organisons des transferts de groupe avec des bus ou des minibus exclusifs. En outre, les coll\u00e8gues peuvent explorer Paris avec notre transfert en bus exclusif.<\/p>\n<p style=\"\">Lors du choix d&rsquo;un bus, nous r\u00e9pondrons pleinement \u00e0 vos souhaits et besoins, par exemple des bus avec des vitres teint\u00e9es et des si\u00e8ges en cuir.<\/p>\n<h2>Une proc\u00e9dure fluide et une exp\u00e9rience VIP<\/h2>\n<p>Arriver \u00e0 l&rsquo;heure est de la plus haute importance pour les VIP.Ce facteur est crucial pour le bon d\u00e9roulement des r\u00e9unions, des \u00e9v\u00e9nements et des congr\u00e8s. Nos chauffeurs exp\u00e9riment\u00e9s \u00e0 Paris attachent \u00e9galement une grande importance \u00e0 la ponctualit\u00e9.En tant qu&rsquo;agence \u00e0 service complet, l&rsquo;Office du Tourisme de Paris prend en charge l&rsquo;ensemble des d\u00e9marches \u00e0 Paris. Avec nous, vous pouvez coordonner vos r\u00e9unions, \u00e9v\u00e9nements et voyages d&rsquo;affaires avec un seul interlocuteur sur place. Votre vol est retard\u00e9 ? Pas de probl\u00e8me. Nous nous occupons du lieu ou des incitations pr\u00e9vues et reportons la restauration.Bien entendu, il est \u00e9galement possible de r\u00e9server s\u00e9par\u00e9ment les transferts et les services de limousine.Les v\u00e9hicules sont factur\u00e9s \u00e0 un tarif fixe par heure ou par jour. Des bus exclusifs sont disponibles pour le transfert de groupes en ville.Si vous avez des demandes particuli\u00e8res, veuillez nous contacter pour une premi\u00e8re consultation gratuite au cours de laquelle nous analyserons vos souhaits et vos besoins.<\/p>\n<h3>Un service complet aupr\u00e8s d&rsquo;une seule source :<\/h3>\n<ul>\n<li style=\"\"><span style=\"\"><strong>Assistance client\u00e8le 24 heures sur 24 et 7 jours sur 7 :<\/strong> Assistance t\u00e9l\u00e9phonique disponible 24 heures sur 24, par exemple en cas de retard d&rsquo;un vol.<\/span><\/li>\n<li><span><strong>D&rsquo;une seule source : <\/strong>Avec nous, vous n&rsquo;avez qu&rsquo;une seule personne de contact \u00e0 Paris qui s&rsquo;occupe de toutes les d\u00e9marches ult\u00e9rieures. La conf\u00e9rence est report\u00e9e ? Le vol est retard\u00e9 ? Le transfert est demand\u00e9 plus t\u00f4t ? Aucun probl\u00e8me. Nous assurons le bon d\u00e9roulement des op\u00e9rations sur place.<\/span><\/li>\n<li><span><strong>Consultation initiale gratuite : <\/strong>Vous \u00eates \u00e0 la recherche d&rsquo;un transfert sp\u00e9cial \u00e0 Paris ou vous souhaitez une offre individuelle compl\u00e8te pour le traitement de votre \u00e9v\u00e9nement ? La premi\u00e8re \u00e9tape est une consultation initiale gratuite avec un examen de vos besoins.<\/span><\/li>\n<\/ul>\n<h2 style=\"text-align: center;\">Consultation initiale gratuite<\/h2>\n<p style=\"text-align: center;\">Nous serions heureux de discuter de vos attentes. Vous pouvez nous contacter par [Company] MICE Telefonnummer, E-Mail \u00e0 [Company] MICE E-Mail ou en utilisant le formulaire de contact.<\/p>\n","protected":false},"excerpt":{"rendered":"<p>Transfert ex\u00e9cutif depuis les a\u00e9roports de Paris Service de limousine 24 heures sur 24 et 7 jours sur 7 avec des tarifs fixes \u00e0 partir des a\u00e9roports de Paris-Charles-de-Gaulle, Paris-Orly, Paris-Beauvais-Till\u00e9 et Le Bourget. Vous \u00eates en de bonnes mains avec nous C&rsquo;est la fa\u00e7on dont vous traitez vos employ\u00e9s qui distingue les entreprises.Nous serons [&hellip;]<\/p>\n","protected":false},"author":9,"featured_media":2219,"parent":3970,"menu_order":0,"comment_status":"closed","ping_status":"closed","template":"","meta":{"footnotes":""},"tags":[],"class_list":["post-4035","page","type-page","status-publish","has-post-thumbnail","hentry","post-wrapper","thrv_wrapper"],"_links":{"self":[{"href":"https:\/\/www.paristouristinformation.fr\/fr\/wp-json\/wp\/v2\/pages\/4035","targetHints":{"allow":["GET"]}}],"collection":[{"href":"https:\/\/www.paristouristinformation.fr\/fr\/wp-json\/wp\/v2\/pages"}],"about":[{"href":"https:\/\/www.paristouristinformation.fr\/fr\/wp-json\/wp\/v2\/types\/page"}],"author":[{"embeddable":true,"href":"https:\/\/www.paristouristinformation.fr\/fr\/wp-json\/wp\/v2\/users\/9"}],"replies":[{"embeddable":true,"href":"https:\/\/www.paristouristinformation.fr\/fr\/wp-json\/wp\/v2\/comments?post=4035"}],"version-history":[{"count":0,"href":"https:\/\/www.paristouristinformation.fr\/fr\/wp-json\/wp\/v2\/pages\/4035\/revisions"}],"up":[{"embeddable":true,"href":"https:\/\/www.paristouristinformation.fr\/fr\/wp-json\/wp\/v2\/pages\/3970"}],"wp:featuredmedia":[{"embeddable":true,"href":"https:\/\/www.paristouristinformation.fr\/fr\/wp-json\/wp\/v2\/media\/2219"}],"wp:attachment":[{"href":"https:\/\/www.paristouristinformation.fr\/fr\/wp-json\/wp\/v2\/media?parent=4035"}],"wp:term":[{"taxonomy":"post_tag","embeddable":true,"href":"https:\/\/www.paristouristinformation.fr\/fr\/wp-json\/wp\/v2\/tags?post=4035"}],"curies":[{"name":"wp","href":"https:\/\/api.w.org\/{rel}","templated":true}]}}