{"id":4049,"date":"2020-12-13T09:51:22","date_gmt":"2020-12-13T09:51:22","guid":{"rendered":"http:\/\/paristouristinformation.fr\/fr\/?page_id=4049"},"modified":"2023-05-16T06:47:08","modified_gmt":"2023-05-16T06:47:08","slug":"musee-montmarte","status":"publish","type":"page","link":"https:\/\/www.paristouristinformation.fr\/fr\/choses-a-faire\/musees\/musee-montmarte\/","title":{"rendered":"Guide du mus\u00e9e de Montmartre \u00e0 Paris : Conseils &#038; Histoire"},"content":{"rendered":"<p>Lors de votre visite de la ville de Paris, vous ne pourrez pas manquer le quartier des artistes appel\u00e9 <a href=\"https:\/\/paristouristinformation.fr\/fr\/choses-a-faire\/quartiers\/montmartre\/\">quartier Montmartre.<\/a> Montmartre est le quartier de Paris d\u00e9di\u00e9 \u00e0 la vie de boh\u00e8me, \u00e0 l&rsquo;art, aux r\u00eaves et aux contes de f\u00e9es.Le mus\u00e9e de Montmartre est un endroit parfait pour apprendre l&rsquo;histoire du quartier de Montmartre qui \u00e9tait aussi l&rsquo;environnement de travail des nombreux artistes impressionnistes qui ont v\u00e9cu aux 19\u00e8me et 20\u00e8me si\u00e8cles.Dans cet article, nous allons d\u00e9couvrir toutes les informations importantes que vous devez conna\u00eetre avant de visiter le mus\u00e9e de Montmartre.<\/p>\n<h2 id=\"t-1612272670079\" data-alt-text=\"What can I do at the Museum ?\">Que puis-je faire au mus\u00e9e de Montmartre ?<\/h2>\n<p><span><img decoding=\"async\" alt=\"\" data-id=\"1740\" width=\"702\" data-init-width=\"1200\" height=\"456\" data-init-height=\"779\" title=\"Paris Montmartre Souvenir Shop\" src=\"http:\/\/paristouristinformation.fr\/fr\/wp-content\/uploads\/2020\/10\/Paris-Montmartre-Souvenir-Shop.jpg\" data-width=\"702\" data-height=\"456\" data-pinpro-key=\"9swmnd0t0\" loading=\"lazy\"><\/span><\/p>\n<p>Votre visite au mus\u00e9e de Montmartre, avec son b\u00e2timent historique, ses jardins et ses expositions, vous permettra de mieux appr\u00e9cier la colline qui surplombe Paris.Vous pouvez voir les vieilles photos des personnes qui ont v\u00e9cu ici et lire les <strong>souvenirs du quartier.<\/strong><\/p>\n<p><strong> <\/strong><\/p>\n<p>Une pr\u00e9sentation th\u00e9matique vous attend montrant la <strong>chronologie de Montmartre<\/strong>, depuis l&rsquo;\u00e9poque o\u00f9 il s&rsquo;agissait d&rsquo;un petit village aux abords de Paris jusqu&rsquo;\u00e0 aujourd&rsquo;hui en tant que destination touristique populaire. Le mus\u00e9e accueille souvent des expositions temporaires en plus de sa collection permanente unique.Le mus\u00e9e de Montmartre poss\u00e8de de magnifiques jardins et cours r\u00e9nov\u00e9s d&rsquo;apr\u00e8s les peintures de Renoir, ainsi qu&rsquo;un<strong> joli vignoble<\/strong> o\u00f9 vous pourrez d\u00e9guster et acheter du vin de Montmartre.<\/p>\n<h3 data-block=\"f4f678cb-771d-429a-b36b-253ed3b5b398\" data-title=\"Heading\" data-type=\"core\/heading\" tabindex=\"0\">Caf\u00e9 Renoir<\/h3>\n<p>Il dispose d&rsquo;un petit caf\u00e9 o\u00f9 vous pouvez prendre un d\u00e9jeuner l\u00e9ger et savoureux lors de votre visite de Montmartre avec la vue sur les jolis vignobles.<\/p>\n<h2 id=\"t-1612272670080\" data-alt-text=\"Entrance, Tickets and Tours \">Entr\u00e9es, billets et visites au mus\u00e9e de Montmartre<\/h2>\n<ul>\n<li><strong>Le mus\u00e9e<\/strong> est ouvert de 11h00 \u00e0 18h00 en semaine et de 11h00 \u00e0 19h00 le week-end.<\/li>\n<li><strong>Le Caf\u00e9 Renoir <\/strong>est ouvert de 11h30 \u00e0 17h00 en semaine et de 11h30 \u00e0 18h00 le week-end.<\/li>\n<\/ul>\n<ul>\n<li style=\"\"><span style=\"\"><strong>Billets : <\/strong>Les billets d&rsquo;entr\u00e9e au mus\u00e9e Montmartre sont disponibles sur le <a href=\"https:\/\/museedemontmartre.tickeasy.com\/en-GB\/home\" target=\"_blank\" rel=\"noopener nofollow\">site officiel.<\/a>Le billet en ligne comprend un audioguide en anglais, fran\u00e7ais, allemand, italien, espagnol, russe, japonais. La visite audio dure environ 90 minutes.<\/span><\/li>\n<\/ul>\n<ul>\n<li><span style=\"\">Pour gagner du temps et de l&rsquo;argent et \u00e9viter les tracas, vous pouvez pr\u00e9parer votre voyage en achetant \u00e0 l&rsquo;avance tous les billets en ligne dont vous avez besoin dans notre boutique officielle <a href=\"https:\/\/paristouristinformation.fr\/fr\/visites-guidees-et-billets\/\">Paris Tickets Shop.<\/a><\/span><\/li>\n<\/ul>\n<p>__CONFIG_colors_palette__{\u00ab\u00a0active_palette\u00a0\u00bb:0,\u00a0\u00bbconfig\u00a0\u00bb:{\u00ab\u00a0colors\u00a0\u00bb:{\u00ab\u00a0f8570\u00a0\u00bb:{\u00ab\u00a0name\u00a0\u00bb:\u00a0\u00bbMain Accent\u00a0\u00bb,\u00a0\u00bbparent\u00a0\u00bb:-1}},\u00a0\u00bbgradients\u00a0\u00bb:[]},\u00a0\u00bbpalettes\u00a0\u00bb:[{\u00ab\u00a0name\u00a0\u00bb:\u00a0\u00bbDefault Palette\u00a0\u00bb,\u00a0\u00bbvalue\u00a0\u00bb:{\u00ab\u00a0colors\u00a0\u00bb:{\u00ab\u00a0f8570\u00a0\u00bb:{\u00ab\u00a0val\u00a0\u00bb:\u00a0\u00bbvar(&#8211;tcb-skin-color-0)\u00a0\u00bb}},\u00a0\u00bbgradients\u00a0\u00bb:[]},\u00a0\u00bboriginal\u00a0\u00bb:{\u00ab\u00a0colors\u00a0\u00bb:{\u00ab\u00a0f8570\u00a0\u00bb:{\u00ab\u00a0val\u00a0\u00bb:\u00a0\u00bbrgb(19, 114, 211)\u00a0\u00bb,\u00a0\u00bbhsl\u00a0\u00bb:{\u00ab\u00a0h\u00a0\u00bb:210,\u00a0\u00bbs\u00a0\u00bb:0.83,\u00a0\u00bbl\u00a0\u00bb:0.45}}},\u00a0\u00bbgradients\u00a0\u00bb:[]}}]}__CONFIG_colors_palette__ <a href=\"https:\/\/paristouristinformation.fr\/fr\/visites-guidees-et-billets\/\"> <span><span style=\"\">Acc\u00e9der au Paris Tickets Shop<\/span><\/span> <\/a><\/p>\n<h2 id=\"t-1612272670081\" data-alt-text=\"How to get to&nbsp;the Museum\">Comment se rendre au mus\u00e9e de Montmartre ?<\/h2>\n<p><span><img decoding=\"async\" alt=\"Montmartre Funicular in Paris in France\" data-id=\"4107\" width=\"702\" data-init-width=\"1000\" height=\"468\" data-init-height=\"667\" title=\"Montmartre Funicular in Paris in France\" src=\"http:\/\/paristouristinformation.fr\/fr\/wp-content\/uploads\/2020\/12\/shutterstock_1104835676.jpg\" data-width=\"702\" data-height=\"468\" data-pinpro-key=\"gsl1ztde5\" loading=\"lazy\"><\/span><\/p>\n<p><strong>M\u00e9tro :<\/strong> Il n&rsquo;y a pas de m\u00e9tro jusqu&rsquo;\u00e0 la colline. Vous pouvez descendre \u00e0 la station \u00ab\u00a0Anvers\u00a0\u00bb et prendre le funiculaire de Montmartre pour monter. Une autre option est de descendre \u00e0 la station \u00ab\u00a0Pigalle\u00a0\u00bb sur la ligne 2, prendre le Montmartobus et s&rsquo;arr\u00eater \u00e0 Saules-Cortot.<\/p>\n<p>__CONFIG_colors_palette__{\u00ab\u00a0active_palette\u00a0\u00bb:0,\u00a0\u00bbconfig\u00a0\u00bb:{\u00ab\u00a0colors\u00a0\u00bb:{\u00ab\u00a050ce5\u00a0\u00bb:{\u00ab\u00a0name\u00a0\u00bb:\u00a0\u00bbMain Accent\u00a0\u00bb,\u00a0\u00bbparent\u00a0\u00bb:-1}},\u00a0\u00bbgradients\u00a0\u00bb:[]},\u00a0\u00bbpalettes\u00a0\u00bb:[{\u00ab\u00a0name\u00a0\u00bb:\u00a0\u00bbDefault Palette\u00a0\u00bb,\u00a0\u00bbvalue\u00a0\u00bb:{\u00ab\u00a0colors\u00a0\u00bb:{\u00ab\u00a050ce5\u00a0\u00bb:{\u00ab\u00a0val\u00a0\u00bb:\u00a0\u00bbvar(&#8211;tcb-skin-color-0)\u00a0\u00bb}},\u00a0\u00bbgradients\u00a0\u00bb:[]},\u00a0\u00bboriginal\u00a0\u00bb:{\u00ab\u00a0colors\u00a0\u00bb:{\u00ab\u00a050ce5\u00a0\u00bb:{\u00ab\u00a0val\u00a0\u00bb:\u00a0\u00bbrgb(19, 114, 211)\u00a0\u00bb,\u00a0\u00bbhsl\u00a0\u00bb:{\u00ab\u00a0h\u00a0\u00bb:210,\u00a0\u00bbs\u00a0\u00bb:0.83,\u00a0\u00bbl\u00a0\u00bb:0.45,\u00a0\u00bba\u00a0\u00bb:1}}},\u00a0\u00bbgradients\u00a0\u00bb:[]}}]}__CONFIG_colors_palette__ <a href=\"https:\/\/paristouristinformation.fr\/fr\/organisez-votre-voyage-a-paris\/transports-en-commun\/\"> <span><span style=\"\">Guide des transports publics \u00e0 Paris<\/span><\/span> <\/a><\/p>\n<h2 id=\"t-1612272670082\">FAQ (Foire aux questions)<\/h2>\n<h2 id=\"t-1612272670083\" data-alt-text=\"History of the Museum\">Histoire du Mus\u00e9e de Montmartre<\/h2>\n<p><span><img decoding=\"async\" alt=\"\" data-id=\"1737\" width=\"702\" data-init-width=\"1200\" height=\"468\" data-init-height=\"800\" title=\"Paris Montmartre Museum Water Tower\" src=\"http:\/\/paristouristinformation.fr\/fr\/wp-content\/uploads\/2020\/10\/Paris-Montmartre-Museum-Water-Tower.jpg\" data-width=\"702\" data-height=\"468\" data-pinpro-key=\"a9aw45nxy\" loading=\"lazy\"><\/span><\/p>\n<p>Le b\u00e2timent historique du mus\u00e9e, appel\u00e9 autrefois \u00ab\u00a0Maison Bel Air\u00a0\u00bb, \u00e9rig\u00e9 au XVIIe si\u00e8cle, est la plus ancienne maison du quartier.En arrivant \u00e0 Montmartre, de nombreux artistes ont trouv\u00e9 un environnement propice \u00e0 la joie, \u00e0 l&rsquo;humour et \u00e0 la cr\u00e9ativit\u00e9.<strong>La Maison de Bel Air<\/strong> est devenue un lieu d&rsquo;\u00e9vasion pour les artistes au d\u00e9but du 20e si\u00e8cle, face \u00e0 la mont\u00e9e de la classe bourgeoise qui consacrait sa vie \u00e0 de grands id\u00e9aux et \u00e0 la pression \u00e9crasante de la soci\u00e9t\u00e9.Elle a \u00e9t\u00e9 utilis\u00e9e comme r\u00e9sidence ou comme atelier par de nombreux artistes de renom tels qu&rsquo;Auguste Renoir, Suzanne Valadon, Maurice Utrillo.Auguste Renoir y a lou\u00e9 un atelier entre les ann\u00e9es 1875 et 1877. Il a peint certains de ses tableaux c\u00e9l\u00e8bres tels que \u00ab\u00a0Le berceau\u00a0\u00bb, une sc\u00e8ne dans le jardin de la maison, et \u00ab\u00a0La danse au Moulin de la Galette\u00a0\u00bb pendant son s\u00e9jour.Le mus\u00e9e de Montmartre a \u00e9t\u00e9 fond\u00e9 en 1960. En 2014, une vaste r\u00e9novation a eu lieu et de nouveaux espaces ont \u00e9t\u00e9 ouverts, notamment l&rsquo;appartement de Suzanne Valadon et Maurice Utrillo, l&rsquo;h\u00f4tel Demarne pour les expositions temporaires.<\/p>\n<h2 id=\"t-1612272670084\" data-alt-text=\"Contact\">Contact et plan d&rsquo;acc\u00e8s<\/h2>\n<ul>\n<li><span style=\"\"><strong>Adresse :&nbsp;<\/strong>12, rue Cortot 75018 Paris &#8211; France<\/span><\/li>\n<li><span style=\"\"><strong>Heures d&rsquo;ouverture : <\/strong>Tous les jours de 11 h \u00e0 18 h en semaine, jusqu&rsquo;\u00e0 19 h le week-end. Ferm\u00e9 le mardi.<\/span><\/li>\n<li><span style=\"\"><strong>Transports en commun : <\/strong>Vous pouvez descendre \u00e0 la station de m\u00e9tro \u00ab\u00a0Anvers\u00a0\u00bb et prendre le funiculaire de Montmartre pour monter.<\/span><\/li>\n<li style=\"\"><span style=\"\"><strong>Website:&nbsp;<\/strong><a href=\"https:\/\/museedemontmartre.fr\/en\/le-musee\/\" target=\"_blank\" rel=\"noopener nofollow\">www.museedemontmartre.fr\/en\/<\/a><\/span><\/li>\n<\/ul>\n<ul>\n<li><span style=\"\">Vous cherchez d&rsquo;autres mus\u00e9es \u00e0 visiter \u00e0 Paris ? Consultez notre liste des <a href=\"https:\/\/paristouristinformation.fr\/fr\/choses-a-faire\/musees\/\">30 meilleurs mus\u00e9es \u00e0 visiter \u00e0 Paris.<\/a><\/span><\/li>\n<\/ul>\n<p>__CONFIG_colors_palette__{\u00ab\u00a0active_palette\u00a0\u00bb:0,\u00a0\u00bbconfig\u00a0\u00bb:{\u00ab\u00a0colors\u00a0\u00bb:{\u00ab\u00a050ce5\u00a0\u00bb:{\u00ab\u00a0name\u00a0\u00bb:\u00a0\u00bbMain Accent\u00a0\u00bb,\u00a0\u00bbparent\u00a0\u00bb:-1}},\u00a0\u00bbgradients\u00a0\u00bb:[]},\u00a0\u00bbpalettes\u00a0\u00bb:[{\u00ab\u00a0name\u00a0\u00bb:\u00a0\u00bbDefault Palette\u00a0\u00bb,\u00a0\u00bbvalue\u00a0\u00bb:{\u00ab\u00a0colors\u00a0\u00bb:{\u00ab\u00a050ce5\u00a0\u00bb:{\u00ab\u00a0val\u00a0\u00bb:\u00a0\u00bbvar(&#8211;tcb-skin-color-0)\u00a0\u00bb}},\u00a0\u00bbgradients\u00a0\u00bb:[]},\u00a0\u00bboriginal\u00a0\u00bb:{\u00ab\u00a0colors\u00a0\u00bb:{\u00ab\u00a050ce5\u00a0\u00bb:{\u00ab\u00a0val\u00a0\u00bb:\u00a0\u00bbrgb(19, 114, 211)\u00a0\u00bb,\u00a0\u00bbhsl\u00a0\u00bb:{\u00ab\u00a0h\u00a0\u00bb:210,\u00a0\u00bbs\u00a0\u00bb:0.83,\u00a0\u00bbl\u00a0\u00bb:0.45,\u00a0\u00bba\u00a0\u00bb:1}}},\u00a0\u00bbgradients\u00a0\u00bb:[]}}]}__CONFIG_colors_palette__ <a href=\"https:\/\/paristouristinformation.fr\/fr\/choses-a-faire\/musees\/\"> <span><span>Autres mus\u00e9es \u00e0 visiter \u00e0 Paris<\/span><\/span> <\/a><\/p>\n<h2 id=\"t-1601911056464\" style=\"text-align: center;\" data-alt-text=\"Get YourMobileGuide App\">Un guide local dans votre poche !<\/h2>\n<p><span><img decoding=\"async\" alt=\"\" data-id=\"9833\" width=\"500\" data-init-width=\"1132\" height=\"225\" data-init-height=\"510\" title=\"yourmobileguide red logo\" src=\"http:\/\/paristouristinformation.fr\/fr\/wp-content\/uploads\/2021\/09\/yourmobileguide-red-logo.png\" data-width=\"500\" data-height=\"225\" data-pinpro-key=\"x1sgx0m59\" loading=\"lazy\"><\/span><\/p>\n<p>D\u00e9couvrez Paris \u00e0 votre rythme gr\u00e2ce \u00e0 notre application. B\u00e9n\u00e9ficiez de guides de la ville et de billets \u00e0 prix r\u00e9duits.<\/p>\n<h2 style=\"\" id=\"t-1645861118621\">Articles connexes :<\/h2>\n<div class=\"tcb-post-list tve-content-list thrv_wrapper\" data-type=\"grid\" data-pagination-type=\"none\" data-pages_near_current=\"2\" data-css=\"tve-u-17de0f16c93\" data-total_post_count=\"4\" data-total_sticky_count=\"0\" data-no_posts_text=\"There are no posts to display.\"><article id=\"post-68\" class=\"post-68 page type-page status-publish has-post-thumbnail hentry post-wrapper thrv_wrapper thrive-animated-item  tve_evt_manager_listen tve_ea_thrive_animation tve_et_mouseover tve_anim_grow\" tcb_hover_state_parent=\"\" class=\"tve_evt_manager_listen tve_ea_thrive_animation tve_et_mouseover tve_anim_grow\" data-id=\"68\" data-selector=\".post-wrapper\"><style class=\"tcb-post-list-dynamic-style\" type=\"text\/css\">@media (min-width: 300px){[].tcb-post-list #post-68 []{background-image: url(\u00ab\u00a0https:\/\/www.paristouristinformation.fr\/fr\/wp-content\/uploads\/2021\/02\/Top-30-Best-Museums-to-Visit-in-Paris-1024x538.jpg\u00ab\u00a0) !important;}[].tcb-post-list #post-68 []:hover []{background-image: url(\u00ab\u00a0https:\/\/www.paristouristinformation.fr\/fr\/wp-content\/uploads\/2021\/02\/Top-30-Best-Museums-to-Visit-in-Paris-1024x538.jpg\u00ab\u00a0) !important;}}<\/style><a href=\"https:\/\/www.paristouristinformation.fr\/fr\/choses-a-faire\/musees\/\" dynamic-postlink=\"tcb_post_the_permalink\" data-shortcode-id=\"68\"><\/a><\/p>\n<h3 style=\"text-align: center; padding-top: 0px !important; margin-top: 0px !important;\"><span data-attr-link=\"1\" data-attr-rel=\"0\" data-attr-target=\"0\" data-extra_key=\"\" data-option-inline=\"1\" data-shortcode=\"tcb_post_title\" data-shortcode-name=\"Post title\" data-attr-css=\"\" data-attr-static-link=\"{&quot;className&quot;:&quot;tve-froala fr-basic&quot;,&quot;href&quot;:&quot;https:\/\/www.paristouristinformation.fr\/fr\/choses-a-faire\/musees\/&quot;,&quot;title&quot;:&quot;Les 30 meilleurs mus\u00e9es \u00e0 visiter \u00e0 Paris : Billets, emplacement &amp; Conseils&quot;,&quot;class&quot;:&quot;tve-froala fr-basic&quot;}\" style=\"\"><a href=\"https:\/\/www.paristouristinformation.fr\/fr\/choses-a-faire\/musees\/\" title=\"30 Meilleurs mus\u00e9es \u00e0 visiter \u00e0 Paris : Billets, emplacement &amp; Conseils\" data-css=\"\" class=\"tve-froala fr-basic\">30 Meilleurs mus\u00e9es \u00e0 visiter \u00e0 Paris : Billets, emplacement &amp; Conseils<\/a><\/span><\/h3>\n<p><\/article><article id=\"post-1665\" class=\"post-1665 page type-page status-publish has-post-thumbnail hentry post-wrapper thrv_wrapper thrive-animated-item  tve_evt_manager_listen tve_ea_thrive_animation tve_et_mouseover tve_anim_grow\" tcb_hover_state_parent=\"\" class=\"tve_evt_manager_listen tve_ea_thrive_animation tve_et_mouseover tve_anim_grow\" data-id=\"1665\" data-selector=\".post-wrapper\"><style class=\"tcb-post-list-dynamic-style\" type=\"text\/css\">@media (min-width: 300px){[].tcb-post-list #post-1665 []{background-image: url(\u00ab\u00a0https:\/\/www.paristouristinformation.fr\/fr\/wp-content\/uploads\/2021\/02\/Montmartres-top-attractions-in-Paris-1024x538.jpg\u00ab\u00a0) !important;}[].tcb-post-list #post-1665 []:hover []{background-image: url(\u00ab\u00a0https:\/\/www.paristouristinformation.fr\/fr\/wp-content\/uploads\/2021\/02\/Montmartres-top-attractions-in-Paris-1024x538.jpg\u00ab\u00a0) !important;}}<\/style><a href=\"https:\/\/www.paristouristinformation.fr\/fr\/choses-a-faire\/quartiers\/montmartre\/\" dynamic-postlink=\"tcb_post_the_permalink\" data-shortcode-id=\"68\"><\/a><\/p>\n<h3 style=\"text-align: center; padding-top: 0px !important; margin-top: 0px !important;\"><span data-attr-link=\"1\" data-attr-rel=\"0\" data-attr-target=\"0\" data-extra_key=\"\" data-option-inline=\"1\" data-shortcode=\"tcb_post_title\" data-shortcode-name=\"Post title\" data-attr-css=\"\" data-attr-static-link=\"{&quot;className&quot;:&quot;tve-froala fr-basic&quot;,&quot;href&quot;:&quot;https:\/\/www.paristouristinformation.fr\/fr\/choses-a-faire\/musees\/&quot;,&quot;title&quot;:&quot;Les 30 meilleurs mus\u00e9es \u00e0 visiter \u00e0 Paris : Billets, emplacement &amp; Conseils&quot;,&quot;class&quot;:&quot;tve-froala fr-basic&quot;}\" style=\"\"><a href=\"https:\/\/www.paristouristinformation.fr\/fr\/choses-a-faire\/quartiers\/montmartre\/\" title=\"Quartier Montmartre \u00e0 Paris : Meilleures Choses \u00e0 Faire\" data-css=\"\" class=\"tve-froala fr-basic\">Quartier Montmartre \u00e0 Paris : Meilleures Choses \u00e0 Faire<\/a><\/span><\/h3>\n<p><\/article><article id=\"post-4254\" class=\"post-4254 page type-page status-publish has-post-thumbnail hentry post-wrapper thrv_wrapper thrive-animated-item  tve_evt_manager_listen tve_ea_thrive_animation tve_et_mouseover tve_anim_grow\" tcb_hover_state_parent=\"\" class=\"tve_evt_manager_listen tve_ea_thrive_animation tve_et_mouseover tve_anim_grow\" data-id=\"4254\" data-selector=\".post-wrapper\"><style class=\"tcb-post-list-dynamic-style\" type=\"text\/css\">@media (min-width: 300px){[].tcb-post-list #post-4254 []{background-image: url(\u00ab\u00a0https:\/\/www.paristouristinformation.fr\/fr\/wp-content\/uploads\/2020\/12\/Concorde-Square-at-Sunrise-in-Paris-in-France-cover-1024x538.jpg\u00ab\u00a0) !important;}[].tcb-post-list #post-4254 []:hover []{background-image: url(\u00ab\u00a0https:\/\/www.paristouristinformation.fr\/fr\/wp-content\/uploads\/2020\/12\/Concorde-Square-at-Sunrise-in-Paris-in-France-cover-1024x538.jpg\u00ab\u00a0) !important;}}<\/style><a href=\"https:\/\/www.paristouristinformation.fr\/fr\/choses-a-faire\/places\/\" dynamic-postlink=\"tcb_post_the_permalink\" data-shortcode-id=\"68\"><\/a><\/p>\n<h3 style=\"text-align: center; padding-top: 0px !important; margin-top: 0px !important;\"><span data-attr-link=\"1\" data-attr-rel=\"0\" data-attr-target=\"0\" data-extra_key=\"\" data-option-inline=\"1\" data-shortcode=\"tcb_post_title\" data-shortcode-name=\"Post title\" data-attr-css=\"\" data-attr-static-link=\"{&quot;className&quot;:&quot;tve-froala fr-basic&quot;,&quot;href&quot;:&quot;https:\/\/www.paristouristinformation.fr\/fr\/choses-a-faire\/musees\/&quot;,&quot;title&quot;:&quot;Les 30 meilleurs mus\u00e9es \u00e0 visiter \u00e0 Paris : Billets, emplacement &amp; Conseils&quot;,&quot;class&quot;:&quot;tve-froala fr-basic&quot;}\" style=\"\"><a href=\"https:\/\/www.paristouristinformation.fr\/fr\/choses-a-faire\/places\/\" title=\"7 Meilleures places \u00e0 voir \u00e0 Paris\" data-css=\"\" class=\"tve-froala fr-basic\">7 Meilleures places \u00e0 voir \u00e0 Paris<\/a><\/span><\/h3>\n<p><\/article><article id=\"post-8635\" class=\"post-8635 page type-page status-publish has-post-thumbnail hentry post-wrapper thrv_wrapper thrive-animated-item  tve_evt_manager_listen tve_ea_thrive_animation tve_et_mouseover tve_anim_grow\" tcb_hover_state_parent=\"\" class=\"tve_evt_manager_listen tve_ea_thrive_animation tve_et_mouseover tve_anim_grow\" data-id=\"8635\" data-selector=\".post-wrapper\"><style class=\"tcb-post-list-dynamic-style\" type=\"text\/css\">@media (min-width: 300px){[].tcb-post-list #post-8635 []{background-image: url(\u00ab\u00a0https:\/\/www.paristouristinformation.fr\/fr\/wp-content\/uploads\/2021\/07\/Guide-to-Grevin-Museum-in-Paris-1024x538.jpg\u00ab\u00a0) !important;}[].tcb-post-list #post-8635 []:hover []{background-image: url(\u00ab\u00a0https:\/\/www.paristouristinformation.fr\/fr\/wp-content\/uploads\/2021\/07\/Guide-to-Grevin-Museum-in-Paris-1024x538.jpg\u00ab\u00a0) !important;}}<\/style><a href=\"https:\/\/www.paristouristinformation.fr\/fr\/choses-a-faire\/musees\/grevin\/\" dynamic-postlink=\"tcb_post_the_permalink\" data-shortcode-id=\"68\"><\/a><\/p>\n<h3 style=\"text-align: center; padding-top: 0px !important; margin-top: 0px !important;\"><span data-attr-link=\"1\" data-attr-rel=\"0\" data-attr-target=\"0\" data-extra_key=\"\" data-option-inline=\"1\" data-shortcode=\"tcb_post_title\" data-shortcode-name=\"Post title\" data-attr-css=\"\" data-attr-static-link=\"{&quot;className&quot;:&quot;tve-froala fr-basic&quot;,&quot;href&quot;:&quot;https:\/\/www.paristouristinformation.fr\/fr\/choses-a-faire\/musees\/&quot;,&quot;title&quot;:&quot;Les 30 meilleurs mus\u00e9es \u00e0 visiter \u00e0 Paris : Billets, emplacement &amp; Conseils&quot;,&quot;class&quot;:&quot;tve-froala fr-basic&quot;}\" style=\"\"><a href=\"https:\/\/www.paristouristinformation.fr\/fr\/choses-a-faire\/musees\/grevin\/\" title=\"Guide du mus\u00e9e Gr\u00e9vin \u00e0 Paris : Expositions et billets\" data-css=\"\" class=\"tve-froala fr-basic\">Guide du mus\u00e9e Gr\u00e9vin \u00e0 Paris : Expositions et billets<\/a><\/span><\/h3>\n<p><\/article><\/div>\n","protected":false},"excerpt":{"rendered":"<p>Lors de votre visite de la ville de Paris, vous ne pourrez pas manquer le quartier des artistes appel\u00e9 quartier Montmartre. Montmartre est le quartier de Paris d\u00e9di\u00e9 \u00e0 la vie de boh\u00e8me, \u00e0 l&rsquo;art, aux r\u00eaves et aux contes de f\u00e9es.Le mus\u00e9e de Montmartre est un endroit parfait pour apprendre l&rsquo;histoire du quartier de [&hellip;]<\/p>\n","protected":false},"author":11,"featured_media":6652,"parent":68,"menu_order":0,"comment_status":"closed","ping_status":"closed","template":"","meta":{"footnotes":""},"tags":[],"class_list":{"0":"post-4049","1":"page","2":"type-page","3":"status-publish","4":"has-post-thumbnail","5":"hentry","6":"post-wrapper","7":"thrv_wrapper","10":"thrive-animated-item"},"_links":{"self":[{"href":"https:\/\/www.paristouristinformation.fr\/fr\/wp-json\/wp\/v2\/pages\/4049","targetHints":{"allow":["GET"]}}],"collection":[{"href":"https:\/\/www.paristouristinformation.fr\/fr\/wp-json\/wp\/v2\/pages"}],"about":[{"href":"https:\/\/www.paristouristinformation.fr\/fr\/wp-json\/wp\/v2\/types\/page"}],"author":[{"embeddable":true,"href":"https:\/\/www.paristouristinformation.fr\/fr\/wp-json\/wp\/v2\/users\/11"}],"replies":[{"embeddable":true,"href":"https:\/\/www.paristouristinformation.fr\/fr\/wp-json\/wp\/v2\/comments?post=4049"}],"version-history":[{"count":0,"href":"https:\/\/www.paristouristinformation.fr\/fr\/wp-json\/wp\/v2\/pages\/4049\/revisions"}],"up":[{"embeddable":true,"href":"https:\/\/www.paristouristinformation.fr\/fr\/wp-json\/wp\/v2\/pages\/68"}],"wp:featuredmedia":[{"embeddable":true,"href":"https:\/\/www.paristouristinformation.fr\/fr\/wp-json\/wp\/v2\/media\/6652"}],"wp:attachment":[{"href":"https:\/\/www.paristouristinformation.fr\/fr\/wp-json\/wp\/v2\/media?parent=4049"}],"wp:term":[{"taxonomy":"post_tag","embeddable":true,"href":"https:\/\/www.paristouristinformation.fr\/fr\/wp-json\/wp\/v2\/tags?post=4049"}],"curies":[{"name":"wp","href":"https:\/\/api.w.org\/{rel}","templated":true}]}}