{"id":4140,"date":"2020-12-15T09:23:23","date_gmt":"2020-12-15T09:23:23","guid":{"rendered":"http:\/\/paristouristinformation.fr\/fr\/gruppenreisen\/clone-of-teambuilding\/"},"modified":"2023-05-16T09:23:08","modified_gmt":"2023-05-16T09:23:08","slug":"team-building","status":"publish","type":"page","link":"https:\/\/www.paristouristinformation.fr\/fr\/voyage-de-groupe-paris\/team-building\/","title":{"rendered":"Team Building \u00e0 Paris : Meilleures id\u00e9es et conseils d&#8217;organisation"},"content":{"rendered":"<h1>Team Building \u00e0 Paris : 10 meilleures id\u00e9es et conseils d&rsquo;organisation<\/h1>\n<p>Team Building \u00e0 Paris : Meilleures id\u00e9es et conseils d&rsquo;organisation. Comment l&rsquo;organiser ? O\u00f9 l&rsquo;organiser et quelles activit\u00e9s faire ? Sur cette page, retrouvez toutes les informations dont vous avez besoin pour organiser facilement vos \u00e9v\u00e9nements dans la capitale fran\u00e7aise !<\/p>\n<ul>\n<li style=\"\"><span style=\"\">+43 614 233 066 70<\/span><\/li>\n<li style=\"\"><span style=\"\"><span data-attr-id=\"17\" data-extra_key=\"1\" data-option-inline=\"1\" data-shortcode=\"thrive_global_fields\" data-shortcode-name=\"[Company] MICE E-Mail\" style=\"\"><\/span><\/span><\/li>\n<\/ul>\n<h2 style=\"text-align: center;\">Quel \u00e9v\u00e9nement de consolidation d&rsquo;\u00e9quipe me convient ?<\/h2>\n<p>Un bon \u00e9v\u00e9nement d&rsquo;\u00e9quipe r\u00e9compense les employ\u00e9s, les d\u00e9tend et int\u00e8gre de nouveaux coll\u00e8gues dans l&rsquo;entreprise.La communication personnelle est importante \u00e0 une \u00e9poque o\u00f9 les changements sont rapides. Elle joue \u00e9galement un r\u00f4le particuli\u00e8rement important pour les employ\u00e9s qui travaillent \u00e0 domicile ou qui souffrent de stress.Avec nos experts, nous analyserons vos besoins et vous enverrons une offre sans engagement dans les 24 \u00e0 48 heures. Des \u00e9v\u00e9nements adapt\u00e9s peuvent \u00eatre organis\u00e9s pour des groupes de toutes tailles, y compris des r\u00e9unions.<\/p>\n<h3>Agence de services complets<\/h3>\n<p>Avec nous, \u00e0 l&rsquo;Office du Tourisme de Paris, tout le programme d&rsquo;accompagnement est possible aupr\u00e8s d&rsquo;une seule source. Du bus de l&rsquo;a\u00e9roport \u00e0 l&rsquo;h\u00f4tel de la conf\u00e9rence en passant par la restauration, nous pouvons nous occuper de l&rsquo;ensemble du processus.<\/p>\n<ul>\n<li style=\"\"><span><strong>Assistance client\u00e8le 24\/7<\/strong><\/span><\/li>\n<li style=\"\"><span><strong>Consultation individuelle<\/strong><\/span><\/li>\n<li style=\"\"><span><strong>L&rsquo;ensemble du programme d&rsquo;accompagnement<\/strong><\/span><\/li>\n<\/ul>\n<h2 style=\"\">Questions fr\u00e9quemment pos\u00e9es :<\/h2>\n<h2 style=\"text-align: center;\">Classique ou individuel ?<\/h2>\n<p style=\"text-align: center;\">Voici nos 10 meilleures ventes d&rsquo;activit\u00e9s \u00e0 Paris :<\/p>\n<h3 style=\"\">1. Chasse au tr\u00e9sor<\/h3>\n<p style=\"\">Au milieu de l&rsquo;effervescence de Paris, suivez les indices, travaillez en \u00e9quipe et d\u00e9couvrez Paris et ses attractions sp\u00e9ciales. Quelle \u00e9quipe atteindra la ligne d&rsquo;arriv\u00e9e en premier et sera d\u00e9sign\u00e9e comme gagnante ?<\/p>\n<h3 style=\"\">2. Casino du vin<\/h3>\n<p style=\"\">Cette activit\u00e9 de prestige permettra \u00e0 votre \u00e9quipe de profiter de la d\u00e9gustation de vins, de bi\u00e8res et de chocolats de mani\u00e8re ludique et interactive. Particuli\u00e8rement adapt\u00e9e \u00e0 un d\u00eener de gala.<\/p>\n<h3 style=\"\">3. Chambre virtuelle Paris<\/h3>\n<p style=\"\">Cette aventure en r\u00e9alit\u00e9 virtuelle, dans laquelle il faut sauver le monde, favorise la coop\u00e9ration, la communication et l&rsquo;entraide. Le frisson ultime avec un facteur wow !<\/p>\n<h3 style=\"\">4. Atelier de parfumerie<\/h3>\n<p style=\"\">Cr\u00e9ez votre propre parfum lors de cet \u00e9v\u00e9nement cr\u00e9atif de groupe ! O\u00f9 mieux qu&rsquo;\u00e0 Paris pour s&rsquo;immerger dans le monde des parfums ?<\/p>\n<h3 style=\"\">5. Visite gastronomique de Paris<\/h3>\n<p style=\"\">Un guide local indique au groupe les meilleurs restaurants de la ville. La visite \u00e0 pied ne donne pas seulement un aper\u00e7u de la cuisine fran\u00e7aise et de Paris elle-m\u00eame, elle cr\u00e9e \u00e9galement des souvenirs durables !<\/p>\n<h3 style=\"\">6. Laser Tag<\/h3>\n<p style=\"\">Un \u00e9v\u00e9nement de consolidation d&rsquo;\u00e9quipe avec un facteur d&rsquo;amusement \u00e9lev\u00e9 ! En outre, le travail d&rsquo;\u00e9quipe, la communication et le soutien sont renforc\u00e9s.<\/p>\n<h3 style=\"\">7. Atelier de danse du ventre<\/h3>\n<p style=\"\">Bien entendu, les hommes peuvent aussi rouler les hanches. Rire, rires et amusement sont garantis. Qui ose le premier ? L&rsquo;\u00e9v\u00e9nement est \u00e9galement possible dans vos propres salles de conf\u00e9rence.<\/p>\n<h3 style=\"\">8. Salle d&rsquo;\u00e9vasion<\/h3>\n<p style=\"\">Afin de trouver une issue \u00e0 votre Escape Room \u00e0 Paris, la coop\u00e9ration est requise. Des \u00e9nigmes difficiles et une course contre la montre rendent l&rsquo;\u00e9vasion assez difficile.<\/p>\n<h3 style=\"\">9. P\u00e9tanque<\/h3>\n<p style=\"\">Ce sport de pr\u00e9cision fran\u00e7ais, similaire au jeu de boules, est une exp\u00e9rience de groupe amusante. Faites s&rsquo;affronter plusieurs \u00e9quipes dans un tournoi. Le terrain peut \u00eatre install\u00e9 \u00e0 n&rsquo;importe quel endroit plat.<\/p>\n<h3 style=\"\">10. Les Classiques<\/h3>\n<p style=\"\">Construire un radeau ? Marche sur le feu ? Jeux des Highlands ? Karaok\u00e9 ? Bien entendu, nous pouvons \u00e9galement organiser des \u00e9v\u00e9nements classiques. En outre, il existe de nombreux autres \u00e9v\u00e9nements de team building individuels possibles.<\/p>\n<h2 style=\"text-align: center;\">Le but de la constitution d&rsquo;une \u00e9quipe<\/h2>\n<p>En raison de l&rsquo;\u00e9volution rapide de la situation, du travail quotidien et du travail \u00e0 domicile, il n&rsquo;y a souvent pas assez de temps pour faire connaissance avec les coll\u00e8gues.Les relations doivent \u00eatre cultiv\u00e9es.Les \u00e9v\u00e9nements de team building cr\u00e9ent des moments inoubliables de cr\u00e9ativit\u00e9 et de plaisir mutuels. L&rsquo;esprit d&rsquo;\u00e9quipe garantit une bonne communication. Avec le bon \u00e9v\u00e9nement, m\u00eame les employ\u00e9s timides s&rsquo;int\u00e8grent au groupe.Peut-\u00eatre cela cr\u00e9era-t-il une nouvelle base de discussion dans l&rsquo;entreprise ? Un \u00e9v\u00e9nement permet \u00e9galement de d\u00e9tendre les longues r\u00e9unions.Nous nous ferons un plaisir de vous aider \u00e0 choisir le bon \u00e9v\u00e9nement de team building.<\/p>\n<h3>D&rsquo;une seule source :<\/h3>\n<ul>\n<li style=\"\"><span style=\"\"><strong>L&rsquo;ensemble du programme d&rsquo;accompagnement : <\/strong>Du bus de l&rsquo;a\u00e9roport aux lieux de l&rsquo;\u00e9v\u00e9nement, en passant par les h\u00f4tels et la restauration, tout est possible.<\/span><\/li>\n<li><span><strong>Assistance client\u00e8le 24\/7 : <\/strong>L&rsquo;\u00e9v\u00e9nement dure jusqu&rsquo;au petit matin ? Aucun probl\u00e8me. Nous sommes disponibles 24 heures sur 24 et 7 jours sur 7 pour toutes vos questions pendant votre \u00e9v\u00e9nement de team building.<\/span><\/li>\n<li><span><strong>Consultation individuelle :<\/strong> Apr\u00e8s avoir re\u00e7u votre demande, nous analyserons vos besoins et vous enverrons une offre adapt\u00e9e \u00e0 vos besoins dans les 24 \u00e0 48 heures.<\/span><\/li>\n<\/ul>\n<h2 style=\"text-align: center;\">Consultation initiale gratuite<\/h2>\n<p style=\"text-align: center;\">Nous serions heureux de discuter de vos attentes. Vous pouvez nous contacter par t\u00e9l\u00e9phone au num\u00e9ro [Company] MICE Telefon, par e-mail \u00e0 [Company] MICE E-Mail ou en utilisant le formulaire de contact.<\/p>\n","protected":false},"excerpt":{"rendered":"<p>Team Building \u00e0 Paris : 10 meilleures id\u00e9es et conseils d&rsquo;organisation Team Building \u00e0 Paris : Meilleures id\u00e9es et conseils d&rsquo;organisation. Comment l&rsquo;organiser ? O\u00f9 l&rsquo;organiser et quelles activit\u00e9s faire ? Sur cette page, retrouvez toutes les informations dont vous avez besoin pour organiser facilement vos \u00e9v\u00e9nements dans la capitale fran\u00e7aise ! +43 614 233 [&hellip;]<\/p>\n","protected":false},"author":9,"featured_media":4783,"parent":3970,"menu_order":0,"comment_status":"closed","ping_status":"closed","template":"","meta":{"footnotes":""},"tags":[],"class_list":["post-4140","page","type-page","status-publish","has-post-thumbnail","hentry","post-wrapper","thrv_wrapper"],"_links":{"self":[{"href":"https:\/\/www.paristouristinformation.fr\/fr\/wp-json\/wp\/v2\/pages\/4140","targetHints":{"allow":["GET"]}}],"collection":[{"href":"https:\/\/www.paristouristinformation.fr\/fr\/wp-json\/wp\/v2\/pages"}],"about":[{"href":"https:\/\/www.paristouristinformation.fr\/fr\/wp-json\/wp\/v2\/types\/page"}],"author":[{"embeddable":true,"href":"https:\/\/www.paristouristinformation.fr\/fr\/wp-json\/wp\/v2\/users\/9"}],"replies":[{"embeddable":true,"href":"https:\/\/www.paristouristinformation.fr\/fr\/wp-json\/wp\/v2\/comments?post=4140"}],"version-history":[{"count":0,"href":"https:\/\/www.paristouristinformation.fr\/fr\/wp-json\/wp\/v2\/pages\/4140\/revisions"}],"up":[{"embeddable":true,"href":"https:\/\/www.paristouristinformation.fr\/fr\/wp-json\/wp\/v2\/pages\/3970"}],"wp:featuredmedia":[{"embeddable":true,"href":"https:\/\/www.paristouristinformation.fr\/fr\/wp-json\/wp\/v2\/media\/4783"}],"wp:attachment":[{"href":"https:\/\/www.paristouristinformation.fr\/fr\/wp-json\/wp\/v2\/media?parent=4140"}],"wp:term":[{"taxonomy":"post_tag","embeddable":true,"href":"https:\/\/www.paristouristinformation.fr\/fr\/wp-json\/wp\/v2\/tags?post=4140"}],"curies":[{"name":"wp","href":"https:\/\/api.w.org\/{rel}","templated":true}]}}