{"id":416,"date":"2020-12-26T01:04:14","date_gmt":"2020-12-26T01:04:14","guid":{"rendered":"http:\/\/paristouristinformation.fr\/fr\/?page_id=416"},"modified":"2023-05-16T10:49:03","modified_gmt":"2023-05-16T10:49:03","slug":"romantique","status":"publish","type":"page","link":"https:\/\/www.paristouristinformation.fr\/fr\/restaurants\/romantique\/","title":{"rendered":"7 Restaurants romantiques pour un rendez-vous \u00e0 Paris"},"content":{"rendered":"<p>Paris est connue comme une ville de lumi\u00e8res, d&rsquo;art, d&rsquo;histoire et d&rsquo;amour. Il existe de nombreux coins sp\u00e9ciaux de Paris qui rendent les moments des couples voyageurs m\u00e9morables.La sc\u00e8ne peut \u00eatre une vue parfaite depuis un endroit \u00e9lev\u00e9 ou une rue vintage avec un certain caract\u00e8re. Mais, un restaurant fran\u00e7ais est clairement le meilleur ph\u00e9nom\u00e8ne \u00e0 combiner avec la romance \u00e0 Paris.Nous avons donc dress\u00e9 une liste pour vous donner une id\u00e9e des possibilit\u00e9s qui s&rsquo;offrent \u00e0 vous lorsque vous cherchez un endroit agr\u00e9able pour manger avec votre moiti\u00e9.Amusez-vous bien !<\/p>\n<p>Avant de commencer, laissez-nous vous rappeler notre liste des <a href=\"https:\/\/paristouristinformation.fr\/fr\/hotel\/lune-de-miel\/\" style=\"outline: none;\">15 h\u00f4tels pour une lune de miel parfaite \u00e0 Paris. <\/a>Cette liste va vous \u00e9tonner&#8230; Bonne lecture !<\/p>\n<h2 id=\"t-1612198614190\" style=\"\">1. La Terrasse at H\u00f4tel Raphael<\/h2>\n<blockquote data-instgrm-permalink=\"https:\/\/www.instagram.com\/p\/BziZq5SIYth\/?utm_source=ig_embed&amp;utm_campaign=loading\" data-instgrm-version=\"13\" style=\" background:#FFF; border:0; border-radius:3px; box-shadow:0 0 1px 0 rgba(0,0,0,0.5),0 1px 10px 0 rgba(0,0,0,0.15); margin: 1px; max-width:750px; min-width:326px; padding:0; width:99.375%; width:-webkit-calc(100% - 2px); width:calc(100% - 2px);\"><p> <a href=\"https:\/\/www.instagram.com\/p\/BziZq5SIYth\/?utm_source=ig_embed&amp;utm_campaign=loading\" target=\"_blank\" rel=\"noopener nofollow\">        Bu g\u00f6nderiyi Instagram&rsquo;da g\u00f6r            <\/a><\/p>\n<p style=\" color:#c9c8cd; font-family:Arial,sans-serif; font-size:14px; line-height:17px; margin-bottom:0; margin-top:8px; overflow:hidden; padding:8px 0 7px; text-align:center; text-overflow:ellipsis; white-space:nowrap;\"><a href=\"https:\/\/www.instagram.com\/p\/BziZq5SIYth\/?utm_source=ig_embed&amp;utm_campaign=loading\" target=\"_blank\" rel=\"noopener nofollow\">Hotel Raphael Paris (@hotelraphaelparis)&rsquo;in payla\u015ft\u0131\u011f\u0131 bir g\u00f6nderi<\/a><\/p>\n<\/blockquote>\n<p>[tcb-script async=\u00a0\u00bb\u00a0\u00bb src=\u00a0\u00bb\/\/www.instagram.com\/embed.js\u00a0\u00bb][\/tcb-script]<\/p>\n<p>L&rsquo;h\u00f4tel Raphael est presque voisin de l<a href=\"https:\/\/paristouristinformation.fr\/fr\/choses-a-faire\/attractions\/arc-de-triomphe\/\">&lsquo;Arc de Triomphe<\/a> sur l&rsquo;avenue des <a href=\"https:\/\/paristouristinformation.fr\/fr\/choses-a-faire\/avenue-des-champs-elysees\/\" style=\"outline: none;\">Champs-\u00c9lys\u00e9es.<\/a> Son 7\u00e8me \u00e9tage abrite l&rsquo;un des meilleurs rooftops. Il s&rsquo;agit d&rsquo;un jardin vert avec une vue de la <a href=\"https:\/\/paristouristinformation.fr\/fr\/choses-a-faire\/tour-eiffel\/\">Tour Eiffel<\/a> \u00e0 la <a href=\"https:\/\/paristouristinformation.fr\/fr\/choses-a-faire\/eglise\/sacre-coeur-basilica\/\">Basilique du Sacr\u00e9-Coeur.<\/a>Le bar \u00e0 champagne et le restaurant sont ouverts habituellement entre avril et septembre. En bref, La Terrasse est un bon choix lorsque le temps est beau. Cet endroit propose diverses sp\u00e9cialit\u00e9s de la cuisine fran\u00e7aise classique dans une atmosph\u00e8re \u00e0 la fois confortable et luxueuse.<\/p>\n<h2 id=\"t-1612198614191\" style=\"\">2. Les Ombres<\/h2>\n<blockquote data-instgrm-permalink=\"https:\/\/www.instagram.com\/p\/BurUdAEHgTI\/?utm_source=ig_embed&amp;utm_campaign=loading\" data-instgrm-version=\"13\" style=\" background:#FFF; border:0; border-radius:3px; box-shadow:0 0 1px 0 rgba(0,0,0,0.5),0 1px 10px 0 rgba(0,0,0,0.15); margin: 1px; max-width:750px; min-width:326px; padding:0; width:99.375%; width:-webkit-calc(100% - 2px); width:calc(100% - 2px);\"><p> <a href=\"https:\/\/www.instagram.com\/p\/BurUdAEHgTI\/?utm_source=ig_embed&amp;utm_campaign=loading\" target=\"_blank\" rel=\"noopener nofollow\">        Bu g\u00f6nderiyi Instagram&rsquo;da g\u00f6r            <\/a><\/p>\n<p style=\" color:#c9c8cd; font-family:Arial,sans-serif; font-size:14px; line-height:17px; margin-bottom:0; margin-top:8px; overflow:hidden; padding:8px 0 7px; text-align:center; text-overflow:ellipsis; white-space:nowrap;\"><a href=\"https:\/\/www.instagram.com\/p\/BurUdAEHgTI\/?utm_source=ig_embed&amp;utm_campaign=loading\" target=\"_blank\" rel=\"noopener nofollow\">travelhouse (@travelhousecy)&rsquo;in payla\u015ft\u0131\u011f\u0131 bir g\u00f6nderi<\/a><\/p>\n<\/blockquote>\n<p>[tcb-script async=\u00a0\u00bb\u00a0\u00bb src=\u00a0\u00bb\/\/www.instagram.com\/embed.js\u00a0\u00bb][\/tcb-script]<\/p>\n<p>Les Ombres est dans notre liste pour les voyageurs qui recherchent une option avec une vue parfaite sur la Tour Eiffel depuis l&rsquo;autre c\u00f4t\u00e9 du fleuve. Elle se trouve \u00e0 l&rsquo;int\u00e9rieur du <a href=\"https:\/\/paristouristinformation.fr\/fr\/choses-a-faire\/musees\/du-quai-branly\/\">Mus\u00e9e du Quai Branly,<\/a> qui abrite la meilleure collection d&rsquo;objets non-europ\u00e9ens du monde entier. Cette terrasse est ouverte toute la journ\u00e9e, quelle que soit l&rsquo;ouverture ou la fermeture du mus\u00e9e. Les Ombres pr\u00e9sente une cuisine du monde contemporaine par les mains d&rsquo;un ma\u00eetre fran\u00e7ais.<\/p>\n<h2 id=\"t-1612198614192\" style=\"\">3. Les Deux Magots<\/h2>\n<blockquote data-instgrm-permalink=\"https:\/\/www.instagram.com\/p\/CJCBHxBhCf-\/?utm_source=ig_embed&amp;utm_campaign=loading\" data-instgrm-version=\"13\" style=\" background:#FFF; border:0; border-radius:3px; box-shadow:0 0 1px 0 rgba(0,0,0,0.5),0 1px 10px 0 rgba(0,0,0,0.15); margin: 1px; max-width:750px; min-width:326px; padding:0; width:99.375%; width:-webkit-calc(100% - 2px); width:calc(100% - 2px);\"><p> <a href=\"https:\/\/www.instagram.com\/p\/CJCBHxBhCf-\/?utm_source=ig_embed&amp;utm_campaign=loading\" target=\"_blank\" rel=\"noopener nofollow\">        Bu g\u00f6nderiyi Instagram&rsquo;da g\u00f6r            <\/a><\/p>\n<p style=\" color:#c9c8cd; font-family:Arial,sans-serif; font-size:14px; line-height:17px; margin-bottom:0; margin-top:8px; overflow:hidden; padding:8px 0 7px; text-align:center; text-overflow:ellipsis; white-space:nowrap;\"><a href=\"https:\/\/www.instagram.com\/p\/CJCBHxBhCf-\/?utm_source=ig_embed&amp;utm_campaign=loading\" target=\"_blank\" rel=\"noopener nofollow\">Matthieu (@checkmatt59)&rsquo;in payla\u015ft\u0131\u011f\u0131 bir g\u00f6nderi<\/a><\/p>\n<\/blockquote>\n<p>[tcb-script async=\u00a0\u00bb\u00a0\u00bb src=\u00a0\u00bb\/\/www.instagram.com\/embed.js\u00a0\u00bb][\/tcb-script]<\/p>\n<p>Les Deux Magots ont \u00e9t\u00e9 le temple d&rsquo;intellectuels, d&rsquo;artistes et de philosophes de renomm\u00e9e mondiale \u00e0 Paris. Parmi ces personnes, un couple a laiss\u00e9 son empreinte comme symbole de l&rsquo;amour boh\u00e8me \u00e0 Paris : Simone de Beauvoir et Jean Paul Sartre. Oscar Wilde, Albert Camus ont \u00e9galement fait partie des habitu\u00e9s du lieu.Si vous allez visiter Saint Germain ou le <a href=\"https:\/\/paristouristinformation.fr\/fr\/choses-a-faire\/quartiers\/quartier-latin\/\">Quartier Latin<\/a>, il est fortement recommand\u00e9 de prendre un caf\u00e9 ou un d\u00e9jeuner comme un couple romantique ph\u00e9nom\u00e9nal de Paris dans ce caf\u00e9 le plus traditionnel de la ville. De plus, si vous assistez \u00e0 un concert de jazz, vous pourrez assister \u00e0 une soir\u00e9e parisienne parfaite. Enfin, la qualit\u00e9 de la nourriture est \u00e9galement tr\u00e8s bonne.<\/p>\n<h2 id=\"t-1612198614193\" style=\"\">4. Le Valentin<\/h2>\n<blockquote data-instgrm-permalink=\"https:\/\/www.instagram.com\/p\/CIyPJnGhZWw\/?utm_source=ig_embed&amp;utm_campaign=loading\" data-instgrm-version=\"13\" style=\" background:#FFF; border:0; border-radius:3px; box-shadow:0 0 1px 0 rgba(0,0,0,0.5),0 1px 10px 0 rgba(0,0,0,0.15); margin: 1px; max-width:750px; min-width:326px; padding:0; width:99.375%; width:-webkit-calc(100% - 2px); width:calc(100% - 2px);\"><p> <a href=\"https:\/\/www.instagram.com\/p\/CIyPJnGhZWw\/?utm_source=ig_embed&amp;utm_campaign=loading\" target=\"_blank\" rel=\"noopener nofollow\">        Bu g\u00f6nderiyi Instagram&rsquo;da g\u00f6r            <\/a><\/p>\n<p style=\" color:#c9c8cd; font-family:Arial,sans-serif; font-size:14px; line-height:17px; margin-bottom:0; margin-top:8px; overflow:hidden; padding:8px 0 7px; text-align:center; text-overflow:ellipsis; white-space:nowrap;\"><a href=\"https:\/\/www.instagram.com\/p\/CIyPJnGhZWw\/?utm_source=ig_embed&amp;utm_campaign=loading\" target=\"_blank\" rel=\"noopener nofollow\">Le Valentin Jouffroy Vivienne (@levalentin.paris)&rsquo;in payla\u015ft\u0131\u011f\u0131 bir g\u00f6nderi<\/a><\/p>\n<\/blockquote>\n<p>[tcb-script async=\u00a0\u00bb\u00a0\u00bb src=\u00a0\u00bb\/\/www.instagram.com\/embed.js\u00a0\u00bb][\/tcb-script]<\/p>\n<p>Les passages couverts ou les arcades sont pleins de jolies surprises. C&rsquo;est toujours une v\u00e9ritable option pour diff\u00e9rentes choses comme le shopping, les souvenirs et m\u00eame la gastronomie. Ils sont \u00e9galement parfaits pour une promenade romantique entre le<a href=\"https:\/\/paristouristinformation.fr\/fr\/choses-a-faire\/musees\/musee-du-louvre\/\"> Louvre<\/a> et <a href=\"https:\/\/paristouristinformation.fr\/fr\/choses-a-faire\/quartiers\/montmartre\/\">Montmartre<\/a>. \u00c0 l&rsquo;int\u00e9rieur du Passage Jouffroy, Le Valentin est un <a href=\"https:\/\/paristouristinformation.fr\/fr\/restaurants\/cafe\/\">caf\u00e9 fran\u00e7ais classique<\/a> o\u00f9 vous pouvez d\u00e9guster de tr\u00e8s bons th\u00e9s, caf\u00e9s ou cacao tout en d\u00e9gustant des bouch\u00e9es fran\u00e7aises de qualit\u00e9, notamment des sucreries.<\/p>\n<h2 id=\"t-1612198614194\" style=\"\">5. Jules Verne<\/h2>\n<blockquote data-instgrm-permalink=\"https:\/\/www.instagram.com\/p\/CBkmzQrpJ4s\/?utm_source=ig_embed&amp;utm_campaign=loading\" data-instgrm-version=\"13\" style=\" background:#FFF; border:0; border-radius:3px; box-shadow:0 0 1px 0 rgba(0,0,0,0.5),0 1px 10px 0 rgba(0,0,0,0.15); margin: 1px; max-width:750px; min-width:326px; padding:0; width:99.375%; width:-webkit-calc(100% - 2px); width:calc(100% - 2px);\"><p> <a href=\"https:\/\/www.instagram.com\/p\/CBkmzQrpJ4s\/?utm_source=ig_embed&amp;utm_campaign=loading\" target=\"_blank\" rel=\"noopener nofollow\">        Bu g\u00f6nderiyi Instagram&rsquo;da g\u00f6r            <\/a><\/p>\n<p style=\" color:#c9c8cd; font-family:Arial,sans-serif; font-size:14px; line-height:17px; margin-bottom:0; margin-top:8px; overflow:hidden; padding:8px 0 7px; text-align:center; text-overflow:ellipsis; white-space:nowrap;\"><a href=\"https:\/\/www.instagram.com\/p\/CBkmzQrpJ4s\/?utm_source=ig_embed&amp;utm_campaign=loading\" target=\"_blank\" rel=\"noopener nofollow\">Le Jules Verne (@lejulesverneparis)&rsquo;in payla\u015ft\u0131\u011f\u0131 bir g\u00f6nderi<\/a><\/p>\n<\/blockquote>\n<p>[tcb-script async=\u00a0\u00bb\u00a0\u00bb src=\u00a0\u00bb\/\/www.instagram.com\/embed.js\u00a0\u00bb][\/tcb-script]<\/p>\n<p>Quoi de plus romantique qu&rsquo;un d\u00e9jeuner \u00e0 la <a href=\"https:\/\/paristouristinformation.fr\/fr\/choses-a-faire\/tour-eiffel\/\">Tour Eiffel<\/a>, aussi appel\u00e9e la Dame de fer ? Le restaurant Le Jules Verne, situ\u00e9 au deuxi\u00e8me \u00e9tage de ce monument, est un <a href=\"https:\/\/paristouristinformation.fr\/fr\/restaurants\/etoile-michelin\/\">restaurant \u00e9toil\u00e9 au Michelin.<\/a> Lorsque la nourriture exclusive et la vigne rencontrent la vue panoramique sur tout Paris, l&rsquo;une des combinaisons les plus romantiques \u00e9merge.<\/p>\n<h2 id=\"t-1612198614195\" style=\"\">6. Caff\u00e9 Stern<\/h2>\n<blockquote data-instgrm-permalink=\"https:\/\/www.instagram.com\/p\/CDnu68clmrq\/?utm_source=ig_embed&amp;utm_campaign=loading\" data-instgrm-version=\"13\" style=\" background:#FFF; border:0; border-radius:3px; box-shadow:0 0 1px 0 rgba(0,0,0,0.5),0 1px 10px 0 rgba(0,0,0,0.15); margin: 1px; max-width:750px; min-width:326px; padding:0; width:99.375%; width:-webkit-calc(100% - 2px); width:calc(100% - 2px);\"><p> <a href=\"https:\/\/www.instagram.com\/p\/CDnu68clmrq\/?utm_source=ig_embed&amp;utm_campaign=loading\" target=\"_blank\" rel=\"noopener nofollow\">        Bu g\u00f6nderiyi Instagram&rsquo;da g\u00f6r            <\/a><\/p>\n<p style=\" color:#c9c8cd; font-family:Arial,sans-serif; font-size:14px; line-height:17px; margin-bottom:0; margin-top:8px; overflow:hidden; padding:8px 0 7px; text-align:center; text-overflow:ellipsis; white-space:nowrap;\"><a href=\"https:\/\/www.instagram.com\/p\/CDnu68clmrq\/?utm_source=ig_embed&amp;utm_campaign=loading\" target=\"_blank\" rel=\"noopener nofollow\">ITALIAN CULINARY EXPERIENCES (@alajmo)&rsquo;in payla\u015ft\u0131\u011f\u0131 bir g\u00f6nderi<\/a><\/p>\n<\/blockquote>\n<p>[tcb-script async=\u00a0\u00bb\u00a0\u00bb src=\u00a0\u00bb\/\/www.instagram.com\/embed.js\u00a0\u00bb][\/tcb-script]<\/p>\n<p>Le Passage de Panoramas, vieux de plus de 200 si\u00e8cles, est la plus ancienne galerie marchande de Paris. \u00c0 l&rsquo;int\u00e9rieur, il y a un \u00ab\u00a0ristoranti e caffee\u00a0\u00bb italien de la vieille \u00e9cole, appel\u00e9 Stern. L&rsquo;endroit est un ancien atelier de gravure qui vous donne l&rsquo;impression de voyager dans le temps. Plus important encore, leurs menus, caf\u00e9s et g\u00e2teaux italiens traditionnels sont parfaits.<\/p>\n<h2 id=\"t-1612198614196\" style=\"\">7. Le Grand V\u00e9four<\/h2>\n<blockquote data-instgrm-permalink=\"https:\/\/www.instagram.com\/p\/CJp8SHVhJut\/?utm_source=ig_embed&amp;utm_campaign=loading\" data-instgrm-version=\"13\" style=\" background:#FFF; border:0; border-radius:3px; box-shadow:0 0 1px 0 rgba(0,0,0,0.5),0 1px 10px 0 rgba(0,0,0,0.15); margin: 1px; max-width:750px; min-width:326px; padding:0; width:99.375%; width:-webkit-calc(100% - 2px); width:calc(100% - 2px);\"><p> <a href=\"https:\/\/www.instagram.com\/p\/CJp8SHVhJut\/?utm_source=ig_embed&amp;utm_campaign=loading\" target=\"_blank\" rel=\"noopener nofollow\">        Bu g\u00f6nderiyi Instagram&rsquo;da g\u00f6r            <\/a><\/p>\n<p style=\" color:#c9c8cd; font-family:Arial,sans-serif; font-size:14px; line-height:17px; margin-bottom:0; margin-top:8px; overflow:hidden; padding:8px 0 7px; text-align:center; text-overflow:ellipsis; white-space:nowrap;\"><a href=\"https:\/\/www.instagram.com\/p\/CJp8SHVhJut\/?utm_source=ig_embed&amp;utm_campaign=loading\" target=\"_blank\" rel=\"noopener nofollow\">Annalee &amp; Tommy (@inseparable.couple)&rsquo;in payla\u015ft\u0131\u011f\u0131 bir g\u00f6nderi<\/a><\/p>\n<\/blockquote>\n<p>[tcb-script async=\u00a0\u00bb\u00a0\u00bb src=\u00a0\u00bb\/\/www.instagram.com\/embed.js\u00a0\u00bb][\/tcb-script]<\/p>\n<p>Un restaurant s\u00e9culaire \u00e0 la r\u00e9sidence autour de l&rsquo;ancien jardin royal, en bref Palais Royal ! Lorsque la royaut\u00e9 a \u00e9t\u00e9 transf\u00e9r\u00e9e \u00e0 Versailles, c&rsquo;\u00e9tait le c\u0153ur de la vie sociale de Paris. Et il y a un restaurant o\u00f9 Napol\u00e9on Bonaparte a demand\u00e9 Jos\u00e9phine en mariage. Si vous voulez combiner luxe et romantisme, Le Grand V\u00e9four pourrait \u00eatre le choix marqu\u00e9 par les \u00e9toiles Michelin.<\/p>\n<p style=\"text-align: center;\"><a href=\"https:\/\/www.google.com\/maps\/d\/u\/2\/viewer?hl=tr&amp;mid=1MA_R3bOcuN8RuYJgiH-PDa7e4EeFEsA9&amp;ll=48.863200335979464%2C2.3179139499999923&amp;z=15\" target=\"_blank\" style=\"outline: none;\" rel=\"noopener nofollow\">(Lien vers la carte)<\/a><\/p>\n<p style=\"\">Apr\u00e8s votre d\u00eener romantique, vous avez le choix entre visiter l&rsquo;un des spectacles de <a href=\"https:\/\/paristouristinformation.fr\/fr\/choses-a-faire\/theatres\/\">cabaret les plus populaires de Paris<\/a> ou finir la nuit \u00e0 votre<a href=\"https:\/\/paristouristinformation.fr\/fr\/hotel\/5-etoiles\/\" style=\"outline: none;\"> h\u00f4tel 5 \u00e9toiles \u00e0 Paris.<\/a><\/p>\n<h2 style=\"\">Tours et billets de Paris<\/h2>\n<p style=\"text-align: left;\">D\u00e9couvrez Paris aujourd&rsquo;hui avec les visites et les billets les plus appr\u00e9ci\u00e9s, sans faire la queue.<\/p>\n<h2 style=\"\">Articles connexes :<\/h2>\n<div class=\"tcb-post-list tve-content-list thrv_wrapper\" data-type=\"grid\" data-pagination-type=\"none\" data-pages_near_current=\"2\" data-css=\"tve-u-17de1c8ada1\" data-total_post_count=\"4\" data-total_sticky_count=\"0\" data-no_posts_text=\"There are no posts to display.\"><article id=\"post-422\" class=\"post-422 page type-page status-publish has-post-thumbnail hentry post-wrapper thrv_wrapper thrive-animated-item  tve_evt_manager_listen tve_ea_thrive_animation tve_et_mouseover tve_anim_grow\" tcb_hover_state_parent=\"\" class=\"tve_evt_manager_listen tve_ea_thrive_animation tve_et_mouseover tve_anim_grow\" data-id=\"422\" data-selector=\".post-wrapper\"><style class=\"tcb-post-list-dynamic-style\" type=\"text\/css\">@media (min-width: 300px){[].tcb-post-list #post-422 []{background-image: url(\u00ab\u00a0https:\/\/www.paristouristinformation.fr\/fr\/wp-content\/uploads\/2021\/01\/15-Best-Restaurants-with-Michelin-Stars-in-Paris-1024x538.jpg\u00ab\u00a0) !important;}[].tcb-post-list #post-422 []:hover []{background-image: url(\u00ab\u00a0https:\/\/www.paristouristinformation.fr\/fr\/wp-content\/uploads\/2021\/01\/15-Best-Restaurants-with-Michelin-Stars-in-Paris-1024x538.jpg\u00ab\u00a0) !important;}}<\/style><a href=\"https:\/\/www.paristouristinformation.fr\/fr\/restaurants\/etoile-michelin\/\" dynamic-postlink=\"tcb_post_the_permalink\" data-shortcode-id=\"422\"><\/a><\/p>\n<h3 style=\"text-align: center; padding-top: 0px !important; margin-top: 0px !important;\"><span data-attr-link=\"1\" data-attr-rel=\"0\" data-attr-target=\"0\" data-extra_key=\"\" data-option-inline=\"1\" data-shortcode=\"tcb_post_title\" data-shortcode-name=\"Post title\" data-attr-css=\"\" data-attr-static-link=\"{&quot;className&quot;:&quot;tve-froala fr-basic&quot;,&quot;href&quot;:&quot;https:\/\/paristouristinformation.fr\/fr\/restaurants\/etoile-michelin\/&quot;,&quot;title&quot;:&quot;15 meilleurs restaurants avec des \u00e9toiles Michelin \u00e0 Paris&quot;,&quot;class&quot;:&quot;tve-froala fr-basic&quot;}\" style=\"\"><a href=\"https:\/\/www.paristouristinformation.fr\/fr\/restaurants\/etoile-michelin\/\" title=\"15 Meilleurs restaurants avec des \u00e9toiles Michelin \u00e0 Paris\" data-css=\"\" class=\"tve-froala fr-basic\">15 Meilleurs restaurants avec des \u00e9toiles Michelin \u00e0 Paris<\/a><\/span><\/h3>\n<p><\/article><article id=\"post-410\" class=\"post-410 page type-page status-publish has-post-thumbnail hentry post-wrapper thrv_wrapper thrive-animated-item  tve_evt_manager_listen tve_ea_thrive_animation tve_et_mouseover tve_anim_grow\" tcb_hover_state_parent=\"\" class=\"tve_evt_manager_listen tve_ea_thrive_animation tve_et_mouseover tve_anim_grow\" data-id=\"410\" data-selector=\".post-wrapper\"><style class=\"tcb-post-list-dynamic-style\" type=\"text\/css\">@media (min-width: 300px){[].tcb-post-list #post-410 []{background-image: url(\u00ab\u00a0https:\/\/www.paristouristinformation.fr\/fr\/wp-content\/uploads\/2021\/01\/8-Dishes-from-French-Cuisine-to-Try-in-Paris-in-France-1024x538.jpg\u00ab\u00a0) !important;}[].tcb-post-list #post-410 []:hover []{background-image: url(\u00ab\u00a0https:\/\/www.paristouristinformation.fr\/fr\/wp-content\/uploads\/2021\/01\/8-Dishes-from-French-Cuisine-to-Try-in-Paris-in-France-1024x538.jpg\u00ab\u00a0) !important;}}<\/style><a href=\"https:\/\/www.paristouristinformation.fr\/fr\/restaurants\/cuisine-francaise\/\" dynamic-postlink=\"tcb_post_the_permalink\" data-shortcode-id=\"422\"><\/a><\/p>\n<h3 style=\"text-align: center; padding-top: 0px !important; margin-top: 0px !important;\"><span data-attr-link=\"1\" data-attr-rel=\"0\" data-attr-target=\"0\" data-extra_key=\"\" data-option-inline=\"1\" data-shortcode=\"tcb_post_title\" data-shortcode-name=\"Post title\" data-attr-css=\"\" data-attr-static-link=\"{&quot;className&quot;:&quot;tve-froala fr-basic&quot;,&quot;href&quot;:&quot;https:\/\/paristouristinformation.fr\/fr\/restaurants\/etoile-michelin\/&quot;,&quot;title&quot;:&quot;15 meilleurs restaurants avec des \u00e9toiles Michelin \u00e0 Paris&quot;,&quot;class&quot;:&quot;tve-froala fr-basic&quot;}\" style=\"\"><a href=\"https:\/\/www.paristouristinformation.fr\/fr\/restaurants\/cuisine-francaise\/\" title=\"8 Plats de la cuisine fran\u00e7aise \u00e0 essayer \u00e0 Paris\" data-css=\"\" class=\"tve-froala fr-basic\">8 Plats de la cuisine fran\u00e7aise \u00e0 essayer \u00e0 Paris<\/a><\/span><\/h3>\n<p><\/article><article id=\"post-8389\" class=\"post-8389 page type-page status-publish has-post-thumbnail hentry post-wrapper thrv_wrapper thrive-animated-item  tve_evt_manager_listen tve_ea_thrive_animation tve_et_mouseover tve_anim_grow\" tcb_hover_state_parent=\"\" class=\"tve_evt_manager_listen tve_ea_thrive_animation tve_et_mouseover tve_anim_grow\" data-id=\"8389\" data-selector=\".post-wrapper\"><style class=\"tcb-post-list-dynamic-style\" type=\"text\/css\">@media (min-width: 300px){[].tcb-post-list #post-8389 []{background-image: url(\u00ab\u00a0https:\/\/www.paristouristinformation.fr\/fr\/wp-content\/uploads\/2021\/01\/10-Rooftop-Bars-and-Restaurants-with-a-view-in-Paris-1024x538.jpg\u00ab\u00a0) !important;}[].tcb-post-list #post-8389 []:hover []{background-image: url(\u00ab\u00a0https:\/\/www.paristouristinformation.fr\/fr\/wp-content\/uploads\/2021\/01\/10-Rooftop-Bars-and-Restaurants-with-a-view-in-Paris-1024x538.jpg\u00ab\u00a0) !important;}}<\/style><a href=\"https:\/\/www.paristouristinformation.fr\/fr\/restaurants\/rooftop\/\" dynamic-postlink=\"tcb_post_the_permalink\" data-shortcode-id=\"422\"><\/a><\/p>\n<h3 style=\"text-align: center; padding-top: 0px !important; margin-top: 0px !important;\"><span data-attr-link=\"1\" data-attr-rel=\"0\" data-attr-target=\"0\" data-extra_key=\"\" data-option-inline=\"1\" data-shortcode=\"tcb_post_title\" data-shortcode-name=\"Post title\" data-attr-css=\"\" data-attr-static-link=\"{&quot;className&quot;:&quot;tve-froala fr-basic&quot;,&quot;href&quot;:&quot;https:\/\/paristouristinformation.fr\/fr\/restaurants\/etoile-michelin\/&quot;,&quot;title&quot;:&quot;15 meilleurs restaurants avec des \u00e9toiles Michelin \u00e0 Paris&quot;,&quot;class&quot;:&quot;tve-froala fr-basic&quot;}\" style=\"\"><a href=\"https:\/\/www.paristouristinformation.fr\/fr\/restaurants\/rooftop\/\" title=\"10 Bars et Restaurants Rooftop avec Vue \u00e0 Paris\" data-css=\"\" class=\"tve-froala fr-basic\">10 Bars et Restaurants Rooftop avec Vue \u00e0 Paris<\/a><\/span><\/h3>\n<p><\/article><article id=\"post-6038\" class=\"post-6038 page type-page status-publish has-post-thumbnail hentry post-wrapper thrv_wrapper thrive-animated-item  tve_evt_manager_listen tve_ea_thrive_animation tve_et_mouseover tve_anim_grow\" tcb_hover_state_parent=\"\" class=\"tve_evt_manager_listen tve_ea_thrive_animation tve_et_mouseover tve_anim_grow\" data-id=\"6038\" data-selector=\".post-wrapper\"><style class=\"tcb-post-list-dynamic-style\" type=\"text\/css\">@media (min-width: 300px){[].tcb-post-list #post-6038 []{background-image: url(\u00ab\u00a0https:\/\/www.paristouristinformation.fr\/fr\/wp-content\/uploads\/2021\/01\/7-Best-Vegetarians-and-Vegans-Restaurants-in-Paris-in-France-1024x538.jpg\u00ab\u00a0) !important;}[].tcb-post-list #post-6038 []:hover []{background-image: url(\u00ab\u00a0https:\/\/www.paristouristinformation.fr\/fr\/wp-content\/uploads\/2021\/01\/7-Best-Vegetarians-and-Vegans-Restaurants-in-Paris-in-France-1024x538.jpg\u00ab\u00a0) !important;}}<\/style><a href=\"https:\/\/www.paristouristinformation.fr\/fr\/restaurants\/vegetarien\/\" dynamic-postlink=\"tcb_post_the_permalink\" data-shortcode-id=\"422\"><\/a><\/p>\n<h3 style=\"text-align: center; padding-top: 0px !important; margin-top: 0px !important;\"><span data-attr-link=\"1\" data-attr-rel=\"0\" data-attr-target=\"0\" data-extra_key=\"\" data-option-inline=\"1\" data-shortcode=\"tcb_post_title\" data-shortcode-name=\"Post title\" data-attr-css=\"\" data-attr-static-link=\"{&quot;className&quot;:&quot;tve-froala fr-basic&quot;,&quot;href&quot;:&quot;https:\/\/paristouristinformation.fr\/fr\/restaurants\/etoile-michelin\/&quot;,&quot;title&quot;:&quot;15 meilleurs restaurants avec des \u00e9toiles Michelin \u00e0 Paris&quot;,&quot;class&quot;:&quot;tve-froala fr-basic&quot;}\" style=\"\"><a href=\"https:\/\/www.paristouristinformation.fr\/fr\/restaurants\/vegetarien\/\" title=\"7 Meilleurs restaurants v\u00e9g\u00e9tariens et v\u00e9g\u00e9taliens de Paris\" data-css=\"\" class=\"tve-froala fr-basic\">7 Meilleurs restaurants v\u00e9g\u00e9tariens et v\u00e9g\u00e9taliens de Paris<\/a><\/span><\/h3>\n<p><\/article><\/div>\n","protected":false},"excerpt":{"rendered":"<p>Paris est connue comme une ville de lumi\u00e8res, d&rsquo;art, d&rsquo;histoire et d&rsquo;amour. Il existe de nombreux coins sp\u00e9ciaux de Paris qui rendent les moments des couples voyageurs m\u00e9morables.La sc\u00e8ne peut \u00eatre une vue parfaite depuis un endroit \u00e9lev\u00e9 ou une rue vintage avec un certain caract\u00e8re. Mais, un restaurant fran\u00e7ais est clairement le meilleur ph\u00e9nom\u00e8ne [&hellip;]<\/p>\n","protected":false},"author":11,"featured_media":6368,"parent":3762,"menu_order":0,"comment_status":"closed","ping_status":"closed","template":"","meta":{"footnotes":""},"tags":[],"class_list":{"0":"post-416","1":"page","2":"type-page","3":"status-publish","4":"has-post-thumbnail","5":"hentry","6":"post-wrapper","7":"thrv_wrapper","10":"thrive-animated-item"},"_links":{"self":[{"href":"https:\/\/www.paristouristinformation.fr\/fr\/wp-json\/wp\/v2\/pages\/416","targetHints":{"allow":["GET"]}}],"collection":[{"href":"https:\/\/www.paristouristinformation.fr\/fr\/wp-json\/wp\/v2\/pages"}],"about":[{"href":"https:\/\/www.paristouristinformation.fr\/fr\/wp-json\/wp\/v2\/types\/page"}],"author":[{"embeddable":true,"href":"https:\/\/www.paristouristinformation.fr\/fr\/wp-json\/wp\/v2\/users\/11"}],"replies":[{"embeddable":true,"href":"https:\/\/www.paristouristinformation.fr\/fr\/wp-json\/wp\/v2\/comments?post=416"}],"version-history":[{"count":0,"href":"https:\/\/www.paristouristinformation.fr\/fr\/wp-json\/wp\/v2\/pages\/416\/revisions"}],"up":[{"embeddable":true,"href":"https:\/\/www.paristouristinformation.fr\/fr\/wp-json\/wp\/v2\/pages\/3762"}],"wp:featuredmedia":[{"embeddable":true,"href":"https:\/\/www.paristouristinformation.fr\/fr\/wp-json\/wp\/v2\/media\/6368"}],"wp:attachment":[{"href":"https:\/\/www.paristouristinformation.fr\/fr\/wp-json\/wp\/v2\/media?parent=416"}],"wp:term":[{"taxonomy":"post_tag","embeddable":true,"href":"https:\/\/www.paristouristinformation.fr\/fr\/wp-json\/wp\/v2\/tags?post=416"}],"curies":[{"name":"wp","href":"https:\/\/api.w.org\/{rel}","templated":true}]}}