{"id":4203,"date":"2020-12-15T21:57:55","date_gmt":"2020-12-15T21:57:55","guid":{"rendered":"http:\/\/paristouristinformation.fr\/fr\/?page_id=4203"},"modified":"2023-05-24T09:35:10","modified_gmt":"2023-05-24T09:35:10","slug":"arc-de-triomphe","status":"publish","type":"page","link":"https:\/\/www.paristouristinformation.fr\/fr\/choses-a-faire\/attractions\/arc-de-triomphe\/","title":{"rendered":"Visitez l&#8217;Arc de Triomphe \u00e0 Paris : Conseils &#038; Billets"},"content":{"rendered":"<p>L&rsquo;Arc de triomphe de Paris, l&rsquo;Arc de Triomphe, est un monument de style n\u00e9oclassique inspir\u00e9 des arcs de triomphe romains. Il est situ\u00e9 en haut de l&rsquo;avenue des <a href=\"https:\/\/paristouristinformation.fr\/fr\/choses-a-faire\/avenue-des-champs-elysees\/\">Champs-\u00c9lys\u00e9es<\/a>, au milieu de la place de l&rsquo;\u00c9toile, dans le centre de Paris. C&rsquo;est pourquoi son nom complet est en fait <strong>L&rsquo;Arc de Triomphe de l&rsquo;\u00c9toile.<\/strong><strong>Ce c\u00e9l\u00e8bre arc est l&rsquo;un des plus connus au monde.<\/strong> Il a \u00e9t\u00e9 initi\u00e9 par Napol\u00e9on Bonaparte et construit entre 1806 et 1836. Aujourd&rsquo;hui, l&rsquo;Arc de Triomphe est l&rsquo;un des monuments les plus visit\u00e9s de Paris mais n\u00e9cessite une solide condition physique. En effet, pour acc\u00e9der au mus\u00e9e et \u00e0 la vue au sommet, il vous faudra gravir plus de 280 marches.Pour en savoir plus sur ce monument mythique de Paris, son histoire, <a href=\"#t-1612280523249\" jump-animation=\"smooth\">comment obtenir des billets<\/a>, et comment s&rsquo;y rendre et le visiter comme il se doit, poursuivez votre lecture !<\/p>\n<h2 data-alt-text=\"Entr\u00e9es, billets et visites \" id=\"t-1612280523249\" style=\"\">Entr\u00e9es, billets et visites \u00e0 l&rsquo;Arc de Triomphe<\/h2>\n<p>L&rsquo;Arc de Triomphe est ouvert tous les jours de 10h00 \u00e0 22h00. L&rsquo;admission finale se fait 30 minutes avant la fermeture.<\/p>\n<ul>\n<li><span style=\"\"><strong>Entr\u00e9e :<\/strong> Les billets ne sont pas disponibles sur place. Vous pouvez uniquement r\u00e9server des billets \u00e0 l&rsquo;avance pour des cr\u00e9neaux horaires sp\u00e9cifiques.<\/span><\/li>\n<li style=\"\"><span style=\"\"><strong>Billets :<\/strong> Vous pouvez obtenir vos <a href=\"https:\/\/www.tiqets.com\/en\/paris-attractions-c66746\/tickets-for-arc-de-triomphe-rooftop-access-p974146\/?partner=checkfortrip\" target=\"_blank\" style=\"outline: none;\" data-lt-tmp-id=\"lt-711961\" spellcheck=\"false\" rel=\"nofollow noopener\">billets Skip The Line Arc de Triomphe<\/a> sur notre boutique officielle.<\/span><\/li>\n<\/ul>\n<h2 id=\"t-1612280523245\" data-alt-text=\"What can I do at Arc de Triomphe ?\" style=\"\">Que puis-je faire \u00e0 l&rsquo;Arc de Triomphe de Paris ?<\/h2>\n<p><span><img decoding=\"async\" alt=\"\" data-id=\"4601\" width=\"680\" data-init-width=\"1000\" height=\"383\" data-init-height=\"563\" title=\"view from la defense arch paris\" src=\"http:\/\/paristouristinformation.fr\/fr\/wp-content\/uploads\/2020\/12\/view-from-la-defense-arch-paris.jpg\" data-width=\"680\" data-height=\"383\" data-pin-media=\"http:\/\/paristouristinformation.fr\/fr\/wp-content\/uploads\/2021\/03\/prag_50_sehenswuerdigkeiten_pinterest-38.jpg\" data-pin-description=\"The Arc de Triomphe is one of the most important monuments of Paris and the world. Discover all the important information to visit it : History, Tickets, Tours.\" data-pin-url=\"http:\/\/paristouristinformation.fr\/fr\/things-to-do\/attractions\/arc-de-triomphe\/?tve=true&amp;tcbf=ae90f012bb\" data-pinpro-key=\"2n8zg2t1y\" loading=\"lazy\"><\/span><\/p>\n<p>L&rsquo;arche est un <strong>souvenir permanent de la citation du h\u00e9ros national Napol\u00e9on Bonaparte <\/strong>appelant l&rsquo;arm\u00e9e fran\u00e7aise qui a remport\u00e9 une victoire glorieuse \u00e0 la bataille d&rsquo;Austerlitz : \u00ab\u00a0Vous rentrerez chez vous par des arcs de triomphe\u00a0\u00bb.Son design impressionnant et son \u00e9l\u00e9gance attirent chaque ann\u00e9e plus de 1,5 million de visiteurs. Il existe des billets pour acc\u00e9der au toit, d&rsquo;o\u00f9 l&rsquo;on peut avoir une vue de Paris \u00e0 360 degr\u00e9s.<\/p>\n<p>&nbsp;<\/p>\n<p style=\"\"><a href=\"https:\/\/paristouristinformation.fr\/fr\/visites-guidees-et-billets\/\" style=\"outline: none;\">Le Paris Museum Pass<\/a> est valable \u00e0 l&rsquo;Arc de Triomphe. Vous pouvez \u00e9galement obtenir un seul <a href=\"https:\/\/www.tiqets.com\/en\/paris-attractions-c66746\/tickets-for-arc-de-triomphe-rooftop-access-p974146\/?partner=checkfortrip\" target=\"_blank\" style=\"outline: none;\" rel=\"noopener nofollow\">billet Skip The Line pour l&rsquo;Arc de Triomphe <\/a>dans notre boutique. Il n&rsquo;est pas n\u00e9cessaire d&rsquo;avoir un billet si vous voulez seulement voir l&rsquo;arc de l&rsquo;ext\u00e9rieur, sans monter sur les terrasses.<\/p>\n<h2 data-block=\"d6f96e1f-6ac0-417a-9b4d-ccb1b669fc28\" data-title=\"Heading\" data-type=\"core\/heading\" tabindex=\"0\" id=\"t-1612280523246\" style=\"\">Faits concernant l&rsquo;Arc de Triomphe<\/h2>\n<ul>\n<li><strong>Construction :<\/strong> La construction a commenc\u00e9 en 1806 et s&rsquo;est achev\u00e9e en 1836.<\/li>\n<li><strong>Taille :<\/strong> Il mesure 45 m\u00e8tres de long, 22 m\u00e8tres de large et 49 m\u00e8tres de haut.<\/li>\n<li><strong>Occasions sp\u00e9ciales : <\/strong>Chaque ann\u00e9e, le 14 juillet, le d\u00e9fil\u00e9 militaire du Jour de la Bastille descend de l&rsquo;Arc de Triomphe.<\/li>\n<li><strong>Tombe du Soldat inconnu :<\/strong> Devant le monument, une tombe d&rsquo;un soldat ayant perdu la vie lors de la Premi\u00e8re Guerre mondiale a \u00e9t\u00e9 plac\u00e9e en 1921. Depuis, chaque soir \u00e0 18h30, une c\u00e9r\u00e9monie est organis\u00e9e avec la flamme \u00e9ternelle pour honorer ceux qui ont combattu pour la France.<\/li>\n<\/ul>\n<h2 data-block=\"8c1db30e-9c89-410f-b0c0-175bde7c875d\" data-title=\"Heading\" data-type=\"core\/heading\" tabindex=\"0\" id=\"t-1612280523247\" style=\"\">La vue depuis l&rsquo;Arc de Triomphe<\/h2>\n<p><span><img decoding=\"async\" alt=\"\" data-id=\"372\" width=\"680\" data-init-width=\"1200\" height=\"454\" data-init-height=\"800\" title=\"Champs Elysees Avenue in Paris in France\" src=\"http:\/\/paristouristinformation.fr\/fr\/wp-content\/uploads\/2020\/07\/Champs-Elysees-from-Arc-X.jpg\" data-width=\"680\" data-height=\"454\" data-pin-media=\"http:\/\/paristouristinformation.fr\/fr\/wp-content\/uploads\/2021\/03\/prag_50_sehenswuerdigkeiten_pinterest-38.jpg\" data-pin-description=\"The Arc de Triomphe is one of the most important monuments of Paris and the world. Discover all the important information to visit it : History, Tickets, Tours.\" data-pin-url=\"http:\/\/paristouristinformation.fr\/fr\/things-to-do\/attractions\/arc-de-triomphe\/?tve=true&amp;tcbf=ae90f012bb\" data-pinpro-key=\"yrs9i78lo\" loading=\"lazy\"><\/span><\/p>\n<p>Vous voulez voir cette vue incroyable ? Vous devrez <strong>acc\u00e9der \u00e0 la terrasse en gravissant 284 marches<\/strong>, apr\u00e8s le contr\u00f4le de s\u00e9curit\u00e9, pour m\u00e9riter ce paysage tr\u00e8s gratifiant.Un ascenseur est disponible pour les personnes handicap\u00e9es et les poussettes. Vous pouvez voir une petite maquette de l&rsquo;Arc de Triomphe au dernier \u00e9tage avant les terrasses ainsi que des plaques informatives sur l&rsquo;histoire. Depuis la terrasse, il est possible de voir de nombreux b\u00e2timents embl\u00e9matiques tels que la <a href=\"https:\/\/paristouristinformation.fr\/fr\/choses-a-faire\/tour-eiffel\/\" style=\"outline: none;\">Tour Eiffel<\/a>, le <a href=\"https:\/\/paristouristinformation.fr\/fr\/choses-a-faire\/eglise\/sacre-coeur-basilica\/\">Sacr\u00e9-Coeur<\/a> et La D\u00e9fense.<\/p>\n<h2 data-block=\"ee957ab8-15fd-4e54-a692-ab3c8fcd1b86\" data-title=\"Heading\" data-type=\"core\/heading\" tabindex=\"0\" id=\"t-1612280523248\" style=\"\">Man\u00e8ge \u00e0 l&rsquo;Arc de Triomphe<\/h2>\n<p>Il est situ\u00e9 sur une conjonction o\u00f9 12 avenues principales d\u00e9bouchent au c\u0153ur de Paris. Le monument se trouve au centre des 12 points d&rsquo;entr\u00e9e, \u00e9galement appel\u00e9 \u00ab\u00a0Arc de triomphe de l&rsquo;\u00c9toile\u00a0\u00bb car il forme une \u00e9toile vue du ciel. Cette avenue relie deux des places les plus fr\u00e9quent\u00e9es de Paris, la place de la Concorde et la place Charles-de-Gaulle.<\/p>\n<h2 id=\"t-1612280523250\">Comment se rendre \u00e0 l&rsquo;Arc de Triomphe ?<\/h2>\n<p>e monument est situ\u00e9 sur l&rsquo;actuelle place Charles de Gaulle (l&rsquo;ancien nom \u00e9tait Place de l&rsquo;\u00c9toile) entre les 16e, 17e et 18e arrondissements de Paris.Le monument est travers\u00e9 par des passerelles souterraines. C&rsquo;est le seul moyen de s&rsquo;y rendre car il n&rsquo;y a pas de passages pi\u00e9tons.<\/p>\n<ul>\n<li><strong>M\u00e9tro :<\/strong> La station la plus proche est \u00ab\u00a0Charles de Gaulle-\u00c9toile\u00a0\u00bb sur les lignes M1, M2 et M3.<\/li>\n<li><strong>RER :<\/strong> Ligne A<\/li>\n<li><strong>BUS :<\/strong> Lignes 22, 30, 31, 52, 73, 924<\/li>\n<\/ul>\n<h2 id=\"t-1627506349233\" style=\"\">FAQ (Foire aux questions)<\/h2>\n<h2 id=\"t-1612280523251\" style=\"\">Histoire de l&rsquo;Arc de Triomphe<\/h2>\n<p><span><img decoding=\"async\" alt=\"Arc de Triomphe in Paris in France\" data-id=\"107\" width=\"680\" data-init-width=\"1000\" height=\"454\" data-init-height=\"667\" title=\"Arc de Triomphe in Paris in France\" src=\"http:\/\/paristouristinformation.fr\/fr\/wp-content\/uploads\/2020\/06\/Arc-de-Triomphe-in-Paris-in-France.jpg\" data-width=\"680\" data-height=\"454\" data-pin-media=\"http:\/\/paristouristinformation.fr\/fr\/wp-content\/uploads\/2021\/03\/prag_50_sehenswuerdigkeiten_pinterest-38.jpg\" data-pin-description=\"The Arc de Triomphe is one of the most important monuments of Paris and the world. Discover all the important information to visit it : History, Tickets, Tours.\" data-pin-url=\"http:\/\/paristouristinformation.fr\/fr\/things-to-do\/attractions\/arc-de-triomphe\/?tve=true&amp;tcbf=ae90f012bb\" data-pinpro-key=\"jmtqo990t\" loading=\"lazy\"><\/span><\/p>\n<p>Arc de Triomphe de l&rsquo;\u00c9toile signifie \u00ab\u00a0Arc de Triomphe de l&rsquo;\u00c9toile\u00a0\u00bb. Il s&rsquo;agit de l&rsquo;un des p<strong>lus grands monuments du monde. <\/strong>Napol\u00e9on Bonaparte, consid\u00e9r\u00e9 comme un g\u00e9nie strat\u00e9gique et un chef ayant une grande influence sur les soldats, a fait construire l&rsquo;Arc de Triomphe pour honorer les victoires de sa Grande Arm\u00e9e.<\/p>\n<p>Il s&rsquo;est beaucoup <strong>inspir\u00e9 de l&rsquo;histoire, de l&rsquo;architecture et des h\u00e9ros romains<\/strong>. Il a donc ordonn\u00e9 la construction de l&rsquo;arc de triomphe de style romain qui devait montrer le prestige et l&rsquo;essor de l&#8217;empire le 18 f\u00e9vrier 1806.<\/p>\n<p>La construction du monument a \u00e9t\u00e9 entreprise par <strong>l&rsquo;architecte fran\u00e7ais Jean-Fran\u00e7ois-Th\u00e9r\u00e8se Chalgrin. <\/strong>La premi\u00e8re pierre fut pos\u00e9e le 15 ao\u00fbt 1806, jour de l&rsquo;anniversaire de l&#8217;empereur. La construction a dur\u00e9 30 ans, de 1805 \u00e0 1835, avec des retards et de nombreuses modifications.<\/p>\n<p>Napol\u00e9on Bonaparte est mort en 1821 et n&rsquo;a pas pu voir le monument achev\u00e9. Son carrosse fun\u00e9raire passa sous l&rsquo;Arc de Triomphe pour \u00eatre transport\u00e9 au mausol\u00e9e des Invalides o\u00f9 se trouve le <a href=\"https:\/\/paristouristinformation.fr\/fr\/choses-a-faire\/musees\/musee-de-larmee\/\">mus\u00e9e de l&rsquo;Arm\u00e9e<\/a>. Une foule nombreuse accueille les cendres aux cris de \u00ab\u00a0Vive l&rsquo;Empereur\u00a0\u00bb le 15 d\u00e9cembre 1840.<\/p>\n<p>Aujourd&rsquo;hui, c&rsquo;est l&rsquo;un des points de rep\u00e8re les plus importants de Paris, visit\u00e9 par plus de 1,5 million de personnes chaque ann\u00e9e.<\/p>\n<h3 style=\"\"><span data-attr-link=\"1\" data-attr-rel=\"0\" data-attr-target=\"0\" data-extra_key=\"\" data-option-inline=\"1\" data-shortcode=\"tcb_post_title\" data-shortcode-name=\"Post title\" data-attr-css=\"\" style=\"\" data-attr-static-link=\"{&quot;className&quot;:&quot;&quot;,&quot;href&quot;:&quot;https:\/\/www.paristouristinformation.fr\/fr\/choses-a-faire\/croisiere-sur-la-seine\/&quot;,&quot;title&quot;:&quot;Croisi\u00e8re sur la Seine \u00e0 Paris : R\u00e9servation &amp; Conseils&quot;,&quot;class&quot;:&quot;&quot;}\"><a href=\"https:\/\/www.paristouristinformation.fr\/fr\/choses-a-faire\/croisiere-sur-la-seine\/\" title=\"Croisi\u00e8re sur la Seine \u00e0 Paris : R\u00e9servation &amp; Conseils\" data-css=\"\">Croisi\u00e8re sur la Seine \u00e0 Paris : R\u00e9servation &amp; Conseils<\/a><\/span><\/h3>\n<h2 id=\"t-1612280523252\" data-alt-text=\"Contact \" style=\"\">Contact et plan d&rsquo;acc\u00e8s<\/h2>\n<ul>\n<li><span style=\"\"><strong>Adresse :&nbsp;<\/strong>Place Charles de Gaulle, 75008 Paris, France<\/span><\/li>\n<li><span style=\"\"><strong>Heures d&rsquo;ouverture : <\/strong>Ouvert tous les jours de 10:00 \u00e0 22:00&nbsp;<\/span><\/li>\n<li><span style=\"\"><strong>Transports en commun : <\/strong><\/span><\/li>\n<li><span><strong>M\u00e9tro :<\/strong> La station la plus proche est \u00ab\u00a0Charles de Gaulle-\u00c9toile\u00a0\u00bb sur les lignes M1, M2 et M3.<\/span><\/li>\n<li><span><strong>RER :<\/strong> Ligne A&nbsp;<\/span><\/li>\n<li><span><strong>BUS :<\/strong> Lignes 22, 30, 31, 52, 73, 924<\/span><\/li>\n<li style=\"\"><span style=\"\"><strong>Site web :&nbsp;<\/strong><a href=\"http:\/\/paris-arc-de-triomphe.fr\" target=\"_blank\" style=\"outline: none;\" rel=\"nofollow noopener\" data-lt-tmp-id=\"lt-174151\" spellcheck=\"false\">Paris-arc-de-triomphe<\/a><\/span><\/li>\n<\/ul>\n<p>__CONFIG_colors_palette__{\u00ab\u00a0active_palette\u00a0\u00bb:0,\u00a0\u00bbconfig\u00a0\u00bb:{\u00ab\u00a0colors\u00a0\u00bb:{\u00ab\u00a0f8570\u00a0\u00bb:{\u00ab\u00a0name\u00a0\u00bb:\u00a0\u00bbMain Accent\u00a0\u00bb,\u00a0\u00bbparent\u00a0\u00bb:-1}},\u00a0\u00bbgradients\u00a0\u00bb:[]},\u00a0\u00bbpalettes\u00a0\u00bb:[{\u00ab\u00a0name\u00a0\u00bb:\u00a0\u00bbDefault Palette\u00a0\u00bb,\u00a0\u00bbvalue\u00a0\u00bb:{\u00ab\u00a0colors\u00a0\u00bb:{\u00ab\u00a0f8570\u00a0\u00bb:{\u00ab\u00a0val\u00a0\u00bb:\u00a0\u00bbvar(&#8211;tcb-skin-color-0)\u00a0\u00bb}},\u00a0\u00bbgradients\u00a0\u00bb:[]},\u00a0\u00bboriginal\u00a0\u00bb:{\u00ab\u00a0colors\u00a0\u00bb:{\u00ab\u00a0f8570\u00a0\u00bb:{\u00ab\u00a0val\u00a0\u00bb:\u00a0\u00bbrgb(19, 114, 211)\u00a0\u00bb,\u00a0\u00bbhsl\u00a0\u00bb:{\u00ab\u00a0h\u00a0\u00bb:210,\u00a0\u00bbs\u00a0\u00bb:0.83,\u00a0\u00bbl\u00a0\u00bb:0.45}}},\u00a0\u00bbgradients\u00a0\u00bb:[]}}]}__CONFIG_colors_palette__ <a href=\"http:\/\/paristouristinformation.fr\/fr\/plan\/\"> <span><span>Planifiez votre voyage \u00e0 Paris<\/span><\/span> <\/a> __CONFIG_colors_palette__{\u00ab\u00a0active_palette\u00a0\u00bb:0,\u00a0\u00bbconfig\u00a0\u00bb:{\u00ab\u00a0colors\u00a0\u00bb:{\u00ab\u00a0f8570\u00a0\u00bb:{\u00ab\u00a0name\u00a0\u00bb:\u00a0\u00bbMain Accent\u00a0\u00bb,\u00a0\u00bbparent\u00a0\u00bb:-1}},\u00a0\u00bbgradients\u00a0\u00bb:[]},\u00a0\u00bbpalettes\u00a0\u00bb:[{\u00ab\u00a0name\u00a0\u00bb:\u00a0\u00bbDefault Palette\u00a0\u00bb,\u00a0\u00bbvalue\u00a0\u00bb:{\u00ab\u00a0colors\u00a0\u00bb:{\u00ab\u00a0f8570\u00a0\u00bb:{\u00ab\u00a0val\u00a0\u00bb:\u00a0\u00bbvar(&#8211;tcb-skin-color-0)\u00a0\u00bb}},\u00a0\u00bbgradients\u00a0\u00bb:[]},\u00a0\u00bboriginal\u00a0\u00bb:{\u00ab\u00a0colors\u00a0\u00bb:{\u00ab\u00a0f8570\u00a0\u00bb:{\u00ab\u00a0val\u00a0\u00bb:\u00a0\u00bbrgb(19, 114, 211)\u00a0\u00bb,\u00a0\u00bbhsl\u00a0\u00bb:{\u00ab\u00a0h\u00a0\u00bb:210,\u00a0\u00bbs\u00a0\u00bb:0.83,\u00a0\u00bbl\u00a0\u00bb:0.45}}},\u00a0\u00bbgradients\u00a0\u00bb:[]}}]}__CONFIG_colors_palette__ <a href=\"http:\/\/paristouristinformation.fr\/fr\/hotel\/\"> <span><span>R\u00e9servez votre s\u00e9jour \u00e0 Paris<\/span><\/span> <\/a> <\/p>\n<h2 style=\"\" id=\"t-1684920727340\">Tours et billets de Paris<\/h2>\n<p style=\"text-align: left;\">D\u00e9couvrez Paris aujourd&rsquo;hui avec les visites et les billets les plus pr\u00e9f\u00e9r\u00e9s, sans faire la queue.<\/p>\n<h2 style=\"\" id=\"t-1684920727341\">Articles connexes :<\/h2>\n<p><a href=\"https:\/\/www.paristouristinformation.fr\/fr\/choses-a-faire\/quartiers\/\" dynamic-postlink=\"tcb_post_the_permalink\" data-shortcode-id=\"2950\"><\/a><\/p>\n<h3 style=\"text-align: center; padding-top: 0px !important; margin-top: 0px !important;\"><span data-attr-link=\"1\" data-attr-rel=\"0\" data-attr-target=\"0\" data-extra_key=\"\" data-option-inline=\"1\" data-shortcode=\"tcb_post_title\" data-shortcode-name=\"Post title\" data-attr-css=\"\" data-attr-static-link=\"{&quot;className&quot;:&quot;&quot;,&quot;href&quot;:&quot;https:\/\/www.paristouristinformation.fr\/fr\/choses-a-faire\/quartiers\/&quot;,&quot;title&quot;:&quot;Quartiers Parisiens : Guide des 20 Arrondissements&quot;,&quot;class&quot;:&quot;&quot;}\" style=\"\"><a href=\"https:\/\/www.paristouristinformation.fr\/fr\/choses-a-faire\/quartiers\/\" title=\"Quartiers Parisiens : Guide des 20 Arrondissements\" data-css=\"\">Quartiers Parisiens : Guide des 20 Arrondissements<\/a><\/span><\/h3>\n<p><a href=\"https:\/\/www.paristouristinformation.fr\/fr\/culture\/\" dynamic-postlink=\"tcb_post_the_permalink\" data-shortcode-id=\"2950\"><\/a><\/p>\n<h3 style=\"text-align: center; padding-top: 0px !important; margin-top: 0px !important;\"><span data-attr-link=\"1\" data-attr-rel=\"0\" data-attr-target=\"0\" data-extra_key=\"\" data-option-inline=\"1\" data-shortcode=\"tcb_post_title\" data-shortcode-name=\"Post title\" data-attr-css=\"\" data-attr-static-link=\"{&quot;className&quot;:&quot;&quot;,&quot;href&quot;:&quot;https:\/\/www.paristouristinformation.fr\/fr\/choses-a-faire\/quartiers\/&quot;,&quot;title&quot;:&quot;Quartiers Parisiens : Guide des 20 Arrondissements&quot;,&quot;class&quot;:&quot;&quot;}\" style=\"\"><a href=\"https:\/\/www.paristouristinformation.fr\/fr\/culture\/\" title=\"Le Guide Complet de la Culture Fran\u00e7aise : Art, Cuisine, Mode\" data-css=\"\">Le Guide Complet de la Culture Fran\u00e7aise : Art, Cuisine, Mode<\/a><\/span><\/h3>\n<p><a href=\"https:\/\/www.paristouristinformation.fr\/fr\/choses-a-faire\/hop-on-hop-off\/\" dynamic-postlink=\"tcb_post_the_permalink\" data-shortcode-id=\"2950\"><\/a><\/p>\n<h3 style=\"text-align: center; padding-top: 0px !important; margin-top: 0px !important;\"><span data-attr-link=\"1\" data-attr-rel=\"0\" data-attr-target=\"0\" data-extra_key=\"\" data-option-inline=\"1\" data-shortcode=\"tcb_post_title\" data-shortcode-name=\"Post title\" data-attr-css=\"\" data-attr-static-link=\"{&quot;className&quot;:&quot;&quot;,&quot;href&quot;:&quot;https:\/\/www.paristouristinformation.fr\/fr\/choses-a-faire\/quartiers\/&quot;,&quot;title&quot;:&quot;Quartiers Parisiens : Guide des 20 Arrondissements&quot;,&quot;class&quot;:&quot;&quot;}\" style=\"\"><a href=\"https:\/\/www.paristouristinformation.fr\/fr\/choses-a-faire\/hop-on-hop-off\/\" title=\"Tours Hop on Hop off en bateau et en bus \u00e0 Paris\" data-css=\"\">Tours Hop on Hop off en bateau et en bus \u00e0 Paris<\/a><\/span><\/h3>\n<p><a href=\"https:\/\/www.paristouristinformation.fr\/fr\/choses-a-faire\/musees\/petit-palais\/\" dynamic-postlink=\"tcb_post_the_permalink\" data-shortcode-id=\"2950\"><\/a><\/p>\n<h3 style=\"text-align: center; padding-top: 0px !important; margin-top: 0px !important;\"><span data-attr-link=\"1\" data-attr-rel=\"0\" data-attr-target=\"0\" data-extra_key=\"\" data-option-inline=\"1\" data-shortcode=\"tcb_post_title\" data-shortcode-name=\"Post title\" data-attr-css=\"\" data-attr-static-link=\"{&quot;className&quot;:&quot;&quot;,&quot;href&quot;:&quot;https:\/\/www.paristouristinformation.fr\/fr\/choses-a-faire\/quartiers\/&quot;,&quot;title&quot;:&quot;Quartiers Parisiens : Guide des 20 Arrondissements&quot;,&quot;class&quot;:&quot;&quot;}\" style=\"\"><a href=\"https:\/\/www.paristouristinformation.fr\/fr\/choses-a-faire\/musees\/petit-palais\/\" title=\"Guide du Petit Palais \u00e0 Paris : Expositions, billets et informations\" data-css=\"\">Guide du Petit Palais \u00e0 Paris : Expositions, billets et informations<\/a><\/span><\/h3>\n","protected":false},"excerpt":{"rendered":"<p>L&rsquo;Arc de triomphe de Paris, l&rsquo;Arc de Triomphe, est un monument de style n\u00e9oclassique inspir\u00e9 des arcs de triomphe romains. Il est situ\u00e9 en haut de l&rsquo;avenue des Champs-\u00c9lys\u00e9es, au milieu de la place de l&rsquo;\u00c9toile, dans le centre de Paris. C&rsquo;est pourquoi son nom complet est en fait L&rsquo;Arc de Triomphe de l&rsquo;\u00c9toile.Ce c\u00e9l\u00e8bre [&hellip;]<\/p>\n","protected":false},"author":11,"featured_media":4214,"parent":2930,"menu_order":0,"comment_status":"closed","ping_status":"closed","template":"","meta":{"footnotes":""},"tags":[],"class_list":["post-4203","page","type-page","status-publish","has-post-thumbnail","hentry","post-wrapper","thrv_wrapper"],"_links":{"self":[{"href":"https:\/\/www.paristouristinformation.fr\/fr\/wp-json\/wp\/v2\/pages\/4203","targetHints":{"allow":["GET"]}}],"collection":[{"href":"https:\/\/www.paristouristinformation.fr\/fr\/wp-json\/wp\/v2\/pages"}],"about":[{"href":"https:\/\/www.paristouristinformation.fr\/fr\/wp-json\/wp\/v2\/types\/page"}],"author":[{"embeddable":true,"href":"https:\/\/www.paristouristinformation.fr\/fr\/wp-json\/wp\/v2\/users\/11"}],"replies":[{"embeddable":true,"href":"https:\/\/www.paristouristinformation.fr\/fr\/wp-json\/wp\/v2\/comments?post=4203"}],"version-history":[{"count":0,"href":"https:\/\/www.paristouristinformation.fr\/fr\/wp-json\/wp\/v2\/pages\/4203\/revisions"}],"up":[{"embeddable":true,"href":"https:\/\/www.paristouristinformation.fr\/fr\/wp-json\/wp\/v2\/pages\/2930"}],"wp:featuredmedia":[{"embeddable":true,"href":"https:\/\/www.paristouristinformation.fr\/fr\/wp-json\/wp\/v2\/media\/4214"}],"wp:attachment":[{"href":"https:\/\/www.paristouristinformation.fr\/fr\/wp-json\/wp\/v2\/media?parent=4203"}],"wp:term":[{"taxonomy":"post_tag","embeddable":true,"href":"https:\/\/www.paristouristinformation.fr\/fr\/wp-json\/wp\/v2\/tags?post=4203"}],"curies":[{"name":"wp","href":"https:\/\/api.w.org\/{rel}","templated":true}]}}