{"id":4332,"date":"2020-12-16T12:05:56","date_gmt":"2020-12-16T12:05:56","guid":{"rendered":"http:\/\/paristouristinformation.fr\/fr\/?page_id=4332"},"modified":"2025-03-25T06:31:31","modified_gmt":"2025-03-25T06:31:31","slug":"centre-pompidou","status":"publish","type":"page","link":"https:\/\/www.paristouristinformation.fr\/fr\/choses-a-faire\/musees\/centre-pompidou\/","title":{"rendered":"Guide du Centre Pompidou \u00e0 Paris : Billets et expositions"},"content":{"rendered":"<p>Le Centre national d&rsquo;art et de culture Georges-Pompidou (CNAC), commun\u00e9ment appel\u00e9 \u00ab\u00a0<strong>Centre Pompidou<\/strong>\u00ab\u00a0, est un \u00e9tablissement voulu par l&rsquo;ex-pr\u00e9sident de la France Georges Pompidou, passionn\u00e9 d&rsquo;art moderne.Il souhaitait cr\u00e9er une institution culturelle originale enti\u00e8rement d\u00e9di\u00e9e \u00e0 la cr\u00e9ation moderne et contemporaine.Situ\u00e9 dans le quartier populaire du<a href=\"https:\/\/paristouristinformation.fr\/fr\/choses-a-faire\/quartiers\/le-marais\/\"> Marais<\/a> \u00e0 Paris, le Centre Pompidou est une <strong>institution culturelle qui attire l&rsquo;attention par son architecture unique.<\/strong> En effet, pr\u00e8s de 4 millions de visiteurs entrent dans le centre chaque ann\u00e9e !D\u00e9couvrez toutes les informations utiles sur le Centre Pompidou gr\u00e2ce \u00e0 notre guide ci-dessous.<\/p>\n<h3 data-end=\"191\" data-start=\"114\" style=\"\"><strong data-end=\"189\" data-start=\"118\">Derni\u00e8re mise \u00e0 jour : La r\u00e9novation du Centre Pompidou (2025\u20132030)<\/strong><\/h3>\n<p data-end=\"515\" data-start=\"193\" style=\"\">Le <strong data-end=\"215\" data-start=\"196\">Centre Pompidou<\/strong> se pr\u00e9pare \u00e0 un <strong data-end=\"266\" data-start=\"232\">important projet de r\u00e9novation<\/strong>, entra\u00eenant sa <strong data-end=\"350\" data-start=\"282\">fermeture temporaire \u00e0 partir du 22 septembre 2025 jusqu\u2019en 2030<\/strong>. Cette transformation d\u2019envergure vise \u00e0 <strong data-end=\"417\" data-start=\"392\">restaurer le b\u00e2timent<\/strong>, am\u00e9liorer son <strong data-end=\"450\" data-start=\"433\">accessibilit\u00e9<\/strong>, et offrir une exp\u00e9rience de visite <strong data-end=\"514\" data-start=\"487\">plus moderne et durable<\/strong>.<\/p>\n<h4 data-end=\"569\" data-start=\"517\" style=\"\"><strong data-end=\"567\" data-start=\"522\">Le Centre Pompidou est-il encore ouvert ?<\/strong><\/h4>\n<p data-end=\"805\" data-start=\"570\" style=\"\">Oui, le mus\u00e9e reste <strong data-end=\"624\" data-start=\"590\">ouvert jusqu\u2019en septembre 2025<\/strong>, avec des <strong data-end=\"671\" data-start=\"635\">expositions temporaires en cours<\/strong> et <strong data-end=\"712\" data-start=\"675\">l\u2019acc\u00e8s \u00e0 la terrasse panoramique<\/strong>. En revanche, <strong data-end=\"804\" data-start=\"727\">la collection permanente ne sera plus accessible \u00e0 partir du 11 mars 2025<\/strong>.<\/p>\n<p data-end=\"1046\" data-start=\"807\" style=\"\">Les visiteurs peuvent encore d\u00e9couvrir des expositions exceptionnelles, comme <em data-end=\"902\" data-start=\"885\">Suzanne Valadon<\/em> (du 15 janvier au 26 mai 2025). Les billets pour les expositions en cours et l\u2019acc\u00e8s au toit sont disponibles via des <a href=\"https:\/\/www.tiqets.com\/fr\/activites-attractions-paris-c66746\/billets-pour-centre-pompidou-exposition-acces-au-toit-p984871\/?partner=paristouristinformation&amp;tq_campaign=CentrePompidouArticle\" target=\"_blank\" rel=\"noopener nofollow\"><strong data-end=\"1045\" data-start=\"1021\">revendeurs officiels<\/strong>.<\/a><\/p>\n<p data-end=\"1352\" data-start=\"1048\" style=\"\">Pendant la fermeture, certaines \u0153uvres seront pr\u00e9sent\u00e9es <strong data-end=\"1159\" data-start=\"1105\">dans d&rsquo;autres lieux en France et \u00e0 l&rsquo;international<\/strong>. Pour suivre l\u2019\u00e9volution du projet et les expositions \u00e0 venir, consultez le <strong data-end=\"1351\" data-start=\"1236\"><a data-end=\"1349\" data-start=\"1238\" href=\"https:\/\/www.centrepompidou.fr\/en\/the-centre-pompidou-is-transforming-itself\" target=\"_blank\" style=\"outline: none;\" data-lt-tmp-id=\"lt-609983\" spellcheck=\"false\" rel=\"noopener nofollow\">site officiel du Centre Pompidou<\/a><\/strong>.<\/p>\n<h2 id=\"t-1612277890343\" data-alt-text=\"What can I do at the center ?\">Que puis-je faire au Centre Pompidou ?<\/h2>\n<p>Il ne fait aucun doute que Paris est le paradis des amateurs d&rsquo;art. Des centaines de personnes commencent leur visite de l&rsquo;art par le <a href=\"https:\/\/paristouristinformation.fr\/fr\/choses-a-faire\/musees\/musee-du-louvre\/\" style=\"outline: none;\">Mus\u00e9e du Louvre <\/a>et continuent peut-\u00eatre par le <a href=\"https:\/\/paristouristinformation.fr\/fr\/choses-a-faire\/musees\/musee-d-orsay\/\">Mus\u00e9e d&rsquo;Orsay.<\/a>Nous recommandons de <strong>placer le Centre Pompidou en troisi\u00e8me position <\/strong>car c&rsquo;est l&rsquo;un des plus importants mus\u00e9es d&rsquo;art moderne au monde.En effet, il est possible de voir la <strong>deuxi\u00e8me plus grande collection d&rsquo;art moderne du monde<\/strong> (apr\u00e8s New York) et des pi\u00e8ces tr\u00e8s importantes de l&rsquo;histoire de l&rsquo;art par ordre chronologique.En plus du mus\u00e9e d&rsquo;art moderne, il comprend deux salles de cin\u00e9ma, une salle de spectacle, un amphith\u00e9\u00e2tre et deux biblioth\u00e8ques.<\/p>\n<h3 data-block=\"c20d418d-81dc-4a6e-8172-5fb8713c5fd3\" data-title=\"Heading\" data-type=\"core\/heading\" tabindex=\"0\">Biblioth\u00e8que Kandinsky<\/h3>\n<p>La collection de la biblioth\u00e8que offre de grandes archives pour les chercheurs, en particulier pour les XXe et XXIe si\u00e8cles.<\/p>\n<h3>Biblioth\u00e8que publique d&rsquo;information<\/h3>\n<p>La Biblioth\u00e8que publique d&rsquo;information (BPI) est une biblioth\u00e8que impressionnante qui couvre une <strong>superficie de plus de 10 000 m2 <\/strong>et poss\u00e8de une<strong> collection de 400 000 ouvrages courants.<\/strong>En outre, la biblioth\u00e8que propose <strong>un large \u00e9ventail d&rsquo;ateliers et de programmes culturels sur des sujets d&rsquo;actualit\u00e9<\/strong>, y compris des conf\u00e9rences du lundi soir sur la litt\u00e9rature, la science, le journalisme, la g\u00e9opolitique, l&rsquo;\u00e9cologie et bien d&rsquo;autres sujets. La biblioth\u00e8que accueille des expositions sur des th\u00e8mes litt\u00e9raires et propose des visites guid\u00e9es \u00e0 17 heures (sauf le mardi, le week-end et les jours f\u00e9ri\u00e9s).A noter \u00e9galement <strong>une importante programmation de documentaires<\/strong> et <strong>deux festivals annuels<\/strong> : <span style=\"text-decoration: underline;\">Press Start,<\/span> un festival de jeux vid\u00e9o, et <span style=\"text-decoration: underline;\">Effractions<\/span>, un festival de litt\u00e9rature contemporaine. Toutes les offres, \u00e0 l&rsquo;exception de la biblioth\u00e8que documentaire, sont gratuites.<\/p>\n<h3 data-block=\"0dbdfcbc-355b-485b-aef0-2a0bb92fa41b\" data-title=\"Heading\" data-type=\"core\/heading\" tabindex=\"0\">Place Georges Pompidou<\/h3>\n<p>Il s&rsquo;agit d&rsquo;une zone tr\u00e8s anim\u00e9e devant le mus\u00e9e, avec de nombreux artistes de rue, des skateurs, des carnavals miniatures temporaires et d&rsquo;autres attractions culturelles.<\/p>\n<p><span><img decoding=\"async\" alt=\"The Pompidou Art Center in Paris in France\" data-id=\"145\" width=\"702\" data-init-width=\"1000\" height=\"468\" data-init-height=\"667\" title=\"The Pompidou Art Center in Paris in France\" src=\"http:\/\/paristouristinformation.fr\/fr\/wp-content\/uploads\/2020\/06\/The-Pompidou-Art-Center-in-Paris-in-France.jpg\" data-width=\"702\" data-height=\"468\" data-pinpro-key=\"arxs2u9xd\" loading=\"lazy\" style=\"aspect-ratio: auto 1000 \/ 667;\"><\/span><\/p>\n<h3 data-block=\"70689be6-3933-4216-ac3f-69c54b912173\" data-title=\"Heading\" data-type=\"core\/heading\" tabindex=\"0\">La conception du b\u00e2timent<\/h3>\n<p>Le design ext\u00e9rieur du b\u00e2timent attire l&rsquo;attention, notamment par l&rsquo;utilisation efficace de <strong>quatre couleurs sur les tuyaux.<\/strong>La couleur bleue est utilis\u00e9e pour la circulation de l&rsquo;air, le jaune pour l&rsquo;\u00e9lectricit\u00e9, le vert pour la circulation de l&rsquo;eau et le rouge pour les escalators et les ascenseurs.Des \u00e9l\u00e9ments en acier sont utilis\u00e9s dans tout le b\u00e2timent. S&rsquo;\u00e9tendant sur une superficie de plus de 100 000 m2, le b\u00e2timent compte 10 \u00e9tages.<\/p>\n<h3 data-block=\"ef838575-fbde-4639-aeec-0ead4509507d\" data-title=\"Heading\" data-type=\"core\/heading\" tabindex=\"0\">Le Mus\u00e9e<\/h3>\n<p><a href=\"https:\/\/paristouristinformation.fr\/fr\/choses-a-faire\/musees\/national-dart-moderne\/\">Le Mus\u00e9e national d&rsquo;art moderne<\/a>, situ\u00e9 aux quatri\u00e8me et cinqui\u00e8me \u00e9tages, contient <strong>50 000 \u0153uvres d&rsquo;art<\/strong> et environ 2000 d&rsquo;entre elles sont expos\u00e9es pour les visiteurs.Le mus\u00e9e combine des collections modernes (de 1905 \u00e0 1965) et des collections contemporaines (des ann\u00e9es 60) pr\u00e9sentant aux visiteurs les mouvements de l&rsquo;art de l&rsquo;\u00e9poque moderne \u00e0 nos jours.<\/p>\n<ul>\n<li><span style=\"\">Vous pr\u00e9parez votre voyage \u00e0 Paris ? D\u00e9couvrez toutes les autres <a href=\"https:\/\/paristouristinformation.fr\/fr\/choses-a-faire\/quartiers\/le-marais\/\">choses \u00e0 ne pas manquer dans le quartier du Marais,<\/a> l&rsquo;un des quartiers les plus visit\u00e9s de Paris !<\/span><\/li>\n<\/ul>\n<h2 id=\"t-1612277890344\" data-alt-text=\"Entrance, Tickets and Tours \">Entr\u00e9es, billets et visites du Centre Pompidou<\/h2>\n<ul>\n<li style=\"\"><span style=\"\"><strong>Billets :<\/strong> Gagnez du temps avec le <strong>billet Skip the Lines du Centre Pompidou<\/strong> et b\u00e9n\u00e9ficiez d&rsquo;un acc\u00e8s prioritaire \u00e0 la collection permanente et \u00e0 l&rsquo;exposition Matisse. Profitez de la vue spectaculaire sur Paris depuis les toits.<\/span><\/li>\n<\/ul>\n<p>Il est possible d&rsquo;obtenir un billet sp\u00e9cifique pour le <strong>Centre Pompidou Rooftop Ticket <\/strong>afin de voir la vue de Paris depuis le dernier \u00e9tage sans visiter le mus\u00e9e. De l\u00e0, vous pouvez voir la basilique du Sacr\u00e9-Coeur, la tour Eiffel et de nombreux autres monuments.<\/p>\n<ul>\n<li><span style=\"\">Pour gagner du temps, de l&rsquo;argent et \u00e9viter les tracas, vous pouvez pr\u00e9parer votre voyage en achetant \u00e0 l&rsquo;avance tous les billets en ligne dont vous avez besoin dans notre boutique officielle <a href=\"https:\/\/paristouristinformation.fr\/fr\/visites-guidees-et-billets\/\">Paris Tickets Shop.<\/a><\/span><\/li>\n<\/ul>\n<h2 id=\"t-1612277890345\" data-alt-text=\"How to get there ?\">Comment se rendre au Centre Pompidou ?<\/h2>\n<p>Le Centre Pompidou est situ\u00e9 dans le quartier Beaubourg, dans le 4\u00e8me arrondissement de Paris.<\/p>\n<ul>\n<li><strong>M\u00e9tro :<\/strong> La station de m\u00e9tro la plus proche est \u00ab\u00a0Rambuteau\u00a0\u00bb sur la ligne 11.Il est \u00e9galement possible de descendre \u00e0 la station \u00ab\u00a0Ch\u00e2telet\u00a0\u00bb avec les lignes 1, 4, 7, 11, 12 et 14.<\/li>\n<li><strong>RER :<\/strong> La station Ch\u00e2telet &#8211; Les Halles du RER-A, RER-B et RER-D est \u00e0 environ 5 \u00e0 10 minutes \u00e0 pied.<\/li>\n<li><strong>BUS <\/strong>: 29, 38, 47 et 75<\/li>\n<\/ul>\n<p>__CONFIG_colors_palette__{\u00ab\u00a0active_palette\u00a0\u00bb:0,\u00a0\u00bbconfig\u00a0\u00bb:{\u00ab\u00a0colors\u00a0\u00bb:{\u00ab\u00a050ce5\u00a0\u00bb:{\u00ab\u00a0name\u00a0\u00bb:\u00a0\u00bbMain Accent\u00a0\u00bb,\u00a0\u00bbparent\u00a0\u00bb:-1}},\u00a0\u00bbgradients\u00a0\u00bb:[]},\u00a0\u00bbpalettes\u00a0\u00bb:[{\u00ab\u00a0name\u00a0\u00bb:\u00a0\u00bbDefault Palette\u00a0\u00bb,\u00a0\u00bbvalue\u00a0\u00bb:{\u00ab\u00a0colors\u00a0\u00bb:{\u00ab\u00a050ce5\u00a0\u00bb:{\u00ab\u00a0val\u00a0\u00bb:\u00a0\u00bbvar(&#8211;tcb-skin-color-0)\u00a0\u00bb}},\u00a0\u00bbgradients\u00a0\u00bb:[]},\u00a0\u00bboriginal\u00a0\u00bb:{\u00ab\u00a0colors\u00a0\u00bb:{\u00ab\u00a050ce5\u00a0\u00bb:{\u00ab\u00a0val\u00a0\u00bb:\u00a0\u00bbrgb(19, 114, 211)\u00a0\u00bb,\u00a0\u00bbhsl\u00a0\u00bb:{\u00ab\u00a0h\u00a0\u00bb:210,\u00a0\u00bbs\u00a0\u00bb:0.83,\u00a0\u00bbl\u00a0\u00bb:0.45,\u00a0\u00bba\u00a0\u00bb:1}}},\u00a0\u00bbgradients\u00a0\u00bb:[]}}]}__CONFIG_colors_palette__ <a href=\"https:\/\/paristouristinformation.fr\/fr\/organisez-votre-voyage-a-paris\/transports-en-commun\/\"> <span><span style=\"\">Guide des transports publics \u00e0 Paris<\/span><\/span> <\/a> <\/p>\n<h2 id=\"t-1627473909659\" style=\"\">FAQ (Foire aux questions)<\/h2>\n<h2 id=\"t-1612277890346\" style=\"\">Histoire du Centre Pompidou<\/h2>\n<p><span><img decoding=\"async\" alt=\"\" data-id=\"4340\" width=\"702\" data-init-width=\"1000\" height=\"468\" data-init-height=\"667\" title=\"Centre Pompidou garden in Paris in France\" src=\"http:\/\/paristouristinformation.fr\/fr\/wp-content\/uploads\/2020\/12\/Centre-Pompidou-garden-in-Paris-in-France.jpg\" data-width=\"702\" data-height=\"468\" data-pinpro-key=\"g9d9qvin1\" loading=\"lazy\" style=\"aspect-ratio: auto 1000 \/ 667;\"><\/span><\/p>\n<p>C&rsquo;est l&rsquo;une des plus grandes collections d&rsquo;art moderne et contemporain avec plus de 100 000 \u0153uvres d&rsquo;art datant du d\u00e9but du 20\u00e8me si\u00e8cle jusqu&rsquo;\u00e0 aujourd&rsquo;hui.Le b\u00e2timent portant le nom de Georges Pompidou, pr\u00e9sident de la France entre 1969 et 1974, a \u00e9t\u00e9 initi\u00e9 par lui-m\u00eame, un amateur d&rsquo;art moderne qui souhaitait cr\u00e9er une importante collection de pi\u00e8ces importantes pour que les Fran\u00e7ais et les visiteurs puissent en profiter.Pendant la phase d&rsquo;\u00e9tablissement du b\u00e2timent, un concours a \u00e9t\u00e9 organis\u00e9 pour d\u00e9terminer le design.La construction a commenc\u00e9 en avril 1972 par les architectes Renzo Piano, Richard Rogers et Gianfranco Franchini. Il a \u00e9t\u00e9 achev\u00e9 en 1977 et est devenu au fil des ans l&rsquo;un des <strong>b\u00e2timents embl\u00e9matiques de Paris<\/strong> et de l&rsquo;architecture moderne.Le Centre Pompidou est visit\u00e9 par 3,5 \u00e0 3,8 millions de personnes en moyenne par an.<\/p>\n<h2 id=\"t-1612277890347\" data-alt-text=\"Contact\">Contact et plan d&rsquo;acc\u00e8s<\/h2>\n<ul>\n<li><span style=\"\"><strong>Adresse :&nbsp;<\/strong>Place Georges-Pompidou, 75004 Paris, France<strong>&nbsp;<\/strong><\/span><\/li>\n<li><span style=\"\"><strong>Heures d&rsquo;ouverture :&nbsp;<\/strong><a data-rich-text-format-boundary=\"true\" href=\"https:\/\/www.centrepompidou.fr\/\" target=\"_blank\" style=\"outline: none;\" rel=\"noopener nofollow\">centrepompidou.fr<\/a><\/span><\/li>\n<li><span style=\"\"><strong>Transports publics :<\/strong><\/span><\/li>\n<li><span><strong><strong data-rich-text-format-boundary=\"true\">M\u00e9tro : <\/strong><\/strong>\u00ab\u00a0Rambuteau\u00a0\u00bb sur la ligne 11ou \u00ab\u00a0Ch\u00e2telet\u00a0\u00bb sur les lignes 1, 4, 7, 11, 12 et 14<\/span><\/li>\n<li><span><strong data-rich-text-format-boundary=\"true\">RER : <\/strong>station Chatelet &#8211; Les Halles sur le RER-A, RER-B et RER-D<\/span><\/li>\n<li><span><strong data-rich-text-format-boundary=\"true\">BUS :&nbsp;<\/strong>29, 38, 47 and 75<\/span><\/li>\n<li style=\"\"><span style=\"\"><strong>Site web :&nbsp;<\/strong><a data-rich-text-format-boundary=\"true\" href=\"https:\/\/www.centrepompidou.fr\/\" target=\"_blank\" style=\"outline: none;\" rel=\"noopener nofollow\">centrepompidou.fr<\/a><\/span><\/li>\n<\/ul>\n<ul>\n<li><span style=\"\">Consultez notre liste des <a href=\"https:\/\/paristouristinformation.fr\/fr\/choses-a-faire\/musees\/\" style=\"outline: none;\">30 meilleurs mus\u00e9es \u00e0 visiter \u00e0 Paris <\/a>et d\u00e9couvrez le meilleur de ce que Paris a \u00e0 offrir en termes de culture.<\/span><\/li>\n<\/ul>\n<p>__CONFIG_colors_palette__{\u00ab\u00a0active_palette\u00a0\u00bb:0,\u00a0\u00bbconfig\u00a0\u00bb:{\u00ab\u00a0colors\u00a0\u00bb:{\u00ab\u00a050ce5\u00a0\u00bb:{\u00ab\u00a0name\u00a0\u00bb:\u00a0\u00bbMain Accent\u00a0\u00bb,\u00a0\u00bbparent\u00a0\u00bb:-1}},\u00a0\u00bbgradients\u00a0\u00bb:[]},\u00a0\u00bbpalettes\u00a0\u00bb:[{\u00ab\u00a0name\u00a0\u00bb:\u00a0\u00bbDefault Palette\u00a0\u00bb,\u00a0\u00bbvalue\u00a0\u00bb:{\u00ab\u00a0colors\u00a0\u00bb:{\u00ab\u00a050ce5\u00a0\u00bb:{\u00ab\u00a0val\u00a0\u00bb:\u00a0\u00bbvar(&#8211;tcb-skin-color-0)\u00a0\u00bb}},\u00a0\u00bbgradients\u00a0\u00bb:[]},\u00a0\u00bboriginal\u00a0\u00bb:{\u00ab\u00a0colors\u00a0\u00bb:{\u00ab\u00a050ce5\u00a0\u00bb:{\u00ab\u00a0val\u00a0\u00bb:\u00a0\u00bbrgb(19, 114, 211)\u00a0\u00bb,\u00a0\u00bbhsl\u00a0\u00bb:{\u00ab\u00a0h\u00a0\u00bb:210,\u00a0\u00bbs\u00a0\u00bb:0.83,\u00a0\u00bbl\u00a0\u00bb:0.45,\u00a0\u00bba\u00a0\u00bb:1}}},\u00a0\u00bbgradients\u00a0\u00bb:[]}}]}__CONFIG_colors_palette__ <a href=\"https:\/\/paristouristinformation.fr\/fr\/choses-a-faire\/musees\/\"> <span><span>Autres mus\u00e9es \u00e0 visiter \u00e0 Paris<\/span><\/span> <\/a> <\/p>\n<h2 style=\"\">Articles connexes :<\/h2>\n<p><a href=\"https:\/\/www.paristouristinformation.fr\/fr\/choses-a-faire\/sous-la-pluie\/\" dynamic-postlink=\"tcb_post_the_permalink\" data-shortcode-id=\"4282\"><\/a><\/p>\n<h3 style=\"text-align: center; padding-top: 0px !important; margin-top: 0px !important;\"><span data-attr-link=\"1\" data-attr-rel=\"0\" data-attr-target=\"0\" data-extra_key=\"\" data-option-inline=\"1\" data-shortcode=\"tcb_post_title\" data-shortcode-name=\"Post title\" data-attr-css=\"\" data-attr-static-link=\"{&quot;className&quot;:&quot;&quot;,&quot;href&quot;:&quot;https:\/\/www.paristouristinformation.fr\/fr\/choses-a-faire\/sous-la-pluie\/&quot;,&quot;title&quot;:&quot;15 Choses \u00e0 faire lorsqu\u2019il pleut \u00e0 Paris ((avec carte))&quot;,&quot;class&quot;:&quot;&quot;}\" style=\"\"><a href=\"https:\/\/www.paristouristinformation.fr\/fr\/choses-a-faire\/sous-la-pluie\/\" title=\"15 Choses \u00e0 faire lorsqu\u2019il pleut \u00e0 Paris [avec carte]\" data-css=\"\">15 Choses \u00e0 faire lorsqu\u2019il pleut \u00e0 Paris [avec carte]<\/a><\/span><\/h3>\n<p><a href=\"https:\/\/www.paristouristinformation.fr\/fr\/choses-a-faire\/quartiers\/\" dynamic-postlink=\"tcb_post_the_permalink\" data-shortcode-id=\"4282\"><\/a><\/p>\n<h3 style=\"text-align: center; padding-top: 0px !important; margin-top: 0px !important;\"><span data-attr-link=\"1\" data-attr-rel=\"0\" data-attr-target=\"0\" data-extra_key=\"\" data-option-inline=\"1\" data-shortcode=\"tcb_post_title\" data-shortcode-name=\"Post title\" data-attr-css=\"\" data-attr-static-link=\"{&quot;className&quot;:&quot;&quot;,&quot;href&quot;:&quot;https:\/\/www.paristouristinformation.fr\/fr\/choses-a-faire\/sous-la-pluie\/&quot;,&quot;title&quot;:&quot;15 Choses \u00e0 faire lorsqu\u2019il pleut \u00e0 Paris ((avec carte))&quot;,&quot;class&quot;:&quot;&quot;}\" style=\"\"><a href=\"https:\/\/www.paristouristinformation.fr\/fr\/choses-a-faire\/quartiers\/\" title=\"Quartiers Parisiens : Guide des 20 Arrondissements\" data-css=\"\">Quartiers Parisiens : Guide des 20 Arrondissements<\/a><\/span><\/h3>\n<p><a href=\"https:\/\/www.paristouristinformation.fr\/fr\/choses-a-faire\/musees\/national-dart-moderne\/\" dynamic-postlink=\"tcb_post_the_permalink\" data-shortcode-id=\"4282\"><\/a><\/p>\n<h3 style=\"text-align: center; padding-top: 0px !important; margin-top: 0px !important;\"><span data-attr-link=\"1\" data-attr-rel=\"0\" data-attr-target=\"0\" data-extra_key=\"\" data-option-inline=\"1\" data-shortcode=\"tcb_post_title\" data-shortcode-name=\"Post title\" data-attr-css=\"\" data-attr-static-link=\"{&quot;className&quot;:&quot;&quot;,&quot;href&quot;:&quot;https:\/\/www.paristouristinformation.fr\/fr\/choses-a-faire\/sous-la-pluie\/&quot;,&quot;title&quot;:&quot;15 Choses \u00e0 faire lorsqu\u2019il pleut \u00e0 Paris ((avec carte))&quot;,&quot;class&quot;:&quot;&quot;}\" style=\"\"><a href=\"https:\/\/www.paristouristinformation.fr\/fr\/choses-a-faire\/musees\/national-dart-moderne\/\" title=\"Guide du Mus\u00e9e national d\u2019art moderne de Paris : Exposition &amp; Conseils\" data-css=\"\">Guide du Mus\u00e9e national d\u2019art moderne de Paris : Exposition &amp; Conseils<\/a><\/span><\/h3>\n<p><a href=\"https:\/\/www.paristouristinformation.fr\/fr\/choses-a-faire\/quartiers\/le-marais\/\" dynamic-postlink=\"tcb_post_the_permalink\" data-shortcode-id=\"4282\"><\/a><\/p>\n<h3 style=\"text-align: center; padding-top: 0px !important; margin-top: 0px !important;\"><span data-attr-link=\"1\" data-attr-rel=\"0\" data-attr-target=\"0\" data-extra_key=\"\" data-option-inline=\"1\" data-shortcode=\"tcb_post_title\" data-shortcode-name=\"Post title\" data-attr-css=\"\" data-attr-static-link=\"{&quot;className&quot;:&quot;&quot;,&quot;href&quot;:&quot;https:\/\/www.paristouristinformation.fr\/fr\/choses-a-faire\/sous-la-pluie\/&quot;,&quot;title&quot;:&quot;15 Choses \u00e0 faire lorsqu\u2019il pleut \u00e0 Paris ((avec carte))&quot;,&quot;class&quot;:&quot;&quot;}\" style=\"\"><a href=\"https:\/\/www.paristouristinformation.fr\/fr\/choses-a-faire\/quartiers\/le-marais\/\" title=\"Quartier du Marais \u00e0 Paris : Meilleures Choses \u00e0 Faire\" data-css=\"\">Quartier du Marais \u00e0 Paris : Meilleures Choses \u00e0 Faire<\/a><\/span><\/h3>\n","protected":false},"excerpt":{"rendered":"<p>Le Centre national d&rsquo;art et de culture Georges-Pompidou (CNAC), commun\u00e9ment appel\u00e9 \u00ab\u00a0Centre Pompidou\u00ab\u00a0, est un \u00e9tablissement voulu par l&rsquo;ex-pr\u00e9sident de la France Georges Pompidou, passionn\u00e9 d&rsquo;art moderne.Il souhaitait cr\u00e9er une institution culturelle originale enti\u00e8rement d\u00e9di\u00e9e \u00e0 la cr\u00e9ation moderne et contemporaine.Situ\u00e9 dans le quartier populaire du Marais \u00e0 Paris, le Centre Pompidou est une institution [&hellip;]<\/p>\n","protected":false},"author":11,"featured_media":4341,"parent":68,"menu_order":0,"comment_status":"closed","ping_status":"closed","template":"","meta":{"footnotes":""},"tags":[],"class_list":["post-4332","page","type-page","status-publish","has-post-thumbnail","hentry","post-wrapper","thrv_wrapper"],"_links":{"self":[{"href":"https:\/\/www.paristouristinformation.fr\/fr\/wp-json\/wp\/v2\/pages\/4332","targetHints":{"allow":["GET"]}}],"collection":[{"href":"https:\/\/www.paristouristinformation.fr\/fr\/wp-json\/wp\/v2\/pages"}],"about":[{"href":"https:\/\/www.paristouristinformation.fr\/fr\/wp-json\/wp\/v2\/types\/page"}],"author":[{"embeddable":true,"href":"https:\/\/www.paristouristinformation.fr\/fr\/wp-json\/wp\/v2\/users\/11"}],"replies":[{"embeddable":true,"href":"https:\/\/www.paristouristinformation.fr\/fr\/wp-json\/wp\/v2\/comments?post=4332"}],"version-history":[{"count":1,"href":"https:\/\/www.paristouristinformation.fr\/fr\/wp-json\/wp\/v2\/pages\/4332\/revisions"}],"predecessor-version":[{"id":12029,"href":"https:\/\/www.paristouristinformation.fr\/fr\/wp-json\/wp\/v2\/pages\/4332\/revisions\/12029"}],"up":[{"embeddable":true,"href":"https:\/\/www.paristouristinformation.fr\/fr\/wp-json\/wp\/v2\/pages\/68"}],"wp:featuredmedia":[{"embeddable":true,"href":"https:\/\/www.paristouristinformation.fr\/fr\/wp-json\/wp\/v2\/media\/4341"}],"wp:attachment":[{"href":"https:\/\/www.paristouristinformation.fr\/fr\/wp-json\/wp\/v2\/media?parent=4332"}],"wp:term":[{"taxonomy":"post_tag","embeddable":true,"href":"https:\/\/www.paristouristinformation.fr\/fr\/wp-json\/wp\/v2\/tags?post=4332"}],"curies":[{"name":"wp","href":"https:\/\/api.w.org\/{rel}","templated":true}]}}