{"id":5111,"date":"2021-01-05T11:02:16","date_gmt":"2021-01-05T11:02:16","guid":{"rendered":"http:\/\/paristouristinformation.fr\/fr\/?page_id=5111"},"modified":"2023-05-16T10:29:59","modified_gmt":"2023-05-16T10:29:59","slug":"aeroports","status":"publish","type":"page","link":"https:\/\/www.paristouristinformation.fr\/fr\/organisez-votre-voyage-a-paris\/aeroports\/","title":{"rendered":"Informations sur les a\u00e9roports de Paris : Transfert, vol, terminaux"},"content":{"rendered":"<h1>Informations sur les a\u00e9roports de Paris<\/h1>\n<p>D\u00e9couvrez toutes les informations importantes sur les A\u00e9roports de Paris dans cette page : Transfert, Vols, Terminaux&#8230;<\/p>\n<p><span><img loading=\"lazy\" decoding=\"async\" alt=\"\" data-id=\"4624\" width=\"700\" height=\"467\" title=\"COVER airport plane landing paris\" src=\"http:\/\/paristouristinformation.fr\/fr\/wp-content\/uploads\/2020\/12\/COVER-airport-plane-landing-paris.jpg\" style=\"\" data-width=\"700\" data-height=\"467\" data-init-width=\"1200\" data-init-height=\"800\"><\/span><\/p>\n<h2 id=\"t-1613559342277\" style=\"text-align: center;\">A\u00e9roports de Paris<\/h2>\n<p>Paris a officiellement 2 a\u00e9roports principaux : Roissy Charles de Gaulle et Orly. Cependant, un troisi\u00e8me a\u00e9roport, Beauvais-Till\u00e9, suscite de plus en plus d&rsquo;int\u00e9r\u00eat, m\u00eame s&rsquo;il est tr\u00e8s \u00e9loign\u00e9 du centre de la ville. Il pr\u00e9voit de se d\u00e9velopper dans les ann\u00e9es \u00e0 venir. Voici les 3 a\u00e9roports :<\/p>\n<p>A\u00e9roport Roissy Charles de Gaulle (CDG)<\/p>\n<p>Appel\u00e9 seulement \u00ab\u00a0Roissy\u00a0\u00bb par les Parisiens, le principal et plus grand a\u00e9roport de France et le deuxi\u00e8me plus grand a\u00e9roport d&rsquo;Europe est situ\u00e9 dans la zone nord de la banlieue parisienne. Il accueille chaque ann\u00e9e plus de 75 millions de passagers.<\/p>\n<p>A\u00e9roport d&rsquo;Orly (ORY)<\/p>\n<p>L&rsquo;a\u00e9roport d&rsquo;Orly, situ\u00e9 \u00e0 environ 9 kilom\u00e8tres au sud de Paris, en partie \u00e0 Orly et en partie \u00e0 Villeneuve-le-Roi, est le deuxi\u00e8me plus grand a\u00e9roport commercial international de Paris et de France. Il accueille 30 millions de passagers chaque ann\u00e9e.<\/p>\n<p>A\u00e9roport de Beauvais-Till\u00e9 (BVA)<\/p>\n<p>Beauvais-Till\u00e9 est un a\u00e9roport commercial, ouvert en 1954 pour l&rsquo;aviation civile. Il est d\u00e9di\u00e9 aux vols charter, situ\u00e9 \u00e0 80 km au nord du centre de Paris. Il accueille environ 30 000 passagers par an et pr\u00e9voit d&rsquo;\u00e9tendre sa capacit\u00e9 dans les ann\u00e9es \u00e0 venir.<\/p>\n<p><span><img loading=\"lazy\" decoding=\"async\" alt=\"\" data-id=\"4622\" width=\"1080\" data-init-width=\"1200\" height=\"731\" data-init-height=\"812\" title=\"airport drives in paris in france\" src=\"http:\/\/paristouristinformation.fr\/fr\/wp-content\/uploads\/2020\/12\/airport-drives-in-paris-in-france.jpg\" data-width=\"1080\" data-height=\"731\"><\/span><\/p>\n<h2 id=\"t-1613560533611\">Informations sur l&rsquo;a\u00e9roport Roissy Charles de Gaulle (CDG)<\/h2>\n<p style=\"text-align: justify;\">L&rsquo;a\u00e9roport Paris Charles de Gaulle (CDG) est le plus grand a\u00e9roport commercial international de France et le deuxi\u00e8me a\u00e9roport de passagers d&rsquo;Europe, avec environ 76 millions de passagers par an.Il est situ\u00e9 \u00e0 environ 23 kilom\u00e8tres au nord de Paris, dans la banlieue de Roissy, ce qui explique que les Parisiens l&rsquo;appellent simplement \u00ab\u00a0Roissy\u00a0\u00bb. Il porte le nom du g\u00e9n\u00e9ral et homme d&rsquo;\u00c9tat fran\u00e7ais Charles de Gaulle.<\/p>\n<ul>\n<li><span><strong>Terminal 1 :<\/strong> A\u00e9rogare centrale, principalement r\u00e9serv\u00e9e aux compagnies a\u00e9riennes Star Alliance<\/span><\/li>\n<li><span><strong>Terminal 2 :<\/strong> Terminal d&rsquo;arriv\u00e9e et de d\u00e9part d&rsquo;Air France et de ses partenaires Sky Team.<\/span><\/li>\n<li><span><strong>Terminal 3 <\/strong>: Terminal d&rsquo;arriv\u00e9e et de d\u00e9part de la plupart des compagnies charter et des compagnies \u00e0 bas prix.<\/span><\/li>\n<\/ul>\n<p><span><strong>Arriv\u00e9e et d\u00e9part :<\/strong> Les horaires actuels d&rsquo;arriv\u00e9e et de d\u00e9part sont disponibles sur <\/span><a href=\"https:\/\/www.parisaeroport.fr\/en\/passengers\/flights\" target=\"_blank\" rel=\"noopener nofollow\"><span>la page d&rsquo;accueil<\/span><\/a><span> de l&rsquo;a\u00e9roport de Paris Charles de Gaulle. <strong>Pour obtenir des d\u00e9tails sur votre vol<\/strong>, vous pouvez \u00e9galement consulter le site de la compagnie a\u00e9rienne dont vous d\u00e9pendez.<\/span><\/p>\n<p><span><img loading=\"lazy\" decoding=\"async\" alt=\"\" data-id=\"4617\" width=\"1000\" data-init-width=\"1000\" height=\"663\" data-init-height=\"663\" title=\"Orly-Oest front in paris in france\" src=\"http:\/\/paristouristinformation.fr\/fr\/wp-content\/uploads\/2020\/12\/Orly-Oest-front-in-paris-in-france.jpg\" data-width=\"1000\" data-height=\"663\"><\/span><\/p>\n<h2 id=\"t-1613559342279\" style=\"text-align: center;\">Informations sur l&rsquo;a\u00e9roport d&rsquo;Orly (ORY)<\/h2>\n<p>L&rsquo;a\u00e9roport de Paris Orly est le<strong> deuxi\u00e8me a\u00e9roport commercial international de Paris<\/strong>, avec un volume annuel de plus de 35 millions de passagers. Il est situ\u00e9 \u00e0 environ 9 kilom\u00e8tres au sud de Paris, en partie \u00e0 Orly et en partie \u00e0 Villeneuve-le-Roi. La distance jusqu&rsquo;au centre de Paris est d&rsquo;environ 18 kilom\u00e8tres.Avant qu&rsquo;Air France ne s&rsquo;installe \u00e0 l&rsquo;a\u00e9roport Charles de Gaulle, elle avait son hub \u00e0 l&rsquo;a\u00e9roport d&rsquo;Orly. Aujourd&rsquo;hui, Air France assure principalement des vols int\u00e9rieurs \u00e0 partir d&rsquo;Orly, ainsi que des vols vers les pays francophones d&rsquo;Afrique. La seule compagnie a\u00e9rienne allemande pr\u00e9sente \u00e0 l&rsquo;a\u00e9roport de Paris Orly est Air Berlin. Paris Orly sert de hub \u00e0 Corsair International, Transavia France et Easyjet. Air France l&rsquo;utilise pour ses vols int\u00e9rieurs.<\/p>\n<ul>\n<li><span><strong>Terminal 1 :<\/strong> ancien Terminal Ouest avec les portes d&#8217;embarquement A, B et C<\/span><\/li>\n<li><span><strong>Terminal 2 :<\/strong> partie de l&rsquo;ancien Terminal Ouest<\/span><\/li>\n<li><span><strong>Terminal 3 :<\/strong> relie les terminaux entre eux, la porte d&#8217;embarquement D est situ\u00e9e ici.<\/span><\/li>\n<li><span><strong>Terminal 4 :<\/strong> ancien Terminal Sud avec les portes d&#8217;embarquement E et F<\/span><\/li>\n<\/ul>\n<h2 style=\"text-align: center;\" id=\"t-1613559342280\">Informations sur l&rsquo;a\u00e9roport de Beauvais (BVA)<\/h2>\n<p>Beauvais-Till\u00e9 a \u00e9t\u00e9 ouvert en 1954 pour l&rsquo;aviation civile. Aujourd&rsquo;hui, il est devenu un a\u00e9roport commercial qui accueille plus de 30 000 passagers par an et pr\u00e9voit d&rsquo;en accueillir davantage dans les ann\u00e9es \u00e0 venir.Paris Beauvais-Till\u00e9 est situ\u00e9 \u00e0 84 kilom\u00e8tres au nord de Paris et n&rsquo;est pas enti\u00e8rement consid\u00e9r\u00e9 comme un a\u00e9roport parisien. Il est principalement desservi par des compagnies a\u00e9riennes \u00e0 bas prix, avec Ryanair et Wizzair en t\u00eate, mais Blue Air et Air Moldava utilisent \u00e9galement cet a\u00e9roport. Au total, environ 6 compagnies a\u00e9riennes desservent 60 destinations \u00e0 partir de deux terminaux, l&rsquo;une des principales destinations \u00e9tant Bucarest. Il existe des liaisons avec Paris par bus, par navette ou par autoroute.<\/p>\n<p style=\"text-align: right;\">Latest post<\/p>\n<p style=\"text-align: left;\"><span data-attr-date-format=\"F j\" data-attr-date-format-select=\"custom\" data-attr-link=\"0\" data-attr-rel=\"0\" data-attr-show-time=\"0\" data-attr-target=\"1\" data-attr-time-format=\"\" data-attr-time-format-select=\"g:i a\" data-attr-type=\"published\" data-extra_key=\"\" data-option-inline=\"1\" data-shortcode=\"tcb_post_published_date\" data-shortcode-name=\"Post date\"><\/span><\/p>\n<h2><span data-attr-css=\"tve-u-177b48bb058\" data-attr-link=\"1\" data-attr-rel=\"0\" data-attr-target=\"0\" data-extra_key=\"\" data-option-inline=\"1\" data-shortcode=\"tcb_post_title\" data-shortcode-name=\"Post title\" data-attr-static-link=\"{&quot;className&quot;:&quot;&quot;,&quot;href&quot;:&quot;#&quot;,&quot;title&quot;:&quot;Informations sur les a\u00e9roports de Paris : Transfert, vol, terminaux&quot;,&quot;data-css&quot;:&quot;tve-u-177b48bb058&quot;,&quot;class&quot;:&quot;&quot;}\"><\/span><\/h2>\n<p><a href=\"\" style=\"font-size: var(--tve-font-size, 14px)  !important;\"><span style=\"\"><span style=\"\">Read More<\/span><\/span><\/a><\/p>\n<p style=\"text-align: left;\">Previous posts<\/p>\n<h4 id=\"t-1613639328080\" style=\"text-align: center;\"><span data-attr-css=\"tve-u-177b48bb065\" data-attr-link=\"1\" data-attr-rel=\"0\" data-attr-target=\"0\" data-option-inline=\"1\" data-shortcode=\"tcb_post_title\" data-shortcode-name=\"Post title\" data-attr-static-link=\"{&quot;className&quot;:&quot;tve-froala&quot;,&quot;href&quot;:&quot;https:\/\/www.paristouristinformation.fr\/fr\/hotel\/lune-de-miel\/&quot;,&quot;title&quot;:&quot;15 h\u00f4tels pour les voyages de noces \u00e0 Paris&quot;,&quot;data-css&quot;:&quot;tve-u-177b48bb065&quot;,&quot;class&quot;:&quot;tve-froala&quot;}\"><a href=\"https:\/\/www.paristouristinformation.fr\/fr\/hotel\/lune-de-miel\/\" title=\"15 h\u00f4tels pour les voyages de noces \u00e0 Paris\">15 h\u00f4tels pour les voyages de noces \u00e0 Paris<\/a><\/span><\/h4>\n<p><a href=\"https:\/\/www.paristouristinformation.fr\/fr\/hotel\/lune-de-miel\/\" style=\"\"><span style=\"\"><span style=\"\">Lire la suite<\/span><\/span><\/a><\/p>\n<h4 id=\"t-1613639328080\" style=\"text-align: center;\"><span data-attr-css=\"tve-u-177b48bb065\" data-attr-link=\"1\" data-attr-rel=\"0\" data-attr-target=\"0\" data-option-inline=\"1\" data-shortcode=\"tcb_post_title\" data-shortcode-name=\"Post title\" data-attr-static-link=\"{&quot;className&quot;:&quot;tve-froala&quot;,&quot;href&quot;:&quot;https:\/\/www.paristouristinformation.fr\/fr\/hotel\/lune-de-miel\/&quot;,&quot;title&quot;:&quot;15 h\u00f4tels pour les voyages de noces \u00e0 Paris&quot;,&quot;data-css&quot;:&quot;tve-u-177b48bb065&quot;,&quot;class&quot;:&quot;tve-froala&quot;}\"><a href=\"https:\/\/www.paristouristinformation.fr\/fr\/hotel\/3-etoiles\/\" title=\"25 h\u00f4tels 3 \u00e9toiles pas chers \u00e0 Paris\">25 h\u00f4tels 3 \u00e9toiles pas chers \u00e0 Paris<\/a><\/span><\/h4>\n<p><a href=\"https:\/\/www.paristouristinformation.fr\/fr\/hotel\/3-etoiles\/\" style=\"\"><span style=\"\"><span style=\"\">Lire la suite<\/span><\/span><\/a><\/p>\n<h4 id=\"t-1613639328080\" style=\"text-align: center;\"><span data-attr-css=\"tve-u-177b48bb065\" data-attr-link=\"1\" data-attr-rel=\"0\" data-attr-target=\"0\" data-option-inline=\"1\" data-shortcode=\"tcb_post_title\" data-shortcode-name=\"Post title\" data-attr-static-link=\"{&quot;className&quot;:&quot;tve-froala&quot;,&quot;href&quot;:&quot;https:\/\/www.paristouristinformation.fr\/fr\/hotel\/lune-de-miel\/&quot;,&quot;title&quot;:&quot;15 h\u00f4tels pour les voyages de noces \u00e0 Paris&quot;,&quot;data-css&quot;:&quot;tve-u-177b48bb065&quot;,&quot;class&quot;:&quot;tve-froala&quot;}\"><a href=\"https:\/\/www.paristouristinformation.fr\/fr\/organisez-votre-voyage-a-paris\/aeroports\/beauvais-tille\/\" title=\"Guide de l\u2019a\u00e9roport de Paris Beauvais-Till\u00e9 [BVA] : Magasins, Vols, Transfert\">Guide de l\u2019a\u00e9roport de Paris Beauvais-Till\u00e9 [BVA] : Magasins, Vols, Transfert<\/a><\/span><\/h4>\n<p><a href=\"https:\/\/www.paristouristinformation.fr\/fr\/organisez-votre-voyage-a-paris\/aeroports\/beauvais-tille\/\" style=\"\"><span style=\"\"><span style=\"\">Lire la suite<\/span><\/span><\/a><span><img loading=\"lazy\" decoding=\"async\" alt=\"Executive-Transfer-vom-Flughafen-Wien-Schwechat-VIE\" data-id=\"2219\" width=\"1080\" data-init-width=\"1200\" height=\"567\" data-init-height=\"630\" title=\"Executive-Transfer-vom-Flughafen-Wien-Schwechat-VIE\" src=\"http:\/\/paristouristinformation.fr\/fr\/wp-content\/uploads\/2020\/11\/Executive-Transfer-vom-Flughafen-Wien-Schwechat-VIE.jpg\" data-width=\"1080\" data-height=\"567\"><\/span><\/p>\n<h2 style=\"text-align: center;\" id=\"t-1613560533615\">Options de transfert priv\u00e9<\/h2>\n<p>L&rsquo;option du transfert priv\u00e9 est toujours le moyen le plus efficace et le plus facile de se rendre \u00e0 un a\u00e9roport dans un pays \u00e9tranger. Elle vous \u00e9vite d&rsquo;\u00eatre en retard ou de devoir composer avec les <a href=\"https:\/\/paristouristinformation.fr\/fr\/organisez-votre-voyage-a-paris\/transports-en-commun\/\">transports publics.<\/a> Nous proposons de bonnes affaires pour les options de transfert priv\u00e9 dans notre <a href=\"https:\/\/paristouristinformation.fr\/fr\/visites-guidees-et-billets\/\">boutique officielle \u00e0 Paris.<\/a><a href=\"http:\/\/paristouristinformation.fr\/fr\/tours-and-tickets\/\"> <\/a><\/p>\n<h2 style=\"text-align: center;\" id=\"t-1613560533620\">Options de transfert par navette<\/h2>\n<p>Si vous recherchez un moyen plus \u00e9conomique et plus facile de vous rendre aux a\u00e9roports de Paris, vous pouvez \u00e9galement choisir l&rsquo;option de transfert en navette. Elle est moins rapide que le transfert priv\u00e9 mais vous am\u00e8ne \u00e0 destination confortablement. Voici les options disponibles dans notre <a href=\"https:\/\/paristouristinformation.fr\/fr\/visites-guidees-et-billets\/\">boutique officielle pour chaque a\u00e9roport de Paris.<\/a><\/p>\n<h2 id=\"t-1613642090948\">FAQ (Foire aux questions)<\/h2>\n<p style=\"text-align: center;\">Postes connexes<\/p>\n<p><a href=\"https:\/\/www.paristouristinformation.fr\/fr\/choses-a-faire\/theatres\/\" dynamic-postlink=\"tcb_post_the_permalink\" data-shortcode-id=\"5613\"><\/a><\/p>\n<h3 style=\"text-align: center; padding-top: 0px !important; margin-top: 0px !important;\"><span data-attr-link=\"1\" data-attr-rel=\"0\" data-attr-target=\"0\" data-extra_key=\"\" data-option-inline=\"1\" data-shortcode=\"tcb_post_title\" data-shortcode-name=\"Post title\" data-attr-css=\"\" data-attr-static-link=\"{&quot;className&quot;:&quot;tve-froala fr-basic&quot;,&quot;href&quot;:&quot;https:\/\/www.paristouristinformation.fr\/fr\/choses-a-faire\/theatres\/&quot;,&quot;title&quot;:&quot;12 Th\u00e9\u00e2tres et cabarets pour des spectacles \u00e0 Paris ((avec billets))&quot;,&quot;class&quot;:&quot;tve-froala fr-basic&quot;}\"><a href=\"https:\/\/www.paristouristinformation.fr\/fr\/choses-a-faire\/theatres\/\" title=\"12 Th\u00e9\u00e2tres et cabarets pour des spectacles \u00e0 Paris [avec billets]\" data-css=\"\">12 Th\u00e9\u00e2tres et cabarets pour des spectacles \u00e0 Paris [avec billets]<\/a><\/span><\/h3>\n<p><a href=\"https:\/\/www.paristouristinformation.fr\/fr\/choses-a-faire\/theatres\/\" style=\"\"><span style=\"\"><span style=\"\">Lire la suite<\/span><\/span><\/a><a href=\"https:\/\/www.paristouristinformation.fr\/fr\/choses-a-faire\/musees\/musee-du-louvre\/\" dynamic-postlink=\"tcb_post_the_permalink\" data-shortcode-id=\"5613\"><\/a><\/p>\n<h3 style=\"text-align: center; padding-top: 0px !important; margin-top: 0px !important;\"><span data-attr-link=\"1\" data-attr-rel=\"0\" data-attr-target=\"0\" data-extra_key=\"\" data-option-inline=\"1\" data-shortcode=\"tcb_post_title\" data-shortcode-name=\"Post title\" data-attr-css=\"\" data-attr-static-link=\"{&quot;className&quot;:&quot;tve-froala fr-basic&quot;,&quot;href&quot;:&quot;https:\/\/www.paristouristinformation.fr\/fr\/choses-a-faire\/theatres\/&quot;,&quot;title&quot;:&quot;12 Th\u00e9\u00e2tres et cabarets pour des spectacles \u00e0 Paris ((avec billets))&quot;,&quot;class&quot;:&quot;tve-froala fr-basic&quot;}\"><a href=\"https:\/\/www.paristouristinformation.fr\/fr\/choses-a-faire\/musees\/musee-du-louvre\/\" title=\"Guide du mus\u00e9e du Louvre \u00e0 Paris : conseils, histoire et billets\" data-css=\"\">Guide du mus\u00e9e du Louvre \u00e0 Paris : conseils, histoire et billets<\/a><\/span><\/h3>\n<p><a href=\"https:\/\/www.paristouristinformation.fr\/fr\/choses-a-faire\/musees\/musee-du-louvre\/\" style=\"\"><span style=\"\"><span style=\"\">Lire la suite<\/span><\/span><\/a><a href=\"https:\/\/www.paristouristinformation.fr\/fr\/organisez-votre-voyage-a-paris\/transports-en-commun\/metro\/\" dynamic-postlink=\"tcb_post_the_permalink\" data-shortcode-id=\"5613\"><\/a><\/p>\n<h3 style=\"text-align: center; padding-top: 0px !important; margin-top: 0px !important;\"><span data-attr-link=\"1\" data-attr-rel=\"0\" data-attr-target=\"0\" data-extra_key=\"\" data-option-inline=\"1\" data-shortcode=\"tcb_post_title\" data-shortcode-name=\"Post title\" data-attr-css=\"\" data-attr-static-link=\"{&quot;className&quot;:&quot;tve-froala fr-basic&quot;,&quot;href&quot;:&quot;https:\/\/www.paristouristinformation.fr\/fr\/choses-a-faire\/theatres\/&quot;,&quot;title&quot;:&quot;12 Th\u00e9\u00e2tres et cabarets pour des spectacles \u00e0 Paris ((avec billets))&quot;,&quot;class&quot;:&quot;tve-froala fr-basic&quot;}\"><a href=\"https:\/\/www.paristouristinformation.fr\/fr\/organisez-votre-voyage-a-paris\/transports-en-commun\/metro\/\" title=\"Comment utiliser le m\u00e9tro \u00e0 Paris : Un guide complet\" data-css=\"\">Comment utiliser le m\u00e9tro \u00e0 Paris : Un guide complet<\/a><\/span><\/h3>\n<p><a href=\"https:\/\/www.paristouristinformation.fr\/fr\/organisez-votre-voyage-a-paris\/transports-en-commun\/metro\/\" style=\"\"><span style=\"\"><span style=\"\">Lire la suite<\/span><\/span><\/a><a href=\"https:\/\/www.paristouristinformation.fr\/fr\/restaurants\/etoile-michelin\/\" dynamic-postlink=\"tcb_post_the_permalink\" data-shortcode-id=\"5613\"><\/a><\/p>\n<h3 style=\"text-align: center; padding-top: 0px !important; margin-top: 0px !important;\"><span data-attr-link=\"1\" data-attr-rel=\"0\" data-attr-target=\"0\" data-extra_key=\"\" data-option-inline=\"1\" data-shortcode=\"tcb_post_title\" data-shortcode-name=\"Post title\" data-attr-css=\"\" data-attr-static-link=\"{&quot;className&quot;:&quot;tve-froala fr-basic&quot;,&quot;href&quot;:&quot;https:\/\/www.paristouristinformation.fr\/fr\/choses-a-faire\/theatres\/&quot;,&quot;title&quot;:&quot;12 Th\u00e9\u00e2tres et cabarets pour des spectacles \u00e0 Paris ((avec billets))&quot;,&quot;class&quot;:&quot;tve-froala fr-basic&quot;}\"><a href=\"https:\/\/www.paristouristinformation.fr\/fr\/restaurants\/etoile-michelin\/\" title=\"15 meilleurs restaurants avec des \u00e9toiles Michelin \u00e0 Paris\" data-css=\"\">15 meilleurs restaurants avec des \u00e9toiles Michelin \u00e0 Paris<\/a><\/span><\/h3>\n<p><a href=\"https:\/\/www.paristouristinformation.fr\/fr\/restaurants\/etoile-michelin\/\" style=\"\"><span style=\"\"><span style=\"\">Lire la suite<\/span><\/span><\/a><a href=\"https:\/\/www.paristouristinformation.fr\/fr\/organisez-votre-voyage-a-paris\/3-jours\/\" dynamic-postlink=\"tcb_post_the_permalink\" data-shortcode-id=\"5613\"><\/a><\/p>\n<h3 style=\"text-align: center; padding-top: 0px !important; margin-top: 0px !important;\"><span data-attr-link=\"1\" data-attr-rel=\"0\" data-attr-target=\"0\" data-extra_key=\"\" data-option-inline=\"1\" data-shortcode=\"tcb_post_title\" data-shortcode-name=\"Post title\" data-attr-css=\"\" data-attr-static-link=\"{&quot;className&quot;:&quot;tve-froala fr-basic&quot;,&quot;href&quot;:&quot;https:\/\/www.paristouristinformation.fr\/fr\/choses-a-faire\/theatres\/&quot;,&quot;title&quot;:&quot;12 Th\u00e9\u00e2tres et cabarets pour des spectacles \u00e0 Paris ((avec billets))&quot;,&quot;class&quot;:&quot;tve-froala fr-basic&quot;}\"><a href=\"https:\/\/www.paristouristinformation.fr\/fr\/organisez-votre-voyage-a-paris\/3-jours\/\" title=\"Meilleur Itin\u00e9raire de 3 Jours pour D\u00e9butants \u00e0 Paris\" data-css=\"\">Meilleur Itin\u00e9raire de 3 Jours pour D\u00e9butants \u00e0 Paris<\/a><\/span><\/h3>\n<p><a href=\"https:\/\/www.paristouristinformation.fr\/fr\/organisez-votre-voyage-a-paris\/3-jours\/\" style=\"\"><span style=\"\"><span style=\"\">Lire la suite<\/span><\/span><\/a><a href=\"https:\/\/www.paristouristinformation.fr\/fr\/choses-a-faire\/disneyland\/\" dynamic-postlink=\"tcb_post_the_permalink\" data-shortcode-id=\"5613\"><\/a><\/p>\n<h3 style=\"text-align: center; padding-top: 0px !important; margin-top: 0px !important;\"><span data-attr-link=\"1\" data-attr-rel=\"0\" data-attr-target=\"0\" data-extra_key=\"\" data-option-inline=\"1\" data-shortcode=\"tcb_post_title\" data-shortcode-name=\"Post title\" data-attr-css=\"\" data-attr-static-link=\"{&quot;className&quot;:&quot;tve-froala fr-basic&quot;,&quot;href&quot;:&quot;https:\/\/www.paristouristinformation.fr\/fr\/choses-a-faire\/theatres\/&quot;,&quot;title&quot;:&quot;12 Th\u00e9\u00e2tres et cabarets pour des spectacles \u00e0 Paris ((avec billets))&quot;,&quot;class&quot;:&quot;tve-froala fr-basic&quot;}\"><a href=\"https:\/\/www.paristouristinformation.fr\/fr\/choses-a-faire\/disneyland\/\" title=\"Disneyland Paris : Billets, man\u00e8ges, h\u00f4tels et offres sp\u00e9ciales\" data-css=\"\">Disneyland Paris : Billets, man\u00e8ges, h\u00f4tels et offres sp\u00e9ciales<\/a><\/span><\/h3>\n<p><a href=\"https:\/\/www.paristouristinformation.fr\/fr\/choses-a-faire\/disneyland\/\" style=\"\"><span style=\"\"><span style=\"\">Lire la suite<\/span><\/span><\/a><a href=\"javascript:void(0)\" style=\"\"><span style=\"\"><span style=\"\">Load More<\/span><\/span><\/a><\/p>\n","protected":false},"excerpt":{"rendered":"<p>Informations sur les a\u00e9roports de Paris D\u00e9couvrez toutes les informations importantes sur les A\u00e9roports de Paris dans cette page : Transfert, Vols, Terminaux&#8230; A\u00e9roports de Paris Paris a officiellement 2 a\u00e9roports principaux : Roissy Charles de Gaulle et Orly. Cependant, un troisi\u00e8me a\u00e9roport, Beauvais-Till\u00e9, suscite de plus en plus d&rsquo;int\u00e9r\u00eat, m\u00eame s&rsquo;il est tr\u00e8s \u00e9loign\u00e9 [&hellip;]<\/p>\n","protected":false},"author":11,"featured_media":4624,"parent":3544,"menu_order":0,"comment_status":"closed","ping_status":"closed","template":"","meta":{"footnotes":""},"tags":[],"class_list":["post-5111","page","type-page","status-publish","has-post-thumbnail","hentry","post-wrapper","thrv_wrapper"],"_links":{"self":[{"href":"https:\/\/www.paristouristinformation.fr\/fr\/wp-json\/wp\/v2\/pages\/5111","targetHints":{"allow":["GET"]}}],"collection":[{"href":"https:\/\/www.paristouristinformation.fr\/fr\/wp-json\/wp\/v2\/pages"}],"about":[{"href":"https:\/\/www.paristouristinformation.fr\/fr\/wp-json\/wp\/v2\/types\/page"}],"author":[{"embeddable":true,"href":"https:\/\/www.paristouristinformation.fr\/fr\/wp-json\/wp\/v2\/users\/11"}],"replies":[{"embeddable":true,"href":"https:\/\/www.paristouristinformation.fr\/fr\/wp-json\/wp\/v2\/comments?post=5111"}],"version-history":[{"count":0,"href":"https:\/\/www.paristouristinformation.fr\/fr\/wp-json\/wp\/v2\/pages\/5111\/revisions"}],"up":[{"embeddable":true,"href":"https:\/\/www.paristouristinformation.fr\/fr\/wp-json\/wp\/v2\/pages\/3544"}],"wp:featuredmedia":[{"embeddable":true,"href":"https:\/\/www.paristouristinformation.fr\/fr\/wp-json\/wp\/v2\/media\/4624"}],"wp:attachment":[{"href":"https:\/\/www.paristouristinformation.fr\/fr\/wp-json\/wp\/v2\/media?parent=5111"}],"wp:term":[{"taxonomy":"post_tag","embeddable":true,"href":"https:\/\/www.paristouristinformation.fr\/fr\/wp-json\/wp\/v2\/tags?post=5111"}],"curies":[{"name":"wp","href":"https:\/\/api.w.org\/{rel}","templated":true}]}}