{"id":5160,"date":"2021-01-05T14:57:12","date_gmt":"2021-01-05T14:57:12","guid":{"rendered":"http:\/\/paristouristinformation.fr\/fr\/?page_id=5160"},"modified":"2023-08-18T07:31:54","modified_gmt":"2023-08-18T07:31:54","slug":"ponts","status":"publish","type":"page","link":"https:\/\/www.paristouristinformation.fr\/fr\/choses-a-faire\/ponts\/","title":{"rendered":"5 Ponts les plus c\u00e9l\u00e8bres de Paris : Localisation &#038; Conseils"},"content":{"rendered":"<p>Paris est l&rsquo;une de ces villes merveilleuses qui regorgent d&rsquo;\u00e9tonnants vestiges de l&rsquo;histoire dans chaque coin. Monuments, places, b\u00e2timents, mus\u00e9es, \u00e9glises&#8230; mais aussi de nombreux ponts \u00e9tonnants qui ont fait parler d&rsquo;eux dans le monde entier. Ils traversent la Seine et offrent une belle perspective de la ville. Vous trouverez 37 ponts \u00e0 Paris. 5 d&rsquo;entre eux sont uniquement accessibles aux pi\u00e9tons, 8 permettent d&rsquo;acc\u00e9der \u00e0<a href=\"https:\/\/paristouristinformation.fr\/fr\/choses-a-faire\/quartiers\/ile-de-la-cite\/\"> l&rsquo;\u00cele de la Cit\u00e9<\/a>, 4 \u00e0 l&rsquo;\u00cele Saint-Louis et 2 sont des ponts ferroviaires.Vous ne pouvez pas les manquer lors de vos activit\u00e9s \u00e0 Paris, autant conna\u00eetre les plus populaires et faire une pause pour les admirer de pr\u00e8s. C&rsquo;est pourquoi vous trouverez les 5 ponts les plus populaires de Paris dans notre liste ci-dessous.Conseil : Nous vous recommandons de prendre un billet de <a href=\"https:\/\/paristouristinformation.fr\/fr\/choses-a-faire\/croisiere-sur-la-seine\/\">croisi\u00e8re sur la Seine<\/a> et de profiter de la sensation unique de passer sous ces ponts.<\/p>\n<h2 id=\"t-1612280042332\" style=\"\">1. Pont Neuf<\/h2>\n<p><span><img decoding=\"async\" alt=\"\" data-id=\"6189\" width=\"680\" data-init-width=\"1200\" height=\"357\" data-init-height=\"630\" title=\"Pont Neuf cover\" src=\"http:\/\/paristouristinformation.fr\/fr\/wp-content\/uploads\/2021\/01\/Pont-Neuf-cover.jpg\" data-width=\"680\" data-height=\"357\" data-pin-media=\"http:\/\/paristouristinformation.fr\/fr\/wp-content\/uploads\/2021\/03\/prag_50_sehenswuerdigkeiten_pinterest-40.jpg\" data-pin-description=\"Which bridges are worth to see in Paris ? Check our list of the 5 most famous bridges of Paris and discover their history.\" data-pin-url=\"http:\/\/paristouristinformation.fr\/fr\/things-to-do\/bridge\/?tve=true&amp;tcbf=e9aa5eae8a\" data-pinpro-key=\"ecbahigve\" loading=\"lazy\"><\/span><\/p>\n<p>Le <a href=\"https:\/\/paristouristinformation.fr\/fr\/choses-a-faire\/ponts\/pont-neuf\/\">pont Neuf <\/a>est situ\u00e9 dans le 1er arrondissement de Paris. Il a \u00e9t\u00e9 construit en 1607. Un endroit parfait pour commencer vos d\u00e9couvertes \u00e0 Paris. C&rsquo;est une<strong> excellente id\u00e9e pour regarder le coucher de soleil sur la Seine<\/strong> apr\u00e8s une journ\u00e9e bien remplie \u00e0 Paris. Il se trouve \u00e0 la pointe de <a href=\"https:\/\/paristouristinformation.fr\/fr\/choses-a-faire\/quartiers\/ile-de-la-cite\/\">l&rsquo;\u00cele de la Cit\u00e9,<\/a> la traversant des deux c\u00f4t\u00e9s.<\/p>\n<p>N&rsquo;oubliez pas de voir les 12 corniches en arc arrondi avec des mascarons sculpt\u00e9s dans la pierre. Ce type d&rsquo;ornementation utilis\u00e9 dans les anciens b\u00e2timents romains est appel\u00e9 \u00ab\u00a0grotesque\u00a0\u00bb en architecture. Il y a 384 visages au total avec des traits \u00e9tranges combinant des motifs humains, animaux et floraux&#8230;<\/p>\n<p style=\"\">Tenez-vous sur le pont, regardez les bateaux monter et descendre, attendez que la nuit tombe et voyez les reflets des lumi\u00e8res des b\u00e2timents historiques sur l&rsquo;eau. Il est impossible de ne pas \u00eatre captiv\u00e9 par les paysages illumin\u00e9s de <a href=\"https:\/\/paristouristinformation.fr\/fr\/choses-a-faire\/eglise\/notre-dame\/\">Notre-Dame<\/a> et du <a href=\"https:\/\/paristouristinformation.fr\/fr\/choses-a-faire\/musees\/musee-du-louvre\/\">mus\u00e9e du Louvre. <\/a><\/p>\n<ul>\n<li><strong>Adresse : &nbsp;<\/strong>Pont Neuf, 1st arrondissement of Paris &#8211; 75001<\/li>\n<\/ul>\n<h2 id=\"t-1612280042333\" style=\"\">2. Pont Alexandre III<\/h2>\n<p><span><img decoding=\"async\" alt=\"\" data-id=\"6192\" width=\"680\" data-init-width=\"1000\" height=\"454\" data-init-height=\"667\" title=\"Pont Alexandre III in Paris in France\" src=\"http:\/\/paristouristinformation.fr\/fr\/wp-content\/uploads\/2021\/01\/Pont-Alexandre-III-in-Paris-in-France.jpg\" data-width=\"680\" data-height=\"454\" data-pin-media=\"http:\/\/paristouristinformation.fr\/fr\/wp-content\/uploads\/2021\/03\/prag_50_sehenswuerdigkeiten_pinterest-40.jpg\" data-pin-description=\"Which bridges are worth to see in Paris ? Check our list of the 5 most famous bridges of Paris and discover their history.\" data-pin-url=\"http:\/\/paristouristinformation.fr\/fr\/things-to-do\/bridge\/?tve=true&amp;tcbf=e9aa5eae8a\" data-pinpro-key=\"kn1inrx1g\" loading=\"lazy\"><\/span><\/p>\n<p>Le Pont Alexandre III est l&rsquo;un des plus magnifiques parmi les 37 ponts sur la Seine situ\u00e9s dans le 8e arrondissement de Paris. Il relie<a href=\"https:\/\/paristouristinformation.fr\/fr\/choses-a-faire\/avenue-des-champs-elysees\/\" style=\"outline: none;\"> l&rsquo;avenue des Champs-\u00c9lys\u00e9es <\/a>au complexe historique des Invalides.<\/p>\n<p><strong>La construction a \u00e9t\u00e9 achev\u00e9e en 1900. <\/strong>Il porte le nom d&rsquo;Alexandre, le p\u00e8re de Nicolas II, qui \u00e9tait le tsar russe de l&rsquo;\u00e9poque. Le pont m\u00e9tallique en arc mesure 107 m\u00e8tres de long et 40 m\u00e8tres de large.<\/p>\n<p style=\"\">Il y a quatre statues de lion \u00e0 l&rsquo;entr\u00e9e du pont. Ensuite, quatre impressionnantes statues en bronze dor\u00e9 se dressent au sommet de quatre piliers \u00e0 droite et \u00e0 gauche. Au milieu, de chaque c\u00f4t\u00e9, il y a des statues en bronze de nymphes (f\u00e9es de l&rsquo;eau dans la mythologie grecque), d&rsquo;un c\u00f4t\u00e9 les \u00ab\u00a0nymphes de la Seine\u00a0\u00bb et de l&rsquo;autre c\u00f4t\u00e9 les \u00ab\u00a0nymphes de la Neva\u00a0\u00bb \u00e0 Saint-P\u00e9tersbourg, pour honorer l&rsquo;alliance France-Russie.<\/p>\n<ul>\n<li><strong>Adresse :&nbsp;<\/strong>Pont Alexandre III, 75008 Paris<\/li>\n<\/ul>\n<ul>\n<li><span style=\"\">Vous pr\u00e9parez votre voyage \u00e0 Paris ? Nous vous avons pr\u00e9par\u00e9 une \u200b<a href=\"https:\/\/paristouristinformation.fr\/fr\/choses-a-faire\/musees\/\">liste des 30 meilleurs mus\u00e9es \u00e0 visiter \u00e0 Paris. <\/a><\/span><\/li>\n<\/ul>\n<h2 id=\"t-1612280042334\" style=\"\">3. Pont des Arts<\/h2>\n<p><span><img decoding=\"async\" alt=\"\" data-id=\"6194\" width=\"680\" data-init-width=\"1000\" height=\"454\" data-init-height=\"667\" title=\"Pont des Arts in Paris in France\" src=\"http:\/\/paristouristinformation.fr\/fr\/wp-content\/uploads\/2021\/01\/Pont-des-Arts-in-Paris-in-France.jpg\" data-width=\"680\" data-height=\"454\" style=\"\" data-pin-media=\"http:\/\/paristouristinformation.fr\/fr\/wp-content\/uploads\/2021\/03\/prag_50_sehenswuerdigkeiten_pinterest-40.jpg\" data-pin-description=\"Which bridges are worth to see in Paris ? Check our list of the 5 most famous bridges of Paris and discover their history.\" data-pin-url=\"http:\/\/paristouristinformation.fr\/fr\/things-to-do\/bridge\/?tve=true&amp;tcbf=e9aa5eae8a\" data-pinpro-key=\"0gudetqjf\" loading=\"lazy\"><\/span><\/p>\n<p>Le Pont Des Arts est situ\u00e9 entre <a href=\"https:\/\/paristouristinformation.fr\/fr\/choses-a-faire\/musees\/musee-du-louvre\/\">le Mus\u00e9e du Louvre<\/a> et l&rsquo;Institut de France. Il a \u00e9t\u00e9 construit en 1884, sous le r\u00e8gne de Napol\u00e9on Bonaparte, comme le premier pont en fer sur la Seine. En 1984, il a \u00e9t\u00e9 reconstruit selon ses plans originaux par le maire de l&rsquo;\u00e9poque, Jacques Chirac.<\/p>\n<p>Il est <strong>utilis\u00e9 uniquement pour le passage des pi\u00e9tons<\/strong> et c&rsquo;est un endroit populaire \u00e0 toute heure de la journ\u00e9e. Apr\u00e8s avoir visit\u00e9 le mus\u00e9e du Louvre ou fl\u00e2n\u00e9 dans le quartier de St Germain, vous pouvez vous diriger vers le Pont Des Arts et voir de l\u00e0 le magnifique Pont Neuf ainsi que de nombreux autres monuments.<\/p>\n<p style=\"\">Ce pont est \u00e9galement connu pour ce nom de \u00ab\u00a0Love Lock Bridge\u00a0\u00bb. Des couples du monde entier viennent ici pour attacher des cadenas personnalis\u00e9s m\u00eame si la ville les a tous retir\u00e9s et interdits depuis 2015.<\/p>\n<ul>\n<li><strong>A<\/strong><strong>dresse :<\/strong> Quai Fran\u00e7ois Mitterand, 75006 Paris<\/li>\n<li>Achetez vos <a href=\"https:\/\/www.tiqets.com\/en\/paris-attractions-c66746\/tickets-for-louvre-museum-e-ticket-p973698\/?partner=checkfortrip\" target=\"_blank\" rel=\"noopener nofollow\">billets pour le mus\u00e9e du Louvre, <\/a>pr\u00e8s de ce pont et \u00e9vitez la queue !<\/li>\n<\/ul>\n<h2 id=\"t-1612280042335\" style=\"\">4. Pont de l&rsquo;Alma<\/h2>\n<p><span><img decoding=\"async\" alt=\"\" data-id=\"6241\" width=\"680\" data-init-width=\"1000\" height=\"454\" data-init-height=\"667\" title=\"Pont de l'Alma in Paris in France\" src=\"http:\/\/paristouristinformation.fr\/fr\/wp-content\/uploads\/2021\/01\/Pont-de-lAlma-in-Paris-in-France.jpg\" data-width=\"680\" data-height=\"454\" data-pin-media=\"http:\/\/paristouristinformation.fr\/fr\/wp-content\/uploads\/2021\/03\/prag_50_sehenswuerdigkeiten_pinterest-40.jpg\" data-pin-description=\"Which bridges are worth to see in Paris ? Check our list of the 5 most famous bridges of Paris and discover their history.\" data-pin-url=\"http:\/\/paristouristinformation.fr\/fr\/things-to-do\/bridge\/?tve=true&amp;tcbf=e9aa5eae8a\" data-pinpro-key=\"2k73gx42q\" loading=\"lazy\"><\/span><\/p>\n<p>Il a \u00e9t\u00e9 construit entre 1854 et 1856 et inaugur\u00e9 par Napol\u00e9on III. Il a ensuite fait l&rsquo;objet d&rsquo;une reconstruction compl\u00e8te de 1970 \u00e0 1974 en raison de son \u00e9troitesse. Le nom du pont, \u00ab\u00a0Pont de l&rsquo;Alma\u00a0\u00bb, a \u00e9t\u00e9 donn\u00e9 pour <strong>comm\u00e9morer la bataille de l&rsquo;Alma <\/strong>(1854) pendant la guerre de Crim\u00e9e.&nbsp;<\/p>\n<p style=\"\">Le 31 ao\u00fbt 1997, un accident s&rsquo;est produit dans le tunnel du Pont de l&rsquo;Alma, dans lequel la <strong>princesse Diana<\/strong>, son ami et son chauffeur ont perdu la vie. Au-dessus de ce tunnel, s&rsquo;\u00e9l\u00e8ve la Flamme de la Libert\u00e9, une r\u00e9plique grandeur nature de la flamme de la Statue de la Libert\u00e9.<\/p>\n<ul>\n<li><strong>Adresse :<\/strong> Pont de l&rsquo;Alma, 75008 Paris<\/li>\n<\/ul>\n<h2 id=\"t-1612280042336\" style=\"\">5. Pont de Bir-Hakeim<\/h2>\n<p><span><img decoding=\"async\" alt=\"\" data-id=\"6247\" width=\"680\" data-init-width=\"1000\" height=\"454\" data-init-height=\"667\" title=\"Pont de Bir-Hakeim in Paris in France\" src=\"http:\/\/paristouristinformation.fr\/fr\/wp-content\/uploads\/2021\/01\/Pont-de-Bir-Hakeim-in-Paris-in-France.jpg\" data-width=\"680\" data-height=\"454\" data-pin-media=\"http:\/\/paristouristinformation.fr\/fr\/wp-content\/uploads\/2021\/03\/prag_50_sehenswuerdigkeiten_pinterest-40.jpg\" data-pin-description=\"Which bridges are worth to see in Paris ? Check our list of the 5 most famous bridges of Paris and discover their history.\" data-pin-url=\"http:\/\/paristouristinformation.fr\/fr\/things-to-do\/bridge\/?tve=true&amp;tcbf=e9aa5eae8a\" data-pinpro-key=\"ofmfimkoj\" loading=\"lazy\"><\/span><\/p>\n<p>Le Pont de Bir-Hakeim est situ\u00e9 \u00e0 l&rsquo;extr\u00e9mit\u00e9 nord de l&rsquo;\u00eele aux Cygnes. Construit en acier et en pierre, il est le deuxi\u00e8me \u00e0 \u00eatre construit dans la r\u00e9gion.Le Pont de Bir-Hakeim a \u00e9t\u00e9 construit entre 1903 et 1905, rempla\u00e7ant un pont pr\u00e9c\u00e9dent qui avait \u00e9t\u00e9 construit en 1878. Il mesure 237 m\u00e8tres de long et 24,7 m\u00e8tres de large. Il est inscrit au titre des monuments historiques depuis 1986.Il a \u00e9t\u00e9 rebaptis\u00e9 en 1948 pour comm\u00e9morer la bataille de Bir Hakim, un point strat\u00e9gique dans le d\u00e9sert libyen, o\u00f9 les Forces fran\u00e7aises libres ont combattu les troupes allemandes en juin 1942, pendant la Seconde Guerre mondiale. Il offre une vue imprenable sur la Tour Eiffel.Vous avez peut-\u00eatre vu ce pont dans plusieurs films, dont Inception. \u00c7a vous dit quelque chose ?<\/p>\n<ul>\n<li><strong>Adresse :<\/strong> Pont de Bir-Hakeim, 75015 Paris<\/li>\n<\/ul>\n<h2 id=\"t-1625481133494\" style=\"\">Carte et localisation<\/h2>\n<p style=\"text-align: center;\"><a href=\"https:\/\/www.google.com\/maps\/d\/u\/1\/viewer?hl=tr&amp;mid=12CCH2REnXU2_mlJK3dSbvXPpgY39ou9Z&amp;ll=48.85974797218291%2C2.3144584500000143&amp;z=15\" target=\"_blank\" style=\"outline: none;\" rel=\"noopener nofollow\">(Lien vers la carte)<\/a><\/p>\n<ul>\n<li><span style=\"\">Si vous pr\u00e9parez votre voyage \u00e0 Paris, \u00e9conomisez du temps, de l&rsquo;argent et \u00e9vitez les tracas en achetant \u00e0 l&rsquo;avance tous les billets en ligne sur notre <a href=\"https:\/\/paristouristinformation.fr\/fr\/visites-guidees-et-billets\/\">boutique officielle de billets de Paris.<\/a><\/span><\/li>\n<\/ul>\n<p style=\"\">Vous connaissez maintenant les c\u00e9l\u00e8bres ponts romantiques \u00e0 ne pas manquer \u00e0 Paris. <strong>Quel est le pont parisien que vous avez le plus envie de voir ? <\/strong>Dites-le nous dans les commentaires ci-dessous !<\/p>\n<h2 style=\"\" id=\"t-1640080180875\">Tours et billets de Paris<\/h2>\n<p style=\"text-align: left;\">D\u00e9couvrez Paris aujourd&rsquo;hui avec les visites et les billets les plus appr\u00e9ci\u00e9s, sans faire la queue.<\/p>\n<h2 style=\"\" id=\"t-1640080180876\">Articles connexes :<\/h2>\n<div class=\"tcb-post-list tve-content-list thrv_wrapper\" data-type=\"grid\" data-pagination-type=\"none\" data-pages_near_current=\"2\" data-css=\"tve-u-17ddc6bcaf3\" data-total_post_count=\"4\" data-total_sticky_count=\"0\" data-no_posts_text=\"There are no posts to display.\"><article id=\"post-8387\" class=\"post-8387 page type-page status-publish has-post-thumbnail hentry post-wrapper thrv_wrapper thrive-animated-item  tve_evt_manager_listen tve_ea_thrive_animation tve_et_mouseover tve_anim_grow\" tcb_hover_state_parent=\"\" class=\"tve_evt_manager_listen tve_ea_thrive_animation tve_et_mouseover tve_anim_grow\" data-id=\"8387\" data-selector=\".post-wrapper\"><style class=\"tcb-post-list-dynamic-style\" type=\"text\/css\">@media (min-width: 300px){[].tcb-post-list #post-8387 []{background-image: url(\u00ab\u00a0https:\/\/www.paristouristinformation.fr\/fr\/wp-content\/uploads\/2021\/01\/Ile-de-la-Cite-of-Pariss-top-attractions-1024x538.jpg\u00ab\u00a0) !important;}[].tcb-post-list #post-8387 []:hover []{background-image: url(\u00ab\u00a0https:\/\/www.paristouristinformation.fr\/fr\/wp-content\/uploads\/2021\/01\/Ile-de-la-Cite-of-Pariss-top-attractions-1024x538.jpg\u00ab\u00a0) !important;}}<\/style><a href=\"https:\/\/www.paristouristinformation.fr\/fr\/choses-a-faire\/quartiers\/ile-de-la-cite\/\" dynamic-postlink=\"tcb_post_the_permalink\" data-shortcode-id=\"8387\"><\/a><\/p>\n<h3 style=\"text-align: center; padding-top: 0px !important; margin-top: 0px !important;\"><span data-attr-link=\"1\" data-attr-rel=\"0\" data-attr-target=\"0\" data-extra_key=\"\" data-option-inline=\"1\" data-shortcode=\"tcb_post_title\" data-shortcode-name=\"Post title\" data-attr-css=\"\" data-attr-static-link=\"{&quot;className&quot;:&quot;tve-froala fr-basic&quot;,&quot;href&quot;:&quot;https:\/\/paristouristinformation.fr\/fr\/choses-a-faire\/quartiers\/ile-de-la-cite\/&quot;,&quot;title&quot;:&quot;Quartier de l\u2019\u00cele de la Cit\u00e9 \u00e0 Paris : Meilleures Choses \u00e0 Faire&quot;,&quot;class&quot;:&quot;tve-froala fr-basic&quot;}\" style=\"\"><a href=\"https:\/\/www.paristouristinformation.fr\/fr\/choses-a-faire\/quartiers\/ile-de-la-cite\/\" title=\"Quartier de l\u2019\u00cele de la Cit\u00e9 \u00e0 Paris : Meilleures Choses \u00e0 Faire\" data-css=\"\" class=\"tve-froala fr-basic\">Quartier de l\u2019\u00cele de la Cit\u00e9 \u00e0 Paris : Meilleures Choses \u00e0 Faire<\/a><\/span><\/h3>\n<p><\/article><article id=\"post-1521\" class=\"post-1521 page type-page status-publish has-post-thumbnail hentry post-wrapper thrv_wrapper thrive-animated-item  tve_evt_manager_listen tve_ea_thrive_animation tve_et_mouseover tve_anim_grow\" tcb_hover_state_parent=\"\" class=\"tve_evt_manager_listen tve_ea_thrive_animation tve_et_mouseover tve_anim_grow\" data-id=\"1521\" data-selector=\".post-wrapper\"><style class=\"tcb-post-list-dynamic-style\" type=\"text\/css\">@media (min-width: 300px){[].tcb-post-list #post-1521 []{background-image: url(\u00ab\u00a0https:\/\/www.paristouristinformation.fr\/fr\/wp-content\/uploads\/2020\/07\/Paris-Landscape-Notre-Dame-Bridge-Sihouette-1024x684.jpg\u00ab\u00a0) !important;}[].tcb-post-list #post-1521 []:hover []{background-image: url(\u00ab\u00a0https:\/\/www.paristouristinformation.fr\/fr\/wp-content\/uploads\/2020\/07\/Paris-Landscape-Notre-Dame-Bridge-Sihouette-1024x684.jpg\u00ab\u00a0) !important;}}<\/style><a href=\"https:\/\/www.paristouristinformation.fr\/fr\/choses-a-faire\/eglise\/notre-dame\/\" dynamic-postlink=\"tcb_post_the_permalink\" data-shortcode-id=\"8387\"><\/a><\/p>\n<h3 style=\"text-align: center; padding-top: 0px !important; margin-top: 0px !important;\"><span data-attr-link=\"1\" data-attr-rel=\"0\" data-attr-target=\"0\" data-extra_key=\"\" data-option-inline=\"1\" data-shortcode=\"tcb_post_title\" data-shortcode-name=\"Post title\" data-attr-css=\"\" data-attr-static-link=\"{&quot;className&quot;:&quot;tve-froala fr-basic&quot;,&quot;href&quot;:&quot;https:\/\/paristouristinformation.fr\/fr\/choses-a-faire\/quartiers\/ile-de-la-cite\/&quot;,&quot;title&quot;:&quot;Quartier de l\u2019\u00cele de la Cit\u00e9 \u00e0 Paris : Meilleures Choses \u00e0 Faire&quot;,&quot;class&quot;:&quot;tve-froala fr-basic&quot;}\" style=\"\"><a href=\"https:\/\/www.paristouristinformation.fr\/fr\/choses-a-faire\/eglise\/notre-dame\/\" title=\"A propos de la Cath\u00e9drale Notre-Dame de Paris : Feu, r\u00e9ouverture, billets, histoire, faits\" data-css=\"\" class=\"tve-froala fr-basic\">A propos de la Cath\u00e9drale Notre-Dame de Paris : Feu, r\u00e9ouverture, billets, histoire, faits<\/a><\/span><\/h3>\n<p><\/article><article id=\"post-8391\" class=\"post-8391 page type-page status-publish has-post-thumbnail hentry post-wrapper thrv_wrapper thrive-animated-item  tve_evt_manager_listen tve_ea_thrive_animation tve_et_mouseover tve_anim_grow\" tcb_hover_state_parent=\"\" class=\"tve_evt_manager_listen tve_ea_thrive_animation tve_et_mouseover tve_anim_grow\" data-id=\"8391\" data-selector=\".post-wrapper\"><style class=\"tcb-post-list-dynamic-style\" type=\"text\/css\">@media (min-width: 300px){[].tcb-post-list #post-8391 []{background-image: url(\u00ab\u00a0https:\/\/www.paristouristinformation.fr\/fr\/wp-content\/uploads\/2021\/02\/Top-30-Best-Museums-to-Visit-in-Paris-1024x538.jpg\u00ab\u00a0) !important;}[].tcb-post-list #post-8391 []:hover []{background-image: url(\u00ab\u00a0https:\/\/www.paristouristinformation.fr\/fr\/wp-content\/uploads\/2021\/02\/Top-30-Best-Museums-to-Visit-in-Paris-1024x538.jpg\u00ab\u00a0) !important;}}<\/style><a href=\"https:\/\/www.paristouristinformation.fr\/fr\/choses-a-faire\/musees\/musee-d-orsay\/\" dynamic-postlink=\"tcb_post_the_permalink\" data-shortcode-id=\"8387\"><\/a><\/p>\n<h3 style=\"text-align: center; padding-top: 0px !important; margin-top: 0px !important;\"><span data-attr-link=\"1\" data-attr-rel=\"0\" data-attr-target=\"0\" data-extra_key=\"\" data-option-inline=\"1\" data-shortcode=\"tcb_post_title\" data-shortcode-name=\"Post title\" data-attr-css=\"\" data-attr-static-link=\"{&quot;className&quot;:&quot;tve-froala fr-basic&quot;,&quot;href&quot;:&quot;https:\/\/paristouristinformation.fr\/fr\/choses-a-faire\/quartiers\/ile-de-la-cite\/&quot;,&quot;title&quot;:&quot;Quartier de l\u2019\u00cele de la Cit\u00e9 \u00e0 Paris : Meilleures Choses \u00e0 Faire&quot;,&quot;class&quot;:&quot;tve-froala fr-basic&quot;}\" style=\"\"><a href=\"https:\/\/www.paristouristinformation.fr\/fr\/choses-a-faire\/musees\/musee-d-orsay\/\" title=\"Guide du mus\u00e9e d\u2019Orsay \u00e0 Paris : Conseils, histoire et billets\" data-css=\"\" class=\"tve-froala fr-basic\">Guide du mus\u00e9e d\u2019Orsay \u00e0 Paris : Conseils, histoire et billets<\/a><\/span><\/h3>\n<p><\/article><article id=\"post-7650\" class=\"post-7650 page type-page status-publish has-post-thumbnail hentry post-wrapper thrv_wrapper thrive-animated-item  tve_evt_manager_listen tve_ea_thrive_animation tve_et_mouseover tve_anim_grow\" tcb_hover_state_parent=\"\" class=\"tve_evt_manager_listen tve_ea_thrive_animation tve_et_mouseover tve_anim_grow\" data-id=\"7650\" data-selector=\".post-wrapper\"><style class=\"tcb-post-list-dynamic-style\" type=\"text\/css\">@media (min-width: 300px){[].tcb-post-list #post-7650 []{background-image: url(\u00ab\u00a0https:\/\/www.paristouristinformation.fr\/fr\/wp-content\/uploads\/2020\/12\/Notre-Dame-Cruise-Seine-in-Paris-in-France.jpg\u00ab\u00a0) !important;}[].tcb-post-list #post-7650 []:hover []{background-image: url(\u00ab\u00a0https:\/\/www.paristouristinformation.fr\/fr\/wp-content\/uploads\/2020\/12\/Notre-Dame-Cruise-Seine-in-Paris-in-France.jpg\u00ab\u00a0) !important;}}<\/style><a href=\"https:\/\/www.paristouristinformation.fr\/fr\/choses-a-faire\/croisiere-sur-la-seine\/\" dynamic-postlink=\"tcb_post_the_permalink\" data-shortcode-id=\"8387\"><\/a><\/p>\n<h3 style=\"text-align: center; padding-top: 0px !important; margin-top: 0px !important;\"><span data-attr-link=\"1\" data-attr-rel=\"0\" data-attr-target=\"0\" data-extra_key=\"\" data-option-inline=\"1\" data-shortcode=\"tcb_post_title\" data-shortcode-name=\"Post title\" data-attr-css=\"\" data-attr-static-link=\"{&quot;className&quot;:&quot;tve-froala fr-basic&quot;,&quot;href&quot;:&quot;https:\/\/paristouristinformation.fr\/fr\/choses-a-faire\/quartiers\/ile-de-la-cite\/&quot;,&quot;title&quot;:&quot;Quartier de l\u2019\u00cele de la Cit\u00e9 \u00e0 Paris : Meilleures Choses \u00e0 Faire&quot;,&quot;class&quot;:&quot;tve-froala fr-basic&quot;}\" style=\"\"><a href=\"https:\/\/www.paristouristinformation.fr\/fr\/choses-a-faire\/croisiere-sur-la-seine\/\" title=\"Croisi\u00e8re sur la Seine \u00e0 Paris : R\u00e9servation &amp; Conseils\" data-css=\"\" class=\"tve-froala fr-basic\">Croisi\u00e8re sur la Seine \u00e0 Paris : R\u00e9servation &amp; Conseils<\/a><\/span><\/h3>\n<p><\/article><\/div>\n","protected":false},"excerpt":{"rendered":"<p>Paris est l&rsquo;une de ces villes merveilleuses qui regorgent d&rsquo;\u00e9tonnants vestiges de l&rsquo;histoire dans chaque coin. Monuments, places, b\u00e2timents, mus\u00e9es, \u00e9glises&#8230; mais aussi de nombreux ponts \u00e9tonnants qui ont fait parler d&rsquo;eux dans le monde entier. Ils traversent la Seine et offrent une belle perspective de la ville. Vous trouverez 37 ponts \u00e0 Paris. 5 [&hellip;]<\/p>\n","protected":false},"author":11,"featured_media":6244,"parent":11691,"menu_order":0,"comment_status":"closed","ping_status":"closed","template":"","meta":{"footnotes":""},"tags":[],"class_list":{"0":"post-5160","1":"page","2":"type-page","3":"status-publish","4":"has-post-thumbnail","5":"hentry","6":"post-wrapper","7":"thrv_wrapper","10":"thrive-animated-item"},"_links":{"self":[{"href":"https:\/\/www.paristouristinformation.fr\/fr\/wp-json\/wp\/v2\/pages\/5160","targetHints":{"allow":["GET"]}}],"collection":[{"href":"https:\/\/www.paristouristinformation.fr\/fr\/wp-json\/wp\/v2\/pages"}],"about":[{"href":"https:\/\/www.paristouristinformation.fr\/fr\/wp-json\/wp\/v2\/types\/page"}],"author":[{"embeddable":true,"href":"https:\/\/www.paristouristinformation.fr\/fr\/wp-json\/wp\/v2\/users\/11"}],"replies":[{"embeddable":true,"href":"https:\/\/www.paristouristinformation.fr\/fr\/wp-json\/wp\/v2\/comments?post=5160"}],"version-history":[{"count":0,"href":"https:\/\/www.paristouristinformation.fr\/fr\/wp-json\/wp\/v2\/pages\/5160\/revisions"}],"up":[{"embeddable":true,"href":"https:\/\/www.paristouristinformation.fr\/fr\/wp-json\/wp\/v2\/pages\/11691"}],"wp:featuredmedia":[{"embeddable":true,"href":"https:\/\/www.paristouristinformation.fr\/fr\/wp-json\/wp\/v2\/media\/6244"}],"wp:attachment":[{"href":"https:\/\/www.paristouristinformation.fr\/fr\/wp-json\/wp\/v2\/media?parent=5160"}],"wp:term":[{"taxonomy":"post_tag","embeddable":true,"href":"https:\/\/www.paristouristinformation.fr\/fr\/wp-json\/wp\/v2\/tags?post=5160"}],"curies":[{"name":"wp","href":"https:\/\/api.w.org\/{rel}","templated":true}]}}