{"id":5168,"date":"2021-01-05T15:01:59","date_gmt":"2021-01-05T15:01:59","guid":{"rendered":"http:\/\/paristouristinformation.fr\/fr\/?page_id=5168"},"modified":"2024-05-15T13:18:54","modified_gmt":"2024-05-15T13:18:54","slug":"imprint","status":"publish","type":"page","link":"https:\/\/www.paristouristinformation.fr\/fr\/imprint\/","title":{"rendered":"Mentions l\u00e9gales"},"content":{"rendered":"<h2>Check for Trips GmbH<\/h2>\n<p>Hintergasse 6<\/p>\n<p>65428 R\u00fcsselsheim<\/p>\n<p>Allemagne<\/p>\n<p><b>Tribunal d&rsquo;Enregistrement :<\/b><\/p>\n<p>Tribunal d&rsquo;instance de Darmstadt<\/p>\n<p><b>Num\u00e9ro d&rsquo;Enregistrement :<\/b><\/p>\n<p>HRB 96248<\/p>\n<p><b>Directeur G\u00e9n\u00e9ral :<\/b><\/p>\n<p>Erdogan Tur<\/p>\n<p><b>Contact<\/b><\/p>\n<ul>\n<li><strong>E-Mail :&nbsp;<\/strong><strong><strong>support@paristouristinformation.fr<\/strong><\/strong><\/li>\n<\/ul>\n<p>Num\u00e9ro d&rsquo;identification de l&rsquo;imp\u00f4t sur le chiffre d&rsquo;affaires conform\u00e9ment au \u00a7 27 a de la loi sur l&rsquo;imp\u00f4t sur le chiffre d&rsquo;affaires : DE310315188<\/p>\n<p>Plateforme de la Commission europ\u00e9enne pour le r\u00e8glement en ligne des litiges :<\/p>\n<p><a href=\"https:\/\/ec.europa.eu\/consumers\/odr\" rel=\"noopener nofollow\" target=\"_blank\" style=\"outline: none;\" data-lt-tmp-id=\"lt-383798\" spellcheck=\"false\">https:\/\/ec.europa.eu\/consumers\/odr<\/a><\/p>\n<p>Nous ne sommes ni oblig\u00e9s ni dispos\u00e9s \u00e0 participer \u00e0 une proc\u00e9dure de r\u00e8glement des litiges devant une commission d&rsquo;arbitrage des consommateurs.<\/p>\n<p><b>Enregistrement de la Soci\u00e9t\u00e9<\/b><\/p>\n<ul>\n<li>0859061188900016<\/li>\n<\/ul>\n<p><b>IATA (International Air Transport Association) Licence<\/b><\/p>\n<ul>\n<li>96003552<\/li>\n<\/ul>\n","protected":false},"excerpt":{"rendered":"<p>Check for Trips GmbH Hintergasse 6 65428 R\u00fcsselsheim Allemagne Tribunal d&rsquo;Enregistrement : Tribunal d&rsquo;instance de Darmstadt Num\u00e9ro d&rsquo;Enregistrement : HRB 96248 Directeur G\u00e9n\u00e9ral : Erdogan Tur Contact E-Mail :&nbsp;support@paristouristinformation.fr Num\u00e9ro d&rsquo;identification de l&rsquo;imp\u00f4t sur le chiffre d&rsquo;affaires conform\u00e9ment au \u00a7 27 a de la loi sur l&rsquo;imp\u00f4t sur le chiffre d&rsquo;affaires : DE310315188 Plateforme de [&hellip;]<\/p>\n","protected":false},"author":11,"featured_media":8189,"parent":0,"menu_order":0,"comment_status":"closed","ping_status":"closed","template":"","meta":{"footnotes":""},"tags":[],"class_list":["post-5168","page","type-page","status-publish","has-post-thumbnail","hentry","post-wrapper","thrv_wrapper"],"_links":{"self":[{"href":"https:\/\/www.paristouristinformation.fr\/fr\/wp-json\/wp\/v2\/pages\/5168","targetHints":{"allow":["GET"]}}],"collection":[{"href":"https:\/\/www.paristouristinformation.fr\/fr\/wp-json\/wp\/v2\/pages"}],"about":[{"href":"https:\/\/www.paristouristinformation.fr\/fr\/wp-json\/wp\/v2\/types\/page"}],"author":[{"embeddable":true,"href":"https:\/\/www.paristouristinformation.fr\/fr\/wp-json\/wp\/v2\/users\/11"}],"replies":[{"embeddable":true,"href":"https:\/\/www.paristouristinformation.fr\/fr\/wp-json\/wp\/v2\/comments?post=5168"}],"version-history":[{"count":3,"href":"https:\/\/www.paristouristinformation.fr\/fr\/wp-json\/wp\/v2\/pages\/5168\/revisions"}],"predecessor-version":[{"id":11899,"href":"https:\/\/www.paristouristinformation.fr\/fr\/wp-json\/wp\/v2\/pages\/5168\/revisions\/11899"}],"wp:featuredmedia":[{"embeddable":true,"href":"https:\/\/www.paristouristinformation.fr\/fr\/wp-json\/wp\/v2\/media\/8189"}],"wp:attachment":[{"href":"https:\/\/www.paristouristinformation.fr\/fr\/wp-json\/wp\/v2\/media?parent=5168"}],"wp:term":[{"taxonomy":"post_tag","embeddable":true,"href":"https:\/\/www.paristouristinformation.fr\/fr\/wp-json\/wp\/v2\/tags?post=5168"}],"curies":[{"name":"wp","href":"https:\/\/api.w.org\/{rel}","templated":true}]}}