{"id":5786,"date":"2021-01-12T13:44:11","date_gmt":"2021-01-12T13:44:11","guid":{"rendered":"http:\/\/paristouristinformation.fr\/fr\/?page_id=5786"},"modified":"2024-12-11T16:40:35","modified_gmt":"2024-12-11T16:40:35","slug":"partenaire","status":"publish","type":"page","link":"https:\/\/www.paristouristinformation.fr\/fr\/partenaire\/","title":{"rendered":"Partenaire de l&#8217;information touristique de Paris"},"content":{"rendered":"<p><a href=\"https:\/\/most-amazing-places.com\" target=\"_blank\" rel=\"noopener nofollow\"><span><img decoding=\"async\" alt=\"\" data-id=\"12016\" width=\"147\" data-init-width=\"1318\" height=\"93\" data-init-height=\"831\" title=\"map-03\" src=\"https:\/\/www.paristouristinformation.fr\/fr\/wp-content\/uploads\/2024\/12\/map-03.png\" data-width=\"147\" data-height=\"93\" style=\"aspect-ratio: auto 1318 \/ 831;\" loading=\"lazy\"><\/span><\/p>\n<h4>most-amazing-places.com<\/h4>\n<p>Most Amazing Places est une marque cr\u00e9\u00e9e par des professionnels passionn\u00e9s du voyage. Trouvez les billets de la meilleure qualit\u00e9 au meilleur prix, sur tous les op\u00e9rateurs en ligne.<\/p>\n<p><\/a><a href=\"https:\/\/www.dynamicwebsolutions.at\/\" target=\"_blank\" rel=\"noopener nofollow\"><span><img loading=\"lazy\" decoding=\"async\" alt=\"\" data-id=\"5834\" width=\"460\" data-init-width=\"1440\" height=\"77\" data-init-height=\"240\" title=\"Dynamic Web Solutions GmbH Logo\" src=\"http:\/\/paristouristinformation.fr\/fr\/wp-content\/uploads\/2021\/01\/Dynamic-Web-Solutions-GmbH-Logo.png\" data-width=\"460\" data-height=\"77\" style=\"aspect-ratio: auto 1440 \/ 240;\"><\/span><\/p>\n<h4>Dynamic Web Solutions GmbH<\/h4>\n<p>Partenaire pour la technologie, le webdesign et le r\u00e9f\u00e9rencement du site ParisTouristInformation.fr.<\/p>\n<p><\/a><a href=\"https:\/\/www.konpasu.de\/\" target=\"_blank\" rel=\"noopener nofollow\"><span><img loading=\"lazy\" decoding=\"async\" alt=\"\" data-id=\"5814\" width=\"368\" data-init-width=\"1440\" height=\"61\" data-init-height=\"240\" title=\"Konpasu.de Logo\" src=\"http:\/\/paristouristinformation.fr\/fr\/wp-content\/uploads\/2021\/01\/Konpasu-Logo15.png\" data-width=\"368\" data-height=\"61\" style=\"aspect-ratio: auto 1440 \/ 240;\"><\/span><\/p>\n<h4>Konpasu.de<\/h4>\n<p>Partenaire m\u00e9dias sociaux, influenceur et blogueur pour ParisTouristInformation.fr.<\/p>\n<p><\/a><a href=\"https:\/\/www.travelgroup24.com\/\" target=\"_blank\" rel=\"noopener nofollow\"><span><img loading=\"lazy\" decoding=\"async\" alt=\"\" data-id=\"5833\" width=\"368\" data-init-width=\"1440\" height=\"61\" data-init-height=\"240\" title=\"All Around Malta Logo\" src=\"http:\/\/paristouristinformation.fr\/fr\/wp-content\/uploads\/2021\/01\/All-Around-Malta-Logo.jpg\" data-width=\"368\" data-height=\"61\" style=\"aspect-ratio: auto 1440 \/ 240;\"><\/span><\/p>\n<h4>Global Tourist Organization<\/h4>\n<p>Nous faisons partie du r\u00e9seau mondial des organisations touristiques.<\/p>\n<p><\/a><\/p>\n<h2 style=\"text-align: center;\">Demande de partenariat Contact pour les entreprises, agences et organisations de voyage<\/h2>\n<h2 style=\"\">Comment pouvons-nous vous aider ?<\/h2>\n<h3 style=\"\">1. Info Service<\/h3>\n<p style=\"\">R\u00e9ponses aux questions concernant les voyages pr\u00e9vus \u00e0 Paris ou pendant votre s\u00e9jour.<\/p>\n<h3 style=\"\">2. Service de r\u00e9servation<\/h3>\n<p style=\"\">R\u00e9servation d&rsquo;h\u00f4tels, de billets, de circuits, d&rsquo;h\u00f4tels de conf\u00e9rence et de voyages de groupe. R\u00e9servation de restaurants.<\/p>\n<h3 style=\"\">3. B2B et M.I.C.E.<\/h3>\n<p style=\"\">Coop\u00e9ration avec l&rsquo;Office du tourisme de Paris dans le secteur du voyage, des fournisseurs locaux aux voyagistes.<\/p>\n<h2 style=\"\">Partie de l&rsquo;Organisation mondiale du tourisme<\/h2>\n<p><a href=\"https:\/\/viennatouristinformation.com\/\" target=\"_blank\" rel=\"noopener nofollow\"><span><img loading=\"lazy\" decoding=\"async\" alt=\"\" data-id=\"5805\" width=\"376\" data-init-width=\"2126\" height=\"115\" data-init-height=\"651\" title=\"ViennaTouristInformation.com Logo\" src=\"http:\/\/paristouristinformation.fr\/fr\/wp-content\/uploads\/2021\/01\/ViennaTouristInformation.com-Logo.png\" data-width=\"376\" data-height=\"115\" style=\"aspect-ratio: auto 2126 \/ 651;\"><\/span><\/p>\n<h4>ViennaTouristInformation.com<\/h4>\n<p>Le site d&rsquo;information touristique de la ville de Vienne en Autriche.<\/p>\n<p><\/a><a href=\"https:\/\/praguetouristinformation.com\/\" target=\"_blank\" rel=\"noopener nofollow\"><span><img loading=\"lazy\" decoding=\"async\" alt=\"\" data-id=\"5803\" width=\"376\" data-init-width=\"2292\" height=\"107\" data-init-height=\"651\" title=\"PragueTouristInformation.com Logo\" src=\"http:\/\/paristouristinformation.fr\/fr\/wp-content\/uploads\/2021\/01\/PragueTouristInformation.com-Logo.png\" data-width=\"376\" data-height=\"107\" style=\"aspect-ratio: auto 2292 \/ 651;\"><\/span><\/p>\n<h4>PragueTouristInformation.com<\/h4>\n<p>Le site d&rsquo;information touristique de la ville de Prague en R\u00e9publique tch\u00e8que.<\/p>\n<p><\/a><a href=\"https:\/\/antalyatouristinformation.com\" target=\"_blank\" rel=\"noopener nofollow\"><span><img decoding=\"async\" alt=\"\" data-id=\"11900\" width=\"296\" data-init-width=\"600\" height=\"89\" data-init-height=\"180\" title=\"AntalyaTouristInformation.com-Logo-2048x616\" src=\"https:\/\/www.paristouristinformation.fr\/fr\/wp-content\/uploads\/2024\/05\/AntalyaTouristInformation.com-Logo-2048x616-1.png\" data-width=\"296\" data-height=\"89\" style=\"aspect-ratio: auto 600 \/ 180;\" loading=\"lazy\"><\/span><\/p>\n<h4>antalyatouristinformation.com<\/h4>\n<p>Site d&rsquo;information touristique de la ville turque d&rsquo;Antalya<\/p>\n<p><\/a><a href=\"https:\/\/cappadociatouristinformation.gen.tr\" target=\"_blank\" rel=\"noopener nofollow\"><span><img decoding=\"async\" alt=\"\" data-id=\"11901\" width=\"296\" data-init-width=\"600\" height=\"65\" data-init-height=\"132\" title=\"CAPPADOCIA-TOURIST-INFO-LOGO copy\" src=\"https:\/\/www.paristouristinformation.fr\/fr\/wp-content\/uploads\/2024\/05\/CAPPADOCIA-TOURIST-INFO-LOGO-copy.png\" data-width=\"296\" data-height=\"65\" style=\"aspect-ratio: auto 600 \/ 132;\" loading=\"lazy\"><\/span><\/p>\n<h4>cappadociatouristinformation.gen.tr<\/h4>\n<p>Site d&rsquo;informations touristiques sur la r\u00e9gion turque de Cappadoce<\/p>\n<p><\/a><a href=\"https:\/\/lisbontouristinformation.com\" target=\"_blank\" rel=\"noopener nofollow\"><span><img decoding=\"async\" alt=\"\" data-id=\"11902\" width=\"296\" data-init-width=\"600\" height=\"95\" data-init-height=\"192\" title=\"lisbon tourist information logo\" src=\"https:\/\/www.paristouristinformation.fr\/fr\/wp-content\/uploads\/2024\/05\/lisbon-tourist-information-logo.png\" data-width=\"296\" data-height=\"95\" style=\"aspect-ratio: auto 600 \/ 192;\" loading=\"lazy\"><\/span><\/p>\n<h4>lisbontouristinformation.com<\/h4>\n<p>Site d&rsquo;information touristique de la ville portugaise de Lisbonne<\/p>\n<p><\/a><a href=\"https:\/\/www.allaroundmalta.de\/\" target=\"_blank\" rel=\"noopener nofollow\"><span><img loading=\"lazy\" decoding=\"async\" alt=\"\" data-id=\"5837\" width=\"460\" data-init-width=\"1440\" height=\"77\" data-init-height=\"240\" title=\"All Around Malta Logo(3)\" src=\"http:\/\/paristouristinformation.fr\/fr\/wp-content\/uploads\/2021\/01\/All-Around-Malta-Logo3.png\" data-width=\"460\" data-height=\"77\" style=\"aspect-ratio: auto 1440 \/ 240;\"><\/span><\/p>\n<h4>AllAroundMalta.com<\/h4>\n<p>Billets, visites et informations touristiques pour les \u00eeles maltaises.<\/p>\n<p><\/a><\/p>\n","protected":false},"excerpt":{"rendered":"<p>most-amazing-places.com Most Amazing Places est une marque cr\u00e9\u00e9e par des professionnels passionn\u00e9s du voyage. Trouvez les billets de la meilleure qualit\u00e9 au meilleur prix, sur tous les op\u00e9rateurs en ligne. Dynamic Web Solutions GmbH Partenaire pour la technologie, le webdesign et le r\u00e9f\u00e9rencement du site ParisTouristInformation.fr. Konpasu.de Partenaire m\u00e9dias sociaux, influenceur et blogueur pour ParisTouristInformation.fr. [&hellip;]<\/p>\n","protected":false},"author":11,"featured_media":9610,"parent":0,"menu_order":0,"comment_status":"closed","ping_status":"closed","template":"","meta":{"footnotes":""},"tags":[],"class_list":["post-5786","page","type-page","status-publish","has-post-thumbnail","hentry","post-wrapper","thrv_wrapper"],"_links":{"self":[{"href":"https:\/\/www.paristouristinformation.fr\/fr\/wp-json\/wp\/v2\/pages\/5786","targetHints":{"allow":["GET"]}}],"collection":[{"href":"https:\/\/www.paristouristinformation.fr\/fr\/wp-json\/wp\/v2\/pages"}],"about":[{"href":"https:\/\/www.paristouristinformation.fr\/fr\/wp-json\/wp\/v2\/types\/page"}],"author":[{"embeddable":true,"href":"https:\/\/www.paristouristinformation.fr\/fr\/wp-json\/wp\/v2\/users\/11"}],"replies":[{"embeddable":true,"href":"https:\/\/www.paristouristinformation.fr\/fr\/wp-json\/wp\/v2\/comments?post=5786"}],"version-history":[{"count":2,"href":"https:\/\/www.paristouristinformation.fr\/fr\/wp-json\/wp\/v2\/pages\/5786\/revisions"}],"predecessor-version":[{"id":12017,"href":"https:\/\/www.paristouristinformation.fr\/fr\/wp-json\/wp\/v2\/pages\/5786\/revisions\/12017"}],"wp:featuredmedia":[{"embeddable":true,"href":"https:\/\/www.paristouristinformation.fr\/fr\/wp-json\/wp\/v2\/media\/9610"}],"wp:attachment":[{"href":"https:\/\/www.paristouristinformation.fr\/fr\/wp-json\/wp\/v2\/media?parent=5786"}],"wp:term":[{"taxonomy":"post_tag","embeddable":true,"href":"https:\/\/www.paristouristinformation.fr\/fr\/wp-json\/wp\/v2\/tags?post=5786"}],"curies":[{"name":"wp","href":"https:\/\/api.w.org\/{rel}","templated":true}]}}