{"id":5920,"date":"2021-01-13T12:27:59","date_gmt":"2021-01-13T12:27:59","guid":{"rendered":"http:\/\/paristouristinformation.fr\/fr\/?page_id=5920"},"modified":"2023-09-05T09:52:47","modified_gmt":"2023-09-05T09:52:47","slug":"opera-garnier","status":"publish","type":"page","link":"https:\/\/www.paristouristinformation.fr\/fr\/choses-a-faire\/theatres\/opera-garnier\/","title":{"rendered":"Visitez l&#8217;Op\u00e9ra Garnier \u00e0 Paris : Billets, visites et histoire"},"content":{"rendered":"<p>Bienvenue dans le plus magnifique b\u00e2timent de Paris : l&rsquo;Op\u00e9ra Garnier.Le c\u00e9l\u00e8bre Op\u00e9ra de Paris est l&rsquo;un <strong>des plus importants exemples d&rsquo;architecture baroque au monde, <\/strong>construit par Charles Garnier et inaugur\u00e9 en 1875. Il est consid\u00e9r\u00e9 comme un chef-d&rsquo;\u0153uvre de l&rsquo;architecture de la seconde moiti\u00e9 du XIXe si\u00e8cle.<\/p>\n<p>Le b\u00e2timent de l&rsquo;op\u00e9ra est class\u00e9 monument historique de France depuis 1923. Il est l&rsquo;un des symboles de Paris, avec la <a href=\"https:\/\/paristouristinformation.fr\/fr\/choses-a-faire\/eglise\/notre-dame\/\">cath\u00e9drale Notre-Dame<\/a>, le <a href=\"https:\/\/paristouristinformation.fr\/fr\/choses-a-faire\/musees\/musee-du-louvre\/\">mus\u00e9e du Louvre<\/a> et la <a href=\"https:\/\/paristouristinformation.fr\/fr\/choses-a-faire\/eglise\/sacre-coeur-basilica\/\">basilique du Sacr\u00e9-C\u0153ur.<\/a>D\u00e9couvrez toutes les informations touristiques importantes sur le Palais Garnier de Paris : Localisation, histoire, activit\u00e9s et plus encore ci-dessous !<\/p>\n<h2 id=\"t-1610539832044\" style=\"\">Que puis-je faire \u00e0 l&rsquo;Op\u00e9ra Garnier ?<\/h2>\n<p><span><img decoding=\"async\" alt=\"\" data-id=\"7511\" width=\"702\" data-init-width=\"1000\" height=\"470\" data-init-height=\"670\" title=\"Opera Garnier in Paris in France\" src=\"http:\/\/paristouristinformation.fr\/fr\/wp-content\/uploads\/2021\/02\/Opera-Garnier-in-Paris-in-France.jpg\" data-width=\"702\" data-height=\"470\" style=\"aspect-ratio: auto 1000 \/ 670;\" data-pin-media=\"http:\/\/paristouristinformation.fr\/fr\/wp-content\/uploads\/2021\/03\/prag_50_sehenswuerdigkeiten_pinterest-11.jpg\" data-pin-description=\"Learn information about visit and guide to The Op\u00e9ra Garnier in Paris : Entrance, Tickets, Tours and History about this prestigious building of Paris.\" data-pin-url=\"http:\/\/paristouristinformation.fr\/fr\/things-to-do\/theaters\/opera-garnier\/?tve=true&amp;tcbf=cfc9853f62\" loading=\"lazy\"><\/span><\/p>\n<p>L&rsquo;Op\u00e9ra Garnier couvre une superficie de 11 000 m\u00e8tres carr\u00e9s (118 404 pieds carr\u00e9s) et poss\u00e8de une vaste sc\u00e8ne pouvant accueillir jusqu&rsquo;\u00e0 450 artistes. \u200b<strong>L&rsquo;int\u00e9rieur<\/strong> de l&rsquo;op\u00e9ra, orn\u00e9 d&rsquo;une <strong>riche<\/strong><strong>d\u00e9coration<\/strong>, est un chef-d&rsquo;\u0153uvre d&rsquo;opulence et de splendeur artistique, une visite incontournable pour les amateurs de beaut\u00e9 architecturaleD\u00e8s l&rsquo;entr\u00e9e, les visiteurs sont accueillis par<strong> l&rsquo;opulent Grand Foyer<\/strong>, orn\u00e9 de feuilles d&rsquo;or scintillantes, de lustres en cristal exquis et d&rsquo;une pl\u00e9thore de d\u00e9tails complexes qui ne manqueront pas de laisser une impression durable. L&rsquo;entr\u00e9e comporte \u00e9galement un magnifique <strong>escalier en marbre <\/strong>qui ajoute \u00e0 la grandeur de l&rsquo;exp\u00e9rience. En p\u00e9n\u00e9trant \u00e0 l&rsquo;int\u00e9rieur, vous serez enchant\u00e9 par la richesse de la d\u00e9coration. Les feuilles d&rsquo;or scintillantes, les lustres en cristal \u00e9tincelants et les innombrables d\u00e9tails semblent imp\u00e9rieux. Le lustre central p\u00e8se plus de 6 tonnes.Le plafond illusoire de l&rsquo;op\u00e9ra a \u00e9t\u00e9 repeint en 1964 par Marc Chagall, un peintre juif d&rsquo;origine russe. Environ 30 types de marbre provenant de 8 pays diff\u00e9rents ont \u00e9t\u00e9 utilis\u00e9s pour la d\u00e9coration int\u00e9rieure.R\u00e9cemment, les op\u00e9ras sont principalement pr\u00e9sent\u00e9s \u00e0 l&rsquo;Op\u00e9ra Bastille, tandis que les spectacles de ballet sont principalement pr\u00e9sent\u00e9s \u00e0 l&rsquo;Op\u00e9ra Garnier.<\/p>\n<ul>\n<li><strong>Remarque :<\/strong> il se peut que les visiteurs n&rsquo;aient pas toujours acc\u00e8s \u00e0 la salle de spectacle en raison des activit\u00e9s du th\u00e9\u00e2tre.<\/li>\n<\/ul>\n<h3 style=\"\">Spectacles \u00e0 l&rsquo;Op\u00e9ra Garnier<\/h3>\n<p \"=\"\" style=\"\" tve-droppable\"=\"\">Op\u00e9ras, spectacles de ballet et r\u00e9citals attendent le public dans l&rsquo;atmosph\u00e8re l\u00e9gendaire de l&rsquo;Op\u00e9ra Garnier.<\/p>\n<p \"=\"\" style=\"\" tve-droppable\"=\"\"><a href=\"https:\/\/www.operadeparis.fr\/en\/programme-and-tickets\" target=\"_blank\" style=\"outline: none;\" rel=\"noopener nofollow\">Voir les \u00e9v\u00e9nements \u00e0 venir \u00e0 l&rsquo;Op\u00e9ra Garnier.<\/a><\/p>\n<h3 style=\"\">Fant\u00f4me \u00e0 l&rsquo;Op\u00e9ra<\/h3>\n<p>L&rsquo;Op\u00e9ra Garnier a inspir\u00e9 le c\u00e9l\u00e8bre roman \u00ab\u00a0Fant\u00f4me de l&rsquo;Op\u00e9ra\u00a0\u00bb \u00e9crit par le journaliste et critique d&rsquo;op\u00e9ra fran\u00e7ais Gaston Leroux. Il s&rsquo;agit de l&rsquo;histoire fictive d&rsquo;un fant\u00f4me qui vit sur le lac sous l&rsquo;Op\u00e9ra. Le fant\u00f4me donne secr\u00e8tement des cours \u00e0 Christine, la jeune fille du ch\u0153ur, qui devient ainsi une grande soprano. Finalement, le fant\u00f4me tombe amoureux d&rsquo;elle et continue d&rsquo;appara\u00eetre \u00e0 l&rsquo;Op\u00e9ra.Le roman a \u00e9t\u00e9 interpr\u00e9t\u00e9 avec succ\u00e8s \u00e0 de nombreuses reprises au th\u00e9\u00e2tre et au cin\u00e9ma, notamment dans le film de 1925 avec Lon Chaney et dans la com\u00e9die musicale d&rsquo;Andrew Lloyd Webber de 1986.<\/p>\n<p><span><img decoding=\"async\" alt=\"\" data-id=\"7522\" width=\"702\" data-init-width=\"1000\" height=\"470\" data-init-height=\"670\" title=\"Opera Garnier ceiling in Paris in France\" src=\"http:\/\/paristouristinformation.fr\/fr\/wp-content\/uploads\/2021\/02\/Opera-Garnier-ceiling-in-Paris-in-France.jpg\" data-width=\"702\" data-height=\"470\" style=\"aspect-ratio: auto 1000 \/ 670;\" data-pin-media=\"http:\/\/paristouristinformation.fr\/fr\/wp-content\/uploads\/2021\/03\/prag_50_sehenswuerdigkeiten_pinterest-11.jpg\" data-pin-description=\"Learn information about visit and guide to The Op\u00e9ra Garnier in Paris : Entrance, Tickets, Tours and History about this prestigious building of Paris.\" data-pin-url=\"http:\/\/paristouristinformation.fr\/fr\/things-to-do\/theaters\/opera-garnier\/?tve=true&amp;tcbf=cfc9853f62\" loading=\"lazy\"><\/span><\/p>\n<h2 id=\"t-1610539832045\" style=\"\">Entr\u00e9es, billets et visites<\/h2>\n<p style=\"\">L&rsquo;int\u00e9rieur du b\u00e2timent de l&rsquo;Op\u00e9ra Garnier est ouvert aux visites touristiques. Vous pouvez acheter les billets pour les visites ou les spectacles sur le site ou en ligne.<\/p>\n<ul>\n<li><span style=\"\"><strong>Entr\u00e9e :<\/strong> L&rsquo;Op\u00e9ra de Paris vous offre la possibilit\u00e9 de d\u00e9couvrir les tr\u00e9sors des espaces publics du Palais Garnier, chef d&rsquo;\u0153uvre de l&rsquo;architecture th\u00e9\u00e2trale du XIXe si\u00e8cle. Ce billet vous donne \u00e9galement acc\u00e8s aux expositions en cours (selon disponibilit\u00e9).<\/span><\/li>\n<li style=\"\"><span style=\"\"><strong>Billets :<\/strong> Il est conseill\u00e9 de r\u00e9server les billets pour les visites et les th\u00e9\u00e2tres \u00e0 l&rsquo;avance pour une entr\u00e9e rapide et facile. Notez toutefois qu&rsquo;il existe \u00e9galement des distributeurs automatiques de billets \u00e0 votre disposition. <a href=\"https:\/\/www.tiqets.com\/en\/paris-attractions-c66746\/tickets-for-opera-garnier-self-guided-tour-p974598\/?partner=checkfortrip\" target=\"_blank\" style=\"outline: none;\" rel=\"noopener nofollow\">Billet pour la visite autoguid\u00e9e de l&rsquo;Op\u00e9ra Garnier.<\/a><\/span><\/li>\n<\/ul>\n<ul>\n<li><span style=\"\">Pour gagner du temps, de l&rsquo;argent et \u00e9viter les tracas, vous pouvez pr\u00e9parer votre voyage en achetant \u00e0 l&rsquo;avance tous les billets en ligne dont vous avez besoin dans notre boutique officielle <a href=\"https:\/\/paristouristinformation.fr\/fr\/visites-guidees-et-billets\/\" style=\"outline: none;\">Paris Tickets Shop.<\/a><\/span><\/li>\n<\/ul>\n<p>__CONFIG_colors_palette__{\u00ab\u00a0active_palette\u00a0\u00bb:0,\u00a0\u00bbconfig\u00a0\u00bb:{\u00ab\u00a0colors\u00a0\u00bb:{\u00ab\u00a0f8570\u00a0\u00bb:{\u00ab\u00a0name\u00a0\u00bb:\u00a0\u00bbMain Accent\u00a0\u00bb,\u00a0\u00bbparent\u00a0\u00bb:-1}},\u00a0\u00bbgradients\u00a0\u00bb:[]},\u00a0\u00bbpalettes\u00a0\u00bb:[{\u00ab\u00a0name\u00a0\u00bb:\u00a0\u00bbDefault Palette\u00a0\u00bb,\u00a0\u00bbvalue\u00a0\u00bb:{\u00ab\u00a0colors\u00a0\u00bb:{\u00ab\u00a0f8570\u00a0\u00bb:{\u00ab\u00a0val\u00a0\u00bb:\u00a0\u00bbvar(&#8211;tcb-skin-color-0)\u00a0\u00bb}},\u00a0\u00bbgradients\u00a0\u00bb:[]},\u00a0\u00bboriginal\u00a0\u00bb:{\u00ab\u00a0colors\u00a0\u00bb:{\u00ab\u00a0f8570\u00a0\u00bb:{\u00ab\u00a0val\u00a0\u00bb:\u00a0\u00bbrgb(19, 114, 211)\u00a0\u00bb,\u00a0\u00bbhsl\u00a0\u00bb:{\u00ab\u00a0h\u00a0\u00bb:210,\u00a0\u00bbs\u00a0\u00bb:0.83,\u00a0\u00bbl\u00a0\u00bb:0.45}}},\u00a0\u00bbgradients\u00a0\u00bb:[]}}]}__CONFIG_colors_palette__ <a href=\"https:\/\/paristouristinformation.fr\/fr\/visites-guidees-et-billets\/\"> <span><span style=\"\">Acc\u00e9der au Paris Tickets Shop<\/span><\/span> <\/a> <span><img decoding=\"async\" alt=\"\" data-id=\"7517\" width=\"702\" data-init-width=\"1000\" height=\"470\" data-init-height=\"670\" title=\"Opera Garni\u00e9r in Paris in France\" src=\"http:\/\/paristouristinformation.fr\/fr\/wp-content\/uploads\/2021\/02\/Opera-Garnier-in-Paris-in-France-1.jpg\" data-width=\"702\" data-height=\"470\" style=\"aspect-ratio: auto 1000 \/ 670;\" data-pin-media=\"http:\/\/paristouristinformation.fr\/fr\/wp-content\/uploads\/2021\/03\/prag_50_sehenswuerdigkeiten_pinterest-11.jpg\" data-pin-description=\"Learn information about visit and guide to The Op\u00e9ra Garnier in Paris : Entrance, Tickets, Tours and History about this prestigious building of Paris.\" data-pin-url=\"http:\/\/paristouristinformation.fr\/fr\/things-to-do\/theaters\/opera-garnier\/?tve=true&amp;tcbf=cfc9853f62\" loading=\"lazy\"><\/span><\/p>\n<h2 id=\"t-1610539832046\" style=\"\">Comment se rendre \u00e0 l&rsquo;Op\u00e9ra Garnier ?<\/h2>\n<ul>\n<li><strong>M\u00e9tro :<\/strong> La station \u00ab\u00a0Op\u00e9ra\u00a0\u00bb est la plus proche de l&rsquo;Op\u00e9ra Garnier sur les lignes de m\u00e9tro 3, 7 et 8. (250 m.)<\/li>\n<li><strong>RER-A :<\/strong> station \u00ab\u00a0Auber\u00a0\u00bb (150 m.)<\/li>\n<li><strong>Bus :<\/strong> 20, 21, 22, 27, 29, 42, 52, 53, 66, 68, 81 et 95.<\/li>\n<\/ul>\n<h3 style=\"\"><span data-attr-link=\"1\" data-attr-rel=\"0\" data-attr-target=\"0\" data-extra_key=\"\" data-option-inline=\"1\" data-shortcode=\"tcb_post_title\" data-shortcode-name=\"Post title\" data-attr-css=\"\" style=\"\" data-attr-static-link=\"{&quot;className&quot;:&quot;&quot;,&quot;href&quot;:&quot;https:\/\/www.paristouristinformation.fr\/fr\/choses-a-faire\/attractions\/&quot;,&quot;title&quot;:&quot;15 Attractions les mieux cot\u00e9es de Paris&quot;,&quot;class&quot;:&quot;&quot;}\"><a href=\"https:\/\/www.paristouristinformation.fr\/fr\/choses-a-faire\/attractions\/\" title=\"15 Attractions les mieux cot\u00e9es de Paris\" data-css=\"\">15 Attractions les mieux cot\u00e9es de Paris<\/a><\/span><\/h3>\n<h3 style=\"\"><span data-attr-link=\"1\" data-attr-rel=\"0\" data-attr-target=\"0\" data-extra_key=\"\" data-option-inline=\"1\" data-shortcode=\"tcb_post_title\" data-shortcode-name=\"Post title\" data-attr-css=\"\" style=\"\" data-attr-static-link=\"{&quot;className&quot;:&quot;&quot;,&quot;href&quot;:&quot;https:\/\/www.paristouristinformation.fr\/fr\/choses-a-faire\/attractions\/&quot;,&quot;title&quot;:&quot;15 Attractions les mieux cot\u00e9es de Paris&quot;,&quot;class&quot;:&quot;&quot;}\"><a href=\"https:\/\/www.paristouristinformation.fr\/fr\/choses-a-faire\/theatres\/\" title=\"12 Th\u00e9\u00e2tres et cabarets pour des spectacles \u00e0 Paris [avec billets]\" data-css=\"\">12 Th\u00e9\u00e2tres et cabarets pour des spectacles \u00e0 Paris [avec billets]<\/a><\/span><\/h3>\n<h2 id=\"t-1610539832050\" style=\"\">FAQ (Foire aux questions)<\/h2>\n<p><span><img decoding=\"async\" alt=\"\" data-id=\"7520\" width=\"702\" data-init-width=\"1000\" height=\"470\" data-init-height=\"670\" title=\"palais garnier exterior in Paris in France\" src=\"http:\/\/paristouristinformation.fr\/fr\/wp-content\/uploads\/2021\/02\/palais-garnier-exterior-in-Paris-in-France.jpg\" data-width=\"702\" data-height=\"470\" style=\"aspect-ratio: auto 1000 \/ 670;\" data-pin-media=\"http:\/\/paristouristinformation.fr\/fr\/wp-content\/uploads\/2021\/03\/prag_50_sehenswuerdigkeiten_pinterest-11.jpg\" data-pin-description=\"Learn information about visit and guide to The Op\u00e9ra Garnier in Paris : Entrance, Tickets, Tours and History about this prestigious building of Paris.\" data-pin-url=\"http:\/\/paristouristinformation.fr\/fr\/things-to-do\/theaters\/opera-garnier\/?tve=true&amp;tcbf=cfc9853f62\" loading=\"lazy\"><\/span><\/p>\n<h2 id=\"t-1610539832048\" style=\"\">Histoire de l&rsquo;Op\u00e9ra Garnier<\/h2>\n<p>Napol\u00e9on III et son \u00e9pouse ont \u00e9t\u00e9 attaqu\u00e9s par un groupe de rebelles italiens dans l&rsquo;ancien op\u00e9ra situ\u00e9 pr\u00e8s de l&rsquo;actuel Op\u00e9ra Garnier, rue Peletier, le 14 janvier 1858. Heureusement, Napol\u00e9on III et son \u00e9pouse ont r\u00e9ussi \u00e0 s&rsquo;\u00e9chapper et ont surv\u00e9cu. Mais 8 personnes sont mortes et environ 150 personnes ont \u00e9t\u00e9 bless\u00e9es lors de cette tentative. \u00c0 la suite de cet incident, Napol\u00e9on III a lanc\u00e9 la construction d&rsquo;un nouvel op\u00e9ra plus s\u00fbr. Il a \u00e9t\u00e9 construit entre 1862 et 1875, et nomm\u00e9 d&rsquo;apr\u00e8s le jeune architecte Charles Garnier. Il est int\u00e9ressant de noter que ce b\u00e2timent, avec tous ses d\u00e9tails et sa splendeur, est en fait la premi\u00e8re \u0153uvre de Charles Garnier. Il n&rsquo;avait que 35 ans lorsque son projet a \u00e9t\u00e9 s\u00e9lectionn\u00e9 lors du concours pour le nouvel op\u00e9ra.Napol\u00e9on III n&rsquo;a jamais eu la chance d&rsquo;assister \u00e0 un \u00e9v\u00e9nement dans le nouvel op\u00e9ra. Il a \u00e9t\u00e9 expuls\u00e9 du pays pendant la guerre franco-prussienne et est rest\u00e9 \u00e0 l&rsquo;\u00e9tranger jusqu&rsquo;\u00e0 sa mort en 1873.L&rsquo;Op\u00e9ra Garnier a \u00e9t\u00e9 ouvert en 1875 et est rest\u00e9 longtemps connu sous le nom d'\u00a0\u00bbOp\u00e9ra de Paris\u00a0\u00bb, car il s&rsquo;agissait du principal op\u00e9ra de la capitale. L&rsquo;Op\u00e9ra Bastille a \u00e9t\u00e9 ouvert en 1989 dans le quartier de la Bastille et a \u00e9t\u00e9 appel\u00e9 \u00e0 partir de ce moment-l\u00e0 \u00ab\u00a0Op\u00e9ra Garnier\u00a0\u00bb ou \u00ab\u00a0Palais Garnier\u00a0\u00bb.<\/p>\n<h2 style=\"\" id=\"t-1610541996568\">Contact<\/h2>\n<ul>\n<li><span style=\"\"><strong>Adresse :&nbsp;<\/strong>Place de l&rsquo;Op\u00e9ra, 75009 Paris<\/span><\/li>\n<li><span style=\"\"><strong>Heures d&rsquo;ouverture :&nbsp;<\/strong><a href=\"https:\/\/www.operadeparis.fr\/en\/visits\/palais-garnier\" target=\"_blank\" style=\"outline: none;\" rel=\"noopener nofollow\">Site officiel de l&rsquo;Op\u00e9ra de Paris<\/a><\/span><\/li>\n<li><span style=\"\"><strong>Transports en commun :<\/strong> La station de <strong>m\u00e9tro<\/strong> \u00ab\u00a0<strong>Op\u00e9ra<\/strong>\u00a0\u00bb est la plus proche de l&rsquo;Op\u00e9ra Garnier sur les lignes de m\u00e9tro 3, 7 et 8. <strong>RER-A :<\/strong> station \u00ab\u00a0<strong>Auber<\/strong>\u00ab\u00a0<\/span><\/li>\n<li style=\"\"><span style=\"\"><strong>Site web :&nbsp;<\/strong><a href=\"https:\/\/www.operadeparis.fr\/en\/visits\/palais-garnier\" target=\"_blank\" style=\"outline: none;\" rel=\"noopener nofollow\">Site officiel de l&rsquo;Op\u00e9ra de Paris<\/a><\/span><\/li>\n<\/ul>\n<p>__CONFIG_colors_palette__{\u00ab\u00a0active_palette\u00a0\u00bb:0,\u00a0\u00bbconfig\u00a0\u00bb:{\u00ab\u00a0colors\u00a0\u00bb:{\u00ab\u00a050ce5\u00a0\u00bb:{\u00ab\u00a0name\u00a0\u00bb:\u00a0\u00bbMain Accent\u00a0\u00bb,\u00a0\u00bbparent\u00a0\u00bb:-1}},\u00a0\u00bbgradients\u00a0\u00bb:[]},\u00a0\u00bbpalettes\u00a0\u00bb:[{\u00ab\u00a0name\u00a0\u00bb:\u00a0\u00bbDefault Palette\u00a0\u00bb,\u00a0\u00bbvalue\u00a0\u00bb:{\u00ab\u00a0colors\u00a0\u00bb:{\u00ab\u00a050ce5\u00a0\u00bb:{\u00ab\u00a0val\u00a0\u00bb:\u00a0\u00bbvar(&#8211;tcb-skin-color-0)\u00a0\u00bb,\u00a0\u00bbhsl\u00a0\u00bb:{\u00ab\u00a0h\u00a0\u00bb:350,\u00a0\u00bbs\u00a0\u00bb:0.94,\u00a0\u00bbl\u00a0\u00bb:0.47,\u00a0\u00bba\u00a0\u00bb:1}}},\u00a0\u00bbgradients\u00a0\u00bb:[]},\u00a0\u00bboriginal\u00a0\u00bb:{\u00ab\u00a0colors\u00a0\u00bb:{\u00ab\u00a050ce5\u00a0\u00bb:{\u00ab\u00a0val\u00a0\u00bb:\u00a0\u00bbrgb(19, 114, 211)\u00a0\u00bb,\u00a0\u00bbhsl\u00a0\u00bb:{\u00ab\u00a0h\u00a0\u00bb:210,\u00a0\u00bbs\u00a0\u00bb:0.83,\u00a0\u00bbl\u00a0\u00bb:0.45,\u00a0\u00bba\u00a0\u00bb:1}}},\u00a0\u00bbgradients\u00a0\u00bb:[]}}]}__CONFIG_colors_palette__ <a href=\"https:\/\/paristouristinformation.fr\/fr\/choses-a-faire\/\" style=\"\"> <span><span style=\"\">Plus de choses \u00e0 faire \u00e0 Paris<\/span><\/span> <\/a> <\/p>\n<h2 style=\"\" id=\"t-1639736333224\">Tours et billets de Paris<\/h2>\n<p style=\"text-align: left;\">D\u00e9couvrez Paris aujourd&rsquo;hui avec les visites et les billets les plus pr\u00e9f\u00e9r\u00e9s, sans faire la queue.<\/p>\n<h2 style=\"\" id=\"t-1693899461550\">Articles connexes :<\/h2>\n<p><a href=\"https:\/\/www.paristouristinformation.fr\/fr\/restaurants\/rooftop\/\" dynamic-postlink=\"tcb_post_the_permalink\" data-shortcode-id=\"8389\"><\/a><\/p>\n<h3 style=\"text-align: center; padding-top: 0px !important; margin-top: 0px !important;\"><span data-attr-link=\"1\" data-attr-rel=\"0\" data-attr-target=\"0\" data-extra_key=\"\" data-option-inline=\"1\" data-shortcode=\"tcb_post_title\" data-shortcode-name=\"Post title\" data-attr-css=\"\" data-attr-static-link=\"{&quot;className&quot;:&quot;&quot;,&quot;href&quot;:&quot;https:\/\/www.paristouristinformation.fr\/fr\/restaurants\/rooftop\/&quot;,&quot;title&quot;:&quot;10 Bars et Restaurants Rooftop avec Vue \u00e0 Paris&quot;,&quot;class&quot;:&quot;&quot;}\" style=\"\"><a href=\"https:\/\/www.paristouristinformation.fr\/fr\/restaurants\/rooftop\/\" title=\"10 Bars et Restaurants Rooftop avec Vue \u00e0 Paris\" data-css=\"\">10 Bars et Restaurants Rooftop avec Vue \u00e0 Paris<\/a><\/span><\/h3>\n<p><a href=\"https:\/\/www.paristouristinformation.fr\/fr\/choses-a-faire\/theatres\/\" dynamic-postlink=\"tcb_post_the_permalink\" data-shortcode-id=\"8389\"><\/a><\/p>\n<h3 style=\"text-align: center; padding-top: 0px !important; margin-top: 0px !important;\"><span data-attr-link=\"1\" data-attr-rel=\"0\" data-attr-target=\"0\" data-extra_key=\"\" data-option-inline=\"1\" data-shortcode=\"tcb_post_title\" data-shortcode-name=\"Post title\" data-attr-css=\"\" data-attr-static-link=\"{&quot;className&quot;:&quot;&quot;,&quot;href&quot;:&quot;https:\/\/www.paristouristinformation.fr\/fr\/restaurants\/rooftop\/&quot;,&quot;title&quot;:&quot;10 Bars et Restaurants Rooftop avec Vue \u00e0 Paris&quot;,&quot;class&quot;:&quot;&quot;}\" style=\"\"><a href=\"https:\/\/www.paristouristinformation.fr\/fr\/choses-a-faire\/theatres\/\" title=\"12 Th\u00e9\u00e2tres et cabarets pour des spectacles \u00e0 Paris [avec billets]\" data-css=\"\">12 Th\u00e9\u00e2tres et cabarets pour des spectacles \u00e0 Paris [avec billets]<\/a><\/span><\/h3>\n<p><a href=\"https:\/\/www.paristouristinformation.fr\/fr\/restaurants\/cafe\/\" dynamic-postlink=\"tcb_post_the_permalink\" data-shortcode-id=\"8389\"><\/a><\/p>\n<h3 style=\"text-align: center; padding-top: 0px !important; margin-top: 0px !important;\"><span data-attr-link=\"1\" data-attr-rel=\"0\" data-attr-target=\"0\" data-extra_key=\"\" data-option-inline=\"1\" data-shortcode=\"tcb_post_title\" data-shortcode-name=\"Post title\" data-attr-css=\"\" data-attr-static-link=\"{&quot;className&quot;:&quot;&quot;,&quot;href&quot;:&quot;https:\/\/www.paristouristinformation.fr\/fr\/restaurants\/rooftop\/&quot;,&quot;title&quot;:&quot;10 Bars et Restaurants Rooftop avec Vue \u00e0 Paris&quot;,&quot;class&quot;:&quot;&quot;}\" style=\"\"><a href=\"https:\/\/www.paristouristinformation.fr\/fr\/restaurants\/cafe\/\" title=\"20 Meilleurs caf\u00e9s parisiens \u00e0 Paris\" data-css=\"\">20 Meilleurs caf\u00e9s parisiens \u00e0 Paris<\/a><\/span><\/h3>\n<p><a href=\"https:\/\/www.paristouristinformation.fr\/fr\/choses-a-faire\/hop-on-hop-off\/\" dynamic-postlink=\"tcb_post_the_permalink\" data-shortcode-id=\"8389\"><\/a><\/p>\n<h3 style=\"text-align: center; padding-top: 0px !important; margin-top: 0px !important;\"><span data-attr-link=\"1\" data-attr-rel=\"0\" data-attr-target=\"0\" data-extra_key=\"\" data-option-inline=\"1\" data-shortcode=\"tcb_post_title\" data-shortcode-name=\"Post title\" data-attr-css=\"\" data-attr-static-link=\"{&quot;className&quot;:&quot;&quot;,&quot;href&quot;:&quot;https:\/\/www.paristouristinformation.fr\/fr\/restaurants\/rooftop\/&quot;,&quot;title&quot;:&quot;10 Bars et Restaurants Rooftop avec Vue \u00e0 Paris&quot;,&quot;class&quot;:&quot;&quot;}\" style=\"\"><a href=\"https:\/\/www.paristouristinformation.fr\/fr\/choses-a-faire\/hop-on-hop-off\/\" title=\"Tours Hop on Hop off en bateau et en bus \u00e0 Paris\" data-css=\"\">Tours Hop on Hop off en bateau et en bus \u00e0 Paris<\/a><\/span><\/h3>\n","protected":false},"excerpt":{"rendered":"<p>Bienvenue dans le plus magnifique b\u00e2timent de Paris : l&rsquo;Op\u00e9ra Garnier.Le c\u00e9l\u00e8bre Op\u00e9ra de Paris est l&rsquo;un des plus importants exemples d&rsquo;architecture baroque au monde, construit par Charles Garnier et inaugur\u00e9 en 1875. Il est consid\u00e9r\u00e9 comme un chef-d&rsquo;\u0153uvre de l&rsquo;architecture de la seconde moiti\u00e9 du XIXe si\u00e8cle. Le b\u00e2timent de l&rsquo;op\u00e9ra est class\u00e9 monument [&hellip;]<\/p>\n","protected":false},"author":11,"featured_media":7515,"parent":5613,"menu_order":0,"comment_status":"closed","ping_status":"closed","template":"","meta":{"footnotes":""},"tags":[],"class_list":["post-5920","page","type-page","status-publish","has-post-thumbnail","hentry","post-wrapper","thrv_wrapper"],"_links":{"self":[{"href":"https:\/\/www.paristouristinformation.fr\/fr\/wp-json\/wp\/v2\/pages\/5920","targetHints":{"allow":["GET"]}}],"collection":[{"href":"https:\/\/www.paristouristinformation.fr\/fr\/wp-json\/wp\/v2\/pages"}],"about":[{"href":"https:\/\/www.paristouristinformation.fr\/fr\/wp-json\/wp\/v2\/types\/page"}],"author":[{"embeddable":true,"href":"https:\/\/www.paristouristinformation.fr\/fr\/wp-json\/wp\/v2\/users\/11"}],"replies":[{"embeddable":true,"href":"https:\/\/www.paristouristinformation.fr\/fr\/wp-json\/wp\/v2\/comments?post=5920"}],"version-history":[{"count":0,"href":"https:\/\/www.paristouristinformation.fr\/fr\/wp-json\/wp\/v2\/pages\/5920\/revisions"}],"up":[{"embeddable":true,"href":"https:\/\/www.paristouristinformation.fr\/fr\/wp-json\/wp\/v2\/pages\/5613"}],"wp:featuredmedia":[{"embeddable":true,"href":"https:\/\/www.paristouristinformation.fr\/fr\/wp-json\/wp\/v2\/media\/7515"}],"wp:attachment":[{"href":"https:\/\/www.paristouristinformation.fr\/fr\/wp-json\/wp\/v2\/media?parent=5920"}],"wp:term":[{"taxonomy":"post_tag","embeddable":true,"href":"https:\/\/www.paristouristinformation.fr\/fr\/wp-json\/wp\/v2\/tags?post=5920"}],"curies":[{"name":"wp","href":"https:\/\/api.w.org\/{rel}","templated":true}]}}