{"id":6034,"date":"2021-01-15T12:48:32","date_gmt":"2021-01-15T12:48:32","guid":{"rendered":"http:\/\/paristouristinformation.fr\/fr\/?page_id=6034"},"modified":"2023-05-16T06:25:43","modified_gmt":"2023-05-16T06:25:43","slug":"aquarium-de-paris","status":"publish","type":"page","link":"https:\/\/www.paristouristinformation.fr\/fr\/choses-a-faire\/attractions\/aquarium-de-paris\/","title":{"rendered":"Visite de l&#8217;Aquarium de Paris : Billets &#038; Conseils"},"content":{"rendered":"<p>Vous aimez le monde aquatique ? Situ\u00e9 en plein c\u0153ur de Paris, dans les jardins du Trocad\u00e9ro juste en face de la <a href=\"https:\/\/paristouristinformation.fr\/fr\/choses-a-faire\/tour-eiffel\/\">Tour Eiffel<\/a>, d\u00e9couvrez le c\u00e9l\u00e8bre Aquarium de Paris. Il vous fera d\u00e9couvrir des <strong>milliers de cr\u00e9atures marines <\/strong>dont vous n&rsquo;avez peut-\u00eatre jamais entendu parler. Passez ici une journ\u00e9e m\u00e9morable en explorant les merveilles de l&rsquo;oc\u00e9an.Nous vous recommandons cette activit\u00e9 tr\u00e8s agr\u00e9able avec des enfants ou lors de<a href=\"https:\/\/paristouristinformation.fr\/fr\/choses-a-faire\/sous-la-pluie\/\"> journ\u00e9es pluvieuses \u00e0 Paris <\/a>!<\/p>\n<ul>\n<li><span style=\"\">Vous voyagez \u00e0 Paris avec des enfants ? Nous vous avons pr\u00e9par\u00e9 une liste des <a href=\"https:\/\/paristouristinformation.fr\/fr\/choses-a-faire\/avec-des-enfants\/\" style=\"outline: none;\">27 meilleures choses \u00e0 faire avec des enfants \u00e0 Paris<\/a>. Choisissez vos pr\u00e9f\u00e9r\u00e9es et passez un bon moment !<\/span><\/li>\n<\/ul>\n<h2 id=\"t-1610539832044\" data-alt-text=\"What can I do at the Aquarium ?\" style=\"\">Que puis-je faire \u00e0 l&rsquo;Aquarium de Paris ?<\/h2>\n<p><span><img decoding=\"async\" alt=\"\" data-id=\"6331\" width=\"680\" data-init-width=\"1000\" height=\"454\" data-init-height=\"667\" title=\"Aquarium de Paris in Paris in France\" src=\"http:\/\/paristouristinformation.fr\/fr\/wp-content\/uploads\/2021\/01\/Aquarium-de-Paris-in-Paris-in-France.jpg\" data-width=\"680\" data-height=\"454\" data-pin-media=\"http:\/\/paristouristinformation.fr\/fr\/wp-content\/uploads\/2021\/03\/prag_50_sehenswuerdigkeiten_pinterest-39.jpg\" data-pin-description=\"Do you like the aquatic world and beautiful creatures ? Visit the best Aquarium of Paris and get information about Tickets, Fishes, Visiting Hours\" data-pin-url=\"http:\/\/paristouristinformation.fr\/fr\/things-to-do\/attractions\/aquarium-de-paris\/?tve=true&amp;tcbf=08e03bdb8f\" data-pinpro-key=\"3548y8vw1\" loading=\"lazy\"><\/span><\/p>\n<p>Vous pouvez voir <strong>7500 animaux marins et 700 colonies de coraux <\/strong>\u00e0 l&rsquo;Aquarium de Paris. Plongez dans le monde des requins, des oursins, des m\u00e9duses et de diverses esp\u00e8ces de poissons. C&rsquo;est une occasion fantastique de d\u00e9couvrir de nombreuses choses sur ce qui se passe sous l&rsquo;eau, tant pour les enfants que pour les adultes.Des <strong>activit\u00e9s interactives et des spectacles fascinants<\/strong> sont organis\u00e9s tout au long de la journ\u00e9e, ainsi que des vid\u00e9os \u00e9ducatives. Vous pouvez vous asseoir sur les si\u00e8ges confortables du cin\u00e9ma et regarder les documentaires correspondants lorsque vous ressentez le besoin de faire une pause.<\/p>\n<h3>Piscine pour carpes ko\u00ef<\/h3>\n<p>Ici, vous pouvez caresser les carpes Koi qui sont connues pour nager en amont. <strong>Le poisson koi symbolise la bonne fortune et la prosp\u00e9rit\u00e9 dans la culture japonaise<\/strong>. C&rsquo;est un endroit sans verre entre vous et ces poissons color\u00e9s. Vous \u00eates autoris\u00e9 \u00e0 tremper vos mains dans l&rsquo;eau et \u00e0 les nourrir.<\/p>\n<h3>Le M\u00e9dusarium<\/h3>\n<p>Pr\u00e9parez-vous \u00e0 voir plus de <strong>2500 m\u00e9duses danser<\/strong> dans des bassins de haute technologie, dont la plus grande m\u00e9duse expos\u00e9e en Europe. Cette partie a \u00e9t\u00e9 mise en ligne en janvier 2019.<\/p>\n<h3>Tunnel des requins<\/h3>\n<p>L&rsquo;Aquarium de Paris poss\u00e8de le plus grand tunnel \u00e0 requins d&rsquo;Europe et pr\u00e9sente <strong>38 grands requins de 5 esp\u00e8ces diff\u00e9rentes <\/strong>derri\u00e8re les bassins lumineux. Ces pr\u00e9dateurs sont consid\u00e9r\u00e9s comme le sommet de la cha\u00eene alimentaire de l&rsquo;oc\u00e9an. Ils sont nourris trois fois par semaine et mangent environ 2 kg de nourriture \u00e0 chaque repas.<\/p>\n<h2 id=\"t-1610539832045\" data-alt-text=\"Entrance and Tickets \">Entr\u00e9e et billets pour l&rsquo;Aquarium de Paris<\/h2>\n<ul>\n<li><span style=\"\"><strong>Entr\u00e9e :<\/strong> Ouvert tous les jours de 10h00 \u00e0 19h00, les derniers billets sont vendus \u00e0 18h00.<\/span><\/li>\n<li style=\"\"><span style=\"\"><strong>Billets : <\/strong>Achetez votre <a href=\"https:\/\/www.tiqets.com\/en\/paris-attractions-c66746\/tickets-for-aquarium-de-paris-p974502\/?partner=checkfortrip\" rel=\"nofollow noopener\" target=\"_blank\">billet pour l&rsquo;Aquarium de Paris <\/a>et gagnez du temps !<\/span><\/li>\n<\/ul>\n<ul>\n<li><span style=\"\">Pour gagner du temps, de l&rsquo;argent et \u00e9viter les tracas, vous pouvez pr\u00e9parer votre voyage en achetant le <a href=\"https:\/\/paristouristinformation.fr\/fr\/visites-guidees-et-billets\/\">Paris Museum Pass<\/a>. Il donne acc\u00e8s \u00e0 <strong>plus de 50 mus\u00e9es \u00e0 Paris<\/strong>, dont l&rsquo;Aquarium de Paris. A ne pas manquer !<\/span><\/li>\n<\/ul>\n<h2 id=\"t-1610539832046\" data-alt-text=\"How to get there ?\">Comment se rendre \u00e0 l&rsquo;Aquarium de Paris<\/h2>\n<p>La station de m\u00e9tro la plus proche est \u00ab\u00a0<strong>Trocad\u00e9ro<\/strong>\u00a0\u00bb sur les lignes 6 et 9. On peut s&rsquo;y rendre en bus avec les num\u00e9ros : 22,30,32,63 \u00e0 partir de l&rsquo;arr\u00eat \u00ab\u00a0Trocad\u00e9ro\u00a0\u00bb.<\/p>\n<h2 id=\"t-1640009717410\" style=\"\">FAQ (Foire aux questions)<\/h2>\n<p><span><img decoding=\"async\" alt=\"\" data-id=\"6332\" width=\"680\" data-init-width=\"1000\" height=\"454\" data-init-height=\"667\" title=\"Aquarium de Paris anemones in Paris in France\" src=\"http:\/\/paristouristinformation.fr\/fr\/wp-content\/uploads\/2021\/01\/Aquarium-de-Paris-anemones-in-Paris-in-France.jpg\" data-width=\"680\" data-height=\"454\" data-pin-media=\"http:\/\/paristouristinformation.fr\/fr\/wp-content\/uploads\/2021\/03\/prag_50_sehenswuerdigkeiten_pinterest-39.jpg\" data-pin-description=\"Do you like the aquatic world and beautiful creatures ? Visit the best Aquarium of Paris and get information about Tickets, Fishes, Visiting Hours\" data-pin-url=\"http:\/\/paristouristinformation.fr\/fr\/things-to-do\/attractions\/aquarium-de-paris\/?tve=true&amp;tcbf=08e03bdb8f\" data-pinpro-key=\"xolung507\" loading=\"lazy\"><\/span><\/p>\n<h2 id=\"t-1610539832048\" style=\"\">Histoire de l&rsquo;Aquarium de Paris<\/h2>\n<p>Le premier aquarium a \u00e9t\u00e9 con\u00e7u en 1867 et construit en 1879 sur le terrain de carri\u00e8res non fonctionnelles pour l&rsquo;exposition universelle. Sous son premier nom d'\u00a0\u00bb<strong>Aquarium du Trocad\u00e9ro<\/strong>\u00ab\u00a0, il \u00e9tait le plus grand aquarium d&rsquo;Europe. Il a \u00e9t\u00e9 ferm\u00e9 en 1985 en raison de son \u00e9tat.L&rsquo;aquarium a \u00e9t\u00e9 rouvert en mai 2006 sur une surface de 3 500 m2, apr\u00e8s une reconstuction massive. Le nom a \u00e9t\u00e9 chang\u00e9 en \u00ab\u00a0L&rsquo;Aquarium de Paris ou Cineaqua\u00a0\u00bb. Les \u00e9l\u00e9ments de d\u00e9coration int\u00e9rieure s&rsquo;inspirent du roman de Jules Verne \u00ab\u00a0Vingt mille milles sous les mers\u00a0\u00bb. Aujourd&rsquo;hui, l&rsquo;Aquarium de Paris est le <strong>deuxi\u00e8me plus grand bassin artificiel de France <\/strong>apr\u00e8s l&rsquo;Aquarium Nausicaa.<\/p>\n<h2 id=\"t-1610539832049\" style=\"\" data-alt-text=\"Contact\">Contact<\/h2>\n<ul>\n<li><span style=\"\"><strong>Adresse:&nbsp;<\/strong>5 Avenue Albert de Mun, 75016 Paris<strong>&nbsp;<\/strong>&nbsp;<\/span><\/li>\n<li><span style=\"\"><strong>Heures d&rsquo;ouverture : <\/strong>Tous les jours de 10h00 \u00e0 19h00 (derni\u00e8re entr\u00e9e \u00e0 18h00)<\/span><\/li>\n<li><span style=\"\"><strong>Transports en commun :<\/strong> Prochaine station de m\u00e9tro \u00ab\u00a0Trocad\u00e9ro\u00a0\u00bb ou \u00ab\u00a0I\u00e9na\u00a0\u00bb.<\/span><\/li>\n<li style=\"\"><span style=\"\"><strong>Site web: <a href=\"https:\/\/www.aquariumdeparis.com\/decouvrir-laquarium\/\" target=\"_blank\" style=\"outline: none;\" rel=\"noopener nofollow\"><strong>www.aquariumdeparis.com<\/strong><\/a><\/strong><\/span><\/li>\n<\/ul>\n<h2 style=\"\">Tours et billets de Paris<\/h2>\n<p style=\"text-align: left;\">D\u00e9couvrez Paris aujourd&rsquo;hui avec les visites et les billets les plus pr\u00e9f\u00e9r\u00e9s, sans faire la queue.<\/p>\n<h2 style=\"\">Articles connexes :<\/h2>\n<div class=\"tcb-post-list tve-content-list thrv_wrapper\" data-type=\"grid\" data-pagination-type=\"none\" data-pages_near_current=\"2\" data-css=\"tve-u-17dd83897db\" data-total_post_count=\"8\" data-total_sticky_count=\"0\" data-no_posts_text=\"There are no posts to display.\"><article id=\"post-5613\" class=\"post-5613 page type-page status-publish has-post-thumbnail hentry post-wrapper thrv_wrapper thrive-animated-item  tve_evt_manager_listen tve_ea_thrive_animation tve_et_mouseover tve_anim_grow\" tcb_hover_state_parent=\"\" class=\"tve_evt_manager_listen tve_ea_thrive_animation tve_et_mouseover tve_anim_grow\" data-id=\"5613\" data-selector=\".post-wrapper\"><style class=\"tcb-post-list-dynamic-style\" type=\"text\/css\">@media (min-width: 300px){[].tcb-post-list #post-5613 []{background-image: url(\u00ab\u00a0https:\/\/www.paristouristinformation.fr\/fr\/wp-content\/uploads\/2021\/01\/12-Theatre-Cabaret-in-Paris-1024x538.jpg\u00ab\u00a0) !important;}[].tcb-post-list #post-5613 []:hover []{background-image: url(\u00ab\u00a0https:\/\/www.paristouristinformation.fr\/fr\/wp-content\/uploads\/2021\/01\/12-Theatre-Cabaret-in-Paris-1024x538.jpg\u00ab\u00a0) !important;}}<\/style><a href=\"https:\/\/www.paristouristinformation.fr\/fr\/choses-a-faire\/theatres\/\" dynamic-postlink=\"tcb_post_the_permalink\" data-shortcode-id=\"5613\"><\/a><\/p>\n<h3 style=\"text-align: center; padding-top: 0px !important; margin-top: 0px !important;\"><span data-attr-link=\"1\" data-attr-rel=\"0\" data-attr-target=\"0\" data-extra_key=\"\" data-option-inline=\"1\" data-shortcode=\"tcb_post_title\" data-shortcode-name=\"Post title\" data-attr-css=\"\" data-attr-static-link=\"{&quot;className&quot;:&quot;tve-froala fr-basic&quot;,&quot;href&quot;:&quot;https:\/\/paristouristinformation.fr\/fr\/choses-a-faire\/theatres\/&quot;,&quot;title&quot;:&quot;12 Th\u00e9\u00e2tres et cabarets pour des spectacles \u00e0 Paris ((avec billets))&quot;,&quot;class&quot;:&quot;tve-froala fr-basic&quot;}\" style=\"\"><a href=\"https:\/\/www.paristouristinformation.fr\/fr\/choses-a-faire\/theatres\/\" title=\"12 Th\u00e9\u00e2tres et cabarets pour des spectacles \u00e0 Paris [avec billets]\" data-css=\"\" class=\"tve-froala fr-basic\">12 Th\u00e9\u00e2tres et cabarets pour des spectacles \u00e0 Paris [avec billets]<\/a><\/span><\/h3>\n<p><\/article><article id=\"post-5137\" class=\"post-5137 page type-page status-publish has-post-thumbnail hentry post-wrapper thrv_wrapper thrive-animated-item  tve_evt_manager_listen tve_ea_thrive_animation tve_et_mouseover tve_anim_grow\" tcb_hover_state_parent=\"\" class=\"tve_evt_manager_listen tve_ea_thrive_animation tve_et_mouseover tve_anim_grow\" data-id=\"5137\" data-selector=\".post-wrapper\"><style class=\"tcb-post-list-dynamic-style\" type=\"text\/css\">@media (min-width: 300px){[].tcb-post-list #post-5137 []{background-image: url(\u00ab\u00a0https:\/\/www.paristouristinformation.fr\/fr\/wp-content\/uploads\/2021\/01\/12-most-visited-Churches-in-Paris-in-France-1024x538.jpg\u00ab\u00a0) !important;}[].tcb-post-list #post-5137 []:hover []{background-image: url(\u00ab\u00a0https:\/\/www.paristouristinformation.fr\/fr\/wp-content\/uploads\/2021\/01\/12-most-visited-Churches-in-Paris-in-France-1024x538.jpg\u00ab\u00a0) !important;}}<\/style><a href=\"https:\/\/www.paristouristinformation.fr\/fr\/choses-a-faire\/eglise\/\" dynamic-postlink=\"tcb_post_the_permalink\" data-shortcode-id=\"5613\"><\/a><\/p>\n<h3 style=\"text-align: center; padding-top: 0px !important; margin-top: 0px !important;\"><span data-attr-link=\"1\" data-attr-rel=\"0\" data-attr-target=\"0\" data-extra_key=\"\" data-option-inline=\"1\" data-shortcode=\"tcb_post_title\" data-shortcode-name=\"Post title\" data-attr-css=\"\" data-attr-static-link=\"{&quot;className&quot;:&quot;tve-froala fr-basic&quot;,&quot;href&quot;:&quot;https:\/\/paristouristinformation.fr\/fr\/choses-a-faire\/theatres\/&quot;,&quot;title&quot;:&quot;12 Th\u00e9\u00e2tres et cabarets pour des spectacles \u00e0 Paris ((avec billets))&quot;,&quot;class&quot;:&quot;tve-froala fr-basic&quot;}\" style=\"\"><a href=\"https:\/\/www.paristouristinformation.fr\/fr\/choses-a-faire\/eglise\/\" title=\"12 \u00c9glises les plus visit\u00e9es de Paris [avec billets].\" data-css=\"\" class=\"tve-froala fr-basic\">12 \u00c9glises les plus visit\u00e9es de Paris [avec billets].<\/a><\/span><\/h3>\n<p><\/article><article id=\"post-426\" class=\"post-426 page type-page status-publish has-post-thumbnail hentry post-wrapper thrv_wrapper thrive-animated-item  tve_evt_manager_listen tve_ea_thrive_animation tve_et_mouseover tve_anim_grow\" tcb_hover_state_parent=\"\" class=\"tve_evt_manager_listen tve_ea_thrive_animation tve_et_mouseover tve_anim_grow\" data-id=\"426\" data-selector=\".post-wrapper\"><style class=\"tcb-post-list-dynamic-style\" type=\"text\/css\">@media (min-width: 300px){[].tcb-post-list #post-426 []{background-image: url(\u00ab\u00a0https:\/\/www.paristouristinformation.fr\/fr\/wp-content\/uploads\/2021\/01\/10-Best-Shopping-Centers-in-Paris-EN-1024x538.jpg\u00ab\u00a0) !important;}[].tcb-post-list #post-426 []:hover []{background-image: url(\u00ab\u00a0https:\/\/www.paristouristinformation.fr\/fr\/wp-content\/uploads\/2021\/01\/10-Best-Shopping-Centers-in-Paris-EN-1024x538.jpg\u00ab\u00a0) !important;}}<\/style><a href=\"https:\/\/www.paristouristinformation.fr\/fr\/shopping\/centre-commerciaux\/\" dynamic-postlink=\"tcb_post_the_permalink\" data-shortcode-id=\"5613\"><\/a><\/p>\n<h3 style=\"text-align: center; padding-top: 0px !important; margin-top: 0px !important;\"><span data-attr-link=\"1\" data-attr-rel=\"0\" data-attr-target=\"0\" data-extra_key=\"\" data-option-inline=\"1\" data-shortcode=\"tcb_post_title\" data-shortcode-name=\"Post title\" data-attr-css=\"\" data-attr-static-link=\"{&quot;className&quot;:&quot;tve-froala fr-basic&quot;,&quot;href&quot;:&quot;https:\/\/paristouristinformation.fr\/fr\/choses-a-faire\/theatres\/&quot;,&quot;title&quot;:&quot;12 Th\u00e9\u00e2tres et cabarets pour des spectacles \u00e0 Paris ((avec billets))&quot;,&quot;class&quot;:&quot;tve-froala fr-basic&quot;}\" style=\"\"><a href=\"https:\/\/www.paristouristinformation.fr\/fr\/shopping\/centre-commerciaux\/\" title=\"10 Meilleurs centres commerciaux \u00e0 Paris\" data-css=\"\" class=\"tve-froala fr-basic\">10 Meilleurs centres commerciaux \u00e0 Paris<\/a><\/span><\/h3>\n<p><\/article><article id=\"post-78\" class=\"post-78 page type-page status-publish has-post-thumbnail hentry post-wrapper thrv_wrapper thrive-animated-item  tve_evt_manager_listen tve_ea_thrive_animation tve_et_mouseover tve_anim_grow\" tcb_hover_state_parent=\"\" class=\"tve_evt_manager_listen tve_ea_thrive_animation tve_et_mouseover tve_anim_grow\" data-id=\"78\" data-selector=\".post-wrapper\"><style class=\"tcb-post-list-dynamic-style\" type=\"text\/css\">@media (min-width: 300px){[].tcb-post-list #post-78 []{background-image: url(\u00ab\u00a0https:\/\/www.paristouristinformation.fr\/fr\/wp-content\/uploads\/2021\/01\/27-Things-to-do-with-Kids-in-Paris-in-France-1024x538.jpg\u00ab\u00a0) !important;}[].tcb-post-list #post-78 []:hover []{background-image: url(\u00ab\u00a0https:\/\/www.paristouristinformation.fr\/fr\/wp-content\/uploads\/2021\/01\/27-Things-to-do-with-Kids-in-Paris-in-France-1024x538.jpg\u00ab\u00a0) !important;}}<\/style><a href=\"https:\/\/www.paristouristinformation.fr\/fr\/choses-a-faire\/avec-des-enfants\/\" dynamic-postlink=\"tcb_post_the_permalink\" data-shortcode-id=\"5613\"><\/a><\/p>\n<h3 style=\"text-align: center; padding-top: 0px !important; margin-top: 0px !important;\"><span data-attr-link=\"1\" data-attr-rel=\"0\" data-attr-target=\"0\" data-extra_key=\"\" data-option-inline=\"1\" data-shortcode=\"tcb_post_title\" data-shortcode-name=\"Post title\" data-attr-css=\"\" data-attr-static-link=\"{&quot;className&quot;:&quot;tve-froala fr-basic&quot;,&quot;href&quot;:&quot;https:\/\/paristouristinformation.fr\/fr\/choses-a-faire\/theatres\/&quot;,&quot;title&quot;:&quot;12 Th\u00e9\u00e2tres et cabarets pour des spectacles \u00e0 Paris ((avec billets))&quot;,&quot;class&quot;:&quot;tve-froala fr-basic&quot;}\" style=\"\"><a href=\"https:\/\/www.paristouristinformation.fr\/fr\/choses-a-faire\/avec-des-enfants\/\" title=\"27 Choses \u00e0 faire avec des enfants \u00e0 Paris\" data-css=\"\" class=\"tve-froala fr-basic\">27 Choses \u00e0 faire avec des enfants \u00e0 Paris<\/a><\/span><\/h3>\n<p><\/article><\/div>\n","protected":false},"excerpt":{"rendered":"<p>Vous aimez le monde aquatique ? Situ\u00e9 en plein c\u0153ur de Paris, dans les jardins du Trocad\u00e9ro juste en face de la Tour Eiffel, d\u00e9couvrez le c\u00e9l\u00e8bre Aquarium de Paris. Il vous fera d\u00e9couvrir des milliers de cr\u00e9atures marines dont vous n&rsquo;avez peut-\u00eatre jamais entendu parler. Passez ici une journ\u00e9e m\u00e9morable en explorant les merveilles [&hellip;]<\/p>\n","protected":false},"author":11,"featured_media":6700,"parent":2930,"menu_order":0,"comment_status":"closed","ping_status":"closed","template":"","meta":{"footnotes":""},"tags":[],"class_list":{"0":"post-6034","1":"page","2":"type-page","3":"status-publish","4":"has-post-thumbnail","5":"hentry","6":"post-wrapper","7":"thrv_wrapper","10":"thrive-animated-item"},"_links":{"self":[{"href":"https:\/\/www.paristouristinformation.fr\/fr\/wp-json\/wp\/v2\/pages\/6034","targetHints":{"allow":["GET"]}}],"collection":[{"href":"https:\/\/www.paristouristinformation.fr\/fr\/wp-json\/wp\/v2\/pages"}],"about":[{"href":"https:\/\/www.paristouristinformation.fr\/fr\/wp-json\/wp\/v2\/types\/page"}],"author":[{"embeddable":true,"href":"https:\/\/www.paristouristinformation.fr\/fr\/wp-json\/wp\/v2\/users\/11"}],"replies":[{"embeddable":true,"href":"https:\/\/www.paristouristinformation.fr\/fr\/wp-json\/wp\/v2\/comments?post=6034"}],"version-history":[{"count":0,"href":"https:\/\/www.paristouristinformation.fr\/fr\/wp-json\/wp\/v2\/pages\/6034\/revisions"}],"up":[{"embeddable":true,"href":"https:\/\/www.paristouristinformation.fr\/fr\/wp-json\/wp\/v2\/pages\/2930"}],"wp:featuredmedia":[{"embeddable":true,"href":"https:\/\/www.paristouristinformation.fr\/fr\/wp-json\/wp\/v2\/media\/6700"}],"wp:attachment":[{"href":"https:\/\/www.paristouristinformation.fr\/fr\/wp-json\/wp\/v2\/media?parent=6034"}],"wp:term":[{"taxonomy":"post_tag","embeddable":true,"href":"https:\/\/www.paristouristinformation.fr\/fr\/wp-json\/wp\/v2\/tags?post=6034"}],"curies":[{"name":"wp","href":"https:\/\/api.w.org\/{rel}","templated":true}]}}