{"id":6038,"date":"2021-01-15T13:49:29","date_gmt":"2021-01-15T13:49:29","guid":{"rendered":"http:\/\/paristouristinformation.fr\/fr\/restaurants\/clone-of-clone-of-7-best-vegetarians-and-vegans-restaurants-in-paris-de\/"},"modified":"2023-05-16T10:51:49","modified_gmt":"2023-05-16T10:51:49","slug":"vegetarien","status":"publish","type":"page","link":"https:\/\/www.paristouristinformation.fr\/fr\/restaurants\/vegetarien\/","title":{"rendered":"7 Meilleurs restaurants v\u00e9g\u00e9tariens et v\u00e9g\u00e9taliens de Paris"},"content":{"rendered":"<p>On trouve des options v\u00e9g\u00e9tariennes dans presque tous les restaurants et bistrots de Paris et la part des plats v\u00e9g\u00e9tariens dans les menus augmente rapidement. La diversit\u00e9 g\u00e9ographique de la France permet aux cuisiniers fran\u00e7ais d&rsquo;utiliser de nombreux haricots, herbes, l\u00e9gumes et olives.On voit appara\u00eetre des cantines \u00e9l\u00e9gantes et modernes, des caf\u00e9s conventionnels dans les <a href=\"https:\/\/paristouristinformation.fr\/fr\/choses-a-faire\/quartiers\/\">quartiers c\u00e9l\u00e8bres de Paris.<\/a> Le concept d&rsquo;une cuisine exclusivement v\u00e9g\u00e9tarienne est devenu plus visible \u00e0 Paris \u00e9galement. Nous vous avons pr\u00e9par\u00e9 une liste des meilleures options pour les v\u00e9g\u00e9tariens et les v\u00e9g\u00e9taliens \u00e0 Paris, que vous soyez v\u00e9g\u00e9tarien, v\u00e9g\u00e9talien ou non.<\/p>\n<h2 id=\"t-1612224789204\" style=\"\">1. Le Potager du Marais<\/h2>\n<blockquote data-instgrm-permalink=\"https:\/\/www.instagram.com\/p\/CEK6RPspNsh\/?utm_source=ig_embed&amp;utm_campaign=loading\" data-instgrm-version=\"13\" style=\" background:#FFF; border:0; border-radius:3px; box-shadow:0 0 1px 0 rgba(0,0,0,0.5),0 1px 10px 0 rgba(0,0,0,0.15); margin: 1px; max-width:750px; min-width:326px; padding:0; width:99.375%; width:-webkit-calc(100% - 2px); width:calc(100% - 2px);\"><p> <a href=\"https:\/\/www.instagram.com\/p\/CEK6RPspNsh\/?utm_source=ig_embed&amp;utm_campaign=loading\" style=\" background:#FFFFFF; line-height:0; padding:0 0; text-align:center; text-decoration:none; width:100%;\" target=\"_blank\" rel=\"noopener nofollow\">        Bu g\u00f6nderiyi Instagram&rsquo;da g\u00f6r            <\/a><\/p>\n<p style=\" color:#c9c8cd; font-family:Arial,sans-serif; font-size:14px; line-height:17px; margin-bottom:0; margin-top:8px; overflow:hidden; padding:8px 0 7px; text-align:center; text-overflow:ellipsis; white-space:nowrap;\"><a href=\"https:\/\/www.instagram.com\/p\/CEK6RPspNsh\/?utm_source=ig_embed&amp;utm_campaign=loading\" style=\" color:#c9c8cd; font-family:Arial,sans-serif; font-size:14px; font-style:normal; font-weight:normal; line-height:17px; text-decoration:none;\" target=\"_blank\" rel=\"noopener nofollow\">Le Potager du Marais (@lepotagerdumarais)&rsquo;in payla\u015ft\u0131\u011f\u0131 bir g\u00f6nderi<\/a><\/p>\n<\/blockquote>\n<p>[tcb-script async=\u00a0\u00bb\u00a0\u00bb src=\u00a0\u00bb\/\/www.instagram.com\/embed.js\u00a0\u00bb][\/tcb-script]<\/p>\n<p>Le \u00ab\u00a0potager du Marais\u00a0\u00bb, comme son nom l&rsquo;indique, est l&rsquo;un des <strong>plus anciens restaurants v\u00e9g\u00e9tariens de Paris. <\/strong>La d\u00e9coration est \u00e0 l&rsquo;image de son nom : des poutres douillettes au plafond, un mur de pierre accroch\u00e9 de plantes luxuriantes, de grosses citrouilles et de petites fontaines \u00e0 ch\u00e9rubins, et devant tout cela, des tables avec des chandeliers&#8230; En tout, ce petit restaurant charmant peut accueillir 26 personnes.La carte du Potager du Marais est assez limit\u00e9e, mais la plupart des entr\u00e9es propos\u00e9es, ainsi que sept des onze plats principaux, sont v\u00e9g\u00e9tariens, principalement domin\u00e9s par les l\u00e9gumes secs, le tofu, les l\u00e9gumes frais et croquants et les haricots. La cuisine privil\u00e9gie l&rsquo;utilisation de produits biologiques et propose \u00e9galement des plats sans gluten.<strong>Adresse :<\/strong> Le Potager du Marais, 22, Rue Rambuteau, 75003 Paris<\/p>\n<h2 id=\"t-1612224789205\" style=\"\">2. Arpege Restaurant<\/h2>\n<blockquote data-instgrm-permalink=\"https:\/\/www.instagram.com\/p\/B_BZ_2OJsjQ\/?utm_source=ig_embed&amp;utm_campaign=loading\" data-instgrm-version=\"13\" style=\" background:#FFF; border:0; border-radius:3px; box-shadow:0 0 1px 0 rgba(0,0,0,0.5),0 1px 10px 0 rgba(0,0,0,0.15); margin: 1px; max-width:750px; min-width:326px; padding:0; width:99.375%; width:-webkit-calc(100% - 2px); width:calc(100% - 2px);\"><p> <a href=\"https:\/\/www.instagram.com\/p\/B_BZ_2OJsjQ\/?utm_source=ig_embed&amp;utm_campaign=loading\" style=\" background:#FFFFFF; line-height:0; padding:0 0; text-align:center; text-decoration:none; width:100%;\" target=\"_blank\" rel=\"noopener nofollow\">        Bu g\u00f6nderiyi Instagram&rsquo;da g\u00f6r            <\/a><\/p>\n<p style=\" color:#c9c8cd; font-family:Arial,sans-serif; font-size:14px; line-height:17px; margin-bottom:0; margin-top:8px; overflow:hidden; padding:8px 0 7px; text-align:center; text-overflow:ellipsis; white-space:nowrap;\"><a href=\"https:\/\/www.instagram.com\/p\/B_BZ_2OJsjQ\/?utm_source=ig_embed&amp;utm_campaign=loading\" style=\" color:#c9c8cd; font-family:Arial,sans-serif; font-size:14px; font-style:normal; font-weight:normal; line-height:17px; text-decoration:none;\" target=\"_blank\" rel=\"noopener nofollow\">little_meg_siu_meg (@little_meg_siu_meg)&rsquo;in payla\u015ft\u0131\u011f\u0131 bir g\u00f6nderi<\/a><\/p>\n<\/blockquote>\n<p>[tcb-script async=\u00a0\u00bb\u00a0\u00bb src=\u00a0\u00bb\/\/www.instagram.com\/embed.js\u00a0\u00bb][\/tcb-script]<\/p>\n<p>Une cuisine raffin\u00e9e pour les v\u00e9g\u00e9tariens, une cuisine pour les v\u00e9g\u00e9taliens.<strong> L&rsquo;Arp\u00e8ge a obtenu une \u00e9toile Michelin en 1986<\/strong>, la deuxi\u00e8me peu apr\u00e8s et a toujours d\u00e9tenu 3 \u00e9toiles Michelin depuis 1996. Le World&rsquo;s Best Restaurants l&rsquo;a \u00e9lu huiti\u00e8me meilleur restaurant du monde en 2018.<\/p>\n<p>Jusqu&rsquo;en 2001, L&rsquo;Arp\u00e8ge \u00e9tait un restaurant de viande, <strong>mais le c\u00e9l\u00e8bre chef \u00e9toil\u00e9 Alain Passard <\/strong>a alors radicalement chang\u00e9 son concept, banni la viande de la carte et achet\u00e9 une ferme dont les l\u00e9gumes sont toujours livr\u00e9s frais tous les jours.<\/p>\n<p>Bien que certains plats de viande soient revenus au menu, <strong>les menus v\u00e9g\u00e9tariens et v\u00e9g\u00e9taliens d&rsquo;Alain Passard sont mondialement connus. <\/strong>Des cr\u00e9ations innovantes sont servies en 12 plats. Les combinaisons vari\u00e9es se distinguent par leurs assaisonnements int\u00e9ressants et sont habilement modifi\u00e9es et red\u00e9finies au plus haut niveau.<\/p>\n<p>L&rsquo;ambiance est appropri\u00e9e, \u00e9l\u00e9gante, discr\u00e8te mais confortable, le service est aussi poli-professionnel que les prix sont s\u00fbrs d&rsquo;eux-m\u00eames.<\/p>\n<p><strong>Adresse :&nbsp;<\/strong>L&rsquo;Arp\u00e8ge, 84 Rue de Varenne, 75007 Paris<\/p>\n<ul>\n<li><span style=\"\">D\u00e9couvrez <a href=\"https:\/\/paristouristinformation.fr\/fr\/restaurants\/etoile-michelin\/\" style=\"outline: none;\">15 autres restaurants fran\u00e7ais \u00e9toil\u00e9s au Michelin \u00e0 Paris<\/a> et offrez-vous un d\u00eener raffin\u00e9.<\/span><\/li>\n<\/ul>\n<h2 id=\"t-1612224789206\" style=\"\">3. Maoz Vegetarian<\/h2>\n<blockquote data-instgrm-permalink=\"https:\/\/www.instagram.com\/p\/CIy6QmlJJHy\/?utm_source=ig_embed&amp;utm_campaign=loading\" data-instgrm-version=\"13\" style=\" background:#FFF; border:0; border-radius:3px; box-shadow:0 0 1px 0 rgba(0,0,0,0.5),0 1px 10px 0 rgba(0,0,0,0.15); margin: 1px; max-width:750px; min-width:326px; padding:0; width:99.375%; width:-webkit-calc(100% - 2px); width:calc(100% - 2px);\"><p> <a href=\"https:\/\/www.instagram.com\/p\/CIy6QmlJJHy\/?utm_source=ig_embed&amp;utm_campaign=loading\" style=\" background:#FFFFFF; line-height:0; padding:0 0; text-align:center; text-decoration:none; width:100%;\" target=\"_blank\" rel=\"noopener nofollow\">        Bu g\u00f6nderiyi Instagram&rsquo;da g\u00f6r            <\/a><\/p>\n<p style=\" color:#c9c8cd; font-family:Arial,sans-serif; font-size:14px; line-height:17px; margin-bottom:0; margin-top:8px; overflow:hidden; padding:8px 0 7px; text-align:center; text-overflow:ellipsis; white-space:nowrap;\"><a href=\"https:\/\/www.instagram.com\/p\/CIy6QmlJJHy\/?utm_source=ig_embed&amp;utm_campaign=loading\" style=\" color:#c9c8cd; font-family:Arial,sans-serif; font-size:14px; font-style:normal; font-weight:normal; line-height:17px; text-decoration:none;\" target=\"_blank\" rel=\"noopener nofollow\">Maoz Vegetarian (@maozvegetarian)&rsquo;in payla\u015ft\u0131\u011f\u0131 bir g\u00f6nderi<\/a><\/p>\n<\/blockquote>\n<p>[tcb-script async=\u00a0\u00bb\u00a0\u00bb src=\u00a0\u00bb\/\/www.instagram.com\/embed.js\u00a0\u00bb][\/tcb-script]<\/p>\n<p>Le Maoz Vegeterian poss\u00e8de deux succursales \u00e0 Paris, sur la rive gauche de la Seine. Il fait partie d&rsquo;une cha\u00eene internationale de restauration <strong>rapide et est sp\u00e9cialis\u00e9 dans les plats du Moyen-Orient<\/strong> tels que le falafel et la pita. On y trouve en outre du houmous, des frites et un bar \u00e0 salades avec un grand choix, entre autres. Des plats v\u00e9g\u00e9taliens sont \u00e9galement propos\u00e9s.<\/p>\n<p>Le nombre de places assises est tr\u00e8s limit\u00e9, et la plupart des gens mangent debout. Ses prix mod\u00e9r\u00e9s et les produits toujours frais et d\u00e9licieusement pr\u00e9par\u00e9s rendent le restaurant tr\u00e8s populaire.<strong>Adresse :<\/strong> Maoz Vegeterian, 8 Rue Xavier Privas, 75005 Paris \/\/ 36 Rue Saint-Andr\u00e9 des Arts, 75006 Paris<\/p>\n<h2 id=\"t-1612224789207\" style=\"\">4. Carmen Ragosta<\/h2>\n<blockquote data-instgrm-permalink=\"https:\/\/www.instagram.com\/p\/BKxqwVpDsrm\/?utm_source=ig_embed&amp;utm_campaign=loading\" data-instgrm-version=\"13\" style=\" background:#FFF; border:0; border-radius:3px; box-shadow:0 0 1px 0 rgba(0,0,0,0.5),0 1px 10px 0 rgba(0,0,0,0.15); margin: 1px; max-width:750px; min-width:326px; padding:0; width:99.375%; width:-webkit-calc(100% - 2px); width:calc(100% - 2px);\"><p> <a href=\"https:\/\/www.instagram.com\/p\/BKxqwVpDsrm\/?utm_source=ig_embed&amp;utm_campaign=loading\" style=\" background:#FFFFFF; line-height:0; padding:0 0; text-align:center; text-decoration:none; width:100%;\" target=\"_blank\" rel=\"noopener nofollow\">        Bu g\u00f6nderiyi Instagram&rsquo;da g\u00f6r            <\/a><\/p>\n<p style=\" color:#c9c8cd; font-family:Arial,sans-serif; font-size:14px; line-height:17px; margin-bottom:0; margin-top:8px; overflow:hidden; padding:8px 0 7px; text-align:center; text-overflow:ellipsis; white-space:nowrap;\"><a href=\"https:\/\/www.instagram.com\/p\/BKxqwVpDsrm\/?utm_source=ig_embed&amp;utm_campaign=loading\" style=\" color:#c9c8cd; font-family:Arial,sans-serif; font-size:14px; font-style:normal; font-weight:normal; line-height:17px; text-decoration:none;\" target=\"_blank\" rel=\"noopener nofollow\">Carmen Ragosta (@carmen.ragosta)&rsquo;in payla\u015ft\u0131\u011f\u0131 bir g\u00f6nderi<\/a><\/p>\n<\/blockquote>\n<p>[tcb-script async=\u00a0\u00bb\u00a0\u00bb src=\u00a0\u00bb\/\/www.instagram.com\/embed.js\u00a0\u00bb][\/tcb-script]<\/p>\n<p>Si vous ne savez pas que cette <strong>boutique de mode situ\u00e9e dans le quartier du Canal Saint-Martin poss\u00e8de \u00e9galement un petit restaurant,<\/strong> vous ne le saurez jamais. Ce qui ressemble \u00e0 une boutique normale de l&rsquo;ext\u00e9rieur surprend encore plus le visiteur \u00e0 l&rsquo;int\u00e9rieur, car ici vous pouvez non seulement acheter des v\u00eatements con\u00e7us par la propri\u00e9taire Carmen, mais aussi d\u00e9guster ses plats.<\/p>\n<p>Carmen est cr\u00e9atrice de v\u00eatements et cuisini\u00e8re et a r\u00e9ussi \u00e0 combiner les deux d&rsquo;une mani\u00e8re tr\u00e8s charmante dans sa petite boutique.La s\u00e9lection de plats est aussi claire que bonne et pr\u00e9par\u00e9e avec amour. Les aliments <strong>v\u00e9g\u00e9taliens ou v\u00e9g\u00e9tariens<\/strong> \u00e0 base de lentilles et de prot\u00e9ines sont transform\u00e9s en excellentes cr\u00e9ations de haut niveau. Carmen ne cuisine g\u00e9n\u00e9ralement que pour le d\u00e9jeuner, un brunch est propos\u00e9 le dimanche. Les places sont tr\u00e8s limit\u00e9es, il est donc recommand\u00e9 de r\u00e9server.<strong>Adresse :<\/strong> Carmen Ragosta, 8 Rue de la Grange aux Belles, 75010 Paris<\/p>\n<h2 id=\"t-1612224789208\" style=\"\">5. Wild &amp; the Moon<\/h2>\n<blockquote data-instgrm-permalink=\"https:\/\/www.instagram.com\/p\/CI-htYcDw_Z\/?utm_source=ig_embed&amp;utm_campaign=loading\" data-instgrm-version=\"13\" style=\" background:#FFF; border:0; border-radius:3px; box-shadow:0 0 1px 0 rgba(0,0,0,0.5),0 1px 10px 0 rgba(0,0,0,0.15); margin: 1px; max-width:750px; min-width:326px; padding:0; width:99.375%; width:-webkit-calc(100% - 2px); width:calc(100% - 2px);\"><p> <a href=\"https:\/\/www.instagram.com\/p\/CI-htYcDw_Z\/?utm_source=ig_embed&amp;utm_campaign=loading\" style=\" background:#FFFFFF; line-height:0; padding:0 0; text-align:center; text-decoration:none; width:100%;\" target=\"_blank\" rel=\"noopener nofollow\">        Bu g\u00f6nderiyi Instagram&rsquo;da g\u00f6r            <\/a><\/p>\n<p style=\" color:#c9c8cd; font-family:Arial,sans-serif; font-size:14px; line-height:17px; margin-bottom:0; margin-top:8px; overflow:hidden; padding:8px 0 7px; text-align:center; text-overflow:ellipsis; white-space:nowrap;\"><a href=\"https:\/\/www.instagram.com\/p\/CI-htYcDw_Z\/?utm_source=ig_embed&amp;utm_campaign=loading\" style=\" color:#c9c8cd; font-family:Arial,sans-serif; font-size:14px; font-style:normal; font-weight:normal; line-height:17px; text-decoration:none;\" target=\"_blank\" rel=\"noopener nofollow\">Wild &amp; The Moon (@wildandthemoon)&rsquo;in payla\u015ft\u0131\u011f\u0131 bir g\u00f6nderi<\/a><\/p>\n<\/blockquote>\n<p>[tcb-script async=\u00a0\u00bb\u00a0\u00bb src=\u00a0\u00bb\/\/www.instagram.com\/embed.js\u00a0\u00bb][\/tcb-script]<\/p>\n<p>Wild &amp; The Moon poss\u00e8de plusieurs succursales sur la rive droite de la Seine, dans les 2e et 3e arrondissements de Paris. Les lieux sont <strong>d\u00e9cor\u00e9s dans un style hipster.<\/strong> Le concept est enti\u00e8rement v\u00e9g\u00e9talien, une grande importance est accord\u00e9e \u00e0 la durabilit\u00e9, il n&rsquo;y a pas de plastique. L&rsquo;objectif est de convaincre le client avec bon go\u00fbt et moralit\u00e9 \u00e0 la fois, la devise est : \u00ab\u00a0Bon pour vous, bon pour la plan\u00e8te, d\u00e9licieux\u00a0\u00bb.<\/p>\n<p><strong>Des jus press\u00e9s \u00e0 froid, des boissons v\u00e9g\u00e9tales, des smoothies, des salades et des petites collations <\/strong>sont propos\u00e9s. Tous les produits sont faits maison, seuls les ingr\u00e9dients issus de l&rsquo;agriculture biologique et locale sont utilis\u00e9s. Le sucre, les conservateurs, le gluten ou les produits laitiers sont totalement \u00e9vit\u00e9s. Des cures de jus pour une purification de 3, 5 ou 7 jours sont propos\u00e9es, et les produits peuvent \u00eatre command\u00e9s et livr\u00e9s \u00e0 domicile. <strong>Vous devez essayer le veggie burger, il est incroyable !<\/strong><strong>Adresse : <\/strong>Wild &amp; The Moon, 19 Place du March\u00e9 Saint-Honor\u00e9, 75001 Paris<\/p>\n<div class=\"tcb-post-list tve-content-list thrv_wrapper\" data-type=\"grid\" data-pagination-type=\"none\" data-pages_near_current=\"2\" data-css=\"tve-u-17a71ded5bd\" data-total_post_count=\"3\" data-total_sticky_count=\"0\" data-no_posts_text=\"There are no posts to display.\"><article id=\"post-416\" class=\"post-416 page type-page status-publish has-post-thumbnail hentry post-wrapper thrv_wrapper thrive-animated-item \" tcb_hover_state_parent=\"\" shortcode=\"tcb_post_list\" data-id=\"416\" data-selector=\".post-wrapper\"><style class=\"tcb-post-list-dynamic-style\" type=\"text\/css\"><\/style><\/p>\n<h3 style=\"\"><span data-attr-link=\"1\" data-attr-rel=\"0\" data-attr-target=\"0\" data-extra_key=\"\" data-option-inline=\"1\" data-shortcode=\"tcb_post_title\" data-shortcode-name=\"Post title\" data-attr-css=\"\" style=\"\" data-attr-static-link=\"{&quot;className&quot;:&quot;tve-froala fr-basic&quot;,&quot;href&quot;:&quot;https:\/\/paristouristinformation.fr\/fr\/restaurants\/romantique\/&quot;,&quot;title&quot;:&quot;7 restaurants romantiques pour un rendez-vous \u00e0 Paris&quot;,&quot;class&quot;:&quot;tve-froala fr-basic&quot;}\"><a href=\"https:\/\/www.paristouristinformation.fr\/fr\/restaurants\/romantique\/\" title=\"7 Restaurants romantiques pour un rendez-vous \u00e0 Paris\" data-css=\"\" class=\"tve-froala fr-basic\">7 Restaurants romantiques pour un rendez-vous \u00e0 Paris<\/a><\/span><\/h3>\n<p><\/article><article id=\"post-410\" class=\"post-410 page type-page status-publish has-post-thumbnail hentry post-wrapper thrv_wrapper thrive-animated-item \" tcb_hover_state_parent=\"\" shortcode=\"tcb_post_list\" data-id=\"410\" data-selector=\".post-wrapper\"><style class=\"tcb-post-list-dynamic-style\" type=\"text\/css\"><\/style><\/p>\n<h3 style=\"\"><span data-attr-link=\"1\" data-attr-rel=\"0\" data-attr-target=\"0\" data-extra_key=\"\" data-option-inline=\"1\" data-shortcode=\"tcb_post_title\" data-shortcode-name=\"Post title\" data-attr-css=\"\" style=\"\" data-attr-static-link=\"{&quot;className&quot;:&quot;tve-froala fr-basic&quot;,&quot;href&quot;:&quot;https:\/\/paristouristinformation.fr\/fr\/restaurants\/romantique\/&quot;,&quot;title&quot;:&quot;7 restaurants romantiques pour un rendez-vous \u00e0 Paris&quot;,&quot;class&quot;:&quot;tve-froala fr-basic&quot;}\"><a href=\"https:\/\/www.paristouristinformation.fr\/fr\/restaurants\/cuisine-francaise\/\" title=\"8 Plats de la cuisine fran\u00e7aise \u00e0 essayer \u00e0 Paris\" data-css=\"\" class=\"tve-froala fr-basic\">8 Plats de la cuisine fran\u00e7aise \u00e0 essayer \u00e0 Paris<\/a><\/span><\/h3>\n<p><\/article><article id=\"post-3762\" class=\"post-3762 page type-page status-publish has-post-thumbnail hentry post-wrapper thrv_wrapper thrive-animated-item \" tcb_hover_state_parent=\"\" shortcode=\"tcb_post_list\" data-id=\"3762\" data-selector=\".post-wrapper\"><style class=\"tcb-post-list-dynamic-style\" type=\"text\/css\"><\/style><\/p>\n<h3 style=\"\"><span data-attr-link=\"1\" data-attr-rel=\"0\" data-attr-target=\"0\" data-extra_key=\"\" data-option-inline=\"1\" data-shortcode=\"tcb_post_title\" data-shortcode-name=\"Post title\" data-attr-css=\"\" style=\"\" data-attr-static-link=\"{&quot;className&quot;:&quot;tve-froala fr-basic&quot;,&quot;href&quot;:&quot;https:\/\/paristouristinformation.fr\/fr\/restaurants\/romantique\/&quot;,&quot;title&quot;:&quot;7 restaurants romantiques pour un rendez-vous \u00e0 Paris&quot;,&quot;class&quot;:&quot;tve-froala fr-basic&quot;}\"><a href=\"https:\/\/www.paristouristinformation.fr\/fr\/restaurants\/\" title=\"Guide des Meilleurs Restaurants \u00e0 Paris : Plats, Caf\u00e9s, Cuisine Fran\u00e7aise\u2026\" data-css=\"\" class=\"tve-froala fr-basic\">Guide des Meilleurs Restaurants \u00e0 Paris : Plats, Caf\u00e9s, Cuisine Fran\u00e7aise\u2026<\/a><\/span><\/h3>\n<p><\/article><\/div>\n<h2 id=\"t-1612224789209\" style=\"\">6. Kitchen<\/h2>\n<blockquote data-instgrm-permalink=\"https:\/\/www.instagram.com\/p\/CGrglpeJJho\/?utm_source=ig_embed&amp;utm_campaign=loading\" data-instgrm-version=\"13\" style=\" background:#FFF; border:0; border-radius:3px; box-shadow:0 0 1px 0 rgba(0,0,0,0.5),0 1px 10px 0 rgba(0,0,0,0.15); margin: 1px; max-width:750px; min-width:326px; padding:0; width:99.375%; width:-webkit-calc(100% - 2px); width:calc(100% - 2px);\"><p> <a href=\"https:\/\/www.instagram.com\/p\/CGrglpeJJho\/?utm_source=ig_embed&amp;utm_campaign=loading\" style=\" background:#FFFFFF; line-height:0; padding:0 0; text-align:center; text-decoration:none; width:100%;\" target=\"_blank\" rel=\"noopener nofollow\">        Bu g\u00f6nderiyi Instagram&rsquo;da g\u00f6r            <\/a><\/p>\n<p style=\" color:#c9c8cd; font-family:Arial,sans-serif; font-size:14px; line-height:17px; margin-bottom:0; margin-top:8px; overflow:hidden; padding:8px 0 7px; text-align:center; text-overflow:ellipsis; white-space:nowrap;\"><a href=\"https:\/\/www.instagram.com\/p\/CGrglpeJJho\/?utm_source=ig_embed&amp;utm_campaign=loading\" style=\" color:#c9c8cd; font-family:Arial,sans-serif; font-size:14px; font-style:normal; font-weight:normal; line-height:17px; text-decoration:none;\" target=\"_blank\" rel=\"noopener nofollow\">Kitchen (@kitchenparis)&rsquo;in payla\u015ft\u0131\u011f\u0131 bir g\u00f6nderi<\/a><\/p>\n<\/blockquote>\n<p>[tcb-script async=\u00a0\u00bb\u00a0\u00bb src=\u00a0\u00bb\/\/www.instagram.com\/embed.js\u00a0\u00bb][\/tcb-script]<\/p>\n<p>Ce petit endroit confortable pr\u00e8s du <a href=\"https:\/\/paristouristinformation.fr\/fr\/choses-a-faire\/quartiers\/le-marais\/\">Marais<\/a> avec son personnel sympathique sert des jus, de l&rsquo;a\u00e7a\u00ef, des smoothies, des boissons au lait, de la tarte aux pommes et du pain \u00e0 la banane v\u00e9g\u00e9taliens, des toasts v\u00e9g\u00e9tariens, de la salade et de la soupe. Le plat principal est un rago\u00fbt compos\u00e9 de divers l\u00e9gumes et c\u00e9r\u00e9ales.L&rsquo;atmosph\u00e8re est un peu celle d&rsquo;une cantine, mais les aliments sont tous tr\u00e8s frais et savoureux. Il y a une riche s\u00e9lection de produits v\u00e9g\u00e9tariens et aussi une grande quantit\u00e9 de plats v\u00e9g\u00e9taliens. Les cr\u00eapes v\u00e9g\u00e9taliennes sans gluten sont fortement recommand\u00e9es.<strong>Adresse<\/strong> : Cuisine, 74, Rue des Gravilliers 75003 Paris<\/p>\n<h2 id=\"t-1612224789210\" style=\"\">7. Le Potager de Charlotte<\/h2>\n<blockquote data-instgrm-permalink=\"https:\/\/www.instagram.com\/p\/B4nPVg4CEzS\/?utm_source=ig_embed&amp;utm_campaign=loading\" data-instgrm-version=\"13\" style=\" background:#FFF; border:0; border-radius:3px; box-shadow:0 0 1px 0 rgba(0,0,0,0.5),0 1px 10px 0 rgba(0,0,0,0.15); margin: 1px; max-width:750px; min-width:326px; padding:0; width:99.375%; width:-webkit-calc(100% - 2px); width:calc(100% - 2px);\"><p> <a href=\"https:\/\/www.instagram.com\/p\/B4nPVg4CEzS\/?utm_source=ig_embed&amp;utm_campaign=loading\" style=\" background:#FFFFFF; line-height:0; padding:0 0; text-align:center; text-decoration:none; width:100%;\" target=\"_blank\" rel=\"noopener nofollow\">        Bu g\u00f6nderiyi Instagram&rsquo;da g\u00f6r            <\/a><\/p>\n<p style=\" color:#c9c8cd; font-family:Arial,sans-serif; font-size:14px; line-height:17px; margin-bottom:0; margin-top:8px; overflow:hidden; padding:8px 0 7px; text-align:center; text-overflow:ellipsis; white-space:nowrap;\"><a href=\"https:\/\/www.instagram.com\/p\/B4nPVg4CEzS\/?utm_source=ig_embed&amp;utm_campaign=loading\" style=\" color:#c9c8cd; font-family:Arial,sans-serif; font-size:14px; font-style:normal; font-weight:normal; line-height:17px; text-decoration:none;\" target=\"_blank\" rel=\"noopener nofollow\">David Valentin (@lepotagerdecharlotte)&rsquo;in payla\u015ft\u0131\u011f\u0131 bir g\u00f6nderi<\/a><\/p>\n<\/blockquote>\n<p>[tcb-script async=\u00a0\u00bb\u00a0\u00bb src=\u00a0\u00bb\/\/www.instagram.com\/embed.js\u00a0\u00bb][\/tcb-script]<\/p>\n<p>Traduit par \u00ab\u00a0le potager de Charlotte\u00a0\u00bb, cet \u00e9tonnant restaurant cr\u00e9\u00e9 par deux fr\u00e8res passionn\u00e9s sert des options v\u00e9g\u00e9tariennes et v\u00e9g\u00e9taliennes sophistiqu\u00e9es mais abordables.En fait, il est bien connu non seulement pour ses recettes g\u00e9niales et inhabituelles, mais aussi pour ses assiettes color\u00e9es d\u00e9cor\u00e9es d&rsquo;amour, de fruits et de fleurs&#8230; N&rsquo;h\u00e9sitez pas \u00e0 essayer les incroyables desserts v\u00e9g\u00e9taliens, ils sont parmi les meilleurs de la ville.<strong>Adresse<\/strong> : 12 Rue Louise-\u00c9milie de la Tour d&rsquo;Auvergne, 75009 Paris<\/p>\n<p style=\"text-align: center;\"><a href=\"https:\/\/www.google.com\/maps\/d\/u\/2\/viewer?hl=tr&amp;mid=1uSN6spnc7sOy1Xtb_d54x-UsA7ojc7bo&amp;ll=48.87312873094433%2C2.3018965500000066&amp;z=13\" target=\"_blank\" style=\"outline: none;\" rel=\"noopener nofollow\">(Lien vers la carte)<\/a><\/p>\n<p>Dans quel restaurant v\u00e9g\u00e9tarien fran\u00e7ais voulez-vous manger ? Dites-le nous dans les commentaires !<\/p>\n<p>Si vous avez aim\u00e9 cette liste, n&rsquo;h\u00e9sitez pas \u00e0 consulter nos autres recommandations pour manger, faire du shopping et vous amuser \u00e0 Paris.<\/p>\n<ul>\n<li><span style=\"\"><a href=\"https:\/\/paristouristinformation.fr\/fr\/shopping\/rues\/\" style=\"outline: none;\">Les 7 meilleures rues commer\u00e7antes de Paris<\/a><\/span><\/li>\n<li style=\"\"><span style=\"\"><a href=\"https:\/\/paristouristinformation.fr\/fr\/choses-a-faire\/theatres\/\" style=\"outline: none;\">Les 15 meilleurs th\u00e9\u00e2tres et cabarets pour un spectacle \u00e0 Paris<\/a><\/span><\/li>\n<li><span style=\"\"><a href=\"https:\/\/paristouristinformation.fr\/fr\/choses-a-faire\/musees\/\" style=\"outline: none;\">TOP 30 des meilleurs mus\u00e9es de Paris<\/a><\/span><\/li>\n<\/ul>\n","protected":false},"excerpt":{"rendered":"<p>On trouve des options v\u00e9g\u00e9tariennes dans presque tous les restaurants et bistrots de Paris et la part des plats v\u00e9g\u00e9tariens dans les menus augmente rapidement. La diversit\u00e9 g\u00e9ographique de la France permet aux cuisiniers fran\u00e7ais d&rsquo;utiliser de nombreux haricots, herbes, l\u00e9gumes et olives.On voit appara\u00eetre des cantines \u00e9l\u00e9gantes et modernes, des caf\u00e9s conventionnels dans les [&hellip;]<\/p>\n","protected":false},"author":11,"featured_media":6630,"parent":3762,"menu_order":0,"comment_status":"closed","ping_status":"closed","template":"","meta":{"footnotes":""},"tags":[],"class_list":{"0":"post-6038","1":"page","2":"type-page","3":"status-publish","4":"has-post-thumbnail","5":"hentry","6":"post-wrapper","7":"thrv_wrapper","10":"thrive-animated-item"},"_links":{"self":[{"href":"https:\/\/www.paristouristinformation.fr\/fr\/wp-json\/wp\/v2\/pages\/6038","targetHints":{"allow":["GET"]}}],"collection":[{"href":"https:\/\/www.paristouristinformation.fr\/fr\/wp-json\/wp\/v2\/pages"}],"about":[{"href":"https:\/\/www.paristouristinformation.fr\/fr\/wp-json\/wp\/v2\/types\/page"}],"author":[{"embeddable":true,"href":"https:\/\/www.paristouristinformation.fr\/fr\/wp-json\/wp\/v2\/users\/11"}],"replies":[{"embeddable":true,"href":"https:\/\/www.paristouristinformation.fr\/fr\/wp-json\/wp\/v2\/comments?post=6038"}],"version-history":[{"count":0,"href":"https:\/\/www.paristouristinformation.fr\/fr\/wp-json\/wp\/v2\/pages\/6038\/revisions"}],"up":[{"embeddable":true,"href":"https:\/\/www.paristouristinformation.fr\/fr\/wp-json\/wp\/v2\/pages\/3762"}],"wp:featuredmedia":[{"embeddable":true,"href":"https:\/\/www.paristouristinformation.fr\/fr\/wp-json\/wp\/v2\/media\/6630"}],"wp:attachment":[{"href":"https:\/\/www.paristouristinformation.fr\/fr\/wp-json\/wp\/v2\/media?parent=6038"}],"wp:term":[{"taxonomy":"post_tag","embeddable":true,"href":"https:\/\/www.paristouristinformation.fr\/fr\/wp-json\/wp\/v2\/tags?post=6038"}],"curies":[{"name":"wp","href":"https:\/\/api.w.org\/{rel}","templated":true}]}}