{"id":6225,"date":"2021-01-20T18:06:51","date_gmt":"2021-01-20T18:06:51","guid":{"rendered":"http:\/\/paristouristinformation.fr\/fr\/?page_id=6225"},"modified":"2023-05-16T08:18:08","modified_gmt":"2023-05-16T08:18:08","slug":"cite-des-sciences-et-de-lindustrie","status":"publish","type":"page","link":"https:\/\/www.paristouristinformation.fr\/fr\/choses-a-faire\/musees\/cite-des-sciences-et-de-lindustrie\/","title":{"rendered":"Visiter le Mus\u00e9e de la Cit\u00e9 des Sciences et de l&#8217;Industrie \u00e0 Paris : Billets &#038; Bons Plans"},"content":{"rendered":"<p><em>La Cit\u00e9 des sciences et de l&rsquo;industrie<\/em> en anglais est le<strong> plus grand mus\u00e9e scientifique d&rsquo;Europe,<\/strong> et l&rsquo;un des plus visit\u00e9s de Paris. Elle est situ\u00e9e dans le Parc de la Vilette \u00e0 Paris. Il est impossible de ne pas admirer la science apr\u00e8s avoir pass\u00e9 une journ\u00e9e amusante \u00e0 la Cit\u00e9 des Sciences et de l&rsquo;Industrie !L&rsquo;entr\u00e9e du mus\u00e9e est tr\u00e8s abordable et bien que vous puissiez penser qu&rsquo;il s&rsquo;agit d&rsquo;un endroit r\u00e9serv\u00e9 aux enfants,<strong> vous seriez surpris de constater que les adultes appr\u00e9cient cet endroit au moins autant que leurs enfants.<\/strong>Dans cet article, nous allons vous guider dans ce mus\u00e9e et vous donner des informations utiles comme les billets et les attractions \u00e0 l&rsquo;int\u00e9rieur.<\/p>\n<h2 id=\"t-1610539832044\" data-alt-text=\"What can I do at the museum ?\" style=\"\">Que puis-je faire \u00e0 Cit\u00e9 des Sciences et de l&rsquo;Industrie ?<\/h2>\n<p>La Cit\u00e9 des sciences et de l&rsquo;industrie a \u00e9t\u00e9 con\u00e7ue comme une institution sp\u00e9cialis\u00e9e dans la promotion des sciences et de la technologie pour tous, en particulier les enfants et les jeunes. C&rsquo;est le lieu qui soutient les informations que les jeunes apprennent dans les livres avec des sujets tels que la physique, la g\u00e9ographie, la g\u00e9om\u00e9trie, les m\u00e9dias et la technologie, l&rsquo;exploration spatiale, l&rsquo;ing\u00e9nierie et les inventions incroyables, et l&rsquo;anatomie humaine de mani\u00e8re tr\u00e8s cr\u00e9ative.La visite de ce lieu figure souvent dans les programmes des \u00e9coles primaires et secondaires fran\u00e7aises et est inscrite comme voyage scolaire.Il y a des salles avec de courtes documentations sur la grande histoire de notre univers, le cerveau humain, l&rsquo;ADN ainsi que d&rsquo;autres expositions temporaires.Le mus\u00e9e contient de nombreuses attractions th\u00e9matiques. Parmi elles, on trouve un plan\u00e9tarium, un sous-marin (Argonaute (S636)), un cin\u00e9ma IMAX et des espaces d&rsquo;activit\u00e9s pour les enfants et les adolescents.<\/p>\n<h3>La cit\u00e9 des enfants&nbsp;<\/h3>\n<p>La cit\u00e9 des enfants est la section d\u00e9di\u00e9e \u00e0 l&rsquo;\u00e9veil des enfants avec des activit\u00e9s sp\u00e9ciales.La section pour <strong>les enfants de 2 \u00e0 7<\/strong> ans sur 1700 m2 est divis\u00e9e en cinq espaces th\u00e9matiques : Je me d\u00e9couvre, Je sais comment, Je m&rsquo;identifie, J&rsquo;exp\u00e9rimente, tous ensemble.La section pour <strong>les enfants de 5 \u00e0 12<\/strong> ans est compos\u00e9e de jeux, d&rsquo;activit\u00e9s et de d\u00e9couvertes passionnantes dans 6 espaces : le corps, la communication, le studio TV, les jeux d&rsquo;eau, le jardin et l&rsquo;usine.<\/p>\n<div class=\"tcb-post-list tve-content-list empty-list thrv_wrapper\" data-type=\"grid\" data-pagination-type=\"none\" data-pages_near_current=\"2\" data-css=\"tve-u-1778c47377f\" data-total_post_count=\"0\" data-total_sticky_count=\"0\" data-no_posts_text=\"There are no posts to display.\"><article id=\"post-6225\" class=\"post-6225 page type-page status-publish has-post-thumbnail hentry post-wrapper thrv_wrapper thrive-animated-item \" tcb_hover_state_parent=\"\" shortcode=\"tcb_post_list\" data-id=\"6225\" data-selector=\".post-wrapper\"><style class=\"tcb-post-list-dynamic-style\" type=\"text\/css\"><\/style><\/p>\n<h3 style=\"\"><span data-attr-link=\"1\" data-attr-rel=\"0\" data-attr-target=\"0\" data-extra_key=\"\" data-option-inline=\"1\" data-shortcode=\"tcb_post_title\" data-shortcode-name=\"Post title\" data-attr-css=\"\" style=\"\" data-attr-static-link=\"{&quot;className&quot;:&quot;tve-froala fr-basic&quot;,&quot;href&quot;:&quot;#&quot;,&quot;title&quot;:&quot;Visiter le Mus\u00e9e de la Cit\u00e9 des Sciences et de l\u2019Industrie \u00e0 Paris : Billets &amp; Bons Plans&quot;,&quot;class&quot;:&quot;tve-froala fr-basic&quot;}\"><a href=\"https:\/\/www.paristouristinformation.fr\/fr\/choses-a-faire\/musees\/cite-des-sciences-et-de-lindustrie\/\" title=\"Visiter le Mus\u00e9e de la Cit\u00e9 des Sciences et de l\u2019Industrie \u00e0 Paris : Billets &amp; Bons Plans\" data-css=\"\" class=\"tve-froala fr-basic\">Visiter le Mus\u00e9e de la Cit\u00e9 des Sciences et de l\u2019Industrie \u00e0 Paris : Billets &amp; Bons Plans<\/a><\/span><\/h3>\n<p><\/article><\/div>\n<h2 id=\"t-1610539832045\">Entr\u00e9es, billets et visites<\/h2>\n<p style=\"\">La r\u00e9servation en ligne pour la Cit\u00e9 des enfants est fortement recommand\u00e9e pendant les vacances scolaires. Le mus\u00e9e est ferm\u00e9 le lundi.<\/p>\n<ul>\n<li><span style=\"\"><strong>Entr\u00e9e :<\/strong> La Cit\u00e9 des Sciences et de I&rsquo;Industrie est ouverte du mardi au samedi de 10h00 \u00e0 18h00 et le dimanche de 10h00 \u00e0 19h00.<\/span><\/li>\n<li style=\"\"><span style=\"\"><strong>Billets :<\/strong> Achetez vos <a href=\"https:\/\/www.tiqets.com\/en\/paris-attractions-c66746\/tickets-for-cite-des-sciences-et-de-l-industrie-p974746\/?partner=checkfortrip\" target=\"_blank\" style=\"outline: none;\" rel=\"noopener nofollow\">billets Cit\u00e9 des Sciences et de l&rsquo;Industrie<\/a><\/span><\/li>\n<li style=\"\"><span style=\"\"><strong>Conseils :<\/strong> Il vous est possible d&rsquo;utiliser votre Paris Museum Pass dans ce mus\u00e9e. Veuillez v\u00e9rifier les prix du <a href=\"https:\/\/paristouristinformation.fr\/fr\/visites-guidees-et-billets\/\">Paris Museum Pass.<\/a><\/span><\/li>\n<\/ul>\n<p><span><img decoding=\"async\" alt=\"museum of science and industry in paris\" data-id=\"381\" width=\"680\" data-init-width=\"1200\" height=\"454\" data-init-height=\"800\" title=\"museum of science and industry in paris\" src=\"http:\/\/paristouristinformation.fr\/fr\/wp-content\/uploads\/2020\/07\/museum-of-science-and-industry-in-paris.jpg\" data-width=\"680\" data-height=\"454\" data-pinpro-key=\"x706poayp\" data-pin-media=\"http:\/\/paristouristinformation.fr\/fr\/wp-content\/uploads\/2021\/03\/prag_50_sehenswuerdigkeiten_pinterest-24.jpg\" data-pin-description=\"Visit the Cit\u00e9 des Sciences et de l&amp;#039;Industrie, biggest science museum in Europe. Find useful information in this article about tickets and kids animations.\" data-pin-url=\"http:\/\/paristouristinformation.fr\/fr\/things-to-do\/museum\/cite-des-sciences-et-de-lindustrie\/?tve=true&amp;tcbf=94bf7b1e79\" loading=\"lazy\"><\/span><\/p>\n<h2 id=\"t-1610539832046\" data-alt-text=\"How to get there ?\" style=\"\">Comment se rendre \u00e0 la Cit\u00e9 des Sciences et de l&rsquo;Industrie ?<\/h2>\n<ul>\n<li><strong>M\u00e9tro :<\/strong> \u00ab\u00a0Porte de la Villette\u00a0\u00bb est la station la plus proche de la ligne 7 du m\u00e9tro.<\/li>\n<li><strong>Bus :<\/strong> Vous pouvez prendre les num\u00e9ros 139, 150 et 152 pour vous rendre \u00e0 la station \u00ab\u00a0Porte de la Villette\u00a0\u00bb.<\/li>\n<\/ul>\n<h2 id=\"t-1627469397317\" style=\"\">FAQ (Foire aux questions)<\/h2>\n<h2 id=\"t-1610539832048\" data-alt-text=\"History of the museum\" style=\"\">Histoire de la Cit\u00e9 des Sciences et de l&rsquo;Industrie<\/h2>\n<p>\u00ab\u00a0Le pr\u00e9sident Valerie Giscard d&rsquo;Estaing avait pour projet de cr\u00e9er un mus\u00e9e des sciences, des technologies et de l&rsquo;industrie.Un concours a \u00e9t\u00e9 organis\u00e9 pour choisir le meilleur projet adapt\u00e9 \u00e0 l&rsquo;objectif. Le gagnant fut l&rsquo;architecte Adrien Fainsilber en 1980, qui proposa d&rsquo;utiliser pour le mus\u00e9e le pavillon des anciens abattoirs parisiens du parc de la Villette.Ainsi, la Cit\u00e9 des sciences de Paris a ouvert ses portes le 13 mars 1986, \u00e0 l&rsquo;occasion de la rencontre entre la sonde astronomique Giotto et la com\u00e8te de Halley.Environ 5 millions de personnes visitent la Cit\u00e9 industrielle chaque ann\u00e9e et aujourd&rsquo;hui, elle figure dans le top 5 des mus\u00e9es les plus populaires de Paris.<\/p>\n<h2 id=\"t-1610539832049\" style=\"\" data-alt-text=\"Contact \">Contact et plan d&rsquo;acc\u00e8s<\/h2>\n<ul>\n<li><span style=\"\"><strong>Adresse :&nbsp;<\/strong>30, av Corentin Cariou 75019 Paris<\/span><\/li>\n<li><span style=\"\"><strong>Heures d&rsquo;ouverture :&nbsp;<\/strong><a href=\"http:\/\/www.cite-sciences.fr\/en\/home\/\" target=\"_blank\" style=\"outline: none;\" rel=\"noopener nofollow\">http:\/\/www.cite-sciences.fr\/en\/home\/<\/a><\/span><\/li>\n<li><span style=\"\"><strong>Transports en commun : <\/strong>\u00ab\u00a0Porte de la Villette sur la ligne 7 du m\u00e9tro Bus : 139, 150 et 152<\/span><\/li>\n<li style=\"\"><span style=\"\"><strong>Site web :&nbsp;<\/strong><a href=\"http:\/\/www.cite-sciences.fr\/en\/home\/\" target=\"_blank\" style=\"outline: none;\" rel=\"noopener nofollow\">www.cite-sciences.fr\/en\/home<\/a><\/span><\/li>\n<\/ul>\n<p>Avant de commencer, laissez-nous vous rappeler que si vous planifiez votre voyage \u00e0 Paris d\u00e8s maintenant, vous pouvez b\u00e9n\u00e9ficier de nos offres dans notre <a href=\"https:\/\/paristouristinformation.fr\/fr\/visites-guidees-et-billets\/ https:\/\/paristouristinformation.fr\/fr\/lifestyle\/\">Paris Ticket Shop<\/a> officiel. Nous avons des offres tr\u00e8s pratiques avec des billets d&rsquo;entr\u00e9e \u00ab\u00a0Skip the Line\u00a0\u00bb pour tous les <a href=\"https:\/\/paristouristinformation.fr\/fr\/choses-a-faire\/musees\/\">mus\u00e9es importants de Paris<\/a>. Profitez d&rsquo;un voyage facile \u00e0 Paris !<\/p>\n<h2 style=\"\">Articles connexes :<\/h2>\n<div class=\"tcb-post-list tve-content-list thrv_wrapper\" data-type=\"grid\" data-pagination-type=\"none\" data-pages_near_current=\"2\" data-css=\"tve-u-17de1520b37\" data-total_post_count=\"3\" data-total_sticky_count=\"0\" data-no_posts_text=\"There are no posts to display.\"><article id=\"post-2930\" class=\"post-2930 page type-page status-publish has-post-thumbnail hentry post-wrapper thrv_wrapper thrive-animated-item  tve_evt_manager_listen tve_ea_thrive_animation tve_et_mouseover tve_anim_grow\" tcb_hover_state_parent=\"\" class=\"tve_evt_manager_listen tve_ea_thrive_animation tve_et_mouseover tve_anim_grow\" data-id=\"2930\" data-selector=\".post-wrapper\"><style class=\"tcb-post-list-dynamic-style\" type=\"text\/css\">@media (min-width: 300px){[].tcb-post-list #post-2930 []{background-image: url(\u00ab\u00a0https:\/\/www.paristouristinformation.fr\/fr\/wp-content\/uploads\/2021\/01\/15-Best-Attractions-in-Paris-in-France-1024x538.jpg\u00ab\u00a0) !important;}[].tcb-post-list #post-2930 []:hover []{background-image: url(\u00ab\u00a0https:\/\/www.paristouristinformation.fr\/fr\/wp-content\/uploads\/2021\/01\/15-Best-Attractions-in-Paris-in-France-1024x538.jpg\u00ab\u00a0) !important;}}<\/style><a href=\"https:\/\/www.paristouristinformation.fr\/fr\/choses-a-faire\/attractions\/\" dynamic-postlink=\"tcb_post_the_permalink\" data-shortcode-id=\"56\"><\/a><\/p>\n<h3 style=\"text-align: center; padding-top: 0px !important; margin-top: 0px !important;\"><span data-attr-link=\"1\" data-attr-rel=\"0\" data-attr-target=\"0\" data-extra_key=\"\" data-option-inline=\"1\" data-shortcode=\"tcb_post_title\" data-shortcode-name=\"Post title\" data-attr-css=\"\" data-attr-static-link=\"{&quot;className&quot;:&quot;tve-froala fr-basic&quot;,&quot;href&quot;:&quot;https:\/\/www.paristouristinformation.fr\/fr\/choses-a-faire\/&quot;,&quot;title&quot;:&quot;100 Choses \u00e0 Faire \u00e0 Paris&quot;,&quot;class&quot;:&quot;tve-froala fr-basic&quot;}\" style=\"\"><a href=\"https:\/\/www.paristouristinformation.fr\/fr\/choses-a-faire\/attractions\/\" title=\"15 Attractions les mieux cot\u00e9es de Paris\" data-css=\"\" class=\"tve-froala fr-basic\">15 Attractions les mieux cot\u00e9es de Paris<\/a><\/span><\/h3>\n<p><\/article><article id=\"post-78\" class=\"post-78 page type-page status-publish has-post-thumbnail hentry post-wrapper thrv_wrapper thrive-animated-item  tve_evt_manager_listen tve_ea_thrive_animation tve_et_mouseover tve_anim_grow\" tcb_hover_state_parent=\"\" class=\"tve_evt_manager_listen tve_ea_thrive_animation tve_et_mouseover tve_anim_grow\" data-id=\"78\" data-selector=\".post-wrapper\"><style class=\"tcb-post-list-dynamic-style\" type=\"text\/css\">@media (min-width: 300px){[].tcb-post-list #post-78 []{background-image: url(\u00ab\u00a0https:\/\/www.paristouristinformation.fr\/fr\/wp-content\/uploads\/2021\/01\/27-Things-to-do-with-Kids-in-Paris-in-France-1024x538.jpg\u00ab\u00a0) !important;}[].tcb-post-list #post-78 []:hover []{background-image: url(\u00ab\u00a0https:\/\/www.paristouristinformation.fr\/fr\/wp-content\/uploads\/2021\/01\/27-Things-to-do-with-Kids-in-Paris-in-France-1024x538.jpg\u00ab\u00a0) !important;}}<\/style><a href=\"https:\/\/www.paristouristinformation.fr\/fr\/choses-a-faire\/avec-des-enfants\/\" dynamic-postlink=\"tcb_post_the_permalink\" data-shortcode-id=\"56\"><\/a><\/p>\n<h3 style=\"text-align: center; padding-top: 0px !important; margin-top: 0px !important;\"><span data-attr-link=\"1\" data-attr-rel=\"0\" data-attr-target=\"0\" data-extra_key=\"\" data-option-inline=\"1\" data-shortcode=\"tcb_post_title\" data-shortcode-name=\"Post title\" data-attr-css=\"\" data-attr-static-link=\"{&quot;className&quot;:&quot;tve-froala fr-basic&quot;,&quot;href&quot;:&quot;https:\/\/www.paristouristinformation.fr\/fr\/choses-a-faire\/&quot;,&quot;title&quot;:&quot;100 Choses \u00e0 Faire \u00e0 Paris&quot;,&quot;class&quot;:&quot;tve-froala fr-basic&quot;}\" style=\"\"><a href=\"https:\/\/www.paristouristinformation.fr\/fr\/choses-a-faire\/avec-des-enfants\/\" title=\"27 Choses \u00e0 faire avec des enfants \u00e0 Paris\" data-css=\"\" class=\"tve-froala fr-basic\">27 Choses \u00e0 faire avec des enfants \u00e0 Paris<\/a><\/span><\/h3>\n<p><\/article><article id=\"post-73\" class=\"post-73 page type-page status-publish has-post-thumbnail hentry post-wrapper thrv_wrapper thrive-animated-item  tve_evt_manager_listen tve_ea_thrive_animation tve_et_mouseover tve_anim_grow\" tcb_hover_state_parent=\"\" class=\"tve_evt_manager_listen tve_ea_thrive_animation tve_et_mouseover tve_anim_grow\" data-id=\"73\" data-selector=\".post-wrapper\"><style class=\"tcb-post-list-dynamic-style\" type=\"text\/css\">@media (min-width: 300px){[].tcb-post-list #post-73 []{background-image: url(\u00ab\u00a0https:\/\/www.paristouristinformation.fr\/fr\/wp-content\/uploads\/2021\/01\/10-Best-Free-Things-To-Do-in-Paris-1024x538.jpg\u00ab\u00a0) !important;}[].tcb-post-list #post-73 []:hover []{background-image: url(\u00ab\u00a0https:\/\/www.paristouristinformation.fr\/fr\/wp-content\/uploads\/2021\/01\/10-Best-Free-Things-To-Do-in-Paris-1024x538.jpg\u00ab\u00a0) !important;}}<\/style><a href=\"https:\/\/www.paristouristinformation.fr\/fr\/choses-a-faire\/gratuit\/\" dynamic-postlink=\"tcb_post_the_permalink\" data-shortcode-id=\"56\"><\/a><\/p>\n<h3 style=\"text-align: center; padding-top: 0px !important; margin-top: 0px !important;\"><span data-attr-link=\"1\" data-attr-rel=\"0\" data-attr-target=\"0\" data-extra_key=\"\" data-option-inline=\"1\" data-shortcode=\"tcb_post_title\" data-shortcode-name=\"Post title\" data-attr-css=\"\" data-attr-static-link=\"{&quot;className&quot;:&quot;tve-froala fr-basic&quot;,&quot;href&quot;:&quot;https:\/\/www.paristouristinformation.fr\/fr\/choses-a-faire\/&quot;,&quot;title&quot;:&quot;100 Choses \u00e0 Faire \u00e0 Paris&quot;,&quot;class&quot;:&quot;tve-froala fr-basic&quot;}\" style=\"\"><a href=\"https:\/\/www.paristouristinformation.fr\/fr\/choses-a-faire\/gratuit\/\" title=\"10 Meilleures Choses \u00e0 Faire \u00e0 Paris\" data-css=\"\" class=\"tve-froala fr-basic\">10 Meilleures Choses \u00e0 Faire \u00e0 Paris<\/a><\/span><\/h3>\n<p><\/article><\/div>\n","protected":false},"excerpt":{"rendered":"<p>La Cit\u00e9 des sciences et de l&rsquo;industrie en anglais est le plus grand mus\u00e9e scientifique d&rsquo;Europe, et l&rsquo;un des plus visit\u00e9s de Paris. Elle est situ\u00e9e dans le Parc de la Vilette \u00e0 Paris. Il est impossible de ne pas admirer la science apr\u00e8s avoir pass\u00e9 une journ\u00e9e amusante \u00e0 la Cit\u00e9 des Sciences et [&hellip;]<\/p>\n","protected":false},"author":11,"featured_media":8193,"parent":68,"menu_order":0,"comment_status":"closed","ping_status":"closed","template":"","meta":{"footnotes":""},"tags":[],"class_list":{"0":"post-6225","1":"page","2":"type-page","3":"status-publish","4":"has-post-thumbnail","5":"hentry","6":"post-wrapper","7":"thrv_wrapper","10":"thrive-animated-item"},"_links":{"self":[{"href":"https:\/\/www.paristouristinformation.fr\/fr\/wp-json\/wp\/v2\/pages\/6225","targetHints":{"allow":["GET"]}}],"collection":[{"href":"https:\/\/www.paristouristinformation.fr\/fr\/wp-json\/wp\/v2\/pages"}],"about":[{"href":"https:\/\/www.paristouristinformation.fr\/fr\/wp-json\/wp\/v2\/types\/page"}],"author":[{"embeddable":true,"href":"https:\/\/www.paristouristinformation.fr\/fr\/wp-json\/wp\/v2\/users\/11"}],"replies":[{"embeddable":true,"href":"https:\/\/www.paristouristinformation.fr\/fr\/wp-json\/wp\/v2\/comments?post=6225"}],"version-history":[{"count":0,"href":"https:\/\/www.paristouristinformation.fr\/fr\/wp-json\/wp\/v2\/pages\/6225\/revisions"}],"up":[{"embeddable":true,"href":"https:\/\/www.paristouristinformation.fr\/fr\/wp-json\/wp\/v2\/pages\/68"}],"wp:featuredmedia":[{"embeddable":true,"href":"https:\/\/www.paristouristinformation.fr\/fr\/wp-json\/wp\/v2\/media\/8193"}],"wp:attachment":[{"href":"https:\/\/www.paristouristinformation.fr\/fr\/wp-json\/wp\/v2\/media?parent=6225"}],"wp:term":[{"taxonomy":"post_tag","embeddable":true,"href":"https:\/\/www.paristouristinformation.fr\/fr\/wp-json\/wp\/v2\/tags?post=6225"}],"curies":[{"name":"wp","href":"https:\/\/api.w.org\/{rel}","templated":true}]}}