{"id":6884,"date":"2021-01-29T12:04:58","date_gmt":"2021-01-29T12:04:58","guid":{"rendered":"http:\/\/paristouristinformation.fr\/fr\/?page_id=6884"},"modified":"2023-05-16T06:40:27","modified_gmt":"2023-05-16T06:40:27","slug":"grand-palais","status":"publish","type":"page","link":"https:\/\/www.paristouristinformation.fr\/fr\/choses-a-faire\/musees\/grand-palais\/","title":{"rendered":"Guide du Grand Palais \u00e0 Paris : Expositions, billets et infos"},"content":{"rendered":"<p>Le Grand Palais, qui a plus de 100 ans d&rsquo;histoire, est aujourd&rsquo;hui utilis\u00e9 comme un lieu hybride pour diverses expositions et \u00e9v\u00e9nements.En effet, le Grand Palais, qui signifie \u00ab\u00a0Grand Palais\u00a0\u00bb en anglais, est l&rsquo;un des plus magnifiques monuments de Paris<strong>, tr\u00e8s populaire parmi les amateurs et professionnels de la mode du monde<\/strong> entier pour les expositions de mode qui s&rsquo;y d\u00e9roulent chaque ann\u00e9e et qui sont appel\u00e9es \u00ab\u00a0La Fashion Week Parisienne\u00a0\u00bb.Ce lieu prestigieux est l&rsquo;un des b\u00e2timents que vous devriez prendre soin de voir au moins de l&rsquo;ext\u00e9rieur, et si vous avez la chance d&rsquo;assister \u00e0 un \u00e9v\u00e9nement, de l&rsquo;int\u00e9rieur.Dans cet article, nous vous guiderons \u00e0 travers les informations utiles \u00e0 conna\u00eetre sur le Grand Palais : Expositions, \u00c9v\u00e9nements, Billets et Histoire.<\/p>\n<p><span><img decoding=\"async\" alt=\"\" data-id=\"7200\" width=\"702\" data-init-width=\"1000\" height=\"468\" data-init-height=\"667\" title=\"Grand Palais interior in Paris in France\" src=\"http:\/\/paristouristinformation.fr\/fr\/wp-content\/uploads\/2021\/02\/Grand-Palais-interior-in-Paris-in-France.jpg\" data-width=\"702\" data-height=\"468\" data-pinpro-key=\"fovyzq4xg\" data-pin-media=\"http:\/\/paristouristinformation.fr\/fr\/wp-content\/uploads\/2021\/03\/prag_50_sehenswuerdigkeiten_pinterest-19.jpg\" data-pin-description=\"Visit the Grand Palais monument, a landmark of Paris, thanks to our guide filled with useful information about exhibitions, events, tickets...\" data-pin-url=\"http:\/\/paristouristinformation.fr\/fr\/things-to-do\/museum\/grand-palais\/?tve=true&amp;tcbf=4a45f62508\" loading=\"lazy\"><\/span><\/p>\n<h2 id=\"t-1610539832044\">Que puis-je faire au Grand Palais ?<\/h2>\n<p>Le Grand Palais se distingue par sa fa\u00e7ade d&rsquo;inspiration classique \u00e0 l&rsquo;ext\u00e9rieur, d\u00e9cor\u00e9e de statues r\u00e9alis\u00e9es par Paul Gasq et Alfred Boucher. Le Grand Palais comprend trois grands espaces : la salle principale, les Galeries nationales et le Palais de la Decourt.La salle principale est un espace g\u00e9ant d&rsquo;une superficie d&rsquo;environ 240 m\u00e8tres. <strong>C&rsquo;est l\u00e0 que se d\u00e9roulent les \u00e9v\u00e9nements tels que les courses de chevaux annuelles, les expositions de photographie, de mode et d&rsquo;art.<\/strong> Marcher sous le toit de verre et d&rsquo;acier de 6000 tonnes permet de mieux comprendre ce vaste espace. Le Palais de la Decourt fonctionne comme un mus\u00e9e et un centre culturel abritant des collections permanentes et temporaires. Des activit\u00e9s \u00e9ducatives scientifiques et ludiques sont propos\u00e9es aux enfants.<\/p>\n<h3>\u00c9v\u00e9nements au Grand Palais<\/h3>\n<p>De nombreux \u00e9v\u00e9nements tels que les d\u00e9fil\u00e9s de la Fashion Week, la FIAC, Paris Photo, l&rsquo;\u00e9v\u00e9nement \u00e9questre du Saut Herm\u00e8s, etc. se d\u00e9roulent au Grand Palais et rassemblent des milliers de personnes chaque ann\u00e9e.<\/p>\n<p><span><img decoding=\"async\" alt=\"\" data-id=\"7203\" width=\"702\" data-init-width=\"1000\" height=\"468\" data-init-height=\"667\" title=\"Grand Palais architectural details in Paris in France\" src=\"http:\/\/paristouristinformation.fr\/fr\/wp-content\/uploads\/2021\/02\/Grand-Palais-architectural-details-in-Paris-in-France.jpg\" data-width=\"702\" data-height=\"468\" data-pinpro-key=\"l4h101gu9\" data-pin-media=\"http:\/\/paristouristinformation.fr\/fr\/wp-content\/uploads\/2021\/03\/prag_50_sehenswuerdigkeiten_pinterest-19.jpg\" data-pin-description=\"Visit the Grand Palais monument, a landmark of Paris, thanks to our guide filled with useful information about exhibitions, events, tickets...\" data-pin-url=\"http:\/\/paristouristinformation.fr\/fr\/things-to-do\/museum\/grand-palais\/?tve=true&amp;tcbf=4a45f62508\" loading=\"lazy\"><\/span><\/p>\n<h2 id=\"t-1610539832045\">Entr\u00e9es, billets et visites<\/h2>\n<p>Il s&rsquo;agit d&rsquo;un centre d&rsquo;exposition avec des \u00e9v\u00e9nements temporaires, abritant g\u00e9n\u00e9ralement de grandes expositions d&rsquo;art qui changent p\u00e9riodiquement. Pour cette raison, il est pr\u00e9f\u00e9rable de v\u00e9rifier les d\u00e9tails concernant les heures d&rsquo;ouverture et le programme actuel sur le site officiel.Il est ferm\u00e9 le mardi, comme de nombreux autres mus\u00e9es parisiens. Il est fortement recommand\u00e9 d&rsquo;obtenir des billets \u00e0 l&rsquo;avance pour les expositions temporaires car les places sont limit\u00e9es par jour.<\/p>\n<ul>\n<li style=\"\"><span style=\"\"><strong>Billets : <\/strong>Cliquez ici et obtenez vos <a href=\"https:\/\/www.tiqets.com\/en\/paris-attractions-c66746\/tickets-for-grand-palais-skip-the-line-p983717\/?partner=checkfortrip\" target=\"_blank\" rel=\"noopener nofollow\">billets Skip the Line Grand Palais.<\/a><\/span><\/li>\n<\/ul>\n<p><span><img decoding=\"async\" alt=\"\" data-id=\"7198\" width=\"702\" data-init-width=\"1000\" height=\"468\" data-init-height=\"667\" title=\"Grand Palais aerial in Paris in France\" src=\"http:\/\/paristouristinformation.fr\/fr\/wp-content\/uploads\/2021\/02\/Grand-Palais-aerial-in-Paris-in-France.jpg\" data-width=\"702\" data-height=\"468\" style=\"\" data-pinpro-key=\"3wnxl9gny\" data-pin-media=\"http:\/\/paristouristinformation.fr\/fr\/wp-content\/uploads\/2021\/03\/prag_50_sehenswuerdigkeiten_pinterest-19.jpg\" data-pin-description=\"Visit the Grand Palais monument, a landmark of Paris, thanks to our guide filled with useful information about exhibitions, events, tickets...\" data-pin-url=\"http:\/\/paristouristinformation.fr\/fr\/things-to-do\/museum\/grand-palais\/?tve=true&amp;tcbf=4a45f62508\" loading=\"lazy\"><\/span><\/p>\n<h2 id=\"t-1610539832046\">Comment se rendre au Grand Palais<\/h2>\n<ul>\n<li>M\u00e9tro : \u00ab\u00a0Champs-\u00c9lys\u00e9es-Clemenceau\u00a0\u00bb est la station la plus proche pour se rendre au Grand Palais sur la ligne 1 et la ligne 13. La station \u00ab\u00a0Franklin D. Roosevelt\u00a0\u00bb sur les lignes 1 et 9 du m\u00e9tro est \u00e9galement proche.<\/li>\n<li><strong>Bus :<\/strong> 28 42, 52, 63, 72, 73, 80, 83 et 93<\/li>\n<\/ul>\n<h2 id=\"t-1627466532194\">FAQ (Foire aux questions)<\/h2>\n<p><span><img decoding=\"async\" alt=\"\" data-id=\"7204\" width=\"702\" data-init-width=\"1000\" height=\"468\" data-init-height=\"667\" title=\"Gr Palace in Paris in France\" src=\"http:\/\/paristouristinformation.fr\/fr\/wp-content\/uploads\/2021\/02\/Gr-Palace-in-Paris-in-France.jpg\" data-width=\"702\" data-height=\"468\" data-pinpro-key=\"key649oh9\" data-pin-media=\"http:\/\/paristouristinformation.fr\/fr\/wp-content\/uploads\/2021\/03\/prag_50_sehenswuerdigkeiten_pinterest-19.jpg\" data-pin-description=\"Visit the Grand Palais monument, a landmark of Paris, thanks to our guide filled with useful information about exhibitions, events, tickets...\" data-pin-url=\"http:\/\/paristouristinformation.fr\/fr\/things-to-do\/museum\/grand-palais\/?tve=true&amp;tcbf=4a45f62508\" loading=\"lazy\"><\/span><\/p>\n<h2 id=\"t-1610539832048\">Histoire du Grand Palais<\/h2>\n<p>La construction du Grand Palais a commenc\u00e9 en 1897 et a \u00e9t\u00e9 inaugur\u00e9e le 1er mai 1900. Il a \u00e9t\u00e9 construit pour pr\u00e9parer l&rsquo;Exposition universelle de 1900, comme beaucoup d&rsquo;autres b\u00e2timents.Apr\u00e8s l&rsquo;ouverture, il est devenu un lieu d&rsquo;accueil pour divers types d&rsquo;expositions, comme les comp\u00e9titions \u00e9questres qui ont eu lieu chaque ann\u00e9e de 1901 \u00e0 1957. Les expositions portant sur l&rsquo;innovation et la modernisation, notamment l&rsquo;automobile, l&rsquo;aviation, les nouvelles inventions, etc. Apr\u00e8s la mort du c\u00e9l\u00e8bre artiste Henri Matisse, le Grand Palais a accueilli sa premi\u00e8re exposition r\u00e9trospective.Le Grand Palais a servi d&rsquo;h\u00f4pital militaire pendant la Premi\u00e8re Guerre mondiale. Les nazis ont occup\u00e9 le lieu pendant l&rsquo;occupation de la France lors de la Seconde Guerre mondiale. Le Grand Palais est visit\u00e9 par plus de 2 millions de personnes chaque ann\u00e9e et environ 40 \u00e9v\u00e9nements y sont organis\u00e9s chaque ann\u00e9e.<\/p>\n<h2 id=\"t-1610539832049\" style=\"\">Contact et plan d&rsquo;acc\u00e8s<\/h2>\n<ul>\n<li><span style=\"\"><strong>Adresse :&nbsp;<\/strong>3, avenue du G\u00e9n\u00e9ral Eisenhower75008 Paris<\/span><\/li>\n<li><span style=\"\"><strong>Heures d&rsquo;ouverture :<a href=\"https:\/\/www.grandpalais.fr\/en\/grand-palais-public-entrances-0\" target=\"_blank\" style=\"outline: none;\" rel=\"noopener nofollow\">Site officiel du Grand Palais<\/a><\/strong><\/span><\/li>\n<li><span style=\"\"><strong>Transports en commun :<\/strong> Champs-\u00c9lys\u00e9es-Clemenceau est la station la plus proche sur la ligne 1 et la ligne 13.<\/span><\/li>\n<li style=\"\"><span style=\"\"><strong>Site web :&nbsp;<\/strong><a href=\"https:\/\/www.grandpalais.fr\/en\/\" target=\"_blank\" style=\"outline: none;\" rel=\"noopener nofollow\">www.grandpalais.fr\/en<\/a><\/span><\/li>\n<\/ul>\n<p>Avant de commencer, laissez-nous vous rappeler que si vous planifiez votre voyage \u00e0 Paris d\u00e8s maintenant, vous pouvez b\u00e9n\u00e9ficier de nos offres dans notre <a href=\"https:\/\/paristouristinformation.fr\/fr\/visites-guidees-et-billets\/\">Paris Ticket Shop <\/a>officiel. Nous avons des offres tr\u00e8s pratiques avec des billets d&rsquo;entr\u00e9e \u00ab\u00a0Skip the Line\u00a0\u00bb pour tous les <a href=\"https:\/\/paristouristinformation.fr\/fr\/choses-a-faire\/musees\/\">mus\u00e9es importants de Paris.<\/a> Profitez d&rsquo;un voyage facile \u00e0 Paris !<\/p>\n<h2 style=\"\">Articles connexes :<\/h2>\n<div class=\"tcb-post-list tve-content-list thrv_wrapper\" data-type=\"grid\" data-pagination-type=\"none\" data-pages_near_current=\"2\" data-css=\"tve-u-17dddbc3c5f\" data-total_post_count=\"4\" data-total_sticky_count=\"0\" data-no_posts_text=\"There are no posts to display.\"><article id=\"post-7624\" class=\"post-7624 page type-page status-publish has-post-thumbnail hentry post-wrapper thrv_wrapper thrive-animated-item  tve_evt_manager_listen tve_ea_thrive_animation tve_et_mouseover tve_anim_grow\" tcb_hover_state_parent=\"\" class=\"tve_evt_manager_listen tve_ea_thrive_animation tve_et_mouseover tve_anim_grow\" data-id=\"7624\" data-selector=\".post-wrapper\"><style class=\"tcb-post-list-dynamic-style\" type=\"text\/css\">@media (min-width: 300px){[].tcb-post-list #post-7624 []{background-image: url(\u00ab\u00a0https:\/\/www.paristouristinformation.fr\/fr\/wp-content\/uploads\/2021\/02\/Musee-Jacquemart-Andre-in-Paris-in-France-1024x538.jpg\u00ab\u00a0) !important;}[].tcb-post-list #post-7624 []:hover []{background-image: url(\u00ab\u00a0https:\/\/www.paristouristinformation.fr\/fr\/wp-content\/uploads\/2021\/02\/Musee-Jacquemart-Andre-in-Paris-in-France-1024x538.jpg\u00ab\u00a0) !important;}}<\/style><a href=\"https:\/\/www.paristouristinformation.fr\/fr\/choses-a-faire\/musees\/musee-jacquemart-andre\/\" dynamic-postlink=\"tcb_post_the_permalink\" data-shortcode-id=\"7624\"><\/a><\/p>\n<h3 style=\"text-align: center; padding-top: 0px !important; margin-top: 0px !important;\"><span data-attr-link=\"1\" data-attr-rel=\"0\" data-attr-target=\"0\" data-extra_key=\"\" data-option-inline=\"1\" data-shortcode=\"tcb_post_title\" data-shortcode-name=\"Post title\" data-attr-css=\"\" data-attr-static-link=\"{&quot;className&quot;:&quot;tve-froala fr-basic&quot;,&quot;href&quot;:&quot;https:\/\/www.paristouristinformation.fr\/fr\/choses-a-faire\/musees\/musee-jacquemart-andre\/&quot;,&quot;title&quot;:&quot;Guide du mus\u00e9e Jacquemart Andr\u00e9 \u00e0 Paris : Exposition &amp; Billets&quot;,&quot;class&quot;:&quot;tve-froala fr-basic&quot;}\" style=\"\"><a href=\"https:\/\/www.paristouristinformation.fr\/fr\/choses-a-faire\/musees\/musee-jacquemart-andre\/\" title=\"Guide du mus\u00e9e Jacquemart Andr\u00e9 \u00e0 Paris : Exposition &amp; Billets\" data-css=\"\" class=\"tve-froala fr-basic\">Guide du mus\u00e9e Jacquemart Andr\u00e9 \u00e0 Paris : Exposition &amp; Billets<\/a><\/span><\/h3>\n<p><\/article><article id=\"post-7650\" class=\"post-7650 page type-page status-publish has-post-thumbnail hentry post-wrapper thrv_wrapper thrive-animated-item  tve_evt_manager_listen tve_ea_thrive_animation tve_et_mouseover tve_anim_grow\" tcb_hover_state_parent=\"\" class=\"tve_evt_manager_listen tve_ea_thrive_animation tve_et_mouseover tve_anim_grow\" data-id=\"7650\" data-selector=\".post-wrapper\"><style class=\"tcb-post-list-dynamic-style\" type=\"text\/css\">@media (min-width: 300px){[].tcb-post-list #post-7650 []{background-image: url(\u00ab\u00a0https:\/\/www.paristouristinformation.fr\/fr\/wp-content\/uploads\/2020\/12\/Notre-Dame-Cruise-Seine-in-Paris-in-France.jpg\u00ab\u00a0) !important;}[].tcb-post-list #post-7650 []:hover []{background-image: url(\u00ab\u00a0https:\/\/www.paristouristinformation.fr\/fr\/wp-content\/uploads\/2020\/12\/Notre-Dame-Cruise-Seine-in-Paris-in-France.jpg\u00ab\u00a0) !important;}}<\/style><a href=\"https:\/\/www.paristouristinformation.fr\/fr\/choses-a-faire\/croisiere-sur-la-seine\/\" dynamic-postlink=\"tcb_post_the_permalink\" data-shortcode-id=\"7624\"><\/a><\/p>\n<h3 style=\"text-align: center; padding-top: 0px !important; margin-top: 0px !important;\"><span data-attr-link=\"1\" data-attr-rel=\"0\" data-attr-target=\"0\" data-extra_key=\"\" data-option-inline=\"1\" data-shortcode=\"tcb_post_title\" data-shortcode-name=\"Post title\" data-attr-css=\"\" data-attr-static-link=\"{&quot;className&quot;:&quot;tve-froala fr-basic&quot;,&quot;href&quot;:&quot;https:\/\/www.paristouristinformation.fr\/fr\/choses-a-faire\/musees\/musee-jacquemart-andre\/&quot;,&quot;title&quot;:&quot;Guide du mus\u00e9e Jacquemart Andr\u00e9 \u00e0 Paris : Exposition &amp; Billets&quot;,&quot;class&quot;:&quot;tve-froala fr-basic&quot;}\" style=\"\"><a href=\"https:\/\/www.paristouristinformation.fr\/fr\/choses-a-faire\/croisiere-sur-la-seine\/\" title=\"Croisi\u00e8re sur la Seine \u00e0 Paris : R\u00e9servation &amp; Conseils\" data-css=\"\" class=\"tve-froala fr-basic\">Croisi\u00e8re sur la Seine \u00e0 Paris : R\u00e9servation &amp; Conseils<\/a><\/span><\/h3>\n<p><\/article><article id=\"post-8125\" class=\"post-8125 page type-page status-publish has-post-thumbnail hentry post-wrapper thrv_wrapper thrive-animated-item  tve_evt_manager_listen tve_ea_thrive_animation tve_et_mouseover tve_anim_grow\" tcb_hover_state_parent=\"\" class=\"tve_evt_manager_listen tve_ea_thrive_animation tve_et_mouseover tve_anim_grow\" data-id=\"8125\" data-selector=\".post-wrapper\"><style class=\"tcb-post-list-dynamic-style\" type=\"text\/css\">@media (min-width: 300px){[].tcb-post-list #post-8125 []{background-image: url(\u00ab\u00a0https:\/\/www.paristouristinformation.fr\/fr\/wp-content\/uploads\/2021\/07\/hop-on-hop-off-bus-in-Paris-in-France-1024x538.jpg\u00ab\u00a0) !important;}[].tcb-post-list #post-8125 []:hover []{background-image: url(\u00ab\u00a0https:\/\/www.paristouristinformation.fr\/fr\/wp-content\/uploads\/2021\/07\/hop-on-hop-off-bus-in-Paris-in-France-1024x538.jpg\u00ab\u00a0) !important;}}<\/style><a href=\"https:\/\/www.paristouristinformation.fr\/fr\/choses-a-faire\/hop-on-hop-off\/\" dynamic-postlink=\"tcb_post_the_permalink\" data-shortcode-id=\"7624\"><\/a><\/p>\n<h3 style=\"text-align: center; padding-top: 0px !important; margin-top: 0px !important;\"><span data-attr-link=\"1\" data-attr-rel=\"0\" data-attr-target=\"0\" data-extra_key=\"\" data-option-inline=\"1\" data-shortcode=\"tcb_post_title\" data-shortcode-name=\"Post title\" data-attr-css=\"\" data-attr-static-link=\"{&quot;className&quot;:&quot;tve-froala fr-basic&quot;,&quot;href&quot;:&quot;https:\/\/www.paristouristinformation.fr\/fr\/choses-a-faire\/musees\/musee-jacquemart-andre\/&quot;,&quot;title&quot;:&quot;Guide du mus\u00e9e Jacquemart Andr\u00e9 \u00e0 Paris : Exposition &amp; Billets&quot;,&quot;class&quot;:&quot;tve-froala fr-basic&quot;}\" style=\"\"><a href=\"https:\/\/www.paristouristinformation.fr\/fr\/choses-a-faire\/hop-on-hop-off\/\" title=\"Tours Hop on Hop off en bateau et en bus \u00e0 Paris\" data-css=\"\" class=\"tve-froala fr-basic\">Tours Hop on Hop off en bateau et en bus \u00e0 Paris<\/a><\/span><\/h3>\n<p><\/article><article id=\"post-8629\" class=\"post-8629 page type-page status-publish has-post-thumbnail hentry post-wrapper thrv_wrapper thrive-animated-item  tve_evt_manager_listen tve_ea_thrive_animation tve_et_mouseover tve_anim_grow\" tcb_hover_state_parent=\"\" class=\"tve_evt_manager_listen tve_ea_thrive_animation tve_et_mouseover tve_anim_grow\" data-id=\"8629\" data-selector=\".post-wrapper\"><style class=\"tcb-post-list-dynamic-style\" type=\"text\/css\">@media (min-width: 300px){[].tcb-post-list #post-8629 []{background-image: url(\u00ab\u00a0https:\/\/www.paristouristinformation.fr\/fr\/wp-content\/uploads\/2021\/06\/petit-palais-in-paris-in-france-1024x538.jpg\u00ab\u00a0) !important;}[].tcb-post-list #post-8629 []:hover []{background-image: url(\u00ab\u00a0https:\/\/www.paristouristinformation.fr\/fr\/wp-content\/uploads\/2021\/06\/petit-palais-in-paris-in-france-1024x538.jpg\u00ab\u00a0) !important;}}<\/style><a href=\"https:\/\/www.paristouristinformation.fr\/fr\/choses-a-faire\/musees\/petit-palais\/\" dynamic-postlink=\"tcb_post_the_permalink\" data-shortcode-id=\"7624\"><\/a><\/p>\n<h3 style=\"text-align: center; padding-top: 0px !important; margin-top: 0px !important;\"><span data-attr-link=\"1\" data-attr-rel=\"0\" data-attr-target=\"0\" data-extra_key=\"\" data-option-inline=\"1\" data-shortcode=\"tcb_post_title\" data-shortcode-name=\"Post title\" data-attr-css=\"\" data-attr-static-link=\"{&quot;className&quot;:&quot;tve-froala fr-basic&quot;,&quot;href&quot;:&quot;https:\/\/www.paristouristinformation.fr\/fr\/choses-a-faire\/musees\/musee-jacquemart-andre\/&quot;,&quot;title&quot;:&quot;Guide du mus\u00e9e Jacquemart Andr\u00e9 \u00e0 Paris : Exposition &amp; Billets&quot;,&quot;class&quot;:&quot;tve-froala fr-basic&quot;}\" style=\"\"><a href=\"https:\/\/www.paristouristinformation.fr\/fr\/choses-a-faire\/musees\/petit-palais\/\" title=\"Guide du Petit Palais \u00e0 Paris : Expositions, billets et informations\" data-css=\"\" class=\"tve-froala fr-basic\">Guide du Petit Palais \u00e0 Paris : Expositions, billets et informations<\/a><\/span><\/h3>\n<p><\/article><\/div>\n","protected":false},"excerpt":{"rendered":"<p>Le Grand Palais, qui a plus de 100 ans d&rsquo;histoire, est aujourd&rsquo;hui utilis\u00e9 comme un lieu hybride pour diverses expositions et \u00e9v\u00e9nements.En effet, le Grand Palais, qui signifie \u00ab\u00a0Grand Palais\u00a0\u00bb en anglais, est l&rsquo;un des plus magnifiques monuments de Paris, tr\u00e8s populaire parmi les amateurs et professionnels de la mode du monde entier pour les [&hellip;]<\/p>\n","protected":false},"author":11,"featured_media":8198,"parent":68,"menu_order":0,"comment_status":"closed","ping_status":"closed","template":"","meta":{"footnotes":""},"tags":[],"class_list":{"0":"post-6884","1":"page","2":"type-page","3":"status-publish","4":"has-post-thumbnail","5":"hentry","6":"post-wrapper","7":"thrv_wrapper","10":"thrive-animated-item"},"_links":{"self":[{"href":"https:\/\/www.paristouristinformation.fr\/fr\/wp-json\/wp\/v2\/pages\/6884","targetHints":{"allow":["GET"]}}],"collection":[{"href":"https:\/\/www.paristouristinformation.fr\/fr\/wp-json\/wp\/v2\/pages"}],"about":[{"href":"https:\/\/www.paristouristinformation.fr\/fr\/wp-json\/wp\/v2\/types\/page"}],"author":[{"embeddable":true,"href":"https:\/\/www.paristouristinformation.fr\/fr\/wp-json\/wp\/v2\/users\/11"}],"replies":[{"embeddable":true,"href":"https:\/\/www.paristouristinformation.fr\/fr\/wp-json\/wp\/v2\/comments?post=6884"}],"version-history":[{"count":0,"href":"https:\/\/www.paristouristinformation.fr\/fr\/wp-json\/wp\/v2\/pages\/6884\/revisions"}],"up":[{"embeddable":true,"href":"https:\/\/www.paristouristinformation.fr\/fr\/wp-json\/wp\/v2\/pages\/68"}],"wp:featuredmedia":[{"embeddable":true,"href":"https:\/\/www.paristouristinformation.fr\/fr\/wp-json\/wp\/v2\/media\/8198"}],"wp:attachment":[{"href":"https:\/\/www.paristouristinformation.fr\/fr\/wp-json\/wp\/v2\/media?parent=6884"}],"wp:term":[{"taxonomy":"post_tag","embeddable":true,"href":"https:\/\/www.paristouristinformation.fr\/fr\/wp-json\/wp\/v2\/tags?post=6884"}],"curies":[{"name":"wp","href":"https:\/\/api.w.org\/{rel}","templated":true}]}}