{"id":709,"date":"2020-12-22T23:07:27","date_gmt":"2020-12-22T23:07:27","guid":{"rendered":"http:\/\/paristouristinformation.fr\/fr\/?page_id=709"},"modified":"2023-05-16T10:09:16","modified_gmt":"2023-05-16T10:09:16","slug":"bus","status":"publish","type":"page","link":"https:\/\/www.paristouristinformation.fr\/fr\/organisez-votre-voyage-a-paris\/bus\/","title":{"rendered":"Comment prendre un bus \u00e0 Paris ?"},"content":{"rendered":"<p>Il y a plus de 400 lignes de bus qui couvrent toute la r\u00e9gion m\u00e9tropolitaine de Paris et s&rsquo;arr\u00eatent \u00e0 plus de 12 000 arr\u00eats. Ils commencent \u00e0 circuler vers 7 heures du matin. La majorit\u00e9 des bus continuent g\u00e9n\u00e9ralement jusqu&rsquo;\u00e0 20h30 et certains autres jusqu&rsquo;\u00e0 minuit. Pour certaines destinations sp\u00e9cifiques, comme la gare routi\u00e8re internationale Gallieni, il existe des lignes suppl\u00e9mentaires (appel\u00e9es Noctilien) qui desservent toute la nuit. Pendant la journ\u00e9e, la fr\u00e9quence des bus est de 5 \u00e0 8 minutes.<\/p>\n<p><img decoding=\"async\" src=\"http:\/\/paristouristinformation.fr\/fr\/wp-content\/uploads\/2020\/12\/public-bus-hours-and-maps-in-paris-in-france.jpg\" alt=\"\" style=\"\"><\/p>\n<ul>\n<li><a rel=\"noreferrer noopener nofollow\" href=\"https:\/\/pinterest.com\/pin\/create\/button\/?url=https:\/\/www.paristouristinformation.fr\/fr\/organisez-votre-voyage-a-paris\/bus\/?tve=true&amp;tcbf=4c891bf560&amp;is_video=false&amp;media=http:\/\/paristouristinformation.fr\/fr\/wp-content\/uploads\/2020\/12\/public-bus-hours-and-maps-in-paris-in-france.jpg&amp;description=Comment%20prendre%20un%20bus%20%C3%A0%20Paris%20%3F%20%7C%20ParisTouristInformation.fr\" onclick=\"essb.window('https:\/\/pinterest.com\/pin\/create\/button\/?url=https:\/\/www.paristouristinformation.fr\/fr\/organisez-votre-voyage-a-paris\/bus\/?tve=true&amp;tcbf=4c891bf560&amp;is_video=false&amp;media=http:\/\/paristouristinformation.fr\/fr\/wp-content\/uploads\/2020\/12\/public-bus-hours-and-maps-in-paris-in-france.jpg&amp;description=Comment%20prendre%20un%20bus%20%C3%A0%20Paris%20%3F%20%7C%20ParisTouristInformation.fr','pinpro','l0ccezz4'); return false;\" target=\"_blank\"><span>Pin<\/span><\/a><\/li>\n<\/ul>\n<p>Les billets sont les m\u00eames que ceux du m\u00e9tro parisien que vous pouvez acheter aux machines et aux cabines de toutes les stations de m\u00e9tro. Un seul ticket co\u00fbte 1,90\u20ac. Mais si vous en achetez 10 \u00e0 la fois (Carnet en fran\u00e7ais) 16,90\u20ac. En outre, les passagers peuvent \u00e9galement acheter des tickets aupr\u00e8s des chauffeurs pour 2\u20ac chacun. Contrairement au m\u00e9tro, il n&rsquo;est pas possible de combiner plusieurs trajets en bus avec le m\u00eame ticket.<\/p>\n<p><img decoding=\"async\" src=\"http:\/\/paristouristinformation.fr\/fr\/wp-content\/uploads\/2020\/12\/public-bus-station-in-paris.jpg\" alt=\"\" style=\"\"><\/p>\n<ul>\n<li><a rel=\"noreferrer noopener nofollow\" href=\"https:\/\/pinterest.com\/pin\/create\/button\/?url=https:\/\/www.paristouristinformation.fr\/fr\/organisez-votre-voyage-a-paris\/bus\/?tve=true&amp;tcbf=4c891bf560&amp;is_video=false&amp;media=http:\/\/paristouristinformation.fr\/fr\/wp-content\/uploads\/2020\/12\/public-bus-station-in-paris.jpg&amp;description=Comment%20prendre%20un%20bus%20%C3%A0%20Paris%20%3F%20%7C%20ParisTouristInformation.fr\" onclick=\"essb.window('https:\/\/pinterest.com\/pin\/create\/button\/?url=https:\/\/www.paristouristinformation.fr\/fr\/organisez-votre-voyage-a-paris\/bus\/?tve=true&amp;tcbf=4c891bf560&amp;is_video=false&amp;media=http:\/\/paristouristinformation.fr\/fr\/wp-content\/uploads\/2020\/12\/public-bus-station-in-paris.jpg&amp;description=Comment%20prendre%20un%20bus%20%C3%A0%20Paris%20%3F%20%7C%20ParisTouristInformation.fr','pinpro','l0ccezza'); return false;\" target=\"_blank\"><span>Pin<\/span><\/a><\/li>\n<\/ul>\n<p>Les bus publics \u00e0 Paris sont tous num\u00e9rot\u00e9s avec des codes \u00e0 deux chiffres comme 24 ou 87. Et vous pouvez toujours lire ce num\u00e9ro et la destination finale de la ligne \u00e0 l&rsquo;avant des v\u00e9hicules. Comment monter dans un bus \u00e0 Paris ? Tout d&rsquo;abord, ils ne prennent que dans les gares et si quelqu&rsquo;un attend, faites-lui signe de la main lorsqu&rsquo;il s&rsquo;approche. Utilisez la porte d&rsquo;entr\u00e9e et validez votre billet gr\u00e2ce aux machines situ\u00e9es \u00e0 l&rsquo;int\u00e9rieur. Si vous oubliez, vous risquez de recevoir une amende si vous vous faites prendre.<\/p>\n","protected":false},"excerpt":{"rendered":"<p>Il y a plus de 400 lignes de bus qui couvrent toute la r\u00e9gion m\u00e9tropolitaine de Paris et s&rsquo;arr\u00eatent \u00e0 plus de 12 000 arr\u00eats. Ils commencent \u00e0 circuler vers 7 heures du matin. La majorit\u00e9 des bus continuent g\u00e9n\u00e9ralement jusqu&rsquo;\u00e0 20h30 et certains autres jusqu&rsquo;\u00e0 minuit. Pour certaines destinations sp\u00e9cifiques, comme la gare routi\u00e8re [&hellip;]<\/p>\n","protected":false},"author":11,"featured_media":10233,"parent":3544,"menu_order":0,"comment_status":"closed","ping_status":"closed","template":"","meta":{"footnotes":""},"tags":[],"class_list":["post-709","page","type-page","status-publish","has-post-thumbnail","hentry","post-wrapper","thrv_wrapper"],"_links":{"self":[{"href":"https:\/\/www.paristouristinformation.fr\/fr\/wp-json\/wp\/v2\/pages\/709","targetHints":{"allow":["GET"]}}],"collection":[{"href":"https:\/\/www.paristouristinformation.fr\/fr\/wp-json\/wp\/v2\/pages"}],"about":[{"href":"https:\/\/www.paristouristinformation.fr\/fr\/wp-json\/wp\/v2\/types\/page"}],"author":[{"embeddable":true,"href":"https:\/\/www.paristouristinformation.fr\/fr\/wp-json\/wp\/v2\/users\/11"}],"replies":[{"embeddable":true,"href":"https:\/\/www.paristouristinformation.fr\/fr\/wp-json\/wp\/v2\/comments?post=709"}],"version-history":[{"count":0,"href":"https:\/\/www.paristouristinformation.fr\/fr\/wp-json\/wp\/v2\/pages\/709\/revisions"}],"up":[{"embeddable":true,"href":"https:\/\/www.paristouristinformation.fr\/fr\/wp-json\/wp\/v2\/pages\/3544"}],"wp:featuredmedia":[{"embeddable":true,"href":"https:\/\/www.paristouristinformation.fr\/fr\/wp-json\/wp\/v2\/media\/10233"}],"wp:attachment":[{"href":"https:\/\/www.paristouristinformation.fr\/fr\/wp-json\/wp\/v2\/media?parent=709"}],"wp:term":[{"taxonomy":"post_tag","embeddable":true,"href":"https:\/\/www.paristouristinformation.fr\/fr\/wp-json\/wp\/v2\/tags?post=709"}],"curies":[{"name":"wp","href":"https:\/\/api.w.org\/{rel}","templated":true}]}}