{"id":7462,"date":"2021-03-09T09:09:29","date_gmt":"2021-03-09T09:09:29","guid":{"rendered":"http:\/\/paristouristinformation.fr\/fr\/?page_id=7462"},"modified":"2022-03-03T13:51:33","modified_gmt":"2022-03-03T13:51:33","slug":"dernieres-informations-sur-le-voyage-a-paris-pendant-le-covid-19","status":"publish","type":"page","link":"https:\/\/www.paristouristinformation.fr\/fr\/dernieres-informations-sur-le-voyage-a-paris-pendant-le-covid-19\/","title":{"rendered":"Derni\u00e8res informations sur le voyage \u00e0 Paris pendant le COVID-19"},"content":{"rendered":"<p style=\"text-align: center;\"><em>Cet article est revu r\u00e9guli\u00e8rement par l&rsquo;\u00e9quipe \u00e9ditoriale de <\/em><a href=\"https:\/\/www.paristouristinformation.fr\/fr\/\"><em>ParisTouristInformation <\/em><\/a><em>pour s&rsquo;assurer qu&rsquo;il est \u00e0 jour et exact.<\/em><\/p>\n<p><strong>Mis \u00e0 jour le 03 septembre, 2021<\/strong><\/p>\n<p>Comme le reste du monde, la France est \u00e9galement touch\u00e9e par la pand\u00e9mie de Covid-19 depuis mars 2020. Sur cette page, nous r\u00e9pondrons \u00e0 toutes les questions que vous vous posez sur la situation \u00e0 Paris. Si vous vous rendez prochainement \u00e0 Paris, d\u00e9couvrez ci-dessous toutes les mesures prises \u00e0 Paris en cas de pand\u00e9mie de Covid-19.<\/p>\n<h2 id=\"t-1610539832044\">Qui peut se rendre \u00e0 Paris aujourd&rsquo;hui ?<\/h2>\n<p>La r\u00e9glementation relative aux voyages \u00e0 Paris d\u00e9pend de votre statut vaccinal, du pays d&rsquo;o\u00f9 vous entrez et de la raison de votre voyage.Depuis le 18 juillet, les voyageurs enti\u00e8rement vaccin\u00e9s de tous les pays peuvent entrer en France sans avoir \u00e0 pr\u00e9senter un test PCR.Dans ce cas, une preuve de vaccination valide et une <a href=\"https:\/\/www.interieur.gouv.fr\/covid-19-international-travel\" target=\"_blank\" rel=\"noopener nofollow\">d\u00e9claration sur l&rsquo;honneur<\/a> sont requises.Pour plus d&rsquo;informations et la r\u00e9glementation pour les voyageurs non vaccin\u00e9s, consultez le site du <a href=\"https:\/\/www.diplomatie.gouv.fr\/en\/coming-to-france\/coming-to-france-your-covid-19-questions-answered\/article\/coming-to-france-your-covid-19-questions-answered?var_mode=calcul\" target=\"_blank\" rel=\"noopener nofollow\">minist\u00e8re de l&rsquo;Europe et des Affaires \u00e9trang\u00e8res.<\/a>Pour les d\u00e9placements en France, il n&rsquo;y a pas de restrictions. Toutefois, un passeport sanitaire est exig\u00e9 pour les voyages longue distance en avion, en train et en bus.<\/p>\n<h2 id=\"t-1610539832045\">Dois-je faire une quarantaine si je voyage \u00e0 Paris ?<\/h2>\n<p>Seuls les voyageurs non vaccin\u00e9s en provenance d&rsquo;un pays \u00ab\u00a0rouge\u00a0\u00bb doivent rester en quarantaine pendant 10 jours \u00e0 leur arriv\u00e9e en France.Sachez que si vous pr\u00e9sentez des sympt\u00f4mes du COVID-19 \u00e0 votre arriv\u00e9e \u00e0 Paris, vous pouvez \u00eatre mis en quarantaine ou plac\u00e9 en isolement.<\/p>\n<h2 id=\"t-1610539832046\">Y a-t-il des vols pour Paris en ce moment ?<\/h2>\n<p>Oui, il existe des vols r\u00e9guliers vers les trois <a href=\"https:\/\/paristouristinformation.fr\/fr\/organisez-votre-voyage-a-paris\/aeroports\/\">a\u00e9roports de Paris.<\/a><\/p>\n<h2 id=\"t-1612561690887\">Quelles sont les r\u00e8gles du Covid-19 \u00e0 Paris en ce moment ?<\/h2>\n<p>La plupart des restrictions, comme le couvre-feu, ont \u00e9t\u00e9 lev\u00e9es \u00e0 Paris.&nbsp;<\/p>\n<p><strong>Les r\u00e8gles suivantes s&rsquo;appliquent toujours :<\/strong><\/p>\n<p>Vous \u00eates tenu de porter un masque dans les transports publics, dans les b\u00e2timents publics et dans les lieux o\u00f9 la distanciation sociale n&rsquo;est pas possible (files d&rsquo;attente, march\u00e9s en plein air, etc.).Un laissez-passer sanitaire doit \u00eatre pr\u00e9sent\u00e9 pour entrer dans les bars, caf\u00e9s, restaurants, centres commerciaux et h\u00f4pitaux (sauf en cas d&rsquo;urgence).Le laissez-passer sanitaire doit \u00eatre pr\u00e9sent\u00e9 dans les lieux culturels et de loisirs, ainsi que dans les manifestations r\u00e9unissant plus de 50 personnes. Cela inclut les th\u00e9\u00e2tres, les mus\u00e9es, les parcs d&rsquo;attractions, les festivals, les monuments et, dans certains cas, les lieux de culte.Comme indiqu\u00e9 plus haut, un laissez-passer sanitaire est n\u00e9cessaire pour les voyages longue distance en avion, en train ou en bus.Pour les s\u00e9jours de vacances, vous devez pr\u00e9senter le laissez-passer sanitaire une fois \u00e0 l&rsquo;arriv\u00e9e.<\/p>\n<h2 id=\"t-1630650389295\">Qu&rsquo;est-ce qu&rsquo;un passeport sant\u00e9 ?<\/h2>\n<p>Le passeport sanitaire Covid-19 doit apporter la preuve de<strong> l&rsquo;un<\/strong> des trois \u00e9l\u00e9ments suivants :<\/p>\n<ul>\n<li>la preuve que vous avez \u00e9t\u00e9 enti\u00e8rement vaccin\u00e9 avec un vaccin approuv\u00e9 par l&rsquo;EMA ou un vaccin similaire.<\/li>\n<li>la preuve que vous avez \u00e9t\u00e9 test\u00e9 avec un r\u00e9sultat n\u00e9gatif (PCR ou antig\u00e8ne) dans les derni\u00e8res 48 heures ;<\/li>\n<li>la preuve que vous avez gu\u00e9ri du COVID-19, comme l&rsquo;atteste un r\u00e9sultat positif \u00e0 un test antig\u00e8ne ou PCR datant d&rsquo;au moins 15 jours et de 6 mois au maximum.<\/li>\n<\/ul>\n<p>Les enfants de moins de 12 ans ne sont pas tenus d&rsquo;avoir un laissez-passer sanitaire.<\/p>\n<p><strong>Attention :<\/strong> les touristes \u00e9trangers doivent payer 49 \u20ac pour un test PCR et 29 \u20ac pour un test antig\u00e9nique en France.<\/p>\n<h2 id=\"t-1612561690888\">Les restaurants et les magasins sont-ils ouverts \u00e0 Paris ?<\/h2>\n<p>Oui, les restaurants, les centres commerciaux et les magasins sont ouverts.<\/p>\n<h2 id=\"t-1612561690889\">Les th\u00e9\u00e2tres et les mus\u00e9es sont-ils ouverts \u00e0 Paris ?<\/h2>\n<p>Les lieux culturels tels que les th\u00e9\u00e2tres, les mus\u00e9es, les cin\u00e9mas, les monuments, etc. sont \u00e0 nouveau ouverts sous certaines conditions.<\/p>\n<h2 id=\"t-1612561690890\">Disneyland Paris est-il ouvert \u00e0 Paris en ce moment ?<\/h2>\n<p>Disneyland Paris est actuellement ouvert. Cependant, les invit\u00e9s \u00e2g\u00e9s de 18 ans et plus doivent pr\u00e9senter un passeport sant\u00e9 pour visiter les Parcs Disney, les H\u00f4tels Disney et le Disney Village.<\/p>\n<h2 id=\"t-1612561690891\">O\u00f9 se loger \u00e0 Paris pendant la pand\u00e9mie ?<\/h2>\n<p>Voici une s\u00e9lection de nos h\u00f4tels recommand\u00e9s \u00e0 Paris o\u00f9 vous pourrez s\u00e9journer pendant la pand\u00e9mie :<\/p>\n<ul>\n<li>Consultez ici notre liste de <a href=\"https:\/\/paristouristinformation.fr\/fr\/hotel\/3-etoiles\/\" style=\"outline: none;\">25 h\u00f4tels 3 \u00e9toiles abordables dans le centre de Paris.<\/a><\/li>\n<li>Consultez notre s\u00e9lection des <a href=\"https:\/\/paristouristinformation.fr\/fr\/hotel\/4-etoiles\/\">meilleurs h\u00f4tels 4 \u00e9toiles de Paris.<\/a><\/li>\n<li>Pour les h\u00f4tels exclusifs, consultez notre page sur les <a href=\"https:\/\/paristouristinformation.fr\/fr\/hotel\/5-etoiles\/\">meilleurs h\u00f4tels 5 \u00e9toiles de Paris.<\/a><\/li>\n<li>Vous envisagez de passer votre lune de miel \u00e0 Paris ? Alors jetez un coup d&rsquo;\u0153il \u00e0 notre s\u00e9lection des <a href=\"https:\/\/paristouristinformation.fr\/fr\/hotel\/lune-de-miel\/\" style=\"outline: none;\">15 meilleurs h\u00f4tels pour les couples en lune de miel.<\/a><\/li>\n<li>Si vous envisagez un voyage \u00e0 Disneyland Paris, n&rsquo;oubliez pas de lire nos recommandations pour les <a href=\"https:\/\/paristouristinformation.fr\/fr\/hotel\/disneyland\/\">h\u00f4tels Disneyland \u00e0 Paris.<\/a><\/li>\n<\/ul>\n<h2 id=\"t-1613463172184\">O\u00f9 trouver l&rsquo;actualit\u00e9 gouvernementale fran\u00e7aise en anglais ?<\/h2>\n<h4 style=\"\">Minist\u00e8re de l&rsquo;int\u00e9rieur<\/h4>\n<p style=\"\">Vous pouvez acc\u00e9der aux derni\u00e8res informations du gouvernement fran\u00e7ais sur le site de l<a href=\"https:\/\/www.gouvernement.fr\/en\/news\" target=\"_blank\" style=\"outline: none;\" rel=\"noopener nofollow\">site officiel du gouvernement<\/a>.<\/p>\n<h4>Euronews&nbsp;<\/h4>\n<p style=\"\">Vous pouvez trouver des informations nationales et internationales sur la France en anglais sur<a href=\"https:\/\/www.euronews.com\/news\/europe\/france\" spellcheck=\"false\" target=\"_blank\" style=\"outline: none;\" rel=\"noopener nofollow\">Euronews Nouvelles fran\u00e7aises<\/a>.<\/p>\n<h4 style=\"\">France Diplomatie :<\/h4>\n<p>Pour conna\u00eetre l&rsquo;actualit\u00e9 de la politique \u00e9trang\u00e8re de la France et obtenir des informations sur la mani\u00e8re de venir en France, consultez le site web de<a href=\"https:\/\/www.diplomatie.gouv.fr\/en\/\" target=\"_blank\" style=\"outline: none;\" rel=\"noopener nofollow\">Minist\u00e8re de l&rsquo;Europe et des Affaires \u00e9trang\u00e8res.<\/a><\/p>\n<h4>France 24<\/h4>\n<p style=\"\">Retrouvez l&rsquo;actualit\u00e9 internationale, les reportages sur la France et les grands sujets de culture, d&rsquo;\u00e9conomie et de sport sur le site de la cha\u00eene d&rsquo;information.<a href=\"https:\/\/www.france24.com\/en\/\" target=\"_blank\" style=\"outline: none;\" rel=\"noopener nofollow\">France 24<\/a>.<\/p>\n","protected":false},"excerpt":{"rendered":"<p>Cet article est revu r\u00e9guli\u00e8rement par l&rsquo;\u00e9quipe \u00e9ditoriale de ParisTouristInformation pour s&rsquo;assurer qu&rsquo;il est \u00e0 jour et exact. Mis \u00e0 jour le 03 septembre, 2021 Comme le reste du monde, la France est \u00e9galement touch\u00e9e par la pand\u00e9mie de Covid-19 depuis mars 2020. Sur cette page, nous r\u00e9pondrons \u00e0 toutes les questions que vous vous [&hellip;]<\/p>\n","protected":false},"author":11,"featured_media":8173,"parent":0,"menu_order":0,"comment_status":"closed","ping_status":"closed","template":"","meta":{"footnotes":""},"tags":[],"class_list":["post-7462","page","type-page","status-publish","has-post-thumbnail","hentry","post-wrapper","thrv_wrapper"],"_links":{"self":[{"href":"https:\/\/www.paristouristinformation.fr\/fr\/wp-json\/wp\/v2\/pages\/7462","targetHints":{"allow":["GET"]}}],"collection":[{"href":"https:\/\/www.paristouristinformation.fr\/fr\/wp-json\/wp\/v2\/pages"}],"about":[{"href":"https:\/\/www.paristouristinformation.fr\/fr\/wp-json\/wp\/v2\/types\/page"}],"author":[{"embeddable":true,"href":"https:\/\/www.paristouristinformation.fr\/fr\/wp-json\/wp\/v2\/users\/11"}],"replies":[{"embeddable":true,"href":"https:\/\/www.paristouristinformation.fr\/fr\/wp-json\/wp\/v2\/comments?post=7462"}],"version-history":[{"count":0,"href":"https:\/\/www.paristouristinformation.fr\/fr\/wp-json\/wp\/v2\/pages\/7462\/revisions"}],"wp:featuredmedia":[{"embeddable":true,"href":"https:\/\/www.paristouristinformation.fr\/fr\/wp-json\/wp\/v2\/media\/8173"}],"wp:attachment":[{"href":"https:\/\/www.paristouristinformation.fr\/fr\/wp-json\/wp\/v2\/media?parent=7462"}],"wp:term":[{"taxonomy":"post_tag","embeddable":true,"href":"https:\/\/www.paristouristinformation.fr\/fr\/wp-json\/wp\/v2\/tags?post=7462"}],"curies":[{"name":"wp","href":"https:\/\/api.w.org\/{rel}","templated":true}]}}