{"id":7624,"date":"2021-02-10T14:59:40","date_gmt":"2021-02-10T14:59:40","guid":{"rendered":"http:\/\/paristouristinformation.fr\/fr\/?page_id=7624"},"modified":"2023-05-16T06:57:53","modified_gmt":"2023-05-16T06:57:53","slug":"musee-jacquemart-andre","status":"publish","type":"page","link":"https:\/\/www.paristouristinformation.fr\/fr\/choses-a-faire\/musees\/musee-jacquemart-andre\/","title":{"rendered":"Guide du mus\u00e9e Jacquemart Andr\u00e9 \u00e0 Paris : Exposition &#038; Billets"},"content":{"rendered":"<p>Paris est bien connue pour \u00eatre la ville qui offre les plus beaux mus\u00e9es d&rsquo;art du monde.Si vous \u00eates passionn\u00e9 par les beaux-arts et les peintures, ce mus\u00e9e priv\u00e9 doit figurer dans votre liste de <a href=\"https:\/\/paristouristinformation.fr\/fr\/choses-a-faire\/musees\/\">mus\u00e9es \u00e0 d\u00e9couvrir \u00e0 Paris<\/a>. Le Mus\u00e9e Jacquemart Andr\u00e9 est situ\u00e9 sur le boulevard Haussmann, dans <strong>un b\u00e2timent unique et tr\u00e8s luxueux.<\/strong>Le mus\u00e9e a \u00e9t\u00e9 install\u00e9 sur la r\u00e9sidence priv\u00e9e d&rsquo;Edouard Andr\u00e9 et de sa femme et contient les \u0153uvres d&rsquo;art qu&rsquo;ils ont collectionn\u00e9es au cours de leur vie. Dans cet article, nous vous guiderons \u00e0 travers ce haut lieu de Paris, en vous donnant des informations utiles sur son histoire, ses billets et ses visites&#8230; Allons-y !<\/p>\n<h2 id=\"t-1610539832044\" data-alt-text=\"What can I do at The Museum ?\">Que puis-je faire au Mus\u00e9e Jacquemart-Andr\u00e9 ?<\/h2>\n<p>Le Mus\u00e9e Jacquemart-Andr\u00e9 est l&rsquo;une des \u00e9tapes du voyage artistique \u00e0 Paris, avec des <strong>centaines de peintures \u00e0 l&rsquo;huile <\/strong>et de sculptures provenant de diff\u00e9rentes parties du monde. Le merveilleux h\u00f4tel particulier construit au XIXe si\u00e8cle donne \u00e0 ses visiteurs une id\u00e9e de la fa\u00e7on dont la classe sup\u00e9rieure vivait en France \u00e0 la Belle \u00c9poque.<\/p>\n<p>Le mus\u00e9e conserve les <strong>\u0153uvres de nombreux ma\u00eetres renomm\u00e9s<\/strong> tels que Paolo Uccello, Gian Lorenzo Bernini, Sandro Botticelli, Andrea Mantegna, Jean-Honor\u00e9 Fragonard, Jean-Baptiste-Sim\u00e9on Chardin, \u00c9lisabeth-Louise Vig\u00e9e Le Brun, Canaletto, Jean-Marc Nattier, Alfred Boucher, Rembrandt, Anthony van Dyck, Frans Hals, Giovanni Battista Tiepolo, Jacques-Louis David, Thomas Lawrence, Joshua Reynolds et Thomas Gainsborough.<\/p>\n<p>La d\u00e9coration accrocheuse de ce mus\u00e9e<strong> t\u00e9moigne de la richesse du patrimoine parisien<\/strong> et de l&rsquo;art en g\u00e9n\u00e9ral.&nbsp;<\/p>\n<h3>Qui \u00e9tait Edouard Andr\u00e9 ?<\/h3>\n<p>N\u00e9 en 1833 \u00e0 Paris, il d\u00e9missionne de l&rsquo;arm\u00e9e en 1863 et s&rsquo;\u00e9loigne de la politique pour <strong>commencer une collection de peintures, de meubles et d&rsquo;objets d&rsquo;art. <\/strong><\/p>\n<h3>Les diff\u00e9rentes salles et sections du mus\u00e9e<\/h3>\n<p><strong>Les appartements priv\u00e9s :<\/strong> Situ\u00e9s au rez-de-chauss\u00e9e, les visiteurs peuvent voir dans cette section la chambre d&rsquo;Edouard et de Neli\u00e9 ainsi que la pi\u00e8ce o\u00f9 ils prenaient leur petit-d\u00e9jeuner le matin.<\/p>\n<p><strong>Les appartements informels :<\/strong> Dans cette section, les visiteurs peuvent voir la biblioth\u00e8que du manoir et les pi\u00e8ces o\u00f9 ils re\u00e7oivent leurs invit\u00e9s. Les murs sont orn\u00e9s de tableaux de peintres flamands et n\u00e9erlandais du XVIIe si\u00e8cle, tels qu&rsquo;Anton Van Dyck et Rembrandt Van Rijn.<\/p>\n<p><strong>Le jardin d&rsquo;hiver : <\/strong>Le jardin d&rsquo;hiver, situ\u00e9 derri\u00e8re la salle de musique, est un lieu calme agr\u00e9ment\u00e9 de plantes exotiques sous un toit de verre.<\/p>\n<p><strong>Renaissance italienne :<\/strong> Les propri\u00e9taires de la collection et du manoir forment une \u00e9quipe formidable partageant une passion commune pour l&rsquo;art de la Renaissance italienne. Ils ont cr\u00e9\u00e9 une collection unique de nombreuses pi\u00e8ces pr\u00e9cieuses de ma\u00eetres italiens provenant de leurs voyages en Italie. Trois salles sont divis\u00e9es dans cette section : la salle florentine, la salle v\u00e9nitienne et la salle des sculptures.<\/p>\n<p><strong> Chambre florentine :<\/strong> La chambre abritait autrefois de petits objets tels que des bijoux et des c\u00e9ramiques mais elle a ensuite \u00e9t\u00e9 d\u00e9cor\u00e9e selon les go\u00fbts de N\u00e9lie qui \u00e9tait tr\u00e8s passionn\u00e9e par Florence. Une petite chapelle a \u00e9t\u00e9 ajout\u00e9e pour le culte en plus des inestimables peintures collect\u00e9es \u00e0 Florence. Ici, les visiteurs peuvent voir des chefs-d&rsquo;\u0153uvre tels que la Vierge \u00e0 l&rsquo;Enfant de Botticelli, le Saint Georges battant le dragon de Paolo Uccello.<\/p>\n<p><strong> Salle v\u00e9nitienne :<\/strong> La salle abrite les peintures collect\u00e9es \u00e0 Venise et dans de nombreuses \u00e9coles d&rsquo;art du nord de l&rsquo;Italie. Certains tableaux importants expos\u00e9s ici appartiennent \u00e0 Carpaccio et Bellini.<\/p>\n<p><span><img decoding=\"async\" alt=\"\" data-id=\"7782\" width=\"702\" data-init-width=\"1000\" height=\"470\" data-init-height=\"670\" title=\"The Mus\u00e9e Jacquemart-Andr\u00e9 in Paris in France courtyard\" src=\"http:\/\/paristouristinformation.fr\/fr\/wp-content\/uploads\/2021\/02\/The-Musee-Jacquemart-Andre-in-Paris-in-France-courtyard.jpg\" data-width=\"702\" data-height=\"470\" style=\"\" loading=\"lazy\"><\/span><\/p>\n<ul>\n<li><a rel=\"noreferrer noopener nofollow\" href=\"https:\/\/pinterest.com\/pin\/create\/button\/?url=https:\/\/www.paristouristinformation.fr\/fr\/choses-a-faire\/musees\/musee-jacquemart-andre\/?tve=true&amp;tcbf=ef9918f519&amp;is_video=false&amp;media=http:\/\/paristouristinformation.fr\/fr\/wp-content\/uploads\/2021\/02\/The-Musee-Jacquemart-Andre-in-Paris-in-France-courtyard.jpg&amp;description=Guide%20du%20mus%C3%A9e%20Jacquemart%20Andr%C3%A9%20%7C%20ParisTouristInformation.fr\" onclick=\"essb.window('https:\/\/pinterest.com\/pin\/create\/button\/?url=https:\/\/www.paristouristinformation.fr\/fr\/choses-a-faire\/musees\/musee-jacquemart-andre\/?tve=true&amp;tcbf=ef9918f519&amp;is_video=false&amp;media=http:\/\/paristouristinformation.fr\/fr\/wp-content\/uploads\/2021\/02\/The-Musee-Jacquemart-Andre-in-Paris-in-France-courtyard.jpg&amp;description=Guide%20du%20mus%C3%A9e%20Jacquemart%20Andr%C3%A9%20%7C%20ParisTouristInformation.fr','pinpro','l044mahv'); return false;\" target=\"_blank\"><span><\/span><span>Pin<\/span><\/a><\/li>\n<\/ul>\n<p><b>Caf\u00e9 et biblioth\u00e8que :<span style=\"font-weight: normal;\"> Il y a un petit salon de th\u00e9\/caf\u00e9 avec vue sur la cour qui est aussi un bon choix pour un d\u00e9jeuner ou un brunch. Vous trouverez \u00e9galement une jolie boutique de cadeaux culturels o\u00f9 vous pourrez acheter des livres et des catalogues ainsi que des objets de d\u00e9coration et des bijoux.<\/span><\/b><\/p>\n<p>En dehors de la collection permanente, de grandes <strong>expositions temporaires<\/strong> ont lieu deux fois par an dans le mus\u00e9e.<\/p>\n<h2 id=\"t-1610539832045\" style=\"\">Entr\u00e9es, billets et visites<\/h2>\n<ul>\n<li><span style=\"\"><strong>Entr\u00e9e :<\/strong> Le mus\u00e9e Jacquemart Andr\u00e9 est ouvert tous les jours y compris les jours f\u00e9ri\u00e9s de 10h \u00e0 18h. Pendant les expositions, le mus\u00e9e reste ouvert le lundi jusqu&rsquo;\u00e0 20h30.<\/span><\/li>\n<li><span><strong>Un audioguide<\/strong> est inclus dans le prix normal du billet. Une visite moyenne dure entre 60 et 90 minutes pour le Mus\u00e9e Jacquemart Andr\u00e9.<\/span><\/li>\n<li style=\"\"><span style=\"\"><strong>Billets :<\/strong> Achetez votre <a href=\"https:\/\/www.paristouristinformation.fr\/fr\/ticket\/musee-jacquemart-andre-skip-the-line-tickets\/\" target=\"_blank\" style=\"outline: none;\" rel=\"noopener\">billet Skip The Line Jacquemart-Andr\u00e9<\/a> sur notre Paris Tickets Shop et \u00e9vitez la foule !<\/span><\/li>\n<\/ul>\n<h2 id=\"t-1610539832046\" data-alt-text=\"How to get to there ?\">Comment se rendre au Mus\u00e9e Jacquemart-Andr\u00e9 ?<\/h2>\n<p>Le mus\u00e9e est tr\u00e8s proche de <a href=\"https:\/\/paristouristinformation.fr\/fr\/choses-a-faire\/avenue-des-champs-elysees\/\">l&rsquo;avenue des Champs-Elys\u00e9es<\/a> et des grands magasins.<\/p>\n<ul>\n<li><strong>M\u00e9tro :<\/strong> Lignes 9 et 13, stations \u00ab\u00a0Saint-Augustin\u00a0\u00bb, \u00ab\u00a0Miromesnil\u00a0\u00bb ou \u00ab\u00a0Saint-Philippe du Roule\u00a0\u00bb.<\/li>\n<li><strong>RER :<\/strong> Ligne A, station \u00ab\u00a0Charles de Gaulle-\u00c9toile\u00a0\u00bb.<\/li>\n<li><strong>Bus :<\/strong> Lignes 22, 43, 52, 54, 28, 80, 83, 84, 93.<\/li>\n<li><strong>V\u00e9lib :<\/strong> Station \u00ab\u00a0Rue de Berri\u00a0\u00bb.<\/li>\n<\/ul>\n<p>__CONFIG_colors_palette__{\u00ab\u00a0active_palette\u00a0\u00bb:0,\u00a0\u00bbconfig\u00a0\u00bb:{\u00ab\u00a0colors\u00a0\u00bb:{\u00ab\u00a050ce5\u00a0\u00bb:{\u00ab\u00a0name\u00a0\u00bb:\u00a0\u00bbMain Accent\u00a0\u00bb,\u00a0\u00bbparent\u00a0\u00bb:-1}},\u00a0\u00bbgradients\u00a0\u00bb:[]},\u00a0\u00bbpalettes\u00a0\u00bb:[{\u00ab\u00a0name\u00a0\u00bb:\u00a0\u00bbDefault Palette\u00a0\u00bb,\u00a0\u00bbvalue\u00a0\u00bb:{\u00ab\u00a0colors\u00a0\u00bb:{\u00ab\u00a050ce5\u00a0\u00bb:{\u00ab\u00a0val\u00a0\u00bb:\u00a0\u00bbvar(&#8211;tcb-skin-color-0)\u00a0\u00bb}},\u00a0\u00bbgradients\u00a0\u00bb:[]},\u00a0\u00bboriginal\u00a0\u00bb:{\u00ab\u00a0colors\u00a0\u00bb:{\u00ab\u00a050ce5\u00a0\u00bb:{\u00ab\u00a0val\u00a0\u00bb:\u00a0\u00bbrgb(19, 114, 211)\u00a0\u00bb,\u00a0\u00bbhsl\u00a0\u00bb:{\u00ab\u00a0h\u00a0\u00bb:210,\u00a0\u00bbs\u00a0\u00bb:0.83,\u00a0\u00bbl\u00a0\u00bb:0.45,\u00a0\u00bba\u00a0\u00bb:1}}},\u00a0\u00bbgradients\u00a0\u00bb:[]}}]}__CONFIG_colors_palette__ <a href=\"https:\/\/paristouristinformation.fr\/fr\/organisez-votre-voyage-a-paris\/transports-en-commun\/\"> <span><span style=\"\">Guide des transports publics \u00e0 Paris<\/span><\/span> <\/a><\/p>\n<h2 id=\"t-1627471836135\" style=\"\">FAQ (Foire aux questions)<\/h2>\n<p><span><img decoding=\"async\" alt=\"History of the The Mus\u00e9e Jacquemart-Andr\u00e9 in Paris (Editorial)\" data-id=\"8210\" width=\"702\" data-init-width=\"1000\" height=\"468\" data-init-height=\"667\" title=\"History of the The Mus\u00e9e Jacquemart-Andr\u00e9 in Paris (Editorial)\" src=\"http:\/\/paristouristinformation.fr\/fr\/wp-content\/uploads\/2021\/03\/History-of-the-The-Musee-Jacquemart-Andre-in-Paris.jpg\" data-width=\"702\" data-height=\"468\" data-pinpro-key=\"ogms2hb0q\" loading=\"lazy\"><\/span><\/p>\n<h2 id=\"t-1610539832048\" data-alt-text=\"History of the The Museum\">Historique du Mus\u00e9e Jacquemart-Andr\u00e9<\/h2>\n<p>\u00c9douard Andr\u00e9 \u00e9tait membre d&rsquo;une riche famille de banquiers protestants. Il \u00e9tait mari\u00e9 \u00e0 N\u00e9lie Jacquemart, elle-m\u00eame peintre mondaine de renom.Ce couple ambitieux a consacr\u00e9 une grande fortune \u00e0 l&rsquo;achat d&rsquo;\u0153uvres d&rsquo;art provenant de diff\u00e9rentes r\u00e9gions du monde. De leurs nombreux s\u00e9jours en Italie, ils ont surtout collectionn\u00e9 les \u0153uvres des ma\u00eetres italiens et ont cr\u00e9\u00e9 une \u00e9norme collection d&rsquo;art italien en France.\u00c9douard Andr\u00e9 fait appel \u00e0 l&rsquo;architecte Henri Parent pour concevoir un grand et bel h\u00f4tel particulier qui s&rsquo;inspire largement des mod\u00e8les classiques. L&rsquo;h\u00f4tel particulier qui abrite aujourd&rsquo;hui le mus\u00e9e a \u00e9t\u00e9 construit entre 1869 et 1876.Apr\u00e8s la mort d&rsquo;\u00c9douard Andr\u00e9, N\u00e9lie Jacquemart prend en charge l&rsquo;ach\u00e8vement des d\u00e9corations du mus\u00e9e et \u00e9largit encore la collection. Elle a trouv\u00e9 d&rsquo;autres pi\u00e8ces pr\u00e9cieuses lors de ses voyages en Orient pour enrichir la collection du mus\u00e9e. L&rsquo;h\u00f4tel particulier et la collection qu&rsquo;il renferme sont l\u00e9gu\u00e9s \u00e0 l&rsquo;Institut de France par N\u00e9lie Jacquemart en 1912. Un an apr\u00e8s la mort de N\u00e9lie, le manoir est ouvert au public en tant que mus\u00e9e en 1913 par le pr\u00e9sident de la R\u00e9publique fran\u00e7aise, Raymond Poincar\u00e9.<\/p>\n<div class=\"tcb-post-list tve-content-list empty-list thrv_wrapper\" data-type=\"grid\" data-pagination-type=\"none\" data-pages_near_current=\"2\" data-css=\"tve-u-177a535c8a4\" data-total_post_count=\"0\" data-total_sticky_count=\"0\" data-no_posts_text=\"There are no posts to display.\"><article id=\"post-7624\" class=\"post-7624 page type-page status-publish has-post-thumbnail hentry post-wrapper thrv_wrapper thrive-animated-item \" tcb_hover_state_parent=\"\" shortcode=\"tcb_post_list\" data-id=\"7624\" data-selector=\".post-wrapper\"><style class=\"tcb-post-list-dynamic-style\" type=\"text\/css\"><\/style><\/p>\n<h3 style=\"\"><span data-attr-link=\"1\" data-attr-rel=\"0\" data-attr-target=\"0\" data-extra_key=\"\" data-option-inline=\"1\" data-shortcode=\"tcb_post_title\" data-shortcode-name=\"Post title\" data-attr-css=\"\" style=\"\" data-attr-static-link=\"{&quot;className&quot;:&quot;tve-froala fr-basic&quot;,&quot;href&quot;:&quot;#&quot;,&quot;title&quot;:&quot;Guide du mus\u00e9e Jacquemart Andr\u00e9 \u00e0 Paris : Exposition &amp; Billets&quot;,&quot;class&quot;:&quot;tve-froala fr-basic&quot;}\"><a href=\"https:\/\/www.paristouristinformation.fr\/fr\/choses-a-faire\/musees\/musee-jacquemart-andre\/\" title=\"Guide du mus\u00e9e Jacquemart Andr\u00e9 \u00e0 Paris : Exposition &amp; Billets\" data-css=\"\" class=\"tve-froala fr-basic\">Guide du mus\u00e9e Jacquemart Andr\u00e9 \u00e0 Paris : Exposition &amp; Billets<\/a><\/span><\/h3>\n<p><\/article><\/div>\n<h2 id=\"t-1610539832049\" style=\"\" data-alt-text=\"Contact\">Contact<\/h2>\n<ul>\n<li><span style=\"\"><strong>Adresse :&nbsp;<\/strong>158 Boulevard Haussmann, 75008 Paris<\/span><\/li>\n<li><span style=\"\"><strong>Heures d&rsquo;ouverture :<a href=\"https:\/\/www.musee-jacquemart-andre.com\/\" target=\"_blank\" style=\"outline: none;\" rel=\"noopener nofollow\">&nbsp;www.musee-jacquemart-andre.com<\/a>&nbsp;<\/strong><\/span><\/li>\n<li><span style=\"\"><strong>Transports en commun :<\/strong> M\u00e9tro : Ligne 9 et 13, stations \u00ab\u00a0Saint-Augustin\u00a0\u00bb, \u00ab\u00a0Miromesnil\u00a0\u00bb ou \u00ab\u00a0Saint-Philippe du Roule\u00a0\u00bb. RER : Ligne A, station \u00ab\u00a0Charles de Gaulle-\u00c9toile\u00a0\u00bb. Bus : Lignes 22, 43, 52, 54, 28, 80, 83, 84, 93<\/span><\/li>\n<li style=\"\"><span style=\"\"><strong>Site web :&nbsp;<\/strong><a href=\"https:\/\/www.musee-jacquemart-andre.com\" target=\"_blank\" style=\"outline: none;\" rel=\"noopener nofollow\">www.musee-jacquemart-andre.com<\/a><\/span><\/li>\n<\/ul>\n<p>Avant de commencer, laissez-nous vous rappeler que si vous planifiez votre voyage \u00e0 Paris d\u00e8s maintenant, vous pouvez b\u00e9n\u00e9ficier de nos offres dans notre<a href=\"https:\/\/paristouristinformation.fr\/fr\/visites-guidees-et-billets\/\"> Paris Ticket Shop<\/a> officiel. Nous avons des offres tr\u00e8s pratiques avec des billets d&rsquo;entr\u00e9e \u00ab\u00a0Skip the Line\u00a0\u00bb pour tous <a href=\"https:\/\/paristouristinformation.fr\/fr\/choses-a-faire\/musees\/\">les mus\u00e9es importants de Paris. <\/a>Profitez d&rsquo;un voyage facile \u00e0 Paris !<\/p>\n<h2 style=\"\">Articles connexes :<\/h2>\n<div class=\"tcb-post-list tve-content-list thrv_wrapper\" data-type=\"grid\" data-pagination-type=\"none\" data-pages_near_current=\"2\" data-css=\"tve-u-17dddc3e7ce\" data-total_post_count=\"2\" data-total_sticky_count=\"0\" data-no_posts_text=\"There are no posts to display.\"><article id=\"post-5193\" class=\"post-5193 page type-page status-publish has-post-thumbnail hentry post-wrapper thrv_wrapper thrive-animated-item  tve_evt_manager_listen tve_ea_thrive_animation tve_et_mouseover tve_anim_grow\" tcb_hover_state_parent=\"\" class=\"tve_evt_manager_listen tve_ea_thrive_animation tve_et_mouseover tve_anim_grow\" data-id=\"5193\" data-selector=\".post-wrapper\"><style class=\"tcb-post-list-dynamic-style\" type=\"text\/css\">@media (min-width: 300px){[].tcb-post-list #post-5193 []{background-image: url(\u00ab\u00a0https:\/\/www.paristouristinformation.fr\/fr\/wp-content\/uploads\/2021\/01\/Les-Ombres-Paris-France.jpg\u00ab\u00a0) !important;}[].tcb-post-list #post-5193 []:hover []{background-image: url(\u00ab\u00a0https:\/\/www.paristouristinformation.fr\/fr\/wp-content\/uploads\/2021\/01\/Les-Ombres-Paris-France.jpg\u00ab\u00a0) !important;}}<\/style><a href=\"https:\/\/www.paristouristinformation.fr\/fr\/culture\/\" dynamic-postlink=\"tcb_post_the_permalink\" data-shortcode-id=\"5193\"><\/a><\/p>\n<h3 style=\"text-align: center; padding-top: 0px !important; margin-top: 0px !important;\"><span data-attr-link=\"1\" data-attr-rel=\"0\" data-attr-target=\"0\" data-extra_key=\"\" data-option-inline=\"1\" data-shortcode=\"tcb_post_title\" data-shortcode-name=\"Post title\" data-attr-css=\"\" data-attr-static-link=\"{&quot;className&quot;:&quot;tve-froala fr-basic&quot;,&quot;href&quot;:&quot;https:\/\/www.paristouristinformation.fr\/fr\/culture\/&quot;,&quot;title&quot;:&quot;Le Guide Complet de la Culture Fran\u00e7aise : Art, Cuisine, Mode&quot;,&quot;class&quot;:&quot;tve-froala fr-basic&quot;}\" style=\"\"><a href=\"https:\/\/www.paristouristinformation.fr\/fr\/culture\/\" title=\"Guide de la Culture Fran\u00e7aise : Conseils sur l\u2019Art, la Cuisine, la Mode\" data-css=\"\" class=\"tve-froala fr-basic\">Guide de la Culture Fran\u00e7aise : Conseils sur l\u2019Art, la Cuisine, la Mode<\/a><\/span><\/h3>\n<p><\/article><article id=\"post-5920\" class=\"post-5920 page type-page status-publish has-post-thumbnail hentry post-wrapper thrv_wrapper thrive-animated-item  tve_evt_manager_listen tve_ea_thrive_animation tve_et_mouseover tve_anim_grow\" tcb_hover_state_parent=\"\" class=\"tve_evt_manager_listen tve_ea_thrive_animation tve_et_mouseover tve_anim_grow\" data-id=\"5920\" data-selector=\".post-wrapper\"><style class=\"tcb-post-list-dynamic-style\" type=\"text\/css\">@media (min-width: 300px){[].tcb-post-list #post-5920 []{background-image: url(\u00ab\u00a0https:\/\/www.paristouristinformation.fr\/fr\/wp-content\/uploads\/2021\/02\/palais-garnier-in-Paris-in-France-1024x538.jpg\u00ab\u00a0) !important;}[].tcb-post-list #post-5920 []:hover []{background-image: url(\u00ab\u00a0https:\/\/www.paristouristinformation.fr\/fr\/wp-content\/uploads\/2021\/02\/palais-garnier-in-Paris-in-France-1024x538.jpg\u00ab\u00a0) !important;}}<\/style><a href=\"https:\/\/www.paristouristinformation.fr\/fr\/choses-a-faire\/theatres\/opera-garnier\/\" dynamic-postlink=\"tcb_post_the_permalink\" data-shortcode-id=\"5193\"><\/a><\/p>\n<h3 style=\"text-align: center; padding-top: 0px !important; margin-top: 0px !important;\"><span data-attr-link=\"1\" data-attr-rel=\"0\" data-attr-target=\"0\" data-extra_key=\"\" data-option-inline=\"1\" data-shortcode=\"tcb_post_title\" data-shortcode-name=\"Post title\" data-attr-css=\"\" data-attr-static-link=\"{&quot;className&quot;:&quot;tve-froala fr-basic&quot;,&quot;href&quot;:&quot;https:\/\/www.paristouristinformation.fr\/fr\/culture\/&quot;,&quot;title&quot;:&quot;Le Guide Complet de la Culture Fran\u00e7aise : Art, Cuisine, Mode&quot;,&quot;class&quot;:&quot;tve-froala fr-basic&quot;}\" style=\"\"><a href=\"https:\/\/www.paristouristinformation.fr\/fr\/choses-a-faire\/theatres\/opera-garnier\/\" title=\"Visitez l\u2019Op\u00e9ra Garnier \u00e0 Paris : Billets, visites et histoire\" data-css=\"\" class=\"tve-froala fr-basic\">Visitez l\u2019Op\u00e9ra Garnier \u00e0 Paris : Billets, visites et histoire<\/a><\/span><\/h3>\n<p><\/article><\/div>\n","protected":false},"excerpt":{"rendered":"<p>Paris est bien connue pour \u00eatre la ville qui offre les plus beaux mus\u00e9es d&rsquo;art du monde.Si vous \u00eates passionn\u00e9 par les beaux-arts et les peintures, ce mus\u00e9e priv\u00e9 doit figurer dans votre liste de mus\u00e9es \u00e0 d\u00e9couvrir \u00e0 Paris. Le Mus\u00e9e Jacquemart Andr\u00e9 est situ\u00e9 sur le boulevard Haussmann, dans un b\u00e2timent unique et [&hellip;]<\/p>\n","protected":false},"author":11,"featured_media":7780,"parent":68,"menu_order":0,"comment_status":"closed","ping_status":"closed","template":"","meta":{"footnotes":""},"tags":[],"class_list":{"0":"post-7624","1":"page","2":"type-page","3":"status-publish","4":"has-post-thumbnail","5":"hentry","6":"post-wrapper","7":"thrv_wrapper","10":"thrive-animated-item"},"_links":{"self":[{"href":"https:\/\/www.paristouristinformation.fr\/fr\/wp-json\/wp\/v2\/pages\/7624","targetHints":{"allow":["GET"]}}],"collection":[{"href":"https:\/\/www.paristouristinformation.fr\/fr\/wp-json\/wp\/v2\/pages"}],"about":[{"href":"https:\/\/www.paristouristinformation.fr\/fr\/wp-json\/wp\/v2\/types\/page"}],"author":[{"embeddable":true,"href":"https:\/\/www.paristouristinformation.fr\/fr\/wp-json\/wp\/v2\/users\/11"}],"replies":[{"embeddable":true,"href":"https:\/\/www.paristouristinformation.fr\/fr\/wp-json\/wp\/v2\/comments?post=7624"}],"version-history":[{"count":0,"href":"https:\/\/www.paristouristinformation.fr\/fr\/wp-json\/wp\/v2\/pages\/7624\/revisions"}],"up":[{"embeddable":true,"href":"https:\/\/www.paristouristinformation.fr\/fr\/wp-json\/wp\/v2\/pages\/68"}],"wp:featuredmedia":[{"embeddable":true,"href":"https:\/\/www.paristouristinformation.fr\/fr\/wp-json\/wp\/v2\/media\/7780"}],"wp:attachment":[{"href":"https:\/\/www.paristouristinformation.fr\/fr\/wp-json\/wp\/v2\/media?parent=7624"}],"wp:term":[{"taxonomy":"post_tag","embeddable":true,"href":"https:\/\/www.paristouristinformation.fr\/fr\/wp-json\/wp\/v2\/tags?post=7624"}],"curies":[{"name":"wp","href":"https:\/\/api.w.org\/{rel}","templated":true}]}}