{"id":7650,"date":"2021-02-24T10:50:13","date_gmt":"2021-02-24T10:50:13","guid":{"rendered":"http:\/\/paristouristinformation.fr\/fr\/?page_id=7650"},"modified":"2023-08-18T07:33:07","modified_gmt":"2023-08-18T07:33:07","slug":"croisiere-sur-la-seine","status":"publish","type":"page","link":"https:\/\/www.paristouristinformation.fr\/fr\/choses-a-faire\/croisiere-sur-la-seine\/","title":{"rendered":"Croisi\u00e8re sur la Seine \u00e0 Paris : R\u00e9servation &#038; Conseils"},"content":{"rendered":"<h2 id=\"t-1614083915928\">Qu&rsquo;est-ce que la croisi\u00e8re sur la Seine ?<\/h2>\n<p>La croisi\u00e8re sur la Seine est un <strong>excellent moyen de d\u00e9couvrir Paris sous un nouvel angle.<\/strong> La croisi\u00e8re sur la Seine vous emm\u00e8ne confortablement le long de nombreux points de rep\u00e8re.<\/p>\n<p>Pour de nombreux voyageurs \u00e0 Paris, en particulier les primo-voyageurs et les familles avec enfants, c&rsquo;est un moment fort. Les Parisiens eux-m\u00eames aiment faire une croisi\u00e8re Seine Rive pour des occasions sp\u00e9ciales comme un anniversaire, un enterrement de vie de jeune fille, une demande en mariage romantique ou une<a href=\"https:\/\/paristouristinformation.fr\/fr\/voyage-de-groupe-paris\/team-building\/\"> r\u00e9union de travail<\/a> entre coll\u00e8gues.<\/p>\n<p>La croisi\u00e8re peut \u00eatre effectu\u00e9e de jour comme de nuit. La visite du soir est particuli\u00e8rement belle et romantique, lorsque la <strong>ville des lumi\u00e8res,<\/strong> comme on appelle aussi Paris, est illumin\u00e9e des plus belles couleurs.<\/p>\n<p>Le voyage dure environ 2,5 heures. Le champagne et la musique en direct sont inclus, les Fran\u00e7ais savent appr\u00e9cier les&#8230;<\/p>\n<h3>Les monuments parisiens que vous verrez lors d&rsquo;une croisi\u00e8re sur la Seine<\/h3>\n<ul>\n<li style=\"\"><span style=\"\">Les trois sites les plus c\u00e9l\u00e8bres, la <a href=\"https:\/\/paristouristinformation.fr\/fr\/choses-a-faire\/tour-eiffel\/\">tour Eiffel<\/a>, le <a href=\"https:\/\/paristouristinformation.fr\/fr\/choses-a-faire\/musees\/musee-du-louvre\/\" style=\"outline: none;\">mus\u00e9e du Louvre<\/a> et <a href=\"https:\/\/paristouristinformation.fr\/fr\/choses-a-faire\/eglise\/notre-dame\/\" style=\"outline: none;\">Notre-Dame<\/a>, sont situ\u00e9s directement le long du front de mer.<\/span><\/li>\n<li><span>En outre, vous pourrez voir l&rsquo;ob\u00e9lisque sur la place de la Concorde, le <a href=\"https:\/\/paristouristinformation.fr\/fr\/choses-a-faire\/musees\/musee-d-orsay\/\" style=\"outline: none;\">mus\u00e9e d&rsquo;Orsay<\/a> et le pont Alexandre 3, vous traverserez les deux \u00eeles de la Seine, l&rsquo;\u00eele de la Cit\u00e9 et l&rsquo;\u0130le Saint-Louis.<\/span><\/li>\n<li><span>Vous pourrez admirer le <a href=\"https:\/\/paristouristinformation.fr\/fr\/choses-a-faire\/musees\/grand-palais\/\">Grand Palais<\/a> et la Conciergerie depuis l&rsquo;eau et, bien s\u00fbr, passer devant les <a href=\"https:\/\/paristouristinformation.fr\/fr\/choses-a-faire\/ponts\/\">ponts de la Seine <\/a>comme le Pont Neuf et le Pont de Art.<\/span><\/li>\n<\/ul>\n<p><span><img loading=\"lazy\" decoding=\"async\" alt=\"Notre Dame Cruise Seine in Paris in France\" data-id=\"4522\" width=\"901\" data-init-width=\"1000\" height=\"601\" data-init-height=\"667\" title=\"Notre Dame Cruise Seine in Paris in France\" src=\"http:\/\/paristouristinformation.fr\/fr\/wp-content\/uploads\/2020\/12\/Notre-Dame-Cruise-Seine-in-Paris-in-France.jpg\" data-width=\"901\" data-height=\"601\"><\/span><\/p>\n<h2 style=\"text-align: left;\" id=\"t-1614083915929\">Comment r\u00e9server une croisi\u00e8re sur la Seine \u00e0 Paris ?<\/h2>\n<p style=\"text-align: left;\">Les billets pour les promenades en bateau peuvent \u00eatre achet\u00e9s directement aux d\u00e9barcad\u00e8res aupr\u00e8s des diff\u00e9rents op\u00e9rateurs. La plupart des visites de la Seine commencent au pied de la <a href=\"https:\/\/paristouristinformation.fr\/fr\/choses-a-faire\/tour-eiffel\/\">Tour Eiffel.<\/a>Si vous souhaitez r\u00e9server votre billet \u00e0 l&rsquo;avance, il vous suffit de visiter notre boutique en ligne <a href=\"https:\/\/paristouristinformation.fr\/fr\/visites-guidees-et-billets\/\">Paris Ticket Shop<\/a> et de l&rsquo;acheter confortablement depuis chez vous. Peut-\u00eatre \u00eates-vous \u00e9galement int\u00e9ress\u00e9 par des billets combin\u00e9s.Ainsi, vous \u00e9viterez les longues files d&rsquo;attente et profiterez d&rsquo;un voyage sans stress sur l&rsquo;eau.<\/p>\n<h3 style=\"text-align: left;\">Types de croisi\u00e8res \u00e0 r\u00e9server :<\/h3>\n<ul>\n<li style=\"\"><span style=\"\"><strong>La plupart des croisi\u00e8res sur la Seine passent par la ville pendant la journ\u00e9e.<\/strong> Les trajets sont de longueurs variables, les plus courts durant environ une heure. La plupart des croisi\u00e8res proposent du caf\u00e9 ou du th\u00e9, mais si vous voulez du champagne, vous devez le r\u00e9server.<\/span><\/li>\n<li><span>Ceux qui souhaitent d\u00e9jeuner ou d\u00eener en m\u00eame temps choisiront<strong> un d\u00eener ou un d\u00e9jeuner-croisi\u00e8re <\/strong>et savoureront leur repas pendant que le spectacle d\u00e9file devant les fen\u00eatres.<\/span><\/li>\n<li><span><strong>Une croisi\u00e8re de nuit est une exp\u00e9rience particuli\u00e8re,<\/strong> car la nuit, Paris, \u00e9galement appel\u00e9e la \u00ab\u00a0ville des lumi\u00e8res\u00a0\u00bb, est fascinante et ressemble \u00e0 un grand plateau de tournage. Tout s&rsquo;enfonce dans une immense mer de lumi\u00e8res tandis que les bateaux glissent tranquillement sur l&rsquo;eau.<\/span><\/li>\n<\/ul>\n<p><strong>Audio Guide :<\/strong> Si vous voulez vraiment profiter de la croisi\u00e8re sur la Seine et en m\u00eame temps entendre quelques informations sur les sites les plus importants que vous traversez, alors vous pouvez b\u00e9n\u00e9ficier de notre audioguide, qui est pr\u00e9cis\u00e9ment adapt\u00e9 aux visites. Obtenez votre audioguide.<\/p>\n<p><strong>Conseils :<\/strong> Il existe de nombreux prestataires de croisi\u00e8res sur la Seine, le plus connu \u00e9tant<strong> Bateaux-Mouches<\/strong>. Il en existe d&rsquo;autres, dont les <span style=\"text-decoration: underline;\">Vedettes de Paris<\/span>, les <span style=\"text-decoration: underline;\">Vedettes du Pont Neuf<\/span> et <span style=\"text-decoration: underline;\">les Bateaux Parisiens.<\/span> Vous ne trouverez pas beaucoup de diff\u00e9rence, cependant, car ils naviguent tous presque sur le m\u00eame itin\u00e9raire.<\/p>\n<h2 id=\"t-1614083915931\">Histoire de la croisi\u00e8re sur la Seine<\/h2>\n<p>Autrefois, les petits bateaux qui transportaient des marchandises sur les voies navigables \u00e9taient appel\u00e9s \u00ab\u00a0bateau mouche\u00a0\u00bb. Ils \u00e9taient mus par une h\u00e9lice.Jean Bruel est le premier \u00e0 avoir eu l&rsquo;id\u00e9e de proposer des promenades touristiques sur la Seine. Il reconstruit un bateau de l&rsquo;Exposition universelle de 1900 afin qu&rsquo;il dispose d&rsquo;un grand pont panoramique pour les passagers. Il a pris le d\u00e9part de son voyage en 1949. D\u00e9j\u00e0 \u00e0 l&rsquo;\u00e9poque, les visites \u00e9taient comment\u00e9es pour les invit\u00e9s. D\u00e8s 1950, la marque \u00ab\u00a0Bateaux Mouches\u00a0\u00bb est d\u00e9pos\u00e9e.Au fil du temps, la flotte est pass\u00e9e \u00e0 15 navires. Aujourd&rsquo;hui, Bateaux Mouches transporte chaque ann\u00e9e environ 2,5 millions d&rsquo;invit\u00e9s sur la Seine.<\/p>\n<h3>Batobus<\/h3>\n<p>Batobus fait r\u00e9f\u00e9rence aux taxis aquatiques. Ils circulent \u00e0 9 arr\u00eats fixes sur la Seine. Il est int\u00e9ressant de noter que l&rsquo;itin\u00e9raire est presque identique \u00e0 celui des croisi\u00e8res sur la Seine. Si vous le souhaitez, vous pouvez \u00e9galement descendre entre deux arr\u00eats, visiter les sites touristiques situ\u00e9s \u00e0 proximit\u00e9, puis poursuivre votre voyage. Bien entendu, il n&rsquo;y a pas d&rsquo;audioguide disponible.<\/p>\n<p><strong><span style=\"color: var(ca1c1);\">Remarque :&nbsp;<\/span><\/strong><strong>Croisi\u00e8re sur la Seine pour les enfants<\/strong>Plusieurs compagnies proposent des croisi\u00e8res sur la Seine sp\u00e9cialement destin\u00e9es aux enfants, accompagn\u00e9s de leurs parents bien s\u00fbr. Mais les adultes s&rsquo;amuseront aussi&#8230;<\/p>\n<h2 id=\"t-1614083915930\">FAQ (Foire aux questions)<\/h2>\n<p style=\"text-align: center;\">Autres activit\u00e9s \u00e0 Paris<\/p>\n<p style=\"text-align: center;\">Restez au courant des sujets les plus int\u00e9ressants<\/p>\n<p><a href=\"https:\/\/www.paristouristinformation.fr\/fr\/choses-a-faire\/theatres\/\" dynamic-postlink=\"tcb_post_the_permalink\" data-shortcode-id=\"5613\"><\/a><\/p>\n<h3 style=\"text-align: center; padding-top: 0px !important; margin-top: 0px !important;\"><span data-attr-link=\"1\" data-attr-rel=\"0\" data-attr-target=\"0\" data-extra_key=\"\" data-option-inline=\"1\" data-shortcode=\"tcb_post_title\" data-shortcode-name=\"Post title\" data-attr-css=\"\" data-attr-static-link=\"{&quot;className&quot;:&quot;tve-froala fr-basic&quot;,&quot;href&quot;:&quot;https:\/\/www.paristouristinformation.fr\/fr\/choses-a-faire\/theatres\/&quot;,&quot;title&quot;:&quot;12 Th\u00e9\u00e2tres et cabarets pour des spectacles \u00e0 Paris ((avec billets))&quot;,&quot;class&quot;:&quot;tve-froala fr-basic&quot;}\"><a href=\"https:\/\/www.paristouristinformation.fr\/fr\/choses-a-faire\/theatres\/\" title=\"12 Th\u00e9\u00e2tres et cabarets pour des spectacles \u00e0 Paris [avec billets]\" data-css=\"\">12 Th\u00e9\u00e2tres et cabarets pour des spectacles \u00e0 Paris [avec billets]<\/a><\/span><\/h3>\n<p><a href=\"https:\/\/www.paristouristinformation.fr\/fr\/choses-a-faire\/theatres\/\"><span style=\"\"><span style=\"\">Read more<\/span><\/span><\/a><a href=\"https:\/\/www.paristouristinformation.fr\/fr\/choses-a-faire\/gratuit\/\" dynamic-postlink=\"tcb_post_the_permalink\" data-shortcode-id=\"5613\"><\/a><\/p>\n<h3 style=\"text-align: center; padding-top: 0px !important; margin-top: 0px !important;\"><span data-attr-link=\"1\" data-attr-rel=\"0\" data-attr-target=\"0\" data-extra_key=\"\" data-option-inline=\"1\" data-shortcode=\"tcb_post_title\" data-shortcode-name=\"Post title\" data-attr-css=\"\" data-attr-static-link=\"{&quot;className&quot;:&quot;tve-froala fr-basic&quot;,&quot;href&quot;:&quot;https:\/\/www.paristouristinformation.fr\/fr\/choses-a-faire\/theatres\/&quot;,&quot;title&quot;:&quot;12 Th\u00e9\u00e2tres et cabarets pour des spectacles \u00e0 Paris ((avec billets))&quot;,&quot;class&quot;:&quot;tve-froala fr-basic&quot;}\"><a href=\"https:\/\/www.paristouristinformation.fr\/fr\/choses-a-faire\/gratuit\/\" title=\"10 Meilleures Choses \u00e0 Faire \u00e0 Paris\" data-css=\"\">10 Meilleures Choses \u00e0 Faire \u00e0 Paris<\/a><\/span><\/h3>\n<p><a href=\"https:\/\/www.paristouristinformation.fr\/fr\/choses-a-faire\/gratuit\/\"><span style=\"\"><span style=\"\">Read more<\/span><\/span><\/a><a href=\"https:\/\/www.paristouristinformation.fr\/fr\/shopping\/centre-commerciaux\/\" dynamic-postlink=\"tcb_post_the_permalink\" data-shortcode-id=\"5613\"><\/a><\/p>\n<h3 style=\"text-align: center; padding-top: 0px !important; margin-top: 0px !important;\"><span data-attr-link=\"1\" data-attr-rel=\"0\" data-attr-target=\"0\" data-extra_key=\"\" data-option-inline=\"1\" data-shortcode=\"tcb_post_title\" data-shortcode-name=\"Post title\" data-attr-css=\"\" data-attr-static-link=\"{&quot;className&quot;:&quot;tve-froala fr-basic&quot;,&quot;href&quot;:&quot;https:\/\/www.paristouristinformation.fr\/fr\/choses-a-faire\/theatres\/&quot;,&quot;title&quot;:&quot;12 Th\u00e9\u00e2tres et cabarets pour des spectacles \u00e0 Paris ((avec billets))&quot;,&quot;class&quot;:&quot;tve-froala fr-basic&quot;}\"><a href=\"https:\/\/www.paristouristinformation.fr\/fr\/shopping\/centre-commerciaux\/\" title=\"10 meilleurs centres commerciaux \u00e0 Paris\" data-css=\"\">10 meilleurs centres commerciaux \u00e0 Paris<\/a><\/span><\/h3>\n<p><a href=\"https:\/\/www.paristouristinformation.fr\/fr\/shopping\/centre-commerciaux\/\"><span style=\"\"><span style=\"\">Read more<\/span><\/span><\/a><a href=\"https:\/\/www.paristouristinformation.fr\/fr\/choses-a-faire\/avec-des-enfants\/\" dynamic-postlink=\"tcb_post_the_permalink\" data-shortcode-id=\"5613\"><\/a><\/p>\n<h3 style=\"text-align: center; padding-top: 0px !important; margin-top: 0px !important;\"><span data-attr-link=\"1\" data-attr-rel=\"0\" data-attr-target=\"0\" data-extra_key=\"\" data-option-inline=\"1\" data-shortcode=\"tcb_post_title\" data-shortcode-name=\"Post title\" data-attr-css=\"\" data-attr-static-link=\"{&quot;className&quot;:&quot;tve-froala fr-basic&quot;,&quot;href&quot;:&quot;https:\/\/www.paristouristinformation.fr\/fr\/choses-a-faire\/theatres\/&quot;,&quot;title&quot;:&quot;12 Th\u00e9\u00e2tres et cabarets pour des spectacles \u00e0 Paris ((avec billets))&quot;,&quot;class&quot;:&quot;tve-froala fr-basic&quot;}\"><a href=\"https:\/\/www.paristouristinformation.fr\/fr\/choses-a-faire\/avec-des-enfants\/\" title=\"27 choses \u00e0 faire avec les enfants \u00e0 Paris\" data-css=\"\">27 choses \u00e0 faire avec les enfants \u00e0 Paris<\/a><\/span><\/h3>\n<p><a href=\"https:\/\/www.paristouristinformation.fr\/fr\/choses-a-faire\/avec-des-enfants\/\"><span style=\"\"><span style=\"\">Read more<\/span><\/span><\/a><a href=\"https:\/\/www.paristouristinformation.fr\/fr\/choses-a-faire\/attractions\/\" dynamic-postlink=\"tcb_post_the_permalink\" data-shortcode-id=\"5613\"><\/a><\/p>\n<h3 style=\"text-align: center; padding-top: 0px !important; margin-top: 0px !important;\"><span data-attr-link=\"1\" data-attr-rel=\"0\" data-attr-target=\"0\" data-extra_key=\"\" data-option-inline=\"1\" data-shortcode=\"tcb_post_title\" data-shortcode-name=\"Post title\" data-attr-css=\"\" data-attr-static-link=\"{&quot;className&quot;:&quot;tve-froala fr-basic&quot;,&quot;href&quot;:&quot;https:\/\/www.paristouristinformation.fr\/fr\/choses-a-faire\/theatres\/&quot;,&quot;title&quot;:&quot;12 Th\u00e9\u00e2tres et cabarets pour des spectacles \u00e0 Paris ((avec billets))&quot;,&quot;class&quot;:&quot;tve-froala fr-basic&quot;}\"><a href=\"https:\/\/www.paristouristinformation.fr\/fr\/choses-a-faire\/attractions\/\" title=\"15 Attractions les mieux cot\u00e9es de Paris\" data-css=\"\">15 Attractions les mieux cot\u00e9es de Paris<\/a><\/span><\/h3>\n<p><a href=\"https:\/\/www.paristouristinformation.fr\/fr\/choses-a-faire\/attractions\/\"><span style=\"\"><span style=\"\">Read more<\/span><\/span><\/a><a href=\"https:\/\/www.paristouristinformation.fr\/fr\/choses-a-faire\/\" dynamic-postlink=\"tcb_post_the_permalink\" data-shortcode-id=\"5613\"><\/a><\/p>\n<h3 style=\"text-align: center; padding-top: 0px !important; margin-top: 0px !important;\"><span data-attr-link=\"1\" data-attr-rel=\"0\" data-attr-target=\"0\" data-extra_key=\"\" data-option-inline=\"1\" data-shortcode=\"tcb_post_title\" data-shortcode-name=\"Post title\" data-attr-css=\"\" data-attr-static-link=\"{&quot;className&quot;:&quot;tve-froala fr-basic&quot;,&quot;href&quot;:&quot;https:\/\/www.paristouristinformation.fr\/fr\/choses-a-faire\/theatres\/&quot;,&quot;title&quot;:&quot;12 Th\u00e9\u00e2tres et cabarets pour des spectacles \u00e0 Paris ((avec billets))&quot;,&quot;class&quot;:&quot;tve-froala fr-basic&quot;}\"><a href=\"https:\/\/www.paristouristinformation.fr\/fr\/choses-a-faire\/\" title=\"100 Choses \u00e0 Faire \u00e0 Paris\" data-css=\"\">100 Choses \u00e0 Faire \u00e0 Paris<\/a><\/span><\/h3>\n<p><a href=\"https:\/\/www.paristouristinformation.fr\/fr\/choses-a-faire\/\"><span style=\"\"><span style=\"\">Read more<\/span><\/span><\/a><a href=\"javascript:void(0)\"><span style=\"\"><span style=\"\">Load More<\/span><\/span><\/a><\/p>\n","protected":false},"excerpt":{"rendered":"<p>Qu&rsquo;est-ce que la croisi\u00e8re sur la Seine ? La croisi\u00e8re sur la Seine est un excellent moyen de d\u00e9couvrir Paris sous un nouvel angle. La croisi\u00e8re sur la Seine vous emm\u00e8ne confortablement le long de nombreux points de rep\u00e8re. Pour de nombreux voyageurs \u00e0 Paris, en particulier les primo-voyageurs et les familles avec enfants, c&rsquo;est [&hellip;]<\/p>\n","protected":false},"author":11,"featured_media":4522,"parent":11691,"menu_order":0,"comment_status":"closed","ping_status":"closed","template":"","meta":{"footnotes":""},"tags":[],"class_list":["post-7650","page","type-page","status-publish","has-post-thumbnail","hentry","post-wrapper","thrv_wrapper"],"_links":{"self":[{"href":"https:\/\/www.paristouristinformation.fr\/fr\/wp-json\/wp\/v2\/pages\/7650","targetHints":{"allow":["GET"]}}],"collection":[{"href":"https:\/\/www.paristouristinformation.fr\/fr\/wp-json\/wp\/v2\/pages"}],"about":[{"href":"https:\/\/www.paristouristinformation.fr\/fr\/wp-json\/wp\/v2\/types\/page"}],"author":[{"embeddable":true,"href":"https:\/\/www.paristouristinformation.fr\/fr\/wp-json\/wp\/v2\/users\/11"}],"replies":[{"embeddable":true,"href":"https:\/\/www.paristouristinformation.fr\/fr\/wp-json\/wp\/v2\/comments?post=7650"}],"version-history":[{"count":0,"href":"https:\/\/www.paristouristinformation.fr\/fr\/wp-json\/wp\/v2\/pages\/7650\/revisions"}],"up":[{"embeddable":true,"href":"https:\/\/www.paristouristinformation.fr\/fr\/wp-json\/wp\/v2\/pages\/11691"}],"wp:featuredmedia":[{"embeddable":true,"href":"https:\/\/www.paristouristinformation.fr\/fr\/wp-json\/wp\/v2\/media\/4522"}],"wp:attachment":[{"href":"https:\/\/www.paristouristinformation.fr\/fr\/wp-json\/wp\/v2\/media?parent=7650"}],"wp:term":[{"taxonomy":"post_tag","embeddable":true,"href":"https:\/\/www.paristouristinformation.fr\/fr\/wp-json\/wp\/v2\/tags?post=7650"}],"curies":[{"name":"wp","href":"https:\/\/api.w.org\/{rel}","templated":true}]}}