{"id":7850,"date":"2021-02-17T19:35:51","date_gmt":"2021-02-17T19:35:51","guid":{"rendered":"http:\/\/paristouristinformation.fr\/fr\/?page_id=7850"},"modified":"2023-05-16T09:32:31","modified_gmt":"2023-05-16T09:32:31","slug":"location-de-voiture","status":"publish","type":"page","link":"https:\/\/www.paristouristinformation.fr\/fr\/organisez-votre-voyage-a-paris\/location-de-voiture\/","title":{"rendered":"Comment louer une voiture \u00e0 Paris ? [Prix &#038; Conditions]"},"content":{"rendered":"<p>Nous avons pr\u00e9par\u00e9 ce guide pour vous informer des avantages et des inconv\u00e9nients de la location d&rsquo;une voiture \u00e0 Paris, ainsi que des prix, des compagnies, de la fa\u00e7on de r\u00e9server et d&rsquo;autres conseils qui pourraient vous \u00eatre utiles.<\/p>\n<p><span><img decoding=\"async\" alt=\"rent a car in Paris in France 1\" data-id=\"8918\" width=\"736\" data-init-width=\"1000\" height=\"493\" data-init-height=\"670\" title=\"rent a car in Paris in France 1\" src=\"http:\/\/paristouristinformation.fr\/fr\/wp-content\/uploads\/2021\/07\/rent-a-car-in-Paris-in-France-1.jpg\" data-width=\"736\" data-height=\"493\" style=\"\" loading=\"lazy\"><\/span><\/p>\n<ul>\n<li><a rel=\"noreferrer noopener nofollow\" href=\"https:\/\/pinterest.com\/pin\/create\/button\/?url=https:\/\/www.paristouristinformation.fr\/fr\/organisez-votre-voyage-a-paris\/location-de-voiture\/?tve=true&amp;tcbf=0020d31610&amp;is_video=false&amp;media=http:\/\/paristouristinformation.fr\/fr\/wp-content\/uploads\/2021\/07\/rent-a-car-in-Paris-in-France-1.jpg&amp;description=Comment%20louer%20une%20voiture%20%C3%A0%20Paris%20%3F%20%7C%20ParisTouristInformation.fr\" onclick=\"essb.window('https:\/\/pinterest.com\/pin\/create\/button\/?url=https:\/\/www.paristouristinformation.fr\/fr\/organisez-votre-voyage-a-paris\/location-de-voiture\/?tve=true&amp;tcbf=0020d31610&amp;is_video=false&amp;media=http:\/\/paristouristinformation.fr\/fr\/wp-content\/uploads\/2021\/07\/rent-a-car-in-Paris-in-France-1.jpg&amp;description=Comment%20louer%20une%20voiture%20%C3%A0%20Paris%20%3F%20%7C%20ParisTouristInformation.fr','pinpro','l073p5s4'); return false;\" target=\"_blank\"><span><\/span><span>Pin<\/span><\/a><\/li>\n<\/ul>\n<h2 id=\"t-1610539832048\">Avantages et inconv\u00e9nients de la location d&rsquo;une voiture \u00e0 Paris<\/h2>\n<p>Voyons ensemble si cela vaut la peine de louer une voiture \u00e0 Paris. Dans quels cas les inconv\u00e9nients peuvent-ils l&#8217;emporter sur les avantages ?Commen\u00e7ons par le bon c\u00f4t\u00e9 des choses. La location d&rsquo;une voiture peut \u00eatre envisag\u00e9e pour explorer pleinement la ville et ses environs. En particulier, si vous envisagez de visiter les villes voisines ou de faire du tourisme en dehors de Paris, avoir une voiture vous donne la flexibilit\u00e9 et le confort.Si le logement que vous avez trouv\u00e9 est situ\u00e9 dans un quartier \u00e9loign\u00e9 de Paris, votre voiture sera votre sauveur. De m\u00eame, si vous ou les personnes avec qui vous voyagez avez une capacit\u00e9 de d\u00e9placement limit\u00e9e, la location d&rsquo;une voiture sera le moyen le plus simple de vous rendre quelque part.D&rsquo;un autre c\u00f4t\u00e9, nous savons tous que le centre de Paris est petit et extr\u00eamement fr\u00e9quent\u00e9. Tout est organis\u00e9 selon un syst\u00e8me de feux de circulation auquel beaucoup d&rsquo;\u00e9trangers ne sont pas habitu\u00e9s. Il existe \u00e0 Paris un syst\u00e8me de transport assez ponctuel et qui fonctionne bien avec le bus, le m\u00e9tro, le tram, le RER et le train de banlieue. Par cons\u00e9quent, l&rsquo;utilisation d&rsquo;une voiture est beaucoup moins pr\u00e9f\u00e9rable par rapport \u00e0 de nombreuses villes.La capitale fran\u00e7aise est la ville la plus fr\u00e9quent\u00e9e du pays, avec un <strong>s\u00e9rieux probl\u00e8me de stationnement pour les voitures. <\/strong>Il est tr\u00e8s difficile (physiquement et mentalement) de trouver une place de stationnement dans les rues de Paris, surtout avec la r\u00e9glementation rigide en place. Lire la suite : <a href=\"https:\/\/paristouristinformation.fr\/fr\/organisez-votre-voyage-a-paris\/transports-en-commun\/stationnement\/\">Se garer \u00e0 Paris : O\u00f9 se garer et combien \u00e7a co\u00fbte ?<\/a><\/p>\n<p><span><img decoding=\"async\" alt=\"rent a car in Paris in France 2\" data-id=\"8917\" width=\"736\" data-init-width=\"1000\" height=\"493\" data-init-height=\"670\" title=\"rent a car in Paris in France 2\" src=\"http:\/\/paristouristinformation.fr\/fr\/wp-content\/uploads\/2021\/07\/rent-a-car-in-Paris-in-France-2.jpg\" data-width=\"736\" data-height=\"493\" style=\"\" loading=\"lazy\"><\/span><\/p>\n<ul>\n<li><a rel=\"noreferrer noopener nofollow\" href=\"https:\/\/pinterest.com\/pin\/create\/button\/?url=https:\/\/www.paristouristinformation.fr\/fr\/organisez-votre-voyage-a-paris\/location-de-voiture\/?tve=true&amp;tcbf=0020d31610&amp;is_video=false&amp;media=http:\/\/paristouristinformation.fr\/fr\/wp-content\/uploads\/2021\/07\/rent-a-car-in-Paris-in-France-2.jpg&amp;description=Comment%20louer%20une%20voiture%20%C3%A0%20Paris%20%3F%20%7C%20ParisTouristInformation.fr\" onclick=\"essb.window('https:\/\/pinterest.com\/pin\/create\/button\/?url=https:\/\/www.paristouristinformation.fr\/fr\/organisez-votre-voyage-a-paris\/location-de-voiture\/?tve=true&amp;tcbf=0020d31610&amp;is_video=false&amp;media=http:\/\/paristouristinformation.fr\/fr\/wp-content\/uploads\/2021\/07\/rent-a-car-in-Paris-in-France-2.jpg&amp;description=Comment%20louer%20une%20voiture%20%C3%A0%20Paris%20%3F%20%7C%20ParisTouristInformation.fr','pinpro','l073p5s9'); return false;\" target=\"_blank\"><span><\/span><span>Pin<\/span><\/a><\/li>\n<\/ul>\n<h2 id=\"t-1610539832044\">Trouvez votre compagnie de location de voitures<\/h2>\n<p>Tout bien consid\u00e9r\u00e9, la location d&rsquo;une voiture pourrait \u00eatre votre d\u00e9cision finale. Maintenant, tout ce dont vous avez besoin est de prendre votre permis de conduire et vos papiers d&rsquo;assurance.&nbsp;<\/p>\n<p>Les principaux prestataires de services de location de voitures sont les suivants <a href=\"https:\/\/www.hertz.com\/rentacar\/reservation\/\" target=\"_blank\" style=\"outline: none;\" rel=\"noopener nofollow\">Hertz<\/a>, <a href=\"https:\/\/www.ttcar.com\" target=\"_blank\" rel=\"noopener nofollow\">TT Car Transit<\/a>, <a href=\"https:\/\/www.sixt.com\/#\/\" target=\"_blank\" style=\"outline: none;\" rel=\"noopener nofollow\">Sixt<\/a>, <a href=\"https:\/\/www.europcar.com\/en-us\" target=\"_blank\" rel=\"noopener nofollow\">Europcar<\/a>, Alamo et&nbsp;&nbsp;<a href=\"https:\/\/www.avis.com\/en\/home\" target=\"_blank\" style=\"outline: none;\" rel=\"noopener nofollow\">Avis<\/a>. Ces compagnies sont faciles \u00e0 joindre gr\u00e2ce \u00e0 leurs nombreux bureaux en France et en Europe, ainsi qu&rsquo;\u00e0 leurs nombreux a\u00e9roports et gares.Il est essentiel de r\u00e9server t\u00f4t pour b\u00e9n\u00e9ficier des meilleures offres et des meilleurs tarifs. En cas de doute, vous pouvez profiter des sites de comparaison tels que<a href=\"https:\/\/www.rentalcars.com\/\" target=\"_blank\" rel=\"noopener nofollow\"> Rentalcars<\/a> pour prendre une d\u00e9cision parmi plusieurs soci\u00e9t\u00e9s de location de voitures qui vous seront pr\u00e9sent\u00e9es.<strong>Conseil :<\/strong> il peut \u00eatre judicieux de choisir une voiture \u00e9quip\u00e9e d&rsquo;un GPS pour faciliter la conduite \u00e0 Paris, car les routes peuvent parfois \u00eatre tr\u00e8s complexes.<\/p>\n<p><span><img decoding=\"async\" alt=\"rent a car in Paris in France\" data-id=\"8919\" width=\"736\" data-init-width=\"1000\" height=\"493\" data-init-height=\"670\" title=\"rent a car in Paris in France\" src=\"http:\/\/paristouristinformation.fr\/fr\/wp-content\/uploads\/2021\/07\/rent-a-car-in-Paris-in-France.jpg\" data-width=\"736\" data-height=\"493\" style=\"\" loading=\"lazy\"><\/span><\/p>\n<ul>\n<li><a rel=\"noreferrer noopener nofollow\" href=\"https:\/\/pinterest.com\/pin\/create\/button\/?url=https:\/\/www.paristouristinformation.fr\/fr\/organisez-votre-voyage-a-paris\/location-de-voiture\/?tve=true&amp;tcbf=0020d31610&amp;is_video=false&amp;media=http:\/\/paristouristinformation.fr\/fr\/wp-content\/uploads\/2021\/07\/rent-a-car-in-Paris-in-France.jpg&amp;description=Comment%20louer%20une%20voiture%20%C3%A0%20Paris%20%3F%20%7C%20ParisTouristInformation.fr\" onclick=\"essb.window(&#039;https:\/\/pinterest.com\/pin\/create\/button\/?url=https:\/\/www.paristouristinformation.fr\/fr\/organisez-votre-voyage-a-paris\/location-de-voiture\/?tve=true&amp;tcbf=0020d31610&amp;is_video=false&amp;media=http:\/\/paristouristinformation.fr\/fr\/wp-content\/uploads\/2021\/07\/rent-a-car-in-Paris-in-France.jpg&amp;description=Comment%20louer%20une%20voiture%20%C3%A0%20Paris%20%3F%20%7C%20ParisTouristInformation.fr&#039;,&#039;pinpro&#039;,&#039;l073p5sg&#039;); return false;\" target=\"_blank\"><span><\/span><span>Pin<\/span><\/a><\/li>\n<\/ul>\n<h2 id=\"t-1610539832050\">FAQ (Foire aux questions)<\/h2>\n","protected":false},"excerpt":{"rendered":"<p>Nous avons pr\u00e9par\u00e9 ce guide pour vous informer des avantages et des inconv\u00e9nients de la location d&rsquo;une voiture \u00e0 Paris, ainsi que des prix, des compagnies, de la fa\u00e7on de r\u00e9server et d&rsquo;autres conseils qui pourraient vous \u00eatre utiles. Pin Avantages et inconv\u00e9nients de la location d&rsquo;une voiture \u00e0 Paris Voyons ensemble si cela vaut [&hellip;]<\/p>\n","protected":false},"author":11,"featured_media":8915,"parent":3544,"menu_order":0,"comment_status":"closed","ping_status":"closed","template":"","meta":{"footnotes":""},"tags":[],"class_list":["post-7850","page","type-page","status-publish","has-post-thumbnail","hentry","post-wrapper","thrv_wrapper"],"_links":{"self":[{"href":"https:\/\/www.paristouristinformation.fr\/fr\/wp-json\/wp\/v2\/pages\/7850","targetHints":{"allow":["GET"]}}],"collection":[{"href":"https:\/\/www.paristouristinformation.fr\/fr\/wp-json\/wp\/v2\/pages"}],"about":[{"href":"https:\/\/www.paristouristinformation.fr\/fr\/wp-json\/wp\/v2\/types\/page"}],"author":[{"embeddable":true,"href":"https:\/\/www.paristouristinformation.fr\/fr\/wp-json\/wp\/v2\/users\/11"}],"replies":[{"embeddable":true,"href":"https:\/\/www.paristouristinformation.fr\/fr\/wp-json\/wp\/v2\/comments?post=7850"}],"version-history":[{"count":0,"href":"https:\/\/www.paristouristinformation.fr\/fr\/wp-json\/wp\/v2\/pages\/7850\/revisions"}],"up":[{"embeddable":true,"href":"https:\/\/www.paristouristinformation.fr\/fr\/wp-json\/wp\/v2\/pages\/3544"}],"wp:featuredmedia":[{"embeddable":true,"href":"https:\/\/www.paristouristinformation.fr\/fr\/wp-json\/wp\/v2\/media\/8915"}],"wp:attachment":[{"href":"https:\/\/www.paristouristinformation.fr\/fr\/wp-json\/wp\/v2\/media?parent=7850"}],"wp:term":[{"taxonomy":"post_tag","embeddable":true,"href":"https:\/\/www.paristouristinformation.fr\/fr\/wp-json\/wp\/v2\/tags?post=7850"}],"curies":[{"name":"wp","href":"https:\/\/api.w.org\/{rel}","templated":true}]}}