{"id":8115,"date":"2021-03-24T12:22:27","date_gmt":"2021-03-24T12:22:27","guid":{"rendered":"http:\/\/paristouristinformation.fr\/fr\/?page_id=8115"},"modified":"2023-05-16T09:03:09","modified_gmt":"2023-05-16T09:03:09","slug":"location-airbnb-paris","status":"publish","type":"page","link":"https:\/\/www.paristouristinformation.fr\/fr\/location-airbnb-paris\/","title":{"rendered":"Guide simple des locations Airbnb \u00e0 Paris"},"content":{"rendered":"<p>Si vous \u00eates \u00e0 la recherche d&rsquo;un confort domestique lors de vos voyages, vous pouvez choisir votre h\u00e9bergement parmi les maisons r\u00e9pertori\u00e9es sur <a href=\"https:\/\/www.airbnb.com.en\/\" target=\"_blank\" rel=\"noopener nofollow\">le site d&rsquo;Airbnb. <\/a>Cela vous donne g\u00e9n\u00e9ralement l&rsquo;avantage de trouver des prix plus abordables par rapport aux h\u00f4tels du m\u00eame emplacement et de la m\u00eame taille.<\/p>\n<p><span style=\"\"><img decoding=\"async\" alt=\"balcons \u00e0 Paris en France\" data-id=\"9051\" width=\"736\" data-init-width=\"1000\" height=\"493\" data-init-height=\"670\" title=\"balcons \u00e0 Paris en France\" src=\"http:\/\/paristouristinformation.fr\/fr\/wp-content\/uploads\/2021\/07\/apartemnt-balcony-in-Paris-in-France.jpg\" data-width=\"736\" data-height=\"493\" style=\"\" loading=\"lazy\"><\/span><\/p>\n<h2 id=\"t-1646294945794\">O\u00f9 louer un Airbnb \u00e0 Paris ?<\/h2>\n<p>La premi\u00e8re chose \u00e0 faire est de cr\u00e9er votre propre itin\u00e9raire, puis de d\u00e9cider de l&rsquo;endroit o\u00f9 vous souhaitez s\u00e9journer. Si vous pr\u00e9voyez de visiter les mus\u00e9es et sites les plus c\u00e9l\u00e8bres, tels que le mus\u00e9e du Louvre et la cath\u00e9drale Notre-Dame, vous pr\u00e9f\u00e9rerez peut-\u00eatre s\u00e9journer dans les 1er ou 2e arrondissements, au c\u0153ur de Paris. En restant dans le centre, vous pourrez voir autant de choses que possible en peu de temps. De l\u00e0, vous pouvez prendre le m\u00e9tro pour vous rendre \u00e0 la Tour Eiffel ou dans le quartier de Montmartre.Les transports \u00e0 Paris sont assez faciles. M\u00eame si vous trouvez votre place dans les 8e et 9e arrondissements, il ne faut pas plus d&rsquo;une demi-heure pour rejoindre le centre de la ville en utilisant le m\u00e9tro.<\/p>\n<p style=\"\"><strong>Lire la suite : <\/strong><a href=\"https:\/\/paristouristinformation.fr\/fr\/organisez-votre-voyage-a-paris\/ou-sejourner-a-paris\/\" style=\"outline: none;\">Les meilleurs endroits pour se loger \u00e0 Paris<\/a><\/p>\n<p><strong>Lire la suite : <\/strong><a href=\"https:\/\/paristouristinformation.fr\/fr\/organisez-votre-voyage-a-paris\/3-jours\/\" style=\"outline: none;\">Meilleur itin\u00e9raire de 3 jours pour les d\u00e9butants \u00e0 Paris<\/a><\/p>\n<p><span><img decoding=\"async\" alt=\"appartements parisiens \u00e0 Paris en France\" data-id=\"9049\" width=\"736\" data-init-width=\"1000\" height=\"493\" data-init-height=\"670\" title=\"appartements parisiens \u00e0 Paris en France\" src=\"http:\/\/paristouristinformation.fr\/fr\/wp-content\/uploads\/2021\/07\/paris-apartments-in-Paris-in-France.jpg\" data-width=\"736\" data-height=\"493\" style=\"\" loading=\"lazy\"><\/span><\/p>\n<h2 id=\"t-1646294945795\">Trouver des annonces \u00e0 court terme<\/h2>\n<p><span lang=\"en\"><span data-language-for-alternatives=\"en\" data-language-to-translate-into=\"tr\" data-phrase-index=\"0\">Saisissez vos dates d&rsquo;arriv\u00e9e et de d\u00e9part, le nombre de personnes qui s\u00e9journeront, et consultez les options qui vous conviennent. Pour une ville aussi charmante que Paris, pr\u00e9parez-vous \u00e0 rencontrer beaucoup d&rsquo;options. Faites une liste de favoris et r\u00e9duisez la liste en fonction de vos priorit\u00e9s.<\/span><\/span><\/p>\n<h2 id=\"t-1646294945796\">Trouver des inscriptions \u00e0 long terme<\/h2>\n<p>Apr\u00e8s avoir choisi la ville, vous pouvez chercher la cat\u00e9gorie \u00ab\u00a0s\u00e9jour mensuel\u00a0\u00bb sur le site d&rsquo;Airbnb et rechercher les lieux disponibles pour des s\u00e9jours plus longs. Airbnb avait lanc\u00e9 sa fonctionnalit\u00e9 \u00ab\u00a0Simpler monthly rentals\u00a0\u00bb qui permettait aux voyageurs de trouver un lieu de s\u00e9jour pour une p\u00e9riode allant de vingt-huit jours \u00e0 six mois.Pour les s\u00e9jours de moins de 28 nuits, les h\u00f4tes peuvent choisir les options d&rsquo;annulation \u00e0 proposer aux invit\u00e9s. Pour les s\u00e9jours de 28 nuits ou plus, la politique d&rsquo;annulation \u00e0 long terme s&rsquo;applique automatiquement.<\/p>\n<h2 id=\"t-1646294945797\">Mesures de s\u00e9curit\u00e9 dans les locations Airbnb \u00e0 Paris<\/h2>\n<p style=\"\">Paris, avec 60 000 logements disponibles, compte le plus grand nombre d&rsquo;inscriptions sur la liste Airbnb, plus que toute autre ville dans le monde. La municipalit\u00e9 autorise les propri\u00e9taires \u00e0 louer leurs appartements \u00e0 court terme pour un maximum de 120 jours par an.<\/p>\n<p><a href=\"https:\/\/www.airbnb.co.uk\/help\/article\/1383\/responsible-hosting-in-france?_set_bev_on_new_domain=1625766456_MGI3MmFkN2U4NzIy\" target=\"_blank\" style=\"outline: none;\" rel=\"noopener nofollow\">L&rsquo;h\u00e9bergement responsable en France<\/a><\/p>\n<p><span><img decoding=\"async\" alt=\"Vue de Paris \u00e0 Paris en France\" data-id=\"9050\" width=\"736\" data-init-width=\"1200\" height=\"386\" data-init-height=\"630\" title=\"Vue de Paris \u00e0 Paris en France\" src=\"http:\/\/paristouristinformation.fr\/fr\/wp-content\/uploads\/2021\/07\/paris-view-in-Paris-in-France.jpg\" data-width=\"736\" data-height=\"386\" style=\"\" loading=\"lazy\"><\/span><\/p>\n<h2 id=\"t-1646294945798\">Conseils pour passer un bon s\u00e9jour dans un Airbnb parisien.<\/h2>\n<p>Choisir des h\u00f4tes ayant beaucoup de bons avis sur Airbnb et dans la cat\u00e9gorie \u00ab\u00a0Superhost\u00a0\u00bb r\u00e9duira consid\u00e9rablement votre risque d&rsquo;exp\u00e9riences n\u00e9gatives.Assurez-vous qu&rsquo;il existe un code d&rsquo;enregistrement officiel \u00e0 13 chiffres commen\u00e7ant par 75 pour l&rsquo;appartement que vous avez trouv\u00e9.Certains h\u00f4tes utilisent la d\u00e9finition de \u00ab\u00a0proche du centre-ville\u00a0\u00bb pour la localisation de l&rsquo;h\u00e9bergement. Cependant, il est toujours utile de s&rsquo;interroger sur la r\u00e9alit\u00e9 de cette affirmation et de faire une bonne recherche \u00e0 ce sujet. L&#8217;emplacement soi-disant proche peut parfois se trouver \u00e0 une demi-heure de route.N&rsquo;oubliez pas que le syst\u00e8me d&rsquo;\u00e9valuation est mutuel. Cela signifie que vous serez \u00e9galement \u00e9valu\u00e9 par votre h\u00f4te, tout comme vous pouvez faire un commentaire sur votre s\u00e9jour. Il est utile de savoir que tous les services propos\u00e9s dans les h\u00f4tels ne seront pas disponibles dans Airbnb. Les h\u00f4tes doivent \u00eatre aussi attentifs que possible au lieu.Faites de votre mieux pour \u00eatre ponctuel afin de ne faire attendre personne inutilement. Si vous devez subir un retard d\u00fb \u00e0 une situation inattendue, il serait plus poli de signaler la situation.<\/p>\n<h2 style=\"\" id=\"t-1646294945799\">Articles connexes :<\/h2>\n<div class=\"tcb-post-list tve-content-list thrv_wrapper\" data-type=\"grid\" data-pagination-type=\"none\" data-pages_near_current=\"2\" data-css=\"tve-u-17de73856e9\" data-total_post_count=\"2\" data-total_sticky_count=\"0\" data-no_posts_text=\"There are no posts to display.\"><article id=\"post-8889\" class=\"post-8889 page type-page status-publish has-post-thumbnail hentry post-wrapper thrv_wrapper thrive-animated-item  tve_evt_manager_listen tve_ea_thrive_animation tve_et_mouseover tve_anim_grow\" tcb_hover_state_parent=\"\" class=\"tve_evt_manager_listen tve_ea_thrive_animation tve_et_mouseover tve_anim_grow\" data-id=\"8889\" data-selector=\".post-wrapper\"><style class=\"tcb-post-list-dynamic-style\" type=\"text\/css\">@media (min-width: 300px){[].tcb-post-list #post-8889 []{background-image: url(\u00ab\u00a0https:\/\/www.paristouristinformation.fr\/fr\/wp-content\/uploads\/2021\/07\/pickpockets-in-Paris-in-France-1024x538.jpg\u00ab\u00a0) !important;}[].tcb-post-list #post-8889 []:hover []{background-image: url(\u00ab\u00a0https:\/\/www.paristouristinformation.fr\/fr\/wp-content\/uploads\/2021\/07\/pickpockets-in-Paris-in-France-1024x538.jpg\u00ab\u00a0) !important;}}<\/style><a href=\"https:\/\/www.paristouristinformation.fr\/fr\/faq\/eviter-les-pickpockets-paris\/\" dynamic-postlink=\"tcb_post_the_permalink\" data-shortcode-id=\"8889\"><\/a><\/p>\n<h3 style=\"text-align: center; padding-top: 0px !important; margin-top: 0px !important;\"><span data-attr-link=\"1\" data-attr-rel=\"0\" data-attr-target=\"0\" data-extra_key=\"\" data-option-inline=\"1\" data-shortcode=\"tcb_post_title\" data-shortcode-name=\"Post title\" data-attr-css=\"\" data-attr-static-link=\"{&quot;className&quot;:&quot;tve-froala fr-basic&quot;,&quot;href&quot;:&quot;https:\/\/www.paristouristinformation.fr\/fr\/faq\/eviter-les-pickpockets-paris\/&quot;,&quot;title&quot;:&quot;Comment \u00e9viter les pickpockets \u00e0 Paris ? Des conseils simples mais utiles&quot;,&quot;class&quot;:&quot;tve-froala fr-basic&quot;}\" style=\"\"><a href=\"https:\/\/www.paristouristinformation.fr\/fr\/faq\/eviter-les-pickpockets-paris\/\" title=\"Comment \u00e9viter les pickpockets \u00e0 Paris ? Des conseils simples mais utiles\" data-css=\"\" class=\"tve-froala fr-basic\">Comment \u00e9viter les pickpockets \u00e0 Paris ? Des conseils simples mais utiles<\/a><\/span><\/h3>\n<p><\/article><article id=\"post-8399\" class=\"post-8399 page type-page status-publish has-post-thumbnail hentry post-wrapper thrv_wrapper thrive-animated-item  tve_evt_manager_listen tve_ea_thrive_animation tve_et_mouseover tve_anim_grow\" tcb_hover_state_parent=\"\" class=\"tve_evt_manager_listen tve_ea_thrive_animation tve_et_mouseover tve_anim_grow\" data-id=\"8399\" data-selector=\".post-wrapper\"><style class=\"tcb-post-list-dynamic-style\" type=\"text\/css\">@media (min-width: 300px){[].tcb-post-list #post-8399 []{background-image: url(\u00ab\u00a0https:\/\/www.paristouristinformation.fr\/fr\/wp-content\/uploads\/2021\/03\/TOP-12-Best-Apps-to-Visit-Paris-Transport-Discovery-Tips-1024x538.jpg\u00ab\u00a0) !important;}[].tcb-post-list #post-8399 []:hover []{background-image: url(\u00ab\u00a0https:\/\/www.paristouristinformation.fr\/fr\/wp-content\/uploads\/2021\/03\/TOP-12-Best-Apps-to-Visit-Paris-Transport-Discovery-Tips-1024x538.jpg\u00ab\u00a0) !important;}}<\/style><a href=\"https:\/\/www.paristouristinformation.fr\/fr\/faq\/apps\/\" dynamic-postlink=\"tcb_post_the_permalink\" data-shortcode-id=\"8889\"><\/a><\/p>\n<h3 style=\"text-align: center; padding-top: 0px !important; margin-top: 0px !important;\"><span data-attr-link=\"1\" data-attr-rel=\"0\" data-attr-target=\"0\" data-extra_key=\"\" data-option-inline=\"1\" data-shortcode=\"tcb_post_title\" data-shortcode-name=\"Post title\" data-attr-css=\"\" data-attr-static-link=\"{&quot;className&quot;:&quot;tve-froala fr-basic&quot;,&quot;href&quot;:&quot;https:\/\/www.paristouristinformation.fr\/fr\/faq\/eviter-les-pickpockets-paris\/&quot;,&quot;title&quot;:&quot;Comment \u00e9viter les pickpockets \u00e0 Paris ? Des conseils simples mais utiles&quot;,&quot;class&quot;:&quot;tve-froala fr-basic&quot;}\" style=\"\"><a href=\"https:\/\/www.paristouristinformation.fr\/fr\/faq\/apps\/\" title=\"12 des meilleures applications de voyage pour visiter Paris : Transport, d\u00e9couverte, conseils\" data-css=\"\" class=\"tve-froala fr-basic\">12 des meilleures applications de voyage pour visiter Paris : Transport, d\u00e9couverte, conseils<\/a><\/span><\/h3>\n<p><\/article><\/div>\n","protected":false},"excerpt":{"rendered":"<p>Si vous \u00eates \u00e0 la recherche d&rsquo;un confort domestique lors de vos voyages, vous pouvez choisir votre h\u00e9bergement parmi les maisons r\u00e9pertori\u00e9es sur le site d&rsquo;Airbnb. Cela vous donne g\u00e9n\u00e9ralement l&rsquo;avantage de trouver des prix plus abordables par rapport aux h\u00f4tels du m\u00eame emplacement et de la m\u00eame taille. O\u00f9 louer un Airbnb \u00e0 Paris [&hellip;]<\/p>\n","protected":false},"author":11,"featured_media":9990,"parent":0,"menu_order":0,"comment_status":"closed","ping_status":"closed","template":"","meta":{"footnotes":""},"tags":[],"class_list":{"0":"post-8115","1":"page","2":"type-page","3":"status-publish","4":"has-post-thumbnail","5":"hentry","6":"post-wrapper","7":"thrv_wrapper","10":"thrive-animated-item"},"_links":{"self":[{"href":"https:\/\/www.paristouristinformation.fr\/fr\/wp-json\/wp\/v2\/pages\/8115","targetHints":{"allow":["GET"]}}],"collection":[{"href":"https:\/\/www.paristouristinformation.fr\/fr\/wp-json\/wp\/v2\/pages"}],"about":[{"href":"https:\/\/www.paristouristinformation.fr\/fr\/wp-json\/wp\/v2\/types\/page"}],"author":[{"embeddable":true,"href":"https:\/\/www.paristouristinformation.fr\/fr\/wp-json\/wp\/v2\/users\/11"}],"replies":[{"embeddable":true,"href":"https:\/\/www.paristouristinformation.fr\/fr\/wp-json\/wp\/v2\/comments?post=8115"}],"version-history":[{"count":0,"href":"https:\/\/www.paristouristinformation.fr\/fr\/wp-json\/wp\/v2\/pages\/8115\/revisions"}],"wp:featuredmedia":[{"embeddable":true,"href":"https:\/\/www.paristouristinformation.fr\/fr\/wp-json\/wp\/v2\/media\/9990"}],"wp:attachment":[{"href":"https:\/\/www.paristouristinformation.fr\/fr\/wp-json\/wp\/v2\/media?parent=8115"}],"wp:term":[{"taxonomy":"post_tag","embeddable":true,"href":"https:\/\/www.paristouristinformation.fr\/fr\/wp-json\/wp\/v2\/tags?post=8115"}],"curies":[{"name":"wp","href":"https:\/\/api.w.org\/{rel}","templated":true}]}}