{"id":8121,"date":"2021-07-06T14:09:26","date_gmt":"2021-07-06T14:09:26","guid":{"rendered":"http:\/\/paristouristinformation.fr\/fr\/?page_id=8121"},"modified":"2023-07-27T11:27:01","modified_gmt":"2023-07-27T11:27:01","slug":"louer-un-velo-a-paris","status":"publish","type":"page","link":"https:\/\/www.paristouristinformation.fr\/fr\/louer-un-velo-a-paris\/","title":{"rendered":"Louer un v\u00e9lo \u00e0 Paris : Comment \u00e7a marche ?"},"content":{"rendered":"<h3>La municipalit\u00e9 de Paris a cr\u00e9\u00e9 un syst\u00e8me g\u00e9nial de partage de v\u00e9los (le V\u00e9lib).<\/h3>\n<p>Utiliser un v\u00e9lo est l&rsquo;une des fa\u00e7ons les plus ludiques et les plus \u00e9cologiques de d\u00e9couvrir Paris. Vous d\u00e9couvrirez <strong>comment fonctionne ce syst\u00e8me<\/strong>, <strong>quels types de v\u00e9los<\/strong> vous pouvez trouver et bien <strong>d&rsquo;autres informations utiles <\/strong>sur le V\u00e9lib.<\/p>\n<p><span><img decoding=\"async\" alt=\"Velib 1 in Paris in France\" data-id=\"8866\" width=\"736\" data-init-width=\"1000\" height=\"493\" data-init-height=\"670\" title=\"Velib 1 in Paris in France\" src=\"http:\/\/paristouristinformation.fr\/fr\/wp-content\/uploads\/2021\/07\/Velib-1-in-Paris-in-France.jpg\" data-width=\"736\" data-height=\"493\" style=\"aspect-ratio: auto 1000 \/ 670;\" loading=\"lazy\"><\/span><\/p>\n<h2 id=\"t-1610539832044\">Qu&rsquo;est-ce que V\u00e9lib ?<\/h2>\n<p>V\u00e9lib est d\u00e9riv\u00e9 de deux mots : V\u00e9lo (v\u00e9lo) et Lib\u00e9rt\u00e9 (libert\u00e9). Les V\u00e9libs sont les v\u00e9los que chacun peut louer pour une heure ou une journ\u00e9e. Le syst\u00e8me compte plus de 18 000 v\u00e9los et environ 1200 stations enregistr\u00e9es.C&rsquo;est vous qui d\u00e9cidez de la dur\u00e9e de la location. Il y a environ 1000 stations v\u00e9lib&rsquo; \u00e0 Paris. Le syst\u00e8me est extr\u00eamement simple puisque vous n&rsquo;avez m\u00eame pas besoin de laisser votre v\u00e9lo \u00e0 la station o\u00f9 vous l&rsquo;avez lou\u00e9. Vous pouvez simplement aller le laisser \u00e0 la station de votre choix. Il y a un point d&rsquo;ancrage tous les 300 m\u00e8tres dans Paris.C&rsquo;est l&rsquo;un des moyens de transport les plus id\u00e9aux pour une ville ayant une planification environnementale comme Paris. Presque toutes les rues de Paris ont une piste cyclable s\u00e9par\u00e9e. C&rsquo;est souvent un moyen plus \u00e9conomique et plus rapide de se rendre quelque part que le m\u00e9tro ou le bus dans une ville comme Paris. Bien s\u00fbr, ceci est valable en supposant que vous ne vous dirigez pas vers des collines difficiles comme le Sacr\u00e9 Coeur&#8230; Plut\u00f4t que de prendre le V\u00e9lib comme un service de location de v\u00e9los \u00e0 la journ\u00e9e, mieux vaut le consid\u00e9rer comme un moyen de transport alternatif au m\u00e9tro, au RER, au bus et au tram. Si vous voulez faire du v\u00e9lo dans la ville toute la journ\u00e9e, le V\u00e9lib n&rsquo;est peut-\u00eatre pas exactement ce que vous recherchez.Avec un abonnement, la location de v\u00e9los est gratuite pendant la premi\u00e8re demi-heure de chaque trajet individuel ; le nombre de ces trajets gratuits est illimit\u00e9 par jour. Si vous utilisez les v\u00e9los pendant moins de 30 minutes, vous ne serez pas factur\u00e9 au-del\u00e0 du forfait, mais si vous faites des trajets plus longs, vous devrez payer un suppl\u00e9ment. Votre paiement sera automatiquement recr\u00e9dit\u00e9 sur votre compte.Vous pouvez trouver les tarifs en vigueur sur <a href=\"\" target=\"_blank\" rel=\"noopener\">le site officiel de V\u00e9lib.<\/a><\/p>\n<h3>V\u00e9lib V\u00e9los \u00e9lectriques<\/h3>\n<p>Les v\u00e9los \u00e9lectriques de couleur bleue repr\u00e9sentent 35% du V\u00e9lib. Il fonctionne le plus lentement au niveau 1 lors de la premi\u00e8re mise en service. On peut ensuite augmenter la vitesse avec 2 et 3 sur le clavier.<\/p>\n<p><span><img decoding=\"async\" alt=\"velib bike in Paris in France\" data-id=\"8864\" width=\"736\" data-init-width=\"1200\" height=\"386\" data-init-height=\"630\" title=\"velib bike in Paris in France\" src=\"http:\/\/paristouristinformation.fr\/fr\/wp-content\/uploads\/2021\/07\/velib-bike-in-Paris-in-France.jpg\" data-width=\"736\" data-height=\"386\" style=\"aspect-ratio: auto 1200 \/ 630;\" loading=\"lazy\"><\/span><\/p>\n<h2 id=\"t-1610539832045\">Que dois-je savoir sur V\u00e9lib ?<\/h2>\n<ul>\n<li><span style=\"\"><strong>Sur la route :<\/strong> Utilisez toujours les v\u00e9los sur les routes d\u00e9sign\u00e9es. Il est interdit de rouler sur la chauss\u00e9e. Vous pouvez utiliser la route du bus uniquement lorsqu&rsquo;il n&rsquo;y a pas de piste cyclable.<\/span><\/li>\n<li style=\"\"><span style=\"\"><strong>Stationnement :<\/strong> Lorsque vous placez le v\u00e9lo correctement, le voyant vert doit s&rsquo;allumer. Cela signifie que vous vous \u00eates gar\u00e9 correctement. Apr\u00e8s avoir laiss\u00e9 votre v\u00e9lo, il est recommand\u00e9 d&rsquo;entrer le code de votre carte au kiosque et de voir le texte \u00ab\u00a0le v\u00e9lo a \u00e9t\u00e9 laiss\u00e9 en place\u00a0\u00bb pour s&rsquo;en assurer.<\/span><\/li>\n<li><span style=\"\"><strong><strong>Points d&rsquo;amarrage : <\/strong><strong><a href=\"https:\/\/www.velib-metropole.fr\/en\/map#\/\" target=\"_blank\" rel=\"noopener nofollow\"><strong>Cliquez ici pour trouver le point d&rsquo;amarrage le plus proche !<\/strong><\/a><strong><\/strong><\/strong><\/strong><\/span><\/li>\n<\/ul>\n<p><span><img decoding=\"async\" alt=\"V\u00e9lib in Paris in France\" data-id=\"8863\" width=\"736\" data-init-width=\"1000\" height=\"493\" data-init-height=\"670\" title=\"V\u00e9lib in Paris in France\" src=\"http:\/\/paristouristinformation.fr\/fr\/wp-content\/uploads\/2021\/07\/Velib-in-Paris-in-France-1.jpg\" data-width=\"736\" data-height=\"493\" style=\"aspect-ratio: auto 1000 \/ 670;\" loading=\"lazy\"><\/span><\/p>\n<h2 id=\"t-1610539832046\">Comment louer un V\u00e9lib<\/h2>\n<p>Vous devez utiliser une carte de cr\u00e9dit dans n&rsquo;importe quelle station velib. Une provision est pr\u00e9lev\u00e9e sur votre carte \u00e0 titre de d\u00e9p\u00f4t. Il ne s&rsquo;agit cependant pas d&rsquo;une redevance. La caution assure la garantie si quelqu&rsquo;un ne rend pas le v\u00e9lo, ou s&rsquo;il y a un dommage, etc&#8230; Ensuite, vous allez d\u00e9finir un mot de passe pour le syst\u00e8me. Gardez votre mot de passe \u00e0 l&rsquo;esprit ! Avec votre mot de passe, vous pouvez coder le num\u00e9ro figurant sur cette fiche dans n&rsquo;importe quelle station et obtenir l&rsquo;un des v\u00e9los disponibles. Pour r\u00e9cup\u00e9rer le v\u00e9lo, vous appuyez d&rsquo;abord sur le bouton o\u00f9 il est verrouill\u00e9, puis vous le tirez en arri\u00e8re.<\/p>\n<h2>Autres soci\u00e9t\u00e9s de location de v\u00e9los \u00e0 Paris<\/h2>\n<p tve-droppable\"\"=\"\">Vous trouverez ci-dessous un aper\u00e7u d&rsquo;autres entreprises \u00e0 Paris o\u00f9 vous pouvez louer un v\u00e9lo et profiter de diverses activit\u00e9s, y compris des excursions \u00e0 v\u00e9lo :<\/p>\n<ul>\n<li tve-droppable\"\"=\"\"><a data-lt-tmp-id=\"lt-119733\" href=\"https:\/\/parisavelo.fr\/\" rel=\"noopener nofollow\" spellcheck=\"false\" target=\"_blank\" style=\"outline: none;\">Paris a Velo<\/a> : Propose des visites guid\u00e9es de Paris \u00e0 v\u00e9lo et loue des v\u00e9lo&nbsp;<\/li>\n<li tve-droppable\"\"=\"\"><a data-lt-tmp-id=\"lt-450761\" href=\"https:\/\/parisbiketour.net\/\" rel=\"noopener nofollow\" spellcheck=\"false\" target=\"_blank\" style=\"outline: none;\">Paris Bike Tour&nbsp;<\/a>: Propose des visites guid\u00e9es \u00e0 v\u00e9lo, des visites priv\u00e9es, des excursions \u00e0 v\u00e9lo, des locations de v\u00e9los, des team buildings et des randonn\u00e9es p\u00e9destres.<\/li>\n<li tve-droppable\"\"=\"\"><a data-lt-tmp-id=\"lt-946357\" href=\"http:\/\/www.veloparis.com\/\" rel=\"noopener nofollow\" spellcheck=\"false\" target=\"_blank\" style=\"outline: none;\">Velo Paris<\/a>&nbsp;: Propose des visites guid\u00e9es \u00e0 v\u00e9lo, la location de v\u00e9los, la r\u00e9paration de v\u00e9los et la vente de v\u00e9los.<\/li>\n<li tve-droppable\"\"=\"\"><a data-lt-tmp-id=\"lt-314817\" href=\"https:\/\/www.allovelo.paris\/\" rel=\"noopener nofollow\" spellcheck=\"false\" target=\"_blank\">Allo Velo Paris<\/a> : Propose des v\u00e9los de location et des v\u00e9los \u00e0 la vente.<\/li>\n<li tve-droppable\"\"=\"\"><a data-lt-tmp-id=\"lt-508637\" href=\"https:\/\/www.ecox.fr\/location\" rel=\"noopener nofollow\" spellcheck=\"false\" target=\"_blank\" style=\"outline: none;\">Ecox<\/a> : Propose des v\u00e9los en location et diverses activit\u00e9s.<\/li>\n<\/ul>\n<h2 id=\"t-1610539832050\">FAQ (Foire aux questions)<\/h2>\n<h2 style=\"\" id=\"t-1690457026641\">Articles connexes :<\/h2>\n<p><a href=\"https:\/\/www.paristouristinformation.fr\/fr\/organisez-votre-voyage-a-paris\/transports-en-commun\/\" dynamic-postlink=\"tcb_post_the_permalink\" data-shortcode-id=\"3806\"><\/a><\/p>\n<h3 style=\"text-align: center; padding-top: 0px !important; margin-top: 0px !important;\"><span data-attr-link=\"1\" data-attr-rel=\"0\" data-attr-target=\"0\" data-extra_key=\"\" data-option-inline=\"1\" data-shortcode=\"tcb_post_title\" data-shortcode-name=\"Post title\" data-attr-css=\"\" data-attr-static-link=\"{&quot;className&quot;:&quot;&quot;,&quot;href&quot;:&quot;https:\/\/www.paristouristinformation.fr\/fr\/organisez-votre-voyage-a-paris\/transports-en-commun\/&quot;,&quot;title&quot;:&quot;Comment utiliser les transports en commun \u00e0 Paris : Le guide complet&quot;,&quot;class&quot;:&quot;&quot;}\" style=\"\"><a href=\"https:\/\/www.paristouristinformation.fr\/fr\/organisez-votre-voyage-a-paris\/transports-en-commun\/\" title=\"Comment utiliser les transports en commun \u00e0 Paris : Le guide complet\" data-css=\"\">Comment utiliser les transports en commun \u00e0 Paris : Le guide complet<\/a><\/span><\/h3>\n<p><a href=\"https:\/\/www.paristouristinformation.fr\/fr\/organisez-votre-voyage-a-paris\/transports-en-commun\/metro\/\" dynamic-postlink=\"tcb_post_the_permalink\" data-shortcode-id=\"3806\"><\/a><\/p>\n<h3 style=\"text-align: center; padding-top: 0px !important; margin-top: 0px !important;\"><span data-attr-link=\"1\" data-attr-rel=\"0\" data-attr-target=\"0\" data-extra_key=\"\" data-option-inline=\"1\" data-shortcode=\"tcb_post_title\" data-shortcode-name=\"Post title\" data-attr-css=\"\" data-attr-static-link=\"{&quot;className&quot;:&quot;&quot;,&quot;href&quot;:&quot;https:\/\/www.paristouristinformation.fr\/fr\/organisez-votre-voyage-a-paris\/transports-en-commun\/&quot;,&quot;title&quot;:&quot;Comment utiliser les transports en commun \u00e0 Paris : Le guide complet&quot;,&quot;class&quot;:&quot;&quot;}\" style=\"\"><a href=\"https:\/\/www.paristouristinformation.fr\/fr\/organisez-votre-voyage-a-paris\/transports-en-commun\/metro\/\" title=\"Comment utiliser le m\u00e9tro \u00e0 Paris : Un guide complet\" data-css=\"\">Comment utiliser le m\u00e9tro \u00e0 Paris : Un guide complet<\/a><\/span><\/h3>\n<p><a href=\"https:\/\/www.paristouristinformation.fr\/fr\/organisez-votre-voyage-a-paris\/aeroports\/\" dynamic-postlink=\"tcb_post_the_permalink\" data-shortcode-id=\"3806\"><\/a><\/p>\n<h3 style=\"text-align: center; padding-top: 0px !important; margin-top: 0px !important;\"><span data-attr-link=\"1\" data-attr-rel=\"0\" data-attr-target=\"0\" data-extra_key=\"\" data-option-inline=\"1\" data-shortcode=\"tcb_post_title\" data-shortcode-name=\"Post title\" data-attr-css=\"\" data-attr-static-link=\"{&quot;className&quot;:&quot;&quot;,&quot;href&quot;:&quot;https:\/\/www.paristouristinformation.fr\/fr\/organisez-votre-voyage-a-paris\/transports-en-commun\/&quot;,&quot;title&quot;:&quot;Comment utiliser les transports en commun \u00e0 Paris : Le guide complet&quot;,&quot;class&quot;:&quot;&quot;}\" style=\"\"><a href=\"https:\/\/www.paristouristinformation.fr\/fr\/organisez-votre-voyage-a-paris\/aeroports\/\" title=\"Informations sur les a\u00e9roports de Paris : Transfert, vol, terminaux\" data-css=\"\">Informations sur les a\u00e9roports de Paris : Transfert, vol, terminaux<\/a><\/span><\/h3>\n<p><a href=\"https:\/\/www.paristouristinformation.fr\/fr\/organisez-votre-voyage-a-paris\/location-de-voiture\/\" dynamic-postlink=\"tcb_post_the_permalink\" data-shortcode-id=\"3806\"><\/a><\/p>\n<h3 style=\"text-align: center; padding-top: 0px !important; margin-top: 0px !important;\"><span data-attr-link=\"1\" data-attr-rel=\"0\" data-attr-target=\"0\" data-extra_key=\"\" data-option-inline=\"1\" data-shortcode=\"tcb_post_title\" data-shortcode-name=\"Post title\" data-attr-css=\"\" data-attr-static-link=\"{&quot;className&quot;:&quot;&quot;,&quot;href&quot;:&quot;https:\/\/www.paristouristinformation.fr\/fr\/organisez-votre-voyage-a-paris\/transports-en-commun\/&quot;,&quot;title&quot;:&quot;Comment utiliser les transports en commun \u00e0 Paris : Le guide complet&quot;,&quot;class&quot;:&quot;&quot;}\" style=\"\"><a href=\"https:\/\/www.paristouristinformation.fr\/fr\/organisez-votre-voyage-a-paris\/location-de-voiture\/\" title=\"Comment louer une voiture \u00e0 Paris ? [Prix &amp; Conditions]\" data-css=\"\">Comment louer une voiture \u00e0 Paris ? [Prix &amp; Conditions]<\/a><\/span><\/h3>\n","protected":false},"excerpt":{"rendered":"<p>La municipalit\u00e9 de Paris a cr\u00e9\u00e9 un syst\u00e8me g\u00e9nial de partage de v\u00e9los (le V\u00e9lib). Utiliser un v\u00e9lo est l&rsquo;une des fa\u00e7ons les plus ludiques et les plus \u00e9cologiques de d\u00e9couvrir Paris. Vous d\u00e9couvrirez comment fonctionne ce syst\u00e8me, quels types de v\u00e9los vous pouvez trouver et bien d&rsquo;autres informations utiles sur le V\u00e9lib. Qu&rsquo;est-ce que [&hellip;]<\/p>\n","protected":false},"author":11,"featured_media":8864,"parent":0,"menu_order":0,"comment_status":"closed","ping_status":"closed","template":"","meta":{"footnotes":""},"tags":[],"class_list":["post-8121","page","type-page","status-publish","has-post-thumbnail","hentry","post-wrapper","thrv_wrapper"],"_links":{"self":[{"href":"https:\/\/www.paristouristinformation.fr\/fr\/wp-json\/wp\/v2\/pages\/8121","targetHints":{"allow":["GET"]}}],"collection":[{"href":"https:\/\/www.paristouristinformation.fr\/fr\/wp-json\/wp\/v2\/pages"}],"about":[{"href":"https:\/\/www.paristouristinformation.fr\/fr\/wp-json\/wp\/v2\/types\/page"}],"author":[{"embeddable":true,"href":"https:\/\/www.paristouristinformation.fr\/fr\/wp-json\/wp\/v2\/users\/11"}],"replies":[{"embeddable":true,"href":"https:\/\/www.paristouristinformation.fr\/fr\/wp-json\/wp\/v2\/comments?post=8121"}],"version-history":[{"count":0,"href":"https:\/\/www.paristouristinformation.fr\/fr\/wp-json\/wp\/v2\/pages\/8121\/revisions"}],"wp:featuredmedia":[{"embeddable":true,"href":"https:\/\/www.paristouristinformation.fr\/fr\/wp-json\/wp\/v2\/media\/8864"}],"wp:attachment":[{"href":"https:\/\/www.paristouristinformation.fr\/fr\/wp-json\/wp\/v2\/media?parent=8121"}],"wp:term":[{"taxonomy":"post_tag","embeddable":true,"href":"https:\/\/www.paristouristinformation.fr\/fr\/wp-json\/wp\/v2\/tags?post=8121"}],"curies":[{"name":"wp","href":"https:\/\/api.w.org\/{rel}","templated":true}]}}