{"id":8125,"date":"2021-03-03T21:06:29","date_gmt":"2021-03-03T21:06:29","guid":{"rendered":"http:\/\/paristouristinformation.fr\/fr\/?page_id=8125"},"modified":"2023-08-18T07:35:07","modified_gmt":"2023-08-18T07:35:07","slug":"hop-on-hop-off","status":"publish","type":"page","link":"https:\/\/www.paristouristinformation.fr\/fr\/choses-a-faire\/hop-on-hop-off\/","title":{"rendered":"Tours Hop on Hop off en bateau et en bus \u00e0 Paris"},"content":{"rendered":"<p>Vous aimez voyager dans un bus \u00e0 imp\u00e9riale ou naviguer sur la Seine ? Vous souhaitez avoir la possibilit\u00e9 de planifier votre journ\u00e9e et de vous d\u00e9placer facilement tout en d\u00e9couvrant Paris ? Si vous vous demandez quels sont les avantages des visites guid\u00e9es Hop-on\/Hop-off, vous \u00eates au bon endroit. D\u00e9couvrons-le ensemble !<\/p>\n<p><span><img decoding=\"async\" alt=\"tour bus in Paris in France\" data-id=\"9068\" width=\"736\" data-init-width=\"1000\" height=\"493\" data-init-height=\"670\" title=\"tour bus in Paris in France\" src=\"http:\/\/paristouristinformation.fr\/fr\/wp-content\/uploads\/2021\/07\/tour-bus-in-Paris-in-France.jpg\" data-width=\"736\" data-height=\"493\" style=\"\" loading=\"lazy\"><\/span><\/p>\n<ul>\n<li><a rel=\"noreferrer noopener nofollow\" href=\"https:\/\/pinterest.com\/pin\/create\/button\/?url=https:\/\/paristouristinformation.fr\/fr\/choses-a-faire\/hop-on-hop-off\/?tve=true&amp;tcbf=1efc23cc95&amp;is_video=false&amp;media=http:\/\/paristouristinformation.fr\/fr\/wp-content\/uploads\/2021\/07\/tour-bus-in-Paris-in-France.jpg&amp;description=Tours%20Hop%20on%20Hop%20off%20en%20bateau%20et%20en%20bus%20%C3%A0%20Paris%20%7C%20ParisTouristInformation.fr\" onclick=\"essb.window('https:\/\/pinterest.com\/pin\/create\/button\/?url=https:\/\/paristouristinformation.fr\/fr\/choses-a-faire\/hop-on-hop-off\/?tve=true&amp;tcbf=1efc23cc95&amp;is_video=false&amp;media=http:\/\/paristouristinformation.fr\/fr\/wp-content\/uploads\/2021\/07\/tour-bus-in-Paris-in-France.jpg&amp;description=Tours%20Hop%20on%20Hop%20off%20en%20bateau%20et%20en%20bus%20%C3%A0%20Paris%20%7C%20ParisTouristInformation.fr','pinpro','kzye7vv3'); return false;\" target=\"_blank\"><span><\/span><span>Pin<\/span><\/a><\/li>\n<\/ul>\n<h2 id=\"t-1610539832044\" style=\"\">Big Bus Paris<\/h2>\n<p>*C&rsquo;est l&rsquo;un des rares circuits en bus qui offre plusieurs options suppl\u00e9mentaires, notamment une croisi\u00e8re et une entr\u00e9e \u00e0 l&rsquo;Arc de Triomphe. Consultez les offres pour savoir quel forfait est fait pour vous !Le Big Bus vous donne la possibilit\u00e9 de monter et de descendre \u00e0 n&rsquo;importe quel arr\u00eat et de voir les b\u00e2timents les plus embl\u00e9matiques depuis le bus \u00e0 deux \u00e9tages. Un guide audio est disponible en 11 langues diff\u00e9rentes. Il est possible de compl\u00e9ter votre pass par une exp\u00e9rience incontournable, une croisi\u00e8re sur la Seine. Une connexion Wi-Fi gratuite est disponible \u00e0 bord.La visite propose deux itin\u00e9raires \u00e0 explorer :<\/p>\n<p>*<a href=\"https:\/\/www.bigbustours.com\/en\/paris\/paris-routes-and-tour-maps\" target=\"_blank\" style=\"outline: none;\" rel=\"noopener nofollow\">Route classique (route rouge) :<\/a>D\u00e9couvrez les sites embl\u00e9matiques du c\u0153ur de la ville, notamment l&rsquo;Arc de Triomphe, le Trocad\u00e9ro et la cath\u00e9drale Notre-Dame.<\/p>\n<p>Arr\u00eats du circuit Big Bus Paris Rouge : 1. Tour Eiffel &#8211; Quai Branly, Entree 2 Tour Eiffel2 : Champ de Mars &#8211; Avenue Joseph Bouvard3 : Op\u00e9ra Garnier &#8211; Face au 15 Rue Scribe (\u00e0 c\u00f4t\u00e9 de l&rsquo;arr\u00eat de la navette a\u00e9roportuaire RoissyBus)4 : Louvre &#8211; Pyramide \/ Centre d&rsquo;information Big Bus &#8211; 11 Avenue de l&rsquo;Op\u00e9ra (pr\u00e8s du centre d&rsquo;information Big Bus)5 : Louvre &#8211; Pont des Arts &#8211; Quai Francois Mitterrand (pr\u00e8s du Pont des Arts)6 : Notre Dame &#8211; 3 Rue Lagrange (devant la boutique de souvenirs, en face du Square Ren\u00e9 Viviani)7 : Mus\u00e9e d&rsquo;Orsay &#8211; 58 Place Henry de Montherlant (face au mus\u00e9e par le Quai Anatole France)8 : Champs-Elys\u00e9es &#8211; 156 Avenue des Champs-Elys\u00e9es (face \u00e0 l&rsquo;Arc de Triomphe par la Rue de Tilsitt)9 : Grand Palais &#8211; Avenue Winston Churchill (face au Grand Palais et Petit Palais)10 : Trocad\u00e9ro &#8211; Avenue Paul Doumer (\u00e0 c\u00f4t\u00e9 du Palais de Chaillot pr\u00e8s de la Statue de Benjamin Franklin)<\/p>\n<p><strong>* Route bleue : <\/strong>D\u00e9couvrez la partie boh\u00e8me de la ville, le Montmartre, le quartier des artistes et le Moulin Rouge.<\/p>\n<p>Arr\u00eats de la ligne Big Bus Paris Montmartre Blue : 4 : Louvre-Pyramide \/ Centre d&rsquo;information Big Bus &#8211; 11 Avenue de l&rsquo;Op\u00e9ra (pr\u00e8s du centre d&rsquo;information Big Bus)11 : Gare du Nord &#8211; 35 Rue de Saint-Quentin (face \u00e0 l&rsquo;entr\u00e9e principale de la Gare du Nord, juste \u00e0 c\u00f4t\u00e9 de la rue de Dunkerque)51 : Pigalle (HOP OFF ONLY) &#8211; Place Pigalle &#8211; REMARQUE : cet arr\u00eat est un arr\u00eat de type \u00a0\u00bb hop-off \u00ab\u00a0, vous ne pouvez donc pas remonter \u00e0 bord ici52. Sacre-C\u0153ur (HOP OFF ONLY) &#8211; face au 21 Boulevard de Rochechouart, puis marchez jusqu&rsquo;au Funiculaire) &#8211; REMARQUE : il s&rsquo;agit d&rsquo;un arr\u00eat \u00a0\u00bb hop-off \u00ab\u00a0, vous ne pouvez donc pas remonter \u00e0 bord ici.53 : Mus\u00e9e Grevin (HOP OFF ONLY) &#8211; 10 Boulevard Montmartre &#8211; REMARQUE : il s&rsquo;agit d&rsquo;un arr\u00eat \u00a0\u00bb hop-off \u00ab\u00a0, vous ne pouvez donc pas remonter \u00e0 bord ici.<\/p>\n<p><strong>Conseil :<\/strong> N&rsquo;oubliez pas de t\u00e9l\u00e9charger <a href=\"https:\/\/play.google.com\/store\/apps\/details?id=com.bigbustours.bbt&amp;hl=tr&amp;gl=US\" target=\"_blank\" style=\"outline: none;\" rel=\"noopener nofollow\">l&rsquo;application mobile gratuite de Big Bus Tours <\/a>sur <a href=\"https:\/\/apps.apple.com\/us\/app\/big-bus-tours\/id590746945\" target=\"_blank\" rel=\"noopener nofollow\">Apple Store<\/a> et <a href=\"https:\/\/play.google.com\/store\/apps\/details?id=com.bigbustours.bbt&amp;hl=tr&amp;gl=US\" target=\"_blank\" rel=\"noopener nofollow\">Google Play Store<\/a> pour voir des plans d\u00e9taill\u00e9s de la ville et les heures d&rsquo;arriv\u00e9e des bus en direct.<\/p>\n<p><span><img decoding=\"async\" alt=\"hop-on hop-off bus in Paris in France\" data-id=\"9069\" width=\"736\" data-init-width=\"1000\" height=\"493\" data-init-height=\"670\" title=\"hop-on hop-off bus in Paris in France\" src=\"http:\/\/paristouristinformation.fr\/fr\/wp-content\/uploads\/2021\/07\/hop-on-hop-off-bus-in-Paris-in-France-1.jpg\" data-width=\"736\" data-height=\"493\" style=\"\" loading=\"lazy\"><\/span><\/p>\n<ul>\n<li><a rel=\"noreferrer noopener nofollow\" href=\"https:\/\/pinterest.com\/pin\/create\/button\/?url=https:\/\/paristouristinformation.fr\/fr\/choses-a-faire\/hop-on-hop-off\/?tve=true&amp;tcbf=1efc23cc95&amp;is_video=false&amp;media=http:\/\/paristouristinformation.fr\/fr\/wp-content\/uploads\/2021\/07\/hop-on-hop-off-bus-in-Paris-in-France-1.jpg&amp;description=Tours%20Hop%20on%20Hop%20off%20en%20bateau%20et%20en%20bus%20%C3%A0%20Paris%20%7C%20ParisTouristInformation.fr\" onclick=\"essb.window(&#039;https:\/\/pinterest.com\/pin\/create\/button\/?url=https:\/\/paristouristinformation.fr\/fr\/choses-a-faire\/hop-on-hop-off\/?tve=true&amp;tcbf=1efc23cc95&amp;is_video=false&amp;media=http:\/\/paristouristinformation.fr\/fr\/wp-content\/uploads\/2021\/07\/hop-on-hop-off-bus-in-Paris-in-France-1.jpg&amp;description=Tours%20Hop%20on%20Hop%20off%20en%20bateau%20et%20en%20bus%20%C3%A0%20Paris%20%7C%20ParisTouristInformation.fr&#039;,&#039;pinpro&#039;,&#039;kzye7vvf&#039;); return false;\" target=\"_blank\"><span><\/span><span>Pin<\/span><\/a><\/li>\n<\/ul>\n<h2 id=\"t-1610539832045\">Tootbus Paris<\/h2>\n<p>D\u00e9couvrez les offres Hop-on Hop-Off de 1 jour et 2 jours \u00e0 Paris de Tootbus. Commencez votre aventure \u00e0 n&rsquo;importe quel arr\u00eat de la liste et d\u00e9barquez \u00e0 la station de votre choix.<\/p>\n<p><a href=\"https:\/\/www.tootbus.com\/en\/paris\/product\/b620c3f7-0375-4233-be01-4abde8424b58?optionId=e397aa9c-2e1c-4142-ba36-22c26e51f377\" target=\"_blank\" rel=\"noopener nofollow\">Paris Discovery :<\/a> Paris Discovery vous fera passer par l&rsquo;Op\u00e9ra, le Mus\u00e9e du Louvre, la Cath\u00e9drale Notre-Dame, la Sainte-Chapelle, le Mus\u00e9e d&rsquo;Orsay, la Concorde, les Champs-\u00c9lys\u00e9es, l&rsquo;Arc de Triomphe, la Tour Eiffel, les Invalides, le Grand Palais et bien d&rsquo;autres encore. Guide audio disponible en anglais et en fran\u00e7ais sur les appareils de bus et sur l&rsquo;application Tootbus sur <a href=\"https:\/\/play.google.com\/store\/apps\/details?id=com.ratpdev.esight\" target=\"_blank\" rel=\"noopener nofollow\">Google Play Store<\/a> et <a href=\"https:\/\/apps.apple.com\/us\/app\/tootbus-city-guide\/id1539663642\" target=\"_blank\" style=\"outline: none;\" rel=\"noopener nofollow\">Apple Store.<\/a><\/p>\n<p><span><img decoding=\"async\" alt=\"boat tour on Seine in Paris in France\" data-id=\"9071\" width=\"736\" data-init-width=\"1000\" height=\"493\" data-init-height=\"670\" title=\"boat tour on Seine in Paris in France\" src=\"http:\/\/paristouristinformation.fr\/fr\/wp-content\/uploads\/2021\/07\/boat-tour-on-Seine-in-Paris-in-France.jpg\" data-width=\"736\" data-height=\"493\" style=\"\" loading=\"lazy\"><\/span><\/p>\n<ul>\n<li><a rel=\"noreferrer noopener nofollow\" href=\"https:\/\/pinterest.com\/pin\/create\/button\/?url=https:\/\/paristouristinformation.fr\/fr\/choses-a-faire\/hop-on-hop-off\/?tve=true&amp;tcbf=1efc23cc95&amp;is_video=false&amp;media=http:\/\/paristouristinformation.fr\/fr\/wp-content\/uploads\/2021\/07\/boat-tour-on-Seine-in-Paris-in-France.jpg&amp;description=Tours%20Hop%20on%20Hop%20off%20en%20bateau%20et%20en%20bus%20%C3%A0%20Paris%20%7C%20ParisTouristInformation.fr\" onclick=\"essb.window(&#039;https:\/\/pinterest.com\/pin\/create\/button\/?url=https:\/\/paristouristinformation.fr\/fr\/choses-a-faire\/hop-on-hop-off\/?tve=true&amp;tcbf=1efc23cc95&amp;is_video=false&amp;media=http:\/\/paristouristinformation.fr\/fr\/wp-content\/uploads\/2021\/07\/boat-tour-on-Seine-in-Paris-in-France.jpg&amp;description=Tours%20Hop%20on%20Hop%20off%20en%20bateau%20et%20en%20bus%20%C3%A0%20Paris%20%7C%20ParisTouristInformation.fr&#039;,&#039;pinpro&#039;,&#039;kzye7vvj&#039;); return false;\" target=\"_blank\"><span><\/span><span>Pin<\/span><\/a><\/li>\n<\/ul>\n<p><a href=\"https:\/\/www.viator.com\/tours\/Paris\/Tootbus-Must-See-Paris-Hop-on-Hop-off-Bus-Tour-and-1-Hour-River-Cruise\/d479-43811P21\" style=\"outline: none;\" target=\"_blank\" rel=\"noopener nofollow\"><strong>Must See Paris:<\/strong><\/a> Visite en bus de Paris et croisi\u00e8re sur la Seine<\/p>\n<p>Montez \u00e0 bord pour d\u00e9couvrir toutes les attractions et tous les points d&rsquo;int\u00e9r\u00eat majeurs de Paris par voie terrestre et maritime, avec la possibilit\u00e9 de monter et descendre \u00e0 n&rsquo;importe quel arr\u00eat pour explorer davantage. Sur le parcours, vous verrez l&rsquo;Op\u00e9ra, le Mus\u00e9e du Louvre, la Cath\u00e9drale Notre-Dame, la Sainte-Chapelle, le Mus\u00e9e d&rsquo;Orsay, la Concorde, les Champs-\u00c9lys\u00e9es, l&rsquo;Arc de Triomphe, la Tour Eiffel, les Invalides, le Grand Palais et bien d&rsquo;autres encore ! Ce forfait combine les points de rep\u00e8re avec la croisi\u00e8re sur la Seine. L&#8217;embarcad\u00e8re de la croisi\u00e8re est situ\u00e9 au pied de la Tour Eiffel, c\u00f4t\u00e9 fleuve (arr\u00eat de bus n\u00b09).<\/p>\n<h2>Paris Pass &#8211; avec visite en bus Hop on Hop off<\/h2>\n<p style=\"\"><a href=\"https:\/\/www.tiqets.com\/en\/paris-attractions-c66746\/tickets-for-hop-on-hop-off-open-bus-tour-paris-p974674\/?partner=checkfortrip\" style=\"outline: none;\" target=\"_blank\" rel=\"noopener nofollow\">Paris Pass avec visite en bus Hop-On Hop-Off<\/a><\/p>\n<p>Ce pass est indispensable pour les voyageurs qui veulent voir le plus de choses possibles \u00e0 Paris. Vous b\u00e9n\u00e9ficiez d&rsquo;un acc\u00e8s au m\u00e9tro et au bus, de l&rsquo;entr\u00e9e \u00e0 certains des sites les plus connus de la ville avec l&rsquo;avantage de sauter les files d&rsquo;attente.Choisissez un Paris Pass de 2, 3, 4 ou 6 jours pour l&rsquo;adapter \u00e0 votre voyage \u00e0 Paris. Chaque pass est valable pour le nombre de jours civils achet\u00e9s \u00e0 partir de la premi\u00e8re utilisation de l&rsquo;attraction. Le prix comprend un billet Big Bus d&rsquo;une journ\u00e9e avec mont\u00e9e et descente \u00e0 volont\u00e9.<\/p>\n<h2 style=\"\">Articles connexes :<\/h2>\n<div class=\"tcb-post-list tve-content-list thrv_wrapper\" data-type=\"grid\" data-pagination-type=\"none\" data-pages_near_current=\"2\" data-css=\"tve-u-17ddd46047b\" data-total_post_count=\"4\" data-total_sticky_count=\"0\" data-no_posts_text=\"There are no posts to display.\"><article id=\"post-3589\" class=\"post-3589 page type-page status-publish has-post-thumbnail hentry post-wrapper thrv_wrapper thrive-animated-item  tve_evt_manager_listen tve_ea_thrive_animation tve_et_mouseover tve_anim_grow\" tcb_hover_state_parent=\"\" class=\"tve_evt_manager_listen tve_ea_thrive_animation tve_et_mouseover tve_anim_grow\" data-id=\"3589\" data-selector=\".post-wrapper\"><style class=\"tcb-post-list-dynamic-style\" type=\"text\/css\">@media (min-width: 300px){[].tcb-post-list #post-3589 []{background-image: url(\u00ab\u00a0https:\/\/www.paristouristinformation.fr\/fr\/wp-content\/uploads\/2020\/07\/Paris-sunset-cruise-boat-eiffel-1024x684.jpg\u00ab\u00a0) !important;}[].tcb-post-list #post-3589 []:hover []{background-image: url(\u00ab\u00a0https:\/\/www.paristouristinformation.fr\/fr\/wp-content\/uploads\/2020\/07\/Paris-sunset-cruise-boat-eiffel-1024x684.jpg\u00ab\u00a0) !important;}}<\/style><a href=\"https:\/\/www.paristouristinformation.fr\/fr\/choses-a-faire\/top-10\/\" dynamic-postlink=\"tcb_post_the_permalink\" data-shortcode-id=\"3589\"><\/a><\/p>\n<h3 style=\"text-align: center; padding-top: 0px !important; margin-top: 0px !important;\"><span data-attr-link=\"1\" data-attr-rel=\"0\" data-attr-target=\"0\" data-extra_key=\"\" data-option-inline=\"1\" data-shortcode=\"tcb_post_title\" data-shortcode-name=\"Post title\" data-attr-css=\"\" data-attr-static-link=\"{&quot;className&quot;:&quot;tve-froala fr-basic&quot;,&quot;href&quot;:&quot;https:\/\/paristouristinformation.fr\/fr\/choses-a-faire\/top-10\/&quot;,&quot;title&quot;:&quot;Top 10 Meilleures Choses \u00e0 Faire \u00e0 Paris&quot;,&quot;class&quot;:&quot;tve-froala fr-basic&quot;}\" style=\"\"><a href=\"https:\/\/www.paristouristinformation.fr\/fr\/choses-a-faire\/top-10\/\" title=\"Top 10 Meilleures Choses \u00e0 Faire \u00e0 Paris\" data-css=\"\" class=\"tve-froala fr-basic\">Top 10 Meilleures Choses \u00e0 Faire \u00e0 Paris<\/a><\/span><\/h3>\n<p><\/article><article id=\"post-426\" class=\"post-426 page type-page status-publish has-post-thumbnail hentry post-wrapper thrv_wrapper thrive-animated-item  tve_evt_manager_listen tve_ea_thrive_animation tve_et_mouseover tve_anim_grow\" tcb_hover_state_parent=\"\" class=\"tve_evt_manager_listen tve_ea_thrive_animation tve_et_mouseover tve_anim_grow\" data-id=\"426\" data-selector=\".post-wrapper\"><style class=\"tcb-post-list-dynamic-style\" type=\"text\/css\">@media (min-width: 300px){[].tcb-post-list #post-426 []{background-image: url(\u00ab\u00a0https:\/\/www.paristouristinformation.fr\/fr\/wp-content\/uploads\/2021\/01\/10-Best-Shopping-Centers-in-Paris-EN-1024x538.jpg\u00ab\u00a0) !important;}[].tcb-post-list #post-426 []:hover []{background-image: url(\u00ab\u00a0https:\/\/www.paristouristinformation.fr\/fr\/wp-content\/uploads\/2021\/01\/10-Best-Shopping-Centers-in-Paris-EN-1024x538.jpg\u00ab\u00a0) !important;}}<\/style><a href=\"https:\/\/www.paristouristinformation.fr\/fr\/shopping\/centre-commerciaux\/\" dynamic-postlink=\"tcb_post_the_permalink\" data-shortcode-id=\"3589\"><\/a><\/p>\n<h3 style=\"text-align: center; padding-top: 0px !important; margin-top: 0px !important;\"><span data-attr-link=\"1\" data-attr-rel=\"0\" data-attr-target=\"0\" data-extra_key=\"\" data-option-inline=\"1\" data-shortcode=\"tcb_post_title\" data-shortcode-name=\"Post title\" data-attr-css=\"\" data-attr-static-link=\"{&quot;className&quot;:&quot;tve-froala fr-basic&quot;,&quot;href&quot;:&quot;https:\/\/paristouristinformation.fr\/fr\/choses-a-faire\/top-10\/&quot;,&quot;title&quot;:&quot;Top 10 Meilleures Choses \u00e0 Faire \u00e0 Paris&quot;,&quot;class&quot;:&quot;tve-froala fr-basic&quot;}\" style=\"\"><a href=\"https:\/\/www.paristouristinformation.fr\/fr\/shopping\/centre-commerciaux\/\" title=\"10 Meilleurs centres commerciaux \u00e0 Paris\" data-css=\"\" class=\"tve-froala fr-basic\">10 Meilleurs centres commerciaux \u00e0 Paris<\/a><\/span><\/h3>\n<p><\/article><article id=\"post-6884\" class=\"post-6884 page type-page status-publish has-post-thumbnail hentry post-wrapper thrv_wrapper thrive-animated-item  tve_evt_manager_listen tve_ea_thrive_animation tve_et_mouseover tve_anim_grow\" tcb_hover_state_parent=\"\" class=\"tve_evt_manager_listen tve_ea_thrive_animation tve_et_mouseover tve_anim_grow\" data-id=\"6884\" data-selector=\".post-wrapper\"><style class=\"tcb-post-list-dynamic-style\" type=\"text\/css\">@media (min-width: 300px){[].tcb-post-list #post-6884 []{background-image: url(\u00ab\u00a0https:\/\/www.paristouristinformation.fr\/fr\/wp-content\/uploads\/2021\/03\/Guide-to-Grand-Palais-in-Paris-1024x538.jpg\u00ab\u00a0) !important;}[].tcb-post-list #post-6884 []:hover []{background-image: url(\u00ab\u00a0https:\/\/www.paristouristinformation.fr\/fr\/wp-content\/uploads\/2021\/03\/Guide-to-Grand-Palais-in-Paris-1024x538.jpg\u00ab\u00a0) !important;}}<\/style><a href=\"https:\/\/www.paristouristinformation.fr\/fr\/choses-a-faire\/musees\/grand-palais\/\" dynamic-postlink=\"tcb_post_the_permalink\" data-shortcode-id=\"3589\"><\/a><\/p>\n<h3 style=\"text-align: center; padding-top: 0px !important; margin-top: 0px !important;\"><span data-attr-link=\"1\" data-attr-rel=\"0\" data-attr-target=\"0\" data-extra_key=\"\" data-option-inline=\"1\" data-shortcode=\"tcb_post_title\" data-shortcode-name=\"Post title\" data-attr-css=\"\" data-attr-static-link=\"{&quot;className&quot;:&quot;tve-froala fr-basic&quot;,&quot;href&quot;:&quot;https:\/\/paristouristinformation.fr\/fr\/choses-a-faire\/top-10\/&quot;,&quot;title&quot;:&quot;Top 10 Meilleures Choses \u00e0 Faire \u00e0 Paris&quot;,&quot;class&quot;:&quot;tve-froala fr-basic&quot;}\" style=\"\"><a href=\"https:\/\/www.paristouristinformation.fr\/fr\/choses-a-faire\/musees\/grand-palais\/\" title=\"Guide du Grand Palais \u00e0 Paris : Expositions, billets et infos\" data-css=\"\" class=\"tve-froala fr-basic\">Guide du Grand Palais \u00e0 Paris : Expositions, billets et infos<\/a><\/span><\/h3>\n<p><\/article><article id=\"post-8635\" class=\"post-8635 page type-page status-publish has-post-thumbnail hentry post-wrapper thrv_wrapper thrive-animated-item  tve_evt_manager_listen tve_ea_thrive_animation tve_et_mouseover tve_anim_grow\" tcb_hover_state_parent=\"\" class=\"tve_evt_manager_listen tve_ea_thrive_animation tve_et_mouseover tve_anim_grow\" data-id=\"8635\" data-selector=\".post-wrapper\"><style class=\"tcb-post-list-dynamic-style\" type=\"text\/css\">@media (min-width: 300px){[].tcb-post-list #post-8635 []{background-image: url(\u00ab\u00a0https:\/\/www.paristouristinformation.fr\/fr\/wp-content\/uploads\/2021\/07\/Guide-to-Grevin-Museum-in-Paris-1024x538.jpg\u00ab\u00a0) !important;}[].tcb-post-list #post-8635 []:hover []{background-image: url(\u00ab\u00a0https:\/\/www.paristouristinformation.fr\/fr\/wp-content\/uploads\/2021\/07\/Guide-to-Grevin-Museum-in-Paris-1024x538.jpg\u00ab\u00a0) !important;}}<\/style><a href=\"https:\/\/www.paristouristinformation.fr\/fr\/choses-a-faire\/musees\/grevin\/\" dynamic-postlink=\"tcb_post_the_permalink\" data-shortcode-id=\"3589\"><\/a><\/p>\n<h3 style=\"text-align: center; padding-top: 0px !important; margin-top: 0px !important;\"><span data-attr-link=\"1\" data-attr-rel=\"0\" data-attr-target=\"0\" data-extra_key=\"\" data-option-inline=\"1\" data-shortcode=\"tcb_post_title\" data-shortcode-name=\"Post title\" data-attr-css=\"\" data-attr-static-link=\"{&quot;className&quot;:&quot;tve-froala fr-basic&quot;,&quot;href&quot;:&quot;https:\/\/paristouristinformation.fr\/fr\/choses-a-faire\/top-10\/&quot;,&quot;title&quot;:&quot;Top 10 Meilleures Choses \u00e0 Faire \u00e0 Paris&quot;,&quot;class&quot;:&quot;tve-froala fr-basic&quot;}\" style=\"\"><a href=\"https:\/\/www.paristouristinformation.fr\/fr\/choses-a-faire\/musees\/grevin\/\" title=\"Guide du mus\u00e9e Gr\u00e9vin \u00e0 Paris : Expositions et billets\" data-css=\"\" class=\"tve-froala fr-basic\">Guide du mus\u00e9e Gr\u00e9vin \u00e0 Paris : Expositions et billets<\/a><\/span><\/h3>\n<p><\/article><\/div>\n","protected":false},"excerpt":{"rendered":"<p>Vous aimez voyager dans un bus \u00e0 imp\u00e9riale ou naviguer sur la Seine ? Vous souhaitez avoir la possibilit\u00e9 de planifier votre journ\u00e9e et de vous d\u00e9placer facilement tout en d\u00e9couvrant Paris ? Si vous vous demandez quels sont les avantages des visites guid\u00e9es Hop-on\/Hop-off, vous \u00eates au bon endroit. D\u00e9couvrons-le ensemble ! Pin Big [&hellip;]<\/p>\n","protected":false},"author":11,"featured_media":9066,"parent":11691,"menu_order":0,"comment_status":"closed","ping_status":"closed","template":"","meta":{"footnotes":""},"tags":[],"class_list":{"0":"post-8125","1":"page","2":"type-page","3":"status-publish","4":"has-post-thumbnail","5":"hentry","6":"post-wrapper","7":"thrv_wrapper","10":"thrive-animated-item"},"_links":{"self":[{"href":"https:\/\/www.paristouristinformation.fr\/fr\/wp-json\/wp\/v2\/pages\/8125","targetHints":{"allow":["GET"]}}],"collection":[{"href":"https:\/\/www.paristouristinformation.fr\/fr\/wp-json\/wp\/v2\/pages"}],"about":[{"href":"https:\/\/www.paristouristinformation.fr\/fr\/wp-json\/wp\/v2\/types\/page"}],"author":[{"embeddable":true,"href":"https:\/\/www.paristouristinformation.fr\/fr\/wp-json\/wp\/v2\/users\/11"}],"replies":[{"embeddable":true,"href":"https:\/\/www.paristouristinformation.fr\/fr\/wp-json\/wp\/v2\/comments?post=8125"}],"version-history":[{"count":0,"href":"https:\/\/www.paristouristinformation.fr\/fr\/wp-json\/wp\/v2\/pages\/8125\/revisions"}],"up":[{"embeddable":true,"href":"https:\/\/www.paristouristinformation.fr\/fr\/wp-json\/wp\/v2\/pages\/11691"}],"wp:featuredmedia":[{"embeddable":true,"href":"https:\/\/www.paristouristinformation.fr\/fr\/wp-json\/wp\/v2\/media\/9066"}],"wp:attachment":[{"href":"https:\/\/www.paristouristinformation.fr\/fr\/wp-json\/wp\/v2\/media?parent=8125"}],"wp:term":[{"taxonomy":"post_tag","embeddable":true,"href":"https:\/\/www.paristouristinformation.fr\/fr\/wp-json\/wp\/v2\/tags?post=8125"}],"curies":[{"name":"wp","href":"https:\/\/api.w.org\/{rel}","templated":true}]}}