{"id":8375,"date":"2020-11-09T13:24:21","date_gmt":"2020-11-09T13:24:21","guid":{"rendered":"http:\/\/paristouristinformation.fr\/fr\/?page_id=2282"},"modified":"2023-05-16T08:39:45","modified_gmt":"2023-05-16T08:39:45","slug":"influenceur","status":"publish","type":"page","link":"https:\/\/www.paristouristinformation.fr\/fr\/contact\/influenceur\/","title":{"rendered":"Coop\u00e9ration en mati\u00e8re de blogs, de m\u00e9dias sociaux et d&#8217;influenceurs \u00e0 Paris"},"content":{"rendered":"<h1 style=\"text-align: left; font-size: 18px !important;\"><span style=\"font-weight: normal;\">VOYAGE \u00c0 PARIS PR\u00c9VU ?<\/span><\/h1>\n<h1 style=\"text-align: left;\">Contact pour le blog, les m\u00e9dias sociaux et les influenceurs<\/h1>\n<p style=\"text-align: left;\">Dans la mesure du possible, nous aidons \u00e0 trouver des partenaires locaux pour la coop\u00e9ration.<\/p>\n<p><span style=\"\"><a href=\"http:\/\/paristouristinformation.fr\/fr\/wp-content\/uploads\/2020\/11\/Influencers-1.jpg\"><img decoding=\"async\" alt=\"Paris Eiffel from Notre Dame\" data-id=\"8189\" title=\"Paris Eiffel from Notre Dame\" src=\"\/\/paristouristinformation.fr\/fr\/wp-content\/uploads\/2021\/03\/TOP-12-Best-Apps-to-Visit-Paris-Transport-Discovery-Tips.jpg\" style=\"\" ml-d=\"0\" data-width=\"480\" data-height=\"252\" data-init-width=\"1200\" data-init-height=\"630\" mt-d=\"0\" data-link-wrap=\"true\" width=\"480\" height=\"252\" loading=\"lazy\"><\/a><\/span><\/p>\n<p style=\"text-align: center;\">Contactez-nous \u00e0 l&rsquo;adresse <strong>support@paristouristinformation.fr<\/strong> ou utilisez notre formulaire de contact.<\/p>\n<h2 style=\"\">Comment pouvons-nous vous aider ?<\/h2>\n<p style=\"\">Veuillez nous envoyer un dossier de presse d\u00e9taill\u00e9 en allemand ou en anglais avec votre demande.&nbsp;<\/p>\n<h3 style=\"\">1. Circuits locaux<\/h3>\n<p style=\"\">Nous serons heureux de vous mettre en contact avec les organisateurs locaux d&rsquo;excursions, de visites guid\u00e9es et d&rsquo;\u00e9v\u00e9nements.<\/p>\n<h3 style=\"\">2. H\u00f4tels \u00e0 Paris<\/h3>\n<p style=\"\">Dans la mesure du possible et si vous disposez d&rsquo;un kit m\u00e9dia appropri\u00e9, nous pouvons organiser des h\u00f4tels dans des cas individuels.<\/p>\n<h3 style=\"\">3. Questions de planification<\/h3>\n<p style=\"\">L&rsquo;organisation de contacts pour des recherches, des questions sur Paris et d&rsquo;autres sujets est bien s\u00fbr possible.<\/p>\n<h2 style=\"text-align: center;\">Contact pour d&rsquo;autres demandes<\/h2>\n<p style=\"text-align: center;\">Les demandes de coop\u00e9ration des m\u00e9dias, des voyagistes, des compagnies a\u00e9riennes, des m\u00e9dias, de la t\u00e9l\u00e9vision, des journaux et des entreprises sont possibles gr\u00e2ce \u00e0 notre formulaire de contact.<\/p>\n","protected":false},"excerpt":{"rendered":"<p>VOYAGE \u00c0 PARIS PR\u00c9VU ? Contact pour le blog, les m\u00e9dias sociaux et les influenceurs Dans la mesure du possible, nous aidons \u00e0 trouver des partenaires locaux pour la coop\u00e9ration. Contactez-nous \u00e0 l&rsquo;adresse support@paristouristinformation.fr ou utilisez notre formulaire de contact. Comment pouvons-nous vous aider ? Veuillez nous envoyer un dossier de presse d\u00e9taill\u00e9 en allemand [&hellip;]<\/p>\n","protected":false},"author":11,"featured_media":8189,"parent":3573,"menu_order":0,"comment_status":"closed","ping_status":"closed","template":"","meta":{"footnotes":""},"tags":[],"class_list":["post-8375","page","type-page","status-publish","has-post-thumbnail","hentry","post-wrapper","thrv_wrapper"],"_links":{"self":[{"href":"https:\/\/www.paristouristinformation.fr\/fr\/wp-json\/wp\/v2\/pages\/8375","targetHints":{"allow":["GET"]}}],"collection":[{"href":"https:\/\/www.paristouristinformation.fr\/fr\/wp-json\/wp\/v2\/pages"}],"about":[{"href":"https:\/\/www.paristouristinformation.fr\/fr\/wp-json\/wp\/v2\/types\/page"}],"author":[{"embeddable":true,"href":"https:\/\/www.paristouristinformation.fr\/fr\/wp-json\/wp\/v2\/users\/11"}],"replies":[{"embeddable":true,"href":"https:\/\/www.paristouristinformation.fr\/fr\/wp-json\/wp\/v2\/comments?post=8375"}],"version-history":[{"count":0,"href":"https:\/\/www.paristouristinformation.fr\/fr\/wp-json\/wp\/v2\/pages\/8375\/revisions"}],"up":[{"embeddable":true,"href":"https:\/\/www.paristouristinformation.fr\/fr\/wp-json\/wp\/v2\/pages\/3573"}],"wp:featuredmedia":[{"embeddable":true,"href":"https:\/\/www.paristouristinformation.fr\/fr\/wp-json\/wp\/v2\/media\/8189"}],"wp:attachment":[{"href":"https:\/\/www.paristouristinformation.fr\/fr\/wp-json\/wp\/v2\/media?parent=8375"}],"wp:term":[{"taxonomy":"post_tag","embeddable":true,"href":"https:\/\/www.paristouristinformation.fr\/fr\/wp-json\/wp\/v2\/tags?post=8375"}],"curies":[{"name":"wp","href":"https:\/\/api.w.org\/{rel}","templated":true}]}}