{"id":8376,"date":"2020-11-09T13:30:42","date_gmt":"2020-11-09T13:30:42","guid":{"rendered":"http:\/\/paristouristinformation.fr\/fr\/?page_id=2292"},"modified":"2023-05-16T08:43:37","modified_gmt":"2023-05-16T08:43:37","slug":"tour-operateur","status":"publish","type":"page","link":"https:\/\/www.paristouristinformation.fr\/fr\/contact\/tour-operateur\/","title":{"rendered":"Tour op\u00e9rateur"},"content":{"rendered":"<h1 style=\"text-align: left; font-size: 18px !important;\"><span style=\"font-weight: normal;\">VOYAGE \u00c0 PARIS PR\u00c9VU ?<\/span><\/h1>\n<h1 style=\"text-align: left;\">Contact pour les tour-op\u00e9rateurs, les agences de voyage et les compagnies a\u00e9riennes<\/h1>\n<p style=\"text-align: left;\">Possibilit\u00e9s de coop\u00e9ration, r\u00e9servation et aide pour les agences de voyage.<\/p>\n<p><span style=\"\"><a href=\"http:\/\/paristouristinformation.fr\/fr\/wp-content\/uploads\/2020\/11\/Influencers-2-1.jpg\"><img decoding=\"async\" alt=\"Eintritt, Ticket und Preis\" data-id=\"2159\" title=\"Eintritt, Ticket und Preis\" src=\"http:\/\/paristouristinformation.fr\/fr\/wp-content\/uploads\/2020\/11\/Eintritt-Ticket-und-Preis-2.jpg\" style=\"\" ml-d=\"0\" data-width=\"480\" data-height=\"320\" data-init-width=\"1000\" data-init-height=\"667\" mt-d=\"0\" data-link-wrap=\"true\" width=\"480\" height=\"320\" loading=\"lazy\"><\/a><\/span><\/p>\n<p style=\"text-align: center;\">Contactez-nous \u00e0 l&rsquo;adresse <strong>support@paristouristinformation.fr<\/strong> ou utilisez notre formulaire de contact.<\/p>\n<p>__CONFIG_colors_palette__{\u00ab\u00a0active_palette\u00a0\u00bb:0,\u00a0\u00bbconfig\u00a0\u00bb:{\u00ab\u00a0colors\u00a0\u00bb:{\u00ab\u00a049fd8\u00a0\u00bb:{\u00ab\u00a0name\u00a0\u00bb:\u00a0\u00bbMain Accent\u00a0\u00bb,\u00a0\u00bbparent\u00a0\u00bb:-1}},\u00a0\u00bbgradients\u00a0\u00bb:[]},\u00a0\u00bbpalettes\u00a0\u00bb:[{\u00ab\u00a0name\u00a0\u00bb:\u00a0\u00bbDefault\u00a0\u00bb,\u00a0\u00bbvalue\u00a0\u00bb:{\u00ab\u00a0colors\u00a0\u00bb:{\u00ab\u00a049fd8\u00a0\u00bb:{\u00ab\u00a0val\u00a0\u00bb:\u00a0\u00bbvar(&#8211;tcb-skin-color-0)\u00a0\u00bb}},\u00a0\u00bbgradients\u00a0\u00bb:[]},\u00a0\u00bboriginal\u00a0\u00bb:{\u00ab\u00a0colors\u00a0\u00bb:{\u00ab\u00a049fd8\u00a0\u00bb:{\u00ab\u00a0val\u00a0\u00bb:\u00a0\u00bbrgb(47, 138, 229)\u00a0\u00bb,\u00a0\u00bbhsl\u00a0\u00bb:{\u00ab\u00a0h\u00a0\u00bb:210,\u00a0\u00bbs\u00a0\u00bb:0.77,\u00a0\u00bbl\u00a0\u00bb:0.54,\u00a0\u00bba\u00a0\u00bb:1}}},\u00a0\u00bbgradients\u00a0\u00bb:[]}}]}__CONFIG_colors_palette__    Nom *   Adresse \u00e9lectronique *   T\u00e9l\u00e9phone (facultatif)  Votre message *   <span>0 of 1000<\/span>  Plus d&rsquo;espace pour \u00e9crire :  <span>0 of 1000<\/span> __CONFIG_colors_palette__{\u00ab\u00a0active_palette\u00a0\u00bb:0,\u00a0\u00bbconfig\u00a0\u00bb:{\u00ab\u00a0colors\u00a0\u00bb:{\u00ab\u00a017ee7\u00a0\u00bb:{\u00ab\u00a0name\u00a0\u00bb:\u00a0\u00bbMain Accent\u00a0\u00bb,\u00a0\u00bbparent\u00a0\u00bb:-1}},\u00a0\u00bbgradients\u00a0\u00bb:[]},\u00a0\u00bbpalettes\u00a0\u00bb:[{\u00ab\u00a0name\u00a0\u00bb:\u00a0\u00bbDefault Palette\u00a0\u00bb,\u00a0\u00bbvalue\u00a0\u00bb:{\u00ab\u00a0colors\u00a0\u00bb:{\u00ab\u00a017ee7\u00a0\u00bb:{\u00ab\u00a0val\u00a0\u00bb:\u00a0\u00bbvar(&#8211;tcb-local-color-a779b)\u00a0\u00bb,\u00a0\u00bbhsl\u00a0\u00bb:{\u00ab\u00a0h\u00a0\u00bb:210,\u00a0\u00bbs\u00a0\u00bb:0.78,\u00a0\u00bbl\u00a0\u00bb:0.01}}},\u00a0\u00bbgradients\u00a0\u00bb:[]},\u00a0\u00bboriginal\u00a0\u00bb:{\u00ab\u00a0colors\u00a0\u00bb:{\u00ab\u00a017ee7\u00a0\u00bb:{\u00ab\u00a0val\u00a0\u00bb:\u00a0\u00bbrgb(19, 114, 211)\u00a0\u00bb,\u00a0\u00bbhsl\u00a0\u00bb:{\u00ab\u00a0h\u00a0\u00bb:210,\u00a0\u00bbs\u00a0\u00bb:0.83,\u00a0\u00bbl\u00a0\u00bb:0.45}}},\u00a0\u00bbgradients\u00a0\u00bb:[]}}]}__CONFIG_colors_palette__ <a href=\"#\"><span style=\"\">  <\/span> <span style=\"\"><span style=\"\">Envoyer un message<\/span><\/span> <\/a><\/p>\n<h2 style=\"\">Comment pouvons-nous vous aider ?<\/h2>\n<p style=\"\">Nous pouvons vous aider \u00e0 planifier des voyages en famille, des incentives, des voyages de groupe et des demandes de r\u00e9servation sp\u00e9ciales.&nbsp;<\/p>\n<h3 style=\"\">1. Agence de voyage et tour op\u00e9rateur<\/h3>\n<p style=\"\">Planification et prise en charge des demandes sp\u00e9ciales, allant des mariages aux voyages de groupe et aux incitations.<\/p>\n<h3 style=\"\">2. Experts en tourisme<\/h3>\n<p style=\"\">Nous transmettons volontiers les demandes de planification de voyages familiaux et d&rsquo;exp\u00e9ditions aux partenaires de coop\u00e9ration locaux.<\/p>\n<h3 style=\"\">3. Programme-cadre<\/h3>\n<p style=\"\">Le programme complet d&rsquo;un seul prestataire, de l&rsquo;\u00e9v\u00e9nement de team building au transfert de groupe et \u00e0 la croisi\u00e8re sur la Seine.<\/p>\n<h2 style=\"text-align: center;\">Contact pour d&rsquo;autres demandes<\/h2>\n<p style=\"text-align: center;\">Les demandes de coop\u00e9ration des m\u00e9dias, des voyagistes, des compagnies a\u00e9riennes, des m\u00e9dias, de la t\u00e9l\u00e9vision, des journaux et des entreprises sont possibles gr\u00e2ce \u00e0 notre formulaire de contact.<\/p>\n","protected":false},"excerpt":{"rendered":"<p>VOYAGE \u00c0 PARIS PR\u00c9VU ? Contact pour les tour-op\u00e9rateurs, les agences de voyage et les compagnies a\u00e9riennes Possibilit\u00e9s de coop\u00e9ration, r\u00e9servation et aide pour les agences de voyage. Contactez-nous \u00e0 l&rsquo;adresse support@paristouristinformation.fr ou utilisez notre formulaire de contact. __CONFIG_colors_palette__{\u00ab\u00a0active_palette\u00a0\u00bb:0,\u00a0\u00bbconfig\u00a0\u00bb:{\u00ab\u00a0colors\u00a0\u00bb:{\u00ab\u00a049fd8\u00a0\u00bb:{\u00ab\u00a0name\u00a0\u00bb:\u00a0\u00bbMain Accent\u00a0\u00bb,\u00a0\u00bbparent\u00a0\u00bb:-1}},\u00a0\u00bbgradients\u00a0\u00bb:[]},\u00a0\u00bbpalettes\u00a0\u00bb:[{\u00ab\u00a0name\u00a0\u00bb:\u00a0\u00bbDefault\u00a0\u00bb,\u00a0\u00bbvalue\u00a0\u00bb:{\u00ab\u00a0colors\u00a0\u00bb:{\u00ab\u00a049fd8\u00a0\u00bb:{\u00ab\u00a0val\u00a0\u00bb:\u00a0\u00bbvar(&#8211;tcb-skin-color-0)\u00a0\u00bb}},\u00a0\u00bbgradients\u00a0\u00bb:[]},\u00a0\u00bboriginal\u00a0\u00bb:{\u00ab\u00a0colors\u00a0\u00bb:{\u00ab\u00a049fd8\u00a0\u00bb:{\u00ab\u00a0val\u00a0\u00bb:\u00a0\u00bbrgb(47, 138, 229)\u00a0\u00bb,\u00a0\u00bbhsl\u00a0\u00bb:{\u00ab\u00a0h\u00a0\u00bb:210,\u00a0\u00bbs\u00a0\u00bb:0.77,\u00a0\u00bbl\u00a0\u00bb:0.54,\u00a0\u00bba\u00a0\u00bb:1}}},\u00a0\u00bbgradients\u00a0\u00bb:[]}}]}__CONFIG_colors_palette__ Nom * Adresse \u00e9lectronique * T\u00e9l\u00e9phone (facultatif) Votre message * 0 of 1000 [&hellip;]<\/p>\n","protected":false},"author":11,"featured_media":0,"parent":3573,"menu_order":0,"comment_status":"closed","ping_status":"closed","template":"","meta":{"footnotes":""},"tags":[],"class_list":["post-8376","page","type-page","status-publish","hentry","post-wrapper","thrv_wrapper"],"_links":{"self":[{"href":"https:\/\/www.paristouristinformation.fr\/fr\/wp-json\/wp\/v2\/pages\/8376","targetHints":{"allow":["GET"]}}],"collection":[{"href":"https:\/\/www.paristouristinformation.fr\/fr\/wp-json\/wp\/v2\/pages"}],"about":[{"href":"https:\/\/www.paristouristinformation.fr\/fr\/wp-json\/wp\/v2\/types\/page"}],"author":[{"embeddable":true,"href":"https:\/\/www.paristouristinformation.fr\/fr\/wp-json\/wp\/v2\/users\/11"}],"replies":[{"embeddable":true,"href":"https:\/\/www.paristouristinformation.fr\/fr\/wp-json\/wp\/v2\/comments?post=8376"}],"version-history":[{"count":0,"href":"https:\/\/www.paristouristinformation.fr\/fr\/wp-json\/wp\/v2\/pages\/8376\/revisions"}],"up":[{"embeddable":true,"href":"https:\/\/www.paristouristinformation.fr\/fr\/wp-json\/wp\/v2\/pages\/3573"}],"wp:attachment":[{"href":"https:\/\/www.paristouristinformation.fr\/fr\/wp-json\/wp\/v2\/media?parent=8376"}],"wp:term":[{"taxonomy":"post_tag","embeddable":true,"href":"https:\/\/www.paristouristinformation.fr\/fr\/wp-json\/wp\/v2\/tags?post=8376"}],"curies":[{"name":"wp","href":"https:\/\/api.w.org\/{rel}","templated":true}]}}