{"id":8388,"date":"2020-12-23T19:57:56","date_gmt":"2020-12-23T19:57:56","guid":{"rendered":"http:\/\/paristouristinformation.fr\/fr\/?page_id=331"},"modified":"2023-08-02T10:07:16","modified_gmt":"2023-08-02T10:07:16","slug":"taxi","status":"publish","type":"page","link":"https:\/\/www.paristouristinformation.fr\/fr\/organisez-votre-voyage-a-paris\/transports-en-commun\/taxi\/","title":{"rendered":"Les taxis \u00e0 Paris : Comment trouver et r\u00e9server, tarifs et conseils"},"content":{"rendered":"<p>Il existe 18 000 taxis r\u00e9glement\u00e9s par la ville de Paris qui desservent l&rsquo;ensemble de l&rsquo;agglom\u00e9ration parisienne.Vous les reconna\u00eetrez car ce sont g\u00e9n\u00e9ralement de luxueuses voitures noires portant sur leur toit le signe blanc <strong>\u00ab\u00a0TAXI PARISIEN\u00a0\u00bb qui devient vert lorsqu&rsquo;il est libre et rouge lorsqu&rsquo;il est occup\u00e9.<\/strong>Dans cet article, <strong>nous vous d\u00e9crirons la meilleure fa\u00e7on d&rsquo;obtenir un taxi et des conseils <\/strong>sur la fa\u00e7on de rouler \u00e0 Paris avec des taxis facilement.<\/p>\n<p>[tcb-script async=\u00a0\u00bb\u00a0\u00bb src=\u00a0\u00bbhttps:\/\/pagead2.googlesyndication.com\/pagead\/js\/adsbygoogle.js?client=ca-pub-9068959505092710&Prime; crossorigin=\u00a0\u00bbanonymous\u00a0\u00bb][\/tcb-script][tcb-script]     (adsbygoogle = window.adsbygoogle || []).push({});[\/tcb-script]<\/p>\n<h2 id=\"t-1612430763404\">Tarifs des taxis \u00e0 Paris<\/h2>\n<p>Les tarifs des taxis officiels parisiens sont fix\u00e9s et le prix maximum commence \u00e0 partir de 4,18 \u20ac (environ 7 \u20ac si r\u00e9servation pr\u00e9alable). Le paiement s&rsquo;effectue au taxim\u00e8tre et les tarifs ne peuvent pas \u00eatre modifi\u00e9s ou r\u00e9duits. Les heures d&rsquo;attente sont factur\u00e9es 37 \u20ac par heure.Il vaut mieux avoir de l&rsquo;argent liquide car les services de cartes de cr\u00e9dit ou de d\u00e9bit ne sont pas obligatoires pour les taxis \u00e0 Paris. Si un taxi accepte les cartes, vous verrez peut-\u00eatre des autocollants correspondants sur la vitre avant ou arri\u00e8re.<\/p>\n<ul>\n<li><strong>Taxe de base : <\/strong>Selon les tarifs des taxis actuellement en vigueur, la taxe de base est de 7,10 euros, le prix du kilom\u00e9trage est de 1,12 \u20ac pour les sept premiers kilom\u00e8tres et de 1,65 \u20ac pour chaque kilom\u00e8tre suppl\u00e9mentaire. Les temps d&rsquo;attente et d&rsquo;immobilisation sont factur\u00e9s 37 \u20ac par heure.<\/li>\n<li><strong>Service de nuit :<\/strong> Vous pouvez constater une augmentation jusqu&rsquo;\u00e0 50% du tarif de base pendant le service de nuit. Cependant, le tarif de d\u00e9part doit toujours \u00eatre de 7,10 \u20ac mais le prix au kilom\u00e8tre de 1,35 \u20ac pour chaque kilom\u00e8tre suppl\u00e9mentaire. Les temps d&rsquo;attente sont factur\u00e9s 38 \u20ac par heure.<\/li>\n<\/ul>\n<p>[tcb-script async=\u00a0\u00bb\u00a0\u00bb src=\u00a0\u00bbhttps:\/\/pagead2.googlesyndication.com\/pagead\/js\/adsbygoogle.js?client=ca-pub-9068959505092710&Prime; crossorigin=\u00a0\u00bbanonymous\u00a0\u00bb][\/tcb-script][tcb-script]     (adsbygoogle = window.adsbygoogle || []).push({});[\/tcb-script]<span><img decoding=\"async\" alt=\"taxi in paris in france\" data-id=\"4577\" width=\"702\" data-init-width=\"1000\" height=\"465\" data-init-height=\"662\" title=\"taxi in paris in france\" src=\"https:\/\/paristouristinformation.fr\/fr\/wp-content\/uploads\/2020\/12\/taxi-in-paris-in-france.jpg\" data-width=\"702\" data-height=\"465\" data-pinpro-key=\"dzqthbkr1\" loading=\"lazy\" style=\"aspect-ratio: auto 1000 \/ 662;\"><\/span><\/p>\n<h2 id=\"t-1612430763405\">Trajets vers les a\u00e9roports de Paris avec un taxi<\/h2>\n<ul>\n<li><a href=\"https:\/\/paristouristinformation.fr\/fr\/organisez-votre-voyage-a-paris\/charles-de-gaulle\/\" style=\"outline: none;\">A\u00e9roport Charles de Gaulle :<\/a><strong>53 \u20ac<\/strong> pour la rive droite du fleuve et <strong>58 \u20ac<\/strong> pour la rive gauche du fleuve. Ces prix sont fix\u00e9s pour un trajet de l&rsquo;a\u00e9roport Charles de Gaulle \u00e0 Paris.<strong>&nbsp;<\/strong><\/li>\n<li><a href=\"https:\/\/paristouristinformation.fr\/fr\/organisez-votre-voyage-a-paris\/orly\/\">A\u00e9roport d&rsquo;Orly :<\/a><strong>37 \u20ac<\/strong> pour la rive droite du fleuve et <strong>32 \u20ac<\/strong> pour la rive gauche du fleuve. Ces prix sont fix\u00e9s pour un trajet entre le Charles de Gaulle et Paris, plus proche du centre ville et plus petit que le Charles de Gaulle mais toujours r\u00e9guli\u00e8rement utilis\u00e9 par de nombreuses compagnies a\u00e9riennes internationales.&nbsp;<\/li>\n<li><a href=\"https:\/\/paristouristinformation.fr\/fr\/organisez-votre-voyage-a-paris\/aeroports\/beauvais-tille\/\" style=\"outline: none;\">A\u00e9roport de Beauvais :<\/a> C&rsquo;est de loin le plus \u00e9loign\u00e9 et le moins utilis\u00e9 de Paris. Il co\u00fbte donc beaucoup plus cher que les deux autres. Il peut atteindre jusqu&rsquo;\u00e0 <strong>170 \u20ac<\/strong> le jour et <strong>210 \u20ac <\/strong>la nuit.<\/li>\n<\/ul>\n<h2 style=\"\" id=\"t-1684139645027\">Options de transfert populaires depuis les a\u00e9roports de Paris<\/h2>\n<p>[tcb-script async=\u00a0\u00bb\u00a0\u00bb src=\u00a0\u00bbhttps:\/\/www.viator.com\/orion\/partner\/widget.js\u00a0\u00bb][\/tcb-script]<\/p>\n<h2 id=\"t-1612430763406\" data-alt-text=\"Taxi Companies with Apps\">Compagnies de taxis \u00e0 Paris avec applications<\/h2>\n<p>Il existe trois grandes applications de taxi g\u00e9r\u00e9es par des soci\u00e9t\u00e9s priv\u00e9es pour r\u00e9server un taxi officiel \u00e0 Paris. Vous pouvez t\u00e9l\u00e9charger<strong> G7, Taxis Bleus et Alpha Taxis<\/strong> pour commander imm\u00e9diatement ou r\u00e9server pour une heure ult\u00e9rieure. La <span style=\"text-decoration: underline;\">plus utilis\u00e9e par les Parisiens est G7 <\/span>avec un tr\u00e8s bon tarif. Voici leurs num\u00e9ros officiels :<\/p>\n<ul>\n<li><span style=\"text-decoration: underline;\">Taxis G7<\/span> : 01 47 39 47 39<\/li>\n<li><span style=\"text-decoration: underline;\">Taxis Bleus<\/span> : 08 91 70 10 10<\/li>\n<li><span style=\"text-decoration: underline;\">Alpha Taxis<\/span> : 01 45 85 85 85<\/li>\n<\/ul>\n<p>Cependant, la ville de Paris recommande d&rsquo;utiliser l&rsquo;application officielle de taxi cr\u00e9\u00e9e par la ville et appel\u00e9e \u00ab\u00a0Paris Taxis\u00a0\u00bb. Nous ne recommandons pas n\u00e9cessairement cette option car les autres applications sont bien plus efficaces et faciles \u00e0 utiliser.Si vous r\u00e9servez un taxi \u00e0 Paris \u00e0 l&rsquo;avance, il y aura un co\u00fbt de base suppl\u00e9mentaire pour la prise en charge.<\/p>\n<ul>\n<li><span style=\"\">Vous avez besoin de plus d&rsquo;informations sur les applications \u00e0 Paris ? Consultez nos conseils sur les <a href=\"https:\/\/paristouristinformation.fr\/fr\/faq\/apps\/\">applications mobiles \u00e0 t\u00e9l\u00e9charger \u00e0 Paris<\/a> pour faciliter votre voyage !<\/span><\/li>\n<\/ul>\n<h2 data-alt-text=\"Uber drivers in Paris\" id=\"t-1612430763411\">Est-ce que Paris a Uber ?<\/h2>\n<p>Oui, Uber est actif et assez populaire \u00e0 Paris, tout comme les applications Bolt et Lift. Elles sont un moyen facile d&rsquo;obtenir un chauffeur et un trajet dans la ville.Uber, UberX, UberGreen, UberVan, Berline sont toutes des classes disponibles et actives dans les rues de Paris. Les prix sont l\u00e9g\u00e8rement plus \u00e9lev\u00e9s (environ 10-15 %) pour les trajets Uber de base.<\/p>\n<p>[tcb-script async=\u00a0\u00bb\u00a0\u00bb src=\u00a0\u00bbhttps:\/\/pagead2.googlesyndication.com\/pagead\/js\/adsbygoogle.js?client=ca-pub-9068959505092710&Prime; crossorigin=\u00a0\u00bbanonymous\u00a0\u00bb][\/tcb-script][tcb-script]     (adsbygoogle = window.adsbygoogle || []).push({});[\/tcb-script]<span><img decoding=\"async\" alt=\"\" data-id=\"4630\" width=\"702\" data-init-width=\"1000\" height=\"468\" data-init-height=\"667\" title=\"terminal taxi traveler in paris in france\" src=\"https:\/\/paristouristinformation.fr\/fr\/wp-content\/uploads\/2020\/12\/terminal-taxi-traveler-in-paris-in-france.jpg\" data-width=\"702\" data-height=\"468\" data-pinpro-key=\"qptp1w9sz\" loading=\"lazy\" style=\"aspect-ratio: auto 1000 \/ 667;\"><\/span><\/p>\n<h2 id=\"t-1612430763407\" data-alt-text=\"Taxi Call Stations System\">Stations d&rsquo;appel de taxis<\/h2>\n<p>La ville propose des bornes d&rsquo;appel pour les taxis parisiens dans toute la ville. Celles-ci sont visibles dans les rues de Paris, elles ressemblent \u00e0 des lampadaires avec le signe \u00a0\u00bb Taxi \u00a0\u00bb inscrit dessus. Aujourd&rsquo;hui, apr\u00e8s d&rsquo;importants investissements en 2020, pr\u00e8s de 60 nouvelles stations sont \u00e0 la disposition des usagers. Gr\u00e2ce \u00e0 ces bornes, vous pouvez appeler un taxi depuis la rue en toute s\u00e9curit\u00e9 et attendre que le plus proche se pr\u00e9sente.<\/p>\n<h2 id=\"t-1612430763408\">Taxis sans licence \u00e0 Paris<\/h2>\n<p>Il existe \u00e9galement des taxis et des chauffeurs sans licence \u00e0 Paris, qui recherchent g\u00e9n\u00e9ralement les touristes autour des points d&rsquo;arriv\u00e9e strat\u00e9giques. Ils font payer les gens bien plus que le prix normal. La <strong>meilleure fa\u00e7on de reconna\u00eetre un taxi autoris\u00e9<\/strong> et officiel est de chercher les panneaux sur les toits comme sur la photo ici. Deux autres d\u00e9tails faciles \u00e0 reconna\u00eetre sont une plaque avec le num\u00e9ro et, bien s\u00fbr, un taxim\u00e8tre affichant le prix calcul\u00e9.<\/p>\n<h2>Am\u00e9liorez votre aventure parisienne avec un Paris City Pass<\/h2>\n<p>Se lancer dans un voyage \u00e0 travers les rues anim\u00e9es de Paris peut parfois sembler insurmontable. Cependant, il existe une <strong>solution qui promet commodit\u00e9 et \u00e9conomies : le Paris City Pass. <\/strong>Qu&rsquo;il s&rsquo;agisse de l&rsquo;acc\u00e8s \u00e0 des attractions embl\u00e9matiques, de la possibilit\u00e9 de sauter la ligne, d&rsquo;options de transport ou de r\u00e9ductions exclusives, ces cartes de ville sont le moyen id\u00e9al d&rsquo;enrichir votre aventure parisienne.<\/p>\n<ul>\n<li><span>Consultez notre article \u00ab\u00a0<a href=\"https:\/\/www.paristouristinformation.fr\/fr\/meilleur-city-pass-pour-paris\/\" style=\"outline: none;\" data-lt-tmp-id=\"lt-944601\" spellcheck=\"false\">Meilleur City Pass pour Paris | Comparez les prix et les activit\u00e9s incluses<\/a>\u00a0\u00bb pour un aper\u00e7u d\u00e9taill\u00e9 des options de city pass disponibles pour Paris.&nbsp;<\/span><\/li>\n<\/ul>\n<h2 id=\"t-1612430763410\">FAQ (Foire aux questions)<\/h2>\n<p>Vous \u00eates maintenant pr\u00eat \u00e0 prendre un taxi \u00e0 Paris. Si vous avez des questions, n&rsquo;h\u00e9sitez pas \u00e0 les poser dans les commentaires, nous serons heureux de vous aider. Si vous pr\u00e9voyez votre voyage \u00e0 Paris, consultez notre guide pour l&rsquo;organiser et r\u00e9servez un h\u00f4tel selon vos besoins et votre budget ici :<\/p>\n<p>__CONFIG_colors_palette__{\u00ab\u00a0active_palette\u00a0\u00bb:0,\u00a0\u00bbconfig\u00a0\u00bb:{\u00ab\u00a0colors\u00a0\u00bb:{\u00ab\u00a0f8570\u00a0\u00bb:{\u00ab\u00a0name\u00a0\u00bb:\u00a0\u00bbMain Accent\u00a0\u00bb,\u00a0\u00bbparent\u00a0\u00bb:-1}},\u00a0\u00bbgradients\u00a0\u00bb:[]},\u00a0\u00bbpalettes\u00a0\u00bb:[{\u00ab\u00a0name\u00a0\u00bb:\u00a0\u00bbDefault Palette\u00a0\u00bb,\u00a0\u00bbvalue\u00a0\u00bb:{\u00ab\u00a0colors\u00a0\u00bb:{\u00ab\u00a0f8570\u00a0\u00bb:{\u00ab\u00a0val\u00a0\u00bb:\u00a0\u00bbvar(&#8211;tcb-skin-color-0)\u00a0\u00bb}},\u00a0\u00bbgradients\u00a0\u00bb:[]},\u00a0\u00bboriginal\u00a0\u00bb:{\u00ab\u00a0colors\u00a0\u00bb:{\u00ab\u00a0f8570\u00a0\u00bb:{\u00ab\u00a0val\u00a0\u00bb:\u00a0\u00bbrgb(19, 114, 211)\u00a0\u00bb,\u00a0\u00bbhsl\u00a0\u00bb:{\u00ab\u00a0h\u00a0\u00bb:210,\u00a0\u00bbs\u00a0\u00bb:0.83,\u00a0\u00bbl\u00a0\u00bb:0.45}}},\u00a0\u00bbgradients\u00a0\u00bb:[]}}]}__CONFIG_colors_palette__ <a href=\"http:\/\/paristouristinformation.fr\/fr\/plan\/\"> <span><span>Planifiez votre voyage \u00e0 Paris<\/span><\/span> <\/a> __CONFIG_colors_palette__{\u00ab\u00a0active_palette\u00a0\u00bb:0,\u00a0\u00bbconfig\u00a0\u00bb:{\u00ab\u00a0colors\u00a0\u00bb:{\u00ab\u00a0f8570\u00a0\u00bb:{\u00ab\u00a0name\u00a0\u00bb:\u00a0\u00bbMain Accent\u00a0\u00bb,\u00a0\u00bbparent\u00a0\u00bb:-1}},\u00a0\u00bbgradients\u00a0\u00bb:[]},\u00a0\u00bbpalettes\u00a0\u00bb:[{\u00ab\u00a0name\u00a0\u00bb:\u00a0\u00bbDefault Palette\u00a0\u00bb,\u00a0\u00bbvalue\u00a0\u00bb:{\u00ab\u00a0colors\u00a0\u00bb:{\u00ab\u00a0f8570\u00a0\u00bb:{\u00ab\u00a0val\u00a0\u00bb:\u00a0\u00bbvar(&#8211;tcb-skin-color-0)\u00a0\u00bb}},\u00a0\u00bbgradients\u00a0\u00bb:[]},\u00a0\u00bboriginal\u00a0\u00bb:{\u00ab\u00a0colors\u00a0\u00bb:{\u00ab\u00a0f8570\u00a0\u00bb:{\u00ab\u00a0val\u00a0\u00bb:\u00a0\u00bbrgb(19, 114, 211)\u00a0\u00bb,\u00a0\u00bbhsl\u00a0\u00bb:{\u00ab\u00a0h\u00a0\u00bb:210,\u00a0\u00bbs\u00a0\u00bb:0.83,\u00a0\u00bbl\u00a0\u00bb:0.45}}},\u00a0\u00bbgradients\u00a0\u00bb:[]}}]}__CONFIG_colors_palette__ <a href=\"http:\/\/paristouristinformation.fr\/fr\/hotel\/\"> <span><span>R\u00e9servez votre s\u00e9jour \u00e0 Paris<\/span><\/span> <\/a> [tcb-script async=\u00a0\u00bb\u00a0\u00bb src=\u00a0\u00bbhttps:\/\/pagead2.googlesyndication.com\/pagead\/js\/adsbygoogle.js?client=ca-pub-9068959505092710&Prime; crossorigin=\u00a0\u00bbanonymous\u00a0\u00bb][\/tcb-script][tcb-script]     (adsbygoogle = window.adsbygoogle || []).push({});[\/tcb-script]<\/p>\n<h2 style=\"\" id=\"t-1684139645028\">Articles connexes :<\/h2>\n<p><a href=\"https:\/\/www.paristouristinformation.fr\/fr\/organisez-votre-voyage-a-paris\/charles-de-gaulle\/\" dynamic-postlink=\"tcb_post_the_permalink\" data-shortcode-id=\"8378\"><\/a><\/p>\n<h3 style=\"text-align: center; padding-top: 0px !important; margin-top: 0px !important;\"><span data-attr-link=\"1\" data-attr-rel=\"0\" data-attr-target=\"0\" data-extra_key=\"\" data-option-inline=\"1\" data-shortcode=\"tcb_post_title\" data-shortcode-name=\"Post title\" data-attr-css=\"\" data-attr-static-link=\"{&quot;className&quot;:&quot;&quot;,&quot;href&quot;:&quot;https:\/\/www.paristouristinformation.fr\/fr\/organisez-votre-voyage-a-paris\/charles-de-gaulle\/&quot;,&quot;title&quot;:&quot;Guide de l\u2019a\u00e9roport Charles de Gaulle ((CDG)) : Magasins, Vols, Transferts&quot;,&quot;class&quot;:&quot;&quot;}\" style=\"\"><a href=\"https:\/\/www.paristouristinformation.fr\/fr\/organisez-votre-voyage-a-paris\/charles-de-gaulle\/\" title=\"Guide de l\u2019a\u00e9roport Charles de Gaulle [CDG] : Magasins, Vols, Transferts\" data-css=\"\">Guide de l\u2019a\u00e9roport Charles de Gaulle [CDG] : Magasins, Vols, Transferts<\/a><\/span><\/h3>\n<p><a href=\"https:\/\/www.paristouristinformation.fr\/fr\/organisez-votre-voyage-a-paris\/aeroports\/beauvais-tille\/\" dynamic-postlink=\"tcb_post_the_permalink\" data-shortcode-id=\"8378\"><\/a><\/p>\n<h3 style=\"text-align: center; padding-top: 0px !important; margin-top: 0px !important;\"><span data-attr-link=\"1\" data-attr-rel=\"0\" data-attr-target=\"0\" data-extra_key=\"\" data-option-inline=\"1\" data-shortcode=\"tcb_post_title\" data-shortcode-name=\"Post title\" data-attr-css=\"\" data-attr-static-link=\"{&quot;className&quot;:&quot;&quot;,&quot;href&quot;:&quot;https:\/\/www.paristouristinformation.fr\/fr\/organisez-votre-voyage-a-paris\/charles-de-gaulle\/&quot;,&quot;title&quot;:&quot;Guide de l\u2019a\u00e9roport Charles de Gaulle ((CDG)) : Magasins, Vols, Transferts&quot;,&quot;class&quot;:&quot;&quot;}\" style=\"\"><a href=\"https:\/\/www.paristouristinformation.fr\/fr\/organisez-votre-voyage-a-paris\/aeroports\/beauvais-tille\/\" title=\"Guide de l\u2019a\u00e9roport de Paris Beauvais-Till\u00e9 [BVA] : Magasins, Vols, Transfert\" data-css=\"\">Guide de l\u2019a\u00e9roport de Paris Beauvais-Till\u00e9 [BVA] : Magasins, Vols, Transfert<\/a><\/span><\/h3>\n<p><a href=\"https:\/\/www.paristouristinformation.fr\/fr\/organisez-votre-voyage-a-paris\/transports-en-commun\/metro\/\" dynamic-postlink=\"tcb_post_the_permalink\" data-shortcode-id=\"8378\"><\/a><\/p>\n<h3 style=\"text-align: center; padding-top: 0px !important; margin-top: 0px !important;\"><span data-attr-link=\"1\" data-attr-rel=\"0\" data-attr-target=\"0\" data-extra_key=\"\" data-option-inline=\"1\" data-shortcode=\"tcb_post_title\" data-shortcode-name=\"Post title\" data-attr-css=\"\" data-attr-static-link=\"{&quot;className&quot;:&quot;&quot;,&quot;href&quot;:&quot;https:\/\/www.paristouristinformation.fr\/fr\/organisez-votre-voyage-a-paris\/charles-de-gaulle\/&quot;,&quot;title&quot;:&quot;Guide de l\u2019a\u00e9roport Charles de Gaulle ((CDG)) : Magasins, Vols, Transferts&quot;,&quot;class&quot;:&quot;&quot;}\" style=\"\"><a href=\"https:\/\/www.paristouristinformation.fr\/fr\/organisez-votre-voyage-a-paris\/transports-en-commun\/metro\/\" title=\"Comment utiliser le m\u00e9tro \u00e0 Paris : Un guide complet\" data-css=\"\">Comment utiliser le m\u00e9tro \u00e0 Paris : Un guide complet<\/a><\/span><\/h3>\n<p><a href=\"https:\/\/www.paristouristinformation.fr\/fr\/louer-un-velo-a-paris\/\" dynamic-postlink=\"tcb_post_the_permalink\" data-shortcode-id=\"8378\"><\/a><\/p>\n<h3 style=\"text-align: center; padding-top: 0px !important; margin-top: 0px !important;\"><span data-attr-link=\"1\" data-attr-rel=\"0\" data-attr-target=\"0\" data-extra_key=\"\" data-option-inline=\"1\" data-shortcode=\"tcb_post_title\" data-shortcode-name=\"Post title\" data-attr-css=\"\" data-attr-static-link=\"{&quot;className&quot;:&quot;&quot;,&quot;href&quot;:&quot;https:\/\/www.paristouristinformation.fr\/fr\/organisez-votre-voyage-a-paris\/charles-de-gaulle\/&quot;,&quot;title&quot;:&quot;Guide de l\u2019a\u00e9roport Charles de Gaulle ((CDG)) : Magasins, Vols, Transferts&quot;,&quot;class&quot;:&quot;&quot;}\" style=\"\"><a href=\"https:\/\/www.paristouristinformation.fr\/fr\/louer-un-velo-a-paris\/\" title=\"Louer un v\u00e9lo \u00e0 Paris : Comment \u00e7a marche ?\" data-css=\"\">Louer un v\u00e9lo \u00e0 Paris : Comment \u00e7a marche ?<\/a><\/span><\/h3>\n","protected":false},"excerpt":{"rendered":"<p>Il existe 18 000 taxis r\u00e9glement\u00e9s par la ville de Paris qui desservent l&rsquo;ensemble de l&rsquo;agglom\u00e9ration parisienne.Vous les reconna\u00eetrez car ce sont g\u00e9n\u00e9ralement de luxueuses voitures noires portant sur leur toit le signe blanc \u00ab\u00a0TAXI PARISIEN\u00a0\u00bb qui devient vert lorsqu&rsquo;il est libre et rouge lorsqu&rsquo;il est occup\u00e9.Dans cet article, nous vous d\u00e9crirons la meilleure fa\u00e7on [&hellip;]<\/p>\n","protected":false},"author":11,"featured_media":6965,"parent":3806,"menu_order":0,"comment_status":"closed","ping_status":"closed","template":"","meta":{"footnotes":""},"tags":[],"class_list":["post-8388","page","type-page","status-publish","has-post-thumbnail","hentry","post-wrapper","thrv_wrapper"],"_links":{"self":[{"href":"https:\/\/www.paristouristinformation.fr\/fr\/wp-json\/wp\/v2\/pages\/8388","targetHints":{"allow":["GET"]}}],"collection":[{"href":"https:\/\/www.paristouristinformation.fr\/fr\/wp-json\/wp\/v2\/pages"}],"about":[{"href":"https:\/\/www.paristouristinformation.fr\/fr\/wp-json\/wp\/v2\/types\/page"}],"author":[{"embeddable":true,"href":"https:\/\/www.paristouristinformation.fr\/fr\/wp-json\/wp\/v2\/users\/11"}],"replies":[{"embeddable":true,"href":"https:\/\/www.paristouristinformation.fr\/fr\/wp-json\/wp\/v2\/comments?post=8388"}],"version-history":[{"count":0,"href":"https:\/\/www.paristouristinformation.fr\/fr\/wp-json\/wp\/v2\/pages\/8388\/revisions"}],"up":[{"embeddable":true,"href":"https:\/\/www.paristouristinformation.fr\/fr\/wp-json\/wp\/v2\/pages\/3806"}],"wp:featuredmedia":[{"embeddable":true,"href":"https:\/\/www.paristouristinformation.fr\/fr\/wp-json\/wp\/v2\/media\/6965"}],"wp:attachment":[{"href":"https:\/\/www.paristouristinformation.fr\/fr\/wp-json\/wp\/v2\/media?parent=8388"}],"wp:term":[{"taxonomy":"post_tag","embeddable":true,"href":"https:\/\/www.paristouristinformation.fr\/fr\/wp-json\/wp\/v2\/tags?post=8388"}],"curies":[{"name":"wp","href":"https:\/\/api.w.org\/{rel}","templated":true}]}}