{"id":8395,"date":"2021-01-15T12:47:49","date_gmt":"2021-01-15T12:47:49","guid":{"rendered":"http:\/\/paristouristinformation.fr\/fr\/?page_id=6032"},"modified":"2023-05-15T14:49:07","modified_gmt":"2023-05-15T14:49:07","slug":"parc-asterix","status":"publish","type":"page","link":"https:\/\/www.paristouristinformation.fr\/fr\/choses-a-faire\/attractions\/parc-asterix\/","title":{"rendered":"Parc \u00e0 th\u00e8me Ast\u00e9rix \u00e0 Paris : Billets, attractions et informations"},"content":{"rendered":"<p>Le Parc Ast\u00e9rix est le <strong>deuxi\u00e8me plus grand parc \u00e0 th\u00e8me de classe mondiale \u00e0 Paris<\/strong>, apr\u00e8s <a href=\"https:\/\/paristouristinformation.fr\/fr\/choses-a-faire\/disneyland\/\">Disneyland Paris.<\/a> Il est situ\u00e9 \u00e0 environ 40 kilom\u00e8tres au nord-est de Paris et c&rsquo;est l&rsquo;endroit pr\u00e9f\u00e9r\u00e9 des enfants pour passer une journ\u00e9e enti\u00e8re d&rsquo;amusement au printemps et en \u00e9t\u00e9.Couvrant une immense superficie, le parc Ast\u00e9rix attend ses visiteurs de tous \u00e2ges pour remonter \u00e0 l&rsquo;\u00e9poque romaine, se promener dans le village des Gaulois et rencontrer les populaires personnages de bande dessin\u00e9e du m\u00eame nom que le parc. Bien que le th\u00e8me du parc soit tr\u00e8s commun pour les Fran\u00e7ais, vous pourriez d\u00e9couvrir un tout nouvel univers personnifiant les anc\u00eatres des Fran\u00e7ais, avec une touche d&rsquo;humour.L&rsquo;avantage de ce parc est qu&rsquo;il est vraiment amusant pour les jeunes comme pour les parents et qu&rsquo;il propose de nombreux jeux d&rsquo;eau et des spectacles attrayants qu&rsquo;aucun autre parc ne propose \u00e0 Paris. Ast\u00e9rix vaut vraiment la peine d&rsquo;\u00eatre visit\u00e9 pendant une journ\u00e9e chaude. Voici toutes les informations utiles que vous devez savoir sur ce lieu.<\/p>\n<p><span><img decoding=\"async\" alt=\"\" data-id=\"7496\" width=\"702\" data-init-width=\"1000\" height=\"470\" data-init-height=\"670\" title=\"Parc D'Asterix in Paris in France\" src=\"https:\/\/paristouristinformation.fr\/fr\/wp-content\/uploads\/2021\/02\/Parc-DAsterix-in-Paris-in-France.jpg\" data-width=\"702\" data-height=\"470\" style=\"\" data-pin-media=\"https:\/\/paristouristinformation.fr\/fr\/wp-content\/uploads\/2021\/03\/prag_50_sehenswuerdigkeiten_pinterest-14.jpg\" data-pin-description=\"Visit the theme amusement and water park Asterix in Paris and enjoy a full day of fun with your children. Learn about tickets, information and attractions.\" data-pin-url=\"https:\/\/paristouristinformation.fr\/fr\/things-to-do\/attractions\/parc-asterix\/?tve=true&amp;tcbf=dae1f43835\" loading=\"lazy\"><\/span><\/p>\n<ul>\n<li><a rel=\"noreferrer noopener nofollow\" href=\"https:\/\/pinterest.com\/pin\/create\/button\/?url=https:\/\/paristouristinformation.fr\/fr\/choses-a-faire\/attractions\/parc-asterix\/?tve=true&amp;tcbf=1efc23cc95&amp;is_video=false&amp;media=https:\/\/paristouristinformation.fr\/fr\/wp-content\/uploads\/2021\/03\/prag_50_sehenswuerdigkeiten_pinterest-14.jpg&amp;description=Visit%20the%20theme%20amusement%20and%20water%20park%20Asterix%20in%20Paris%20and%20enjoy%20a%20full%20day%20of%20fun%20with%20your%20children.%20Learn%20about%20tickets%2C%20information%20and%20attractions.\" onclick=\"essb.window('https:\/\/pinterest.com\/pin\/create\/button\/?url=https:\/\/paristouristinformation.fr\/fr\/choses-a-faire\/attractions\/parc-asterix\/?tve=true&amp;tcbf=1efc23cc95&amp;is_video=false&amp;media=https:\/\/paristouristinformation.fr\/fr\/wp-content\/uploads\/2021\/03\/prag_50_sehenswuerdigkeiten_pinterest-14.jpg&amp;description=Visit%20the%20theme%20amusement%20and%20water%20park%20Asterix%20in%20Paris%20and%20enjoy%20a%20full%20day%20of%20fun%20with%20your%20children.%20Learn%20about%20tickets%2C%20information%20and%20attractions.','pinpro','kzydsyx2'); return false;\" target=\"_blank\"><span><\/span><span>Pin<\/span><\/a><\/li>\n<\/ul>\n<h2 id=\"t-1610539832044\" style=\"\">Que puis-je faire au Parc Ast\u00e9rix ?<\/h2>\n<p>Le Parc Ast\u00e9rix est un parc con\u00e7u dans un concept o\u00f9 <strong>vous pouvez voir tous les personnages d&rsquo;Ast\u00e9rix<\/strong>, y compris Ast\u00e9rix, Ob\u00e9lix, Panoramix, Cacophonix, Mimina, et le reste de leur compagnie. Une journ\u00e9e magique dans le parc attend les visiteurs avec son concept unique de voyage dans le village des Gaulois \u00e0 l&rsquo;\u00e9poque de l&rsquo;Empire romain.<\/p>\n<p><span lang=\"en\"><span data-language-for-alternatives=\"en\" data-language-to-translate-into=\"auto\" data-phrase-index=\"0\">Le parc se compose de <strong>plusieurs parcs d&rsquo;attractions, de terrains de jeux et de pistes<\/strong>. Le parc Ast\u00e9rix compte au total <strong>39 attractions diff\u00e9rentes.<\/strong> Il est possible d&rsquo;y voir de nombreux adultes, car le parc poss\u00e8de de nombreuses attractions passionnantes, <strong>des montagnes russes \u00e0 couper le souffle pour eux.<\/strong> L&rsquo;une d&rsquo;entre elles est la plus grande montagne russe en bois d&rsquo;Europe, le Tonnerre de Zeus. Pour cette raison, ce serait une mauvaise id\u00e9e de prendre le Parc Ast\u00e9rix exclusivement pour les enfants.<\/span><\/span><\/p>\n<p><span lang=\"en\"><span data-language-for-alternatives=\"en\" data-language-to-translate-into=\"auto\" data-phrase-index=\"0\">Les visiteurs peuvent se promener dans le village gaulois, profiter des spectacles et prendre les meilleures photos avec les personnages populaires de la bande dessin\u00e9e. <\/span><\/span><\/p>\n<p style=\"\"><strong>Le parc comprend diff\u00e9rents univers<\/strong>, chacun ayant sa propre d\u00e9coration et de nombreuses attractions :<\/p>\n<ul>\n<li style=\"\">Galatia le c\u00e9l\u00e8bre village d&rsquo;Ast\u00e9rix et Ob\u00e9lix.<\/li>\n<li style=\"\">L&rsquo;Empire romain<\/li>\n<li style=\"\">La Gr\u00e8ce antique<\/li>\n<li style=\"\">L&rsquo;Egypte<\/li>\n<li style=\"\">Le village des Vikings<\/li>\n<li style=\"\">Voyage dans le temps<\/li>\n<\/ul>\n<p>Le Pass Rapidus est un Pass Skip the Line tr\u00e8s utile si vous voulez essayer tous les principaux man\u00e8ges en une seule journ\u00e9e. Sinon, vous risquez d&rsquo;attendre dans la longue file d&rsquo;attente pour chacun d&rsquo;eux et d&rsquo;avoir du mal \u00e0 tous les monter, surtout en haute saison. N&rsquo;oubliez pas que si vous achetez le pass en ligne, vous b\u00e9n\u00e9ficierez d&rsquo;un prix sp\u00e9cial.<\/p>\n<div class=\"tcb-post-list tve-content-list empty-list thrv_wrapper\" data-type=\"grid\" data-pagination-type=\"none\" data-pages_near_current=\"2\" data-css=\"tve-u-1778c1aa8dc\" data-total_post_count=\"0\" data-total_sticky_count=\"0\" data-no_posts_text=\"There are no posts to display.\"><article id=\"post-8395\" class=\"post-8395 page type-page status-publish has-post-thumbnail hentry post-wrapper thrv_wrapper thrive-animated-item \" tcb_hover_state_parent=\"\" shortcode=\"tcb_post_list\" data-id=\"8395\" data-selector=\".post-wrapper\"><style class=\"tcb-post-list-dynamic-style\" type=\"text\/css\"><\/style><\/p>\n<h3 style=\"\"><span data-attr-link=\"1\" data-attr-rel=\"0\" data-attr-target=\"0\" data-extra_key=\"\" data-option-inline=\"1\" data-shortcode=\"tcb_post_title\" data-shortcode-name=\"Post title\" data-attr-css=\"\" style=\"\" data-attr-static-link=\"{&quot;className&quot;:&quot;tve-froala fr-basic&quot;,&quot;href&quot;:&quot;#&quot;,&quot;title&quot;:&quot;Parc \u00e0 th\u00e8me Ast\u00e9rix \u00e0 Paris : Billets, attractions et informations&quot;,&quot;class&quot;:&quot;tve-froala fr-basic&quot;}\"><a href=\"https:\/\/www.paristouristinformation.fr\/fr\/choses-a-faire\/attractions\/parc-asterix\/\" title=\"Parc \u00e0 th\u00e8me Ast\u00e9rix \u00e0 Paris : Billets, attractions et informations\" data-css=\"\" class=\"tve-froala fr-basic\">Parc \u00e0 th\u00e8me Ast\u00e9rix \u00e0 Paris : Billets, attractions et informations<\/a><\/span><\/h3>\n<p><\/article><\/div>\n<h2 id=\"t-1610539832045\" style=\"\">Entr\u00e9es, billets et visites<\/h2>\n<p><strong>Important :<\/strong> Les billets portent la mention \u00ab\u00a0acc\u00e8s non garanti pendant les heures de pointe\u00a0\u00bb. Il convient d&rsquo;\u00eatre tr\u00e8s prudent pendant la haute saison. En cas de fermeture due \u00e0 une forte affluence, aucun billet n&rsquo;est prioritaire. M\u00eame si les fermetures sont rares, elles ont g\u00e9n\u00e9ralement lieu le dimanche. Pour cette raison, il est recommand\u00e9 d&rsquo;arriver au parc avant 10 heures.<\/p>\n<ul>\n<li><span style=\"\"><strong>Entr\u00e9e : <\/strong>Une journ\u00e9e type se d\u00e9roule de 10h \u00e0 18h, sauf les jours d&rsquo;ouverture prolong\u00e9e.<\/span><\/li>\n<li style=\"\"><span style=\"\"><strong>Billets :<\/strong> Les personnes \u00e2g\u00e9es de plus de 6 ans b\u00e9n\u00e9ficient de tarifs r\u00e9duits et un enfant de moins de 12 ans est gratuit pour chaque adulte payant le plein tarif.<\/span><\/li>\n<li><span>Achetez votre <a href=\"https:\/\/www.tiqets.com\/en\/plailly-attractions-c178892\/tickets-for-parc-asterix-p974657\/?partner=checkfortrip\" target=\"_blank\" style=\"outline: none;\" rel=\"noopener nofollow\">billet en ligne pour le Parc Ast\u00e9rix<\/a> \u00e0 l&rsquo;avance<\/span><\/li>\n<\/ul>\n<h2 id=\"t-1610539832046\">Comment se rendre au Parc Ast\u00e9rix ?<\/h2>\n<p>Navettes : Malheureusement, il n&rsquo;est pas possible de se rendre directement au parc par le RER ou le train de banlieue comme vous le feriez pour Disneyland, mais vous pouvez prendre l&rsquo;une de ces options de navette. Il y a une navette qui part du centre de Paris et une autre de l&rsquo;a\u00e9roport Charles de Gaulle. Le trajet en navette co\u00fbte 16 \u20ac par personne. Consultez les d\u00e9tails sur les <a href=\"https:\/\/www.navettes-parcasterix.com\/en\" target=\"_blank\" rel=\"noopener nofollow\">options de navette pour Ast\u00e9rix ici.<\/a><\/p>\n<p><strong>Itin\u00e9raire pour les v\u00e9hicules priv\u00e9s :<\/strong> En direction de Lille, vous passez d&rsquo;abord devant l&rsquo;a\u00e9roport Charles de Gaulle, puis vous entrez dans l&rsquo;autoroute \u00e0 p\u00e9age et vous prenez la sortie Parc Ast\u00e9rix. L&rsquo;autoroute entre Paris et le Parc Ast\u00e9rix est gratuite. Les frais de stationnement s&rsquo;\u00e9l\u00e8vent \u00e0 15 \u20ac.<\/p>\n<h2 id=\"t-1610539832050\" style=\"\">FAQ (Foire aux questions)<\/h2>\n<h2 id=\"t-1610539832048\" style=\"\">Histoire du Parc Ast\u00e9rix<\/h2>\n<p style=\"\">Le Parc Ast\u00e9rix est situ\u00e9 \u00e0 seulement 30 kilom\u00e8tres au nord de Paris, dans la for\u00eat de Plailly dans l&rsquo;Oise.<\/p>\n<p><strong>Ast\u00e9rix et Ob\u00e9lix sont les personnages principaux des romans graphiques les plus c\u00e9l\u00e8bres d&rsquo;Europe, <\/strong>\u00e9crits par Albert Uderzo et Ren\u00e9 Goscinny en 1959. Les bandes dessin\u00e9es Ast\u00e9rix sont traduites en 15 langues et se sont vendues \u00e0 plus de 350 millions d&rsquo;exemplaires.<strong> <\/strong><\/p>\n<p>Albert Uderzo est la premi\u00e8re personne \u00e0 avoir eu l&rsquo;id\u00e9e de construire un parc \u00e0 th\u00e8me sur le th\u00e8me d&rsquo;Ast\u00e9rix au d\u00e9but de l&rsquo;ann\u00e9e 1981. En raison des probl\u00e8mes \u00e9conomiques qui ont suivi les \u00e9lections pr\u00e9sidentielles, le projet a \u00e9t\u00e9 retard\u00e9.Le parc a ouvert ses portes le 30 avril 1989 et comprend aujourd&rsquo;hui 39 attractions diff\u00e9rentes ainsi que d&rsquo;autres installations. Le parc a \u00e9t\u00e9 con\u00e7u en six ans par deux architectes, Michel Kalt et Jean-Michel Ruols, ainsi que six designers et les collaborateurs du duo Goscinny-Uderzo.Il est l&rsquo;un des parcs \u00e0 th\u00e8me en Europe \u00e0 avoir re\u00e7u un Thea Award de la Themed Entertainment Association.Le parc est con\u00e7u pour accueillir 15 000 personnes par jour, et deux millions de visiteurs sont attendus l&rsquo;ann\u00e9e d&rsquo;ouverture lors de sa construction. Actuellement, le Parc Ast\u00e9rix re\u00e7oit en moyenne 1,8 million de visiteurs chaque ann\u00e9e, ce qui le place en deuxi\u00e8me position des meilleurs parcs \u00e0 th\u00e8me de Paris apr\u00e8s <a href=\"https:\/\/paristouristinformation.fr\/fr\/choses-a-faire\/disneyland\/\">Disneyland Paris<\/a>.<\/p>\n<h2 id=\"t-1610539832049\" style=\"\" data-alt-text=\"Contact\">Contact et plan d&rsquo;acc\u00e8s<\/h2>\n<ul>\n<li><span style=\"\"><strong>Adresse:&nbsp;<\/strong>60128 Plailly, Paris<\/span><\/li>\n<li><span style=\"\"><strong>Heures d&rsquo;ouverture:&nbsp;<\/strong><a href=\"https:\/\/www.parcasterix.fr\/en\" target=\"_blank\" style=\"outline: none;\" rel=\"noopener nofollow\">www.parcasterix.fr\/en<\/a><\/span><\/li>\n<li><span style=\"\"><strong>Transports publics :<\/strong> Navettes depuis l&rsquo;a\u00e9roport Charles de Gaulle et le centre de Paris.<\/span><\/li>\n<li style=\"\"><span style=\"\"><strong>Site web:&nbsp;<\/strong><a href=\"https:\/\/www.parcasterix.fr\/en\" target=\"_blank\" style=\"outline: none;\" rel=\"noopener nofollow\">www.parcasterix.fr\/en<\/a><\/span><\/li>\n<\/ul>\n<p>Si vous planifiez votre voyage \u00e0 Paris d\u00e8s maintenant, vous pouvez profiter de nos offres dans notre <a href=\"https:\/\/paristouristinformation.fr\/fr\/visites-guidees-et-billets\/\">Paris Ticket Shop<\/a> officiel. Nous avons des offres tr\u00e8s pratiques avec des billets d&rsquo;entr\u00e9e \u00ab\u00a0Skip the Line\u00a0\u00bb pour tous les parcs et <a href=\"https:\/\/paristouristinformation.fr\/fr\/choses-a-faire\/musees\/\">mus\u00e9es importants de Paris<\/a>. Profitez d&rsquo;un voyage facile \u00e0 Paris !<\/p>\n<h2 style=\"\" id=\"t-1640007877469\">Tours et billets de Paris<\/h2>\n<p style=\"text-align: left;\">D\u00e9couvrez Paris aujourd&rsquo;hui avec les visites et les billets les plus pr\u00e9f\u00e9r\u00e9s, sans faire la queue.<\/p>\n<h2 style=\"\" id=\"t-1640007877468\">Articles connexes :<\/h2>\n<div class=\"tcb-post-list tve-content-list thrv_wrapper\" data-type=\"grid\" data-pagination-type=\"none\" data-pages_near_current=\"2\" data-css=\"tve-u-17dd8272369\" data-total_post_count=\"4\" data-total_sticky_count=\"0\" data-no_posts_text=\"There are no posts to display.\"><article id=\"post-8370\" class=\"post-8370 page type-page status-publish has-post-thumbnail hentry post-wrapper thrv_wrapper thrive-animated-item  tve_evt_manager_listen tve_ea_thrive_animation tve_et_mouseover tve_anim_grow\" tcb_hover_state_parent=\"\" class=\"tve_evt_manager_listen tve_ea_thrive_animation tve_et_mouseover tve_anim_grow\" data-id=\"8370\" data-selector=\".post-wrapper\"><style class=\"tcb-post-list-dynamic-style\" type=\"text\/css\">@media (min-width: 300px){[].tcb-post-list #post-8370 []{background-image: url(\u00ab\u00a0https:\/\/www.paristouristinformation.fr\/fr\/wp-content\/uploads\/2021\/01\/Parkings-in-Paris-in-France-1024x538.jpg\u00ab\u00a0) !important;}[].tcb-post-list #post-8370 []:hover []{background-image: url(\u00ab\u00a0https:\/\/www.paristouristinformation.fr\/fr\/wp-content\/uploads\/2021\/01\/Parkings-in-Paris-in-France-1024x538.jpg\u00ab\u00a0) !important;}}<\/style><a href=\"https:\/\/www.paristouristinformation.fr\/fr\/organisez-votre-voyage-a-paris\/transports-en-commun\/stationnement\/\" dynamic-postlink=\"tcb_post_the_permalink\" data-shortcode-id=\"8370\"><\/a><\/p>\n<h3 style=\"text-align: center; padding-top: 0px !important; margin-top: 0px !important;\"><span data-attr-link=\"1\" data-attr-rel=\"0\" data-attr-target=\"0\" data-extra_key=\"\" data-option-inline=\"1\" data-shortcode=\"tcb_post_title\" data-shortcode-name=\"Post title\" data-attr-css=\"\" data-attr-static-link=\"{&quot;className&quot;:&quot;tve-froala fr-basic&quot;,&quot;href&quot;:&quot;https:\/\/paristouristinformation.fr\/fr\/organisez-votre-voyage-a-paris\/transports-en-commun\/stationnement\/&quot;,&quot;title&quot;:&quot;Se garer \u00e0 Paris : O\u00f9 se garer et combien \u00e7a co\u00fbte ?&quot;,&quot;class&quot;:&quot;tve-froala fr-basic&quot;}\" style=\"\"><a href=\"https:\/\/www.paristouristinformation.fr\/fr\/organisez-votre-voyage-a-paris\/transports-en-commun\/stationnement\/\" title=\"Se garer \u00e0 Paris : O\u00f9 se garer et combien \u00e7a co\u00fbte ?\" data-css=\"\" class=\"tve-froala fr-basic\">Se garer \u00e0 Paris : O\u00f9 se garer et combien \u00e7a co\u00fbte ?<\/a><\/span><\/h3>\n<p><\/article><article id=\"post-4347\" class=\"post-4347 page type-page status-publish has-post-thumbnail hentry post-wrapper thrv_wrapper thrive-animated-item  tve_evt_manager_listen tve_ea_thrive_animation tve_et_mouseover tve_anim_grow\" tcb_hover_state_parent=\"\" class=\"tve_evt_manager_listen tve_ea_thrive_animation tve_et_mouseover tve_anim_grow\" data-id=\"4347\" data-selector=\".post-wrapper\"><style class=\"tcb-post-list-dynamic-style\" type=\"text\/css\">@media (min-width: 300px){[].tcb-post-list #post-4347 []{background-image: url(\u00ab\u00a0https:\/\/www.paristouristinformation.fr\/fr\/wp-content\/uploads\/2020\/12\/Tuiliers-Garden-in-Paris-in-France-1024x538.jpg\u00ab\u00a0) !important;}[].tcb-post-list #post-4347 []:hover []{background-image: url(\u00ab\u00a0https:\/\/www.paristouristinformation.fr\/fr\/wp-content\/uploads\/2020\/12\/Tuiliers-Garden-in-Paris-in-France-1024x538.jpg\u00ab\u00a0) !important;}}<\/style><a href=\"https:\/\/www.paristouristinformation.fr\/fr\/choses-a-faire\/parcs\/\" dynamic-postlink=\"tcb_post_the_permalink\" data-shortcode-id=\"8370\"><\/a><\/p>\n<h3 style=\"text-align: center; padding-top: 0px !important; margin-top: 0px !important;\"><span data-attr-link=\"1\" data-attr-rel=\"0\" data-attr-target=\"0\" data-extra_key=\"\" data-option-inline=\"1\" data-shortcode=\"tcb_post_title\" data-shortcode-name=\"Post title\" data-attr-css=\"\" data-attr-static-link=\"{&quot;className&quot;:&quot;tve-froala fr-basic&quot;,&quot;href&quot;:&quot;https:\/\/paristouristinformation.fr\/fr\/organisez-votre-voyage-a-paris\/transports-en-commun\/stationnement\/&quot;,&quot;title&quot;:&quot;Se garer \u00e0 Paris : O\u00f9 se garer et combien \u00e7a co\u00fbte ?&quot;,&quot;class&quot;:&quot;tve-froala fr-basic&quot;}\" style=\"\"><a href=\"https:\/\/www.paristouristinformation.fr\/fr\/choses-a-faire\/parcs\/\" title=\"10 Meilleurs parcs et jardins de Paris\" data-css=\"\" class=\"tve-froala fr-basic\">10 Meilleurs parcs et jardins de Paris<\/a><\/span><\/h3>\n<p><\/article><article id=\"post-6225\" class=\"post-6225 page type-page status-publish has-post-thumbnail hentry post-wrapper thrv_wrapper thrive-animated-item  tve_evt_manager_listen tve_ea_thrive_animation tve_et_mouseover tve_anim_grow\" tcb_hover_state_parent=\"\" class=\"tve_evt_manager_listen tve_ea_thrive_animation tve_et_mouseover tve_anim_grow\" data-id=\"6225\" data-selector=\".post-wrapper\"><style class=\"tcb-post-list-dynamic-style\" type=\"text\/css\">@media (min-width: 300px){[].tcb-post-list #post-6225 []{background-image: url(\u00ab\u00a0https:\/\/www.paristouristinformation.fr\/fr\/wp-content\/uploads\/2021\/03\/Visit-Cite-des-Sciences-et-de-lIndustrie-Museum-in-Paris-1024x538.jpg\u00ab\u00a0) !important;}[].tcb-post-list #post-6225 []:hover []{background-image: url(\u00ab\u00a0https:\/\/www.paristouristinformation.fr\/fr\/wp-content\/uploads\/2021\/03\/Visit-Cite-des-Sciences-et-de-lIndustrie-Museum-in-Paris-1024x538.jpg\u00ab\u00a0) !important;}}<\/style><a href=\"https:\/\/www.paristouristinformation.fr\/fr\/choses-a-faire\/musees\/cite-des-sciences-et-de-lindustrie\/\" dynamic-postlink=\"tcb_post_the_permalink\" data-shortcode-id=\"8370\"><\/a><\/p>\n<h3 style=\"text-align: center; padding-top: 0px !important; margin-top: 0px !important;\"><span data-attr-link=\"1\" data-attr-rel=\"0\" data-attr-target=\"0\" data-extra_key=\"\" data-option-inline=\"1\" data-shortcode=\"tcb_post_title\" data-shortcode-name=\"Post title\" data-attr-css=\"\" data-attr-static-link=\"{&quot;className&quot;:&quot;tve-froala fr-basic&quot;,&quot;href&quot;:&quot;https:\/\/paristouristinformation.fr\/fr\/organisez-votre-voyage-a-paris\/transports-en-commun\/stationnement\/&quot;,&quot;title&quot;:&quot;Se garer \u00e0 Paris : O\u00f9 se garer et combien \u00e7a co\u00fbte ?&quot;,&quot;class&quot;:&quot;tve-froala fr-basic&quot;}\" style=\"\"><a href=\"https:\/\/www.paristouristinformation.fr\/fr\/choses-a-faire\/musees\/cite-des-sciences-et-de-lindustrie\/\" title=\"Visiter le Mus\u00e9e de la Cit\u00e9 des Sciences et de l\u2019Industrie \u00e0 Paris : Billets &amp; Bons Plans\" data-css=\"\" class=\"tve-froala fr-basic\">Visiter le Mus\u00e9e de la Cit\u00e9 des Sciences et de l\u2019Industrie \u00e0 Paris : Billets &amp; Bons Plans<\/a><\/span><\/h3>\n<p><\/article><article id=\"post-6886\" class=\"post-6886 page type-page status-publish has-post-thumbnail hentry post-wrapper thrv_wrapper thrive-animated-item  tve_evt_manager_listen tve_ea_thrive_animation tve_et_mouseover tve_anim_grow\" tcb_hover_state_parent=\"\" class=\"tve_evt_manager_listen tve_ea_thrive_animation tve_et_mouseover tve_anim_grow\" data-id=\"6886\" data-selector=\".post-wrapper\"><style class=\"tcb-post-list-dynamic-style\" type=\"text\/css\">@media (min-width: 300px){[].tcb-post-list #post-6886 []{background-image: url(\u00ab\u00a0https:\/\/www.paristouristinformation.fr\/fr\/wp-content\/uploads\/2021\/02\/Tour-de-Montparnasse-in-Paris-in-France-1024x538.jpg\u00ab\u00a0) !important;}[].tcb-post-list #post-6886 []:hover []{background-image: url(\u00ab\u00a0https:\/\/www.paristouristinformation.fr\/fr\/wp-content\/uploads\/2021\/02\/Tour-de-Montparnasse-in-Paris-in-France-1024x538.jpg\u00ab\u00a0) !important;}}<\/style><a href=\"https:\/\/www.paristouristinformation.fr\/fr\/choses-a-faire\/attractions\/tour-montparnasse\/\" dynamic-postlink=\"tcb_post_the_permalink\" data-shortcode-id=\"8370\"><\/a><\/p>\n<h3 style=\"text-align: center; padding-top: 0px !important; margin-top: 0px !important;\"><span data-attr-link=\"1\" data-attr-rel=\"0\" data-attr-target=\"0\" data-extra_key=\"\" data-option-inline=\"1\" data-shortcode=\"tcb_post_title\" data-shortcode-name=\"Post title\" data-attr-css=\"\" data-attr-static-link=\"{&quot;className&quot;:&quot;tve-froala fr-basic&quot;,&quot;href&quot;:&quot;https:\/\/paristouristinformation.fr\/fr\/organisez-votre-voyage-a-paris\/transports-en-commun\/stationnement\/&quot;,&quot;title&quot;:&quot;Se garer \u00e0 Paris : O\u00f9 se garer et combien \u00e7a co\u00fbte ?&quot;,&quot;class&quot;:&quot;tve-froala fr-basic&quot;}\" style=\"\"><a href=\"https:\/\/www.paristouristinformation.fr\/fr\/choses-a-faire\/attractions\/tour-montparnasse\/\" title=\"Tour Montparnasse \u00e0 Paris : Histoire, faits et billets pour le sommet\" data-css=\"\" class=\"tve-froala fr-basic\">Tour Montparnasse \u00e0 Paris : Histoire, faits et billets pour le sommet<\/a><\/span><\/h3>\n<p><\/article><\/div>\n","protected":false},"excerpt":{"rendered":"<p>Le Parc Ast\u00e9rix est le deuxi\u00e8me plus grand parc \u00e0 th\u00e8me de classe mondiale \u00e0 Paris, apr\u00e8s Disneyland Paris. Il est situ\u00e9 \u00e0 environ 40 kilom\u00e8tres au nord-est de Paris et c&rsquo;est l&rsquo;endroit pr\u00e9f\u00e9r\u00e9 des enfants pour passer une journ\u00e9e enti\u00e8re d&rsquo;amusement au printemps et en \u00e9t\u00e9.Couvrant une immense superficie, le parc Ast\u00e9rix attend ses [&hellip;]<\/p>\n","protected":false},"author":11,"featured_media":10346,"parent":2930,"menu_order":0,"comment_status":"closed","ping_status":"closed","template":"","meta":{"footnotes":""},"tags":[],"class_list":{"0":"post-8395","1":"page","2":"type-page","3":"status-publish","4":"has-post-thumbnail","5":"hentry","6":"post-wrapper","7":"thrv_wrapper","10":"thrive-animated-item"},"_links":{"self":[{"href":"https:\/\/www.paristouristinformation.fr\/fr\/wp-json\/wp\/v2\/pages\/8395","targetHints":{"allow":["GET"]}}],"collection":[{"href":"https:\/\/www.paristouristinformation.fr\/fr\/wp-json\/wp\/v2\/pages"}],"about":[{"href":"https:\/\/www.paristouristinformation.fr\/fr\/wp-json\/wp\/v2\/types\/page"}],"author":[{"embeddable":true,"href":"https:\/\/www.paristouristinformation.fr\/fr\/wp-json\/wp\/v2\/users\/11"}],"replies":[{"embeddable":true,"href":"https:\/\/www.paristouristinformation.fr\/fr\/wp-json\/wp\/v2\/comments?post=8395"}],"version-history":[{"count":0,"href":"https:\/\/www.paristouristinformation.fr\/fr\/wp-json\/wp\/v2\/pages\/8395\/revisions"}],"up":[{"embeddable":true,"href":"https:\/\/www.paristouristinformation.fr\/fr\/wp-json\/wp\/v2\/pages\/2930"}],"wp:featuredmedia":[{"embeddable":true,"href":"https:\/\/www.paristouristinformation.fr\/fr\/wp-json\/wp\/v2\/media\/10346"}],"wp:attachment":[{"href":"https:\/\/www.paristouristinformation.fr\/fr\/wp-json\/wp\/v2\/media?parent=8395"}],"wp:term":[{"taxonomy":"post_tag","embeddable":true,"href":"https:\/\/www.paristouristinformation.fr\/fr\/wp-json\/wp\/v2\/tags?post=8395"}],"curies":[{"name":"wp","href":"https:\/\/api.w.org\/{rel}","templated":true}]}}