{"id":8399,"date":"2021-01-29T12:06:21","date_gmt":"2021-01-29T12:06:21","guid":{"rendered":"http:\/\/paristouristinformation.fr\/fr\/?page_id=6888"},"modified":"2023-10-05T08:39:11","modified_gmt":"2023-10-05T08:39:11","slug":"apps","status":"publish","type":"page","link":"https:\/\/www.paristouristinformation.fr\/fr\/faq\/apps\/","title":{"rendered":"12 des meilleures applications de voyage pour visiter Paris : Transport, d\u00e9couverte, conseils"},"content":{"rendered":"<p>Si vous voyagez une ou plusieurs fois par an, vous savez d\u00e9j\u00e0 que le meilleur ami du voyageur est d\u00e9sormais son t\u00e9l\u00e9phone. Ce petit appareil devient si pratique dans un pays \u00e9tranger, presque indispensable. Sa premi\u00e8re utilit\u00e9 est de vous aider \u00e0 vous localiser et \u00e0 vous orienter comme un local, dans des endroits o\u00f9 vous n&rsquo;\u00eates jamais all\u00e9. Mais ce n&rsquo;est pas tout ! Aujourd&rsquo;hui, il existe des <strong>milliers d&rsquo;applications d\u00e9di\u00e9es \u00e0 vous aider \u00e0 voyager plus facilement<\/strong> de diff\u00e9rentes mani\u00e8res : localiser des restaurants ou des chemins \u00e0 parcourir, trouver du WIFI gratuit ou des toilettes, commander de la nourriture, entrer en contact avec des amis locaux, organiser le transport&#8230; Les villes elles-m\u00eames d\u00e9veloppent des applications pour aider les visiteurs dans leur exp\u00e9rience.Dans cet article, nous avons compil\u00e9 quelques-unes des 10 meilleures applications mobiles qu&rsquo;il serait utile de t\u00e9l\u00e9charger avant votre voyage \u00e0 Paris. Jetez-y un coup d&rsquo;\u0153il et faites-nous savoir celles que vous trouvez essentielles \u00e0 avoir sur votre t\u00e9l\u00e9phone !<\/p>\n<h2 id=\"t-1610539832044\" style=\"\">1. RATP&nbsp;<\/h2>\n<p><span><img decoding=\"async\" loading=\"lazy\" alt=\"How to Use the Metro in Paris\" data-id=\"6704\" width=\"702\" data-init-width=\"1200\" height=\"369\" data-init-height=\"630\" title=\"How to Use the Metro in Paris\" src=\"https:\/\/paristouristinformation.fr\/fr\/wp-content\/uploads\/2021\/01\/How-to-Use-the-Metro-in-Paris.jpg\" data-width=\"702\" data-height=\"369\" style=\"aspect-ratio: auto 1200 \/ 630;\" data-pin-media=\"https:\/\/paristouristinformation.fr\/fr\/wp-content\/uploads\/2021\/03\/prag_50_sehenswuerdigkeiten_pinterest-33-1.jpg\" data-pin-description=\"Apps are your best friends during your travel to Paris. Discover the best apps to help you during your visit to Paris : Discovery, location, tips, audioguide...\" data-pin-url=\"https:\/\/paristouristinformation.fr\/fr\/faq\/apps\/?tve=true&amp;tcbf=e43db02853\"><\/span><\/p>\n<p style=\"\">La RATP est <strong>l&rsquo;application de transport de la principale compagnie de transport de Paris. <\/strong>Elle permet de consulter les horaires et les prochains d\u00e9parts autour de vous lorsque vous \u00eates \u00e0 Paris. Elle vous permet de planifier votre itin\u00e9raire, de visualiser les temps de passage en temps r\u00e9el, de recevoir des alertes en cas de perturbation sur vos lignes (ce qui arrive plus souvent qu&rsquo;on ne le pense) et de visualiser tous les plans du r\u00e9seau RATP. Vous pouvez trouver toutes les informations sur vos modes de transport RER, M\u00e9tro, Bus, Tramway, Transilien. Donne l&rsquo;information sur la densit\u00e9 des d\u00e9placements sur votre ligne.<\/p>\n<ul>\n<li><a href=\"https:\/\/www.ratp.fr\/en\/apps\/ratp-app\" target=\"_blank\" style=\"outline: none;\" rel=\"noopener nofollow\">T\u00e9l\u00e9charger la RATP<\/a><\/li>\n<\/ul>\n<h2 id=\"t-1612952994009\" style=\"\"><b>2. City Mapper<\/b><\/h2>\n<p style=\"\">City mapper est une excellente application gratuite qui vous permet de vous promener dans la ville comme si vous n&rsquo;\u00e9tiez pas un \u00e9tranger mais un local. Cette application vous \u00e9vitera toute confusion lorsque vous devrez vous rendre quelque part dans Paris, que ce soit en v\u00e9hicule ou \u00e0 pied. Elle vous guide jusqu&rsquo;\u00e0 la station \u00e0 laquelle vous devez monter et vous indique au bout de combien de minutes le v\u00e9hicule arrivera, \u00e0 quel arr\u00eat vous \u00eates, combien d&rsquo;arr\u00eats il reste. C&rsquo;est l&rsquo;une des applications les plus utilis\u00e9es dans le monde lorsqu&rsquo;il s&rsquo;agit de voyager.<\/p>\n<ul>\n<li><a href=\"https:\/\/citymapper.com\/paris?lang=en\" target=\"_blank\" style=\"outline: none;\" rel=\"noopener nofollow\">T\u00e9l\u00e9charger City Mapper<\/a><\/li>\n<\/ul>\n<h2 id=\"t-1612952994010\" style=\"\"><b>3.&nbsp;<b>Your Mobile Guide<\/b><\/b><\/h2>\n<p><span><img decoding=\"async\" loading=\"lazy\" alt=\"Your Mobile App Website Visual - AudioGuide Paris\" data-id=\"7582\" width=\"702\" data-init-width=\"1053\" height=\"401\" data-init-height=\"602\" title=\"Your Mobile App Website Visual - AudioGuide Paris\" src=\"https:\/\/paristouristinformation.fr\/fr\/wp-content\/uploads\/2021\/02\/Your-Mobile-App-Website-Visual-AudioGuide-Paris.png\" data-width=\"702\" data-height=\"401\" style=\"aspect-ratio: auto 1053 \/ 602;\" data-pin-media=\"https:\/\/paristouristinformation.fr\/fr\/wp-content\/uploads\/2021\/03\/prag_50_sehenswuerdigkeiten_pinterest-33-1.jpg\" data-pin-description=\"Apps are your best friends during your travel to Paris. Discover the best apps to help you during your visit to Paris : Discovery, location, tips, audioguide...\" data-pin-url=\"https:\/\/paristouristinformation.fr\/fr\/faq\/apps\/?tve=true&amp;tcbf=e43db02853\"><\/span><\/p>\n<p style=\"\">Il est agr\u00e9able de visiter un endroit magnifique comme Paris, les rues sont comme des mus\u00e9es et chaque coin de rue cache un nouveau b\u00e2timent, monument ou \u00e9glise \u00e0 d\u00e9couvrir. Mais si vous ne savez rien \u00e0 leur sujet, vous pouvez facilement vous ennuyer ou m\u00eame \u00eatre frustr\u00e9 ! La solution id\u00e9ale serait d&rsquo;avoir un guide local dans votre poche&#8230; Eh bien, croyez-le ou non, c&rsquo;est possible gr\u00e2ce \u00e0 l&rsquo;application <a href=\"https:\/\/yourmobileguide.com\/en\" target=\"_blank\" style=\"outline: none;\" rel=\"noopener nofollow\">Your Mobile Guide<\/a>, une application audioguide ! Cette application est la seule \u00e0 proposer des audioguides de locaux, professionnels pour la plupart, qui vous font d\u00e9couvrir la ville pour quelques euros. Ce concept est nouveau et r\u00e9volutionnaire. Profitez-en !<\/p>\n<ul>\n<li><a href=\"https:\/\/web.yourmobileguide.com\/tours\/france\/paris\" target=\"_blank\" style=\"outline: none;\" rel=\"noopener nofollow\">T\u00e9l\u00e9chargez les applications de l&rsquo;Audioguide de Paris<\/a><\/li>\n<\/ul>\n<h2 id=\"t-1612952994019\" style=\"\"><b>4. <b>Secrets de Paris<\/b>&nbsp;<\/b><\/h2>\n<p style=\"\">Secrets de Paris est une application gratuite qui vous donne de nombreuses informations <strong>utiles sur les endroits inconnus qui valent la peine d&rsquo;\u00eatre vus<\/strong>, comme les toits avec vue, les passages secrets, les rues int\u00e9ressantes moins connues ou les restaurants originaux. Vous pouvez marquer ce qui vous int\u00e9resse, cr\u00e9er votre propre liste de favoris et retrouver cet endroit plus tard. D\u00e9couvrez les secrets gr\u00e2ce aux cartes interactives de Secrets de Paris.<\/p>\n<ul>\n<li><strong><a href=\"https:\/\/www.secrets-of-cities.com\" style=\"outline: none;\" target=\"_blank\" rel=\"noopener nofollow\">T\u00e9l\u00e9charger Secrets de Paris<\/a><\/strong><\/li>\n<\/ul>\n<h2 id=\"t-1612952994011\" style=\"\"><b>5. <b><b>WIFI Finder<\/b>&nbsp;<\/b><\/b><\/h2>\n<p style=\"\">Pour voir les hotspots WiFi les plus proches, c&rsquo;est une application indispensable. Il est certainement plus facile de se brancher sur un Wi Fi finder et de le laisser vous diriger vers l&rsquo;endroit le plus proche avec un hotspot public que de chercher un r\u00e9seau par hasard.&nbsp;<\/p>\n<ul>\n<li><a href=\"https:\/\/www.wifimap.io\/1109-paris-free-wifi\" target=\"_blank\" style=\"outline: none;\" rel=\"noopener nofollow\">T\u00e9l\u00e9charger WI FI Finder<\/a><\/li>\n<\/ul>\n<h2 id=\"t-1612952994012\" style=\"\"><b><b>6.&nbsp;<\/b><\/b><b style=\"color: var(--tcb-skin-color-4);\"><b><b>Disneyland Paris<\/b><\/b><\/b><\/h2>\n<p><span><img decoding=\"async\" loading=\"lazy\" alt=\"Disneyland Paris in France\" data-id=\"149\" width=\"702\" data-init-width=\"1000\" height=\"468\" data-init-height=\"667\" title=\"Disneyland Paris in France\" src=\"https:\/\/paristouristinformation.fr\/fr\/wp-content\/uploads\/2020\/06\/Disneyland-Paris-in-France.jpg\" data-width=\"702\" data-height=\"468\" style=\"aspect-ratio: auto 1000 \/ 667;\" data-pin-media=\"https:\/\/paristouristinformation.fr\/fr\/wp-content\/uploads\/2021\/03\/prag_50_sehenswuerdigkeiten_pinterest-33-1.jpg\" data-pin-description=\"Apps are your best friends during your travel to Paris. Discover the best apps to help you during your visit to Paris : Discovery, location, tips, audioguide...\" data-pin-url=\"https:\/\/paristouristinformation.fr\/fr\/faq\/apps\/?tve=true&amp;tcbf=e43db02853\"><\/span><\/p>\n<p style=\"\">C&rsquo;est une application indispensable pour se rep\u00e9rer dans Disneyland Paris et profiter au maximum de votre visite. Apr\u00e8s avoir franchi l&rsquo;entr\u00e9e du parc, toutes les installations peuvent \u00eatre utilis\u00e9es de mani\u00e8re illimit\u00e9e tout au long de la journ\u00e9e, sans frais suppl\u00e9mentaires. Vous devez \u00eatre pr\u00eat \u00e0 faire face \u00e0 de longues files d&rsquo;attente qui se produisent de temps en temps. Pour mieux contr\u00f4ler votre temps et profiter de la magie, cette application vous guidera. Les utilisateurs peuvent v\u00e9rifier les temps d&rsquo;attente pour les man\u00e8ges en temps r\u00e9el. Il est possible de v\u00e9rifier les options de restauration ainsi que les spectacles et les parades avec les personnages du parc.<\/p>\n<ul>\n<li><a href=\"https:\/\/play.google.com\/store\/apps\/details?id=fr.disneylandparis.android&amp;hl=en_US&amp;gl=US\" style=\"font-family: inherit; outline: none;\" target=\"_blank\" rel=\"noopener nofollow\">T\u00e9l\u00e9charger l&rsquo;application Disneyland Paris<\/a><\/li>\n<li>En savoir plus sur <a href=\"https:\/\/paristouristinformation.fr\/fr\/choses-a-faire\/disneyland\/\" style=\"outline: none;\">Acc\u00e8s et attractions de Disneyland Paris<\/a><\/li>\n<li>Obtenez votre <a href=\"https:\/\/www.tiqets.com\/en\/marne-la-vallee-attractions-c702\/tickets-for-disneyland-paris-skip-the-line-p975463\/?partner=checkfortrip\" target=\"_blank\" style=\"outline: none;\" rel=\"noopener nofollow\">Disneyland\u00ae Paris : Dated E-Ticket<\/a> maintenant !<\/li>\n<\/ul>\n<h2 id=\"t-1612952994013\" style=\"\"><b><b>7. Uber<\/b><\/b><\/h2>\n<p><span><img decoding=\"async\" loading=\"lazy\" alt=\"terminal taxi traveler in paris in france\" data-id=\"4630\" width=\"702\" data-init-width=\"1000\" height=\"468\" data-init-height=\"667\" title=\"terminal taxi traveler in paris in france\" src=\"https:\/\/paristouristinformation.fr\/fr\/wp-content\/uploads\/2020\/12\/terminal-taxi-traveler-in-paris-in-france.jpg\" data-width=\"702\" data-height=\"468\" style=\"aspect-ratio: auto 1000 \/ 667;\" data-pin-media=\"https:\/\/paristouristinformation.fr\/fr\/wp-content\/uploads\/2021\/03\/prag_50_sehenswuerdigkeiten_pinterest-33-1.jpg\" data-pin-description=\"Apps are your best friends during your travel to Paris. Discover the best apps to help you during your visit to Paris : Discovery, location, tips, audioguide...\" data-pin-url=\"https:\/\/paristouristinformation.fr\/fr\/faq\/apps\/?tve=true&amp;tcbf=e43db02853\"><\/span><\/p>\n<p style=\"\">Uber op\u00e8re activement \u00e0 Paris. Se distinguant par la coh\u00e9rence de ses prix, ses fonctionnalit\u00e9s de retour d&rsquo;information et sa facilit\u00e9 de paiement, Uber est une bonne option lorsqu&rsquo;on a besoin d&rsquo;un transport. UberPOOL est l&rsquo;option la moins ch\u00e8re car elle vous permet de partager le v\u00e9hicule avec d&rsquo;autres passagers et de partager le prix. Uber X pourrait \u00eatre une meilleure option, plus \u00e9conomique, lorsque vous voyagez \u00e0 3 ou 4 personnes.&nbsp;<\/p>\n<ul>\n<li><a href=\"https:\/\/apps.apple.com\/fr\/app\/uber-request-a-ride\/id368677368?l=en\" target=\"_blank\" style=\"outline: none;\" rel=\"noopener nofollow\">T\u00e9l\u00e9charger l&rsquo;application Uber<\/a><\/li>\n<li>Obtenez &#8211; 5 \u20ac de r\u00e9duction sur votre prochaine course Uber avec ce code :&nbsp;<\/li>\n<li>En savoir plus sur les <a href=\"https:\/\/paristouristinformation.fr\/fr\/organisez-votre-voyage-a-paris\/transports-en-commun\/taxi\/\" style=\"outline: none;\">taxis et les applications de taxi \u00e0 Paris<\/a><\/li>\n<\/ul>\n<h2 id=\"t-1612952994014\" style=\"\"><b><b>8. The Fork<\/b><\/b><\/h2>\n<p style=\"\">La Fourchette est une application qui permet de r\u00e9server facilement des restaurants. Il est possible de consulter les avis r\u00e9els des clients ainsi que les photos partag\u00e9es. En France, elle est utilis\u00e9e couramment et \u00e9galement connue sous le nom de \u00ab\u00a0La Fourchette\u00a0\u00bb. La Fourchette permet aux utilisateurs de consulter les restaurants class\u00e9s par distance et les tient inform\u00e9s des offres de l&rsquo;heure dans les restaurants. Chaque r\u00e9servation effectu\u00e9e \u00e0 partir de l&rsquo;application permet aux utilisateurs de gagner des points \u00e0 utiliser pour des r\u00e9servations ult\u00e9rieures.&nbsp;<\/p>\n<ul>\n<li><a href=\"https:\/\/www.thefork.com\" target=\"_blank\" style=\"outline: none;\" rel=\"noopener nofollow\">T\u00e9l\u00e9charger La Fourchette<\/a><\/li>\n<\/ul>\n<h2 id=\"t-1612952994015\" style=\"\"><b><b>9.&nbsp;<\/b><\/b><b><b>Mister Good Beer<\/b>&nbsp;&nbsp;<\/b><\/h2>\n<p style=\"\">Mister Good Beer est une application tr\u00e8s populaire \u00e0 Paris qui affiche la liste des bars autour de vous proposant de bonnes bi\u00e8res, ainsi que leurs prix. Elle devient le meilleur ami des amateurs de bi\u00e8re en leur indiquant les options les plus \u00e9conomiques et les plus savoureuses, ainsi que le moyen de s&rsquo;y rendre. Comme l&rsquo;application est r\u00e9guli\u00e8rement mise \u00e0 jour, il est possible de rester inform\u00e9 des \u00ab\u00a0happy hours\u00a0\u00bb des bars \u00e0 proximit\u00e9. Il s&rsquo;agit d&rsquo;une application gratuite, tr\u00e8s utile pour les touristes et les locaux, disponible pour iOS et Android.<\/p>\n<ul>\n<li><a href=\"https:\/\/www.mistergoodbeer.com\" style=\"outline: none;\" target=\"_blank\" rel=\"noopener nofollow\">T\u00e9l\u00e9charger Mister Good Beer<\/a><\/li>\n<\/ul>\n<h2 id=\"t-1612952994016\" style=\"\"><b><b>10. &nbsp;<b><b>Balades Paris Durable<\/b><\/b><\/b><\/b><\/h2>\n<p><span><img decoding=\"async\" loading=\"lazy\" alt=\"Belleville Park in Paris in France\" data-id=\"175\" width=\"702\" data-init-width=\"1000\" height=\"468\" data-init-height=\"667\" title=\"Belleville Park in Paris in France\" src=\"https:\/\/paristouristinformation.fr\/fr\/wp-content\/uploads\/2020\/06\/Belleville-Park-in-Paris-in-France.jpg\" data-width=\"702\" data-height=\"468\" style=\"aspect-ratio: auto 1000 \/ 667;\" data-pin-media=\"https:\/\/paristouristinformation.fr\/fr\/wp-content\/uploads\/2021\/03\/prag_50_sehenswuerdigkeiten_pinterest-33-1.jpg\" data-pin-description=\"Apps are your best friends during your travel to Paris. Discover the best apps to help you during your visit to Paris : Discovery, location, tips, audioguide...\" data-pin-url=\"https:\/\/paristouristinformation.fr\/fr\/faq\/apps\/?tve=true&amp;tcbf=e43db02853\"><\/span><\/p>\n<p style=\"\">\u00ab\u00a0Balades Paris Durable\u00a0\u00bb est une application mobile gratuite pour <strong>d\u00e9couvrir plusieurs itin\u00e9raires de promenades urbaines \u00e0 Paris. <\/strong>Une id\u00e9e innovante pour explorer de nombreuses promenades alternatives avec des faits peu connus sur l&rsquo;\u00e9cologie autour de la capitale. C&rsquo;est une fa\u00e7on amusante d&rsquo;apprendre beaucoup de choses sur la biodiversit\u00e9 parisienne sur votre chemin pour faire vos propres d\u00e9couvertes avec les d\u00e9tails sur les esp\u00e8ces communes, les nouveaux concepts de jardin et les d\u00e9veloppements. Les utilisateurs peuvent partager des photos des itin\u00e9raires qui se trouvent sur les galeries.<\/p>\n<ul>\n<li><a href=\"https:\/\/www.baladesparisdurable.fr\" target=\"_blank\" style=\"outline: none;\" rel=\"noopener nofollow\">T\u00e9l\u00e9charger Balades Paris Durable<\/a><\/li>\n<\/ul>\n<h2 id=\"t-1612952994017\" style=\"\"><b><b>11.<b><b><b>&nbsp;O\u00f9 sont les toilettes ?<\/b><\/b><\/b><\/b><\/b><\/h2>\n<p style=\"\">Lorsque l&rsquo;urgence sonne, vous n&rsquo;avez pas besoin de vous sentir \u00e9tranger dans les rues de Paris que vous venez de d\u00e9couvrir. L&rsquo;une des choses les plus difficiles pour un touriste \u00e0 Paris est de trouver des toilettes publiques au bon moment. Mais il est possible d&rsquo;\u00eatre pr\u00e9par\u00e9 en ayant cette application avant les situations d&rsquo;extr\u00eame urgence. \u00ab\u00a0O\u00f9 sont les toilettes ?\u00a0\u00bb sauvera la vie de nombreux parents pendant leurs vacances \u00e0 Paris. Elle est utilis\u00e9e aussi bien par les voyageurs que par les habitants du quartier.<\/p>\n<ul>\n<li><a href=\"https:\/\/play.google.com\/store\/apps\/details?id=com.bto.toilet&amp;hl=fr&amp;gl=US\" style=\"outline: none;\" target=\"_blank\" rel=\"noopener nofollow\">T\u00e9l\u00e9charger O\u00f9 sont les toilettes ?<\/a>&nbsp;(Android)<\/li>\n<li><a href=\"https:\/\/apps.apple.com\/fr\/app\/o\u00f9-sont-les-toilettes\/id311896604\" target=\"_blank\" style=\"outline: none;\" rel=\"noopener nofollow\">T\u00e9l\u00e9charger O\u00f9 sont les toilettes ?<\/a> (iOS)<\/li>\n<\/ul>\n<h2 id=\"t-1612952994020\" style=\"\"><b><b>12.<b><b><b>&nbsp;Guide Fooding<\/b><\/b><\/b><\/b><\/b><\/h2>\n<p><span><img decoding=\"async\" loading=\"lazy\" alt=\"\" data-id=\"4677\" width=\"702\" data-init-width=\"1000\" height=\"468\" data-init-height=\"667\" title=\"escargots snails traditional food in paris\" src=\"https:\/\/paristouristinformation.fr\/fr\/wp-content\/uploads\/2020\/12\/escargots-snails-traditional-food-in-paris.jpg\" data-width=\"702\" data-height=\"468\" style=\"aspect-ratio: auto 1000 \/ 667;\" data-pin-media=\"https:\/\/paristouristinformation.fr\/fr\/wp-content\/uploads\/2021\/03\/prag_50_sehenswuerdigkeiten_pinterest-33-1.jpg\" data-pin-description=\"Apps are your best friends during your travel to Paris. Discover the best apps to help you during your visit to Paris : Discovery, location, tips, audioguide...\" data-pin-url=\"https:\/\/paristouristinformation.fr\/fr\/faq\/apps\/?tve=true&amp;tcbf=e43db02853\"><\/span><\/p>\n<p style=\"\">Enfin, si vous voulez vraiment go\u00fbter \u00e0 la cuisine parisienne comme un local et conna\u00eetre tous les restaurants et bars secrets, le Guide Fooding est votre solution. Cr\u00e9\u00e9e par un ancien blogueur sp\u00e9cialis\u00e9 dans les restaurants parisiens, <strong>cette application a 20 ans et est la r\u00e9f\u00e9rence lorsqu&rsquo;il s&rsquo;agit de manger \u00e0 Paris<\/strong>. Moins connue des \u00e9trangers, cette application est utile aux gourmets locaux qui aiment passer du temps dans les restaurants. Elle est \u00e9galement disponible en anglais et fr\u00e9quemment mise \u00e0 jour. Essayez-la !<\/p>\n<ul>\n<li><a href=\"https:\/\/lefooding.com\/en\/guide\" target=\"_blank\" style=\"outline: none;\" rel=\"noopener nofollow\">T\u00e9l\u00e9charger Guide Fooding<\/a><\/li>\n<\/ul>\n<p>Vous avez maintenant toutes les bonnes applications dans votre t\u00e9l\u00e9phone pour passer le meilleur moment \u00e0 Paris. Lesquelles allez-vous t\u00e9l\u00e9charger ? Dites-le nous dans les commentaires !<\/p>\n<ul>\n<li style=\"\"><span style=\"\"><strong>Si vous planifiez votre voyage \u00e0 Paris, <\/strong>nous vous recommandons de consulter nos conseils sur ces articles :<a href=\"https:\/\/paristouristinformation.fr\/fr\/organisez-votre-voyage-a-paris\/transports-en-commun\/taxi\/\" style=\"outline: none;\"> Comment prendre un taxi \u00e0 Paris<\/a>, <a href=\"https:\/\/paristouristinformation.fr\/fr\/choses-a-faire\/musees\/\" style=\"outline: none;\">TOP 30 des meilleurs mus\u00e9es de Paris<\/a>, <a href=\"https:\/\/paristouristinformation.fr\/fr\/choses-a-faire\/disneyland\/\" style=\"outline: none;\">Conseils et billets pour DisneyLand Paris <\/a>ou <a href=\"https:\/\/paristouristinformation.fr\/fr\/choses-a-faire\/\">100 choses \u00e0 faire \u00e0 Paris.<\/a><\/span><\/li>\n<\/ul>\n","protected":false},"excerpt":{"rendered":"<p>Si vous voyagez une ou plusieurs fois par an, vous savez d\u00e9j\u00e0 que le meilleur ami du voyageur est d\u00e9sormais son t\u00e9l\u00e9phone. Ce petit appareil devient si pratique dans un pays \u00e9tranger, presque indispensable. Sa premi\u00e8re utilit\u00e9 est de vous aider \u00e0 vous localiser et \u00e0 vous orienter comme un local, dans des endroits o\u00f9 [&hellip;]<\/p>\n","protected":false},"author":11,"featured_media":8189,"parent":6992,"menu_order":0,"comment_status":"closed","ping_status":"closed","template":"","meta":{"footnotes":""},"tags":[],"class_list":["post-8399","page","type-page","status-publish","has-post-thumbnail","hentry","post-wrapper","thrv_wrapper"],"_links":{"self":[{"href":"https:\/\/www.paristouristinformation.fr\/fr\/wp-json\/wp\/v2\/pages\/8399","targetHints":{"allow":["GET"]}}],"collection":[{"href":"https:\/\/www.paristouristinformation.fr\/fr\/wp-json\/wp\/v2\/pages"}],"about":[{"href":"https:\/\/www.paristouristinformation.fr\/fr\/wp-json\/wp\/v2\/types\/page"}],"author":[{"embeddable":true,"href":"https:\/\/www.paristouristinformation.fr\/fr\/wp-json\/wp\/v2\/users\/11"}],"replies":[{"embeddable":true,"href":"https:\/\/www.paristouristinformation.fr\/fr\/wp-json\/wp\/v2\/comments?post=8399"}],"version-history":[{"count":0,"href":"https:\/\/www.paristouristinformation.fr\/fr\/wp-json\/wp\/v2\/pages\/8399\/revisions"}],"up":[{"embeddable":true,"href":"https:\/\/www.paristouristinformation.fr\/fr\/wp-json\/wp\/v2\/pages\/6992"}],"wp:featuredmedia":[{"embeddable":true,"href":"https:\/\/www.paristouristinformation.fr\/fr\/wp-json\/wp\/v2\/media\/8189"}],"wp:attachment":[{"href":"https:\/\/www.paristouristinformation.fr\/fr\/wp-json\/wp\/v2\/media?parent=8399"}],"wp:term":[{"taxonomy":"post_tag","embeddable":true,"href":"https:\/\/www.paristouristinformation.fr\/fr\/wp-json\/wp\/v2\/tags?post=8399"}],"curies":[{"name":"wp","href":"https:\/\/api.w.org\/{rel}","templated":true}]}}