{"id":8621,"date":"2021-06-28T07:41:19","date_gmt":"2021-06-28T07:41:19","guid":{"rendered":"http:\/\/paristouristinformation.fr\/fr\/things-to-do\/museum\/clone-of-guide-to-carnavalet-museum-in-paris\/"},"modified":"2023-05-16T06:37:20","modified_gmt":"2023-05-16T06:37:20","slug":"institut-du-monde-arabe","status":"publish","type":"page","link":"https:\/\/www.paristouristinformation.fr\/fr\/choses-a-faire\/musees\/institut-du-monde-arabe\/","title":{"rendered":"Guide de l&#8217;Institut du monde arabe (IMA) \u00e0 Paris : Info &#038; Exposition"},"content":{"rendered":"<p>L&rsquo;Institut du Monde Arabe est situ\u00e9 dans l&rsquo;avenue Saint Germain \u00e0 Paris.Le b\u00e2timent moderne attire l&rsquo;attention par sa conception sp\u00e9ciale avec des caract\u00e9ristiques arabes et occidentales.Vous trouverez ici toutes les informations utiles sur l&rsquo;Institut du Monde Arabe, notamment son histoire, des faits, des informations sur les billets et les visites&#8230;<\/p>\n<p><span><img decoding=\"async\" alt=\"Arab World Inst\u0131tute in Paris in France 4\" data-id=\"8732\" width=\"736\" data-init-width=\"1000\" height=\"493\" data-init-height=\"670\" title=\"Arab World Inst\u0131tute in Paris in France 4\" src=\"http:\/\/paristouristinformation.fr\/fr\/wp-content\/uploads\/2021\/07\/Arab-World-Institute-in-Paris-in-France-4.jpg\" data-width=\"736\" data-height=\"493\" style=\"\" loading=\"lazy\"><\/span><\/p>\n<ul>\n<li><a rel=\"noreferrer noopener nofollow\" href=\"https:\/\/pinterest.com\/pin\/create\/button\/?url=https:\/\/www.paristouristinformation.fr\/fr\/choses-a-faire\/musees\/institut-du-monde-arabe\/?tve=true&amp;tcbf=ef9918f519&amp;is_video=false&amp;media=http:\/\/paristouristinformation.fr\/fr\/wp-content\/uploads\/2021\/07\/Arab-World-Institute-in-Paris-in-France-4.jpg&amp;description=Guide%20de%20l%E2%80%99Institut%20du%20monde%20arabe%20%7C%20ParisTouristInformation.fr\" onclick=\"essb.window('https:\/\/pinterest.com\/pin\/create\/button\/?url=https:\/\/www.paristouristinformation.fr\/fr\/choses-a-faire\/musees\/institut-du-monde-arabe\/?tve=true&amp;tcbf=ef9918f519&amp;is_video=false&amp;media=http:\/\/paristouristinformation.fr\/fr\/wp-content\/uploads\/2021\/07\/Arab-World-Institute-in-Paris-in-France-4.jpg&amp;description=Guide%20de%20l%E2%80%99Institut%20du%20monde%20arabe%20%7C%20ParisTouristInformation.fr','pinpro','l04bvpqj'); return false;\" target=\"_blank\"><span><\/span><span>Pin<\/span><\/a><\/li>\n<\/ul>\n<h2 id=\"t-1612260711761\" data-alt-text=\"What can I do ?\" style=\"\">Que puis-je faire \u00e0 l&rsquo;Institut du Monde Arabe \u00e0 Paris ?<\/h2>\n<p>L&rsquo;Institut du Monde Arabe se distingue par son style exceptionnel et son toit-terrasse qui offre un paysage \u00e9tonnant. Des milliers de motifs g\u00e9om\u00e9triques propres au monde arabe ornent le b\u00e2timent de l&rsquo;ext\u00e9rieur. L&rsquo;ensemble de l&rsquo;ext\u00e9rieur du b\u00e2timent est constitu\u00e9 d&rsquo;un rev\u00eatement en verre.Pour r\u00e9guler la p\u00e9n\u00e9tration de la lumi\u00e8re du soleil dans l&rsquo;espace int\u00e9rieur, un m\u00e9canisme exquis a \u00e9t\u00e9 install\u00e9.Il est possible de voir plus de 560 \u0153uvres d&rsquo;art ayant pour th\u00e8me les civilisations arabes, notamment des c\u00e9ramiques pr\u00e9islamiques, des enluminures, des textiles, de l&rsquo;art moderne pal\u00e9tinien et des objets scientifiques.Des expositions temporaires ont eu lieu dans l&rsquo;institut avec des th\u00e8mes comme l&rsquo;art marocain contemporain, les soies d&rsquo;al-Andalus et le hip-hop dans les rues arabes du Bronx.<\/p>\n<h3 style=\"\">Terrasse sur le toit<\/h3>\n<p>Attrapez des angles magnifiques de Paris depuis le toit-terrasse avec vue sur la Seine et la cath\u00e9drale de Notre-Dame.Pour ceux qui s&rsquo;int\u00e9ressent \u00e0 la cuisine du monde, il peut \u00eatre agr\u00e9able de manger des plats arabes traditionnels avec une belle vue sur Paris dans le restaurant du b\u00e2timent.L&rsquo;immeuble comprend \u00e9galement un mus\u00e9e et une biblioth\u00e8que.<\/p>\n<p><span><img decoding=\"async\" alt=\"Arab World Inst\u0131tute in Paris in France 2\" data-id=\"8723\" width=\"736\" data-init-width=\"1000\" height=\"493\" data-init-height=\"670\" title=\"Arab World Inst\u0131tute in Paris in France 2\" src=\"http:\/\/paristouristinformation.fr\/fr\/wp-content\/uploads\/2021\/07\/Arab-World-Institute-in-Paris-in-France-2-.jpg\" data-width=\"736\" data-height=\"493\" style=\"\" loading=\"lazy\"><\/span><\/p>\n<ul>\n<li><a rel=\"noreferrer noopener nofollow\" href=\"https:\/\/pinterest.com\/pin\/create\/button\/?url=https:\/\/www.paristouristinformation.fr\/fr\/choses-a-faire\/musees\/institut-du-monde-arabe\/?tve=true&amp;tcbf=ef9918f519&amp;is_video=false&amp;media=http:\/\/paristouristinformation.fr\/fr\/wp-content\/uploads\/2021\/07\/Arab-World-Institute-in-Paris-in-France-2-.jpg&amp;description=Guide%20de%20l%E2%80%99Institut%20du%20monde%20arabe%20%7C%20ParisTouristInformation.fr\" onclick=\"essb.window('https:\/\/pinterest.com\/pin\/create\/button\/?url=https:\/\/www.paristouristinformation.fr\/fr\/choses-a-faire\/musees\/institut-du-monde-arabe\/?tve=true&amp;tcbf=ef9918f519&amp;is_video=false&amp;media=http:\/\/paristouristinformation.fr\/fr\/wp-content\/uploads\/2021\/07\/Arab-World-Institute-in-Paris-in-France-2-.jpg&amp;description=Guide%20de%20l%E2%80%99Institut%20du%20monde%20arabe%20%7C%20ParisTouristInformation.fr','pinpro','l04bvpqo'); return false;\" target=\"_blank\"><span><\/span><span>Pin<\/span><\/a><\/li>\n<\/ul>\n<h2 id=\"t-1612260711762\" data-alt-text=\"Entrance, Tickets and Tours\" style=\"\">Entr\u00e9es, billets et visites<\/h2>\n<ul>\n<li><span style=\"\"><strong>Billets :<\/strong><a href=\"https:\/\/billetterie.imarabe.org\/selection\/timeslotpass?productId=101552810274\" style=\"outline: none;\" target=\"_blank\" rel=\"noopener nofollow\">R\u00e9servez votre billet en ligne pour l&rsquo;Institut du monde arabe et s\u00e9lectionnez une plage horaire pour votre visite.<\/a><\/span><\/li>\n<li><span style=\"\"><strong>Entr\u00e9e : <\/strong>Du mardi au dimanche de 13h00 \u00e0 18h00.<\/span><\/li>\n<\/ul>\n<ul>\n<li><span style=\"\">Pour gagner du temps, de l&rsquo;argent et \u00e9viter les tracas, vous pouvez pr\u00e9parer votre voyage en achetant le <a href=\"https:\/\/paristouristinformation.fr\/fr\/visites-guidees-et-billets\/\">Paris Museum Pass<\/a>. Il donne acc\u00e8s \u00e0 <span style=\"text-decoration: underline;\">plus de 50 mus\u00e9es parisiens.<\/span> A ne pas manquer !<\/span><\/li>\n<\/ul>\n<p><span><img decoding=\"async\" alt=\"Arab World Inst\u0131tute in Paris in France 5\" data-id=\"8731\" width=\"736\" data-init-width=\"1000\" height=\"493\" data-init-height=\"670\" title=\"Arab World Inst\u0131tute in Paris in France 5\" src=\"http:\/\/paristouristinformation.fr\/fr\/wp-content\/uploads\/2021\/07\/Arab-World-Institute-in-Paris-in-France-5.jpg\" data-width=\"736\" data-height=\"493\" style=\"\" loading=\"lazy\"><\/span><\/p>\n<ul>\n<li><a rel=\"noreferrer noopener nofollow\" href=\"https:\/\/pinterest.com\/pin\/create\/button\/?url=https:\/\/www.paristouristinformation.fr\/fr\/choses-a-faire\/musees\/institut-du-monde-arabe\/?tve=true&amp;tcbf=ef9918f519&amp;is_video=false&amp;media=http:\/\/paristouristinformation.fr\/fr\/wp-content\/uploads\/2021\/07\/Arab-World-Institute-in-Paris-in-France-5.jpg&amp;description=Guide%20de%20l%E2%80%99Institut%20du%20monde%20arabe%20%7C%20ParisTouristInformation.fr\" onclick=\"essb.window(&#039;https:\/\/pinterest.com\/pin\/create\/button\/?url=https:\/\/www.paristouristinformation.fr\/fr\/choses-a-faire\/musees\/institut-du-monde-arabe\/?tve=true&amp;tcbf=ef9918f519&amp;is_video=false&amp;media=http:\/\/paristouristinformation.fr\/fr\/wp-content\/uploads\/2021\/07\/Arab-World-Institute-in-Paris-in-France-5.jpg&amp;description=Guide%20de%20l%E2%80%99Institut%20du%20monde%20arabe%20%7C%20ParisTouristInformation.fr&#039;,&#039;pinpro&#039;,&#039;l04bvpqw&#039;); return false;\" target=\"_blank\"><span><\/span><span>Pin<\/span><\/a><\/li>\n<\/ul>\n<h2 id=\"t-1612260711763\" data-alt-text=\"How to get there ?\">Comment se rendre \u00e0 l&rsquo;Institut du monde arabe \u00e0 Paris ?<\/h2>\n<p>L&rsquo;Institut du Monde Arabe est situ\u00e9 dans l&rsquo;avenue Saint Germain.<\/p>\n<ul>\n<li><strong>M\u00e9tro :<\/strong> Il est facilement accessible avec la ligne 7 du m\u00e9tro \u00e0 la station \u00ab\u00a0Jussieu\u00a0\u00bb et la ligne 10 \u00e0 la station \u00ab\u00a0Cardinal Lemoine\u00a0\u00bb.<\/li>\n<li><strong>Bus : <\/strong>24, 63, 67, 86, 87, 89<\/li>\n<\/ul>\n<p><div class=\"tcb-post-list tve-content-list thrv_wrapper\" data-type=\"grid\" data-pagination-type=\"none\" data-pages_near_current=\"2\" data-css=\"tve-u-60d97d1fa629e7\" data-total_post_count=\"3\" data-total_sticky_count=\"0\" data-no_posts_text=\"There are no posts to display.\"><article id=\"post-3352\" class=\"post-3352 page type-page status-publish has-post-thumbnail hentry post-wrapper thrv_wrapper thrive-animated-item \" tcb_hover_state_parent=\"\" shortcode=\"tcb_post_list\" data-id=\"3352\" data-selector=\".post-wrapper\"><style class=\"tcb-post-list-dynamic-style\" type=\"text\/css\"><\/style><\/p>\n<h3 style=\"\"><span data-attr-link=\"1\" data-attr-rel=\"0\" data-attr-target=\"0\" data-extra_key=\"\" data-option-inline=\"1\" data-shortcode=\"tcb_post_title\" data-shortcode-name=\"Post title\" data-attr-css=\"\" style=\"\" data-attr-static-link=\"{&quot;className&quot;:&quot;tve-froala fr-basic&quot;,&quot;href&quot;:&quot;https:\/\/www.paristouristinformation.fr\/fr\/choses-a-faire\/musees\/musee-de-cluny\/&quot;,&quot;title&quot;:&quot;Guide du mus\u00e9e de Cluny \u00e0 Paris : Billets &amp; Conseil&quot;,&quot;class&quot;:&quot;tve-froala fr-basic&quot;}\"><a href=\"https:\/\/www.paristouristinformation.fr\/fr\/choses-a-faire\/musees\/musee-de-cluny\/\" title=\"Guide du mus\u00e9e de Cluny \u00e0 Paris : Billets &amp; Conseil\" data-css=\"\" class=\"tve-froala fr-basic\">Guide du mus\u00e9e de Cluny \u00e0 Paris : Billets &amp; Conseil<\/a><\/span><\/h3>\n<p><\/article><article id=\"post-3028\" class=\"post-3028 page type-page status-publish has-post-thumbnail hentry post-wrapper thrv_wrapper thrive-animated-item \" tcb_hover_state_parent=\"\" shortcode=\"tcb_post_list\" data-id=\"3028\" data-selector=\".post-wrapper\"><style class=\"tcb-post-list-dynamic-style\" type=\"text\/css\"><\/style><\/p>\n<h3 style=\"\"><span data-attr-link=\"1\" data-attr-rel=\"0\" data-attr-target=\"0\" data-extra_key=\"\" data-option-inline=\"1\" data-shortcode=\"tcb_post_title\" data-shortcode-name=\"Post title\" data-attr-css=\"\" style=\"\" data-attr-static-link=\"{&quot;className&quot;:&quot;tve-froala fr-basic&quot;,&quot;href&quot;:&quot;https:\/\/www.paristouristinformation.fr\/fr\/choses-a-faire\/musees\/musee-de-cluny\/&quot;,&quot;title&quot;:&quot;Guide du mus\u00e9e de Cluny \u00e0 Paris : Billets &amp; Conseil&quot;,&quot;class&quot;:&quot;tve-froala fr-basic&quot;}\"><a href=\"https:\/\/www.paristouristinformation.fr\/fr\/choses-a-faire\/musees\/crypte-archeologique\/\" title=\"Guide de la crypte arch\u00e9ologique de Paris : Conseils touristiques\" data-css=\"\" class=\"tve-froala fr-basic\">Guide de la crypte arch\u00e9ologique de Paris : Conseils touristiques<\/a><\/span><\/h3>\n<p><\/article><article id=\"post-4004\" class=\"post-4004 page type-page status-publish has-post-thumbnail hentry post-wrapper thrv_wrapper thrive-animated-item \" tcb_hover_state_parent=\"\" shortcode=\"tcb_post_list\" data-id=\"4004\" data-selector=\".post-wrapper\"><style class=\"tcb-post-list-dynamic-style\" type=\"text\/css\"><\/style><\/p>\n<h3 style=\"\"><span data-attr-link=\"1\" data-attr-rel=\"0\" data-attr-target=\"0\" data-extra_key=\"\" data-option-inline=\"1\" data-shortcode=\"tcb_post_title\" data-shortcode-name=\"Post title\" data-attr-css=\"\" style=\"\" data-attr-static-link=\"{&quot;className&quot;:&quot;tve-froala fr-basic&quot;,&quot;href&quot;:&quot;https:\/\/www.paristouristinformation.fr\/fr\/choses-a-faire\/musees\/musee-de-cluny\/&quot;,&quot;title&quot;:&quot;Guide du mus\u00e9e de Cluny \u00e0 Paris : Billets &amp; Conseil&quot;,&quot;class&quot;:&quot;tve-froala fr-basic&quot;}\"><a href=\"https:\/\/www.paristouristinformation.fr\/fr\/choses-a-faire\/musees\/picasso\/\" title=\"Guide du mus\u00e9e Picasso \u00e0 Paris : Conseils &amp; Billets\" data-css=\"\" class=\"tve-froala fr-basic\">Guide du mus\u00e9e Picasso \u00e0 Paris : Conseils &amp; Billets<\/a><\/span><\/h3>\n<p><\/article><\/div><span><img decoding=\"async\" alt=\"Arab World Inst\u0131tute in Paris in France 3\" data-id=\"8721\" width=\"736\" data-init-width=\"1000\" height=\"493\" data-init-height=\"670\" title=\"Arab World Inst\u0131tute in Paris in France 3\" src=\"http:\/\/paristouristinformation.fr\/fr\/wp-content\/uploads\/2021\/07\/Arab-World-Institute-in-Paris-in-France-3.jpg\" data-width=\"736\" data-height=\"493\" style=\"\" loading=\"lazy\"><\/span><\/p>\n<ul>\n<li><a rel=\"noreferrer noopener nofollow\" href=\"https:\/\/pinterest.com\/pin\/create\/button\/?url=https:\/\/www.paristouristinformation.fr\/fr\/choses-a-faire\/musees\/institut-du-monde-arabe\/?tve=true&amp;tcbf=ef9918f519&amp;is_video=false&amp;media=http:\/\/paristouristinformation.fr\/fr\/wp-content\/uploads\/2021\/07\/Arab-World-Institute-in-Paris-in-France-3.jpg&amp;description=Guide%20de%20l%E2%80%99Institut%20du%20monde%20arabe%20%7C%20ParisTouristInformation.fr\" onclick=\"essb.window(&#039;https:\/\/pinterest.com\/pin\/create\/button\/?url=https:\/\/www.paristouristinformation.fr\/fr\/choses-a-faire\/musees\/institut-du-monde-arabe\/?tve=true&amp;tcbf=ef9918f519&amp;is_video=false&amp;media=http:\/\/paristouristinformation.fr\/fr\/wp-content\/uploads\/2021\/07\/Arab-World-Institute-in-Paris-in-France-3.jpg&amp;description=Guide%20de%20l%E2%80%99Institut%20du%20monde%20arabe%20%7C%20ParisTouristInformation.fr&#039;,&#039;pinpro&#039;,&#039;l04bvpr2&#039;); return false;\" target=\"_blank\"><span><\/span><span>Pin<\/span><\/a><\/li>\n<\/ul>\n<h2 id=\"t-1612260711764\" style=\"\">Histoire de l&rsquo;Institut du Monde Arabe \u00e0 Paris<\/h2>\n<p>L&rsquo;Institut du Monde Arabe a \u00e9t\u00e9 construit entre 1981 et 1987.L&rsquo;objectif fondateur de l&rsquo;Institut du monde arabe est d&rsquo;\u00e9changer des informations entre les pays du monde arabe et d&rsquo;encourager la poursuite des recherches sur les valeurs culturelles arabes. L&rsquo;architecte Jean Nouvel a re\u00e7u le prix Aga Khan d&rsquo;architecture en 1989, et l&rsquo;Equirre d&rsquo;Argent d&rsquo;architecture fran\u00e7aise en 1987.<\/p>\n<h2 id=\"t-1612260711766\" style=\"\">Contact et plan d&rsquo;acc\u00e8s<\/h2>\n<ul>\n<li><span style=\"\"><strong>Adresse :&nbsp;<\/strong>1 Rue des Foss\u00e9s Saint-Bernard, 75005 Paris, France<\/span><\/li>\n<li><span style=\"\"><strong>Heures d&rsquo;ouverture :<a href=\"https:\/\/www.imarabe.org\/fr\" style=\"outline: none;\" target=\"_blank\" rel=\"noopener nofollow\"><strong>&nbsp;https:\/\/www.imarabe.org\/fr<\/strong><\/a><\/strong><\/span><\/li>\n<li><span style=\"\"><strong>\u200bTransports en commun :<\/strong> M\u00e9tro Ligne 7- station \u00ab\u00a0Jussieu\u00a0\u00bb, Ligne 10 &#8211; station \u00ab\u00a0Cardinal Lemoine\u00a0\u00bb.<strong><a href=\"https:\/\/www.imarabe.org\/fr\" style=\"outline: none;\" target=\"_blank\" rel=\"noopener nofollow\"><\/a><\/strong><\/span><\/li>\n<li style=\"\"><span style=\"\"><strong>Site web:&nbsp;<\/strong><a href=\"https:\/\/www.imarabe.org\/fr\" style=\"outline: none;\" target=\"_blank\" rel=\"noopener nofollow\">https:\/\/www.imarabe.org\/fr<\/a><\/span><\/li>\n<\/ul>\n<ul>\n<li><span style=\"\">Vous pr\u00e9parez votre voyage \u00e0 Paris ? Nous vous avons pr\u00e9par\u00e9 une liste des <a href=\"https:\/\/paristouristinformation.fr\/fr\/choses-a-faire\/musees\/\">30 meilleurs mus\u00e9es \u00e0 visiter \u00e0 Paris.<\/a><a href=\"http:\/\/paristouristinformation.fr\/fr\/things-to-do\/museum\/\" style=\"outline: none;\"> <\/a><\/span><\/li>\n<\/ul>\n<p>__CONFIG_colors_palette__{\u00ab\u00a0active_palette\u00a0\u00bb:0,\u00a0\u00bbconfig\u00a0\u00bb:{\u00ab\u00a0colors\u00a0\u00bb:{\u00ab\u00a050ce5\u00a0\u00bb:{\u00ab\u00a0name\u00a0\u00bb:\u00a0\u00bbMain Accent\u00a0\u00bb,\u00a0\u00bbparent\u00a0\u00bb:-1}},\u00a0\u00bbgradients\u00a0\u00bb:[]},\u00a0\u00bbpalettes\u00a0\u00bb:[{\u00ab\u00a0name\u00a0\u00bb:\u00a0\u00bbDefault Palette\u00a0\u00bb,\u00a0\u00bbvalue\u00a0\u00bb:{\u00ab\u00a0colors\u00a0\u00bb:{\u00ab\u00a050ce5\u00a0\u00bb:{\u00ab\u00a0val\u00a0\u00bb:\u00a0\u00bbvar(&#8211;tcb-skin-color-0)\u00a0\u00bb}},\u00a0\u00bbgradients\u00a0\u00bb:[]},\u00a0\u00bboriginal\u00a0\u00bb:{\u00ab\u00a0colors\u00a0\u00bb:{\u00ab\u00a050ce5\u00a0\u00bb:{\u00ab\u00a0val\u00a0\u00bb:\u00a0\u00bbrgb(19, 114, 211)\u00a0\u00bb,\u00a0\u00bbhsl\u00a0\u00bb:{\u00ab\u00a0h\u00a0\u00bb:210,\u00a0\u00bbs\u00a0\u00bb:0.83,\u00a0\u00bbl\u00a0\u00bb:0.45,\u00a0\u00bba\u00a0\u00bb:1}}},\u00a0\u00bbgradients\u00a0\u00bb:[]}}]}__CONFIG_colors_palette__ <a href=\"https:\/\/paristouristinformation.fr\/fr\/choses-a-faire\/musees\/\"> <span><span>Autres mus\u00e9es \u00e0 visiter \u00e0 Paris<\/span><\/span> <\/a><\/p>\n<h2 style=\"\">Tours et billets de Paris<\/h2>\n<p style=\"text-align: left;\">D\u00e9couvrez Paris aujourd&rsquo;hui avec les visites et les billets les plus pr\u00e9f\u00e9r\u00e9s, sans faire la queue.<\/p>\n","protected":false},"excerpt":{"rendered":"<p>L&rsquo;Institut du Monde Arabe est situ\u00e9 dans l&rsquo;avenue Saint Germain \u00e0 Paris.Le b\u00e2timent moderne attire l&rsquo;attention par sa conception sp\u00e9ciale avec des caract\u00e9ristiques arabes et occidentales.Vous trouverez ici toutes les informations utiles sur l&rsquo;Institut du Monde Arabe, notamment son histoire, des faits, des informations sur les billets et les visites&#8230; Pin Que puis-je faire \u00e0 [&hellip;]<\/p>\n","protected":false},"author":11,"featured_media":8719,"parent":68,"menu_order":0,"comment_status":"closed","ping_status":"closed","template":"","meta":{"footnotes":""},"tags":[],"class_list":{"0":"post-8621","1":"page","2":"type-page","3":"status-publish","4":"has-post-thumbnail","5":"hentry","6":"post-wrapper","7":"thrv_wrapper","10":"thrive-animated-item"},"_links":{"self":[{"href":"https:\/\/www.paristouristinformation.fr\/fr\/wp-json\/wp\/v2\/pages\/8621","targetHints":{"allow":["GET"]}}],"collection":[{"href":"https:\/\/www.paristouristinformation.fr\/fr\/wp-json\/wp\/v2\/pages"}],"about":[{"href":"https:\/\/www.paristouristinformation.fr\/fr\/wp-json\/wp\/v2\/types\/page"}],"author":[{"embeddable":true,"href":"https:\/\/www.paristouristinformation.fr\/fr\/wp-json\/wp\/v2\/users\/11"}],"replies":[{"embeddable":true,"href":"https:\/\/www.paristouristinformation.fr\/fr\/wp-json\/wp\/v2\/comments?post=8621"}],"version-history":[{"count":0,"href":"https:\/\/www.paristouristinformation.fr\/fr\/wp-json\/wp\/v2\/pages\/8621\/revisions"}],"up":[{"embeddable":true,"href":"https:\/\/www.paristouristinformation.fr\/fr\/wp-json\/wp\/v2\/pages\/68"}],"wp:featuredmedia":[{"embeddable":true,"href":"https:\/\/www.paristouristinformation.fr\/fr\/wp-json\/wp\/v2\/media\/8719"}],"wp:attachment":[{"href":"https:\/\/www.paristouristinformation.fr\/fr\/wp-json\/wp\/v2\/media?parent=8621"}],"wp:term":[{"taxonomy":"post_tag","embeddable":true,"href":"https:\/\/www.paristouristinformation.fr\/fr\/wp-json\/wp\/v2\/tags?post=8621"}],"curies":[{"name":"wp","href":"https:\/\/api.w.org\/{rel}","templated":true}]}}