{"id":8635,"date":"2021-06-28T07:58:09","date_gmt":"2021-06-28T07:58:09","guid":{"rendered":"http:\/\/paristouristinformation.fr\/fr\/things-to-do\/museum\/clone-of-guide-to-atelier-des-lumieres-in-paris-exhibitions-and-tickets\/"},"modified":"2023-05-16T06:57:26","modified_gmt":"2023-05-16T06:57:26","slug":"grevin","status":"publish","type":"page","link":"https:\/\/www.paristouristinformation.fr\/fr\/choses-a-faire\/musees\/grevin\/","title":{"rendered":"Guide du mus\u00e9e Gr\u00e9vin \u00e0 Paris : Expositions et billets"},"content":{"rendered":"<p>Le mus\u00e9e Gr\u00e9vin est un mus\u00e9e de cire priv\u00e9 situ\u00e9 \u00e0 Paris, dans le 9e arrondissement, sur la rive droite de la Seine.<\/p>\n<p>Pr\u00e9parez-vous \u00e0 d\u00e9couvrir <strong>l&rsquo;un des plus anciens mus\u00e9es de cire du monde<\/strong>. Ce sera un voyage amusant qui plaira aux personnes de tous \u00e2ges.Retrouvez toutes les informations utiles sur les entr\u00e9es, les billets et les expositions ci-dessous !<\/p>\n<h2 id=\"t-1610539832044\">Que puis-je faire au mus\u00e9e Gr\u00e9vin ?<\/h2>\n<p>Fond\u00e9 par Arthur Meyer, le mus\u00e9e tient son nom du c\u00e9l\u00e8bre r\u00e9alisateur Alfred Gr\u00e9vin, qui a r\u00e9alis\u00e9 les premi\u00e8res sculptures en cire.Les visiteurs sont conduits \u00e0 l&rsquo;int\u00e9rieur en groupes. Apr\u00e8s avoir \u00e9t\u00e9 admis dans cette salle en tant que groupe, les portes se ferment et le spectacle commence avec des lumi\u00e8res et un son \u00e9tonnants.Il y a plus de 200 figures de cire r\u00e9alistes de personnes populaires dans diff\u00e9rents domaines, d&rsquo;hier et d&rsquo;aujourd&rsquo;hui. Vous avez la possibilit\u00e9 de prendre des photos avec vos stars, scientifiques ou politiciens pr\u00e9f\u00e9r\u00e9s, tels qu&rsquo;Albert Einstein, Michael Jackson, Mahatma Gandhi ou le pape. Il y a \u00e9galement de nombreuses sc\u00e8nes de l&rsquo;histoire de France, comme Louis XIV \u00e0 Versailles, la capture et la captivit\u00e9 de Louis XVI et de la famille royale ou Joanna de Lorraine en feu.<\/p>\n<p><span><img decoding=\"async\" alt=\"What can I do at Gr\u00e9vin Museum in Paris in France\" data-id=\"9270\" width=\"736\" data-init-width=\"1000\" height=\"493\" data-init-height=\"667\" title=\"What can I do at Gr\u00e9vin Museum in Paris in France\" src=\"http:\/\/paristouristinformation.fr\/fr\/wp-content\/uploads\/2021\/07\/What-can-I-do-at-Grevin-Museum.jpg\" data-width=\"736\" data-height=\"493\" style=\"\" loading=\"lazy\" data-pin-media=\"http:\/\/paristouristinformation.fr\/fr\/wp-content\/uploads\/2021\/03\/prag_50_sehenswuerdigkeiten_pinterest-18.jpg\" data-pin-description=\"Learn details about Atelier des Lumi\u00e8res museum in Paris : Exhibitions, Entrance, Tickets, History and useful information about the place.\" data-pin-url=\"http:\/\/paristouristinformation.fr\/fr\/?page_id=8635&amp;tve=true&amp;tcbf=0ccb1d3258\"><\/span><\/p>\n<ul>\n<li><a rel=\"noreferrer noopener nofollow\" href=\"https:\/\/pinterest.com\/pin\/create\/button\/?url=https:\/\/www.paristouristinformation.fr\/fr\/choses-a-faire\/musees\/grevin\/?tve=true&amp;tcbf=ef9918f519&amp;is_video=false&amp;media=http:\/\/paristouristinformation.fr\/fr\/wp-content\/uploads\/2021\/03\/prag_50_sehenswuerdigkeiten_pinterest-18.jpg&amp;description=Learn%20details%20about%20Atelier%20des%20Lumi%C3%A8res%20museum%20in%20Paris%20%3A%20Exhibitions%2C%20Entrance%2C%20Tickets%2C%20History%20and%20useful%20information%20about%20the%20place.\" onclick=\"essb.window('https:\/\/pinterest.com\/pin\/create\/button\/?url=https:\/\/www.paristouristinformation.fr\/fr\/choses-a-faire\/musees\/grevin\/?tve=true&amp;tcbf=ef9918f519&amp;is_video=false&amp;media=http:\/\/paristouristinformation.fr\/fr\/wp-content\/uploads\/2021\/03\/prag_50_sehenswuerdigkeiten_pinterest-18.jpg&amp;description=Learn%20details%20about%20Atelier%20des%20Lumi%C3%A8res%20museum%20in%20Paris%20%3A%20Exhibitions%2C%20Entrance%2C%20Tickets%2C%20History%20and%20useful%20information%20about%20the%20place.','pinpro','l04aanj2'); return false;\" target=\"_blank\"><span><\/span><span>Pin<\/span><\/a><\/li>\n<\/ul>\n<h2 id=\"t-1610539832045\">Entr\u00e9es, billets et visites<\/h2>\n<p>Il est fortement recommand\u00e9 d&rsquo;acheter les billets \u00e0 l&rsquo;avance pour gagner du temps. Le Mus\u00e9e Gr\u00e9vin est gratuit pour les d\u00e9tenteurs du Paris Pass.Le Mus\u00e9e Gr\u00e9vin est ouvert tous les jours :<\/p>\n<ul>\n<li>Du lundi au vendredi : de 10 h \u00e0 18 h 30.<\/li>\n<li>Week-end, jours f\u00e9ri\u00e9s et vacances scolaires : de 10h \u00e0 19h<\/li>\n<\/ul>\n<ul>\n<li><span><strong>Billets : <a href=\"https:\/\/www.tiqets.com\/en\/paris-attractions-c66746\/tickets-for-grevin-wax-museum-p974024\/?partner=checkfortrip\" target=\"_blank\" style=\"outline: none;\" rel=\"noopener nofollow\"><strong>Billetterie en ligne pour Mus\u00e9e Gr\u00e9vin<\/strong><\/a><\/strong>Vous pouvez pr\u00e9senter vos billets avec votre smartphone sur le site.<\/span><\/li>\n<\/ul>\n<ul>\n<li style=\"\"><span style=\"\">Conseil : Pour gagner du temps, \u00e9conomiser de l&rsquo;argent et \u00e9viter les tracas, vous pouvez pr\u00e9parer votre voyage en achetant \u00e0 l&rsquo;avance tous les billets en ligne dont vous avez besoin dans notre <a href=\"https:\/\/paristouristinformation.fr\/fr\/visites-guidees-et-billets\/\" style=\"outline: none;\">Paris Tickets Shop officiel.<\/a><\/span><\/li>\n<\/ul>\n<p>__CONFIG_colors_palette__{\u00ab\u00a0active_palette\u00a0\u00bb:0,\u00a0\u00bbconfig\u00a0\u00bb:{\u00ab\u00a0colors\u00a0\u00bb:{\u00ab\u00a0f8570\u00a0\u00bb:{\u00ab\u00a0name\u00a0\u00bb:\u00a0\u00bbMain Accent\u00a0\u00bb,\u00a0\u00bbparent\u00a0\u00bb:-1}},\u00a0\u00bbgradients\u00a0\u00bb:[]},\u00a0\u00bbpalettes\u00a0\u00bb:[{\u00ab\u00a0name\u00a0\u00bb:\u00a0\u00bbDefault Palette\u00a0\u00bb,\u00a0\u00bbvalue\u00a0\u00bb:{\u00ab\u00a0colors\u00a0\u00bb:{\u00ab\u00a0f8570\u00a0\u00bb:{\u00ab\u00a0val\u00a0\u00bb:\u00a0\u00bbvar(&#8211;tcb-skin-color-0)\u00a0\u00bb}},\u00a0\u00bbgradients\u00a0\u00bb:[]},\u00a0\u00bboriginal\u00a0\u00bb:{\u00ab\u00a0colors\u00a0\u00bb:{\u00ab\u00a0f8570\u00a0\u00bb:{\u00ab\u00a0val\u00a0\u00bb:\u00a0\u00bbrgb(19, 114, 211)\u00a0\u00bb,\u00a0\u00bbhsl\u00a0\u00bb:{\u00ab\u00a0h\u00a0\u00bb:210,\u00a0\u00bbs\u00a0\u00bb:0.83,\u00a0\u00bbl\u00a0\u00bb:0.45}}},\u00a0\u00bbgradients\u00a0\u00bb:[]}}]}__CONFIG_colors_palette__ <a href=\"https:\/\/paristouristinformation.fr\/fr\/visites-guidees-et-billets\/\"> <span><span style=\"\">Acc\u00e9der au Paris Tickets Shop<\/span><\/span> <\/a><\/p>\n<h2 id=\"t-1610539832046\">Comment se rendre au Mus\u00e9e Gr\u00e9vin<\/h2>\n<ul>\n<li><strong>M\u00e9tro :<\/strong> station \u00ab\u00a0Grands Boulevards\u00a0\u00bb sur les lignes 8 et 9 du m\u00e9tro.<strong><\/strong><\/li>\n<li><strong>Bus :<\/strong> Lignes 20, 39, 48, 67, 74 et 85.<\/li>\n<\/ul>\n<div class=\"tcb-post-list tve-content-list empty-list thrv_wrapper\" data-type=\"grid\" data-pagination-type=\"none\" data-pages_near_current=\"2\" data-css=\"tve-u-60d981118d8cc2\" data-total_post_count=\"0\" data-total_sticky_count=\"0\" data-no_posts_text=\"There are no posts to display.\"><article id=\"post-8635\" class=\"post-8635 page type-page status-publish has-post-thumbnail hentry post-wrapper thrv_wrapper thrive-animated-item \" tcb_hover_state_parent=\"\" shortcode=\"tcb_post_list\" data-id=\"8635\" data-selector=\".post-wrapper\"><style class=\"tcb-post-list-dynamic-style\" type=\"text\/css\"><\/style><\/p>\n<h3 style=\"\"><span data-attr-link=\"1\" data-attr-rel=\"0\" data-attr-target=\"0\" data-extra_key=\"\" data-option-inline=\"1\" data-shortcode=\"tcb_post_title\" data-shortcode-name=\"Post title\" data-attr-css=\"\" style=\"\" data-attr-static-link=\"{&quot;className&quot;:&quot;tve-froala fr-basic&quot;,&quot;href&quot;:&quot;#&quot;,&quot;title&quot;:&quot;Guide du mus\u00e9e Gr\u00e9vin \u00e0 Paris : Expositions et billets&quot;,&quot;class&quot;:&quot;tve-froala fr-basic&quot;}\"><a href=\"https:\/\/www.paristouristinformation.fr\/fr\/choses-a-faire\/musees\/grevin\/\" title=\"Guide du mus\u00e9e Gr\u00e9vin \u00e0 Paris : Expositions et billets\" data-css=\"\" class=\"tve-froala fr-basic\">Guide du mus\u00e9e Gr\u00e9vin \u00e0 Paris : Expositions et billets<\/a><\/span><\/h3>\n<p><\/article><\/div>\n<h2 id=\"t-1610539832048\">Histoire du Mus\u00e9e Gr\u00e9vin<\/h2>\n<p><span><img decoding=\"async\" alt=\"History of the Gr\u00e9vin Museum in Paris in France\" data-id=\"9271\" width=\"736\" data-init-width=\"1000\" height=\"493\" data-init-height=\"667\" title=\"History of the Gr\u00e9vin Museum in Paris in France\" loading=\"lazy\" src=\"http:\/\/paristouristinformation.fr\/fr\/wp-content\/uploads\/2021\/07\/History-of-the-Grevin-Museum.jpg\" data-width=\"736\" data-height=\"493\" style=\"\" data-pin-media=\"http:\/\/paristouristinformation.fr\/fr\/wp-content\/uploads\/2021\/03\/prag_50_sehenswuerdigkeiten_pinterest-18.jpg\" data-pin-description=\"Learn details about Atelier des Lumi\u00e8res museum in Paris : Exhibitions, Entrance, Tickets, History and useful information about the place.\" data-pin-url=\"http:\/\/paristouristinformation.fr\/fr\/?page_id=8635&amp;tve=true&amp;tcbf=0ccb1d3258\"><\/span><\/p>\n<ul>\n<li><a rel=\"noreferrer noopener nofollow\" href=\"https:\/\/pinterest.com\/pin\/create\/button\/?url=https:\/\/www.paristouristinformation.fr\/fr\/choses-a-faire\/musees\/grevin\/?tve=true&amp;tcbf=ef9918f519&amp;is_video=false&amp;media=http:\/\/paristouristinformation.fr\/fr\/wp-content\/uploads\/2021\/03\/prag_50_sehenswuerdigkeiten_pinterest-18.jpg&amp;description=Learn%20details%20about%20Atelier%20des%20Lumi%C3%A8res%20museum%20in%20Paris%20%3A%20Exhibitions%2C%20Entrance%2C%20Tickets%2C%20History%20and%20useful%20information%20about%20the%20place.\" onclick=\"essb.window(&#039;https:\/\/pinterest.com\/pin\/create\/button\/?url=https:\/\/www.paristouristinformation.fr\/fr\/choses-a-faire\/musees\/grevin\/?tve=true&amp;tcbf=ef9918f519&amp;is_video=false&amp;media=http:\/\/paristouristinformation.fr\/fr\/wp-content\/uploads\/2021\/03\/prag_50_sehenswuerdigkeiten_pinterest-18.jpg&amp;description=Learn%20details%20about%20Atelier%20des%20Lumi%C3%A8res%20museum%20in%20Paris%20%3A%20Exhibitions%2C%20Entrance%2C%20Tickets%2C%20History%20and%20useful%20information%20about%20the%20place.&#039;,&#039;pinpro&#039;,&#039;l04aanj7&#039;); return false;\" target=\"_blank\"><span><\/span><span>Pin<\/span><\/a><\/li>\n<\/ul>\n<p>Le mus\u00e9e a \u00e9t\u00e9 fond\u00e9 en 1882 par le journaliste Arthur Meyer comme l&rsquo;un des plus anciens mus\u00e9es de cire d&rsquo;Europe. Il a \u00e9t\u00e9 baptis\u00e9 du nom de son premier directeur artistique, le caricaturiste Alfred Gr\u00e9ven. Le mus\u00e9e Gr\u00e9vin poss\u00e8de deux autres branches \u00e0 Montr\u00e9al et \u00e0 S\u00e9oul.<\/p>\n<h2 id=\"t-1610539832050\">FAQ (Foire aux questions)<\/h2>\n<h2 id=\"t-1610539832049\" style=\"\" data-alt-text=\"Contact\">Contact et plan d&rsquo;acc\u00e8s<\/h2>\n<ul>\n<li><span style=\"\"><strong>Adresse :&nbsp;<\/strong>10 Boulevard Montmartre, 75009 Paris<\/span><\/li>\n<li><span style=\"\"><strong>Heures d&rsquo;ouverture :<\/strong> Vous pouvez consulter les derni\u00e8res mises \u00e0 jour des heures d&rsquo;ouverture sur le site officiel du mus\u00e9e.<\/span><\/li>\n<li><span style=\"\"><strong>Transports en commun :<\/strong> M\u00e9tro : station \u00ab\u00a0Grands Boulevards\u00a0\u00bb sur les lignes 8 et 9 du m\u00e9tro.<\/span><\/li>\n<li style=\"\"><span style=\"\"><strong>Site web :&nbsp;<\/strong><a href=\"https:\/\/www.atelier-lumieres.com\" target=\"_blank\" style=\"outline: none;\" rel=\"noopener nofollow\">www.grevin-paris.com\/enom<\/a><\/span><\/li>\n<\/ul>\n<p>__CONFIG_colors_palette__{\u00ab\u00a0active_palette\u00a0\u00bb:0,\u00a0\u00bbconfig\u00a0\u00bb:{\u00ab\u00a0colors\u00a0\u00bb:{\u00ab\u00a050ce5\u00a0\u00bb:{\u00ab\u00a0name\u00a0\u00bb:\u00a0\u00bbMain Accent\u00a0\u00bb,\u00a0\u00bbparent\u00a0\u00bb:-1}},\u00a0\u00bbgradients\u00a0\u00bb:[]},\u00a0\u00bbpalettes\u00a0\u00bb:[{\u00ab\u00a0name\u00a0\u00bb:\u00a0\u00bbDefault Palette\u00a0\u00bb,\u00a0\u00bbvalue\u00a0\u00bb:{\u00ab\u00a0colors\u00a0\u00bb:{\u00ab\u00a050ce5\u00a0\u00bb:{\u00ab\u00a0val\u00a0\u00bb:\u00a0\u00bbvar(&#8211;tcb-skin-color-0)\u00a0\u00bb}},\u00a0\u00bbgradients\u00a0\u00bb:[]},\u00a0\u00bboriginal\u00a0\u00bb:{\u00ab\u00a0colors\u00a0\u00bb:{\u00ab\u00a050ce5\u00a0\u00bb:{\u00ab\u00a0val\u00a0\u00bb:\u00a0\u00bbrgb(19, 114, 211)\u00a0\u00bb,\u00a0\u00bbhsl\u00a0\u00bb:{\u00ab\u00a0h\u00a0\u00bb:210,\u00a0\u00bbs\u00a0\u00bb:0.83,\u00a0\u00bbl\u00a0\u00bb:0.45,\u00a0\u00bba\u00a0\u00bb:1}}},\u00a0\u00bbgradients\u00a0\u00bb:[]}}]}__CONFIG_colors_palette__ <a href=\"https:\/\/paristouristinformation.fr\/fr\/choses-a-faire\/musees\/\"> <span><span>Autres mus\u00e9es \u00e0 visiter \u00e0 Paris<\/span><\/span> <\/a><\/p>\n<h2 style=\"\">Articles connexes :<\/h2>\n<div class=\"tcb-post-list tve-content-list thrv_wrapper\" data-type=\"grid\" data-pagination-type=\"none\" data-pages_near_current=\"2\" data-css=\"tve-u-17dddc08156\" data-total_post_count=\"3\" data-total_sticky_count=\"0\" data-no_posts_text=\"There are no posts to display.\"><article id=\"post-4282\" class=\"post-4282 page type-page status-publish has-post-thumbnail hentry post-wrapper thrv_wrapper thrive-animated-item  tve_evt_manager_listen tve_ea_thrive_animation tve_et_mouseover tve_anim_grow\" tcb_hover_state_parent=\"\" class=\"tve_evt_manager_listen tve_ea_thrive_animation tve_et_mouseover tve_anim_grow\" data-id=\"4282\" data-selector=\".post-wrapper\"><style class=\"tcb-post-list-dynamic-style\" type=\"text\/css\">@media (min-width: 300px){[].tcb-post-list #post-4282 []{background-image: url(\u00ab\u00a0https:\/\/www.paristouristinformation.fr\/fr\/wp-content\/uploads\/2020\/12\/Rainy-day-in-Paris-in-France-1024x538.jpg\u00ab\u00a0) !important;}[].tcb-post-list #post-4282 []:hover []{background-image: url(\u00ab\u00a0https:\/\/www.paristouristinformation.fr\/fr\/wp-content\/uploads\/2020\/12\/Rainy-day-in-Paris-in-France-1024x538.jpg\u00ab\u00a0) !important;}}<\/style><a href=\"https:\/\/www.paristouristinformation.fr\/fr\/choses-a-faire\/sous-la-pluie\/\" dynamic-postlink=\"tcb_post_the_permalink\" data-shortcode-id=\"56\"><\/a><\/p>\n<h3 style=\"text-align: center; padding-top: 0px !important; margin-top: 0px !important;\"><span data-attr-link=\"1\" data-attr-rel=\"0\" data-attr-target=\"0\" data-extra_key=\"\" data-option-inline=\"1\" data-shortcode=\"tcb_post_title\" data-shortcode-name=\"Post title\" data-attr-css=\"\" data-attr-static-link=\"{&quot;className&quot;:&quot;tve-froala fr-basic&quot;,&quot;href&quot;:&quot;https:\/\/www.paristouristinformation.fr\/fr\/choses-a-faire\/&quot;,&quot;title&quot;:&quot;100 Choses \u00e0 Faire \u00e0 Paris&quot;,&quot;class&quot;:&quot;tve-froala fr-basic&quot;}\" style=\"\"><a href=\"https:\/\/www.paristouristinformation.fr\/fr\/choses-a-faire\/sous-la-pluie\/\" title=\"15 Choses \u00e0 faire lorsqu\u2019il pleut \u00e0 Paris [avec carte]\" data-css=\"\" class=\"tve-froala fr-basic\">15 Choses \u00e0 faire lorsqu\u2019il pleut \u00e0 Paris [avec carte]<\/a><\/span><\/h3>\n<p><\/article><article id=\"post-2930\" class=\"post-2930 page type-page status-publish has-post-thumbnail hentry post-wrapper thrv_wrapper thrive-animated-item  tve_evt_manager_listen tve_ea_thrive_animation tve_et_mouseover tve_anim_grow\" tcb_hover_state_parent=\"\" class=\"tve_evt_manager_listen tve_ea_thrive_animation tve_et_mouseover tve_anim_grow\" data-id=\"2930\" data-selector=\".post-wrapper\"><style class=\"tcb-post-list-dynamic-style\" type=\"text\/css\">@media (min-width: 300px){[].tcb-post-list #post-2930 []{background-image: url(\u00ab\u00a0https:\/\/www.paristouristinformation.fr\/fr\/wp-content\/uploads\/2021\/01\/15-Best-Attractions-in-Paris-in-France-1024x538.jpg\u00ab\u00a0) !important;}[].tcb-post-list #post-2930 []:hover []{background-image: url(\u00ab\u00a0https:\/\/www.paristouristinformation.fr\/fr\/wp-content\/uploads\/2021\/01\/15-Best-Attractions-in-Paris-in-France-1024x538.jpg\u00ab\u00a0) !important;}}<\/style><a href=\"https:\/\/www.paristouristinformation.fr\/fr\/choses-a-faire\/attractions\/\" dynamic-postlink=\"tcb_post_the_permalink\" data-shortcode-id=\"56\"><\/a><\/p>\n<h3 style=\"text-align: center; padding-top: 0px !important; margin-top: 0px !important;\"><span data-attr-link=\"1\" data-attr-rel=\"0\" data-attr-target=\"0\" data-extra_key=\"\" data-option-inline=\"1\" data-shortcode=\"tcb_post_title\" data-shortcode-name=\"Post title\" data-attr-css=\"\" data-attr-static-link=\"{&quot;className&quot;:&quot;tve-froala fr-basic&quot;,&quot;href&quot;:&quot;https:\/\/www.paristouristinformation.fr\/fr\/choses-a-faire\/&quot;,&quot;title&quot;:&quot;100 Choses \u00e0 Faire \u00e0 Paris&quot;,&quot;class&quot;:&quot;tve-froala fr-basic&quot;}\" style=\"\"><a href=\"https:\/\/www.paristouristinformation.fr\/fr\/choses-a-faire\/attractions\/\" title=\"15 Attractions les mieux cot\u00e9es de Paris\" data-css=\"\" class=\"tve-froala fr-basic\">15 Attractions les mieux cot\u00e9es de Paris<\/a><\/span><\/h3>\n<p><\/article><article id=\"post-78\" class=\"post-78 page type-page status-publish has-post-thumbnail hentry post-wrapper thrv_wrapper thrive-animated-item  tve_evt_manager_listen tve_ea_thrive_animation tve_et_mouseover tve_anim_grow\" tcb_hover_state_parent=\"\" class=\"tve_evt_manager_listen tve_ea_thrive_animation tve_et_mouseover tve_anim_grow\" data-id=\"78\" data-selector=\".post-wrapper\"><style class=\"tcb-post-list-dynamic-style\" type=\"text\/css\">@media (min-width: 300px){[].tcb-post-list #post-78 []{background-image: url(\u00ab\u00a0https:\/\/www.paristouristinformation.fr\/fr\/wp-content\/uploads\/2021\/01\/27-Things-to-do-with-Kids-in-Paris-in-France-1024x538.jpg\u00ab\u00a0) !important;}[].tcb-post-list #post-78 []:hover []{background-image: url(\u00ab\u00a0https:\/\/www.paristouristinformation.fr\/fr\/wp-content\/uploads\/2021\/01\/27-Things-to-do-with-Kids-in-Paris-in-France-1024x538.jpg\u00ab\u00a0) !important;}}<\/style><a href=\"https:\/\/www.paristouristinformation.fr\/fr\/choses-a-faire\/avec-des-enfants\/\" dynamic-postlink=\"tcb_post_the_permalink\" data-shortcode-id=\"56\"><\/a><\/p>\n<h3 style=\"text-align: center; padding-top: 0px !important; margin-top: 0px !important;\"><span data-attr-link=\"1\" data-attr-rel=\"0\" data-attr-target=\"0\" data-extra_key=\"\" data-option-inline=\"1\" data-shortcode=\"tcb_post_title\" data-shortcode-name=\"Post title\" data-attr-css=\"\" data-attr-static-link=\"{&quot;className&quot;:&quot;tve-froala fr-basic&quot;,&quot;href&quot;:&quot;https:\/\/www.paristouristinformation.fr\/fr\/choses-a-faire\/&quot;,&quot;title&quot;:&quot;100 Choses \u00e0 Faire \u00e0 Paris&quot;,&quot;class&quot;:&quot;tve-froala fr-basic&quot;}\" style=\"\"><a href=\"https:\/\/www.paristouristinformation.fr\/fr\/choses-a-faire\/avec-des-enfants\/\" title=\"27 Choses \u00e0 faire avec des enfants \u00e0 Paris\" data-css=\"\" class=\"tve-froala fr-basic\">27 Choses \u00e0 faire avec des enfants \u00e0 Paris<\/a><\/span><\/h3>\n<p><\/article><\/div>\n","protected":false},"excerpt":{"rendered":"<p>Le mus\u00e9e Gr\u00e9vin est un mus\u00e9e de cire priv\u00e9 situ\u00e9 \u00e0 Paris, dans le 9e arrondissement, sur la rive droite de la Seine. Pr\u00e9parez-vous \u00e0 d\u00e9couvrir l&rsquo;un des plus anciens mus\u00e9es de cire du monde. Ce sera un voyage amusant qui plaira aux personnes de tous \u00e2ges.Retrouvez toutes les informations utiles sur les entr\u00e9es, les [&hellip;]<\/p>\n","protected":false},"author":11,"featured_media":9268,"parent":68,"menu_order":0,"comment_status":"closed","ping_status":"closed","template":"","meta":{"footnotes":""},"tags":[],"class_list":{"0":"post-8635","1":"page","2":"type-page","3":"status-publish","4":"has-post-thumbnail","5":"hentry","6":"post-wrapper","7":"thrv_wrapper","10":"thrive-animated-item"},"_links":{"self":[{"href":"https:\/\/www.paristouristinformation.fr\/fr\/wp-json\/wp\/v2\/pages\/8635","targetHints":{"allow":["GET"]}}],"collection":[{"href":"https:\/\/www.paristouristinformation.fr\/fr\/wp-json\/wp\/v2\/pages"}],"about":[{"href":"https:\/\/www.paristouristinformation.fr\/fr\/wp-json\/wp\/v2\/types\/page"}],"author":[{"embeddable":true,"href":"https:\/\/www.paristouristinformation.fr\/fr\/wp-json\/wp\/v2\/users\/11"}],"replies":[{"embeddable":true,"href":"https:\/\/www.paristouristinformation.fr\/fr\/wp-json\/wp\/v2\/comments?post=8635"}],"version-history":[{"count":0,"href":"https:\/\/www.paristouristinformation.fr\/fr\/wp-json\/wp\/v2\/pages\/8635\/revisions"}],"up":[{"embeddable":true,"href":"https:\/\/www.paristouristinformation.fr\/fr\/wp-json\/wp\/v2\/pages\/68"}],"wp:featuredmedia":[{"embeddable":true,"href":"https:\/\/www.paristouristinformation.fr\/fr\/wp-json\/wp\/v2\/media\/9268"}],"wp:attachment":[{"href":"https:\/\/www.paristouristinformation.fr\/fr\/wp-json\/wp\/v2\/media?parent=8635"}],"wp:term":[{"taxonomy":"post_tag","embeddable":true,"href":"https:\/\/www.paristouristinformation.fr\/fr\/wp-json\/wp\/v2\/tags?post=8635"}],"curies":[{"name":"wp","href":"https:\/\/api.w.org\/{rel}","templated":true}]}}